{"id":16630,"date":"2024-10-31T00:06:27","date_gmt":"2024-10-30T21:06:27","guid":{"rendered":"https:\/\/dolphinfix.com.tr\/eticaret?post_type=product&#038;p=16630"},"modified":"2026-03-12T12:22:25","modified_gmt":"2026-03-12T09:22:25","slug":"drz-400-polisulfit-derz-dolgu","status":"publish","type":"product","link":"https:\/\/dolphinfix.com.tr\/eticaret\/urun\/drz-400-polisulfit-derz-dolgu\/","title":{"rendered":"DERZ AKI\u015eKAN DRZ 400 &#8211; YATAY D\u0130LATASYON DERZ DOLGU"},"content":{"rendered":"<h3><span style=\"color: #c61016;\">\u00dcR\u00dcN B\u0130LG\u0130LER\u0130 ;<\/span><\/h3>\n<p><span style=\"color: #000000;\"><strong>TANIMI :<\/strong> AKISKAN \u2013 DRZ 400 Polis\u00fclfit ve katran esasl\u0131, iki bilesenli, tam elastik, yatay derzlerde, \u00f6zellikle dilatasyonlarda soguk uygulanan derz dolgu macunudur.<\/span><\/p>\n<p><strong><span style=\"color: #000000;\">KULLANIM ALANLARI;<\/span><\/strong><br \/>\n<span style=\"color: #000000;\">\u2022Her t\u00fcrl\u00fc yap\u0131lar\u0131n hareketli derzlerinde,<\/span><br \/>\n<span style=\"color: #000000;\">\u2022Konutlar\u0131n kap\u0131, pencere kenarlar\u0131nda,<\/span><br \/>\n<span style=\"color: #000000;\">\u2022Istinat duvarlar\u0131nda, t\u00fcnellerde, k\u00f6pr\u00fclerde,<\/span><br \/>\n<span style=\"color: #000000;\">\u2022Prefabrike elemanlar\u0131n derzlerinde,<\/span><br \/>\n<span style=\"color: #000000;\">\u2022Teras d\u00f6semelerinde, parapet kenarlar\u0131nda,<\/span><br \/>\n<span style=\"color: #000000;\">\u2022Hava alanlar\u0131, apron ve hangarlarda,<\/span><br \/>\n<span style=\"color: #000000;\">\u2022Su ve ar\u0131tma tesislerinde,<\/span><br \/>\n<span style=\"color: #000000;\">\u2022Akaryak\u0131t tesislerinde<\/span><br \/>\n<span style=\"color: #000000;\">\u2022Sulu asit, kostik tanklar\u0131 ve mahallerinde,<\/span><br \/>\n<span style=\"color: #000000;\">\u2022Gemi ve u\u00e7ak sanayinde,<\/span><br \/>\n<span style=\"color: #000000;\">\u2022Otomotiv sanayinde kullan\u0131l\u0131r.<\/span><\/p>\n<p><strong><span style=\"color: #000000;\">\u00dcR\u00dcN \u00d6ZELL\u0130KLER\u0130;<\/span><\/strong><br \/>\n<span style=\"color: #000000;\">\u2022Su ge\u00e7irmemesi istenilen yatay derzlere uygulan\u0131r.<\/span><br \/>\n<span style=\"color: #000000;\">\u2022Akaryak\u0131t, yag ve kimyasal maddelere, sulu asit, kostige dayan\u0131kl\u0131d\u0131r.<\/span><br \/>\n<span style=\"color: #000000;\">\u2022UV\u2019ye dayan\u0131ml\u0131d\u0131r.<\/span><br \/>\n<span style=\"color: #000000;\">\u2022Betona m\u00fckemmel yap\u0131s\u0131r,<\/span><br \/>\n<span style=\"color: #000000;\">\u2022Tam elastiktir.<\/span><br \/>\n<span style=\"color: #000000;\">\u2022Uzun \u00f6m\u00fcrl\u00fcd\u00fcr.<\/span><\/p>\n<p><strong><span style=\"color: #000000;\">UYGULAMA Y\u00d6NTEM\u0130;<\/span><\/strong><br \/>\n<span style=\"color: #000000;\">Y\u00fczey Haz\u0131rl\u0131\u011f\u0131 : Uygulama yap\u0131lacak y\u00fczeylerinin saglam, tozsuz ve temiz olmas\u0131na dikkat edilmelidir. Y\u00fczey, aderans\u0131 zay\u0131flatacak her t\u00fcrl\u00fc yag, pas, gres ve parafin kal\u0131nt\u0131lar\u0131ndan iyice temizlenmelidir. Uygulama yap\u0131lacak alanda su ak\u0131nt\u0131s\u0131 varsa drene edilmeli veya uygun bir t\u0131ka\u00e7 ile kapat\u0131lmal\u0131d\u0131r.<\/span><br \/>\n<span style=\"color: #000000;\">Kar\u0131st\u0131rma : B bileseni A bilesene ilave ettikten sonra d\u00fcs\u00fck devirli bir kar\u0131st\u0131r\u0131c\u0131 ile ( max. 400 dv.\/dk.) homojen bir kar\u0131s\u0131m elde edene kadar 2-3 dk. kar\u0131st\u0131r\u0131n\u0131z.<\/span><br \/>\n<span style=\"color: #000000;\">Uygulama : AKISKAN \u2013 DRZ 400 uygulamas\u0131ndan \u00f6nce, derz kenarlar\u0131na PUR 200 s\u00fcr\u00fclmesi tavsiye edilir. Ancak \u00e7ok iyi temizlenmis y\u00fczeylerde astar ihtiya\u00e7 duyulmayabilir. PUR 200 astar uygulamas\u0131n\u0131n \u00fczerinden eger 2-3 saatten fazla ge\u00e7mis ise tekrar PUR 200 astar uygulanmal\u0131d\u0131r. PUR 200 astar uygulamas\u0131ndan 25-30 dakika sonra DRZ 401 doldurma islemine baslan\u0131r. Haz\u0131rlanm\u0131s olan ak\u0131c\u0131 k\u0131vamdaki macun, DRZ 401 derze uygun bir kap vas\u0131tas\u0131yla ak\u0131t\u0131l\u0131r veya emme basma \u00f6zel tabancas\u0131 ile derze doldurulur. DRZ 401, d\u00fcs\u00fck viskozitede oldugu i\u00e7in, derzde kendi kendine tesviye olur. Uygulama 5\u00b0 C alt\u0131nda olmas\u0131 halinde uygulanmaz. Uygulama s\u0131ras\u0131nda koruyucu eldiven kullan\u0131n\u0131z. D\u00fcs\u00fck s\u0131cakl\u0131larda sertlesme yavaslar, y\u00fcksek s\u0131cakl\u0131klarda sertlesme h\u0131zlan\u0131r. A ve B bilesenleri belirtilen miktardan az kullanmay\u0131n\u0131z.<\/span><\/p>\n<p><span style=\"color: #000000;\"><strong>ALETLERIN TEM\u0130ZLENMES\u0130 :<\/strong> Uygulamadan sonra kullan\u0131lan alet ve ekipmanlar su ile temizlenmelidir. AKISKAN \u2013 DRZ 400, sertlestikten sonra ancak mekanik olarak y\u00fczeyden temizlenebilir.<\/span><\/p>\n<p><span style=\"color: #000000;\"><strong>AMBALAJ :<\/strong> A Kompenant: 30 Kg Teneke B Kompenant : 3 Kg Teneke<\/span><\/p>\n<p><strong><span style=\"color: #000000;\">SARF\u0130YAT ;<\/span><\/strong><\/p>\n<p><span style=\"color: #000000;\">Derz Geni\u015fli\u011fi (cm)\u00a0 : 0,5 \u2013 1 cm\u00a0 \/\u00a0 Derz Derinli\u011fi (cm) : 0,5 \u2013 1 cm\u00a0 \u00a0 \u00a0 \u00a0 \u00a0\/ Yakla\u015f\u0131k Sarfiyat (Kg) : 0,040 \u2013 0,150 Kg<\/span><\/p>\n<p><span style=\"color: #000000;\">Derz Geni\u015fli\u011fi (cm)\u00a0 : 1 \u2013 2 cm\u00a0 \u00a0 \u00a0\/\u00a0 Derz Derinli\u011fi (cm) : 1 \u2013 1 cm\u00a0 \u00a0 \u00a0 \u00a0 \u00a0 \u00a0 \u00a0\/\u00a0 Yakla\u015f\u0131k Sarfiyat (Kg) : 0,150 \u2013 0,300 Kg<\/span><\/p>\n<p><span style=\"color: #000000;\">Derz Geni\u015fli\u011fi (cm)\u00a0 : 2,5 \u2013 5 cm \/ Derz Derinli\u011fi (cm) : 1,25 \u2013 2,50 cm\u00a0 \/\u00a0 Yakla\u015f\u0131k Sarfiyat (Kg) : 0,450 \u2013 1,800 Kg<\/span><\/p>\n<p><span style=\"color: #000000;\">RAF \u00d6MR\u00dc: Uygun depolama kosullar\u0131nda \u00fcretim tarihinden itibaren 12 ayd\u0131r.<\/span><\/p>\n<p><span style=\"color: #000000;\"><em>\u00dcr\u00fcn Teknik \u00f6zellikleri ve di\u011fer bilgiler i\u00e7in tds belgesini indirmenizi rica ederiz.<\/em><\/span><\/p>\n<p><span style=\"color: #800080;\"><strong>Not:Set \u00dcr\u00fcnlerinden setin herhangi bir par\u00e7a \u00fcr\u00fcn sat\u0131n almak istemeniz halinde whatsapp hatt\u0131ndan k\u0131sa yola t\u0131klayarak ula\u015fabilirsiniz.<\/strong><\/span><\/p>\n","protected":false},"excerpt":{"rendered":"<p><span style=\"color: #000000;\"><a style=\"color: #000000;\" href=\"https:\/\/dolphinfix.com.tr\/eticaret\/wp-content\/uploads\/2025\/04\/AKISKAN-\u2013-DRZ-400-TDS.pdf\" target=\"_blank\" rel=\"noopener\">TDS Belgesini \u0130ndirmek \u0130\u00e7in T\u0131klay\u0131n\u0131z<br \/>\n<\/a><\/span><span style=\"color: #000000;\"><a style=\"color: #000000;\" href=\"#\" target=\"_blank\" rel=\"noopener\">CE Belgesini \u0130ndirmek \u0130\u00e7in T\u0131klay\u0131n\u0131z<\/a><\/span><\/p>\n","protected":false},"featured_media":16632,"comment_status":"open","ping_status":"closed","template":"","meta":{"_joinchat":[]},"product_cat":[105,83],"product_tag":[1077,1084,1078,1075,1073,1082,1076,675,1080,788,1083,1081,662,1074,1079],"class_list":{"0":"post-16630","1":"product","2":"type-product","3":"status-publish","4":"has-post-thumbnail","6":"product_cat-dilatasyon-ve-soguk-derz","7":"product_cat-su-yalitim-cozumleri","8":"product_tag-beton-derz-dolgu","9":"product_tag-beton-derz-tamiri","10":"product_tag-dayanikli-derz-malzemesi","11":"product_tag-derz-dolgusu","12":"product_tag-dilatasyon-derz-dolgu","13":"product_tag-elastomerik-derz-dolgusu","14":"product_tag-esnek-derz-dolgu","15":"product_tag-insaat-malzemesi","16":"product_tag-kolay-uygulanabilir-derz-dolgu","17":"product_tag-profesyonel-uygulama","18":"product_tag-su-yalitim-derz-malzemesi","19":"product_tag-yapi-derz-dolgu","20":"product_tag-yapi-malzemeleri","21":"product_tag-yatay-derz-dolgu","22":"product_tag-yuksek-performansli-derz-dolgu","24":"first","25":"instock","26":"taxable","27":"shipping-taxable","28":"purchasable","29":"product-type-variable"},"yoast_head":"<!-- This site is optimized with the Yoast SEO Premium plugin v20.2.1 (Yoast SEO v20.2.1) - https:\/\/yoast.com\/wordpress\/plugins\/seo\/ -->\n<title>Polis\u00fclfit Derz Dolgu Macunu DRZ 400 | Dilatasyon ve Yatay Derz Yal\u0131t\u0131m\u0131<\/title>\n<meta name=\"description\" content=\"DRZ 400 polis\u00fclfit esasl\u0131, iki bile\u015fenli, tam elastik derz dolgu macunudur. Dilatasyon derzleri, akaryak\u0131t tesisleri ve kimyasal dayan\u0131m gerektiren yatay derzlerde g\u00fcvenle kullan\u0131l\u0131r.\" \/>\n<meta name=\"robots\" content=\"index, follow, max-snippet:-1, max-image-preview:large, max-video-preview:-1\" \/>\n<link rel=\"canonical\" href=\"https:\/\/dolphinfix.com.tr\/eticaret\/urun\/drz-400-polisulfit-derz-dolgu\/\" \/>\n<meta property=\"og:locale\" content=\"tr_TR\" \/>\n<meta property=\"og:type\" content=\"article\" \/>\n<meta property=\"og:title\" content=\"DERZ AKI\u015eKAN DRZ 400 - YATAY D\u0130LATASYON DERZ DOLGU\" \/>\n<meta property=\"og:description\" content=\"DRZ 400 polis\u00fclfit esasl\u0131, iki bile\u015fenli, tam elastik derz dolgu macunudur. Dilatasyon derzleri, akaryak\u0131t tesisleri ve kimyasal dayan\u0131m gerektiren yatay derzlerde g\u00fcvenle kullan\u0131l\u0131r.\" \/>\n<meta property=\"og:url\" content=\"https:\/\/dolphinfix.com.tr\/eticaret\/urun\/drz-400-polisulfit-derz-dolgu\/\" \/>\n<meta property=\"og:site_name\" content=\"Dolphinfix\" \/>\n<meta property=\"article:modified_time\" content=\"2026-03-12T09:22:25+00:00\" \/>\n<meta property=\"og:image\" content=\"https:\/\/dolphinfix.com.tr\/eticaret\/wp-content\/uploads\/2024\/10\/400.png\" \/>\n\t<meta property=\"og:image:width\" content=\"1000\" \/>\n\t<meta property=\"og:image:height\" content=\"1000\" \/>\n\t<meta property=\"og:image:type\" content=\"image\/png\" \/>\n<meta name=\"twitter:card\" content=\"summary_large_image\" \/>\n<meta name=\"twitter:label1\" content=\"Tahmini okuma s\u00fcresi\" \/>\n\t<meta name=\"twitter:data1\" content=\"3 dakika\" \/>\n<script type=\"application\/ld+json\" class=\"yoast-schema-graph\">{\"@context\":\"https:\/\/schema.org\",\"@graph\":[{\"@type\":\"WebPage\",\"@id\":\"https:\/\/dolphinfix.com.tr\/eticaret\/urun\/drz-400-polisulfit-derz-dolgu\/\",\"url\":\"https:\/\/dolphinfix.com.tr\/eticaret\/urun\/drz-400-polisulfit-derz-dolgu\/\",\"name\":\"Polis\u00fclfit Derz Dolgu Macunu DRZ 400 | Dilatasyon ve Yatay Derz Yal\u0131t\u0131m\u0131\",\"isPartOf\":{\"@id\":\"https:\/\/dolphinfix.com.tr\/eticaret\/#website\"},\"datePublished\":\"2024-10-30T21:06:27+00:00\",\"dateModified\":\"2026-03-12T09:22:25+00:00\",\"description\":\"DRZ 400 polis\u00fclfit esasl\u0131, iki bile\u015fenli, tam elastik derz dolgu macunudur. Dilatasyon derzleri, akaryak\u0131t tesisleri ve kimyasal dayan\u0131m gerektiren yatay derzlerde g\u00fcvenle kullan\u0131l\u0131r.\",\"breadcrumb\":{\"@id\":\"https:\/\/dolphinfix.com.tr\/eticaret\/urun\/drz-400-polisulfit-derz-dolgu\/#breadcrumb\"},\"inLanguage\":\"tr\",\"potentialAction\":[{\"@type\":\"ReadAction\",\"target\":[\"https:\/\/dolphinfix.com.tr\/eticaret\/urun\/drz-400-polisulfit-derz-dolgu\/\"]}]},{\"@type\":\"BreadcrumbList\",\"@id\":\"https:\/\/dolphinfix.com.tr\/eticaret\/urun\/drz-400-polisulfit-derz-dolgu\/#breadcrumb\",\"itemListElement\":[{\"@type\":\"ListItem\",\"position\":1,\"name\":\"Home\",\"item\":\"https:\/\/dolphinfix.com.tr\/eticaret\/\"},{\"@type\":\"ListItem\",\"position\":2,\"name\":\"Market\",\"item\":\"https:\/\/dolphinfix.com.tr\/eticaret\/market\/\"},{\"@type\":\"ListItem\",\"position\":3,\"name\":\"DERZ AKI\u015eKAN DRZ 400 &#8211; YATAY D\u0130LATASYON DERZ DOLGU\"}]},{\"@type\":\"WebSite\",\"@id\":\"https:\/\/dolphinfix.com.tr\/eticaret\/#website\",\"url\":\"https:\/\/dolphinfix.com.tr\/eticaret\/\",\"name\":\"Dolphinfix\",\"description\":\"\",\"potentialAction\":[{\"@type\":\"SearchAction\",\"target\":{\"@type\":\"EntryPoint\",\"urlTemplate\":\"https:\/\/dolphinfix.com.tr\/eticaret\/?s={search_term_string}\"},\"query-input\":\"required name=search_term_string\"}],\"inLanguage\":\"tr\"}]}<\/script>\n<!-- \/ Yoast SEO Premium plugin. -->","yoast_head_json":{"title":"Polis\u00fclfit Derz Dolgu Macunu DRZ 400 | Dilatasyon ve Yatay Derz Yal\u0131t\u0131m\u0131","description":"DRZ 400 polis\u00fclfit esasl\u0131, iki bile\u015fenli, tam elastik derz dolgu macunudur. Dilatasyon derzleri, akaryak\u0131t tesisleri ve kimyasal dayan\u0131m gerektiren yatay derzlerde g\u00fcvenle kullan\u0131l\u0131r.","robots":{"index":"index","follow":"follow","max-snippet":"max-snippet:-1","max-image-preview":"max-image-preview:large","max-video-preview":"max-video-preview:-1"},"canonical":"https:\/\/dolphinfix.com.tr\/eticaret\/urun\/drz-400-polisulfit-derz-dolgu\/","og_locale":"tr_TR","og_type":"article","og_title":"DERZ AKI\u015eKAN DRZ 400 - YATAY D\u0130LATASYON DERZ DOLGU","og_description":"DRZ 400 polis\u00fclfit esasl\u0131, iki bile\u015fenli, tam elastik derz dolgu macunudur. Dilatasyon derzleri, akaryak\u0131t tesisleri ve kimyasal dayan\u0131m gerektiren yatay derzlerde g\u00fcvenle kullan\u0131l\u0131r.","og_url":"https:\/\/dolphinfix.com.tr\/eticaret\/urun\/drz-400-polisulfit-derz-dolgu\/","og_site_name":"Dolphinfix","article_modified_time":"2026-03-12T09:22:25+00:00","og_image":[{"width":1000,"height":1000,"url":"https:\/\/dolphinfix.com.tr\/eticaret\/wp-content\/uploads\/2024\/10\/400.png","type":"image\/png"}],"twitter_card":"summary_large_image","twitter_misc":{"Tahmini okuma s\u00fcresi":"3 dakika"},"schema":{"@context":"https:\/\/schema.org","@graph":[{"@type":"WebPage","@id":"https:\/\/dolphinfix.com.tr\/eticaret\/urun\/drz-400-polisulfit-derz-dolgu\/","url":"https:\/\/dolphinfix.com.tr\/eticaret\/urun\/drz-400-polisulfit-derz-dolgu\/","name":"Polis\u00fclfit Derz Dolgu Macunu DRZ 400 | Dilatasyon ve Yatay Derz Yal\u0131t\u0131m\u0131","isPartOf":{"@id":"https:\/\/dolphinfix.com.tr\/eticaret\/#website"},"datePublished":"2024-10-30T21:06:27+00:00","dateModified":"2026-03-12T09:22:25+00:00","description":"DRZ 400 polis\u00fclfit esasl\u0131, iki bile\u015fenli, tam elastik derz dolgu macunudur. Dilatasyon derzleri, akaryak\u0131t tesisleri ve kimyasal dayan\u0131m gerektiren yatay derzlerde g\u00fcvenle kullan\u0131l\u0131r.","breadcrumb":{"@id":"https:\/\/dolphinfix.com.tr\/eticaret\/urun\/drz-400-polisulfit-derz-dolgu\/#breadcrumb"},"inLanguage":"tr","potentialAction":[{"@type":"ReadAction","target":["https:\/\/dolphinfix.com.tr\/eticaret\/urun\/drz-400-polisulfit-derz-dolgu\/"]}]},{"@type":"BreadcrumbList","@id":"https:\/\/dolphinfix.com.tr\/eticaret\/urun\/drz-400-polisulfit-derz-dolgu\/#breadcrumb","itemListElement":[{"@type":"ListItem","position":1,"name":"Home","item":"https:\/\/dolphinfix.com.tr\/eticaret\/"},{"@type":"ListItem","position":2,"name":"Market","item":"https:\/\/dolphinfix.com.tr\/eticaret\/market\/"},{"@type":"ListItem","position":3,"name":"DERZ AKI\u015eKAN DRZ 400 &#8211; YATAY D\u0130LATASYON DERZ DOLGU"}]},{"@type":"WebSite","@id":"https:\/\/dolphinfix.com.tr\/eticaret\/#website","url":"https:\/\/dolphinfix.com.tr\/eticaret\/","name":"Dolphinfix","description":"","potentialAction":[{"@type":"SearchAction","target":{"@type":"EntryPoint","urlTemplate":"https:\/\/dolphinfix.com.tr\/eticaret\/?s={search_term_string}"},"query-input":"required name=search_term_string"}],"inLanguage":"tr"}]}},"_links":{"self":[{"href":"https:\/\/dolphinfix.com.tr\/eticaret\/wp-json\/wp\/v2\/product\/16630","targetHints":{"allow":["GET"]}}],"collection":[{"href":"https:\/\/dolphinfix.com.tr\/eticaret\/wp-json\/wp\/v2\/product"}],"about":[{"href":"https:\/\/dolphinfix.com.tr\/eticaret\/wp-json\/wp\/v2\/types\/product"}],"replies":[{"embeddable":true,"href":"https:\/\/dolphinfix.com.tr\/eticaret\/wp-json\/wp\/v2\/comments?post=16630"}],"version-history":[{"count":7,"href":"https:\/\/dolphinfix.com.tr\/eticaret\/wp-json\/wp\/v2\/product\/16630\/revisions"}],"predecessor-version":[{"id":18596,"href":"https:\/\/dolphinfix.com.tr\/eticaret\/wp-json\/wp\/v2\/product\/16630\/revisions\/18596"}],"wp:featuredmedia":[{"embeddable":true,"href":"https:\/\/dolphinfix.com.tr\/eticaret\/wp-json\/wp\/v2\/media\/16632"}],"wp:attachment":[{"href":"https:\/\/dolphinfix.com.tr\/eticaret\/wp-json\/wp\/v2\/media?parent=16630"}],"wp:term":[{"taxonomy":"product_cat","embeddable":true,"href":"https:\/\/dolphinfix.com.tr\/eticaret\/wp-json\/wp\/v2\/product_cat?post=16630"},{"taxonomy":"product_tag","embeddable":true,"href":"https:\/\/dolphinfix.com.tr\/eticaret\/wp-json\/wp\/v2\/product_tag?post=16630"}],"curies":[{"name":"wp","href":"https:\/\/api.w.org\/{rel}","templated":true}]}}