{"id":15860,"date":"2024-10-19T13:52:18","date_gmt":"2024-10-19T10:52:18","guid":{"rendered":"https:\/\/dolphinfix.com.tr\/eticaret?post_type=product&#038;p=15860"},"modified":"2026-03-09T16:59:12","modified_gmt":"2026-03-09T13:59:12","slug":"ses-1830-akustik-siva","status":"publish","type":"product","link":"https:\/\/dolphinfix.com.tr\/eticaret\/urun\/ses-1830-akustik-siva\/","title":{"rendered":"BORPER 1830 SES &#8211; SES YALITIM SIVASI"},"content":{"rendered":"<h3><span style=\"color: #c61016;\">\u00dcR\u00dcN B\u0130LG\u0130LER\u0130 ;<\/span><\/h3>\n<p><span style=\"color: #000000;\">TANIMI:SES 1830, Y\u00fcksek ses emici mineraller, \u00e7esitli lifler, perlit ve \u00e7imento ile harmanlanm\u0131s, \u00f6zel polimerler ile modifiye edilmis, elyaf takviyeli y\u00fcksek oranda ses emebilen i\u00e7 cephe s\u0131vas\u0131d\u0131r.<\/span><\/p>\n<p><span style=\"color: #000000;\">KULLANIM ALANLARI;<\/span><br \/>\n<span style=\"color: #000000;\">Yeni ve eski yap\u0131larda, konut, isyeri, fabrika, okul,hastane, kamu daireleri,depo ve bar\u0131naklarda, i\u00e7 cephe ve tavan ses yal\u0131t\u0131m\u0131nda kullan\u0131l\u0131r.<\/span><\/p>\n<p><span style=\"color: #000000;\">\u00dcR\u00dcN \u00d6ZELLIKLER\u0130;<\/span><br \/>\n<span style=\"color: #000000;\">\u2022Y\u00fcksek oranda ses yal\u0131t\u0131m\u0131 saglayarak binalarda ses konforu saglar.<\/span><br \/>\n<span style=\"color: #000000;\">\u2022Is\u0131 yal\u0131t\u0131m\u0131na destek olur.<\/span><br \/>\n<span style=\"color: #000000;\">\u2022Enerji tasarrufu saglar.<\/span><br \/>\n<span style=\"color: #000000;\">\u2022Buhar ge\u00e7irgenligine sahip.<\/span><br \/>\n<span style=\"color: #000000;\">\u2022Nefes alma \u00f6zelligi ile duvarlarda terlemeyi \u00f6nler \u0131s\u0131 k\u00f6pr\u00fcs\u00fc olusmaz.<\/span><br \/>\n<span style=\"color: #000000;\">\u2022Dogald\u0131r ve \u00e7evre dostudur.<\/span><br \/>\n<span style=\"color: #000000;\">\u2022Hafiftir ve binada ki \u00f6l\u00fc y\u00fck\u00fc al\u0131r.<\/span><br \/>\n<span style=\"color: #000000;\">\u2022Haz\u0131rlamas\u0131 ve uygulamas\u0131 \u00e7ok kolayd\u0131r.<\/span><\/p>\n<p><span style=\"color: #000000;\">UYGULAMA B\u0130LG\u0130S\u0130;<\/span><\/p>\n<p><span style=\"color: #000000;\">Y\u00fczey Haz\u0131rl\u0131g\u0131 : Uygulama y\u00fczeyinin saglam, tutunmay\u0131 \u00f6nleyici, kuru,tozsuz, ve temiz olmal\u0131d\u0131r. Y\u00fczey, aderans\u0131 azaltacak her t\u00fcrl\u00fc yag, gres, pas, ve parafin kal\u0131nt\u0131lar\u0131ndan iyice temizlenmeli ve y\u00fczeyde gevsek par\u00e7ac\u0131klar olmamal\u0131d\u0131r. <\/span><span style=\"color: #000000;\">Uygulanacak y\u00fczey s\u0131cakl\u0131g\u0131 +35 \u00b0C\u2019nin \u00fczerinde ise y\u00fczey mutlaka nemlendirilmelidir. Y\u00fczeyde ki bozuk yerleri D- TH tamir har\u00e7lar\u0131ndan uygun olan ile tamir edilmelidir.<\/span><\/p>\n<p><span style=\"color: #000000;\">Kar\u0131st\u0131rma:Har\u00e7 kar\u0131st\u0131rma ve s\u0131va uygulama i\u00e7in pistonlu s\u0131va pompas\u0131 kullanman\u0131z\u0131 tavsiye ederiz. Klasik usul kar\u0131st\u0131rmak i\u00e7in temiz bir kovan\u0131n i\u00e7erisine 11 lt. temiz suyun bir miktar\u0131n\u0131 koyun. \u00dczerine 15 Kg. SES 1830\u2019u yavas\u00e7a bosalt\u0131rken kar\u0131st\u0131r\u0131c\u0131 ile d\u00fcs\u00fck devirde kar\u0131st\u0131rmaya baslay\u0131n. Kalan suyu ilave edin har\u00e7 topaks\u0131z ve homojen bir hale gelince en az 5 dk.<\/span><br \/>\n<span style=\"color: #000000;\">kar\u0131st\u0131r\u0131n. 3-4 dk. dinlenmeye b\u0131rak\u0131n. Daha sonra en az 3 dk. daha kar\u0131st\u0131rarak kullan\u0131n\u0131z.<\/span><\/p>\n<p><span style=\"color: #000000;\">Uygulama:Haz\u0131rlana harc\u0131 tek katta 3 cm kal\u0131nl\u0131ga kadar uygulayabilirsiniz. Ikinci kat uygulama i\u00e7in hava kosullar\u0131na g\u00f6re en az 48 saat beklenmelidir. Tam kuruma s\u00fcresi hava sartlar\u0131na bagl\u0131 olarak asgari 7 g\u00fcnd\u00fcr. Tam kuruma saglanmadan boya asamas\u0131na ge\u00e7ilmemelidir.<\/span><\/p>\n<p><span style=\"color: #000000;\">UYARILAR: (+) 5\u00b0C\u2019nin alt\u0131nda ve (+) 35\u00b0C\u2019nin \u00fcst\u00fcnde ki ortamlarda mutlaka korumaya al\u0131nmal\u0131d\u0131r. Naylon ile etraf\u0131 kapat\u0131lmal\u0131d\u0131r. Dona ve ani su kayb\u0131na kars\u0131 \u00f6nlem al\u0131nmal\u0131d\u0131r.<\/span><\/p>\n<p><span style=\"color: #000000;\">AMBALAJ :\u00a0 15 KG Kraft Torba<\/span><\/p>\n<p><span style=\"color: #000000;\">RAF \u00d6MR\u00dc : Orijinal, hasar g\u00f6rmemis ve a\u00e7\u0131lmam\u0131s ambalaj\u0131nda ve depolama sarlar\u0131na uyulmas\u0131 durumunda \u00fcretim tarihi itibariyle 12 ayd\u0131r.<\/span><\/p>\n<p><span style=\"color: #000000;\">SARFIYAT VE SU MIKTARI : 1 cm kal\u0131nl\u0131k i\u00e7in m\u00b2 Toz Sarfiyat 3-4 kg KARISIM SUYU MIKTARI 11 Lt.\/ 15 Kg<\/span><\/p>\n<p><span style=\"color: #000000;\">DEPOLAMA SARTLARI:+5 \u00b0C ve 30\u00b0C aral\u0131g\u0131nda muhafaza edilmelidir. Dondan, nemden ve direkt g\u00fcnes \u0131s\u0131ndan korunmal\u0131d\u0131r.<\/span><\/p>\n<p><em><span style=\"color: #000000;\">\u00dcr\u00fcn Teknik \u00f6zellikleri ve di\u011fer bilgiler i\u00e7in tds belgesini indirmenizi rica ederiz.<\/span><\/em><\/p>\n","protected":false},"excerpt":{"rendered":"<p><span style=\"color: #000000;\"><a style=\"color: #000000;\" href=\"https:\/\/dolphinfix.com.tr\/eticaret\/wp-content\/uploads\/2025\/05\/BORPER-SES-YALITIM-SIVASI-1830-TDS.pdf\" target=\"_blank\" rel=\"noopener\">TDS Belgesini \u0130ndirmek \u0130\u00e7in T\u0131klay\u0131n\u0131z<br \/>\n<\/a><\/span><span style=\"color: #000000;\"><a style=\"color: #000000;\" href=\"#\" target=\"_blank\" rel=\"noopener\">CE Belgesini \u0130ndirmek \u0130\u00e7in T\u0131klay\u0131n\u0131z<\/a><\/span><\/p>\n","protected":false},"featured_media":16198,"comment_status":"open","ping_status":"closed","template":"","meta":{"_joinchat":[]},"product_cat":[120,86],"product_tag":[283,289,288,287,284,281,292,293,291,282,286,280,294,285,290],"class_list":{"0":"post-15860","1":"product","2":"type-product","3":"status-publish","4":"has-post-thumbnail","6":"product_cat-ses-yalitim-siva-ve-puskurtme","7":"product_cat-ses-yalitimi","8":"product_tag-akustik-yalitim-malzemesi","9":"product_tag-bor-katkili-siva","10":"product_tag-daire-arasi-ses-yalitimi","11":"product_tag-dekoratif-ses-yalitimi","12":"product_tag-gurultu-onleyici-siva","13":"product_tag-ic-cephe-ses-yalitimi","14":"product_tag-ic-mekan-akustik-cozum","15":"product_tag-kolay-uygulanan-ses-yalitimi","16":"product_tag-profesyonel-ses-yalitimi","17":"product_tag-ses-emici-siva","18":"product_tag-ses-izolasyon-malzemesi","19":"product_tag-ses-yalitim-sivasi","20":"product_tag-uzun-omurlu-ses-izolasyonu","21":"product_tag-yanki-azaltici-siva","22":"product_tag-yuksek-ses-emici-siva","24":"first","25":"instock","26":"taxable","27":"shipping-taxable","28":"purchasable","29":"product-type-variable"},"yoast_head":"<!-- This site is optimized with the Yoast SEO Premium plugin v20.2.1 (Yoast SEO v20.2.1) - https:\/\/yoast.com\/wordpress\/plugins\/seo\/ -->\n<title>SES 1830 Ses Yal\u0131t\u0131m S\u0131vas\u0131 | Akustik \u0130\u00e7 Cephe S\u0131va<\/title>\n<meta name=\"description\" content=\"SES 1830 ses yal\u0131t\u0131m s\u0131vas\u0131, y\u00fcksek ses emici mineraller ve elyaf takviyeli \u00f6zel yap\u0131s\u0131yla i\u00e7 cephe ve tavanlarda akustik konfor sa\u011flar. Is\u0131 yal\u0131t\u0131m\u0131na destek olur, nefes al\u0131r, hafiftir ve enerji tasarrufuna katk\u0131 sunar. Konut, ofis, okul, hastane ve end\u00fcstriyel alanlarda profesyonel ses izolasyon \u00e7\u00f6z\u00fcm\u00fc.\" \/>\n<meta name=\"robots\" content=\"index, follow, max-snippet:-1, max-image-preview:large, max-video-preview:-1\" \/>\n<link rel=\"canonical\" href=\"https:\/\/dolphinfix.com.tr\/eticaret\/urun\/ses-1830-akustik-siva\/\" \/>\n<meta property=\"og:locale\" content=\"tr_TR\" \/>\n<meta property=\"og:type\" content=\"article\" \/>\n<meta property=\"og:title\" content=\"BORPER 1830 SES - SES YALITIM SIVASI\" \/>\n<meta property=\"og:description\" content=\"SES 1830 ses yal\u0131t\u0131m s\u0131vas\u0131, y\u00fcksek ses emici mineraller ve elyaf takviyeli \u00f6zel yap\u0131s\u0131yla i\u00e7 cephe ve tavanlarda akustik konfor sa\u011flar. Is\u0131 yal\u0131t\u0131m\u0131na destek olur, nefes al\u0131r, hafiftir ve enerji tasarrufuna katk\u0131 sunar. Konut, ofis, okul, hastane ve end\u00fcstriyel alanlarda profesyonel ses izolasyon \u00e7\u00f6z\u00fcm\u00fc.\" \/>\n<meta property=\"og:url\" content=\"https:\/\/dolphinfix.com.tr\/eticaret\/urun\/ses-1830-akustik-siva\/\" \/>\n<meta property=\"og:site_name\" content=\"Dolphinfix\" \/>\n<meta property=\"article:modified_time\" content=\"2026-03-09T13:59:12+00:00\" \/>\n<meta property=\"og:image\" content=\"https:\/\/dolphinfix.com.tr\/eticaret\/wp-content\/uploads\/2024\/10\/1830.png\" \/>\n\t<meta property=\"og:image:width\" content=\"1000\" \/>\n\t<meta property=\"og:image:height\" content=\"1000\" \/>\n\t<meta property=\"og:image:type\" content=\"image\/png\" \/>\n<meta name=\"twitter:card\" content=\"summary_large_image\" \/>\n<meta name=\"twitter:label1\" content=\"Tahmini okuma s\u00fcresi\" \/>\n\t<meta name=\"twitter:data1\" content=\"3 dakika\" \/>\n<script type=\"application\/ld+json\" class=\"yoast-schema-graph\">{\"@context\":\"https:\/\/schema.org\",\"@graph\":[{\"@type\":\"WebPage\",\"@id\":\"https:\/\/dolphinfix.com.tr\/eticaret\/urun\/ses-1830-akustik-siva\/\",\"url\":\"https:\/\/dolphinfix.com.tr\/eticaret\/urun\/ses-1830-akustik-siva\/\",\"name\":\"SES 1830 Ses Yal\u0131t\u0131m S\u0131vas\u0131 | Akustik \u0130\u00e7 Cephe S\u0131va\",\"isPartOf\":{\"@id\":\"https:\/\/dolphinfix.com.tr\/eticaret\/#website\"},\"datePublished\":\"2024-10-19T10:52:18+00:00\",\"dateModified\":\"2026-03-09T13:59:12+00:00\",\"description\":\"SES 1830 ses yal\u0131t\u0131m s\u0131vas\u0131, y\u00fcksek ses emici mineraller ve elyaf takviyeli \u00f6zel yap\u0131s\u0131yla i\u00e7 cephe ve tavanlarda akustik konfor sa\u011flar. Is\u0131 yal\u0131t\u0131m\u0131na destek olur, nefes al\u0131r, hafiftir ve enerji tasarrufuna katk\u0131 sunar. Konut, ofis, okul, hastane ve end\u00fcstriyel alanlarda profesyonel ses izolasyon \u00e7\u00f6z\u00fcm\u00fc.\",\"breadcrumb\":{\"@id\":\"https:\/\/dolphinfix.com.tr\/eticaret\/urun\/ses-1830-akustik-siva\/#breadcrumb\"},\"inLanguage\":\"tr\",\"potentialAction\":[{\"@type\":\"ReadAction\",\"target\":[\"https:\/\/dolphinfix.com.tr\/eticaret\/urun\/ses-1830-akustik-siva\/\"]}]},{\"@type\":\"BreadcrumbList\",\"@id\":\"https:\/\/dolphinfix.com.tr\/eticaret\/urun\/ses-1830-akustik-siva\/#breadcrumb\",\"itemListElement\":[{\"@type\":\"ListItem\",\"position\":1,\"name\":\"Home\",\"item\":\"https:\/\/dolphinfix.com.tr\/eticaret\/\"},{\"@type\":\"ListItem\",\"position\":2,\"name\":\"Market\",\"item\":\"https:\/\/dolphinfix.com.tr\/eticaret\/market\/\"},{\"@type\":\"ListItem\",\"position\":3,\"name\":\"BORPER 1830 SES &#8211; SES YALITIM SIVASI\"}]},{\"@type\":\"WebSite\",\"@id\":\"https:\/\/dolphinfix.com.tr\/eticaret\/#website\",\"url\":\"https:\/\/dolphinfix.com.tr\/eticaret\/\",\"name\":\"Dolphinfix\",\"description\":\"\",\"potentialAction\":[{\"@type\":\"SearchAction\",\"target\":{\"@type\":\"EntryPoint\",\"urlTemplate\":\"https:\/\/dolphinfix.com.tr\/eticaret\/?s={search_term_string}\"},\"query-input\":\"required name=search_term_string\"}],\"inLanguage\":\"tr\"}]}<\/script>\n<!-- \/ Yoast SEO Premium plugin. -->","yoast_head_json":{"title":"SES 1830 Ses Yal\u0131t\u0131m S\u0131vas\u0131 | Akustik \u0130\u00e7 Cephe S\u0131va","description":"SES 1830 ses yal\u0131t\u0131m s\u0131vas\u0131, y\u00fcksek ses emici mineraller ve elyaf takviyeli \u00f6zel yap\u0131s\u0131yla i\u00e7 cephe ve tavanlarda akustik konfor sa\u011flar. Is\u0131 yal\u0131t\u0131m\u0131na destek olur, nefes al\u0131r, hafiftir ve enerji tasarrufuna katk\u0131 sunar. Konut, ofis, okul, hastane ve end\u00fcstriyel alanlarda profesyonel ses izolasyon \u00e7\u00f6z\u00fcm\u00fc.","robots":{"index":"index","follow":"follow","max-snippet":"max-snippet:-1","max-image-preview":"max-image-preview:large","max-video-preview":"max-video-preview:-1"},"canonical":"https:\/\/dolphinfix.com.tr\/eticaret\/urun\/ses-1830-akustik-siva\/","og_locale":"tr_TR","og_type":"article","og_title":"BORPER 1830 SES - SES YALITIM SIVASI","og_description":"SES 1830 ses yal\u0131t\u0131m s\u0131vas\u0131, y\u00fcksek ses emici mineraller ve elyaf takviyeli \u00f6zel yap\u0131s\u0131yla i\u00e7 cephe ve tavanlarda akustik konfor sa\u011flar. Is\u0131 yal\u0131t\u0131m\u0131na destek olur, nefes al\u0131r, hafiftir ve enerji tasarrufuna katk\u0131 sunar. Konut, ofis, okul, hastane ve end\u00fcstriyel alanlarda profesyonel ses izolasyon \u00e7\u00f6z\u00fcm\u00fc.","og_url":"https:\/\/dolphinfix.com.tr\/eticaret\/urun\/ses-1830-akustik-siva\/","og_site_name":"Dolphinfix","article_modified_time":"2026-03-09T13:59:12+00:00","og_image":[{"width":1000,"height":1000,"url":"https:\/\/dolphinfix.com.tr\/eticaret\/wp-content\/uploads\/2024\/10\/1830.png","type":"image\/png"}],"twitter_card":"summary_large_image","twitter_misc":{"Tahmini okuma s\u00fcresi":"3 dakika"},"schema":{"@context":"https:\/\/schema.org","@graph":[{"@type":"WebPage","@id":"https:\/\/dolphinfix.com.tr\/eticaret\/urun\/ses-1830-akustik-siva\/","url":"https:\/\/dolphinfix.com.tr\/eticaret\/urun\/ses-1830-akustik-siva\/","name":"SES 1830 Ses Yal\u0131t\u0131m S\u0131vas\u0131 | Akustik \u0130\u00e7 Cephe S\u0131va","isPartOf":{"@id":"https:\/\/dolphinfix.com.tr\/eticaret\/#website"},"datePublished":"2024-10-19T10:52:18+00:00","dateModified":"2026-03-09T13:59:12+00:00","description":"SES 1830 ses yal\u0131t\u0131m s\u0131vas\u0131, y\u00fcksek ses emici mineraller ve elyaf takviyeli \u00f6zel yap\u0131s\u0131yla i\u00e7 cephe ve tavanlarda akustik konfor sa\u011flar. Is\u0131 yal\u0131t\u0131m\u0131na destek olur, nefes al\u0131r, hafiftir ve enerji tasarrufuna katk\u0131 sunar. Konut, ofis, okul, hastane ve end\u00fcstriyel alanlarda profesyonel ses izolasyon \u00e7\u00f6z\u00fcm\u00fc.","breadcrumb":{"@id":"https:\/\/dolphinfix.com.tr\/eticaret\/urun\/ses-1830-akustik-siva\/#breadcrumb"},"inLanguage":"tr","potentialAction":[{"@type":"ReadAction","target":["https:\/\/dolphinfix.com.tr\/eticaret\/urun\/ses-1830-akustik-siva\/"]}]},{"@type":"BreadcrumbList","@id":"https:\/\/dolphinfix.com.tr\/eticaret\/urun\/ses-1830-akustik-siva\/#breadcrumb","itemListElement":[{"@type":"ListItem","position":1,"name":"Home","item":"https:\/\/dolphinfix.com.tr\/eticaret\/"},{"@type":"ListItem","position":2,"name":"Market","item":"https:\/\/dolphinfix.com.tr\/eticaret\/market\/"},{"@type":"ListItem","position":3,"name":"BORPER 1830 SES &#8211; SES YALITIM SIVASI"}]},{"@type":"WebSite","@id":"https:\/\/dolphinfix.com.tr\/eticaret\/#website","url":"https:\/\/dolphinfix.com.tr\/eticaret\/","name":"Dolphinfix","description":"","potentialAction":[{"@type":"SearchAction","target":{"@type":"EntryPoint","urlTemplate":"https:\/\/dolphinfix.com.tr\/eticaret\/?s={search_term_string}"},"query-input":"required name=search_term_string"}],"inLanguage":"tr"}]}},"_links":{"self":[{"href":"https:\/\/dolphinfix.com.tr\/eticaret\/wp-json\/wp\/v2\/product\/15860","targetHints":{"allow":["GET"]}}],"collection":[{"href":"https:\/\/dolphinfix.com.tr\/eticaret\/wp-json\/wp\/v2\/product"}],"about":[{"href":"https:\/\/dolphinfix.com.tr\/eticaret\/wp-json\/wp\/v2\/types\/product"}],"replies":[{"embeddable":true,"href":"https:\/\/dolphinfix.com.tr\/eticaret\/wp-json\/wp\/v2\/comments?post=15860"}],"version-history":[{"count":24,"href":"https:\/\/dolphinfix.com.tr\/eticaret\/wp-json\/wp\/v2\/product\/15860\/revisions"}],"predecessor-version":[{"id":19422,"href":"https:\/\/dolphinfix.com.tr\/eticaret\/wp-json\/wp\/v2\/product\/15860\/revisions\/19422"}],"wp:featuredmedia":[{"embeddable":true,"href":"https:\/\/dolphinfix.com.tr\/eticaret\/wp-json\/wp\/v2\/media\/16198"}],"wp:attachment":[{"href":"https:\/\/dolphinfix.com.tr\/eticaret\/wp-json\/wp\/v2\/media?parent=15860"}],"wp:term":[{"taxonomy":"product_cat","embeddable":true,"href":"https:\/\/dolphinfix.com.tr\/eticaret\/wp-json\/wp\/v2\/product_cat?post=15860"},{"taxonomy":"product_tag","embeddable":true,"href":"https:\/\/dolphinfix.com.tr\/eticaret\/wp-json\/wp\/v2\/product_tag?post=15860"}],"curies":[{"name":"wp","href":"https:\/\/api.w.org\/{rel}","templated":true}]}}