{"id":15864,"date":"2024-10-19T14:09:10","date_gmt":"2024-10-19T11:09:10","guid":{"rendered":"https:\/\/dolphinfix.com.tr\/eticaret?post_type=product&#038;p=15864"},"modified":"2026-03-09T17:03:06","modified_gmt":"2026-03-09T14:03:06","slug":"yangin-yalitim-sivasi","status":"publish","type":"product","link":"https:\/\/dolphinfix.com.tr\/eticaret\/urun\/yangin-yalitim-sivasi\/","title":{"rendered":"BORPER 1900 YANGIN &#8211; YANGIN YALITIM SIVASI"},"content":{"rendered":"<p>\u00dcR\u00dcN \u00d6ZELL\u0130KLER\u0130<br \/>\n\u2022\u00c7evre Dostudur.<br \/>\n\u2022P\u00fcsk\u00fcrtme ve mala ile de uygulanabilir.<br \/>\n\u2022Y\u00fcksek derecede yang\u0131n yal\u0131t\u0131m\u0131 sa\u011flayarak zaman kazand\u0131r\u0131r.<br \/>\n\u2022A1 Derecede yang\u0131n dayan\u0131kl\u0131l\u0131\u011f\u0131 vard\u0131r.<br \/>\n\u2022Yang\u0131n an\u0131nda zehirli gaz salg\u0131lamaz.<br \/>\n\u2022Yang\u0131n esnas\u0131nda yang\u0131n y\u00fck\u00fc getirmez.<br \/>\n\u2022Is\u0131 yal\u0131t\u0131m\u0131 sa\u011flayarak enerji tasarrufu sa\u011flar.<br \/>\n\u2022ses yal\u0131t\u0131m\u0131 sa\u011flar.<br \/>\n\u2022Nemi dengeler k\u00fcflenme yapmaz.<br \/>\n\u2022Haz\u0131rlanmas\u0131 ve uygulanmas\u0131 kolayd\u0131r.<br \/>\n\u2022\u0130\u015f\u00e7ilikten ve zamandan tasarruf sa\u011flar.<\/p>\n","protected":false},"excerpt":{"rendered":"<p><span style=\"color: #000000;\"><a style=\"color: #000000;\" href=\"#\" target=\"_blank\" rel=\"noopener\" download=\"\">TDS Belgesini \u0130ndirmek \u0130\u00e7in T\u0131klay\u0131n\u0131z<br \/>\n<\/a><\/span><span style=\"color: #000000;\"><a style=\"color: #000000;\" href=\"#\" target=\"_blank\" rel=\"noopener\" download=\"\">CE Belgesini \u0130ndirmek \u0130\u00e7in T\u0131klay\u0131n\u0131z<\/a><\/span><\/p>\n","protected":false},"featured_media":16200,"comment_status":"open","ping_status":"closed","template":"","meta":{"_joinchat":[]},"product_cat":[88,130],"product_tag":[301,304,303,309,302,298,306,307,300,299,297,295,308,296,305],"class_list":{"0":"post-15864","1":"product","2":"type-product","3":"status-publish","4":"has-post-thumbnail","6":"product_cat-yangin-geciktirici","7":"product_cat-yangin-yalitim-sivasi","8":"product_tag-bina-yangin-guvenligi","9":"product_tag-bor-katkili-yangin-sivasi","10":"product_tag-dis-cephe-yangin-yalitimi","11":"product_tag-endustriyel-yangin-yalitimi","12":"product_tag-ic-cephe-yangin-yalitimi","13":"product_tag-isiya-dayanikli-siva","14":"product_tag-profesyonel-yangin-yalitimi","15":"product_tag-uzun-omurlu-yangin-korumasi","16":"product_tag-yangin-geciktirici-kaplama","17":"product_tag-yangin-izolasyon-sivasi","18":"product_tag-yangin-koruma-malzemesi","19":"product_tag-yangin-yalitim-sivasi","20":"product_tag-yangin-yonetmeligine-uygun-siva","21":"product_tag-yangina-dayanikli-siva","22":"product_tag-yuksek-isiya-dayanikli-siva","24":"first","25":"instock","26":"taxable","27":"shipping-taxable","28":"purchasable","29":"product-type-variable"},"yoast_head":"<!-- This site is optimized with the Yoast SEO Premium plugin v20.2.1 (Yoast SEO v20.2.1) - https:\/\/yoast.com\/wordpress\/plugins\/seo\/ -->\n<title>Yang\u0131n Yal\u0131t\u0131m S\u0131vas\u0131 Nedir? Is\u0131, Ses ve Yang\u0131n Dayan\u0131m\u0131 \u00d6zellikleri<\/title>\n<meta name=\"description\" content=\"Yang\u0131n yal\u0131t\u0131m s\u0131vas\u0131; yang\u0131na dayan\u0131kl\u0131, \u0131s\u0131 ve ses yal\u0131t\u0131m\u0131 sa\u011flayan, \u00e7evre dostu ve kolay uygulanabilen i\u00e7 cephe kaplama \u00e7\u00f6z\u00fcm\u00fcd\u00fcr. Enerji tasarrufu ve g\u00fcvenli yap\u0131 i\u00e7in ideal.\" \/>\n<meta name=\"robots\" content=\"index, follow, max-snippet:-1, max-image-preview:large, max-video-preview:-1\" \/>\n<link rel=\"canonical\" href=\"https:\/\/dolphinfix.com.tr\/eticaret\/urun\/yangin-yalitim-sivasi\/\" \/>\n<meta property=\"og:locale\" content=\"tr_TR\" \/>\n<meta property=\"og:type\" content=\"article\" \/>\n<meta property=\"og:title\" content=\"BORPER 1900 YANGIN - YANGIN YALITIM SIVASI\" \/>\n<meta property=\"og:description\" content=\"Yang\u0131n yal\u0131t\u0131m s\u0131vas\u0131; yang\u0131na dayan\u0131kl\u0131, \u0131s\u0131 ve ses yal\u0131t\u0131m\u0131 sa\u011flayan, \u00e7evre dostu ve kolay uygulanabilen i\u00e7 cephe kaplama \u00e7\u00f6z\u00fcm\u00fcd\u00fcr. Enerji tasarrufu ve g\u00fcvenli yap\u0131 i\u00e7in ideal.\" \/>\n<meta property=\"og:url\" content=\"https:\/\/dolphinfix.com.tr\/eticaret\/urun\/yangin-yalitim-sivasi\/\" \/>\n<meta property=\"og:site_name\" content=\"Dolphinfix\" \/>\n<meta property=\"article:modified_time\" content=\"2026-03-09T14:03:06+00:00\" \/>\n<meta property=\"og:image\" content=\"https:\/\/dolphinfix.com.tr\/eticaret\/wp-content\/uploads\/2024\/10\/1900.png\" \/>\n\t<meta property=\"og:image:width\" content=\"1000\" \/>\n\t<meta property=\"og:image:height\" content=\"1000\" \/>\n\t<meta property=\"og:image:type\" content=\"image\/png\" \/>\n<meta name=\"twitter:card\" content=\"summary_large_image\" \/>\n<meta name=\"twitter:label1\" content=\"Tahmini okuma s\u00fcresi\" \/>\n\t<meta name=\"twitter:data1\" content=\"1 dakika\" \/>\n<script type=\"application\/ld+json\" class=\"yoast-schema-graph\">{\"@context\":\"https:\/\/schema.org\",\"@graph\":[{\"@type\":\"WebPage\",\"@id\":\"https:\/\/dolphinfix.com.tr\/eticaret\/urun\/yangin-yalitim-sivasi\/\",\"url\":\"https:\/\/dolphinfix.com.tr\/eticaret\/urun\/yangin-yalitim-sivasi\/\",\"name\":\"Yang\u0131n Yal\u0131t\u0131m S\u0131vas\u0131 Nedir? Is\u0131, Ses ve Yang\u0131n Dayan\u0131m\u0131 \u00d6zellikleri\",\"isPartOf\":{\"@id\":\"https:\/\/dolphinfix.com.tr\/eticaret\/#website\"},\"datePublished\":\"2024-10-19T11:09:10+00:00\",\"dateModified\":\"2026-03-09T14:03:06+00:00\",\"description\":\"Yang\u0131n yal\u0131t\u0131m s\u0131vas\u0131; yang\u0131na dayan\u0131kl\u0131, \u0131s\u0131 ve ses yal\u0131t\u0131m\u0131 sa\u011flayan, \u00e7evre dostu ve kolay uygulanabilen i\u00e7 cephe kaplama \u00e7\u00f6z\u00fcm\u00fcd\u00fcr. Enerji tasarrufu ve g\u00fcvenli yap\u0131 i\u00e7in ideal.\",\"breadcrumb\":{\"@id\":\"https:\/\/dolphinfix.com.tr\/eticaret\/urun\/yangin-yalitim-sivasi\/#breadcrumb\"},\"inLanguage\":\"tr\",\"potentialAction\":[{\"@type\":\"ReadAction\",\"target\":[\"https:\/\/dolphinfix.com.tr\/eticaret\/urun\/yangin-yalitim-sivasi\/\"]}]},{\"@type\":\"BreadcrumbList\",\"@id\":\"https:\/\/dolphinfix.com.tr\/eticaret\/urun\/yangin-yalitim-sivasi\/#breadcrumb\",\"itemListElement\":[{\"@type\":\"ListItem\",\"position\":1,\"name\":\"Home\",\"item\":\"https:\/\/dolphinfix.com.tr\/eticaret\/\"},{\"@type\":\"ListItem\",\"position\":2,\"name\":\"Market\",\"item\":\"https:\/\/dolphinfix.com.tr\/eticaret\/market\/\"},{\"@type\":\"ListItem\",\"position\":3,\"name\":\"BORPER 1900 YANGIN &#8211; YANGIN YALITIM SIVASI\"}]},{\"@type\":\"WebSite\",\"@id\":\"https:\/\/dolphinfix.com.tr\/eticaret\/#website\",\"url\":\"https:\/\/dolphinfix.com.tr\/eticaret\/\",\"name\":\"Dolphinfix\",\"description\":\"\",\"potentialAction\":[{\"@type\":\"SearchAction\",\"target\":{\"@type\":\"EntryPoint\",\"urlTemplate\":\"https:\/\/dolphinfix.com.tr\/eticaret\/?s={search_term_string}\"},\"query-input\":\"required name=search_term_string\"}],\"inLanguage\":\"tr\"}]}<\/script>\n<!-- \/ Yoast SEO Premium plugin. -->","yoast_head_json":{"title":"Yang\u0131n Yal\u0131t\u0131m S\u0131vas\u0131 Nedir? Is\u0131, Ses ve Yang\u0131n Dayan\u0131m\u0131 \u00d6zellikleri","description":"Yang\u0131n yal\u0131t\u0131m s\u0131vas\u0131; yang\u0131na dayan\u0131kl\u0131, \u0131s\u0131 ve ses yal\u0131t\u0131m\u0131 sa\u011flayan, \u00e7evre dostu ve kolay uygulanabilen i\u00e7 cephe kaplama \u00e7\u00f6z\u00fcm\u00fcd\u00fcr. Enerji tasarrufu ve g\u00fcvenli yap\u0131 i\u00e7in ideal.","robots":{"index":"index","follow":"follow","max-snippet":"max-snippet:-1","max-image-preview":"max-image-preview:large","max-video-preview":"max-video-preview:-1"},"canonical":"https:\/\/dolphinfix.com.tr\/eticaret\/urun\/yangin-yalitim-sivasi\/","og_locale":"tr_TR","og_type":"article","og_title":"BORPER 1900 YANGIN - YANGIN YALITIM SIVASI","og_description":"Yang\u0131n yal\u0131t\u0131m s\u0131vas\u0131; yang\u0131na dayan\u0131kl\u0131, \u0131s\u0131 ve ses yal\u0131t\u0131m\u0131 sa\u011flayan, \u00e7evre dostu ve kolay uygulanabilen i\u00e7 cephe kaplama \u00e7\u00f6z\u00fcm\u00fcd\u00fcr. Enerji tasarrufu ve g\u00fcvenli yap\u0131 i\u00e7in ideal.","og_url":"https:\/\/dolphinfix.com.tr\/eticaret\/urun\/yangin-yalitim-sivasi\/","og_site_name":"Dolphinfix","article_modified_time":"2026-03-09T14:03:06+00:00","og_image":[{"width":1000,"height":1000,"url":"https:\/\/dolphinfix.com.tr\/eticaret\/wp-content\/uploads\/2024\/10\/1900.png","type":"image\/png"}],"twitter_card":"summary_large_image","twitter_misc":{"Tahmini okuma s\u00fcresi":"1 dakika"},"schema":{"@context":"https:\/\/schema.org","@graph":[{"@type":"WebPage","@id":"https:\/\/dolphinfix.com.tr\/eticaret\/urun\/yangin-yalitim-sivasi\/","url":"https:\/\/dolphinfix.com.tr\/eticaret\/urun\/yangin-yalitim-sivasi\/","name":"Yang\u0131n Yal\u0131t\u0131m S\u0131vas\u0131 Nedir? Is\u0131, Ses ve Yang\u0131n Dayan\u0131m\u0131 \u00d6zellikleri","isPartOf":{"@id":"https:\/\/dolphinfix.com.tr\/eticaret\/#website"},"datePublished":"2024-10-19T11:09:10+00:00","dateModified":"2026-03-09T14:03:06+00:00","description":"Yang\u0131n yal\u0131t\u0131m s\u0131vas\u0131; yang\u0131na dayan\u0131kl\u0131, \u0131s\u0131 ve ses yal\u0131t\u0131m\u0131 sa\u011flayan, \u00e7evre dostu ve kolay uygulanabilen i\u00e7 cephe kaplama \u00e7\u00f6z\u00fcm\u00fcd\u00fcr. Enerji tasarrufu ve g\u00fcvenli yap\u0131 i\u00e7in ideal.","breadcrumb":{"@id":"https:\/\/dolphinfix.com.tr\/eticaret\/urun\/yangin-yalitim-sivasi\/#breadcrumb"},"inLanguage":"tr","potentialAction":[{"@type":"ReadAction","target":["https:\/\/dolphinfix.com.tr\/eticaret\/urun\/yangin-yalitim-sivasi\/"]}]},{"@type":"BreadcrumbList","@id":"https:\/\/dolphinfix.com.tr\/eticaret\/urun\/yangin-yalitim-sivasi\/#breadcrumb","itemListElement":[{"@type":"ListItem","position":1,"name":"Home","item":"https:\/\/dolphinfix.com.tr\/eticaret\/"},{"@type":"ListItem","position":2,"name":"Market","item":"https:\/\/dolphinfix.com.tr\/eticaret\/market\/"},{"@type":"ListItem","position":3,"name":"BORPER 1900 YANGIN &#8211; YANGIN YALITIM SIVASI"}]},{"@type":"WebSite","@id":"https:\/\/dolphinfix.com.tr\/eticaret\/#website","url":"https:\/\/dolphinfix.com.tr\/eticaret\/","name":"Dolphinfix","description":"","potentialAction":[{"@type":"SearchAction","target":{"@type":"EntryPoint","urlTemplate":"https:\/\/dolphinfix.com.tr\/eticaret\/?s={search_term_string}"},"query-input":"required name=search_term_string"}],"inLanguage":"tr"}]}},"_links":{"self":[{"href":"https:\/\/dolphinfix.com.tr\/eticaret\/wp-json\/wp\/v2\/product\/15864","targetHints":{"allow":["GET"]}}],"collection":[{"href":"https:\/\/dolphinfix.com.tr\/eticaret\/wp-json\/wp\/v2\/product"}],"about":[{"href":"https:\/\/dolphinfix.com.tr\/eticaret\/wp-json\/wp\/v2\/types\/product"}],"replies":[{"embeddable":true,"href":"https:\/\/dolphinfix.com.tr\/eticaret\/wp-json\/wp\/v2\/comments?post=15864"}],"version-history":[{"count":3,"href":"https:\/\/dolphinfix.com.tr\/eticaret\/wp-json\/wp\/v2\/product\/15864\/revisions"}],"predecessor-version":[{"id":17363,"href":"https:\/\/dolphinfix.com.tr\/eticaret\/wp-json\/wp\/v2\/product\/15864\/revisions\/17363"}],"wp:featuredmedia":[{"embeddable":true,"href":"https:\/\/dolphinfix.com.tr\/eticaret\/wp-json\/wp\/v2\/media\/16200"}],"wp:attachment":[{"href":"https:\/\/dolphinfix.com.tr\/eticaret\/wp-json\/wp\/v2\/media?parent=15864"}],"wp:term":[{"taxonomy":"product_cat","embeddable":true,"href":"https:\/\/dolphinfix.com.tr\/eticaret\/wp-json\/wp\/v2\/product_cat?post=15864"},{"taxonomy":"product_tag","embeddable":true,"href":"https:\/\/dolphinfix.com.tr\/eticaret\/wp-json\/wp\/v2\/product_tag?post=15864"}],"curies":[{"name":"wp","href":"https:\/\/api.w.org\/{rel}","templated":true}]}}