{"id":15891,"date":"2024-10-19T15:18:48","date_gmt":"2024-10-19T12:18:48","guid":{"rendered":"https:\/\/dolphinfix.com.tr\/eticaret?post_type=product&#038;p=15891"},"modified":"2026-03-09T17:11:20","modified_gmt":"2026-03-09T14:11:20","slug":"tesviye-sapi","status":"publish","type":"product","link":"https:\/\/dolphinfix.com.tr\/eticaret\/urun\/tesviye-sapi\/","title":{"rendered":"BORPER FLOOR 1800 BT\u015e &#8211; ISI-SES YALITIM TESV\u0130YE \u015eAPI"},"content":{"rendered":"<h3><span style=\"color: #c61016;\">\u00dcR\u00dcN B\u0130LG\u0130LER\u0130 ;<\/span><\/h3>\n<p><span style=\"color: #000000;\">TANIMI: <\/span><span style=\"color: #000000;\">BORPER FLOOR &#8211; BTS 1800, Is\u0131 ve ses yal\u0131t\u0131m\u0131n\u0131 <\/span><span style=\"color: #000000;\">desteleyen, \u00e7imento ve perlit esasl\u0131, y\u00fcksek ve <\/span><span style=\"color: #000000;\">\u00f6zel polimer katk\u0131l\u0131 ak\u0131c\u0131 tesviye sap\u0131d\u0131r.<\/span><\/p>\n<p><span style=\"color: #000000;\">KULLANIM ALANLARI;<\/span><br \/>\n<span style=\"color: #000000;\">\u2022Konutlarda d\u00f6seme altlar\u0131nda,<\/span><br \/>\n<span style=\"color: #000000;\">\u2022Alttan \u0131s\u0131tmal\u0131 sistemlerin d\u00f6senmesinden \u00f6nce alt zemine,<\/span><br \/>\n<span style=\"color: #000000;\">\u2022\u00c7at\u0131 ve teraslarda kaplama alt\u0131nda,<\/span><br \/>\n<span style=\"color: #000000;\">\u2022Bodrumlarda tesviye sap\u0131 olarak \u0131s\u0131 ve ses yal\u0131t\u0131m\u0131nda <\/span><span style=\"color: #000000;\">kullan\u0131l\u0131r.<\/span><\/p>\n<p><span style=\"color: #000000;\">\u00dcR\u00dcN \u00d6ZELL\u0130KLER\u0130;<\/span><br \/>\n<span style=\"color: #000000;\">\u2022Binalarda \u0131s\u0131 yal\u0131t\u0131m b\u00fct\u00fcnl\u00fcg\u00fcn\u00fc saglar.<\/span><br \/>\n<span style=\"color: #000000;\">\u2022Is\u0131 yal\u0131t\u0131m\u0131 saglayarak binalardaki y\u00fcksek \u0131s\u0131 kayb\u0131n\u0131 \u00f6nler<\/span><br \/>\n<span style=\"color: #000000;\">\u2022Enerji tasarrufu saglar.<\/span><br \/>\n<span style=\"color: #000000;\">\u2022Ses yal\u0131t\u0131m\u0131na destek olur.<\/span><br \/>\n<span style=\"color: #000000;\">\u2022Buhar ge\u00e7irgenligine sahip.<\/span><br \/>\n<span style=\"color: #000000;\">\u2022Nefes alma \u00f6zelligi ile duvarlarda terlemeyi \u00f6nler \u0131s\u0131 <\/span><span style=\"color: #000000;\">k\u00f6pr\u00fcs\u00fc olusmaz.<\/span><br \/>\n<span style=\"color: #000000;\">\u2022Dogald\u0131r ve \u00e7evre dostudur.<\/span><br \/>\n<span style=\"color: #000000;\">\u2022Ag\u0131r hava kosullar\u0131na kars\u0131 dayan\u0131kl\u0131d\u0131r.<\/span><br \/>\n<span style=\"color: #000000;\">\u2022Hafiftir ve binada ki \u00f6l\u00fc y\u00fck\u00fc al\u0131r.<\/span><br \/>\n<span style=\"color: #000000;\">\u2022Haz\u0131rlamas\u0131 ve uygulamas\u0131 \u00e7ok kolayd\u0131r.<\/span><\/p>\n<p><span style=\"color: #000000;\">UYGULAMA B\u0130LG\u0130S\u0130;<\/span><\/p>\n<p><span style=\"color: #000000;\">Y\u00fczey Haz\u0131rl\u0131\u011f\u0131: <\/span><span style=\"color: #000000;\">Uygulama y\u00fczeyinin saglam, tutunmay\u0131 \u00f6nleyici, kuru, <\/span><span style=\"color: #000000;\">tozsuz, ve temiz olmal\u0131d\u0131r. Y\u00fczey, aderans\u0131 azaltacak <\/span><span style=\"color: #000000;\">her t\u00fcrl\u00fc yag, gres, pas, ve parafin kal\u0131nt\u0131lar\u0131ndan iyice <\/span><span style=\"color: #000000;\">temizlenmeli ve y\u00fczeyde gevsek par\u00e7ac\u0131klar olmamal\u0131d\u0131r. <\/span><span style=\"color: #000000;\">Uygulanacak y\u00fczey s\u0131cakl\u0131g\u0131 +35\u00b0C\u2019nin \u00fczerinde ise <\/span><span style=\"color: #000000;\">y\u00fczey mutlaka nemlendirilmelidir.<\/span><\/p>\n<p><span style=\"color: #000000;\">Kar\u0131\u015ft\u0131rma: <\/span><span style=\"color: #000000;\">Har\u00e7 kar\u0131st\u0131rma ve s\u0131va uygulama i\u00e7in pistonlu s\u0131va <\/span><span style=\"color: #000000;\">pompas\u0131 kullanman\u0131z\u0131 tavsiye ederiz. Klasik usul <\/span><span style=\"color: #000000;\">kar\u0131st\u0131rmak i\u00e7in temiz bir kovan\u0131n i\u00e7erisine 9-10 lt.<\/span><span style=\"color: #000000;\">temiz suyun bir miktar\u0131n\u0131 koyun. \u00dczerine 15 Kg. <\/span><span style=\"color: #000000;\">BORPER FLOOR &#8211; BTS 1800\u2019u yavas\u00e7a bosalt\u0131rken <\/span><span style=\"color: #000000;\">kar\u0131st\u0131r\u0131c\u0131 ile d\u00fcs\u00fck devirde kar\u0131st\u0131rmaya baslay\u0131n. <\/span><span style=\"color: #000000;\">Kalan suyu ilave edin har\u00e7 topaks\u0131z ve homojen bir hale <\/span><span style=\"color: #000000;\">gelince en az 5 dk. kar\u0131st\u0131r\u0131n. 3-4 dk. dinlenmeye b\u0131rak\u0131n. <\/span><span style=\"color: #000000;\">Daha sonra en az 3 dk. daha kar\u0131st\u0131rarak kullan\u0131n.<\/span><\/p>\n<p><span style=\"color: #000000;\">Uygulama: <\/span><span style=\"color: #000000;\">Haz\u0131rlana harc\u0131 tek katta 3-4 cm kal\u0131nl\u0131ga kadar <\/span><span style=\"color: #000000;\">uygulayabilirsiniz. Ikinci kat uygulama i\u00e7in hava <\/span><span style=\"color: #000000;\">kosullar\u0131na g\u00f6re en az 48 saat beklenmelidir. Tam <\/span><span style=\"color: #000000;\">kuruma s\u00fcresi hava sartlar\u0131na bagl\u0131 olarak asgari 7 <\/span><span style=\"color: #000000;\">g\u00fcnd\u00fcr. Tam kuruma saglanmadan boya asamas\u0131na <\/span><span style=\"color: #000000;\">ge\u00e7ilmemelidir.<\/span><\/p>\n<p><span style=\"color: #000000;\">UYARILAR: <\/span><span style=\"color: #000000;\">(+) 5\u00b0C\u2019nin alt\u0131nda ve (+) 35\u00b0C\u2019nin \u00fcst\u00fcnde ki <\/span><span style=\"color: #000000;\">ortamlarda mutlaka korumaya al\u0131nmal\u0131d\u0131r. <\/span><span style=\"color: #000000;\">Naylon ile etraf\u0131 kapat\u0131lmal\u0131d\u0131r.Dona ve ani su <\/span><span style=\"color: #000000;\">kayb\u0131na kars\u0131 \u00f6nlem al\u0131nmal\u0131d\u0131r.<\/span><\/p>\n<p><span style=\"color: #000000;\">AMBALAJ : <\/span><span style=\"color: #000000;\">15 KG KRAFT TORBA<\/span><\/p>\n<p><span style=\"color: #000000;\">RAF \u00d6MR\u00dc: <\/span><span style=\"color: #000000;\">Orijinal, hasar g\u00f6rmemis ve a\u00e7\u0131lmam\u0131s ambalaj\u0131nda ve <\/span><span style=\"color: #000000;\">depolama sarlar\u0131na uyulmas\u0131 durumunda \u00fcretim tarihi <\/span><span style=\"color: #000000;\">itibariyle 12 ayd\u0131r.<\/span><\/p>\n<p><span style=\"color: #000000;\">SARFIYAT VE SU M\u0130KTARI : <\/span><span style=\"color: #000000;\">1 cm kal\u0131nl\u0131k i\u00e7in <\/span><span style=\"color: #000000;\">m\u00b2 Toz Sarfiyat 3-4 kg <\/span><span style=\"color: #000000;\">KARISIM SUYU MIKTARI 9-10 Lt.\/ 15 Kg <\/span><\/p>\n<p><span style=\"color: #000000;\">DEPOLAMA SARTLARI:\u00a0 <\/span><span style=\"color: #000000;\">+5 \u00b0C ve 30\u00b0C aral\u0131g\u0131nda muhafaza edilmelidir. Dondan, <\/span><span style=\"color: #000000;\">nemden ve direkt g\u00fcnes \u0131s\u0131ndan korunmal\u0131d\u0131r.<\/span><\/p>\n<p><em><span style=\"color: #000000;\">\u00dcr\u00fcn Teknik \u00f6zellikleri ve di\u011fer bilgiler i\u00e7in tds belgesini indirmenizi rica ederiz.<\/span><\/em><\/p>\n","protected":false},"excerpt":{"rendered":"<p><span style=\"color: #000000;\"><a style=\"color: #000000;\" href=\"https:\/\/dolphinfix.com.tr\/eticaret\/wp-content\/uploads\/2025\/04\/ISI-SES-YALITIM-TESVIYE-SAPI-BORPER-FLOOR-1800-BTS-TDS.pdf\" target=\"_blank\" rel=\"noopener\">TDS Belgesini \u0130ndirmek \u0130\u00e7in T\u0131klay\u0131n\u0131z<br \/>\n<\/a><\/span><span style=\"color: #000000;\"><a style=\"color: #000000;\" href=\"#\" target=\"_blank\" rel=\"noopener\">CE Belgesini \u0130ndirmek \u0130\u00e7in T\u0131klay\u0131n\u0131z<\/a><\/span><\/p>\n","protected":false},"featured_media":16101,"comment_status":"open","ping_status":"closed","template":"","meta":{"_joinchat":[]},"product_cat":[124,87],"product_tag":[350,343,344,345,337,351,339,347,349,342,340,338,348,346,341],"class_list":{"0":"post-15891","1":"product","2":"type-product","3":"status-publish","4":"has-post-thumbnail","6":"product_cat-isi-yalitim-siva-sap-ve-puskurtme","7":"product_cat-isi-yalitimi","8":"product_tag-akustik-yalitim-sapi","9":"product_tag-beton-alti-isi-yalitimi","10":"product_tag-beton-alti-ses-yalitimi","11":"product_tag-enerji-tasarruflu-sap","12":"product_tag-isi-ses-yalitim-sapi","13":"product_tag-isi-ve-ses-izolasyon-cozumleri","14":"product_tag-isi-yalitim-sapi","15":"product_tag-kolay-uygulanabilir-sap","16":"product_tag-profesyonel-sap-uygulamasi","17":"product_tag-sap-malzemesi","18":"product_tag-ses-yalitim-sapi","19":"product_tag-tesviye-sapi","20":"product_tag-uzun-omurlu-zemin-sapi","21":"product_tag-yuksek-dayanimli-sap","22":"product_tag-zemin-yalitim-sapi","24":"first","25":"instock","26":"taxable","27":"shipping-taxable","28":"purchasable","29":"product-type-variable"},"yoast_head":"<!-- This site is optimized with the Yoast SEO Premium plugin v20.2.1 (Yoast SEO v20.2.1) - https:\/\/yoast.com\/wordpress\/plugins\/seo\/ -->\n<title>Is\u0131 ve Ses Yal\u0131t\u0131ml\u0131 Tesviye \u015eap\u0131 | BORPER FLOOR BTS 1800 Ak\u0131c\u0131 \u015eap \u00c7\u00f6z\u00fcm\u00fc<\/title>\n<meta name=\"description\" content=\"BORPER FLOOR BTS 1800; \u0131s\u0131 ve ses yal\u0131t\u0131m\u0131n\u0131 destekleyen, perlit ve \u00e7imento esasl\u0131 ak\u0131c\u0131 tesviye \u015fap\u0131d\u0131r. Enerji tasarrufu sa\u011flar, \u0131s\u0131 k\u00f6pr\u00fcs\u00fcn\u00fc \u00f6nler ve hafif yap\u0131s\u0131yla yap\u0131lara y\u00fck bindirmez.\" \/>\n<meta name=\"robots\" content=\"index, follow, max-snippet:-1, max-image-preview:large, max-video-preview:-1\" \/>\n<link rel=\"canonical\" href=\"https:\/\/dolphinfix.com.tr\/eticaret\/urun\/tesviye-sapi\/\" \/>\n<meta property=\"og:locale\" content=\"tr_TR\" \/>\n<meta property=\"og:type\" content=\"article\" \/>\n<meta property=\"og:title\" content=\"BORPER FLOOR 1800 BT\u015e - ISI-SES YALITIM TESV\u0130YE \u015eAPI\" \/>\n<meta property=\"og:description\" content=\"BORPER FLOOR BTS 1800; \u0131s\u0131 ve ses yal\u0131t\u0131m\u0131n\u0131 destekleyen, perlit ve \u00e7imento esasl\u0131 ak\u0131c\u0131 tesviye \u015fap\u0131d\u0131r. Enerji tasarrufu sa\u011flar, \u0131s\u0131 k\u00f6pr\u00fcs\u00fcn\u00fc \u00f6nler ve hafif yap\u0131s\u0131yla yap\u0131lara y\u00fck bindirmez.\" \/>\n<meta property=\"og:url\" content=\"https:\/\/dolphinfix.com.tr\/eticaret\/urun\/tesviye-sapi\/\" \/>\n<meta property=\"og:site_name\" content=\"Dolphinfix\" \/>\n<meta property=\"article:modified_time\" content=\"2026-03-09T14:11:20+00:00\" \/>\n<meta property=\"og:image\" content=\"https:\/\/dolphinfix.com.tr\/eticaret\/wp-content\/uploads\/2024\/10\/1800.png\" \/>\n\t<meta property=\"og:image:width\" content=\"1000\" \/>\n\t<meta property=\"og:image:height\" content=\"1000\" \/>\n\t<meta property=\"og:image:type\" content=\"image\/png\" \/>\n<meta name=\"twitter:card\" content=\"summary_large_image\" \/>\n<meta name=\"twitter:label1\" content=\"Tahmini okuma s\u00fcresi\" \/>\n\t<meta name=\"twitter:data1\" content=\"3 dakika\" \/>\n<script type=\"application\/ld+json\" class=\"yoast-schema-graph\">{\"@context\":\"https:\/\/schema.org\",\"@graph\":[{\"@type\":\"WebPage\",\"@id\":\"https:\/\/dolphinfix.com.tr\/eticaret\/urun\/tesviye-sapi\/\",\"url\":\"https:\/\/dolphinfix.com.tr\/eticaret\/urun\/tesviye-sapi\/\",\"name\":\"Is\u0131 ve Ses Yal\u0131t\u0131ml\u0131 Tesviye \u015eap\u0131 | BORPER FLOOR BTS 1800 Ak\u0131c\u0131 \u015eap \u00c7\u00f6z\u00fcm\u00fc\",\"isPartOf\":{\"@id\":\"https:\/\/dolphinfix.com.tr\/eticaret\/#website\"},\"datePublished\":\"2024-10-19T12:18:48+00:00\",\"dateModified\":\"2026-03-09T14:11:20+00:00\",\"description\":\"BORPER FLOOR BTS 1800; \u0131s\u0131 ve ses yal\u0131t\u0131m\u0131n\u0131 destekleyen, perlit ve \u00e7imento esasl\u0131 ak\u0131c\u0131 tesviye \u015fap\u0131d\u0131r. Enerji tasarrufu sa\u011flar, \u0131s\u0131 k\u00f6pr\u00fcs\u00fcn\u00fc \u00f6nler ve hafif yap\u0131s\u0131yla yap\u0131lara y\u00fck bindirmez.\",\"breadcrumb\":{\"@id\":\"https:\/\/dolphinfix.com.tr\/eticaret\/urun\/tesviye-sapi\/#breadcrumb\"},\"inLanguage\":\"tr\",\"potentialAction\":[{\"@type\":\"ReadAction\",\"target\":[\"https:\/\/dolphinfix.com.tr\/eticaret\/urun\/tesviye-sapi\/\"]}]},{\"@type\":\"BreadcrumbList\",\"@id\":\"https:\/\/dolphinfix.com.tr\/eticaret\/urun\/tesviye-sapi\/#breadcrumb\",\"itemListElement\":[{\"@type\":\"ListItem\",\"position\":1,\"name\":\"Home\",\"item\":\"https:\/\/dolphinfix.com.tr\/eticaret\/\"},{\"@type\":\"ListItem\",\"position\":2,\"name\":\"Market\",\"item\":\"https:\/\/dolphinfix.com.tr\/eticaret\/market\/\"},{\"@type\":\"ListItem\",\"position\":3,\"name\":\"BORPER FLOOR 1800 BT\u015e &#8211; ISI-SES YALITIM TESV\u0130YE \u015eAPI\"}]},{\"@type\":\"WebSite\",\"@id\":\"https:\/\/dolphinfix.com.tr\/eticaret\/#website\",\"url\":\"https:\/\/dolphinfix.com.tr\/eticaret\/\",\"name\":\"Dolphinfix\",\"description\":\"\",\"potentialAction\":[{\"@type\":\"SearchAction\",\"target\":{\"@type\":\"EntryPoint\",\"urlTemplate\":\"https:\/\/dolphinfix.com.tr\/eticaret\/?s={search_term_string}\"},\"query-input\":\"required name=search_term_string\"}],\"inLanguage\":\"tr\"}]}<\/script>\n<!-- \/ Yoast SEO Premium plugin. -->","yoast_head_json":{"title":"Is\u0131 ve Ses Yal\u0131t\u0131ml\u0131 Tesviye \u015eap\u0131 | BORPER FLOOR BTS 1800 Ak\u0131c\u0131 \u015eap \u00c7\u00f6z\u00fcm\u00fc","description":"BORPER FLOOR BTS 1800; \u0131s\u0131 ve ses yal\u0131t\u0131m\u0131n\u0131 destekleyen, perlit ve \u00e7imento esasl\u0131 ak\u0131c\u0131 tesviye \u015fap\u0131d\u0131r. Enerji tasarrufu sa\u011flar, \u0131s\u0131 k\u00f6pr\u00fcs\u00fcn\u00fc \u00f6nler ve hafif yap\u0131s\u0131yla yap\u0131lara y\u00fck bindirmez.","robots":{"index":"index","follow":"follow","max-snippet":"max-snippet:-1","max-image-preview":"max-image-preview:large","max-video-preview":"max-video-preview:-1"},"canonical":"https:\/\/dolphinfix.com.tr\/eticaret\/urun\/tesviye-sapi\/","og_locale":"tr_TR","og_type":"article","og_title":"BORPER FLOOR 1800 BT\u015e - ISI-SES YALITIM TESV\u0130YE \u015eAPI","og_description":"BORPER FLOOR BTS 1800; \u0131s\u0131 ve ses yal\u0131t\u0131m\u0131n\u0131 destekleyen, perlit ve \u00e7imento esasl\u0131 ak\u0131c\u0131 tesviye \u015fap\u0131d\u0131r. Enerji tasarrufu sa\u011flar, \u0131s\u0131 k\u00f6pr\u00fcs\u00fcn\u00fc \u00f6nler ve hafif yap\u0131s\u0131yla yap\u0131lara y\u00fck bindirmez.","og_url":"https:\/\/dolphinfix.com.tr\/eticaret\/urun\/tesviye-sapi\/","og_site_name":"Dolphinfix","article_modified_time":"2026-03-09T14:11:20+00:00","og_image":[{"width":1000,"height":1000,"url":"https:\/\/dolphinfix.com.tr\/eticaret\/wp-content\/uploads\/2024\/10\/1800.png","type":"image\/png"}],"twitter_card":"summary_large_image","twitter_misc":{"Tahmini okuma s\u00fcresi":"3 dakika"},"schema":{"@context":"https:\/\/schema.org","@graph":[{"@type":"WebPage","@id":"https:\/\/dolphinfix.com.tr\/eticaret\/urun\/tesviye-sapi\/","url":"https:\/\/dolphinfix.com.tr\/eticaret\/urun\/tesviye-sapi\/","name":"Is\u0131 ve Ses Yal\u0131t\u0131ml\u0131 Tesviye \u015eap\u0131 | BORPER FLOOR BTS 1800 Ak\u0131c\u0131 \u015eap \u00c7\u00f6z\u00fcm\u00fc","isPartOf":{"@id":"https:\/\/dolphinfix.com.tr\/eticaret\/#website"},"datePublished":"2024-10-19T12:18:48+00:00","dateModified":"2026-03-09T14:11:20+00:00","description":"BORPER FLOOR BTS 1800; \u0131s\u0131 ve ses yal\u0131t\u0131m\u0131n\u0131 destekleyen, perlit ve \u00e7imento esasl\u0131 ak\u0131c\u0131 tesviye \u015fap\u0131d\u0131r. Enerji tasarrufu sa\u011flar, \u0131s\u0131 k\u00f6pr\u00fcs\u00fcn\u00fc \u00f6nler ve hafif yap\u0131s\u0131yla yap\u0131lara y\u00fck bindirmez.","breadcrumb":{"@id":"https:\/\/dolphinfix.com.tr\/eticaret\/urun\/tesviye-sapi\/#breadcrumb"},"inLanguage":"tr","potentialAction":[{"@type":"ReadAction","target":["https:\/\/dolphinfix.com.tr\/eticaret\/urun\/tesviye-sapi\/"]}]},{"@type":"BreadcrumbList","@id":"https:\/\/dolphinfix.com.tr\/eticaret\/urun\/tesviye-sapi\/#breadcrumb","itemListElement":[{"@type":"ListItem","position":1,"name":"Home","item":"https:\/\/dolphinfix.com.tr\/eticaret\/"},{"@type":"ListItem","position":2,"name":"Market","item":"https:\/\/dolphinfix.com.tr\/eticaret\/market\/"},{"@type":"ListItem","position":3,"name":"BORPER FLOOR 1800 BT\u015e &#8211; ISI-SES YALITIM TESV\u0130YE \u015eAPI"}]},{"@type":"WebSite","@id":"https:\/\/dolphinfix.com.tr\/eticaret\/#website","url":"https:\/\/dolphinfix.com.tr\/eticaret\/","name":"Dolphinfix","description":"","potentialAction":[{"@type":"SearchAction","target":{"@type":"EntryPoint","urlTemplate":"https:\/\/dolphinfix.com.tr\/eticaret\/?s={search_term_string}"},"query-input":"required name=search_term_string"}],"inLanguage":"tr"}]}},"_links":{"self":[{"href":"https:\/\/dolphinfix.com.tr\/eticaret\/wp-json\/wp\/v2\/product\/15891","targetHints":{"allow":["GET"]}}],"collection":[{"href":"https:\/\/dolphinfix.com.tr\/eticaret\/wp-json\/wp\/v2\/product"}],"about":[{"href":"https:\/\/dolphinfix.com.tr\/eticaret\/wp-json\/wp\/v2\/types\/product"}],"replies":[{"embeddable":true,"href":"https:\/\/dolphinfix.com.tr\/eticaret\/wp-json\/wp\/v2\/comments?post=15891"}],"version-history":[{"count":8,"href":"https:\/\/dolphinfix.com.tr\/eticaret\/wp-json\/wp\/v2\/product\/15891\/revisions"}],"predecessor-version":[{"id":19424,"href":"https:\/\/dolphinfix.com.tr\/eticaret\/wp-json\/wp\/v2\/product\/15891\/revisions\/19424"}],"wp:featuredmedia":[{"embeddable":true,"href":"https:\/\/dolphinfix.com.tr\/eticaret\/wp-json\/wp\/v2\/media\/16101"}],"wp:attachment":[{"href":"https:\/\/dolphinfix.com.tr\/eticaret\/wp-json\/wp\/v2\/media?parent=15891"}],"wp:term":[{"taxonomy":"product_cat","embeddable":true,"href":"https:\/\/dolphinfix.com.tr\/eticaret\/wp-json\/wp\/v2\/product_cat?post=15891"},{"taxonomy":"product_tag","embeddable":true,"href":"https:\/\/dolphinfix.com.tr\/eticaret\/wp-json\/wp\/v2\/product_tag?post=15891"}],"curies":[{"name":"wp","href":"https:\/\/api.w.org\/{rel}","templated":true}]}}