{"id":15897,"date":"2024-10-19T15:25:14","date_gmt":"2024-10-19T12:25:14","guid":{"rendered":"https:\/\/dolphinfix.com.tr\/eticaret?post_type=product&#038;p=15897"},"modified":"2026-03-12T08:46:40","modified_gmt":"2026-03-12T05:46:40","slug":"isi-yalitim-levhasi-yapistirma-harci","status":"publish","type":"product","link":"https:\/\/dolphinfix.com.tr\/eticaret\/urun\/isi-yalitim-levhasi-yapistirma-harci\/","title":{"rendered":"D-THERM Y 1700 DTY &#8211; ISI YALITIM LEVHA YAPI\u015eTIRICISI"},"content":{"rendered":"<h3><span style=\"color: #c61016;\">\u00dcR\u00dcN B\u0130LG\u0130LER\u0130 ;<\/span><\/h3>\n<p><span style=\"color: #000000;\">TANIMI : <\/span><span style=\"color: #000000;\">DTY 1700, Is\u0131 yal\u0131t\u0131m levhalar\u0131n\u0131 (EPS, XPS, tas y\u00fcn\u00fc, <\/span><span style=\"color: #000000;\">\u0131s\u0131 ve ses yal\u0131t\u0131m ke\u00e7esi vb.) yal\u0131t\u0131m yap\u0131lacak y\u00fczeye <\/span><span style=\"color: #000000;\">yap\u0131st\u0131rmak i\u00e7in kullan\u0131lan, \u00e7imento esasl\u0131, polimer <\/span><span style=\"color: #000000;\">modifiyeli yap\u0131st\u0131rma harc\u0131d\u0131r.<\/span><\/p>\n<p><span style=\"color: #000000;\">KULLANIM ALANLARI;<\/span><br \/>\n<span style=\"color: #000000;\">\u2022T\u00fcm mineral y\u00fczeylerde,<\/span><br \/>\n<span style=\"color: #000000;\">\u2022EPS, XPS, tas y\u00fcn\u00fc, \u0131s\u0131 ve ses yal\u0131t\u0131m ke\u00e7esi vb. \u00fcr\u00fcnlerin <\/span><span style=\"color: #000000;\">yap\u0131st\u0131r\u0131lmas\u0131nda<\/span><br \/>\n<span style=\"color: #000000;\">\u2022Yatay, d\u00fcsey ve bas \u00fcst\u00fc uygulamalarda,<\/span><br \/>\n<span style=\"color: #000000;\">\u2022Is\u0131 yal\u0131t\u0131m uygulamas\u0131 yap\u0131lan mimari yap\u0131larda,<\/span><br \/>\n<span style=\"color: #000000;\">\u2022I\u00e7 ve d\u0131s mek\u00e2nlarda,<\/span><br \/>\n<span style=\"color: #000000;\">\u2022Tugla, gaz beton, br\u00fct beton ve s\u0131val\u0131 y\u00fczeylerde,<\/span><br \/>\n<span style=\"color: #000000;\">\u2022Mantolama haricinde genel yap\u0131st\u0131r\u0131c\u0131 olarak kullan\u0131labilir.<\/span><\/p>\n<p><span style=\"color: #000000;\">\u00dcR\u00dcN \u00d6ZELL\u0130KLER\u0130;<\/span><br \/>\n<span style=\"color: #000000;\">\u2022Y\u00fcksek yap\u0131sma dayan\u0131ml\u0131.<\/span><br \/>\n<span style=\"color: #000000;\">\u2022S\u0131cakl\u0131k ve dona kars\u0131 dayan\u0131ml\u0131 (sertlestikten sonra).<\/span><br \/>\n<span style=\"color: #000000;\">\u2022Profesyonel uygulama rahatl\u0131g\u0131.<\/span><br \/>\n<span style=\"color: #000000;\">\u2022Uzun \u00f6m\u00fcl\u00fc.<\/span><br \/>\n<span style=\"color: #000000;\">\u2022Buhar ge\u00e7irgenligine sahip.<\/span><\/p>\n<p><span style=\"color: #000000;\">U<\/span><span style=\"color: #000000;\">YGULAMA Y\u00d6NTEM\u0130;<\/span><\/p>\n<p><span style=\"color: #000000;\">Y\u00fczey Haz\u0131rl\u0131\u011f\u0131 : <\/span><span style=\"color: #000000;\">Uygulama y\u00fczeyinin saglam, tutunmay\u0131 \u00f6nleyici, kuru,<\/span><span style=\"color: #000000;\">tozsuz, ve temiz olmal\u0131d\u0131r. Y\u00fczey, aderans\u0131 azaltacak her <\/span><span style=\"color: #000000;\">t\u00fcrl\u00fc yag, gres, pas, ve parafin kal\u0131nt\u0131lar\u0131ndan iyice <\/span><span style=\"color: #000000;\">temizlenmeli ve y\u00fczeyde gevsek par\u00e7ac\u0131klar olmamal\u0131d\u0131r. <\/span><span style=\"color: #000000;\">Uygulanacak y\u00fczey s\u0131cakl\u0131g\u0131 +30 \u00b0C\u2019nin \u00fczerinde ise <\/span><span style=\"color: #000000;\">y\u00fczey mutlaka nemlendirilmelidir. Y\u00fczeyde ki bozuk <\/span><span style=\"color: #000000;\">yerleri D- TH tamir har\u00e7lar\u0131ndan uygun olan ile tamir <\/span><span style=\"color: #000000;\">edilmelidir.<\/span><\/p>\n<p><span style=\"color: #000000;\">Kar\u0131\u015ft\u0131rma : <\/span><span style=\"color: #000000;\">Temiz bir kovan\u0131n i\u00e7erisine 5,9-6,5 lt. temiz suyun bir <\/span><span style=\"color: #000000;\">miktar\u0131n\u0131 koyun. \u00dczerine 25 Kg. DTY 1700\u2019\u00fc yava\u015f\u00e7a <\/span><span style=\"color: #000000;\">bo\u015falt\u0131rken kar\u0131\u015ft\u0131r\u0131c\u0131 ile d\u00fc\u015f\u00fck devirde kar\u0131st\u0131rmaya <\/span><span style=\"color: #000000;\">baslay\u0131n. Har\u00e7 topaks\u0131z ve homojen bir hale gelince <\/span><span style=\"color: #000000;\">3-4 dk. dinlenmeye b\u0131rak\u0131n. Daha sonra en az 2 dk. daha <\/span><span style=\"color: #000000;\">kar\u0131\u015ft\u0131rarak kullan\u0131n.<\/span><\/p>\n<p><span style=\"color: #000000;\">SARFIYAT VE SU MIKTARI TABLOSU : <\/span><span style=\"color: #000000;\">1 m\u00b2 Toz Sarfiyat 4 &#8211; 4,5 Kg 5,5 \u2013 6,5 Kg\u00a0 <\/span><span style=\"color: #000000;\">KARISIM SUYU <\/span><span style=\"color: #000000;\">MIKTARI 6 \u2013 7 Lt.\/25 Kg<\/span><\/p>\n<p><span style=\"color: #000000;\">Uygulama y\u00f6ntemleri : <\/span><span style=\"color: #000000;\">Ba\u015fta IZODER olmak \u00fczere yetkili kurumlar iki y\u00f6ntemi <\/span><span style=\"color: #000000;\">\u00f6nermektedir.<\/span><\/p>\n<p><span style=\"color: #000000;\">1. \u00c7er\u00e7eve Y\u00f6ntemi: Is\u0131 yal\u0131t\u0131m levhas\u0131n\u0131n kenarlar\u0131n\u0131 <\/span><span style=\"color: #000000;\">mala yard\u0131m\u0131 ile har\u00e7 ile d\u00f6n\u00fcp ortas\u0131na yap\u0131st\u0131rma <\/span><span style=\"color: #000000;\">harc\u0131n\u0131 \u00f6bek olacak sekilde koyun. Bu sekilde y\u00fczeye <\/span><span style=\"color: #000000;\">yap\u0131st\u0131r\u0131n. ( Genellikle bozuk ve eski y\u00fczeylerde <\/span><span style=\"color: #000000;\">kullan\u0131lan y\u00f6ntemdir.) <\/span><\/p>\n<p><span style=\"color: #000000;\">2. Taraklama Y\u00f6ntemi: Is\u0131 yal\u0131t\u0131m levhas\u0131n\u0131n y\u00fczeyine <\/span><span style=\"color: #000000;\">tarakl\u0131 mala ile harc\u0131m\u0131z\u0131 g\u00fczelce yay\u0131yoruz ve levhay\u0131 <\/span><span style=\"color: #000000;\">y\u00fczeye yap\u0131st\u0131r\u0131yoruz.<\/span><\/p>\n<p><span style=\"color: #000000;\">UYARILAR : <\/span><span style=\"color: #000000;\">Levhan\u0131n y\u00fczeyine \u00f6bekler olusturarak yap\u0131lan uygulama <\/span><span style=\"color: #000000;\">kesinlikle dogru bir uygulama degildir. (+) 5\u00b0C\u2019nin alt\u0131nda<\/span><br \/>\n<span style=\"color: #000000;\">ve (+) 35\u00b0C\u2019nin \u00fcst\u00fcnde ki ortamlarda mutlaka korumaya <\/span><span style=\"color: #000000;\">al\u0131nmal\u0131d\u0131r. Naylon ile etraf\u0131 kapat\u0131lmal\u0131d\u0131r.Dona ve ani su <\/span><span style=\"color: #000000;\">kayb\u0131na kars\u0131 \u00f6nlem al\u0131nmal\u0131d\u0131r.<\/span><\/p>\n<p><span style=\"color: #000000;\">AMBALAJ : <\/span><span style=\"color: #000000;\">25 KG KRAFT TORBA<\/span><\/p>\n<p><span style=\"color: #000000;\">RAF \u00d6MR\u00dc : <\/span><span style=\"color: #000000;\">Orijinal, hasar g\u00f6rmemis ve a\u00e7\u0131lmam\u0131s ambalaj\u0131nda\u00a0 <\/span><span style=\"color: #000000;\">ve depolama sarlar\u0131na uyulmas\u0131 durumunda \u00fcretim <\/span><span style=\"color: #000000;\">tarihi itibariyle 12 ayd\u0131r.<\/span><br \/>\n<span style=\"color: #000000;\">DEPOLAMA : <\/span><span style=\"color: #000000;\">+5 \u00b0C ve 30\u00b0C aral\u0131g\u0131nda muhafaza edilmelidir. Dondan,<\/span><span style=\"color: #000000;\">nemden ve direkt g\u00fcnes \u0131s\u0131ndan korunmal\u0131d\u0131r.<\/span><\/p>\n<p><em><span style=\"color: #000000;\">\u00dcr\u00fcn Teknik \u00f6zellikleri ve di\u011fer bilgiler i\u00e7in tds belgesini indirmenizi rica ederiz.<\/span><\/em><\/p>\n","protected":false},"excerpt":{"rendered":"<p><span style=\"color: #000000;\"><a style=\"color: #000000;\" href=\"https:\/\/dolphinfix.com.tr\/eticaret\/wp-content\/uploads\/2025\/04\/ISI-YALITIM-LEVHA-YAPISTIRICISI-D-THERM-1700-DTY-TDS.pdf\" target=\"_blank\" rel=\"noopener\">TDS Belgesini \u0130ndirmek \u0130\u00e7in T\u0131klay\u0131n\u0131z<br \/>\n<\/a><\/span><span style=\"color: #000000;\"><a style=\"color: #000000;\" href=\"#\" target=\"_blank\" rel=\"noopener\">CE Belgesini \u0130ndirmek \u0130\u00e7in T\u0131klay\u0131n\u0131z<\/a><\/span><\/p>\n","protected":false},"featured_media":16206,"comment_status":"open","ping_status":"closed","template":"","meta":{"_joinchat":[]},"product_cat":[87,125],"product_tag":[365,354,362,359,358,357,352,355,366,364,356,353,361,363,360],"class_list":{"0":"post-15897","1":"product","2":"type-product","3":"status-publish","4":"has-post-thumbnail","6":"product_cat-isi-yalitimi","7":"product_cat-mantolama","8":"product_tag-dayanikli-yapistirma-harci","9":"product_tag-dis-cephe-isi-yalitim-yapistiricisi","10":"product_tag-dis-cephe-levha-yapistirma","11":"product_tag-enerji-tasarruflu-yapistirici","12":"product_tag-guclu-yapistirici-harc","13":"product_tag-isi-yalitim-levha-harci","14":"product_tag-isi-yalitim-levha-yapistiricisi","15":"product_tag-isi-yalitim-malzemesi-yapistiricisi","16":"product_tag-isi-yalitim-uygulama-malzemesi","17":"product_tag-kolay-uygulanabilir-yapistirici","18":"product_tag-levha-yapistirma-harci","19":"product_tag-mantolama-yapistiricisi","20":"product_tag-profesyonel-yalitim-yapistiricisi","21":"product_tag-uzun-omurlu-yapistirici","22":"product_tag-yuksek-yapisma-gucu","24":"first","25":"instock","26":"taxable","27":"shipping-taxable","28":"purchasable","29":"product-type-variable"},"yoast_head":"<!-- This site is optimized with the Yoast SEO Premium plugin v20.2.1 (Yoast SEO v20.2.1) - https:\/\/yoast.com\/wordpress\/plugins\/seo\/ -->\n<title>Is\u0131 Yal\u0131t\u0131m Levhas\u0131 Yap\u0131\u015ft\u0131rma Harc\u0131 | DTY 1700 \u00c7imento Esasl\u0131 Profesyonel \u00c7\u00f6z\u00fcm<\/title>\n<meta name=\"description\" content=\"DTY 1700, EPS, XPS ve ta\u015f y\u00fcn\u00fc gibi \u0131s\u0131 yal\u0131t\u0131m levhalar\u0131n\u0131n yap\u0131\u015ft\u0131r\u0131lmas\u0131nda kullan\u0131lan \u00e7imento esasl\u0131, polimer modifiyeli y\u00fcksek dayan\u0131ml\u0131 yap\u0131\u015ft\u0131rma harc\u0131d\u0131r. \u0130\u00e7 ve d\u0131\u015f cephe mantolama uygulamalar\u0131 i\u00e7in idealdir.\" \/>\n<meta name=\"robots\" content=\"index, follow, max-snippet:-1, max-image-preview:large, max-video-preview:-1\" \/>\n<link rel=\"canonical\" href=\"https:\/\/dolphinfix.com.tr\/eticaret\/urun\/isi-yalitim-levhasi-yapistirma-harci\/\" \/>\n<meta property=\"og:locale\" content=\"tr_TR\" \/>\n<meta property=\"og:type\" content=\"article\" \/>\n<meta property=\"og:title\" content=\"D-THERM Y 1700 DTY - ISI YALITIM LEVHA YAPI\u015eTIRICISI\" \/>\n<meta property=\"og:description\" content=\"DTY 1700, EPS, XPS ve ta\u015f y\u00fcn\u00fc gibi \u0131s\u0131 yal\u0131t\u0131m levhalar\u0131n\u0131n yap\u0131\u015ft\u0131r\u0131lmas\u0131nda kullan\u0131lan \u00e7imento esasl\u0131, polimer modifiyeli y\u00fcksek dayan\u0131ml\u0131 yap\u0131\u015ft\u0131rma harc\u0131d\u0131r. \u0130\u00e7 ve d\u0131\u015f cephe mantolama uygulamalar\u0131 i\u00e7in idealdir.\" \/>\n<meta property=\"og:url\" content=\"https:\/\/dolphinfix.com.tr\/eticaret\/urun\/isi-yalitim-levhasi-yapistirma-harci\/\" \/>\n<meta property=\"og:site_name\" content=\"Dolphinfix\" \/>\n<meta property=\"article:modified_time\" content=\"2026-03-12T05:46:40+00:00\" \/>\n<meta property=\"og:image\" content=\"https:\/\/dolphinfix.com.tr\/eticaret\/wp-content\/uploads\/2024\/10\/1700.png\" \/>\n\t<meta property=\"og:image:width\" content=\"1000\" \/>\n\t<meta property=\"og:image:height\" content=\"1000\" \/>\n\t<meta property=\"og:image:type\" content=\"image\/png\" \/>\n<meta name=\"twitter:card\" content=\"summary_large_image\" \/>\n<meta name=\"twitter:label1\" content=\"Tahmini okuma s\u00fcresi\" \/>\n\t<meta name=\"twitter:data1\" content=\"3 dakika\" \/>\n<script type=\"application\/ld+json\" class=\"yoast-schema-graph\">{\"@context\":\"https:\/\/schema.org\",\"@graph\":[{\"@type\":\"WebPage\",\"@id\":\"https:\/\/dolphinfix.com.tr\/eticaret\/urun\/isi-yalitim-levhasi-yapistirma-harci\/\",\"url\":\"https:\/\/dolphinfix.com.tr\/eticaret\/urun\/isi-yalitim-levhasi-yapistirma-harci\/\",\"name\":\"Is\u0131 Yal\u0131t\u0131m Levhas\u0131 Yap\u0131\u015ft\u0131rma Harc\u0131 | DTY 1700 \u00c7imento Esasl\u0131 Profesyonel \u00c7\u00f6z\u00fcm\",\"isPartOf\":{\"@id\":\"https:\/\/dolphinfix.com.tr\/eticaret\/#website\"},\"datePublished\":\"2024-10-19T12:25:14+00:00\",\"dateModified\":\"2026-03-12T05:46:40+00:00\",\"description\":\"DTY 1700, EPS, XPS ve ta\u015f y\u00fcn\u00fc gibi \u0131s\u0131 yal\u0131t\u0131m levhalar\u0131n\u0131n yap\u0131\u015ft\u0131r\u0131lmas\u0131nda kullan\u0131lan \u00e7imento esasl\u0131, polimer modifiyeli y\u00fcksek dayan\u0131ml\u0131 yap\u0131\u015ft\u0131rma harc\u0131d\u0131r. \u0130\u00e7 ve d\u0131\u015f cephe mantolama uygulamalar\u0131 i\u00e7in idealdir.\",\"breadcrumb\":{\"@id\":\"https:\/\/dolphinfix.com.tr\/eticaret\/urun\/isi-yalitim-levhasi-yapistirma-harci\/#breadcrumb\"},\"inLanguage\":\"tr\",\"potentialAction\":[{\"@type\":\"ReadAction\",\"target\":[\"https:\/\/dolphinfix.com.tr\/eticaret\/urun\/isi-yalitim-levhasi-yapistirma-harci\/\"]}]},{\"@type\":\"BreadcrumbList\",\"@id\":\"https:\/\/dolphinfix.com.tr\/eticaret\/urun\/isi-yalitim-levhasi-yapistirma-harci\/#breadcrumb\",\"itemListElement\":[{\"@type\":\"ListItem\",\"position\":1,\"name\":\"Home\",\"item\":\"https:\/\/dolphinfix.com.tr\/eticaret\/\"},{\"@type\":\"ListItem\",\"position\":2,\"name\":\"Market\",\"item\":\"https:\/\/dolphinfix.com.tr\/eticaret\/market\/\"},{\"@type\":\"ListItem\",\"position\":3,\"name\":\"D-THERM Y 1700 DTY &#8211; ISI YALITIM LEVHA YAPI\u015eTIRICISI\"}]},{\"@type\":\"WebSite\",\"@id\":\"https:\/\/dolphinfix.com.tr\/eticaret\/#website\",\"url\":\"https:\/\/dolphinfix.com.tr\/eticaret\/\",\"name\":\"Dolphinfix\",\"description\":\"\",\"potentialAction\":[{\"@type\":\"SearchAction\",\"target\":{\"@type\":\"EntryPoint\",\"urlTemplate\":\"https:\/\/dolphinfix.com.tr\/eticaret\/?s={search_term_string}\"},\"query-input\":\"required name=search_term_string\"}],\"inLanguage\":\"tr\"}]}<\/script>\n<!-- \/ Yoast SEO Premium plugin. -->","yoast_head_json":{"title":"Is\u0131 Yal\u0131t\u0131m Levhas\u0131 Yap\u0131\u015ft\u0131rma Harc\u0131 | DTY 1700 \u00c7imento Esasl\u0131 Profesyonel \u00c7\u00f6z\u00fcm","description":"DTY 1700, EPS, XPS ve ta\u015f y\u00fcn\u00fc gibi \u0131s\u0131 yal\u0131t\u0131m levhalar\u0131n\u0131n yap\u0131\u015ft\u0131r\u0131lmas\u0131nda kullan\u0131lan \u00e7imento esasl\u0131, polimer modifiyeli y\u00fcksek dayan\u0131ml\u0131 yap\u0131\u015ft\u0131rma harc\u0131d\u0131r. \u0130\u00e7 ve d\u0131\u015f cephe mantolama uygulamalar\u0131 i\u00e7in idealdir.","robots":{"index":"index","follow":"follow","max-snippet":"max-snippet:-1","max-image-preview":"max-image-preview:large","max-video-preview":"max-video-preview:-1"},"canonical":"https:\/\/dolphinfix.com.tr\/eticaret\/urun\/isi-yalitim-levhasi-yapistirma-harci\/","og_locale":"tr_TR","og_type":"article","og_title":"D-THERM Y 1700 DTY - ISI YALITIM LEVHA YAPI\u015eTIRICISI","og_description":"DTY 1700, EPS, XPS ve ta\u015f y\u00fcn\u00fc gibi \u0131s\u0131 yal\u0131t\u0131m levhalar\u0131n\u0131n yap\u0131\u015ft\u0131r\u0131lmas\u0131nda kullan\u0131lan \u00e7imento esasl\u0131, polimer modifiyeli y\u00fcksek dayan\u0131ml\u0131 yap\u0131\u015ft\u0131rma harc\u0131d\u0131r. \u0130\u00e7 ve d\u0131\u015f cephe mantolama uygulamalar\u0131 i\u00e7in idealdir.","og_url":"https:\/\/dolphinfix.com.tr\/eticaret\/urun\/isi-yalitim-levhasi-yapistirma-harci\/","og_site_name":"Dolphinfix","article_modified_time":"2026-03-12T05:46:40+00:00","og_image":[{"width":1000,"height":1000,"url":"https:\/\/dolphinfix.com.tr\/eticaret\/wp-content\/uploads\/2024\/10\/1700.png","type":"image\/png"}],"twitter_card":"summary_large_image","twitter_misc":{"Tahmini okuma s\u00fcresi":"3 dakika"},"schema":{"@context":"https:\/\/schema.org","@graph":[{"@type":"WebPage","@id":"https:\/\/dolphinfix.com.tr\/eticaret\/urun\/isi-yalitim-levhasi-yapistirma-harci\/","url":"https:\/\/dolphinfix.com.tr\/eticaret\/urun\/isi-yalitim-levhasi-yapistirma-harci\/","name":"Is\u0131 Yal\u0131t\u0131m Levhas\u0131 Yap\u0131\u015ft\u0131rma Harc\u0131 | DTY 1700 \u00c7imento Esasl\u0131 Profesyonel \u00c7\u00f6z\u00fcm","isPartOf":{"@id":"https:\/\/dolphinfix.com.tr\/eticaret\/#website"},"datePublished":"2024-10-19T12:25:14+00:00","dateModified":"2026-03-12T05:46:40+00:00","description":"DTY 1700, EPS, XPS ve ta\u015f y\u00fcn\u00fc gibi \u0131s\u0131 yal\u0131t\u0131m levhalar\u0131n\u0131n yap\u0131\u015ft\u0131r\u0131lmas\u0131nda kullan\u0131lan \u00e7imento esasl\u0131, polimer modifiyeli y\u00fcksek dayan\u0131ml\u0131 yap\u0131\u015ft\u0131rma harc\u0131d\u0131r. \u0130\u00e7 ve d\u0131\u015f cephe mantolama uygulamalar\u0131 i\u00e7in idealdir.","breadcrumb":{"@id":"https:\/\/dolphinfix.com.tr\/eticaret\/urun\/isi-yalitim-levhasi-yapistirma-harci\/#breadcrumb"},"inLanguage":"tr","potentialAction":[{"@type":"ReadAction","target":["https:\/\/dolphinfix.com.tr\/eticaret\/urun\/isi-yalitim-levhasi-yapistirma-harci\/"]}]},{"@type":"BreadcrumbList","@id":"https:\/\/dolphinfix.com.tr\/eticaret\/urun\/isi-yalitim-levhasi-yapistirma-harci\/#breadcrumb","itemListElement":[{"@type":"ListItem","position":1,"name":"Home","item":"https:\/\/dolphinfix.com.tr\/eticaret\/"},{"@type":"ListItem","position":2,"name":"Market","item":"https:\/\/dolphinfix.com.tr\/eticaret\/market\/"},{"@type":"ListItem","position":3,"name":"D-THERM Y 1700 DTY &#8211; ISI YALITIM LEVHA YAPI\u015eTIRICISI"}]},{"@type":"WebSite","@id":"https:\/\/dolphinfix.com.tr\/eticaret\/#website","url":"https:\/\/dolphinfix.com.tr\/eticaret\/","name":"Dolphinfix","description":"","potentialAction":[{"@type":"SearchAction","target":{"@type":"EntryPoint","urlTemplate":"https:\/\/dolphinfix.com.tr\/eticaret\/?s={search_term_string}"},"query-input":"required name=search_term_string"}],"inLanguage":"tr"}]}},"_links":{"self":[{"href":"https:\/\/dolphinfix.com.tr\/eticaret\/wp-json\/wp\/v2\/product\/15897","targetHints":{"allow":["GET"]}}],"collection":[{"href":"https:\/\/dolphinfix.com.tr\/eticaret\/wp-json\/wp\/v2\/product"}],"about":[{"href":"https:\/\/dolphinfix.com.tr\/eticaret\/wp-json\/wp\/v2\/types\/product"}],"replies":[{"embeddable":true,"href":"https:\/\/dolphinfix.com.tr\/eticaret\/wp-json\/wp\/v2\/comments?post=15897"}],"version-history":[{"count":18,"href":"https:\/\/dolphinfix.com.tr\/eticaret\/wp-json\/wp\/v2\/product\/15897\/revisions"}],"predecessor-version":[{"id":19427,"href":"https:\/\/dolphinfix.com.tr\/eticaret\/wp-json\/wp\/v2\/product\/15897\/revisions\/19427"}],"wp:featuredmedia":[{"embeddable":true,"href":"https:\/\/dolphinfix.com.tr\/eticaret\/wp-json\/wp\/v2\/media\/16206"}],"wp:attachment":[{"href":"https:\/\/dolphinfix.com.tr\/eticaret\/wp-json\/wp\/v2\/media?parent=15897"}],"wp:term":[{"taxonomy":"product_cat","embeddable":true,"href":"https:\/\/dolphinfix.com.tr\/eticaret\/wp-json\/wp\/v2\/product_cat?post=15897"},{"taxonomy":"product_tag","embeddable":true,"href":"https:\/\/dolphinfix.com.tr\/eticaret\/wp-json\/wp\/v2\/product_tag?post=15897"}],"curies":[{"name":"wp","href":"https:\/\/api.w.org\/{rel}","templated":true}]}}