{"id":15901,"date":"2024-10-19T15:39:50","date_gmt":"2024-10-19T12:39:50","guid":{"rendered":"https:\/\/dolphinfix.com.tr\/eticaret?post_type=product&#038;p=15901"},"modified":"2026-03-12T08:47:29","modified_gmt":"2026-03-12T05:47:29","slug":"isi-yalitim-siva-harci","status":"publish","type":"product","link":"https:\/\/dolphinfix.com.tr\/eticaret\/urun\/isi-yalitim-siva-harci\/","title":{"rendered":"D THERM 1701 DTS &#8211; ISI YALITIM LEVHA SIVASI"},"content":{"rendered":"<h3><span style=\"color: #c61016;\">\u00dcR\u00dcN B\u0130LG\u0130LER\u0130 ;<\/span><\/h3>\n<p><span style=\"color: #000000;\">TANIMI: DTY 1701, Is\u0131 yal\u0131t\u0131m levhalar\u0131n\u0131n (EPS, XPS, tas y\u00fcn\u00fc,\u0131s\u0131 ve ses yal\u0131t\u0131m ke\u00e7esi vb.) \u00fczerinin s\u0131vanmas\u0131 i\u00e7in gelistirilmis \u00e7imento esasl\u0131, polimer modtifiyeli elyaf takviyeli s\u0131va harc\u0131d\u0131r.<\/span><\/p>\n<p><span style=\"color: #000000;\">KULLANIM ALANLARI;<\/span><br \/>\n<span style=\"color: #000000;\">\u2022T\u00fcm \u0131s\u0131 yal\u0131t\u0131m levhalar\u0131n\u0131n (EPS, XPS, tas y\u00fcn\u00fc, \u0131s\u0131 ve ses yal\u0131t\u0131m ke\u00e7esi vb.) s\u0131vanmas\u0131nda,<\/span><br \/>\n<span style=\"color: #000000;\">\u2022Yatay, d\u00fcsey ve bas \u00fcst\u00fc s\u0131va uygulamalar\u0131nda,<\/span><br \/>\n<span style=\"color: #000000;\">\u2022Is\u0131 yal\u0131t\u0131m uygulamas\u0131 yap\u0131lan mimari yap\u0131larda,<\/span><br \/>\n<span style=\"color: #000000;\">\u2022I\u00e7 ve d\u0131s mek\u00e2nlarda,<\/span><br \/>\n<span style=\"color: #000000;\">\u2022Beton, gaz beton, br\u00fct beton ve asmolen k\u00f6p\u00fcg\u00fc \u00fczerine s\u0131va yapmada,<\/span><br \/>\n<span style=\"color: #000000;\">\u2022Mantolama haricinde de genel s\u0131va olarak kullan\u0131l\u0131r.<\/span><\/p>\n<p><span style=\"color: #000000;\">\u00dcR\u00dcN \u00d6ZEL\u0130KLER\u0130;<\/span><br \/>\n<span style=\"color: #000000;\">\u2022Kolay s\u0131va \u00f6zelligi,<\/span><br \/>\n<span style=\"color: #000000;\">\u2022Hava sartlar\u0131na dayan\u0131kl\u0131d\u0131r. (sertlestikten sonra).<\/span><br \/>\n<span style=\"color: #000000;\">\u2022Profesyonel uygulama rahatl\u0131g\u0131.<\/span><br \/>\n<span style=\"color: #000000;\">\u2022Kolay ve uzun s\u00fcre islenebilir.<\/span><br \/>\n<span style=\"color: #000000;\">\u2022Buhar ge\u00e7irgenligine sahip.<\/span><br \/>\n<span style=\"color: #000000;\">\u2022t\u00dczerine direkt boya ugulanabilir.<\/span><\/p>\n<p><span style=\"color: #000000;\">UYGULAMA B\u0130LG\u0130S\u0130;<\/span><\/p>\n<p><span style=\"color: #000000;\">Y\u00fczey Haz\u0131rl\u0131\u011f\u0131 : Uygulama y\u00fczeyinin saglam, tutunmay\u0131 \u00f6nleyici, kuru, tozsuz, ve temiz olmal\u0131d\u0131r. Y\u00fczey, aderans\u0131 azaltacak her t\u00fcrl\u00fc yag, gres, pas, ve parafin kal\u0131nt\u0131lar\u0131ndan iyice temizlenmeli ve y\u00fczeyde gevsek par\u00e7ac\u0131klar olmamal\u0131d\u0131r. Uygulanacak y\u00fczey s\u0131cakl\u0131g\u0131 +30 \u00b0C\u2019nin \u00fczerinde ise y\u00fczey mutlaka nemlendirilmelidir. Y\u00fczeyde ki bozuk yerleri D- TH tamir har\u00e7lar\u0131ndan uygun olan ile tamir edilmelidir.<\/span><\/p>\n<p><span style=\"color: #000000;\">Uygulama \u00d6ncesi : Is\u0131 yal\u0131t\u0131m levhalar\u0131 yap\u0131st\u0131r\u0131l\u0131p kuruma s\u00fcresi beklendikten sonra levhalar aras\u0131nda olusabilecek bosluklar uygun b\u00fcy\u00fckl\u00fckte kesilmis levha par\u00e7alar\u0131 ile doldurulup d\u00fcbelleme islemine ge\u00e7ilir. 1 m\u00b2 ye 6 d\u00fcbel d\u00fcsecek sekilde d\u00fcbelleme islemi yap\u0131l\u0131r. Katlar y\u00fckseldik\u00e7e d\u00fcbel say\u0131s\u0131 art\u0131r\u0131lmal\u0131d\u0131r. D\u00fcbellerin bas k\u0131sm\u0131n\u0131n ne fazla d\u0131sar\u0131da nede fazla i\u00e7eride olmamas\u0131na dikkat edin.<\/span><\/p>\n<p><span style=\"color: #000000;\">Kar\u0131st\u0131rma :\u00a0 Temiz bir kovan\u0131n i\u00e7erisine 6 &#8211; 7 lt. temiz suyun bir miktar\u0131n\u0131 koyun. \u00dczerine 25 Kg. DTS 1701\u2019i yavas\u00e7a bosalt\u0131rken kar\u0131st\u0131r\u0131c\u0131 ile d\u00fcs\u00fck devirde kar\u0131st\u0131rmaya baslay\u0131n. Kalan suyu ilave edin har\u00e7 topaks\u0131z ve homojen bir hale gelince 3-4 dk. dinlenmeye b\u0131rak\u0131n. Daha sonra en az 2 dk. daha kar\u0131st\u0131rarak kullan\u0131n.<\/span><\/p>\n<p><span style=\"color: #000000;\">Uygulama : 10&#215;10 mm &#8216;lik tarakl\u0131 \u00e7elik mala ile 4 mm kal\u0131nl\u0131g\u0131nda \u0131s\u0131 yal\u0131t\u0131m levhalar\u0131n\u0131n \u00fczerine uygulan\u0131r. Alkali dayan\u0131ml\u0131 donat\u0131 filesi (160 gr\/m2 ) 10 cm \u00fcst \u00fcste bindirilerek mala ile s\u0131va kurumadan d\u0131s cepheye yak\u0131n olacak sekilde 1-1,5 mm bast\u0131r\u0131l\u0131r ve s\u0131va y\u00fczeyi\u00a0 \u00fczeltilir. Kap\u0131, pencere gibi ani kesit degisimi olan yerlerde ayr\u0131ca s\u0131va filesi takviyesi ve DTS 1701 uygulamas\u0131 yap\u0131lmal\u0131d\u0131r. Yap\u0131 kenarlar\u0131n\u0131n d\u00fczg\u00fcn \u00e7\u0131kmas\u0131 i\u00e7in yap\u0131lan, profil uygulamalar\u0131nda, fileli k\u00f6se profili tercih edilmesi tavsiye edilir. Uygulama veya<\/span><br \/>\n<span style=\"color: #000000;\">kuruma esnas\u0131nda \u00e7evre s\u0131cakl\u0131g\u0131 ve y\u00fczey s\u0131cakl\u0131g\u0131 en az (+)5 \u00b0C, en \u00e7ok (+)30 \u00b0C aras\u0131nda olmal\u0131d\u0131r.<\/span><\/p>\n<p><span style=\"color: #000000;\">UYARILAR : (+) 5 \u00b0C\u2019nin alt\u0131nda ve (+) 35 \u00b0C\u2019nin \u00fcst\u00fcnde ki ortamlarda mutlaka korumaya al\u0131nmal\u0131d\u0131r. Naylon ile etraf\u0131 kapat\u0131lmal\u0131d\u0131r.Dona ve ani su kayb\u0131na kars\u0131 \u00f6nlem al\u0131nmal\u0131d\u0131r.<\/span><\/p>\n<p><span style=\"color: #000000;\">AMBALAJ : 25 KG KRAFT TORBA<\/span><\/p>\n<p><span style=\"color: #000000;\">RAF \u00d6MR\u00dc : Orijinal, hasar g\u00f6rmemis ve a\u00e7\u0131lmam\u0131s ambalaj\u0131nda ve depolama sarlar\u0131na uyulmas\u0131 durumunda \u00fcretim tarihi itibariyle 12 ayd\u0131r.<\/span><\/p>\n<p><span style=\"color: #000000;\">SARFIYAT VE SU MIKTARI : 1 m\u00b2 Toz Sarfiyat 4,5 \u2013 5,5 Kg 5,5 \u2013 6,5 Kg KARISIM SUYU MIKTARI 6 \u2013 7 Lt.\/25 Kg<\/span><\/p>\n<p><span style=\"color: #000000;\">DEPOLAMA SARTLARI : +5 \u00b0C ve 30\u00b0C aral\u0131g\u0131nda muhafaza edilmelidir. Dondan, nemden ve direkt g\u00fcnes \u0131s\u0131ndan korunmal\u0131d\u0131r.<\/span><\/p>\n<p><span style=\"color: #000000;\"><em>\u00dcr\u00fcn Teknik \u00f6zellikleri ve di\u011fer bilgiler i\u00e7in tds belgesini indirmenizi rica ederiz.<\/em><\/span><\/p>\n","protected":false},"excerpt":{"rendered":"<p><span style=\"color: #000000;\"><a style=\"color: #000000;\" href=\"https:\/\/dolphinfix.com.tr\/eticaret\/wp-content\/uploads\/2025\/04\/ISI-YALITIM-LEVHA-SIVASI-D-THERM-1701-DTS.pdf\" target=\"_blank\" rel=\"noopener\">TDS Belgesini \u0130ndirmek \u0130\u00e7in T\u0131klay\u0131n\u0131z<br \/>\n<\/a><\/span><span style=\"color: #000000;\"><a style=\"color: #000000;\" href=\"#\" target=\"_blank\" rel=\"noopener\">CE Belgesini \u0130ndirmek \u0130\u00e7in T\u0131klay\u0131n\u0131z<\/a><\/span><\/p>\n","protected":false},"featured_media":16208,"comment_status":"open","ping_status":"closed","template":"","meta":{"_joinchat":[]},"product_cat":[87,125],"product_tag":[367,368,369,370,371,372,373,374,375,376,377,378,379,380,381],"class_list":{"0":"post-15901","1":"product","2":"type-product","3":"status-publish","4":"has-post-thumbnail","6":"product_cat-isi-yalitimi","7":"product_cat-mantolama","8":"product_tag-dayanikli-dis-cephe-sivasi","9":"product_tag-dekoratif-kaplama-sivasi","10":"product_tag-dis-cephe-isi-yalitim-sivasi","11":"product_tag-enerji-tasarruflu-siva","12":"product_tag-isi-izolasyon-sivasi","13":"product_tag-isi-yalitim-levha-sivasi","14":"product_tag-isi-yalitim-siva-harci","15":"product_tag-kolay-uygulanabilir-siva","16":"product_tag-levha-kaplama-sivasi","17":"product_tag-mantolama-sivasi","18":"product_tag-nefes-alan-isi-yalitim-sivasi","19":"product_tag-profesyonel-mantolama-sivasi","20":"product_tag-uzun-omurlu-yalitim-sivasi","21":"product_tag-yalitim-levha-kaplama","22":"product_tag-yuksek-performansli-isi-yalitim-sivasi","24":"first","25":"instock","26":"taxable","27":"shipping-taxable","28":"purchasable","29":"product-type-variable"},"yoast_head":"<!-- This site is optimized with the Yoast SEO Premium plugin v20.2.1 (Yoast SEO v20.2.1) - https:\/\/yoast.com\/wordpress\/plugins\/seo\/ -->\n<title>Is\u0131 Yal\u0131t\u0131m S\u0131va Harc\u0131 | DTY 1701 Elyaf Takviyeli Mantolama S\u0131vas\u0131<\/title>\n<meta name=\"description\" content=\"DTY 1701, EPS, XPS ve ta\u015f y\u00fcn\u00fc gibi \u0131s\u0131 yal\u0131t\u0131m levhalar\u0131 \u00fczerine uygulanan, \u00e7imento esasl\u0131, polimer modifiyeli ve elyaf takviyeli profesyonel s\u0131va harc\u0131d\u0131r. \u0130\u00e7 ve d\u0131\u015f cephe mantolama sistemlerinde y\u00fcksek dayan\u0131m ve buhar ge\u00e7irgenli\u011fi sa\u011flar.\" \/>\n<meta name=\"robots\" content=\"index, follow, max-snippet:-1, max-image-preview:large, max-video-preview:-1\" \/>\n<link rel=\"canonical\" href=\"https:\/\/dolphinfix.com.tr\/eticaret\/urun\/isi-yalitim-siva-harci\/\" \/>\n<meta property=\"og:locale\" content=\"tr_TR\" \/>\n<meta property=\"og:type\" content=\"article\" \/>\n<meta property=\"og:title\" content=\"D THERM 1701 DTS - ISI YALITIM LEVHA SIVASI\" \/>\n<meta property=\"og:description\" content=\"DTY 1701, EPS, XPS ve ta\u015f y\u00fcn\u00fc gibi \u0131s\u0131 yal\u0131t\u0131m levhalar\u0131 \u00fczerine uygulanan, \u00e7imento esasl\u0131, polimer modifiyeli ve elyaf takviyeli profesyonel s\u0131va harc\u0131d\u0131r. \u0130\u00e7 ve d\u0131\u015f cephe mantolama sistemlerinde y\u00fcksek dayan\u0131m ve buhar ge\u00e7irgenli\u011fi sa\u011flar.\" \/>\n<meta property=\"og:url\" content=\"https:\/\/dolphinfix.com.tr\/eticaret\/urun\/isi-yalitim-siva-harci\/\" \/>\n<meta property=\"og:site_name\" content=\"Dolphinfix\" \/>\n<meta property=\"article:modified_time\" content=\"2026-03-12T05:47:29+00:00\" \/>\n<meta property=\"og:image\" content=\"https:\/\/dolphinfix.com.tr\/eticaret\/wp-content\/uploads\/2024\/10\/1701.png\" \/>\n\t<meta property=\"og:image:width\" content=\"1000\" \/>\n\t<meta property=\"og:image:height\" content=\"1000\" \/>\n\t<meta property=\"og:image:type\" content=\"image\/png\" \/>\n<meta name=\"twitter:card\" content=\"summary_large_image\" \/>\n<meta name=\"twitter:label1\" content=\"Tahmini okuma s\u00fcresi\" \/>\n\t<meta name=\"twitter:data1\" content=\"3 dakika\" \/>\n<script type=\"application\/ld+json\" class=\"yoast-schema-graph\">{\"@context\":\"https:\/\/schema.org\",\"@graph\":[{\"@type\":\"WebPage\",\"@id\":\"https:\/\/dolphinfix.com.tr\/eticaret\/urun\/isi-yalitim-siva-harci\/\",\"url\":\"https:\/\/dolphinfix.com.tr\/eticaret\/urun\/isi-yalitim-siva-harci\/\",\"name\":\"Is\u0131 Yal\u0131t\u0131m S\u0131va Harc\u0131 | DTY 1701 Elyaf Takviyeli Mantolama S\u0131vas\u0131\",\"isPartOf\":{\"@id\":\"https:\/\/dolphinfix.com.tr\/eticaret\/#website\"},\"datePublished\":\"2024-10-19T12:39:50+00:00\",\"dateModified\":\"2026-03-12T05:47:29+00:00\",\"description\":\"DTY 1701, EPS, XPS ve ta\u015f y\u00fcn\u00fc gibi \u0131s\u0131 yal\u0131t\u0131m levhalar\u0131 \u00fczerine uygulanan, \u00e7imento esasl\u0131, polimer modifiyeli ve elyaf takviyeli profesyonel s\u0131va harc\u0131d\u0131r. \u0130\u00e7 ve d\u0131\u015f cephe mantolama sistemlerinde y\u00fcksek dayan\u0131m ve buhar ge\u00e7irgenli\u011fi sa\u011flar.\",\"breadcrumb\":{\"@id\":\"https:\/\/dolphinfix.com.tr\/eticaret\/urun\/isi-yalitim-siva-harci\/#breadcrumb\"},\"inLanguage\":\"tr\",\"potentialAction\":[{\"@type\":\"ReadAction\",\"target\":[\"https:\/\/dolphinfix.com.tr\/eticaret\/urun\/isi-yalitim-siva-harci\/\"]}]},{\"@type\":\"BreadcrumbList\",\"@id\":\"https:\/\/dolphinfix.com.tr\/eticaret\/urun\/isi-yalitim-siva-harci\/#breadcrumb\",\"itemListElement\":[{\"@type\":\"ListItem\",\"position\":1,\"name\":\"Home\",\"item\":\"https:\/\/dolphinfix.com.tr\/eticaret\/\"},{\"@type\":\"ListItem\",\"position\":2,\"name\":\"Market\",\"item\":\"https:\/\/dolphinfix.com.tr\/eticaret\/market\/\"},{\"@type\":\"ListItem\",\"position\":3,\"name\":\"D THERM 1701 DTS &#8211; ISI YALITIM LEVHA SIVASI\"}]},{\"@type\":\"WebSite\",\"@id\":\"https:\/\/dolphinfix.com.tr\/eticaret\/#website\",\"url\":\"https:\/\/dolphinfix.com.tr\/eticaret\/\",\"name\":\"Dolphinfix\",\"description\":\"\",\"potentialAction\":[{\"@type\":\"SearchAction\",\"target\":{\"@type\":\"EntryPoint\",\"urlTemplate\":\"https:\/\/dolphinfix.com.tr\/eticaret\/?s={search_term_string}\"},\"query-input\":\"required name=search_term_string\"}],\"inLanguage\":\"tr\"}]}<\/script>\n<!-- \/ Yoast SEO Premium plugin. -->","yoast_head_json":{"title":"Is\u0131 Yal\u0131t\u0131m S\u0131va Harc\u0131 | DTY 1701 Elyaf Takviyeli Mantolama S\u0131vas\u0131","description":"DTY 1701, EPS, XPS ve ta\u015f y\u00fcn\u00fc gibi \u0131s\u0131 yal\u0131t\u0131m levhalar\u0131 \u00fczerine uygulanan, \u00e7imento esasl\u0131, polimer modifiyeli ve elyaf takviyeli profesyonel s\u0131va harc\u0131d\u0131r. \u0130\u00e7 ve d\u0131\u015f cephe mantolama sistemlerinde y\u00fcksek dayan\u0131m ve buhar ge\u00e7irgenli\u011fi sa\u011flar.","robots":{"index":"index","follow":"follow","max-snippet":"max-snippet:-1","max-image-preview":"max-image-preview:large","max-video-preview":"max-video-preview:-1"},"canonical":"https:\/\/dolphinfix.com.tr\/eticaret\/urun\/isi-yalitim-siva-harci\/","og_locale":"tr_TR","og_type":"article","og_title":"D THERM 1701 DTS - ISI YALITIM LEVHA SIVASI","og_description":"DTY 1701, EPS, XPS ve ta\u015f y\u00fcn\u00fc gibi \u0131s\u0131 yal\u0131t\u0131m levhalar\u0131 \u00fczerine uygulanan, \u00e7imento esasl\u0131, polimer modifiyeli ve elyaf takviyeli profesyonel s\u0131va harc\u0131d\u0131r. \u0130\u00e7 ve d\u0131\u015f cephe mantolama sistemlerinde y\u00fcksek dayan\u0131m ve buhar ge\u00e7irgenli\u011fi sa\u011flar.","og_url":"https:\/\/dolphinfix.com.tr\/eticaret\/urun\/isi-yalitim-siva-harci\/","og_site_name":"Dolphinfix","article_modified_time":"2026-03-12T05:47:29+00:00","og_image":[{"width":1000,"height":1000,"url":"https:\/\/dolphinfix.com.tr\/eticaret\/wp-content\/uploads\/2024\/10\/1701.png","type":"image\/png"}],"twitter_card":"summary_large_image","twitter_misc":{"Tahmini okuma s\u00fcresi":"3 dakika"},"schema":{"@context":"https:\/\/schema.org","@graph":[{"@type":"WebPage","@id":"https:\/\/dolphinfix.com.tr\/eticaret\/urun\/isi-yalitim-siva-harci\/","url":"https:\/\/dolphinfix.com.tr\/eticaret\/urun\/isi-yalitim-siva-harci\/","name":"Is\u0131 Yal\u0131t\u0131m S\u0131va Harc\u0131 | DTY 1701 Elyaf Takviyeli Mantolama S\u0131vas\u0131","isPartOf":{"@id":"https:\/\/dolphinfix.com.tr\/eticaret\/#website"},"datePublished":"2024-10-19T12:39:50+00:00","dateModified":"2026-03-12T05:47:29+00:00","description":"DTY 1701, EPS, XPS ve ta\u015f y\u00fcn\u00fc gibi \u0131s\u0131 yal\u0131t\u0131m levhalar\u0131 \u00fczerine uygulanan, \u00e7imento esasl\u0131, polimer modifiyeli ve elyaf takviyeli profesyonel s\u0131va harc\u0131d\u0131r. \u0130\u00e7 ve d\u0131\u015f cephe mantolama sistemlerinde y\u00fcksek dayan\u0131m ve buhar ge\u00e7irgenli\u011fi sa\u011flar.","breadcrumb":{"@id":"https:\/\/dolphinfix.com.tr\/eticaret\/urun\/isi-yalitim-siva-harci\/#breadcrumb"},"inLanguage":"tr","potentialAction":[{"@type":"ReadAction","target":["https:\/\/dolphinfix.com.tr\/eticaret\/urun\/isi-yalitim-siva-harci\/"]}]},{"@type":"BreadcrumbList","@id":"https:\/\/dolphinfix.com.tr\/eticaret\/urun\/isi-yalitim-siva-harci\/#breadcrumb","itemListElement":[{"@type":"ListItem","position":1,"name":"Home","item":"https:\/\/dolphinfix.com.tr\/eticaret\/"},{"@type":"ListItem","position":2,"name":"Market","item":"https:\/\/dolphinfix.com.tr\/eticaret\/market\/"},{"@type":"ListItem","position":3,"name":"D THERM 1701 DTS &#8211; ISI YALITIM LEVHA SIVASI"}]},{"@type":"WebSite","@id":"https:\/\/dolphinfix.com.tr\/eticaret\/#website","url":"https:\/\/dolphinfix.com.tr\/eticaret\/","name":"Dolphinfix","description":"","potentialAction":[{"@type":"SearchAction","target":{"@type":"EntryPoint","urlTemplate":"https:\/\/dolphinfix.com.tr\/eticaret\/?s={search_term_string}"},"query-input":"required name=search_term_string"}],"inLanguage":"tr"}]}},"_links":{"self":[{"href":"https:\/\/dolphinfix.com.tr\/eticaret\/wp-json\/wp\/v2\/product\/15901","targetHints":{"allow":["GET"]}}],"collection":[{"href":"https:\/\/dolphinfix.com.tr\/eticaret\/wp-json\/wp\/v2\/product"}],"about":[{"href":"https:\/\/dolphinfix.com.tr\/eticaret\/wp-json\/wp\/v2\/types\/product"}],"replies":[{"embeddable":true,"href":"https:\/\/dolphinfix.com.tr\/eticaret\/wp-json\/wp\/v2\/comments?post=15901"}],"version-history":[{"count":8,"href":"https:\/\/dolphinfix.com.tr\/eticaret\/wp-json\/wp\/v2\/product\/15901\/revisions"}],"predecessor-version":[{"id":16925,"href":"https:\/\/dolphinfix.com.tr\/eticaret\/wp-json\/wp\/v2\/product\/15901\/revisions\/16925"}],"wp:featuredmedia":[{"embeddable":true,"href":"https:\/\/dolphinfix.com.tr\/eticaret\/wp-json\/wp\/v2\/media\/16208"}],"wp:attachment":[{"href":"https:\/\/dolphinfix.com.tr\/eticaret\/wp-json\/wp\/v2\/media?parent=15901"}],"wp:term":[{"taxonomy":"product_cat","embeddable":true,"href":"https:\/\/dolphinfix.com.tr\/eticaret\/wp-json\/wp\/v2\/product_cat?post=15901"},{"taxonomy":"product_tag","embeddable":true,"href":"https:\/\/dolphinfix.com.tr\/eticaret\/wp-json\/wp\/v2\/product_tag?post=15901"}],"curies":[{"name":"wp","href":"https:\/\/api.w.org\/{rel}","templated":true}]}}