{"id":15905,"date":"2024-10-19T15:58:27","date_gmt":"2024-10-19T12:58:27","guid":{"rendered":"https:\/\/dolphinfix.com.tr\/eticaret?post_type=product&#038;p=15905"},"modified":"2026-03-12T08:48:10","modified_gmt":"2026-03-12T05:48:10","slug":"mantolama-yapistirma-siva-harci","status":"publish","type":"product","link":"https:\/\/dolphinfix.com.tr\/eticaret\/urun\/mantolama-yapistirma-siva-harci\/","title":{"rendered":"D THERM 1702 DYS &#8211; ISI YALITIM LEVHA YAPI\u015eTIRICI VE SIVASI"},"content":{"rendered":"<h3><span style=\"color: #c61016;\">\u00dcR\u00dcN B\u0130LG\u0130LER\u0130 ;<\/span><\/h3>\n<p data-pm-slice=\"1 1 []\"><span style=\"color: #000000;\"><strong>TANIMI:<\/strong> DTY 1702, Is\u0131 yal\u0131t\u0131m levhalar\u0131n\u0131n (EPS, XPS, ta\u015f y\u00fcn\u00fc, \u0131s\u0131 ve ses yal\u0131t\u0131m ke\u00e7esi vb.) zemine yap\u0131\u015ft\u0131r\u0131lmas\u0131 ve \u00fczerinin s\u0131vanmas\u0131 i\u00e7in geli\u015ftirilmi\u015f \u00e7imento esasl\u0131, polimer modifiyeli, elyaf takviyeli yap\u0131\u015ft\u0131rma ve s\u0131va harc\u0131d\u0131r.<\/span><\/p>\n<p><span style=\"color: #000000;\"><strong>KULLANIM ALANLARI<\/strong><\/span><br \/>\n<span style=\"color: #000000;\">\u2022T\u00fcm \u0131s\u0131 yal\u0131t\u0131m levhalar\u0131n\u0131n yap\u0131\u015ft\u0131r\u0131lmas\u0131nda ve s\u0131vanmas\u0131nda, (EPS, XPS, ta\u015f y\u00fcn\u00fc, \u0131s\u0131 ve ses yal\u0131t\u0131m ke\u00e7esi vb.) kullan\u0131l\u0131r.<\/span><br \/>\n<span style=\"color: #000000;\">\u2022Yatay, d\u00fc\u015fey ve ba\u015f \u00fcst\u00fc s\u0131va uygulamalar\u0131nda,<\/span><br \/>\n<span style=\"color: #000000;\">\u2022Is\u0131 yal\u0131t\u0131m uygulamas\u0131 yap\u0131lan mimari yap\u0131larda,<\/span><br \/>\n<span style=\"color: #000000;\">\u2022\u0130\u00e7 ve d\u0131\u015f mek\u00e2nlarda,<\/span><br \/>\n<span style=\"color: #000000;\">\u2022Beton, gaz beton, br\u00fct beton ve asmolen k\u00f6p\u00fc\u011f\u00fc \u00fczerine s\u0131va yapmada,<\/span><br \/>\n<span style=\"color: #000000;\">\u2022Mantolama harici genel s\u0131va olarak kullan\u0131l\u0131r.<\/span><\/p>\n<p><span style=\"color: #000000;\"><strong>\u00dcR\u00dcN \u00d6ZELL\u0130KLER\u0130<\/strong><\/span><br \/>\n<span style=\"color: #000000;\">\u2022Y\u00fcksek yap\u0131\u015fma dayan\u0131ml\u0131.<\/span><br \/>\n<span style=\"color: #000000;\">\u2022S\u0131cakl\u0131k ve dona kar\u015f\u0131 dayan\u0131ml\u0131 (sertle\u015ftikten sonra).<\/span><br \/>\n<span style=\"color: #000000;\">\u2022Profesyonel uygulama rahatl\u0131\u011f\u0131.<\/span><br \/>\n<span style=\"color: #000000;\">\u2022Uzun \u00f6m\u00fcrl\u00fc.<\/span><br \/>\n<span style=\"color: #000000;\">\u2022Buhar ge\u00e7irgenli\u011fine sahip.<\/span><\/p>\n<p><span style=\"color: #000000;\"><strong>TEKN\u0130K \u00d6ZELL\u0130KLER<\/strong><\/span><br \/>\n<span style=\"color: #000000;\">Alt tabakaya Yap\u0131\u015fma Mukavemeti :\u2265 0,5 N\/mm\u00b2 (EN 1015-12)<\/span><br \/>\n<span style=\"color: #000000;\">Polistren yap\u0131\u015fma mukavemeti :\u2265 0,08 N\/mm\u00b2 (EN 13494)<\/span><br \/>\n<span style=\"color: #000000;\">E\u011filme Dayan\u0131m\u0131 :\u2265 2 N\/mm\u00b2 (EN 1015 \u2013 11 )<\/span><br \/>\n<span style=\"color: #000000;\">Bas\u0131n\u00e7 Dayan\u0131m\u0131 :\u2265 6 N\/mm\u00b2 (EN 1015 \u2013 11 )<\/span><br \/>\n<span style=\"color: #000000;\">Su Emme :\u22640,5 (kg\/m\u00b2.min\u00b0\u00b7\u2075) (TS EN 1015-18)<\/span><br \/>\n<span style=\"color: #000000;\">Su Buhar\u0131 Ge\u00e7irgenli\u011fi :\u2264 15 \u00b5 ( TS EN 1015 \u2013 19)<\/span><br \/>\n<span style=\"color: #000000;\">Yang\u0131na Tepki :A1<\/span><br \/>\n<span style=\"color: #000000;\">Kar\u015f\u0131lad\u0131\u011f\u0131 Standart :TS 13687 &#8211; TS 13566<\/span><br \/>\n<span style=\"color: #000000;\">Tehlikeli Maddeler :G\u00fcvelik bilgi f\u00f6y\u00fcne bak\u0131n\u0131z.<\/span><\/p>\n<p><span style=\"color: #000000;\"><strong>UYGULAMA B\u0130LG\u0130S\u0130<\/strong><\/span><br \/>\n<span style=\"color: #000000;\">Y\u00fczey Haz\u0131rl\u0131\u011f\u0131: Uygulama y\u00fczeyinin sa\u011flam, tutunmay\u0131 \u00f6nleyici, kuru, tozsuz, ve temiz olmal\u0131d\u0131r. Y\u00fczey, aderans\u0131 azaltacak her t\u00fcrl\u00fc ya\u011f, gres, pas, ve parafin<\/span><br \/>\n<span style=\"color: #000000;\">kal\u0131nt\u0131lar\u0131ndan iyice temizlenmeli ve y\u00fczeyde gev\u015fek par\u00e7ac\u0131klar olmamal\u0131d\u0131r. Uygulanacak y\u00fczey s\u0131cakl\u0131\u011f\u0131 +30 \u00b0C\u2019nin \u00fczerinde ise y\u00fczey mutlaka<\/span><br \/>\n<span style=\"color: #000000;\">nemlendirilmelidir. Y\u00fczeyde ki bozuk yerleri D- TH tamir har\u00e7lar\u0131ndan uygun olan ile tamir edilmelidir.<\/span><\/p>\n<p data-pm-slice=\"1 1 []\"><span style=\"color: #000000;\"><strong>Uygulama \u00d6ncesi: <\/strong>Is\u0131 yal\u0131t\u0131m levhalar\u0131 yap\u0131\u015ft\u0131r\u0131l\u0131p kuruma s\u00fcresi beklendikten sonra levhalar aras\u0131nda olu\u015fabilecek bo\u015fluklar uygun b\u00fcy\u00fckl\u00fckte kesilmi\u015f levha par\u00e7alar\u0131 ile doldurulup d\u00fcbelleme i\u015flemine ge\u00e7ilir. 1 m\u00b2 ye 6 d\u00fcbel d\u00fc\u015fecek \u015fekilde d\u00fcbelleme i\u015flemi yap\u0131l\u0131r. Katlar y\u00fckseldik\u00e7e d\u00fcbel say\u0131s\u0131 art\u0131r\u0131lmal\u0131d\u0131r. D\u00fcbellerin ba\u015f k\u0131sm\u0131n\u0131n ne fazla d\u0131\u015far\u0131da nede fazla i\u00e7eride olmamas\u0131na dikkat edin.<\/span><\/p>\n<p data-pm-slice=\"1 1 []\"><span style=\"color: #000000;\"><strong>Kar\u0131\u015ft\u0131rma: <\/strong>Temiz bir kovan\u0131n i\u00e7erisine 6 &#8211; 7 lt. temiz suyun bir miktar\u0131n\u0131 koyun. \u00dczerine 25 Kg. DTS 1702\u2019i yava\u015f\u00e7a bo\u015falt\u0131rken kar\u0131\u015ft\u0131r\u0131c\u0131 ile d\u00fc\u015f\u00fck devirde kar\u0131\u015ft\u0131rmaya ba\u015flay\u0131n. Kalan suyu ilave edin har\u00e7 topaks\u0131z ve homojen bir hale gelince 3-4 dk. dinlenmeye b\u0131rak\u0131n. Daha sonra en az 2 dk. daha kar\u0131\u015ft\u0131rarak kullan\u0131n<\/span><\/p>\n<p data-pm-slice=\"1 1 []\"><strong><span style=\"color: #000000;\">SARFIYAT VE SU MIKTARI TABLOSU<\/span><\/strong><br \/>\n<span style=\"color: #000000;\">DTS 1701\u00a0 \u00a0 \u00a0 \u00a0 \u00a0 \u00a0 \u00a0 \u00a0 \u00a0 POLISTREN LEVHA\u00a0 \u00a0 \u00a0 \u00a0 \u00a0 \u00a0TAS Y\u00dcN\u00dc<\/span><br \/>\n<span style=\"color: #000000;\">1 m\u00b2 Toz Sarfiyat\u00a0 \u00a0 \u00a04,5 \u2013 5,5 Kg\u00a0 \u00a0 \u00a0 \u00a0 \u00a0 \u00a0 \u00a0 \u00a0 \u00a0 \u00a0 \u00a0 \u00a0 \u00a0 5,5 \u2013 6,5 Kg<\/span><br \/>\n<span style=\"color: #000000;\">KARISIM SUYU MIKTARI 6 \u2013 7 Lt.\/25 Kg<\/span><\/p>\n<p data-pm-slice=\"0 0 []\"><span style=\"color: #000000;\"><strong>UYARILAR: <\/strong>(+) 5\u00b0C\u2019nin alt\u0131nda ve (+) 35\u00b0C\u2019nin \u00fcst\u00fcnde ki ortamlarda mutlaka korumaya al\u0131nmal\u0131d\u0131r. Naylon ile etraf\u0131 kapat\u0131lmal\u0131d\u0131r. Dona ve ani su kayb\u0131na kar\u015f\u0131 \u00f6nlem al\u0131nmal\u0131d\u0131r.<\/span><\/p>\n<p><span style=\"color: #000000;\"><strong>AMBALAJ: <\/strong>25 KG KRAFT TORBA<\/span><\/p>\n<p><span style=\"color: #000000;\"><strong>RAF \u00d6MR\u00dc: <\/strong>Orijinal, hasar g\u00f6rmemi\u015f ve a\u00e7\u0131lmam\u0131\u015f ambalaj\u0131nda ve depolama \u015fartlar\u0131na uyulmas\u0131 durumunda \u00fcretim tarihi itibariyle 12 ayd\u0131r.<\/span><\/p>\n","protected":false},"excerpt":{"rendered":"<p><span style=\"color: #000000;\"><a style=\"color: #000000;\" href=\"https:\/\/dolphinfix.com.tr\/eticaret\/wp-content\/uploads\/2025\/04\/ISI-YALITIM-LEVHA-YAPISTIRICI-VE-SIVASI-D-THERM-DTS-1702-TDS.pdf\" target=\"_blank\" rel=\"noopener\">TDS Belgesini \u0130ndirmek \u0130\u00e7in T\u0131klay\u0131n\u0131z<br \/>\n<\/a><\/span><span style=\"color: #000000;\"><a style=\"color: #000000;\" href=\"#\" target=\"_blank\" rel=\"noopener\">CE Belgesini \u0130ndirmek \u0130\u00e7in T\u0131klay\u0131n\u0131z<\/a><\/span><\/p>\n","protected":false},"featured_media":16210,"comment_status":"open","ping_status":"closed","template":"","meta":{"_joinchat":[]},"product_cat":[87,125],"product_tag":[367,386,370,387,391,384,382,374,390,385,383,377,388,379,389],"class_list":{"0":"post-15905","1":"product","2":"type-product","3":"status-publish","4":"has-post-thumbnail","6":"product_cat-isi-yalitimi","7":"product_cat-mantolama","8":"product_tag-dayanikli-dis-cephe-sivasi","9":"product_tag-dis-cephe-mantolama-malzemesi","10":"product_tag-enerji-tasarruflu-siva","11":"product_tag-guclu-yapisma-harci","12":"product_tag-isi-izolasyon-yapistirici-ve-siva","13":"product_tag-isi-yalitim-harci","14":"product_tag-isi-yalitim-levha-yapistirici-ve-sivasi","15":"product_tag-kolay-uygulanabilir-siva","16":"product_tag-levha-kaplama-harci","17":"product_tag-levha-yapistirici-siva","18":"product_tag-mantolama-yapistirici-ve-sivasi","19":"product_tag-nefes-alan-isi-yalitim-sivasi","20":"product_tag-profesyonel-isi-yalitimi","21":"product_tag-uzun-omurlu-yalitim-sivasi","22":"product_tag-yuksek-performansli-yapistirici-ve-siva","24":"first","25":"instock","26":"taxable","27":"shipping-taxable","28":"purchasable","29":"product-type-variable"},"yoast_head":"<!-- This site is optimized with the Yoast SEO Premium plugin v20.2.1 (Yoast SEO v20.2.1) - https:\/\/yoast.com\/wordpress\/plugins\/seo\/ -->\n<title>Mantolama Yap\u0131\u015ft\u0131rma ve S\u0131va Harc\u0131 | DTY 1702 Elyaf Takviyeli Is\u0131 Yal\u0131t\u0131m Harc\u0131<\/title>\n<meta name=\"description\" content=\"DTY 1702, EPS, XPS ve ta\u015f y\u00fcn\u00fc \u0131s\u0131 yal\u0131t\u0131m levhalar\u0131n\u0131n yap\u0131\u015ft\u0131r\u0131lmas\u0131 ve s\u0131vanmas\u0131 i\u00e7in geli\u015ftirilen, \u00e7imento esasl\u0131, polimer modifiyeli ve elyaf takviyeli profesyonel mantolama harc\u0131d\u0131r. \u0130\u00e7 ve d\u0131\u015f cephe uygulamalar\u0131nda y\u00fcksek yap\u0131\u015fma ve dayan\u0131m sa\u011flar.\" \/>\n<meta name=\"robots\" content=\"index, follow, max-snippet:-1, max-image-preview:large, max-video-preview:-1\" \/>\n<link rel=\"canonical\" href=\"https:\/\/dolphinfix.com.tr\/eticaret\/urun\/mantolama-yapistirma-siva-harci\/\" \/>\n<meta property=\"og:locale\" content=\"tr_TR\" \/>\n<meta property=\"og:type\" content=\"article\" \/>\n<meta property=\"og:title\" content=\"D THERM 1702 DYS - ISI YALITIM LEVHA YAPI\u015eTIRICI VE SIVASI\" \/>\n<meta property=\"og:description\" content=\"DTY 1702, EPS, XPS ve ta\u015f y\u00fcn\u00fc \u0131s\u0131 yal\u0131t\u0131m levhalar\u0131n\u0131n yap\u0131\u015ft\u0131r\u0131lmas\u0131 ve s\u0131vanmas\u0131 i\u00e7in geli\u015ftirilen, \u00e7imento esasl\u0131, polimer modifiyeli ve elyaf takviyeli profesyonel mantolama harc\u0131d\u0131r. \u0130\u00e7 ve d\u0131\u015f cephe uygulamalar\u0131nda y\u00fcksek yap\u0131\u015fma ve dayan\u0131m sa\u011flar.\" \/>\n<meta property=\"og:url\" content=\"https:\/\/dolphinfix.com.tr\/eticaret\/urun\/mantolama-yapistirma-siva-harci\/\" \/>\n<meta property=\"og:site_name\" content=\"Dolphinfix\" \/>\n<meta property=\"article:modified_time\" content=\"2026-03-12T05:48:10+00:00\" \/>\n<meta property=\"og:image\" content=\"https:\/\/dolphinfix.com.tr\/eticaret\/wp-content\/uploads\/2024\/10\/1702.png\" \/>\n\t<meta property=\"og:image:width\" content=\"1000\" \/>\n\t<meta property=\"og:image:height\" content=\"1000\" \/>\n\t<meta property=\"og:image:type\" content=\"image\/png\" \/>\n<meta name=\"twitter:card\" content=\"summary_large_image\" \/>\n<meta name=\"twitter:label1\" content=\"Tahmini okuma s\u00fcresi\" \/>\n\t<meta name=\"twitter:data1\" content=\"3 dakika\" \/>\n<script type=\"application\/ld+json\" class=\"yoast-schema-graph\">{\"@context\":\"https:\/\/schema.org\",\"@graph\":[{\"@type\":\"WebPage\",\"@id\":\"https:\/\/dolphinfix.com.tr\/eticaret\/urun\/mantolama-yapistirma-siva-harci\/\",\"url\":\"https:\/\/dolphinfix.com.tr\/eticaret\/urun\/mantolama-yapistirma-siva-harci\/\",\"name\":\"Mantolama Yap\u0131\u015ft\u0131rma ve S\u0131va Harc\u0131 | DTY 1702 Elyaf Takviyeli Is\u0131 Yal\u0131t\u0131m Harc\u0131\",\"isPartOf\":{\"@id\":\"https:\/\/dolphinfix.com.tr\/eticaret\/#website\"},\"datePublished\":\"2024-10-19T12:58:27+00:00\",\"dateModified\":\"2026-03-12T05:48:10+00:00\",\"description\":\"DTY 1702, EPS, XPS ve ta\u015f y\u00fcn\u00fc \u0131s\u0131 yal\u0131t\u0131m levhalar\u0131n\u0131n yap\u0131\u015ft\u0131r\u0131lmas\u0131 ve s\u0131vanmas\u0131 i\u00e7in geli\u015ftirilen, \u00e7imento esasl\u0131, polimer modifiyeli ve elyaf takviyeli profesyonel mantolama harc\u0131d\u0131r. \u0130\u00e7 ve d\u0131\u015f cephe uygulamalar\u0131nda y\u00fcksek yap\u0131\u015fma ve dayan\u0131m sa\u011flar.\",\"breadcrumb\":{\"@id\":\"https:\/\/dolphinfix.com.tr\/eticaret\/urun\/mantolama-yapistirma-siva-harci\/#breadcrumb\"},\"inLanguage\":\"tr\",\"potentialAction\":[{\"@type\":\"ReadAction\",\"target\":[\"https:\/\/dolphinfix.com.tr\/eticaret\/urun\/mantolama-yapistirma-siva-harci\/\"]}]},{\"@type\":\"BreadcrumbList\",\"@id\":\"https:\/\/dolphinfix.com.tr\/eticaret\/urun\/mantolama-yapistirma-siva-harci\/#breadcrumb\",\"itemListElement\":[{\"@type\":\"ListItem\",\"position\":1,\"name\":\"Home\",\"item\":\"https:\/\/dolphinfix.com.tr\/eticaret\/\"},{\"@type\":\"ListItem\",\"position\":2,\"name\":\"Market\",\"item\":\"https:\/\/dolphinfix.com.tr\/eticaret\/market\/\"},{\"@type\":\"ListItem\",\"position\":3,\"name\":\"D THERM 1702 DYS &#8211; ISI YALITIM LEVHA YAPI\u015eTIRICI VE SIVASI\"}]},{\"@type\":\"WebSite\",\"@id\":\"https:\/\/dolphinfix.com.tr\/eticaret\/#website\",\"url\":\"https:\/\/dolphinfix.com.tr\/eticaret\/\",\"name\":\"Dolphinfix\",\"description\":\"\",\"potentialAction\":[{\"@type\":\"SearchAction\",\"target\":{\"@type\":\"EntryPoint\",\"urlTemplate\":\"https:\/\/dolphinfix.com.tr\/eticaret\/?s={search_term_string}\"},\"query-input\":\"required name=search_term_string\"}],\"inLanguage\":\"tr\"}]}<\/script>\n<!-- \/ Yoast SEO Premium plugin. -->","yoast_head_json":{"title":"Mantolama Yap\u0131\u015ft\u0131rma ve S\u0131va Harc\u0131 | DTY 1702 Elyaf Takviyeli Is\u0131 Yal\u0131t\u0131m Harc\u0131","description":"DTY 1702, EPS, XPS ve ta\u015f y\u00fcn\u00fc \u0131s\u0131 yal\u0131t\u0131m levhalar\u0131n\u0131n yap\u0131\u015ft\u0131r\u0131lmas\u0131 ve s\u0131vanmas\u0131 i\u00e7in geli\u015ftirilen, \u00e7imento esasl\u0131, polimer modifiyeli ve elyaf takviyeli profesyonel mantolama harc\u0131d\u0131r. \u0130\u00e7 ve d\u0131\u015f cephe uygulamalar\u0131nda y\u00fcksek yap\u0131\u015fma ve dayan\u0131m sa\u011flar.","robots":{"index":"index","follow":"follow","max-snippet":"max-snippet:-1","max-image-preview":"max-image-preview:large","max-video-preview":"max-video-preview:-1"},"canonical":"https:\/\/dolphinfix.com.tr\/eticaret\/urun\/mantolama-yapistirma-siva-harci\/","og_locale":"tr_TR","og_type":"article","og_title":"D THERM 1702 DYS - ISI YALITIM LEVHA YAPI\u015eTIRICI VE SIVASI","og_description":"DTY 1702, EPS, XPS ve ta\u015f y\u00fcn\u00fc \u0131s\u0131 yal\u0131t\u0131m levhalar\u0131n\u0131n yap\u0131\u015ft\u0131r\u0131lmas\u0131 ve s\u0131vanmas\u0131 i\u00e7in geli\u015ftirilen, \u00e7imento esasl\u0131, polimer modifiyeli ve elyaf takviyeli profesyonel mantolama harc\u0131d\u0131r. \u0130\u00e7 ve d\u0131\u015f cephe uygulamalar\u0131nda y\u00fcksek yap\u0131\u015fma ve dayan\u0131m sa\u011flar.","og_url":"https:\/\/dolphinfix.com.tr\/eticaret\/urun\/mantolama-yapistirma-siva-harci\/","og_site_name":"Dolphinfix","article_modified_time":"2026-03-12T05:48:10+00:00","og_image":[{"width":1000,"height":1000,"url":"https:\/\/dolphinfix.com.tr\/eticaret\/wp-content\/uploads\/2024\/10\/1702.png","type":"image\/png"}],"twitter_card":"summary_large_image","twitter_misc":{"Tahmini okuma s\u00fcresi":"3 dakika"},"schema":{"@context":"https:\/\/schema.org","@graph":[{"@type":"WebPage","@id":"https:\/\/dolphinfix.com.tr\/eticaret\/urun\/mantolama-yapistirma-siva-harci\/","url":"https:\/\/dolphinfix.com.tr\/eticaret\/urun\/mantolama-yapistirma-siva-harci\/","name":"Mantolama Yap\u0131\u015ft\u0131rma ve S\u0131va Harc\u0131 | DTY 1702 Elyaf Takviyeli Is\u0131 Yal\u0131t\u0131m Harc\u0131","isPartOf":{"@id":"https:\/\/dolphinfix.com.tr\/eticaret\/#website"},"datePublished":"2024-10-19T12:58:27+00:00","dateModified":"2026-03-12T05:48:10+00:00","description":"DTY 1702, EPS, XPS ve ta\u015f y\u00fcn\u00fc \u0131s\u0131 yal\u0131t\u0131m levhalar\u0131n\u0131n yap\u0131\u015ft\u0131r\u0131lmas\u0131 ve s\u0131vanmas\u0131 i\u00e7in geli\u015ftirilen, \u00e7imento esasl\u0131, polimer modifiyeli ve elyaf takviyeli profesyonel mantolama harc\u0131d\u0131r. \u0130\u00e7 ve d\u0131\u015f cephe uygulamalar\u0131nda y\u00fcksek yap\u0131\u015fma ve dayan\u0131m sa\u011flar.","breadcrumb":{"@id":"https:\/\/dolphinfix.com.tr\/eticaret\/urun\/mantolama-yapistirma-siva-harci\/#breadcrumb"},"inLanguage":"tr","potentialAction":[{"@type":"ReadAction","target":["https:\/\/dolphinfix.com.tr\/eticaret\/urun\/mantolama-yapistirma-siva-harci\/"]}]},{"@type":"BreadcrumbList","@id":"https:\/\/dolphinfix.com.tr\/eticaret\/urun\/mantolama-yapistirma-siva-harci\/#breadcrumb","itemListElement":[{"@type":"ListItem","position":1,"name":"Home","item":"https:\/\/dolphinfix.com.tr\/eticaret\/"},{"@type":"ListItem","position":2,"name":"Market","item":"https:\/\/dolphinfix.com.tr\/eticaret\/market\/"},{"@type":"ListItem","position":3,"name":"D THERM 1702 DYS &#8211; ISI YALITIM LEVHA YAPI\u015eTIRICI VE SIVASI"}]},{"@type":"WebSite","@id":"https:\/\/dolphinfix.com.tr\/eticaret\/#website","url":"https:\/\/dolphinfix.com.tr\/eticaret\/","name":"Dolphinfix","description":"","potentialAction":[{"@type":"SearchAction","target":{"@type":"EntryPoint","urlTemplate":"https:\/\/dolphinfix.com.tr\/eticaret\/?s={search_term_string}"},"query-input":"required name=search_term_string"}],"inLanguage":"tr"}]}},"_links":{"self":[{"href":"https:\/\/dolphinfix.com.tr\/eticaret\/wp-json\/wp\/v2\/product\/15905","targetHints":{"allow":["GET"]}}],"collection":[{"href":"https:\/\/dolphinfix.com.tr\/eticaret\/wp-json\/wp\/v2\/product"}],"about":[{"href":"https:\/\/dolphinfix.com.tr\/eticaret\/wp-json\/wp\/v2\/types\/product"}],"replies":[{"embeddable":true,"href":"https:\/\/dolphinfix.com.tr\/eticaret\/wp-json\/wp\/v2\/comments?post=15905"}],"version-history":[{"count":9,"href":"https:\/\/dolphinfix.com.tr\/eticaret\/wp-json\/wp\/v2\/product\/15905\/revisions"}],"predecessor-version":[{"id":16966,"href":"https:\/\/dolphinfix.com.tr\/eticaret\/wp-json\/wp\/v2\/product\/15905\/revisions\/16966"}],"wp:featuredmedia":[{"embeddable":true,"href":"https:\/\/dolphinfix.com.tr\/eticaret\/wp-json\/wp\/v2\/media\/16210"}],"wp:attachment":[{"href":"https:\/\/dolphinfix.com.tr\/eticaret\/wp-json\/wp\/v2\/media?parent=15905"}],"wp:term":[{"taxonomy":"product_cat","embeddable":true,"href":"https:\/\/dolphinfix.com.tr\/eticaret\/wp-json\/wp\/v2\/product_cat?post=15905"},{"taxonomy":"product_tag","embeddable":true,"href":"https:\/\/dolphinfix.com.tr\/eticaret\/wp-json\/wp\/v2\/product_tag?post=15905"}],"curies":[{"name":"wp","href":"https:\/\/api.w.org\/{rel}","templated":true}]}}