{"id":15913,"date":"2024-10-19T16:10:53","date_gmt":"2024-10-19T13:10:53","guid":{"rendered":"https:\/\/dolphinfix.com.tr\/eticaret?post_type=product&#038;p=15913"},"modified":"2026-03-12T08:51:20","modified_gmt":"2026-03-12T05:51:20","slug":"d-therm-1704-dtds-dekoratif-siva-2-micron","status":"publish","type":"product","link":"https:\/\/dolphinfix.com.tr\/eticaret\/urun\/d-therm-1704-dtds-dekoratif-siva-2-micron\/","title":{"rendered":"D THERM 1704 DTDS &#8211; DEKORAT\u0130F SIVA 2 M\u0130CRON"},"content":{"rendered":"<h3><span style=\"color: #c61016;\">\u00dcR\u00dcN B\u0130LG\u0130LER\u0130 ;<\/span><\/h3>\n<p data-pm-slice=\"0 0 []\"><span style=\"color: #000000;\"><strong>TANIMI:<\/strong> DTDS 1704, \u00c7imento esasl\u0131, polimer motifiyeli, elyaf takviyeli, su itici \u00f6zelli\u011fe sahip, d\u0131\u015f cephede son kat s\u0131va olarak kullan\u0131lan kaplama malzemesidir.<\/span><\/p>\n<p><span style=\"color: #000000;\"><strong>KULLANIM ALANLARI<\/strong><\/span><br \/>\n<span style=\"color: #000000;\">\u2022Konutlar, al\u0131\u015fveri\u015f merkezleri, hastaneler gibi mimari yap\u0131lar\u0131n i\u00e7 ve d\u0131\u015f y\u00fczeylerinde son kat kaplama olarak,<\/span><br \/>\n<span style=\"color: #000000;\">\u2022Yatay, d\u00fc\u015fey ve ba\u015f \u00fcst\u00fc s\u0131va uygulamalar\u0131nda,<\/span><br \/>\n<span style=\"color: #000000;\">\u2022T\u00fcm mineral y\u00fczeylerde,<\/span><br \/>\n<span style=\"color: #000000;\">\u2022D\u0131\u015f cephe kaplamalar\u0131nda son kat kaplama olarak,<\/span><br \/>\n<span style=\"color: #000000;\">\u2022Br\u00fct beton ve kaba s\u0131va \u00fczerine dekoratif kaplama olarak,<\/span><\/p>\n<p><span style=\"color: #000000;\"><strong>\u00a0\u00dcR\u00dcN \u00d6ZELL\u0130KLER\u0130<\/strong><\/span><br \/>\n<span style=\"color: #000000;\">\u2022Uygulanan y\u00fczeye g\u00fczel g\u00f6r\u00fcn\u00fcm sa\u011flar.<\/span><br \/>\n<span style=\"color: #000000;\">\u2022D\u0131\u015f hava ko\u015fullar\u0131na ve \u0131s\u0131 farkl\u0131l\u0131klar\u0131na dayan\u0131kl\u0131.<\/span><br \/>\n<span style=\"color: #000000;\">\u2022Profesyonel uygulama rahatl\u0131\u011f\u0131.<\/span><br \/>\n<span style=\"color: #000000;\">\u2022Uzun \u00f6m\u00fcrl\u00fc.<\/span><br \/>\n<span style=\"color: #000000;\">\u2022Buhar ge\u00e7irgenli\u011fine sahip.<\/span><\/p>\n<p><span style=\"color: #000000;\"><strong>TEKN\u0130K \u00d6ZELL\u0130KLER<\/strong><\/span><br \/>\n<span style=\"color: #000000;\">Tane b\u00fcy\u00fckl\u00fc\u011f\u00fc: S\u0131n\u0131f S4 (TS EN ISO 1524, TS EN ISO 787-7 )<\/span><br \/>\n<span style=\"color: #000000;\">Su buhar\u0131 aktar\u0131m h\u0131z\u0131: S\u0131n\u0131f V1 (TS EN ISO 7783 )<\/span><br \/>\n<span style=\"color: #000000;\">Su Aktar\u0131m H\u0131z\u0131: S\u0131n\u0131f W1 (TS EN 1062 \u2013 3 )<\/span><br \/>\n<span style=\"color: #000000;\">Darbe Mukavemeti: &gt;joule (EN 13497 )<\/span><br \/>\n<span style=\"color: #000000;\">Kuru Film Kal\u0131nl\u0131\u011f\u0131: S\u0131n\u0131f E5 ( TS EN 1062 \u2013 1 )<\/span><br \/>\n<span style=\"color: #000000;\">\u00c7atlak \u00d6rtme: S\u0131n\u0131f AO ( TS EN 1062 \u2013 7 )<\/span><br \/>\n<span style=\"color: #000000;\">Karbondioksit ge\u00e7irkenli\u011fi: S\u0131n\u0131f CO ( TS EN 1062-6 )<\/span><br \/>\n<span style=\"color: #000000;\">Yang\u0131na Tepki: A1 ( TS EN 13501 \u2013 1 )<\/span><br \/>\n<span style=\"color: #000000;\">Kar\u015f\u0131lad\u0131\u011f\u0131 Standart: TS 7847<\/span><br \/>\n<span style=\"color: #000000;\">Tipik de\u011ferler: +23\u00b0C\u2019de %50 ba\u011f\u0131l nem ko\u015fullar\u0131nda 4x4x16 cm har\u00e7 prizmas\u0131nda yap\u0131lan deneyler sonucunda elde edilmi\u015ftir. Y\u00fcksek s\u0131cakl\u0131klar s\u00fcreleri<\/span><br \/>\n<span style=\"color: #000000;\">k\u0131salt\u0131r, d\u00fc\u015f\u00fck s\u0131cakl\u0131klar uzat\u0131r.<\/span><\/p>\n<p data-pm-slice=\"0 0 []\"><span style=\"color: #000000;\"><strong>UYGULAMA Y\u00d6NTEM\u0130<\/strong><\/span><\/p>\n<p data-pm-slice=\"0 0 []\"><span style=\"color: #000000;\">Y\u00fczey Haz\u0131rl\u0131\u011f\u0131: Uygulama y\u00fczeyinin sa\u011flam, tutunmay\u0131 \u00f6nleyici, kuru, tozsuz, ve temiz olmal\u0131d\u0131r. Y\u00fczey, aderans\u0131 azaltacak her t\u00fcrl\u00fc ya\u011f, gres, pas, ve parafin kal\u0131nt\u0131lar\u0131ndan iyice temizlenmeli ve y\u00fczeyde gev\u015fek par\u00e7ac\u0131klar olmamal\u0131d\u0131r. Uygulanacak y\u00fczey s\u0131cakl\u0131\u011f\u0131 +30 \u00b0C\u2019nin \u00fczerinde ise y\u00fczey mutlaka nemlendirilmelidir. Y\u00fczeyde ki bozuk yerleri D- TH tamir har\u00e7lar\u0131ndan uygun olan ile tamir edilmelidir.<\/span><\/p>\n<p><span style=\"color: #000000;\"><strong>Uygulama \u00d6ncesi:<\/strong> S\u0131cak havalarda uygulama \u00f6ncesi dekoratif astar olarak DEK 710 astar kullanman\u0131z\u0131 \u00f6neririz.<\/span><\/p>\n<p><span style=\"color: #000000;\"><strong>Kar\u0131\u015ft\u0131rma:<\/strong> Temiz bir kovan\u0131n i\u00e7erisine 5,5 \u2013 6,5 lt. temiz suyun bir miktar\u0131n\u0131 koyun. \u00dczerine 25 Kg. DTDS 1704\u2019i yava\u015f\u00e7a bo\u015falt\u0131rken kar\u0131\u015ft\u0131r\u0131c\u0131 ile d\u00fc\u015f\u00fck devirde kar\u0131\u015ft\u0131rmaya ba\u015flay\u0131n. Kalan suyu ilave edin har\u00e7 topaks\u0131z ve homojen bir hale gelince 3-4 dk. dinlenmeye b\u0131rak\u0131n. Daha sonra en az 3 dk. daha kar\u0131\u015ft\u0131rarak kullan\u0131n.<\/span><\/p>\n<p><span style=\"color: #000000;\"><strong>SARF\u0130YAT VE SU M\u0130KTARI TABLOSU<\/strong><\/span><br \/>\n<span style=\"color: #000000;\">DTDS 1704 1 m\u00b2 Toz Sarfiyat 3 \u2013 4 Kg<\/span><br \/>\n<span style=\"color: #000000;\">KARI\u015eIM SUYU M\u0130KTARI 5,5 \u2013 6 Lt.\/25 Kg<\/span><\/p>\n<p><span style=\"color: #000000;\"><strong>Uygulama<\/strong>:\u00a0E\u015fit miktarda su kullanmaya dikkat edin. Farkl\u0131 su miktar\u0131 kullan\u0131lmas\u0131 farkl\u0131 ton ve desen g\u00f6r\u00fcn\u00fcm\u00fcne neden olur. Hava s\u0131cakl\u0131klar\u0131na ba\u011fl\u0131 olarak haz\u0131rlanan kar\u0131\u015f\u0131m 60 dk. i\u00e7inde kullan\u0131lmal\u0131d\u0131r. Haz\u0131rlanan kar\u0131\u015f\u0131m \u00e7elik mala ile y\u00fczeye s\u00fcr\u00fcl\u00fcr ve tane boyutunda bir tabaka elde edilir. Desen vermek i\u00e7in hava \u015fartlar\u0131na ba\u011fl\u0131 olarak en fazla 8-10 dk. i\u00e7inde plastik mala ile desen verilmelidir. Desen vermek i\u00e7in dairesel hareketler yap\u0131lmal\u0131d\u0131r.<\/span><\/p>\n<p><span style=\"color: #000000;\"><strong>AMBALAJ:<\/strong> 25 KG KRAFT TORBA<\/span><\/p>\n<p><span style=\"color: #000000;\"><strong>RAF \u00d6MR\u00dc:<\/strong> Orijinal, hasar g\u00f6rmemi\u015f ve a\u00e7\u0131lmam\u0131\u015f ambalaj\u0131nda ve depolama \u015farlar\u0131na uyulmas\u0131 durumunda \u00fcretim tarihi itibariyle 12 ayd\u0131r.<\/span><\/p>\n","protected":false},"excerpt":{"rendered":"<p><span style=\"color: #000000;\"><a style=\"color: #000000;\" href=\"https:\/\/dolphinfix.com.tr\/eticaret\/wp-content\/uploads\/2025\/04\/DEKORATIF-SIVA-2-MIC.-1704-DTDS-TDS.pdf\" target=\"_blank\" rel=\"noopener\">TDS Belgesini \u0130ndirmek \u0130\u00e7in T\u0131klay\u0131n\u0131z<br \/>\n<\/a><\/span><span style=\"color: #000000;\"><a style=\"color: #000000;\" href=\"#\" target=\"_blank\" rel=\"noopener\">CE Belgesini \u0130ndirmek \u0130\u00e7in T\u0131klay\u0131n\u0131z<\/a><\/span><\/p>\n","protected":false},"featured_media":16214,"comment_status":"open","ping_status":"closed","template":"","meta":{"_joinchat":[]},"product_cat":[87,125],"product_tag":[408,400,403,392,407,398,396,401,397,393,406,404,409,405,399],"class_list":{"0":"post-15913","1":"product","2":"type-product","3":"status-publish","4":"has-post-thumbnail","6":"product_cat-isi-yalitimi","7":"product_cat-mantolama","8":"product_tag-2-micron-siva","9":"product_tag-dayanikli-dekoratif-siva","10":"product_tag-dekoratif-duvar-kaplama","11":"product_tag-dekoratif-siva","12":"product_tag-dekoratif-yalitim-sivasi","13":"product_tag-dis-cephe-dekoratif-siva","14":"product_tag-duvar-kaplama-sivasi","15":"product_tag-estetik-siva-kaplama","16":"product_tag-ic-cephe-dekoratif-siva","17":"product_tag-ince-siva","18":"product_tag-kolay-uygulanabilir-dekoratif-siva","19":"product_tag-nefes-alan-siva","20":"product_tag-profesyonel-siva-uygulamasi","21":"product_tag-uzun-omurlu-siva","22":"product_tag-yuksek-kaliteli-siva","24":"first","25":"instock","26":"taxable","27":"shipping-taxable","28":"purchasable","29":"product-type-variable"},"yoast_head":"<!-- This site is optimized with the Yoast SEO Premium plugin v20.2.1 (Yoast SEO v20.2.1) - https:\/\/yoast.com\/wordpress\/plugins\/seo\/ -->\n<title>D THERM 1704 DTDS - DEKORAT\u0130F SIVA 2 M\u0130CRON - Dolphinfix<\/title>\n<meta name=\"description\" content=\"dekoratif s\u0131va, ince s\u0131va, 2 micron s\u0131va, duvar kaplama s\u0131vas\u0131, i\u00e7 cephe dekoratif s\u0131va, d\u0131\u015f cephe dekoratif s\u0131va, estetik s\u0131va kaplama, dayan\u0131kl\u0131 dekoratif s\u0131va, profesyonel s\u0131va uygulamas\u0131, dekoratif duvar kaplama, uzun \u00f6m\u00fcrl\u00fc s\u0131va, nefes alan s\u0131va, kolay uygulanabilir dekoratif s\u0131va, y\u00fcksek kaliteli s\u0131va, dekoratif yal\u0131t\u0131m s\u0131vas\u0131\" \/>\n<meta name=\"robots\" content=\"index, follow, max-snippet:-1, max-image-preview:large, max-video-preview:-1\" \/>\n<link rel=\"canonical\" href=\"https:\/\/dolphinfix.com.tr\/eticaret\/urun\/d-therm-1704-dtds-dekoratif-siva-2-micron\/\" \/>\n<meta property=\"og:locale\" content=\"tr_TR\" \/>\n<meta property=\"og:type\" content=\"article\" \/>\n<meta property=\"og:title\" content=\"D THERM 1704 DTDS - DEKORAT\u0130F SIVA 2 M\u0130CRON\" \/>\n<meta property=\"og:description\" content=\"dekoratif s\u0131va, ince s\u0131va, 2 micron s\u0131va, duvar kaplama s\u0131vas\u0131, i\u00e7 cephe dekoratif s\u0131va, d\u0131\u015f cephe dekoratif s\u0131va, estetik s\u0131va kaplama, dayan\u0131kl\u0131 dekoratif s\u0131va, profesyonel s\u0131va uygulamas\u0131, dekoratif duvar kaplama, uzun \u00f6m\u00fcrl\u00fc s\u0131va, nefes alan s\u0131va, kolay uygulanabilir dekoratif s\u0131va, y\u00fcksek kaliteli s\u0131va, dekoratif yal\u0131t\u0131m s\u0131vas\u0131\" \/>\n<meta property=\"og:url\" content=\"https:\/\/dolphinfix.com.tr\/eticaret\/urun\/d-therm-1704-dtds-dekoratif-siva-2-micron\/\" \/>\n<meta property=\"og:site_name\" content=\"Dolphinfix\" \/>\n<meta property=\"article:modified_time\" content=\"2026-03-12T05:51:20+00:00\" \/>\n<meta property=\"og:image\" content=\"https:\/\/dolphinfix.com.tr\/eticaret\/wp-content\/uploads\/2024\/10\/1704.png\" \/>\n\t<meta property=\"og:image:width\" content=\"1000\" \/>\n\t<meta property=\"og:image:height\" content=\"1000\" \/>\n\t<meta property=\"og:image:type\" content=\"image\/png\" \/>\n<meta name=\"twitter:card\" content=\"summary_large_image\" \/>\n<meta name=\"twitter:label1\" content=\"Tahmini okuma s\u00fcresi\" \/>\n\t<meta name=\"twitter:data1\" content=\"3 dakika\" \/>\n<script type=\"application\/ld+json\" class=\"yoast-schema-graph\">{\"@context\":\"https:\/\/schema.org\",\"@graph\":[{\"@type\":\"WebPage\",\"@id\":\"https:\/\/dolphinfix.com.tr\/eticaret\/urun\/d-therm-1704-dtds-dekoratif-siva-2-micron\/\",\"url\":\"https:\/\/dolphinfix.com.tr\/eticaret\/urun\/d-therm-1704-dtds-dekoratif-siva-2-micron\/\",\"name\":\"D THERM 1704 DTDS - DEKORAT\u0130F SIVA 2 M\u0130CRON - Dolphinfix\",\"isPartOf\":{\"@id\":\"https:\/\/dolphinfix.com.tr\/eticaret\/#website\"},\"datePublished\":\"2024-10-19T13:10:53+00:00\",\"dateModified\":\"2026-03-12T05:51:20+00:00\",\"description\":\"dekoratif s\u0131va, ince s\u0131va, 2 micron s\u0131va, duvar kaplama s\u0131vas\u0131, i\u00e7 cephe dekoratif s\u0131va, d\u0131\u015f cephe dekoratif s\u0131va, estetik s\u0131va kaplama, dayan\u0131kl\u0131 dekoratif s\u0131va, profesyonel s\u0131va uygulamas\u0131, dekoratif duvar kaplama, uzun \u00f6m\u00fcrl\u00fc s\u0131va, nefes alan s\u0131va, kolay uygulanabilir dekoratif s\u0131va, y\u00fcksek kaliteli s\u0131va, dekoratif yal\u0131t\u0131m s\u0131vas\u0131\",\"breadcrumb\":{\"@id\":\"https:\/\/dolphinfix.com.tr\/eticaret\/urun\/d-therm-1704-dtds-dekoratif-siva-2-micron\/#breadcrumb\"},\"inLanguage\":\"tr\",\"potentialAction\":[{\"@type\":\"ReadAction\",\"target\":[\"https:\/\/dolphinfix.com.tr\/eticaret\/urun\/d-therm-1704-dtds-dekoratif-siva-2-micron\/\"]}]},{\"@type\":\"BreadcrumbList\",\"@id\":\"https:\/\/dolphinfix.com.tr\/eticaret\/urun\/d-therm-1704-dtds-dekoratif-siva-2-micron\/#breadcrumb\",\"itemListElement\":[{\"@type\":\"ListItem\",\"position\":1,\"name\":\"Home\",\"item\":\"https:\/\/dolphinfix.com.tr\/eticaret\/\"},{\"@type\":\"ListItem\",\"position\":2,\"name\":\"Market\",\"item\":\"https:\/\/dolphinfix.com.tr\/eticaret\/market\/\"},{\"@type\":\"ListItem\",\"position\":3,\"name\":\"D THERM 1704 DTDS &#8211; DEKORAT\u0130F SIVA 2 M\u0130CRON\"}]},{\"@type\":\"WebSite\",\"@id\":\"https:\/\/dolphinfix.com.tr\/eticaret\/#website\",\"url\":\"https:\/\/dolphinfix.com.tr\/eticaret\/\",\"name\":\"Dolphinfix\",\"description\":\"\",\"potentialAction\":[{\"@type\":\"SearchAction\",\"target\":{\"@type\":\"EntryPoint\",\"urlTemplate\":\"https:\/\/dolphinfix.com.tr\/eticaret\/?s={search_term_string}\"},\"query-input\":\"required name=search_term_string\"}],\"inLanguage\":\"tr\"}]}<\/script>\n<!-- \/ Yoast SEO Premium plugin. -->","yoast_head_json":{"title":"D THERM 1704 DTDS - DEKORAT\u0130F SIVA 2 M\u0130CRON - Dolphinfix","description":"dekoratif s\u0131va, ince s\u0131va, 2 micron s\u0131va, duvar kaplama s\u0131vas\u0131, i\u00e7 cephe dekoratif s\u0131va, d\u0131\u015f cephe dekoratif s\u0131va, estetik s\u0131va kaplama, dayan\u0131kl\u0131 dekoratif s\u0131va, profesyonel s\u0131va uygulamas\u0131, dekoratif duvar kaplama, uzun \u00f6m\u00fcrl\u00fc s\u0131va, nefes alan s\u0131va, kolay uygulanabilir dekoratif s\u0131va, y\u00fcksek kaliteli s\u0131va, dekoratif yal\u0131t\u0131m s\u0131vas\u0131","robots":{"index":"index","follow":"follow","max-snippet":"max-snippet:-1","max-image-preview":"max-image-preview:large","max-video-preview":"max-video-preview:-1"},"canonical":"https:\/\/dolphinfix.com.tr\/eticaret\/urun\/d-therm-1704-dtds-dekoratif-siva-2-micron\/","og_locale":"tr_TR","og_type":"article","og_title":"D THERM 1704 DTDS - DEKORAT\u0130F SIVA 2 M\u0130CRON","og_description":"dekoratif s\u0131va, ince s\u0131va, 2 micron s\u0131va, duvar kaplama s\u0131vas\u0131, i\u00e7 cephe dekoratif s\u0131va, d\u0131\u015f cephe dekoratif s\u0131va, estetik s\u0131va kaplama, dayan\u0131kl\u0131 dekoratif s\u0131va, profesyonel s\u0131va uygulamas\u0131, dekoratif duvar kaplama, uzun \u00f6m\u00fcrl\u00fc s\u0131va, nefes alan s\u0131va, kolay uygulanabilir dekoratif s\u0131va, y\u00fcksek kaliteli s\u0131va, dekoratif yal\u0131t\u0131m s\u0131vas\u0131","og_url":"https:\/\/dolphinfix.com.tr\/eticaret\/urun\/d-therm-1704-dtds-dekoratif-siva-2-micron\/","og_site_name":"Dolphinfix","article_modified_time":"2026-03-12T05:51:20+00:00","og_image":[{"width":1000,"height":1000,"url":"https:\/\/dolphinfix.com.tr\/eticaret\/wp-content\/uploads\/2024\/10\/1704.png","type":"image\/png"}],"twitter_card":"summary_large_image","twitter_misc":{"Tahmini okuma s\u00fcresi":"3 dakika"},"schema":{"@context":"https:\/\/schema.org","@graph":[{"@type":"WebPage","@id":"https:\/\/dolphinfix.com.tr\/eticaret\/urun\/d-therm-1704-dtds-dekoratif-siva-2-micron\/","url":"https:\/\/dolphinfix.com.tr\/eticaret\/urun\/d-therm-1704-dtds-dekoratif-siva-2-micron\/","name":"D THERM 1704 DTDS - DEKORAT\u0130F SIVA 2 M\u0130CRON - Dolphinfix","isPartOf":{"@id":"https:\/\/dolphinfix.com.tr\/eticaret\/#website"},"datePublished":"2024-10-19T13:10:53+00:00","dateModified":"2026-03-12T05:51:20+00:00","description":"dekoratif s\u0131va, ince s\u0131va, 2 micron s\u0131va, duvar kaplama s\u0131vas\u0131, i\u00e7 cephe dekoratif s\u0131va, d\u0131\u015f cephe dekoratif s\u0131va, estetik s\u0131va kaplama, dayan\u0131kl\u0131 dekoratif s\u0131va, profesyonel s\u0131va uygulamas\u0131, dekoratif duvar kaplama, uzun \u00f6m\u00fcrl\u00fc s\u0131va, nefes alan s\u0131va, kolay uygulanabilir dekoratif s\u0131va, y\u00fcksek kaliteli s\u0131va, dekoratif yal\u0131t\u0131m s\u0131vas\u0131","breadcrumb":{"@id":"https:\/\/dolphinfix.com.tr\/eticaret\/urun\/d-therm-1704-dtds-dekoratif-siva-2-micron\/#breadcrumb"},"inLanguage":"tr","potentialAction":[{"@type":"ReadAction","target":["https:\/\/dolphinfix.com.tr\/eticaret\/urun\/d-therm-1704-dtds-dekoratif-siva-2-micron\/"]}]},{"@type":"BreadcrumbList","@id":"https:\/\/dolphinfix.com.tr\/eticaret\/urun\/d-therm-1704-dtds-dekoratif-siva-2-micron\/#breadcrumb","itemListElement":[{"@type":"ListItem","position":1,"name":"Home","item":"https:\/\/dolphinfix.com.tr\/eticaret\/"},{"@type":"ListItem","position":2,"name":"Market","item":"https:\/\/dolphinfix.com.tr\/eticaret\/market\/"},{"@type":"ListItem","position":3,"name":"D THERM 1704 DTDS &#8211; DEKORAT\u0130F SIVA 2 M\u0130CRON"}]},{"@type":"WebSite","@id":"https:\/\/dolphinfix.com.tr\/eticaret\/#website","url":"https:\/\/dolphinfix.com.tr\/eticaret\/","name":"Dolphinfix","description":"","potentialAction":[{"@type":"SearchAction","target":{"@type":"EntryPoint","urlTemplate":"https:\/\/dolphinfix.com.tr\/eticaret\/?s={search_term_string}"},"query-input":"required name=search_term_string"}],"inLanguage":"tr"}]}},"_links":{"self":[{"href":"https:\/\/dolphinfix.com.tr\/eticaret\/wp-json\/wp\/v2\/product\/15913","targetHints":{"allow":["GET"]}}],"collection":[{"href":"https:\/\/dolphinfix.com.tr\/eticaret\/wp-json\/wp\/v2\/product"}],"about":[{"href":"https:\/\/dolphinfix.com.tr\/eticaret\/wp-json\/wp\/v2\/types\/product"}],"replies":[{"embeddable":true,"href":"https:\/\/dolphinfix.com.tr\/eticaret\/wp-json\/wp\/v2\/comments?post=15913"}],"version-history":[{"count":6,"href":"https:\/\/dolphinfix.com.tr\/eticaret\/wp-json\/wp\/v2\/product\/15913\/revisions"}],"predecessor-version":[{"id":16962,"href":"https:\/\/dolphinfix.com.tr\/eticaret\/wp-json\/wp\/v2\/product\/15913\/revisions\/16962"}],"wp:featuredmedia":[{"embeddable":true,"href":"https:\/\/dolphinfix.com.tr\/eticaret\/wp-json\/wp\/v2\/media\/16214"}],"wp:attachment":[{"href":"https:\/\/dolphinfix.com.tr\/eticaret\/wp-json\/wp\/v2\/media?parent=15913"}],"wp:term":[{"taxonomy":"product_cat","embeddable":true,"href":"https:\/\/dolphinfix.com.tr\/eticaret\/wp-json\/wp\/v2\/product_cat?post=15913"},{"taxonomy":"product_tag","embeddable":true,"href":"https:\/\/dolphinfix.com.tr\/eticaret\/wp-json\/wp\/v2\/product_tag?post=15913"}],"curies":[{"name":"wp","href":"https:\/\/api.w.org\/{rel}","templated":true}]}}