{"id":15921,"date":"2024-10-19T16:32:30","date_gmt":"2024-10-19T13:32:30","guid":{"rendered":"https:\/\/dolphinfix.com.tr\/eticaret?post_type=product&#038;p=15921"},"modified":"2026-03-12T08:56:03","modified_gmt":"2026-03-12T05:56:03","slug":"therm-3-cephe-isi-ses-su-yalitim-boyasi","status":"publish","type":"product","link":"https:\/\/dolphinfix.com.tr\/eticaret\/urun\/therm-3-cephe-isi-ses-su-yalitim-boyasi\/","title":{"rendered":"THERM +3 CEPHE &#8211; ISI SES SU YALITIM BOYASI"},"content":{"rendered":"<h3><span style=\"color: #c61016;\">\u00dcR\u00dcN B\u0130LG\u0130LER\u0130 ;<\/span><\/h3>\n<p data-pm-slice=\"0 0 []\"><span style=\"color: #000000;\"><strong>TANIMI:<\/strong> Therm +3 cephe kaplama, Akrilik kopolimer ve \u00f6zel modifiyeli elastomerik re\u00e7ine esasl\u0131d\u0131r. Su bazl\u0131 ve kullan\u0131ma haz\u0131r s\u00fcrme esasl\u0131 bir \u0131s\u0131 ve su yal\u0131t\u0131m malzemesidir. Y\u00fczeylere kolayl\u0131kla uygulanabilen, d\u0131\u015f cephe kaplamalar\u0131nda etkili bir koruma sa\u011flar ve yap\u0131lar\u0131n uzun s\u00fcre dayan\u0131m\u0131n\u0131 art\u0131r\u0131r.<\/span><\/p>\n<p><span style=\"color: #000000;\"><strong>\u00dcR\u00dcN \u00d6ZELL\u0130KLER\u0130<\/strong><\/span><br \/>\n<span style=\"color: #000000;\">Is\u0131, su, ses izolasyonu sa\u011flar.<\/span><br \/>\n<span style=\"color: #000000;\">%100 akrilik yap\u0131da,<\/span><br \/>\n<span style=\"color: #000000;\">D\u00fc\u015f\u00fck VOC de\u011ferine sahiptir.<\/span><br \/>\n<span style=\"color: #000000;\">Uyguland\u0131\u011f\u0131 y\u00fczeylerde g\u00f6r\u00fcnmez bir \u0131s\u0131 kalkan\u0131 olarak \u00e7al\u0131\u015f\u0131r.<\/span><\/p>\n<p><span style=\"color: #000000;\"><strong>KULLANIM ALANLARI<\/strong><\/span><br \/>\n<span style=\"color: #000000;\">\u00d6zellikle yap\u0131lar\u0131n d\u0131\u015f cephelerinde her t\u00fcrl\u00fc s\u0131va, br\u00fct beton, metal yap\u0131lar\u0131n d\u00fc\u015fey ve yatay uygulamalar\u0131nda d\u0131\u015f cephe \u0131s\u0131 yal\u0131t\u0131m kaplamas\u0131 olarak kullan\u0131l\u0131r.<\/span><\/p>\n<p><span style=\"color: #000000;\"><strong>TEKN\u0130K \u00d6ZELL\u0130KLER<\/strong><\/span><br \/>\n<span style=\"color: #000000;\">Parlakl\u0131k : Mat<\/span><br \/>\n<span style=\"color: #000000;\">Renk : Her t\u00fcrl\u00fc renk \u00fcretimi yap\u0131labilir.<\/span><br \/>\n<span style=\"color: #000000;\">Kat\u0131 Madde : % 70\u00b12 (A\u011f\u0131rl\u0131k\u00e7a)<\/span><br \/>\n<span style=\"color: #000000;\">Yo\u011funluk : 0,80 gr\/cm\u00b3<\/span><br \/>\n<span style=\"color: #000000;\">Uygulama : Saten rulo ya da p\u00fcsk\u00fcrtme<\/span><br \/>\n<span style=\"color: #000000;\">P\u00fcsk\u00fcrtme bas\u0131nc\u0131 : 40Bar\/580 psi<\/span><br \/>\n<span style=\"color: #000000;\">Meme \u00c7ap\u0131 : 0,021\u201d- 0,027\u201d<\/span><br \/>\n<span style=\"color: #000000;\">Alevlenme Noktas\u0131 : Yanmaz<\/span><br \/>\n<span style=\"color: #000000;\">Tek Kat Kuru Film Kal\u0131nl\u0131\u011f\u0131 : 1,5- 2 mm<\/span><\/p>\n<p><span style=\"color: #000000;\"><strong>UYGULAMA B\u0130LG\u0130S\u0130<\/strong><\/span><br \/>\n<span style=\"color: #000000;\">Y\u00fczey Haz\u0131rl\u0131\u011f\u0131: Therm +3 cephe kaplama Uygulama yap\u0131lacak alan\u0131n her t\u00fcrl\u00fc kir, ya\u011f ve gresten, zay\u0131f ve oynak par\u00e7ac\u0131klardan, \u00e7imento \u015ferbeti kal\u0131nt\u0131lar\u0131ndan<\/span><br \/>\n<span style=\"color: #000000;\">ar\u0131nd\u0131r\u0131lmal\u0131d\u0131r. Uygulama yap\u0131lacak y\u00fczeyde \u00e7atlak ve oyuk varsa DOLPH\u0130NF\u0130X TH tamir har\u00e7lar\u0131ndan uygun olan\u0131 ile tamir yap\u0131lmal\u0131 ve uygulama yap\u0131lacak alan\u0131n haz\u0131rl\u0131\u011f\u0131ndan emin olduktan sonra uygulama yap\u0131lmal\u0131d\u0131r.<\/span><\/p>\n<p data-pm-slice=\"0 0 []\"><span style=\"color: #000000;\"><strong>UYGULAMA:<\/strong> Y\u00fczey haz\u0131rl\u0131\u011f\u0131 yap\u0131lm\u0131\u015f olan cepheye aderans nart\u0131r\u0131c\u0131 olan Therm 004 astar f\u0131r\u00e7a ya da rulo ile uygulama alan\u0131na doyurularak uygulanmal\u0131d\u0131r. Astar uygulanmas\u0131ndan en az 2 saat sonra Therm +3 cephe kaplama uygulamas\u0131na ge\u00e7ilmelidir. uygulama yap\u0131lmadan \u00f6nce malzeme mikser ya da mekanik kar\u0131\u015ft\u0131r\u0131c\u0131 ile homojen \u015fekilde kar\u0131\u015ft\u0131r\u0131l\u0131r ve saten rulo ile uygulanmal\u0131d\u0131r. y\u00fczeye desen vermek i\u00e7inde mutlaka yukardan a\u015fa\u011f\u0131ya do\u011fru tek y\u00f6nde desen verilmelidir. D\u00fczg\u00fcn bir y\u00fczey g\u00f6r\u00fcnt\u00fcs\u00fc i\u00e7in desenin y\u00f6n\u00fc mutlaka ayn\u0131 y\u00f6nde olmal\u0131d\u0131r. \u0130lk kat uygulamas\u0131ndan en az 6 saat sonra ikinci kat uygulamas\u0131 yap\u0131l\u0131r. \u0130kinci kat uygulamas\u0131ndan en az 6 saat sonra Therm 001 cephe koruyucu cila uygulamas\u0131 yap\u0131larak cephenin parlak g\u00f6r\u00fcn\u00fcm kazanmas\u0131 d\u0131\u015f etkenlere kar\u015f\u0131<\/span><br \/>\n<span style=\"color: #000000;\">korunmas\u0131 sa\u011flan\u0131r.<\/span><\/p>\n<p><span style=\"color: #000000;\"><strong>UYARI:<\/strong> Metal y\u00fczeylere uygulama yap\u0131lmadan \u00f6nce antipas ile y\u00fczey korozyonlara kar\u015f\u0131 korunmal\u0131d\u0131r.<\/span><\/p>\n<p><span style=\"color: #000000;\"><strong>SARF\u0130YAT:<\/strong> Uygulama yap\u0131lacak y\u00fczeyin cinsine, emicili\u011fine ve yap\u0131s\u0131na g\u00f6re sarfiyat\u0131 1,2-1,3 kg\/m\u00b2\u2019dir. Kesin sarfiyat i\u00e7in kontroll\u00fc numune \u00e7al\u0131\u015fmas\u0131 yap\u0131lmal\u0131d\u0131r.<\/span><\/p>\n<p><span style=\"color: #000000;\"><strong>KURUMA S\u00dcRES\u0130:<\/strong> (20\u00b0C, %65 HR\u2019 de):<\/span><br \/>\n<span style=\"color: #000000;\">Dokunma kurumas\u0131: 60 dakika,<\/span><br \/>\n<span style=\"color: #000000;\">Boya uygulamas\u0131: 6 saat,<\/span><br \/>\n<span style=\"color: #000000;\">Son kuruma: 24 saat (daha y\u00fcksek ba\u011f\u0131l<\/span><br \/>\n<span style=\"color: #000000;\">nem ve d\u00fc\u015f\u00fck s\u0131cakl\u0131kta<\/span><br \/>\n<span style=\"color: #000000;\">kuruma s\u00fcresi uzayabilir).<\/span><\/p>\n<p><span style=\"color: #000000;\"><strong>\u00a0UYARILAR:<\/strong> Uygulamadan sonra en az 48 saat zeminde y\u00fcr\u00fcme yap\u0131lmamal\u0131d\u0131r. (+) 5\u00b0C\u2019nin alt\u0131nda ve (+) 35\u00b0C\u2019nin \u00fcst\u00fcnde ki ortamlarda mutlaka korumaya al\u0131nmal\u0131d\u0131r. Naylon ile etraf\u0131 kapat\u0131lmal\u0131d\u0131r. Dona ve ani su kayb\u0131na kar\u015f\u0131 \u00f6nlem al\u0131nmal\u0131d\u0131r.<\/span><\/p>\n<p><span style=\"color: #000000;\">\u00a0<strong>AMBALAJ:<\/strong> 18 LT PLAST\u0130K KOVA<\/span><\/p>\n<p><span style=\"color: #000000;\"><strong>DEPOLAMA \u015eARTLARI:<\/strong> A\u00e7\u0131lmam\u0131\u015f ambalaj\u0131nda, serin ve kuru yerde dondan, direkt g\u00fcne\u015f \u0131\u015f\u0131\u011f\u0131ndan korunarak 3 y\u0131l saklanabilir. Ambalaj\u0131n kapa\u011f\u0131n\u0131 kullan\u0131mdan hemen sonra hava almayacak \u015fekilde kapat\u0131n\u0131z<\/span><\/p>\n","protected":false},"excerpt":{"rendered":"<p><span style=\"color: #000000;\"><a style=\"color: #000000;\" href=\"https:\/\/dolphinfix.com.tr\/eticaret\/wp-content\/uploads\/2025\/04\/THERM-3-CEPHE-YALITIM-BOYASI-TDS.pdf\" target=\"_blank\" rel=\"noopener\">TDS Belgesini \u0130ndirmek \u0130\u00e7in T\u0131klay\u0131n\u0131z<br \/>\n<\/a><\/span><span style=\"color: #000000;\"><a style=\"color: #000000;\" href=\"#\" target=\"_blank\" rel=\"noopener\">CE Belgesini \u0130ndirmek \u0130\u00e7in T\u0131klay\u0131n\u0131z<\/a><\/span><\/p>\n","protected":false},"featured_media":16219,"comment_status":"open","ping_status":"closed","template":"","meta":{"_joinchat":[]},"product_cat":[87,125],"product_tag":[420,421,424,423,418,419,415,429,426,427,428,416,417,425,422],"class_list":{"0":"post-15921","1":"product","2":"type-product","3":"status-publish","4":"has-post-thumbnail","6":"product_cat-isi-yalitimi","7":"product_cat-mantolama","8":"product_tag-bina-yalitim-boyasi","9":"product_tag-cephe-koruyucu-boya","10":"product_tag-cevre-dostu-yalitim-boyasi","11":"product_tag-dayanikli-yalitim-boyasi","12":"product_tag-dis-cephe-yalitim-boyasi","13":"product_tag-enerji-tasarruflu-boyalar","14":"product_tag-isi-yalitim-boyasi","15":"product_tag-isi-su-ses-izolasyon-boyasi","16":"product_tag-kolay-uygulanabilir-yalitim-boyasi","17":"product_tag-nefes-alan-cephe-boyasi","18":"product_tag-profesyonel-yalitim-boyasi","19":"product_tag-ses-yalitim-boyasi","20":"product_tag-su-yalitim-boyasi","21":"product_tag-uzun-omurlu-yalitim-boyasi","22":"product_tag-yuksek-performansli-yalitim-boyasi","24":"first","25":"instock","26":"taxable","27":"shipping-taxable","28":"purchasable","29":"product-type-variable"},"yoast_head":"<!-- This site is optimized with the Yoast SEO Premium plugin v20.2.1 (Yoast SEO v20.2.1) - https:\/\/yoast.com\/wordpress\/plugins\/seo\/ -->\n<title>THERM +3 CEPHE - ISI SES SU YALITIM BOYASI - Dolphinfix<\/title>\n<meta name=\"description\" content=\"\u0131s\u0131 yal\u0131t\u0131m boyas\u0131, ses yal\u0131t\u0131m boyas\u0131, su yal\u0131t\u0131m boyas\u0131, d\u0131\u015f cephe yal\u0131t\u0131m boyas\u0131, enerji tasarruflu boyalar, bina yal\u0131t\u0131m boyas\u0131, cephe koruyucu boya, y\u00fcksek performansl\u0131 yal\u0131t\u0131m boyas\u0131, dayan\u0131kl\u0131 yal\u0131t\u0131m boyas\u0131, \u00e7evre dostu yal\u0131t\u0131m boyas\u0131, uzun \u00f6m\u00fcrl\u00fc yal\u0131t\u0131m boyas\u0131, kolay uygulanabilir yal\u0131t\u0131m boyas\u0131, nefes alan cephe boyas\u0131, profesyonel yal\u0131t\u0131m boyas\u0131, \u0131s\u0131-su-ses izolasyon boyas\u0131\" \/>\n<meta name=\"robots\" content=\"index, follow, max-snippet:-1, max-image-preview:large, max-video-preview:-1\" \/>\n<link rel=\"canonical\" href=\"https:\/\/dolphinfix.com.tr\/eticaret\/urun\/therm-3-cephe-isi-ses-su-yalitim-boyasi\/\" \/>\n<meta property=\"og:locale\" content=\"tr_TR\" \/>\n<meta property=\"og:type\" content=\"article\" \/>\n<meta property=\"og:title\" content=\"THERM +3 CEPHE - ISI SES SU YALITIM BOYASI\" \/>\n<meta property=\"og:description\" content=\"\u0131s\u0131 yal\u0131t\u0131m boyas\u0131, ses yal\u0131t\u0131m boyas\u0131, su yal\u0131t\u0131m boyas\u0131, d\u0131\u015f cephe yal\u0131t\u0131m boyas\u0131, enerji tasarruflu boyalar, bina yal\u0131t\u0131m boyas\u0131, cephe koruyucu boya, y\u00fcksek performansl\u0131 yal\u0131t\u0131m boyas\u0131, dayan\u0131kl\u0131 yal\u0131t\u0131m boyas\u0131, \u00e7evre dostu yal\u0131t\u0131m boyas\u0131, uzun \u00f6m\u00fcrl\u00fc yal\u0131t\u0131m boyas\u0131, kolay uygulanabilir yal\u0131t\u0131m boyas\u0131, nefes alan cephe boyas\u0131, profesyonel yal\u0131t\u0131m boyas\u0131, \u0131s\u0131-su-ses izolasyon boyas\u0131\" \/>\n<meta property=\"og:url\" content=\"https:\/\/dolphinfix.com.tr\/eticaret\/urun\/therm-3-cephe-isi-ses-su-yalitim-boyasi\/\" \/>\n<meta property=\"og:site_name\" content=\"Dolphinfix\" \/>\n<meta property=\"article:modified_time\" content=\"2026-03-12T05:56:03+00:00\" \/>\n<meta property=\"og:image\" content=\"https:\/\/dolphinfix.com.tr\/eticaret\/wp-content\/uploads\/2024\/10\/3.png\" \/>\n\t<meta property=\"og:image:width\" content=\"1000\" \/>\n\t<meta property=\"og:image:height\" content=\"1000\" \/>\n\t<meta property=\"og:image:type\" content=\"image\/png\" \/>\n<meta name=\"twitter:card\" content=\"summary_large_image\" \/>\n<meta name=\"twitter:label1\" content=\"Tahmini okuma s\u00fcresi\" \/>\n\t<meta name=\"twitter:data1\" content=\"3 dakika\" \/>\n<script type=\"application\/ld+json\" class=\"yoast-schema-graph\">{\"@context\":\"https:\/\/schema.org\",\"@graph\":[{\"@type\":\"WebPage\",\"@id\":\"https:\/\/dolphinfix.com.tr\/eticaret\/urun\/therm-3-cephe-isi-ses-su-yalitim-boyasi\/\",\"url\":\"https:\/\/dolphinfix.com.tr\/eticaret\/urun\/therm-3-cephe-isi-ses-su-yalitim-boyasi\/\",\"name\":\"THERM +3 CEPHE - ISI SES SU YALITIM BOYASI - Dolphinfix\",\"isPartOf\":{\"@id\":\"https:\/\/dolphinfix.com.tr\/eticaret\/#website\"},\"datePublished\":\"2024-10-19T13:32:30+00:00\",\"dateModified\":\"2026-03-12T05:56:03+00:00\",\"description\":\"\u0131s\u0131 yal\u0131t\u0131m boyas\u0131, ses yal\u0131t\u0131m boyas\u0131, su yal\u0131t\u0131m boyas\u0131, d\u0131\u015f cephe yal\u0131t\u0131m boyas\u0131, enerji tasarruflu boyalar, bina yal\u0131t\u0131m boyas\u0131, cephe koruyucu boya, y\u00fcksek performansl\u0131 yal\u0131t\u0131m boyas\u0131, dayan\u0131kl\u0131 yal\u0131t\u0131m boyas\u0131, \u00e7evre dostu yal\u0131t\u0131m boyas\u0131, uzun \u00f6m\u00fcrl\u00fc yal\u0131t\u0131m boyas\u0131, kolay uygulanabilir yal\u0131t\u0131m boyas\u0131, nefes alan cephe boyas\u0131, profesyonel yal\u0131t\u0131m boyas\u0131, \u0131s\u0131-su-ses izolasyon boyas\u0131\",\"breadcrumb\":{\"@id\":\"https:\/\/dolphinfix.com.tr\/eticaret\/urun\/therm-3-cephe-isi-ses-su-yalitim-boyasi\/#breadcrumb\"},\"inLanguage\":\"tr\",\"potentialAction\":[{\"@type\":\"ReadAction\",\"target\":[\"https:\/\/dolphinfix.com.tr\/eticaret\/urun\/therm-3-cephe-isi-ses-su-yalitim-boyasi\/\"]}]},{\"@type\":\"BreadcrumbList\",\"@id\":\"https:\/\/dolphinfix.com.tr\/eticaret\/urun\/therm-3-cephe-isi-ses-su-yalitim-boyasi\/#breadcrumb\",\"itemListElement\":[{\"@type\":\"ListItem\",\"position\":1,\"name\":\"Home\",\"item\":\"https:\/\/dolphinfix.com.tr\/eticaret\/\"},{\"@type\":\"ListItem\",\"position\":2,\"name\":\"Market\",\"item\":\"https:\/\/dolphinfix.com.tr\/eticaret\/market\/\"},{\"@type\":\"ListItem\",\"position\":3,\"name\":\"THERM +3 CEPHE &#8211; ISI SES SU YALITIM BOYASI\"}]},{\"@type\":\"WebSite\",\"@id\":\"https:\/\/dolphinfix.com.tr\/eticaret\/#website\",\"url\":\"https:\/\/dolphinfix.com.tr\/eticaret\/\",\"name\":\"Dolphinfix\",\"description\":\"\",\"potentialAction\":[{\"@type\":\"SearchAction\",\"target\":{\"@type\":\"EntryPoint\",\"urlTemplate\":\"https:\/\/dolphinfix.com.tr\/eticaret\/?s={search_term_string}\"},\"query-input\":\"required name=search_term_string\"}],\"inLanguage\":\"tr\"}]}<\/script>\n<!-- \/ Yoast SEO Premium plugin. -->","yoast_head_json":{"title":"THERM +3 CEPHE - ISI SES SU YALITIM BOYASI - Dolphinfix","description":"\u0131s\u0131 yal\u0131t\u0131m boyas\u0131, ses yal\u0131t\u0131m boyas\u0131, su yal\u0131t\u0131m boyas\u0131, d\u0131\u015f cephe yal\u0131t\u0131m boyas\u0131, enerji tasarruflu boyalar, bina yal\u0131t\u0131m boyas\u0131, cephe koruyucu boya, y\u00fcksek performansl\u0131 yal\u0131t\u0131m boyas\u0131, dayan\u0131kl\u0131 yal\u0131t\u0131m boyas\u0131, \u00e7evre dostu yal\u0131t\u0131m boyas\u0131, uzun \u00f6m\u00fcrl\u00fc yal\u0131t\u0131m boyas\u0131, kolay uygulanabilir yal\u0131t\u0131m boyas\u0131, nefes alan cephe boyas\u0131, profesyonel yal\u0131t\u0131m boyas\u0131, \u0131s\u0131-su-ses izolasyon boyas\u0131","robots":{"index":"index","follow":"follow","max-snippet":"max-snippet:-1","max-image-preview":"max-image-preview:large","max-video-preview":"max-video-preview:-1"},"canonical":"https:\/\/dolphinfix.com.tr\/eticaret\/urun\/therm-3-cephe-isi-ses-su-yalitim-boyasi\/","og_locale":"tr_TR","og_type":"article","og_title":"THERM +3 CEPHE - ISI SES SU YALITIM BOYASI","og_description":"\u0131s\u0131 yal\u0131t\u0131m boyas\u0131, ses yal\u0131t\u0131m boyas\u0131, su yal\u0131t\u0131m boyas\u0131, d\u0131\u015f cephe yal\u0131t\u0131m boyas\u0131, enerji tasarruflu boyalar, bina yal\u0131t\u0131m boyas\u0131, cephe koruyucu boya, y\u00fcksek performansl\u0131 yal\u0131t\u0131m boyas\u0131, dayan\u0131kl\u0131 yal\u0131t\u0131m boyas\u0131, \u00e7evre dostu yal\u0131t\u0131m boyas\u0131, uzun \u00f6m\u00fcrl\u00fc yal\u0131t\u0131m boyas\u0131, kolay uygulanabilir yal\u0131t\u0131m boyas\u0131, nefes alan cephe boyas\u0131, profesyonel yal\u0131t\u0131m boyas\u0131, \u0131s\u0131-su-ses izolasyon boyas\u0131","og_url":"https:\/\/dolphinfix.com.tr\/eticaret\/urun\/therm-3-cephe-isi-ses-su-yalitim-boyasi\/","og_site_name":"Dolphinfix","article_modified_time":"2026-03-12T05:56:03+00:00","og_image":[{"width":1000,"height":1000,"url":"https:\/\/dolphinfix.com.tr\/eticaret\/wp-content\/uploads\/2024\/10\/3.png","type":"image\/png"}],"twitter_card":"summary_large_image","twitter_misc":{"Tahmini okuma s\u00fcresi":"3 dakika"},"schema":{"@context":"https:\/\/schema.org","@graph":[{"@type":"WebPage","@id":"https:\/\/dolphinfix.com.tr\/eticaret\/urun\/therm-3-cephe-isi-ses-su-yalitim-boyasi\/","url":"https:\/\/dolphinfix.com.tr\/eticaret\/urun\/therm-3-cephe-isi-ses-su-yalitim-boyasi\/","name":"THERM +3 CEPHE - ISI SES SU YALITIM BOYASI - Dolphinfix","isPartOf":{"@id":"https:\/\/dolphinfix.com.tr\/eticaret\/#website"},"datePublished":"2024-10-19T13:32:30+00:00","dateModified":"2026-03-12T05:56:03+00:00","description":"\u0131s\u0131 yal\u0131t\u0131m boyas\u0131, ses yal\u0131t\u0131m boyas\u0131, su yal\u0131t\u0131m boyas\u0131, d\u0131\u015f cephe yal\u0131t\u0131m boyas\u0131, enerji tasarruflu boyalar, bina yal\u0131t\u0131m boyas\u0131, cephe koruyucu boya, y\u00fcksek performansl\u0131 yal\u0131t\u0131m boyas\u0131, dayan\u0131kl\u0131 yal\u0131t\u0131m boyas\u0131, \u00e7evre dostu yal\u0131t\u0131m boyas\u0131, uzun \u00f6m\u00fcrl\u00fc yal\u0131t\u0131m boyas\u0131, kolay uygulanabilir yal\u0131t\u0131m boyas\u0131, nefes alan cephe boyas\u0131, profesyonel yal\u0131t\u0131m boyas\u0131, \u0131s\u0131-su-ses izolasyon boyas\u0131","breadcrumb":{"@id":"https:\/\/dolphinfix.com.tr\/eticaret\/urun\/therm-3-cephe-isi-ses-su-yalitim-boyasi\/#breadcrumb"},"inLanguage":"tr","potentialAction":[{"@type":"ReadAction","target":["https:\/\/dolphinfix.com.tr\/eticaret\/urun\/therm-3-cephe-isi-ses-su-yalitim-boyasi\/"]}]},{"@type":"BreadcrumbList","@id":"https:\/\/dolphinfix.com.tr\/eticaret\/urun\/therm-3-cephe-isi-ses-su-yalitim-boyasi\/#breadcrumb","itemListElement":[{"@type":"ListItem","position":1,"name":"Home","item":"https:\/\/dolphinfix.com.tr\/eticaret\/"},{"@type":"ListItem","position":2,"name":"Market","item":"https:\/\/dolphinfix.com.tr\/eticaret\/market\/"},{"@type":"ListItem","position":3,"name":"THERM +3 CEPHE &#8211; ISI SES SU YALITIM BOYASI"}]},{"@type":"WebSite","@id":"https:\/\/dolphinfix.com.tr\/eticaret\/#website","url":"https:\/\/dolphinfix.com.tr\/eticaret\/","name":"Dolphinfix","description":"","potentialAction":[{"@type":"SearchAction","target":{"@type":"EntryPoint","urlTemplate":"https:\/\/dolphinfix.com.tr\/eticaret\/?s={search_term_string}"},"query-input":"required name=search_term_string"}],"inLanguage":"tr"}]}},"_links":{"self":[{"href":"https:\/\/dolphinfix.com.tr\/eticaret\/wp-json\/wp\/v2\/product\/15921","targetHints":{"allow":["GET"]}}],"collection":[{"href":"https:\/\/dolphinfix.com.tr\/eticaret\/wp-json\/wp\/v2\/product"}],"about":[{"href":"https:\/\/dolphinfix.com.tr\/eticaret\/wp-json\/wp\/v2\/types\/product"}],"replies":[{"embeddable":true,"href":"https:\/\/dolphinfix.com.tr\/eticaret\/wp-json\/wp\/v2\/comments?post=15921"}],"version-history":[{"count":7,"href":"https:\/\/dolphinfix.com.tr\/eticaret\/wp-json\/wp\/v2\/product\/15921\/revisions"}],"predecessor-version":[{"id":18834,"href":"https:\/\/dolphinfix.com.tr\/eticaret\/wp-json\/wp\/v2\/product\/15921\/revisions\/18834"}],"wp:featuredmedia":[{"embeddable":true,"href":"https:\/\/dolphinfix.com.tr\/eticaret\/wp-json\/wp\/v2\/media\/16219"}],"wp:attachment":[{"href":"https:\/\/dolphinfix.com.tr\/eticaret\/wp-json\/wp\/v2\/media?parent=15921"}],"wp:term":[{"taxonomy":"product_cat","embeddable":true,"href":"https:\/\/dolphinfix.com.tr\/eticaret\/wp-json\/wp\/v2\/product_cat?post=15921"},{"taxonomy":"product_tag","embeddable":true,"href":"https:\/\/dolphinfix.com.tr\/eticaret\/wp-json\/wp\/v2\/product_tag?post=15921"}],"curies":[{"name":"wp","href":"https:\/\/api.w.org\/{rel}","templated":true}]}}