{"id":15926,"date":"2024-10-19T16:37:32","date_gmt":"2024-10-19T13:37:32","guid":{"rendered":"https:\/\/dolphinfix.com.tr\/eticaret?post_type=product&#038;p=15926"},"modified":"2026-03-12T08:56:43","modified_gmt":"2026-03-12T05:56:43","slug":"therm-005-cati-teras-isi-ses-su-yalitim-boyasi","status":"publish","type":"product","link":"https:\/\/dolphinfix.com.tr\/eticaret\/urun\/therm-005-cati-teras-isi-ses-su-yalitim-boyasi\/","title":{"rendered":"THERM 005 \u00c7ATI VE TERAS &#8211; ISI SES SU YALITIM BOYASI"},"content":{"rendered":"<h3><span style=\"color: #c61016;\">\u00dcR\u00dcN B\u0130LG\u0130LER\u0130 ;<\/span><\/h3>\n<p data-pm-slice=\"1 1 []\"><span style=\"color: #000000;\"><strong>TANIMI:<\/strong> Therm 005 \u00e7at\u0131 &amp; teras , Elastomerik re\u00e7ine esasl\u0131 2400 \u00b0C de eritilmi\u015f silikat\u0131 \u015fi\u015firerek baloncuk haline getirilmi\u015f vakumlanm\u0131\u015f do\u011fal k\u00fcrecikler ile volkanik kraterlerin hafifle\u015ftirilmi\u015f, i\u00e7inde duran hava bar\u0131nd\u0131ran y\u00fcksek yal\u0131t\u0131m \u00f6zelli\u011fine sahip \u00e7e\u015fitli \u00fcr\u00fcnler ile \u00f6zel i\u015flemlerden ge\u00e7irilerek modifiye edilmi\u015f, su emmeyen, \u0131s\u0131 yal\u0131t\u0131m ve zemin kaplamas\u0131d\u0131r.<\/span><\/p>\n<p data-pm-slice=\"1 1 []\"><span style=\"color: #000000;\">\u00a0<strong>KULLANIM ALANLARI<\/strong><\/span><br \/>\n<span style=\"color: #000000;\">Her t\u00fcrl\u00fc teras, \u00e7at\u0131 izolasyonlar\u0131nda, metal ve ah\u015fap zeminlerde g\u00fcvenli ve garantili \u015fekilde kullan\u0131l\u0131r.<\/span><\/p>\n<p><span style=\"color: #000000;\"><strong>\u00dcR\u00dcN \u00d6ZELL\u0130KLER\u0130<\/strong><\/span><br \/>\n<span style=\"color: #000000;\">Su bazl\u0131 ve \u00e7evre dostudur, zararl\u0131 madde i\u00e7ermemektedir. Ek olu\u015fturmadan yekpare uygulama yap\u0131l\u0131r, \u0131s\u0131 k\u00f6pr\u00fcs\u00fc olu\u015fturmaz.<\/span><br \/>\n<span style=\"color: #000000;\">Is\u0131, su, ses izolasyonu sa\u011flar.<\/span><br \/>\n<span style=\"color: #000000;\">Yang\u0131na dayan\u0131m\u0131 vard\u0131r.<\/span><br \/>\n<span style=\"color: #000000;\">Silikon katk\u0131s\u0131ndan dolay\u0131 su ge\u00e7irimsizli\u011fi art\u0131r\u0131r.<\/span><br \/>\n<span style=\"color: #000000;\">Yaz k\u0131\u015f yal\u0131t\u0131m yapar, ekonomiye katk\u0131 sa\u011flar.<\/span><br \/>\n<span style=\"color: #000000;\">Dif\u00fczyon \u00f6zelli\u011fine sahiptir.<\/span><br \/>\n<span style=\"color: #000000;\">Ha\ufb01ftir, yap\u0131daki \u00f6l\u00fc y\u00fck\u00fc al\u0131r.<\/span><br \/>\n<span style=\"color: #000000;\">Uygulama alan\u0131 geni\u015f.<\/span><br \/>\n<span style=\"color: #000000;\">Uygulanmas\u0131 kolayd\u0131r.<\/span><br \/>\n<span style=\"color: #000000;\">\u0130\u015f\u00e7ilikten ve zamandan tasarruf sa\u011flar.<\/span><br \/>\n<span style=\"color: #000000;\">Konforlu ya\u015fam sunar.<\/span><\/p>\n<p><span style=\"color: #000000;\"><strong>TEKN\u0130K \u00d6ZELL\u0130KLER<\/strong><\/span><br \/>\n<span style=\"color: #000000;\">Parlakl\u0131k : Mat<\/span><br \/>\n<span style=\"color: #000000;\">Renk : Her t\u00fcrl\u00fc renk<\/span><br \/>\n<span style=\"color: #000000;\">\u00fcretimi yap\u0131labilir.<\/span><br \/>\n<span style=\"color: #000000;\">Kat\u0131 Madde : % 70\u00b12 (A\u011f\u0131rl\u0131k\u00e7a)<\/span><br \/>\n<span style=\"color: #000000;\">Yo\u011funluk : 0,80 gr\/cm3<\/span><br \/>\n<span style=\"color: #000000;\">Uygulama : Saten rulo ya da p\u00fcsk\u00fcrtme<\/span><br \/>\n<span style=\"color: #000000;\">P\u00fcsk\u00fcrtme bas\u0131nc\u0131 : 40 Bar\/580 psi<\/span><br \/>\n<span style=\"color: #000000;\">Meme \u00c7ap\u0131 : 0,021\u201d- 0,027\u201d<\/span><br \/>\n<span style=\"color: #000000;\">Yang\u0131n S\u0131n\u0131f\u0131 : Yanmaz<\/span><br \/>\n<span style=\"color: #000000;\">Tek Kat Kuru Film Kal\u0131nl\u0131\u011f\u0131 : 1,5-2mm<\/span><br \/>\n<span style=\"color: #000000;\">+20\u00b0C (\u00b12\u00baC) hava s\u0131cakl\u0131\u011f\u0131 ve %50 \u00b15 ba\u011f\u0131l nem ko\u015fullar\u0131nda elde edilmi\u015ftir. Y\u00fcksek s\u0131cakl\u0131klar s\u00fcreleri k\u0131salt\u0131r, d\u00fc\u015f\u00fck s\u0131cakl\u0131klar uzat\u0131r.<\/span><\/p>\n<p data-pm-slice=\"0 0 []\"><span style=\"color: #000000;\"><strong>UYGULAMA: <\/strong><\/span><span style=\"color: #000000;\">Her t\u00fcrl\u00fc ya\u011f, kir ve tozdan temizlenmi\u015f ve y\u00fczey tamirat\u0131 yap\u0131lm\u0131\u015f y\u00fczeylere uygulama yap\u0131lmal\u0131d\u0131r. 4 kat uygulamadan olu\u015fmaktad\u0131r. (1 kat astar, 2 kat kaplama ve 1 kat cila).Uygulama yap\u0131lmadan \u00f6nce zemine Astar\u0131 f\u0131r\u00e7a ya da rulo ile zemin doyurularak uygulanmal\u0131d\u0131r. Astar uygulanmas\u0131ndan en az 2 saat sonra kaplama uygulamas\u0131 yap\u0131lmal\u0131d\u0131r. Kaplama uygulamas\u0131 yap\u0131lmadan \u00f6nce malzeme mikser ya da mekanik kar\u0131\u015ft\u0131r\u0131c\u0131 ile homojen \u015fekilde kar\u0131\u015ft\u0131r\u0131lmal\u0131d\u0131r. Kullan\u0131ma haz\u0131rd\u0131r. Saten rulo ile uygulama yap\u0131lmas\u0131 \u00f6nerilir. Uygulama yap\u0131l\u0131rken rulo tamamen kovaya bat\u0131r\u0131l\u0131p malzemenin tamamen ruloyu sarmas\u0131 sa\u011flan\u0131r, rulodaki fazla malzeme silkelenerek kovaya ak\u0131t\u0131lmas\u0131 sa\u011flan\u0131r. Y\u00fczeye rulo bast\u0131r\u0131lmadan ve yava\u015f\u00e7a uygulanmal\u0131d\u0131r. \u0130lk kat uygulamas\u0131ndan en az 12 saat sonra, ilk kattaki uygulaman\u0131n ayn\u0131s\u0131 ikinci kat uygulamas\u0131 olarak yap\u0131lmal\u0131d\u0131r. \u0130kinci kat uygulamas\u0131ndan en az 18-24 saat sonra Silikonlu Cila uygulamas\u0131 yap\u0131larak y\u00fczeyin parlak g\u00f6r\u00fcn\u00fcm kazanmas\u0131n\u0131 ve her t\u00fcrl\u00fc d\u0131\u015f etkenlere kar\u015f\u0131 korunmas\u0131 ve su ge\u00e7irimsizli\u011fi kazanmas\u0131 sa\u011flan\u0131r.<\/span><\/p>\n<p><span style=\"color: #000000;\"><strong>SARF\u0130YAT:<\/strong> Uygulama yap\u0131lacak y\u00fczeyin cinsine, emicili\u011fine ve yap\u0131s\u0131na g\u00f6re sarfiyat\u0131 1,2-1,3 kg\/m\u00b2\u2019dir. Kesin sarfiyat i\u00e7in kontroll\u00fc numune \u00e7al\u0131\u015fmas\u0131 yap\u0131lmal\u0131d\u0131r.<\/span><\/p>\n<p><span style=\"color: #000000;\"><strong>KURUMA S\u00dcRES\u0130:<\/strong> (20\u00b0C, %65 HR\u2019de):<\/span><br \/>\n<span style=\"color: #000000;\">Dokunma kurumas\u0131: 2-4 saat,<\/span><br \/>\n<span style=\"color: #000000;\">\u0130kinci kat uygulamas\u0131: 12-24 saat,<\/span><br \/>\n<span style=\"color: #000000;\">Son kuruma: 48 saat<\/span><br \/>\n<span style=\"color: #000000;\">(daha y\u00fcksek ba\u011f\u0131l nem ve d\u00fc\u015f\u00fck s\u0131cakl\u0131kta kuruma s\u00fcresi uzayabilir).<\/span><\/p>\n<p><span style=\"color: #000000;\"><strong>\u00a0UYARILAR:<\/strong> Uygulamadan sonra en az 48 saat zeminde y\u00fcr\u00fcme yap\u0131lmamal\u0131d\u0131r. (+) 5\u00b0C\u2019nin alt\u0131nda ve (+) 35\u00b0C\u2019nin \u00fcst\u00fcnde ki ortamlarda mutlaka korumaya al\u0131nmal\u0131d\u0131r. Naylon ile etraf\u0131 kapat\u0131lmal\u0131d\u0131r. Dona ve ani su kayb\u0131na kar\u015f\u0131 \u00f6nlem al\u0131nmal\u0131d\u0131r<\/span><\/p>\n","protected":false},"excerpt":{"rendered":"<p><span style=\"color: #000000;\"><a style=\"color: #000000;\" href=\"https:\/\/dolphinfix.com.tr\/eticaret\/wp-content\/uploads\/2025\/04\/THERM-005-CATI-TERAS-YALITIM-BOYASI-TDS.pdf\" target=\"_blank\" rel=\"noopener\">TDS Belgesini \u0130ndirmek \u0130\u00e7in T\u0131klay\u0131n\u0131z<br \/>\n<\/a><\/span><span style=\"color: #000000;\"><a style=\"color: #000000;\" href=\"#\" target=\"_blank\" rel=\"noopener\">CE Belgesini \u0130ndirmek \u0130\u00e7in T\u0131klay\u0131n\u0131z<\/a><\/span><\/p>\n","protected":false},"featured_media":16223,"comment_status":"open","ping_status":"closed","template":"","meta":{"_joinchat":[]},"product_cat":[87,125],"product_tag":[435,430,423,418,433,415,429,432,434,428,416,417,431,425,422],"class_list":{"0":"post-15926","1":"product","2":"type-product","3":"status-publish","4":"has-post-thumbnail","6":"product_cat-isi-yalitimi","7":"product_cat-mantolama","8":"product_tag-cati-ve-teras-koruyucu-boya","9":"product_tag-cati-yalitim-boyasi","10":"product_tag-dayanikli-yalitim-boyasi","11":"product_tag-dis-cephe-yalitim-boyasi","12":"product_tag-enerji-tasarruflu-yalitim-boyasi","13":"product_tag-isi-yalitim-boyasi","14":"product_tag-isi-su-ses-izolasyon-boyasi","15":"product_tag-kolay-surulen-yalitim-boyasi","16":"product_tag-nefes-alan-yalitim-boyasi","17":"product_tag-profesyonel-yalitim-boyasi","18":"product_tag-ses-yalitim-boyasi","19":"product_tag-su-yalitim-boyasi","20":"product_tag-teras-yalitim-boyasi","21":"product_tag-uzun-omurlu-yalitim-boyasi","22":"product_tag-yuksek-performansli-yalitim-boyasi","24":"first","25":"instock","26":"taxable","27":"shipping-taxable","28":"purchasable","29":"product-type-variable"},"yoast_head":"<!-- This site is optimized with the Yoast SEO Premium plugin v20.2.1 (Yoast SEO v20.2.1) - https:\/\/yoast.com\/wordpress\/plugins\/seo\/ -->\n<title>THERM 005 \u00c7ATI VE TERAS - ISI SES SU YALITIM BOYASI - Dolphinfix<\/title>\n<meta name=\"description\" content=\"\u00e7at\u0131 yal\u0131t\u0131m boyas\u0131, teras yal\u0131t\u0131m boyas\u0131, \u0131s\u0131 yal\u0131t\u0131m boyas\u0131, ses yal\u0131t\u0131m boyas\u0131, su yal\u0131t\u0131m boyas\u0131, kolay s\u00fcr\u00fclen yal\u0131t\u0131m boyas\u0131, d\u0131\u015f cephe yal\u0131t\u0131m boyas\u0131, y\u00fcksek performansl\u0131 yal\u0131t\u0131m boyas\u0131, dayan\u0131kl\u0131 yal\u0131t\u0131m boyas\u0131, uzun \u00f6m\u00fcrl\u00fc yal\u0131t\u0131m boyas\u0131, enerji tasarruflu yal\u0131t\u0131m boyas\u0131, nefes alan yal\u0131t\u0131m boyas\u0131, profesyonel yal\u0131t\u0131m boyas\u0131, \u00e7at\u0131 ve teras koruyucu boya, \u0131s\u0131-su-ses izolasyon boyas\u0131\" \/>\n<meta name=\"robots\" content=\"index, follow, max-snippet:-1, max-image-preview:large, max-video-preview:-1\" \/>\n<link rel=\"canonical\" href=\"https:\/\/dolphinfix.com.tr\/eticaret\/urun\/therm-005-cati-teras-isi-ses-su-yalitim-boyasi\/\" \/>\n<meta property=\"og:locale\" content=\"tr_TR\" \/>\n<meta property=\"og:type\" content=\"article\" \/>\n<meta property=\"og:title\" content=\"THERM 005 \u00c7ATI VE TERAS - ISI SES SU YALITIM BOYASI\" \/>\n<meta property=\"og:description\" content=\"\u00e7at\u0131 yal\u0131t\u0131m boyas\u0131, teras yal\u0131t\u0131m boyas\u0131, \u0131s\u0131 yal\u0131t\u0131m boyas\u0131, ses yal\u0131t\u0131m boyas\u0131, su yal\u0131t\u0131m boyas\u0131, kolay s\u00fcr\u00fclen yal\u0131t\u0131m boyas\u0131, d\u0131\u015f cephe yal\u0131t\u0131m boyas\u0131, y\u00fcksek performansl\u0131 yal\u0131t\u0131m boyas\u0131, dayan\u0131kl\u0131 yal\u0131t\u0131m boyas\u0131, uzun \u00f6m\u00fcrl\u00fc yal\u0131t\u0131m boyas\u0131, enerji tasarruflu yal\u0131t\u0131m boyas\u0131, nefes alan yal\u0131t\u0131m boyas\u0131, profesyonel yal\u0131t\u0131m boyas\u0131, \u00e7at\u0131 ve teras koruyucu boya, \u0131s\u0131-su-ses izolasyon boyas\u0131\" \/>\n<meta property=\"og:url\" content=\"https:\/\/dolphinfix.com.tr\/eticaret\/urun\/therm-005-cati-teras-isi-ses-su-yalitim-boyasi\/\" \/>\n<meta property=\"og:site_name\" content=\"Dolphinfix\" \/>\n<meta property=\"article:modified_time\" content=\"2026-03-12T05:56:43+00:00\" \/>\n<meta property=\"og:image\" content=\"https:\/\/dolphinfix.com.tr\/eticaret\/wp-content\/uploads\/2024\/10\/005.png\" \/>\n\t<meta property=\"og:image:width\" content=\"1000\" \/>\n\t<meta property=\"og:image:height\" content=\"1000\" \/>\n\t<meta property=\"og:image:type\" content=\"image\/png\" \/>\n<meta name=\"twitter:card\" content=\"summary_large_image\" \/>\n<meta name=\"twitter:label1\" content=\"Tahmini okuma s\u00fcresi\" \/>\n\t<meta name=\"twitter:data1\" content=\"3 dakika\" \/>\n<script type=\"application\/ld+json\" class=\"yoast-schema-graph\">{\"@context\":\"https:\/\/schema.org\",\"@graph\":[{\"@type\":\"WebPage\",\"@id\":\"https:\/\/dolphinfix.com.tr\/eticaret\/urun\/therm-005-cati-teras-isi-ses-su-yalitim-boyasi\/\",\"url\":\"https:\/\/dolphinfix.com.tr\/eticaret\/urun\/therm-005-cati-teras-isi-ses-su-yalitim-boyasi\/\",\"name\":\"THERM 005 \u00c7ATI VE TERAS - ISI SES SU YALITIM BOYASI - Dolphinfix\",\"isPartOf\":{\"@id\":\"https:\/\/dolphinfix.com.tr\/eticaret\/#website\"},\"datePublished\":\"2024-10-19T13:37:32+00:00\",\"dateModified\":\"2026-03-12T05:56:43+00:00\",\"description\":\"\u00e7at\u0131 yal\u0131t\u0131m boyas\u0131, teras yal\u0131t\u0131m boyas\u0131, \u0131s\u0131 yal\u0131t\u0131m boyas\u0131, ses yal\u0131t\u0131m boyas\u0131, su yal\u0131t\u0131m boyas\u0131, kolay s\u00fcr\u00fclen yal\u0131t\u0131m boyas\u0131, d\u0131\u015f cephe yal\u0131t\u0131m boyas\u0131, y\u00fcksek performansl\u0131 yal\u0131t\u0131m boyas\u0131, dayan\u0131kl\u0131 yal\u0131t\u0131m boyas\u0131, uzun \u00f6m\u00fcrl\u00fc yal\u0131t\u0131m boyas\u0131, enerji tasarruflu yal\u0131t\u0131m boyas\u0131, nefes alan yal\u0131t\u0131m boyas\u0131, profesyonel yal\u0131t\u0131m boyas\u0131, \u00e7at\u0131 ve teras koruyucu boya, \u0131s\u0131-su-ses izolasyon boyas\u0131\",\"breadcrumb\":{\"@id\":\"https:\/\/dolphinfix.com.tr\/eticaret\/urun\/therm-005-cati-teras-isi-ses-su-yalitim-boyasi\/#breadcrumb\"},\"inLanguage\":\"tr\",\"potentialAction\":[{\"@type\":\"ReadAction\",\"target\":[\"https:\/\/dolphinfix.com.tr\/eticaret\/urun\/therm-005-cati-teras-isi-ses-su-yalitim-boyasi\/\"]}]},{\"@type\":\"BreadcrumbList\",\"@id\":\"https:\/\/dolphinfix.com.tr\/eticaret\/urun\/therm-005-cati-teras-isi-ses-su-yalitim-boyasi\/#breadcrumb\",\"itemListElement\":[{\"@type\":\"ListItem\",\"position\":1,\"name\":\"Home\",\"item\":\"https:\/\/dolphinfix.com.tr\/eticaret\/\"},{\"@type\":\"ListItem\",\"position\":2,\"name\":\"Market\",\"item\":\"https:\/\/dolphinfix.com.tr\/eticaret\/market\/\"},{\"@type\":\"ListItem\",\"position\":3,\"name\":\"THERM 005 \u00c7ATI VE TERAS &#8211; ISI SES SU YALITIM BOYASI\"}]},{\"@type\":\"WebSite\",\"@id\":\"https:\/\/dolphinfix.com.tr\/eticaret\/#website\",\"url\":\"https:\/\/dolphinfix.com.tr\/eticaret\/\",\"name\":\"Dolphinfix\",\"description\":\"\",\"potentialAction\":[{\"@type\":\"SearchAction\",\"target\":{\"@type\":\"EntryPoint\",\"urlTemplate\":\"https:\/\/dolphinfix.com.tr\/eticaret\/?s={search_term_string}\"},\"query-input\":\"required name=search_term_string\"}],\"inLanguage\":\"tr\"}]}<\/script>\n<!-- \/ Yoast SEO Premium plugin. -->","yoast_head_json":{"title":"THERM 005 \u00c7ATI VE TERAS - ISI SES SU YALITIM BOYASI - Dolphinfix","description":"\u00e7at\u0131 yal\u0131t\u0131m boyas\u0131, teras yal\u0131t\u0131m boyas\u0131, \u0131s\u0131 yal\u0131t\u0131m boyas\u0131, ses yal\u0131t\u0131m boyas\u0131, su yal\u0131t\u0131m boyas\u0131, kolay s\u00fcr\u00fclen yal\u0131t\u0131m boyas\u0131, d\u0131\u015f cephe yal\u0131t\u0131m boyas\u0131, y\u00fcksek performansl\u0131 yal\u0131t\u0131m boyas\u0131, dayan\u0131kl\u0131 yal\u0131t\u0131m boyas\u0131, uzun \u00f6m\u00fcrl\u00fc yal\u0131t\u0131m boyas\u0131, enerji tasarruflu yal\u0131t\u0131m boyas\u0131, nefes alan yal\u0131t\u0131m boyas\u0131, profesyonel yal\u0131t\u0131m boyas\u0131, \u00e7at\u0131 ve teras koruyucu boya, \u0131s\u0131-su-ses izolasyon boyas\u0131","robots":{"index":"index","follow":"follow","max-snippet":"max-snippet:-1","max-image-preview":"max-image-preview:large","max-video-preview":"max-video-preview:-1"},"canonical":"https:\/\/dolphinfix.com.tr\/eticaret\/urun\/therm-005-cati-teras-isi-ses-su-yalitim-boyasi\/","og_locale":"tr_TR","og_type":"article","og_title":"THERM 005 \u00c7ATI VE TERAS - ISI SES SU YALITIM BOYASI","og_description":"\u00e7at\u0131 yal\u0131t\u0131m boyas\u0131, teras yal\u0131t\u0131m boyas\u0131, \u0131s\u0131 yal\u0131t\u0131m boyas\u0131, ses yal\u0131t\u0131m boyas\u0131, su yal\u0131t\u0131m boyas\u0131, kolay s\u00fcr\u00fclen yal\u0131t\u0131m boyas\u0131, d\u0131\u015f cephe yal\u0131t\u0131m boyas\u0131, y\u00fcksek performansl\u0131 yal\u0131t\u0131m boyas\u0131, dayan\u0131kl\u0131 yal\u0131t\u0131m boyas\u0131, uzun \u00f6m\u00fcrl\u00fc yal\u0131t\u0131m boyas\u0131, enerji tasarruflu yal\u0131t\u0131m boyas\u0131, nefes alan yal\u0131t\u0131m boyas\u0131, profesyonel yal\u0131t\u0131m boyas\u0131, \u00e7at\u0131 ve teras koruyucu boya, \u0131s\u0131-su-ses izolasyon boyas\u0131","og_url":"https:\/\/dolphinfix.com.tr\/eticaret\/urun\/therm-005-cati-teras-isi-ses-su-yalitim-boyasi\/","og_site_name":"Dolphinfix","article_modified_time":"2026-03-12T05:56:43+00:00","og_image":[{"width":1000,"height":1000,"url":"https:\/\/dolphinfix.com.tr\/eticaret\/wp-content\/uploads\/2024\/10\/005.png","type":"image\/png"}],"twitter_card":"summary_large_image","twitter_misc":{"Tahmini okuma s\u00fcresi":"3 dakika"},"schema":{"@context":"https:\/\/schema.org","@graph":[{"@type":"WebPage","@id":"https:\/\/dolphinfix.com.tr\/eticaret\/urun\/therm-005-cati-teras-isi-ses-su-yalitim-boyasi\/","url":"https:\/\/dolphinfix.com.tr\/eticaret\/urun\/therm-005-cati-teras-isi-ses-su-yalitim-boyasi\/","name":"THERM 005 \u00c7ATI VE TERAS - ISI SES SU YALITIM BOYASI - Dolphinfix","isPartOf":{"@id":"https:\/\/dolphinfix.com.tr\/eticaret\/#website"},"datePublished":"2024-10-19T13:37:32+00:00","dateModified":"2026-03-12T05:56:43+00:00","description":"\u00e7at\u0131 yal\u0131t\u0131m boyas\u0131, teras yal\u0131t\u0131m boyas\u0131, \u0131s\u0131 yal\u0131t\u0131m boyas\u0131, ses yal\u0131t\u0131m boyas\u0131, su yal\u0131t\u0131m boyas\u0131, kolay s\u00fcr\u00fclen yal\u0131t\u0131m boyas\u0131, d\u0131\u015f cephe yal\u0131t\u0131m boyas\u0131, y\u00fcksek performansl\u0131 yal\u0131t\u0131m boyas\u0131, dayan\u0131kl\u0131 yal\u0131t\u0131m boyas\u0131, uzun \u00f6m\u00fcrl\u00fc yal\u0131t\u0131m boyas\u0131, enerji tasarruflu yal\u0131t\u0131m boyas\u0131, nefes alan yal\u0131t\u0131m boyas\u0131, profesyonel yal\u0131t\u0131m boyas\u0131, \u00e7at\u0131 ve teras koruyucu boya, \u0131s\u0131-su-ses izolasyon boyas\u0131","breadcrumb":{"@id":"https:\/\/dolphinfix.com.tr\/eticaret\/urun\/therm-005-cati-teras-isi-ses-su-yalitim-boyasi\/#breadcrumb"},"inLanguage":"tr","potentialAction":[{"@type":"ReadAction","target":["https:\/\/dolphinfix.com.tr\/eticaret\/urun\/therm-005-cati-teras-isi-ses-su-yalitim-boyasi\/"]}]},{"@type":"BreadcrumbList","@id":"https:\/\/dolphinfix.com.tr\/eticaret\/urun\/therm-005-cati-teras-isi-ses-su-yalitim-boyasi\/#breadcrumb","itemListElement":[{"@type":"ListItem","position":1,"name":"Home","item":"https:\/\/dolphinfix.com.tr\/eticaret\/"},{"@type":"ListItem","position":2,"name":"Market","item":"https:\/\/dolphinfix.com.tr\/eticaret\/market\/"},{"@type":"ListItem","position":3,"name":"THERM 005 \u00c7ATI VE TERAS &#8211; ISI SES SU YALITIM BOYASI"}]},{"@type":"WebSite","@id":"https:\/\/dolphinfix.com.tr\/eticaret\/#website","url":"https:\/\/dolphinfix.com.tr\/eticaret\/","name":"Dolphinfix","description":"","potentialAction":[{"@type":"SearchAction","target":{"@type":"EntryPoint","urlTemplate":"https:\/\/dolphinfix.com.tr\/eticaret\/?s={search_term_string}"},"query-input":"required name=search_term_string"}],"inLanguage":"tr"}]}},"_links":{"self":[{"href":"https:\/\/dolphinfix.com.tr\/eticaret\/wp-json\/wp\/v2\/product\/15926","targetHints":{"allow":["GET"]}}],"collection":[{"href":"https:\/\/dolphinfix.com.tr\/eticaret\/wp-json\/wp\/v2\/product"}],"about":[{"href":"https:\/\/dolphinfix.com.tr\/eticaret\/wp-json\/wp\/v2\/types\/product"}],"replies":[{"embeddable":true,"href":"https:\/\/dolphinfix.com.tr\/eticaret\/wp-json\/wp\/v2\/comments?post=15926"}],"version-history":[{"count":7,"href":"https:\/\/dolphinfix.com.tr\/eticaret\/wp-json\/wp\/v2\/product\/15926\/revisions"}],"predecessor-version":[{"id":18835,"href":"https:\/\/dolphinfix.com.tr\/eticaret\/wp-json\/wp\/v2\/product\/15926\/revisions\/18835"}],"wp:featuredmedia":[{"embeddable":true,"href":"https:\/\/dolphinfix.com.tr\/eticaret\/wp-json\/wp\/v2\/media\/16223"}],"wp:attachment":[{"href":"https:\/\/dolphinfix.com.tr\/eticaret\/wp-json\/wp\/v2\/media?parent=15926"}],"wp:term":[{"taxonomy":"product_cat","embeddable":true,"href":"https:\/\/dolphinfix.com.tr\/eticaret\/wp-json\/wp\/v2\/product_cat?post=15926"},{"taxonomy":"product_tag","embeddable":true,"href":"https:\/\/dolphinfix.com.tr\/eticaret\/wp-json\/wp\/v2\/product_tag?post=15926"}],"curies":[{"name":"wp","href":"https:\/\/api.w.org\/{rel}","templated":true}]}}