{"id":15932,"date":"2024-10-19T17:13:37","date_gmt":"2024-10-19T14:13:37","guid":{"rendered":"https:\/\/dolphinfix.com.tr\/eticaret?post_type=product&#038;p=15932"},"modified":"2026-03-12T09:08:04","modified_gmt":"2026-03-12T06:08:04","slug":"fix-1200-fayans-yapistirici","status":"publish","type":"product","link":"https:\/\/dolphinfix.com.tr\/eticaret\/urun\/fix-1200-fayans-yapistirici\/","title":{"rendered":"D FIX 1200 &#8211; FAYANS SERAM\u0130K YAPI\u015eTIRICISI"},"content":{"rendered":"<h3><span style=\"color: #c61016;\">\u00dcR\u00dcN B\u0130LG\u0130LER\u0130 ;<\/span><\/h3>\n<p data-pm-slice=\"0 0 []\"><span style=\"color: #000000;\"><strong>TANIMI:<\/strong> FIX 1200, \u00c7imento esasl\u0131, hidrolik ba\u011flay\u0131c\u0131l\u0131, fayans ve seramik yap\u0131\u015ft\u0131rma harc\u0131.<\/span><\/p>\n<p><span style=\"color: #000000;\"><strong>KULLANIM ALANLARI<\/strong><\/span><br \/>\n<span style=\"color: #000000;\">\u2022Duvar ve zemin kaplamalarda<\/span><br \/>\n<span style=\"color: #000000;\">\u2022\u0130\u00e7eride ve d\u0131\u015far\u0131da.<\/span><br \/>\n<span style=\"color: #000000;\">\u2022Islak hacimlerde,<\/span><\/p>\n<p><span style=\"color: #000000;\"><strong>\u00dcR\u00dcN \u00d6ZELL\u0130KLER\u0130 VE AVANTAJLARI<\/strong><\/span><br \/>\n<span style=\"color: #000000;\">\u2022Y\u00fcksek yap\u0131\u015fma \u00f6zellikli.<\/span><br \/>\n<span style=\"color: #000000;\">\u2022Kolay ve kaygan kullan\u0131m,<\/span><br \/>\n<span style=\"color: #000000;\">\u2022D\u00fc\u015fey uygulamalarda kayma yapmaz,<\/span><\/p>\n<p><span style=\"color: #000000;\"><strong>TEKN\u0130K \u00d6ZELL\u0130KLER<\/strong><\/span><br \/>\n<span style=\"color: #000000;\">G\u00f6r\u00fcn\u00fcm \/ Renk: Toz \/ Gri ve Beyaz<\/span><br \/>\n<span style=\"color: #000000;\">Uygulama S\u0131cakl\u0131\u011f\u0131: (+5 \u00b0C) \u2013 (+35 \u00b0C)<\/span><br \/>\n<span style=\"color: #000000;\">Kap \u00d6mr\u00fc: 5 saat<\/span><br \/>\n<span style=\"color: #000000;\">Kayma: \u22640,5 mm<\/span><br \/>\n<span style=\"color: #000000;\">A\u00e7\u0131kta bekletme s\u00fcresi: En az 30 dk. sonra \u22650,5 N\/mm\u00b2<\/span><br \/>\n<span style=\"color: #000000;\">Ba\u015flang\u0131\u00e7 \u00e7ekme yap\u0131\u015fma dayan\u0131m\u0131: \u22650,5 N\/mm\u00b2<\/span><br \/>\n<span style=\"color: #000000;\">Suya dald\u0131rd\u0131ktan sonra: \u22650,5 N\/mm\u00b2<\/span><br \/>\n<span style=\"color: #000000;\">Is\u0131yla ya\u015fland\u0131r\u0131ld\u0131ktan sonra: \u22650,5 N\/mm\u00b2<\/span><br \/>\n<span style=\"color: #000000;\">Donma \u00e7\u00f6z\u00fcnme \u00e7evriminden sonra: \u2265 0,5 N\/mm\u00b2<\/span><br \/>\n<span style=\"color: #000000;\">S\u0131cakl\u0131k Dayan\u0131m\u0131: (-40 \u00b0C) \u2013 (+80 \u00b0C)<\/span><br \/>\n<span style=\"color: #000000;\">Yang\u0131na Tepki: A1<\/span><br \/>\n<span style=\"color: #000000;\">Tipik de\u011ferler: +23\u00b0C\u2019de %50 ba\u011f\u0131l nem ko\u015fullar\u0131nda 4x4x16 cm har\u00e7 prizmas\u0131nda yap\u0131lan deneyler sonucunda elde edilmi\u015ftir. Y\u00fcksek s\u0131cakl\u0131klar s\u00fcreleri k\u0131salt\u0131r, d\u00fc\u015f\u00fck s\u0131cakl\u0131klar uzat\u0131r.<\/span><\/p>\n<p><span style=\"color: #000000;\"><strong>UYGULAMA Y\u00d6NTEM\u0130<\/strong><\/span><br \/>\n<span style=\"color: #000000;\">Y\u00fczey Haz\u0131rl\u0131\u011f\u0131: Uygulama y\u00fczeyinin sa\u011flam, tutunmay\u0131 \u00f6nleyici, kuru, tozsuz, ve temiz olmal\u0131d\u0131r. Y\u00fczey, aderans\u0131 azaltacak her t\u00fcrl\u00fc ya\u011f, gres, pas, ve parafin kal\u0131nt\u0131lar\u0131ndan iyice temizlenmeli ve y\u00fczeyde gev\u015fek par\u00e7ac\u0131klar olmamal\u0131d\u0131r. Uygulanacak zemin nemli olmal\u0131 su birikintisi olmamal\u0131d\u0131r. Su emici y\u00fczeylerde ve br\u00fct betonlarda astar kullan\u0131lmas\u0131 tavsiye edilir. Uygulanacak y\u00fczey s\u0131cakl\u0131\u011f\u0131 +30 \u00b0C\u2019nin \u00fczerinde ise y\u00fczey mutlaka nemlendirilmelidir. Temiz bir kovan\u0131n i\u00e7erisine belirtilen miktarda temiz suyu temiz bir kovaya koyun. \u00dczerine 25 Kg. FIX 1200\u2019\u0131n yar\u0131s\u0131n\u0131 bo\u015falt\u0131n ve kar\u0131\u015ft\u0131r\u0131c\u0131 ile d\u00fc\u015f\u00fck devirde kar\u0131\u015ft\u0131rmaya ba\u015flay\u0131n. Kalan\u0131n tamam\u0131n\u0131 ilave ederek har\u00e7 topaks\u0131z ve homojen bir hale gelinceye kadar kar\u0131\u015ft\u0131r\u0131n ve olgunla\u015fmas\u0131 i\u00e7in 5-6 dk. dinlenmeye b\u0131rak\u0131n. Daha sonra 1- 2 dk. daha kar\u0131\u015ft\u0131rarak kullan\u0131n. Yap\u0131\u015ft\u0131r\u0131c\u0131y\u0131 b\u00fct\u00fcn y\u00fczeye yay\u0131n ve tarak ile taraklayarak ayn\u0131 kal\u0131nl\u0131kta uygulay\u0131n. Taraklanan har\u00e7 \u00fczerine kaplama malzemeleri (fayans, seramik) 25 dk. i\u00e7inde yap\u0131\u015ft\u0131r\u0131l\u0131r. Y\u00fczey d\u00fczg\u00fcnl\u00fc\u011f\u00fc kontrol edilerek lastik tokmak yard\u0131m\u0131 ile kaplama malzemeleri tokmaklanarak iyice yerle\u015fmesi ve yap\u0131\u015fmas\u0131 sa\u011flan\u0131r. Derz dolgu uygulamas\u0131 i\u00e7in en az 24 saat sonra yap\u0131lmal\u0131d\u0131r.<\/span><\/p>\n<p data-pm-slice=\"0 0 []\"><span style=\"color: #000000;\"><strong>UYARILAR:<\/strong> Kapta kalan ve kullan\u0131m s\u00fcresi ge\u00e7mi\u015f, kabukla\u015fm\u0131\u015f malzemeyi kullanmay\u0131n\u0131z. Bu malzeme at\u0131lmal\u0131d\u0131r. Kullanabilece\u011finiz kadar malzeme haz\u0131rlay\u0131n\u0131z. Bloklar\u0131n \u00fczerine taraklanm\u0131\u015f malzeme 10 dk i\u00e7inde kullan\u0131lmal\u0131 aksi takdirde kaz\u0131n\u0131p at\u0131lmal\u0131d\u0131r. Aletler, har\u00e7 ya\u015f iken temizlenmelidir. (+) 5\u00b0C\u2019nin alt\u0131nda ve (+) 35\u00b0C\u2019nin \u00fcst\u00fcnde ki ortamlarda mutlaka korumaya al\u0131nmal\u0131d\u0131r. Naylon ile etraf\u0131 kapat\u0131lmal\u0131d\u0131r.Dona ve ani su kayb\u0131na kar\u015f\u0131 \u00f6nlem al\u0131nmal\u0131d\u0131r.<\/span><br \/>\n<span style=\"color: #000000;\">\u00a0<\/span><br \/>\n<span style=\"color: #000000;\"><strong>AMBALAJ:<\/strong> 25 KG Kraft Torba<\/span><\/p>\n<p data-pm-slice=\"0 0 []\"><span style=\"color: #000000;\"><strong>RAF \u00d6MR\u00dc:<\/strong> Orijinal, hasar g\u00f6rmemi\u015f ve a\u00e7\u0131lmam\u0131\u015f ambalaj\u0131nda ve depolama \u015farlar\u0131na uyulmas\u0131 durumunda \u00fcretim tarihi itibariyle 12 ayd\u0131r.<\/span><\/p>\n<p><span style=\"color: #000000;\"><strong>DEPOLAMA:<\/strong> +5 \u00b0C ve 30\u00b0C aral\u0131\u011f\u0131nda muhafaza edilmelidir. Dondan, nemden ve direkt g\u00fcne\u015f \u0131\u015f\u0131ndan korunmal\u0131d\u0131r.<\/span><\/p>\n","protected":false},"excerpt":{"rendered":"<p><span style=\"color: #000000;\"><a style=\"color: #000000;\" href=\"https:\/\/dolphinfix.com.tr\/eticaret\/wp-content\/uploads\/2025\/04\/FAYANS-VE-SERAMIK-YAPISTIRICI-D-FIX-1200-TDS.pdf\" target=\"_blank\" rel=\"noopener\">TDS Belgesini \u0130ndirmek \u0130\u00e7in T\u0131klay\u0131n\u0131z<br \/>\n<\/a><\/span><span style=\"color: #000000;\"><a style=\"color: #000000;\" href=\"#\" target=\"_blank\" rel=\"noopener\">CE Belgesini \u0130ndirmek \u0130\u00e7in T\u0131klay\u0131n\u0131z<\/a><\/span><\/p>\n","protected":false},"featured_media":16268,"comment_status":"open","ping_status":"closed","template":"","meta":{"_joinchat":[]},"product_cat":[115,85],"product_tag":[439,438,444,446,436,442,447,440,450,443,449,437,448,441,445],"class_list":{"0":"post-15932","1":"product","2":"type-product","3":"status-publish","4":"has-post-thumbnail","6":"product_cat-seramik-yapistirici","7":"product_cat-yapi-kimyasallari","8":"product_tag-cimento-esasli-yapistirici","9":"product_tag-d-fix-1200","10":"product_tag-duvar-fayans-yapistiricisi","11":"product_tag-esnek-fayans-yapistirici","12":"product_tag-fayans-yapistiricisi","13":"product_tag-granit-yapistiricisi","14":"product_tag-guclu-yapistirma-harci","15":"product_tag-ic-ve-dis-cephe-fayans-yapistiricisi","16":"product_tag-insaat-fayans-malzemeleri","17":"product_tag-karo-yapistiricisi","18":"product_tag-profesyonel-fayans-yapistiricisi","19":"product_tag-seramik-yapistiricisi","20":"product_tag-uzun-omurlu-seramik-yapistiricisi","21":"product_tag-yuksek-performansli-seramik-yapistiricisi","22":"product_tag-zemin-seramik-yapistiricisi","24":"first","25":"instock","26":"taxable","27":"shipping-taxable","28":"purchasable","29":"product-type-variable"},"yoast_head":"<!-- This site is optimized with the Yoast SEO Premium plugin v20.2.1 (Yoast SEO v20.2.1) - https:\/\/yoast.com\/wordpress\/plugins\/seo\/ -->\n<title>FIX 1200 \u00c7imento Esasl\u0131 Fayans ve Seramik Yap\u0131\u015ft\u0131rma Harc\u0131<\/title>\n<meta name=\"description\" content=\"FIX 1200, i\u00e7 ve d\u0131\u015f mekanlarda duvar ve zemin uygulamalar\u0131 i\u00e7in geli\u015ftirilmi\u015f, y\u00fcksek yap\u0131\u015fma g\u00fcc\u00fcne sahip, kayma yapmayan \u00e7imento esasl\u0131 fayans ve seramik yap\u0131\u015ft\u0131rma harc\u0131d\u0131r.\" \/>\n<meta name=\"robots\" content=\"index, follow, max-snippet:-1, max-image-preview:large, max-video-preview:-1\" \/>\n<link rel=\"canonical\" href=\"https:\/\/dolphinfix.com.tr\/eticaret\/urun\/fix-1200-fayans-yapistirici\/\" \/>\n<meta property=\"og:locale\" content=\"tr_TR\" \/>\n<meta property=\"og:type\" content=\"article\" \/>\n<meta property=\"og:title\" content=\"D FIX 1200 - FAYANS SERAM\u0130K YAPI\u015eTIRICISI\" \/>\n<meta property=\"og:description\" content=\"FIX 1200, i\u00e7 ve d\u0131\u015f mekanlarda duvar ve zemin uygulamalar\u0131 i\u00e7in geli\u015ftirilmi\u015f, y\u00fcksek yap\u0131\u015fma g\u00fcc\u00fcne sahip, kayma yapmayan \u00e7imento esasl\u0131 fayans ve seramik yap\u0131\u015ft\u0131rma harc\u0131d\u0131r.\" \/>\n<meta property=\"og:url\" content=\"https:\/\/dolphinfix.com.tr\/eticaret\/urun\/fix-1200-fayans-yapistirici\/\" \/>\n<meta property=\"og:site_name\" content=\"Dolphinfix\" \/>\n<meta property=\"article:modified_time\" content=\"2026-03-12T06:08:04+00:00\" \/>\n<meta property=\"og:image\" content=\"https:\/\/dolphinfix.com.tr\/eticaret\/wp-content\/uploads\/2024\/10\/1200.png\" \/>\n\t<meta property=\"og:image:width\" content=\"1000\" \/>\n\t<meta property=\"og:image:height\" content=\"1000\" \/>\n\t<meta property=\"og:image:type\" content=\"image\/png\" \/>\n<meta name=\"twitter:card\" content=\"summary_large_image\" \/>\n<meta name=\"twitter:label1\" content=\"Tahmini okuma s\u00fcresi\" \/>\n\t<meta name=\"twitter:data1\" content=\"3 dakika\" \/>\n<script type=\"application\/ld+json\" class=\"yoast-schema-graph\">{\"@context\":\"https:\/\/schema.org\",\"@graph\":[{\"@type\":\"WebPage\",\"@id\":\"https:\/\/dolphinfix.com.tr\/eticaret\/urun\/fix-1200-fayans-yapistirici\/\",\"url\":\"https:\/\/dolphinfix.com.tr\/eticaret\/urun\/fix-1200-fayans-yapistirici\/\",\"name\":\"FIX 1200 \u00c7imento Esasl\u0131 Fayans ve Seramik Yap\u0131\u015ft\u0131rma Harc\u0131\",\"isPartOf\":{\"@id\":\"https:\/\/dolphinfix.com.tr\/eticaret\/#website\"},\"datePublished\":\"2024-10-19T14:13:37+00:00\",\"dateModified\":\"2026-03-12T06:08:04+00:00\",\"description\":\"FIX 1200, i\u00e7 ve d\u0131\u015f mekanlarda duvar ve zemin uygulamalar\u0131 i\u00e7in geli\u015ftirilmi\u015f, y\u00fcksek yap\u0131\u015fma g\u00fcc\u00fcne sahip, kayma yapmayan \u00e7imento esasl\u0131 fayans ve seramik yap\u0131\u015ft\u0131rma harc\u0131d\u0131r.\",\"breadcrumb\":{\"@id\":\"https:\/\/dolphinfix.com.tr\/eticaret\/urun\/fix-1200-fayans-yapistirici\/#breadcrumb\"},\"inLanguage\":\"tr\",\"potentialAction\":[{\"@type\":\"ReadAction\",\"target\":[\"https:\/\/dolphinfix.com.tr\/eticaret\/urun\/fix-1200-fayans-yapistirici\/\"]}]},{\"@type\":\"BreadcrumbList\",\"@id\":\"https:\/\/dolphinfix.com.tr\/eticaret\/urun\/fix-1200-fayans-yapistirici\/#breadcrumb\",\"itemListElement\":[{\"@type\":\"ListItem\",\"position\":1,\"name\":\"Home\",\"item\":\"https:\/\/dolphinfix.com.tr\/eticaret\/\"},{\"@type\":\"ListItem\",\"position\":2,\"name\":\"Market\",\"item\":\"https:\/\/dolphinfix.com.tr\/eticaret\/market\/\"},{\"@type\":\"ListItem\",\"position\":3,\"name\":\"D FIX 1200 &#8211; FAYANS SERAM\u0130K YAPI\u015eTIRICISI\"}]},{\"@type\":\"WebSite\",\"@id\":\"https:\/\/dolphinfix.com.tr\/eticaret\/#website\",\"url\":\"https:\/\/dolphinfix.com.tr\/eticaret\/\",\"name\":\"Dolphinfix\",\"description\":\"\",\"potentialAction\":[{\"@type\":\"SearchAction\",\"target\":{\"@type\":\"EntryPoint\",\"urlTemplate\":\"https:\/\/dolphinfix.com.tr\/eticaret\/?s={search_term_string}\"},\"query-input\":\"required name=search_term_string\"}],\"inLanguage\":\"tr\"}]}<\/script>\n<!-- \/ Yoast SEO Premium plugin. -->","yoast_head_json":{"title":"FIX 1200 \u00c7imento Esasl\u0131 Fayans ve Seramik Yap\u0131\u015ft\u0131rma Harc\u0131","description":"FIX 1200, i\u00e7 ve d\u0131\u015f mekanlarda duvar ve zemin uygulamalar\u0131 i\u00e7in geli\u015ftirilmi\u015f, y\u00fcksek yap\u0131\u015fma g\u00fcc\u00fcne sahip, kayma yapmayan \u00e7imento esasl\u0131 fayans ve seramik yap\u0131\u015ft\u0131rma harc\u0131d\u0131r.","robots":{"index":"index","follow":"follow","max-snippet":"max-snippet:-1","max-image-preview":"max-image-preview:large","max-video-preview":"max-video-preview:-1"},"canonical":"https:\/\/dolphinfix.com.tr\/eticaret\/urun\/fix-1200-fayans-yapistirici\/","og_locale":"tr_TR","og_type":"article","og_title":"D FIX 1200 - FAYANS SERAM\u0130K YAPI\u015eTIRICISI","og_description":"FIX 1200, i\u00e7 ve d\u0131\u015f mekanlarda duvar ve zemin uygulamalar\u0131 i\u00e7in geli\u015ftirilmi\u015f, y\u00fcksek yap\u0131\u015fma g\u00fcc\u00fcne sahip, kayma yapmayan \u00e7imento esasl\u0131 fayans ve seramik yap\u0131\u015ft\u0131rma harc\u0131d\u0131r.","og_url":"https:\/\/dolphinfix.com.tr\/eticaret\/urun\/fix-1200-fayans-yapistirici\/","og_site_name":"Dolphinfix","article_modified_time":"2026-03-12T06:08:04+00:00","og_image":[{"width":1000,"height":1000,"url":"https:\/\/dolphinfix.com.tr\/eticaret\/wp-content\/uploads\/2024\/10\/1200.png","type":"image\/png"}],"twitter_card":"summary_large_image","twitter_misc":{"Tahmini okuma s\u00fcresi":"3 dakika"},"schema":{"@context":"https:\/\/schema.org","@graph":[{"@type":"WebPage","@id":"https:\/\/dolphinfix.com.tr\/eticaret\/urun\/fix-1200-fayans-yapistirici\/","url":"https:\/\/dolphinfix.com.tr\/eticaret\/urun\/fix-1200-fayans-yapistirici\/","name":"FIX 1200 \u00c7imento Esasl\u0131 Fayans ve Seramik Yap\u0131\u015ft\u0131rma Harc\u0131","isPartOf":{"@id":"https:\/\/dolphinfix.com.tr\/eticaret\/#website"},"datePublished":"2024-10-19T14:13:37+00:00","dateModified":"2026-03-12T06:08:04+00:00","description":"FIX 1200, i\u00e7 ve d\u0131\u015f mekanlarda duvar ve zemin uygulamalar\u0131 i\u00e7in geli\u015ftirilmi\u015f, y\u00fcksek yap\u0131\u015fma g\u00fcc\u00fcne sahip, kayma yapmayan \u00e7imento esasl\u0131 fayans ve seramik yap\u0131\u015ft\u0131rma harc\u0131d\u0131r.","breadcrumb":{"@id":"https:\/\/dolphinfix.com.tr\/eticaret\/urun\/fix-1200-fayans-yapistirici\/#breadcrumb"},"inLanguage":"tr","potentialAction":[{"@type":"ReadAction","target":["https:\/\/dolphinfix.com.tr\/eticaret\/urun\/fix-1200-fayans-yapistirici\/"]}]},{"@type":"BreadcrumbList","@id":"https:\/\/dolphinfix.com.tr\/eticaret\/urun\/fix-1200-fayans-yapistirici\/#breadcrumb","itemListElement":[{"@type":"ListItem","position":1,"name":"Home","item":"https:\/\/dolphinfix.com.tr\/eticaret\/"},{"@type":"ListItem","position":2,"name":"Market","item":"https:\/\/dolphinfix.com.tr\/eticaret\/market\/"},{"@type":"ListItem","position":3,"name":"D FIX 1200 &#8211; FAYANS SERAM\u0130K YAPI\u015eTIRICISI"}]},{"@type":"WebSite","@id":"https:\/\/dolphinfix.com.tr\/eticaret\/#website","url":"https:\/\/dolphinfix.com.tr\/eticaret\/","name":"Dolphinfix","description":"","potentialAction":[{"@type":"SearchAction","target":{"@type":"EntryPoint","urlTemplate":"https:\/\/dolphinfix.com.tr\/eticaret\/?s={search_term_string}"},"query-input":"required name=search_term_string"}],"inLanguage":"tr"}]}},"_links":{"self":[{"href":"https:\/\/dolphinfix.com.tr\/eticaret\/wp-json\/wp\/v2\/product\/15932","targetHints":{"allow":["GET"]}}],"collection":[{"href":"https:\/\/dolphinfix.com.tr\/eticaret\/wp-json\/wp\/v2\/product"}],"about":[{"href":"https:\/\/dolphinfix.com.tr\/eticaret\/wp-json\/wp\/v2\/types\/product"}],"replies":[{"embeddable":true,"href":"https:\/\/dolphinfix.com.tr\/eticaret\/wp-json\/wp\/v2\/comments?post=15932"}],"version-history":[{"count":6,"href":"https:\/\/dolphinfix.com.tr\/eticaret\/wp-json\/wp\/v2\/product\/15932\/revisions"}],"predecessor-version":[{"id":18837,"href":"https:\/\/dolphinfix.com.tr\/eticaret\/wp-json\/wp\/v2\/product\/15932\/revisions\/18837"}],"wp:featuredmedia":[{"embeddable":true,"href":"https:\/\/dolphinfix.com.tr\/eticaret\/wp-json\/wp\/v2\/media\/16268"}],"wp:attachment":[{"href":"https:\/\/dolphinfix.com.tr\/eticaret\/wp-json\/wp\/v2\/media?parent=15932"}],"wp:term":[{"taxonomy":"product_cat","embeddable":true,"href":"https:\/\/dolphinfix.com.tr\/eticaret\/wp-json\/wp\/v2\/product_cat?post=15932"},{"taxonomy":"product_tag","embeddable":true,"href":"https:\/\/dolphinfix.com.tr\/eticaret\/wp-json\/wp\/v2\/product_tag?post=15932"}],"curies":[{"name":"wp","href":"https:\/\/api.w.org\/{rel}","templated":true}]}}