{"id":15940,"date":"2024-10-19T17:19:49","date_gmt":"2024-10-19T14:19:49","guid":{"rendered":"https:\/\/dolphinfix.com.tr\/eticaret?post_type=product&#038;p=15940"},"modified":"2026-03-12T09:20:12","modified_gmt":"2026-03-12T06:20:12","slug":"dst-1230-esnek-seramik-yapistirici","status":"publish","type":"product","link":"https:\/\/dolphinfix.com.tr\/eticaret\/urun\/dst-1230-esnek-seramik-yapistirici\/","title":{"rendered":"D FIX ST 1230 DST &#8211; PERFORMANSI ARTTIRILMI\u015e H\u0130DROL\u0130K BA\u011eLAYICILI YAPI\u015eTIRICI"},"content":{"rendered":"<h3><span style=\"color: #c61016;\">\u00dcR\u00dcN B\u0130LG\u0130LER\u0130 ;<\/span><\/h3>\n<p data-pm-slice=\"0 0 []\"><span style=\"color: #000000;\"><strong>TANIMI: <\/strong>DST 1230, \u00e7imento esasl\u0131, y\u00fcksek performansl\u0131, kayma \u00f6zelli\u011fi azalt\u0131lm\u0131\u015f \u00e7al\u0131\u015fma s\u00fcresi uzat\u0131lm\u0131\u015f esnekli\u011fi art\u0131r\u0131lm\u0131\u015f yap\u0131\u015ft\u0131rma harc\u0131.<\/span><\/p>\n<p><span style=\"color: #000000;\"><strong>KULLANIM ALANLARI<\/strong><\/span><br \/>\n<span style=\"color: #000000;\">\u2022Duvar ve zemin kaplamalar\u0131nda,<\/span><br \/>\n<span style=\"color: #000000;\">\u2022Mozaik, ta\u015f, karo, granit, toprak seramiklerinde,<\/span><br \/>\n<span style=\"color: #000000;\">\u2022Beton s\u0131va, \u015fap duvar, al\u00e7\u0131 karton levhalar, hafif g\u00f6zenekli beton \u00fczerine ince ve orta kal\u0131nl\u0131klarda d\u00f6\u015femelerinde kullan\u0131l\u0131r.<\/span><\/p>\n<p><span style=\"color: #000000;\"><strong>\u00dcR\u00dcN \u00d6ZELL\u0130KLER\u0130<\/strong><\/span><br \/>\n<span style=\"color: #000000;\">\u2022Yatay ve d\u00fc\u015feyde kolay i\u015flenebilen sentetik katk\u0131l\u0131 d\u00f6\u015feme harc\u0131d\u0131r. Kuru ve nemli zeminler i\u00e7in uygundur.<\/span><br \/>\n<span style=\"color: #000000;\">\u2022Hava \u015fartlar\u0131na dayan\u0131kl\u0131d\u0131r,<\/span><br \/>\n<span style=\"color: #000000;\">\u2022Y\u00fcksek yap\u0131\u015fma \u00f6zellikli.<\/span><br \/>\n<span style=\"color: #000000;\">\u2022Kolay i\u015flenebilir,<\/span><br \/>\n<span style=\"color: #000000;\">\u2022D\u00fc\u015fey uygulamalarda kayma yapmaz,<\/span><br \/>\n<span style=\"color: #000000;\">\u2022Hava \u015fartlar\u0131na dayan\u0131kl\u0131<\/span><\/p>\n<p><span style=\"color: #000000;\"><strong>TEKN\u0130K \u00d6ZELL\u0130KLER<\/strong><\/span><br \/>\n<span style=\"color: #000000;\">G\u00f6r\u00fcn\u00fcm \/ Renk: Toz \/ Gri ve Beyaz<\/span><br \/>\n<span style=\"color: #000000;\">Uygulama S\u0131cakl\u0131\u011f\u0131: (+5 \u00b0C) \u2013 (+35 \u00b0C)<\/span><br \/>\n<span style=\"color: #000000;\">Kap \u00d6mr\u00fc: 5 saat<\/span><br \/>\n<span style=\"color: #000000;\">Kayma: \u22640,5 mm<\/span><br \/>\n<span style=\"color: #000000;\">A\u00e7\u0131kta bekletme s\u00fcresi: En az 30 dk. sonra \u22650,5 N\/mm\u00b2<\/span><br \/>\n<span style=\"color: #000000;\">Ba\u015flang\u0131\u00e7 \u00e7ekme yap\u0131\u015fma dayan\u0131m\u0131: \u22650,1 N\/mm\u00b2<\/span><br \/>\n<span style=\"color: #000000;\">Suya dald\u0131rd\u0131ktan sonra: \u22650,1 N\/mm\u00b2<\/span><br \/>\n<span style=\"color: #000000;\">Is\u0131yla ya\u015fland\u0131r\u0131ld\u0131ktan sonra: \u22650,1 N\/mm\u00b2<\/span><br \/>\n<span style=\"color: #000000;\">Donma \u00e7\u00f6z\u00fcnme \u00e7evriminden sonra: \u2265 0,1 N\/mm\u00b2<\/span><br \/>\n<span style=\"color: #000000;\">S\u0131cakl\u0131k Dayan\u0131m\u0131: (-40 \u00b0C) \u2013 (+80 \u00b0C)<\/span><br \/>\n<span style=\"color: #000000;\">Yang\u0131na Tepki: A1<\/span><br \/>\n<span style=\"color: #000000;\">Tehlikeli Maddeler: G\u00fcvelik bilgi f\u00f6y\u00fcne bak\u0131n\u0131z.<\/span><br \/>\n<span style=\"color: #000000;\">+20\u00b0C (\u00b12\u00baC) hava s\u0131cakl\u0131\u011f\u0131 ve %50 \u00b15 ba\u011f\u0131l nem ko\u015fullar\u0131nda elde edilmi\u015ftir. Y\u00fcksek s\u0131cakl\u0131klar s\u00fcreleri k\u0131salt\u0131r, d\u00fc\u015f\u00fck s\u0131cakl\u0131klar uzat\u0131r. Ger\u00e7ekte elde edilen de\u011ferler, bizim kontrollerimizin d\u0131\u015f\u0131ndaki \u015fartlar sebebiyle de\u011fi\u015fiklik g\u00f6sterebilir.<\/span><\/p>\n<p><span style=\"color: #000000;\"><strong>UYGULAMA Y\u00d6NTEM\u0130<\/strong><\/span><br \/>\n<span style=\"color: #000000;\">Y\u00fczey Haz\u0131rl\u0131\u011f\u0131: Uygulama y\u00fczeyinin sa\u011flam, tutunmay\u0131 \u00f6nleyici, kuru, tozsuz, ve temiz olmal\u0131d\u0131r. Y\u00fczey, aderans\u0131 azaltacak her t\u00fcrl\u00fc ya\u011f, gres, pas, ve parafin kal\u0131nt\u0131lar\u0131ndan iyice temizlenmeli ve y\u00fczeyde gev\u015fek par\u00e7ac\u0131klar olmamal\u0131d\u0131r. Uygulanacak zemin nemli olmal\u0131 su birikintisi olmamal\u0131d\u0131r. Su emici y\u00fczeylerde ve br\u00fct betonlarda astar kullan\u0131lmas\u0131 tavsiye edilir. Uygulanacak y\u00fczey s\u0131cakl\u0131\u011f\u0131 +30 \u00b0C\u2019nin \u00fczerinde ise y\u00fczey mutlaka nemlendirilmelidir.<\/span><\/p>\n<p><span style=\"color: #000000;\"><strong>KARI\u015eTIRMA<\/strong><\/span><br \/>\n<span style=\"color: #000000;\">Temiz bir kovan\u0131n i\u00e7erisine belirtilen miktarda temiz suyu temiz bir kovaya koyun. \u00dczerine 25 Kg. DST 1230\u2019\u0131n yar\u0131s\u0131n\u0131 bo\u015falt\u0131n ve kar\u0131\u015ft\u0131r\u0131c\u0131 ile d\u00fc\u015f\u00fck devirde kar\u0131\u015ft\u0131rmaya ba\u015flay\u0131n. Kalan\u0131n tamam\u0131n\u0131 ilave ederek har\u00e7 topaks\u0131z ve homojen bir hale gelinceye kadar kar\u0131\u015ft\u0131r\u0131n ve olgunla\u015fmas\u0131 i\u00e7in 5-6 dk. dinlenmeye b\u0131rak\u0131n. Daha sonra 1- 2 dk. daha kar\u0131\u015ft\u0131rarak kullan\u0131n. Yap\u0131\u015ft\u0131r\u0131c\u0131y\u0131 b\u00fct\u00fcn y\u00fczeye yay\u0131n ve tarak ile taraklayarak ayn\u0131 kal\u0131nl\u0131kta uygulay\u0131n. Taraklanan har\u00e7 \u00fczerine kaplama malzemeleri (fayans, seramik) 25 dk. i\u00e7inde yap\u0131\u015ft\u0131r\u0131l\u0131r. Y\u00fczey d\u00fczg\u00fcnl\u00fc\u011f\u00fc kontrol edilerek lastik tokmak yard\u0131m\u0131 ile kaplama malzemeleri tokmaklanarak iyice yerle\u015fmesi ve yap\u0131\u015fmas\u0131 sa\u011flan\u0131r. Derz dolgu uygulamas\u0131 i\u00e7in en az 24 saat sonra yap\u0131lmal\u0131d\u0131r.<\/span><\/p>\n<p data-pm-slice=\"0 0 []\"><span style=\"color: #000000;\"><strong>AMBALAJ:<\/strong> 25 kg\u2019l\u0131k kraft torba.<\/span><\/p>\n<p><span style=\"color: #000000;\"><strong>UYARILAR:<\/strong> Kapta kalan ve kullan\u0131m s\u00fcresi ge\u00e7mi\u015f, kabukla\u015fm\u0131\u015f malzemeyi kullanmay\u0131n\u0131z. Bu malzeme at\u0131lmal\u0131d\u0131r. Kullanabilece\u011finiz kadar malzeme haz\u0131rlay\u0131n\u0131z. Aletler, har\u00e7 ya\u015f iken temizlenmelidir. (+) 5 \u00b0C\u2019nin alt\u0131nda ve (+) 35 \u00b0C\u2019nin \u00fcst\u00fcnde ki ortamlarda mutlaka korumaya al\u0131nmal\u0131d\u0131r. Naylon ile etraf\u0131 kapat\u0131lmal\u0131d\u0131r. Dona ve ani su kayb\u0131na kar\u015f\u0131 \u00f6nlem al\u0131nmal\u0131d\u0131r.<\/span><\/p>\n<p><span style=\"color: #000000;\"><strong>RAF \u00d6MR\u00dc:<\/strong> Orijinal, hasar g\u00f6rmemi\u015f ve a\u00e7\u0131lmam\u0131\u015f ambalaj\u0131nda ve depolama \u015farlar\u0131na uyulmas\u0131 durumunda \u00fcretim tarihi itibariyle 12 ayd\u0131r.<\/span><\/p>\n<p><span style=\"color: #000000;\"><strong>DEPOLAMA \u015eARTLARI:<\/strong> +5 \u00b0C ve 30\u00b0C aral\u0131\u011f\u0131nda muhafaza edilmelidir. Dondan, nemden ve direkt g\u00fcne\u015f \u0131\u015f\u0131ndan korunmal\u0131d\u0131r.<\/span><\/p>\n","protected":false},"excerpt":{"rendered":"<p><span style=\"color: #000000;\"><a style=\"color: #000000;\" href=\"https:\/\/dolphinfix.com.tr\/eticaret\/wp-content\/uploads\/2025\/05\/PERFORMANSI-ARTIRILMIS-HIDROLIK-BAGLAYICILI-YAPISTIRICI-D-FIX-ST-1230-DST.pdf\" target=\"_blank\" rel=\"noopener\">TDS Belgesini \u0130ndirmek \u0130\u00e7in T\u0131klay\u0131n\u0131z<br \/>\n<\/a><\/span><span style=\"color: #000000;\"><a style=\"color: #000000;\" href=\"#\" target=\"_blank\" rel=\"noopener\">CE Belgesini \u0130ndirmek \u0130\u00e7in T\u0131klay\u0131n\u0131z<\/a><\/span><\/p>\n","protected":false},"featured_media":19478,"comment_status":"open","ping_status":"closed","template":"","meta":{"_joinchat":[]},"product_cat":[115,85],"product_tag":[458,470,466,456,461,468,455,471,465,473,464,449,472,467,469],"class_list":{"0":"post-15940","1":"product","2":"type-product","3":"status-publish","4":"has-post-thumbnail","6":"product_cat-seramik-yapistirici","7":"product_cat-yapi-kimyasallari","8":"product_tag-agir-seramik-yapistiricisi","9":"product_tag-buyuk-ebat-karo-yapistirici","10":"product_tag-d-fix-st-1230-dst","11":"product_tag-dis-cephe-seramik-yapistiricisi","12":"product_tag-duvar-seramik-yapistiricisi","13":"product_tag-esnek-yapistirici-harci","14":"product_tag-granit-ve-seramik-yapistirici","15":"product_tag-guclu-yapistirici-harci","16":"product_tag-hidrolik-baglayicili-seramik-yapistirici","17":"product_tag-insaat-seramik-yapistirici-malzemeleri","18":"product_tag-performansi-arttirilmis-seramik-yapistirici","19":"product_tag-profesyonel-fayans-yapistiricisi","20":"product_tag-uzun-omurlu-seramik-yapistirici","21":"product_tag-yuksek-tutunma-gucune-sahip-yapistirici","22":"product_tag-zemin-fayans-yapistiricisi","24":"first","25":"instock","26":"taxable","27":"shipping-taxable","28":"purchasable","29":"product-type-variable"},"yoast_head":"<!-- This site is optimized with the Yoast SEO Premium plugin v20.2.1 (Yoast SEO v20.2.1) - https:\/\/yoast.com\/wordpress\/plugins\/seo\/ -->\n<title>DST 1230 Performans\u0131 Artt\u0131r\u0131lm\u0131\u015f Esnek Seramik Yap\u0131\u015ft\u0131rma Harc\u0131<\/title>\n<meta name=\"description\" content=\"DST 1230, mozaik, granit, ta\u015f ve seramik kaplamalar i\u00e7in geli\u015ftirilmi\u015f, uzat\u0131lm\u0131\u015f \u00e7al\u0131\u015fma s\u00fcresine sahip, esnekli\u011fi art\u0131r\u0131lm\u0131\u015f ve kayma yapmayan y\u00fcksek performansl\u0131 \u00e7imento esasl\u0131 yap\u0131\u015ft\u0131rma harc\u0131d\u0131r.\" \/>\n<meta name=\"robots\" content=\"index, follow, max-snippet:-1, max-image-preview:large, max-video-preview:-1\" \/>\n<link rel=\"canonical\" href=\"https:\/\/dolphinfix.com.tr\/eticaret\/urun\/dst-1230-esnek-seramik-yapistirici\/\" \/>\n<meta property=\"og:locale\" content=\"tr_TR\" \/>\n<meta property=\"og:type\" content=\"article\" \/>\n<meta property=\"og:title\" content=\"D FIX ST 1230 DST - PERFORMANSI ARTTIRILMI\u015e H\u0130DROL\u0130K BA\u011eLAYICILI YAPI\u015eTIRICI\" \/>\n<meta property=\"og:description\" content=\"DST 1230, mozaik, granit, ta\u015f ve seramik kaplamalar i\u00e7in geli\u015ftirilmi\u015f, uzat\u0131lm\u0131\u015f \u00e7al\u0131\u015fma s\u00fcresine sahip, esnekli\u011fi art\u0131r\u0131lm\u0131\u015f ve kayma yapmayan y\u00fcksek performansl\u0131 \u00e7imento esasl\u0131 yap\u0131\u015ft\u0131rma harc\u0131d\u0131r.\" \/>\n<meta property=\"og:url\" content=\"https:\/\/dolphinfix.com.tr\/eticaret\/urun\/dst-1230-esnek-seramik-yapistirici\/\" \/>\n<meta property=\"og:site_name\" content=\"Dolphinfix\" \/>\n<meta property=\"article:modified_time\" content=\"2026-03-12T06:20:12+00:00\" \/>\n<meta property=\"og:image\" content=\"https:\/\/dolphinfix.com.tr\/eticaret\/wp-content\/uploads\/2024\/10\/1230-1.png\" \/>\n\t<meta property=\"og:image:width\" content=\"1000\" \/>\n\t<meta property=\"og:image:height\" content=\"1000\" \/>\n\t<meta property=\"og:image:type\" content=\"image\/png\" \/>\n<meta name=\"twitter:card\" content=\"summary_large_image\" \/>\n<meta name=\"twitter:label1\" content=\"Tahmini okuma s\u00fcresi\" \/>\n\t<meta name=\"twitter:data1\" content=\"3 dakika\" \/>\n<script type=\"application\/ld+json\" class=\"yoast-schema-graph\">{\"@context\":\"https:\/\/schema.org\",\"@graph\":[{\"@type\":\"WebPage\",\"@id\":\"https:\/\/dolphinfix.com.tr\/eticaret\/urun\/dst-1230-esnek-seramik-yapistirici\/\",\"url\":\"https:\/\/dolphinfix.com.tr\/eticaret\/urun\/dst-1230-esnek-seramik-yapistirici\/\",\"name\":\"DST 1230 Performans\u0131 Artt\u0131r\u0131lm\u0131\u015f Esnek Seramik Yap\u0131\u015ft\u0131rma Harc\u0131\",\"isPartOf\":{\"@id\":\"https:\/\/dolphinfix.com.tr\/eticaret\/#website\"},\"datePublished\":\"2024-10-19T14:19:49+00:00\",\"dateModified\":\"2026-03-12T06:20:12+00:00\",\"description\":\"DST 1230, mozaik, granit, ta\u015f ve seramik kaplamalar i\u00e7in geli\u015ftirilmi\u015f, uzat\u0131lm\u0131\u015f \u00e7al\u0131\u015fma s\u00fcresine sahip, esnekli\u011fi art\u0131r\u0131lm\u0131\u015f ve kayma yapmayan y\u00fcksek performansl\u0131 \u00e7imento esasl\u0131 yap\u0131\u015ft\u0131rma harc\u0131d\u0131r.\",\"breadcrumb\":{\"@id\":\"https:\/\/dolphinfix.com.tr\/eticaret\/urun\/dst-1230-esnek-seramik-yapistirici\/#breadcrumb\"},\"inLanguage\":\"tr\",\"potentialAction\":[{\"@type\":\"ReadAction\",\"target\":[\"https:\/\/dolphinfix.com.tr\/eticaret\/urun\/dst-1230-esnek-seramik-yapistirici\/\"]}]},{\"@type\":\"BreadcrumbList\",\"@id\":\"https:\/\/dolphinfix.com.tr\/eticaret\/urun\/dst-1230-esnek-seramik-yapistirici\/#breadcrumb\",\"itemListElement\":[{\"@type\":\"ListItem\",\"position\":1,\"name\":\"Home\",\"item\":\"https:\/\/dolphinfix.com.tr\/eticaret\/\"},{\"@type\":\"ListItem\",\"position\":2,\"name\":\"Market\",\"item\":\"https:\/\/dolphinfix.com.tr\/eticaret\/market\/\"},{\"@type\":\"ListItem\",\"position\":3,\"name\":\"D FIX ST 1230 DST &#8211; PERFORMANSI ARTTIRILMI\u015e H\u0130DROL\u0130K BA\u011eLAYICILI YAPI\u015eTIRICI\"}]},{\"@type\":\"WebSite\",\"@id\":\"https:\/\/dolphinfix.com.tr\/eticaret\/#website\",\"url\":\"https:\/\/dolphinfix.com.tr\/eticaret\/\",\"name\":\"Dolphinfix\",\"description\":\"\",\"potentialAction\":[{\"@type\":\"SearchAction\",\"target\":{\"@type\":\"EntryPoint\",\"urlTemplate\":\"https:\/\/dolphinfix.com.tr\/eticaret\/?s={search_term_string}\"},\"query-input\":\"required name=search_term_string\"}],\"inLanguage\":\"tr\"}]}<\/script>\n<!-- \/ Yoast SEO Premium plugin. -->","yoast_head_json":{"title":"DST 1230 Performans\u0131 Artt\u0131r\u0131lm\u0131\u015f Esnek Seramik Yap\u0131\u015ft\u0131rma Harc\u0131","description":"DST 1230, mozaik, granit, ta\u015f ve seramik kaplamalar i\u00e7in geli\u015ftirilmi\u015f, uzat\u0131lm\u0131\u015f \u00e7al\u0131\u015fma s\u00fcresine sahip, esnekli\u011fi art\u0131r\u0131lm\u0131\u015f ve kayma yapmayan y\u00fcksek performansl\u0131 \u00e7imento esasl\u0131 yap\u0131\u015ft\u0131rma harc\u0131d\u0131r.","robots":{"index":"index","follow":"follow","max-snippet":"max-snippet:-1","max-image-preview":"max-image-preview:large","max-video-preview":"max-video-preview:-1"},"canonical":"https:\/\/dolphinfix.com.tr\/eticaret\/urun\/dst-1230-esnek-seramik-yapistirici\/","og_locale":"tr_TR","og_type":"article","og_title":"D FIX ST 1230 DST - PERFORMANSI ARTTIRILMI\u015e H\u0130DROL\u0130K BA\u011eLAYICILI YAPI\u015eTIRICI","og_description":"DST 1230, mozaik, granit, ta\u015f ve seramik kaplamalar i\u00e7in geli\u015ftirilmi\u015f, uzat\u0131lm\u0131\u015f \u00e7al\u0131\u015fma s\u00fcresine sahip, esnekli\u011fi art\u0131r\u0131lm\u0131\u015f ve kayma yapmayan y\u00fcksek performansl\u0131 \u00e7imento esasl\u0131 yap\u0131\u015ft\u0131rma harc\u0131d\u0131r.","og_url":"https:\/\/dolphinfix.com.tr\/eticaret\/urun\/dst-1230-esnek-seramik-yapistirici\/","og_site_name":"Dolphinfix","article_modified_time":"2026-03-12T06:20:12+00:00","og_image":[{"width":1000,"height":1000,"url":"https:\/\/dolphinfix.com.tr\/eticaret\/wp-content\/uploads\/2024\/10\/1230-1.png","type":"image\/png"}],"twitter_card":"summary_large_image","twitter_misc":{"Tahmini okuma s\u00fcresi":"3 dakika"},"schema":{"@context":"https:\/\/schema.org","@graph":[{"@type":"WebPage","@id":"https:\/\/dolphinfix.com.tr\/eticaret\/urun\/dst-1230-esnek-seramik-yapistirici\/","url":"https:\/\/dolphinfix.com.tr\/eticaret\/urun\/dst-1230-esnek-seramik-yapistirici\/","name":"DST 1230 Performans\u0131 Artt\u0131r\u0131lm\u0131\u015f Esnek Seramik Yap\u0131\u015ft\u0131rma Harc\u0131","isPartOf":{"@id":"https:\/\/dolphinfix.com.tr\/eticaret\/#website"},"datePublished":"2024-10-19T14:19:49+00:00","dateModified":"2026-03-12T06:20:12+00:00","description":"DST 1230, mozaik, granit, ta\u015f ve seramik kaplamalar i\u00e7in geli\u015ftirilmi\u015f, uzat\u0131lm\u0131\u015f \u00e7al\u0131\u015fma s\u00fcresine sahip, esnekli\u011fi art\u0131r\u0131lm\u0131\u015f ve kayma yapmayan y\u00fcksek performansl\u0131 \u00e7imento esasl\u0131 yap\u0131\u015ft\u0131rma harc\u0131d\u0131r.","breadcrumb":{"@id":"https:\/\/dolphinfix.com.tr\/eticaret\/urun\/dst-1230-esnek-seramik-yapistirici\/#breadcrumb"},"inLanguage":"tr","potentialAction":[{"@type":"ReadAction","target":["https:\/\/dolphinfix.com.tr\/eticaret\/urun\/dst-1230-esnek-seramik-yapistirici\/"]}]},{"@type":"BreadcrumbList","@id":"https:\/\/dolphinfix.com.tr\/eticaret\/urun\/dst-1230-esnek-seramik-yapistirici\/#breadcrumb","itemListElement":[{"@type":"ListItem","position":1,"name":"Home","item":"https:\/\/dolphinfix.com.tr\/eticaret\/"},{"@type":"ListItem","position":2,"name":"Market","item":"https:\/\/dolphinfix.com.tr\/eticaret\/market\/"},{"@type":"ListItem","position":3,"name":"D FIX ST 1230 DST &#8211; PERFORMANSI ARTTIRILMI\u015e H\u0130DROL\u0130K BA\u011eLAYICILI YAPI\u015eTIRICI"}]},{"@type":"WebSite","@id":"https:\/\/dolphinfix.com.tr\/eticaret\/#website","url":"https:\/\/dolphinfix.com.tr\/eticaret\/","name":"Dolphinfix","description":"","potentialAction":[{"@type":"SearchAction","target":{"@type":"EntryPoint","urlTemplate":"https:\/\/dolphinfix.com.tr\/eticaret\/?s={search_term_string}"},"query-input":"required name=search_term_string"}],"inLanguage":"tr"}]}},"_links":{"self":[{"href":"https:\/\/dolphinfix.com.tr\/eticaret\/wp-json\/wp\/v2\/product\/15940","targetHints":{"allow":["GET"]}}],"collection":[{"href":"https:\/\/dolphinfix.com.tr\/eticaret\/wp-json\/wp\/v2\/product"}],"about":[{"href":"https:\/\/dolphinfix.com.tr\/eticaret\/wp-json\/wp\/v2\/types\/product"}],"replies":[{"embeddable":true,"href":"https:\/\/dolphinfix.com.tr\/eticaret\/wp-json\/wp\/v2\/comments?post=15940"}],"version-history":[{"count":10,"href":"https:\/\/dolphinfix.com.tr\/eticaret\/wp-json\/wp\/v2\/product\/15940\/revisions"}],"predecessor-version":[{"id":19967,"href":"https:\/\/dolphinfix.com.tr\/eticaret\/wp-json\/wp\/v2\/product\/15940\/revisions\/19967"}],"wp:featuredmedia":[{"embeddable":true,"href":"https:\/\/dolphinfix.com.tr\/eticaret\/wp-json\/wp\/v2\/media\/19478"}],"wp:attachment":[{"href":"https:\/\/dolphinfix.com.tr\/eticaret\/wp-json\/wp\/v2\/media?parent=15940"}],"wp:term":[{"taxonomy":"product_cat","embeddable":true,"href":"https:\/\/dolphinfix.com.tr\/eticaret\/wp-json\/wp\/v2\/product_cat?post=15940"},{"taxonomy":"product_tag","embeddable":true,"href":"https:\/\/dolphinfix.com.tr\/eticaret\/wp-json\/wp\/v2\/product_tag?post=15940"}],"curies":[{"name":"wp","href":"https:\/\/api.w.org\/{rel}","templated":true}]}}