{"id":15948,"date":"2024-10-19T17:26:47","date_gmt":"2024-10-19T14:26:47","guid":{"rendered":"https:\/\/dolphinfix.com.tr\/eticaret?post_type=product&#038;p=15948"},"modified":"2026-03-12T09:20:12","modified_gmt":"2026-03-12T06:20:12","slug":"dgb-1260-gaz-beton-yapistiricisi","status":"publish","type":"product","link":"https:\/\/dolphinfix.com.tr\/eticaret\/urun\/dgb-1260-gaz-beton-yapistiricisi\/","title":{"rendered":"D FIX GB 1260 DGB &#8211; Y\u00dcKSEK PERFORMANSLI GAZ BETON YAPI\u015eTIRICISI"},"content":{"rendered":"<h3><span style=\"color: #c61016;\">\u00dcR\u00dcN B\u0130LG\u0130LER\u0130 ;<\/span><\/h3>\n<p data-pm-slice=\"0 0 []\"><span style=\"color: #000000;\"><strong>TANIM:<\/strong> DGB 1260, \u00e7imento esasl\u0131, suyu b\u00fcnyesinde hapsederek uzun ve kolay \u00e7al\u0131\u015fma imkan veren \u00fcst\u00fcn performansl\u0131 gaz beton yap\u0131\u015ft\u0131r\u0131c\u0131s\u0131d\u0131r.<\/span><\/p>\n<p><span style=\"color: #000000;\"><strong>KULLANIM ALANLARI<\/strong><\/span><br \/>\n<span style=\"color: #000000;\">\u2022Gaz beton, bims, tu\u011fla gibi in\u015faat malzemelerini \u00f6rmek i\u00e7in kullan\u0131l\u0131r.<\/span><\/p>\n<p><span style=\"color: #000000;\"><strong>\u00dcR\u00dcN \u00d6ZELL\u0130KLER\u0130 VE AVANTAJLARI<\/strong><\/span><br \/>\n<span style=\"color: #000000;\">\u2022Uygulamas\u0131 \u00e7ok kolayd\u0131r.<\/span><br \/>\n<span style=\"color: #000000;\">\u2022Yap\u0131\u015fma dayan\u0131m\u0131 \u00e7ok y\u00fcksektir,<\/span><br \/>\n<span style=\"color: #000000;\">\u2022Suyu b\u00fcnyesinde hapseder.<\/span><br \/>\n<span style=\"color: #000000;\">\u2022Uzun \u00e7al\u0131\u015fma sa\u011flar.<\/span><br \/>\n<span style=\"color: #000000;\">\u2022Aderans\u0131 y\u00fcksektir.<\/span><br \/>\n<span style=\"color: #000000;\">\u2022Uygulamada d\u00fczeltme imkan\u0131 verir.<\/span><br \/>\n<span style=\"color: #000000;\">\u2022Uygulamada kolayl\u0131k sa\u011flar.<\/span><\/p>\n<p><span style=\"color: #000000;\"><strong>TEKN\u0130K \u00d6ZELL\u0130KLER<\/strong><\/span><br \/>\n<span style=\"color: #000000;\">Ba\u011f Dayan\u0131m\u0131 (TS EN 998-2): -0,3 N\/mm\u00b2<\/span><br \/>\n<span style=\"color: #000000;\">Kapiler Su Emme (TS EN 1015-18): \u22640,40 kg\/m\u00b2 dk0\u00b75<\/span><br \/>\n<span style=\"color: #000000;\">Hava \u0130\u00e7eri\u011fi (TS EN 1015-7): &lt; % 20<\/span><br \/>\n<span style=\"color: #000000;\">Bas\u0131n\u00e7 Dayan\u0131m\u0131 (TS EN 1015-11): \u2265 5 N\/mm\u00b2 M5<\/span><br \/>\n<span style=\"color: #000000;\">Su Buhar\u0131 Ge\u00e7irgenli\u011fi (TS EN 1745): 5\/20 \u00b5<\/span><br \/>\n<span style=\"color: #000000;\">Yang\u0131na Tepki (TS EN 13501-1): A1<\/span><br \/>\n<span style=\"color: #000000;\">Tehlikeli Maddeler: G\u00fcvelik bilgi f\u00f6y\u00fcne bak\u0131n\u0131z.<\/span><br \/>\n<span style=\"color: #000000;\">+20\u00b0C (\u00b12\u00baC) hava s\u0131cakl\u0131\u011f\u0131 ve %50 \u00b15 ba\u011f\u0131l nem ko\u015fullar\u0131nda elde edilmi\u015ftir. Y\u00fcksek s\u0131cakl\u0131klar s\u00fcreleri k\u0131salt\u0131r, d\u00fc\u015f\u00fck s\u0131cakl\u0131klar uzat\u0131r. Ger\u00e7ekte elde edilen de\u011ferler, bizim kontrollerimizin d\u0131\u015f\u0131ndaki \u015fartlar sebebiyle de\u011fi\u015fiklik g\u00f6sterebilir.<\/span><\/p>\n<p><span style=\"color: #000000;\"><strong>UYGULAMA Y\u00d6NTEM\u0130<\/strong><\/span><br \/>\n<span style=\"color: #000000;\">Y\u00fczey Haz\u0131rl\u0131\u011f\u0131: Uygulama y\u00fczeyinin sa\u011flam, tutunmay\u0131 \u00f6nleyici, kuru, tozsuz, ve temiz olmal\u0131d\u0131r. Y\u00fczey, aderans\u0131 azaltacak her t\u00fcrl\u00fc ya\u011f, gres, pas, ve parafin kal\u0131nt\u0131lar\u0131ndan iyice temizlenmeli ve y\u00fczeyde gev\u015fek par\u00e7ac\u0131klar olmamal\u0131d\u0131r. Uygulanacak y\u00fczey s\u0131cakl\u0131\u011f\u0131 +30 \u00b0C\u2019nin \u00fczerinde ise y\u00fczey mutlaka nemlendirilmelidir.<\/span><\/p>\n<p><span style=\"color: #000000;\"><strong>Kar\u0131\u015ft\u0131rma: <\/strong>Temiz bir kovan\u0131n i\u00e7erisine belirtilen miktarda temiz suyu temiz bir kovaya koyun. \u00dczerine 25 Kg. DGB 1260\u2019\u0131n yar\u0131s\u0131n\u0131 bo\u015falt\u0131n ve kar\u0131\u015ft\u0131r\u0131c\u0131 ile d\u00fc\u015f\u00fck devirde kar\u0131\u015ft\u0131rmaya ba\u015flay\u0131n. Har\u00e7 topaks\u0131z ve homojen bir hale gelince olgunla\u015fmas\u0131 i\u00e7in 5-6 dk. dinlenmeye b\u0131rak\u0131n. Daha sonra 1- 2 dk. daha kar\u0131\u015ft\u0131rarak kullan\u0131n.<\/span><\/p>\n<p data-pm-slice=\"0 0 []\"><span style=\"color: #000000;\"><strong>Uygulama:<\/strong> Yap\u0131\u015ft\u0131r\u0131c\u0131y\u0131 b\u00fct\u00fcn y\u00fczeye yay\u0131n 10X10X10 mm tarak ile taraklayarak ayn\u0131 kal\u0131nl\u0131kta uygulay\u0131n. \u00d6rg\u00fc yaparken yatay ve d\u00fc\u015feyde en fazla 3 mm geni\u015fli\u011finde derz b\u0131rak\u0131lmas\u0131na \u00f6zen g\u00f6sterin. Derz aralar\u0131n\u0131 yap\u0131\u015ft\u0131r\u0131c\u0131 ile tamamen doldurun. Taraklanan y\u00fczeyin emicili\u011fi dikkate al\u0131nmal\u0131 ve 10 dakikadan fazla beklemeden yap\u0131\u015ft\u0131rma i\u015flemi yap\u0131lmal\u0131d\u0131r.<\/span><\/p>\n<p><span style=\"color: #000000;\">\u00a0<strong>UYARILAR:<\/strong> Kapta kalan ve kullan\u0131m s\u00fcresi ge\u00e7mi\u015f, kabukla\u015fm\u0131\u015f malzemeyi kullanmay\u0131n\u0131z.Bu malzeme at\u0131lmal\u0131d\u0131r. Bloklar\u0131n \u00fczerine taraklanm\u0131\u015f malzeme 10 dk i\u00e7inde kullan\u0131lmal\u0131 aksi takdirde kaz\u0131n\u0131p at\u0131lmal\u0131d\u0131r. (+) 5 \u00b0C\u2019nin alt\u0131nda ve (+) 35 \u00b0C\u2019nin \u00fcst\u00fcnde ki ortamlarda mutlaka korumaya al\u0131nmal\u0131d\u0131r. Naylon ile etraf\u0131 kapat\u0131lmal\u0131d\u0131r. Dona ve ani su kayb\u0131na kar\u015f\u0131 \u00f6nlem al\u0131nmal\u0131d\u0131r.<\/span><\/p>\n<p><span style=\"color: #000000;\"><strong>AMBALAJ:<\/strong> 25 KG Kraft Torba<\/span><\/p>\n<p><span style=\"color: #000000;\"><strong>RAF \u00d6MR\u00dc:<\/strong> Orijinal, hasar g\u00f6rmemi\u015f ve a\u00e7\u0131lmam\u0131\u015f ambalaj\u0131nda ve depolama \u015farlar\u0131na uyulmas\u0131 durumunda \u00fcretim tarihi itibariyle 12 ayd\u0131r.<\/span><\/p>\n<p><span style=\"color: #000000;\"><strong>DEPOLAMA:<\/strong> +5 \u00b0C ve 30\u00b0C aral\u0131\u011f\u0131nda muhafaza edilmelidir. Dondan, nemden ve direkt g\u00fcne\u015f \u0131\u015f\u0131ndan korunmal\u0131d\u0131r.<\/span><\/p>\n","protected":false},"excerpt":{"rendered":"<p><span style=\"color: #000000;\"><a style=\"color: #000000;\" href=\"https:\/\/dolphinfix.com.tr\/eticaret\/wp-content\/uploads\/2025\/04\/GAZ-BETON-YAPISTIRICISI-D-FIX-GB-12600-DGB-TDS.pdf\" target=\"_blank\" rel=\"noopener\">TDS Belgesini \u0130ndirmek \u0130\u00e7in T\u0131klay\u0131n\u0131z<br \/>\n<\/a><\/span><span style=\"color: #000000;\"><a style=\"color: #000000;\" href=\"#\" target=\"_blank\" rel=\"noopener\">CE Belgesini \u0130ndirmek \u0130\u00e7in T\u0131klay\u0131n\u0131z<\/a><\/span><\/p>\n","protected":false},"featured_media":16278,"comment_status":"open","ping_status":"closed","template":"","meta":{"_joinchat":[]},"product_cat":[116,85],"product_tag":[478,482,485,488,486,484,479,447,483,490,481,487,480,467,489],"class_list":{"0":"post-15948","1":"product","2":"type-product","3":"status-publish","4":"has-post-thumbnail","6":"product_cat-gaz-beton-yapistirici","7":"product_cat-yapi-kimyasallari","8":"product_tag-bims-yapistiricisi","9":"product_tag-cimento-esasli-gaz-beton-yapistirici","10":"product_tag-dayanikli-gaz-beton-yapistiricisi","11":"product_tag-duvar-gaz-beton-yapistiricisi","12":"product_tag-esnek-gaz-beton-harci","13":"product_tag-gaz-beton-blok-yapistiricisi","14":"product_tag-gaz-beton-yapistiricisi","15":"product_tag-guclu-yapistirma-harci","16":"product_tag-ic-ve-dis-cephe-gaz-beton-yapistiricisi","17":"product_tag-insaat-gaz-beton-malzemeleri","18":"product_tag-profesyonel-gaz-beton-yapistiricisi","19":"product_tag-uzun-omurlu-gaz-beton-yapistiricisi","20":"product_tag-yuksek-performansli-gaz-beton-harci","21":"product_tag-yuksek-tutunma-gucune-sahip-yapistirici","22":"product_tag-zemin-gaz-beton-yapistiricisi","24":"first","25":"instock","26":"taxable","27":"shipping-taxable","28":"purchasable","29":"product-type-variable"},"yoast_head":"<!-- This site is optimized with the Yoast SEO Premium plugin v20.2.1 (Yoast SEO v20.2.1) - https:\/\/yoast.com\/wordpress\/plugins\/seo\/ -->\n<title>DGB 1260 \u00dcst\u00fcn Performansl\u0131 \u00c7imento Esasl\u0131 Gaz Beton Yap\u0131\u015ft\u0131r\u0131c\u0131s\u0131<\/title>\n<meta name=\"description\" content=\"DGB 1260, gaz beton, bims ve tu\u011fla gibi yap\u0131 elemanlar\u0131n\u0131n \u00f6r\u00fclmesinde kullan\u0131lan; suyu b\u00fcnyesinde hapsederek uzun \u00e7al\u0131\u015fma s\u00fcresi sa\u011flayan, y\u00fcksek aderansl\u0131 ve kolay uygulanabilen \u00e7imento esasl\u0131 gaz beton yap\u0131\u015ft\u0131r\u0131c\u0131s\u0131d\u0131r.\" \/>\n<meta name=\"robots\" content=\"index, follow, max-snippet:-1, max-image-preview:large, max-video-preview:-1\" \/>\n<link rel=\"canonical\" href=\"https:\/\/dolphinfix.com.tr\/eticaret\/urun\/dgb-1260-gaz-beton-yapistiricisi\/\" \/>\n<meta property=\"og:locale\" content=\"tr_TR\" \/>\n<meta property=\"og:type\" content=\"article\" \/>\n<meta property=\"og:title\" content=\"D FIX GB 1260 DGB - Y\u00dcKSEK PERFORMANSLI GAZ BETON YAPI\u015eTIRICISI\" \/>\n<meta property=\"og:description\" content=\"DGB 1260, gaz beton, bims ve tu\u011fla gibi yap\u0131 elemanlar\u0131n\u0131n \u00f6r\u00fclmesinde kullan\u0131lan; suyu b\u00fcnyesinde hapsederek uzun \u00e7al\u0131\u015fma s\u00fcresi sa\u011flayan, y\u00fcksek aderansl\u0131 ve kolay uygulanabilen \u00e7imento esasl\u0131 gaz beton yap\u0131\u015ft\u0131r\u0131c\u0131s\u0131d\u0131r.\" \/>\n<meta property=\"og:url\" content=\"https:\/\/dolphinfix.com.tr\/eticaret\/urun\/dgb-1260-gaz-beton-yapistiricisi\/\" \/>\n<meta property=\"og:site_name\" content=\"Dolphinfix\" \/>\n<meta property=\"article:modified_time\" content=\"2026-03-12T06:20:12+00:00\" \/>\n<meta property=\"og:image\" content=\"https:\/\/dolphinfix.com.tr\/eticaret\/wp-content\/uploads\/2024\/10\/1260.png\" \/>\n\t<meta property=\"og:image:width\" content=\"1000\" \/>\n\t<meta property=\"og:image:height\" content=\"1000\" \/>\n\t<meta property=\"og:image:type\" content=\"image\/png\" \/>\n<meta name=\"twitter:card\" content=\"summary_large_image\" \/>\n<meta name=\"twitter:label1\" content=\"Tahmini okuma s\u00fcresi\" \/>\n\t<meta name=\"twitter:data1\" content=\"3 dakika\" \/>\n<script type=\"application\/ld+json\" class=\"yoast-schema-graph\">{\"@context\":\"https:\/\/schema.org\",\"@graph\":[{\"@type\":\"WebPage\",\"@id\":\"https:\/\/dolphinfix.com.tr\/eticaret\/urun\/dgb-1260-gaz-beton-yapistiricisi\/\",\"url\":\"https:\/\/dolphinfix.com.tr\/eticaret\/urun\/dgb-1260-gaz-beton-yapistiricisi\/\",\"name\":\"DGB 1260 \u00dcst\u00fcn Performansl\u0131 \u00c7imento Esasl\u0131 Gaz Beton Yap\u0131\u015ft\u0131r\u0131c\u0131s\u0131\",\"isPartOf\":{\"@id\":\"https:\/\/dolphinfix.com.tr\/eticaret\/#website\"},\"datePublished\":\"2024-10-19T14:26:47+00:00\",\"dateModified\":\"2026-03-12T06:20:12+00:00\",\"description\":\"DGB 1260, gaz beton, bims ve tu\u011fla gibi yap\u0131 elemanlar\u0131n\u0131n \u00f6r\u00fclmesinde kullan\u0131lan; suyu b\u00fcnyesinde hapsederek uzun \u00e7al\u0131\u015fma s\u00fcresi sa\u011flayan, y\u00fcksek aderansl\u0131 ve kolay uygulanabilen \u00e7imento esasl\u0131 gaz beton yap\u0131\u015ft\u0131r\u0131c\u0131s\u0131d\u0131r.\",\"breadcrumb\":{\"@id\":\"https:\/\/dolphinfix.com.tr\/eticaret\/urun\/dgb-1260-gaz-beton-yapistiricisi\/#breadcrumb\"},\"inLanguage\":\"tr\",\"potentialAction\":[{\"@type\":\"ReadAction\",\"target\":[\"https:\/\/dolphinfix.com.tr\/eticaret\/urun\/dgb-1260-gaz-beton-yapistiricisi\/\"]}]},{\"@type\":\"BreadcrumbList\",\"@id\":\"https:\/\/dolphinfix.com.tr\/eticaret\/urun\/dgb-1260-gaz-beton-yapistiricisi\/#breadcrumb\",\"itemListElement\":[{\"@type\":\"ListItem\",\"position\":1,\"name\":\"Home\",\"item\":\"https:\/\/dolphinfix.com.tr\/eticaret\/\"},{\"@type\":\"ListItem\",\"position\":2,\"name\":\"Market\",\"item\":\"https:\/\/dolphinfix.com.tr\/eticaret\/market\/\"},{\"@type\":\"ListItem\",\"position\":3,\"name\":\"D FIX GB 1260 DGB &#8211; Y\u00dcKSEK PERFORMANSLI GAZ BETON YAPI\u015eTIRICISI\"}]},{\"@type\":\"WebSite\",\"@id\":\"https:\/\/dolphinfix.com.tr\/eticaret\/#website\",\"url\":\"https:\/\/dolphinfix.com.tr\/eticaret\/\",\"name\":\"Dolphinfix\",\"description\":\"\",\"potentialAction\":[{\"@type\":\"SearchAction\",\"target\":{\"@type\":\"EntryPoint\",\"urlTemplate\":\"https:\/\/dolphinfix.com.tr\/eticaret\/?s={search_term_string}\"},\"query-input\":\"required name=search_term_string\"}],\"inLanguage\":\"tr\"}]}<\/script>\n<!-- \/ Yoast SEO Premium plugin. -->","yoast_head_json":{"title":"DGB 1260 \u00dcst\u00fcn Performansl\u0131 \u00c7imento Esasl\u0131 Gaz Beton Yap\u0131\u015ft\u0131r\u0131c\u0131s\u0131","description":"DGB 1260, gaz beton, bims ve tu\u011fla gibi yap\u0131 elemanlar\u0131n\u0131n \u00f6r\u00fclmesinde kullan\u0131lan; suyu b\u00fcnyesinde hapsederek uzun \u00e7al\u0131\u015fma s\u00fcresi sa\u011flayan, y\u00fcksek aderansl\u0131 ve kolay uygulanabilen \u00e7imento esasl\u0131 gaz beton yap\u0131\u015ft\u0131r\u0131c\u0131s\u0131d\u0131r.","robots":{"index":"index","follow":"follow","max-snippet":"max-snippet:-1","max-image-preview":"max-image-preview:large","max-video-preview":"max-video-preview:-1"},"canonical":"https:\/\/dolphinfix.com.tr\/eticaret\/urun\/dgb-1260-gaz-beton-yapistiricisi\/","og_locale":"tr_TR","og_type":"article","og_title":"D FIX GB 1260 DGB - Y\u00dcKSEK PERFORMANSLI GAZ BETON YAPI\u015eTIRICISI","og_description":"DGB 1260, gaz beton, bims ve tu\u011fla gibi yap\u0131 elemanlar\u0131n\u0131n \u00f6r\u00fclmesinde kullan\u0131lan; suyu b\u00fcnyesinde hapsederek uzun \u00e7al\u0131\u015fma s\u00fcresi sa\u011flayan, y\u00fcksek aderansl\u0131 ve kolay uygulanabilen \u00e7imento esasl\u0131 gaz beton yap\u0131\u015ft\u0131r\u0131c\u0131s\u0131d\u0131r.","og_url":"https:\/\/dolphinfix.com.tr\/eticaret\/urun\/dgb-1260-gaz-beton-yapistiricisi\/","og_site_name":"Dolphinfix","article_modified_time":"2026-03-12T06:20:12+00:00","og_image":[{"width":1000,"height":1000,"url":"https:\/\/dolphinfix.com.tr\/eticaret\/wp-content\/uploads\/2024\/10\/1260.png","type":"image\/png"}],"twitter_card":"summary_large_image","twitter_misc":{"Tahmini okuma s\u00fcresi":"3 dakika"},"schema":{"@context":"https:\/\/schema.org","@graph":[{"@type":"WebPage","@id":"https:\/\/dolphinfix.com.tr\/eticaret\/urun\/dgb-1260-gaz-beton-yapistiricisi\/","url":"https:\/\/dolphinfix.com.tr\/eticaret\/urun\/dgb-1260-gaz-beton-yapistiricisi\/","name":"DGB 1260 \u00dcst\u00fcn Performansl\u0131 \u00c7imento Esasl\u0131 Gaz Beton Yap\u0131\u015ft\u0131r\u0131c\u0131s\u0131","isPartOf":{"@id":"https:\/\/dolphinfix.com.tr\/eticaret\/#website"},"datePublished":"2024-10-19T14:26:47+00:00","dateModified":"2026-03-12T06:20:12+00:00","description":"DGB 1260, gaz beton, bims ve tu\u011fla gibi yap\u0131 elemanlar\u0131n\u0131n \u00f6r\u00fclmesinde kullan\u0131lan; suyu b\u00fcnyesinde hapsederek uzun \u00e7al\u0131\u015fma s\u00fcresi sa\u011flayan, y\u00fcksek aderansl\u0131 ve kolay uygulanabilen \u00e7imento esasl\u0131 gaz beton yap\u0131\u015ft\u0131r\u0131c\u0131s\u0131d\u0131r.","breadcrumb":{"@id":"https:\/\/dolphinfix.com.tr\/eticaret\/urun\/dgb-1260-gaz-beton-yapistiricisi\/#breadcrumb"},"inLanguage":"tr","potentialAction":[{"@type":"ReadAction","target":["https:\/\/dolphinfix.com.tr\/eticaret\/urun\/dgb-1260-gaz-beton-yapistiricisi\/"]}]},{"@type":"BreadcrumbList","@id":"https:\/\/dolphinfix.com.tr\/eticaret\/urun\/dgb-1260-gaz-beton-yapistiricisi\/#breadcrumb","itemListElement":[{"@type":"ListItem","position":1,"name":"Home","item":"https:\/\/dolphinfix.com.tr\/eticaret\/"},{"@type":"ListItem","position":2,"name":"Market","item":"https:\/\/dolphinfix.com.tr\/eticaret\/market\/"},{"@type":"ListItem","position":3,"name":"D FIX GB 1260 DGB &#8211; Y\u00dcKSEK PERFORMANSLI GAZ BETON YAPI\u015eTIRICISI"}]},{"@type":"WebSite","@id":"https:\/\/dolphinfix.com.tr\/eticaret\/#website","url":"https:\/\/dolphinfix.com.tr\/eticaret\/","name":"Dolphinfix","description":"","potentialAction":[{"@type":"SearchAction","target":{"@type":"EntryPoint","urlTemplate":"https:\/\/dolphinfix.com.tr\/eticaret\/?s={search_term_string}"},"query-input":"required name=search_term_string"}],"inLanguage":"tr"}]}},"_links":{"self":[{"href":"https:\/\/dolphinfix.com.tr\/eticaret\/wp-json\/wp\/v2\/product\/15948","targetHints":{"allow":["GET"]}}],"collection":[{"href":"https:\/\/dolphinfix.com.tr\/eticaret\/wp-json\/wp\/v2\/product"}],"about":[{"href":"https:\/\/dolphinfix.com.tr\/eticaret\/wp-json\/wp\/v2\/types\/product"}],"replies":[{"embeddable":true,"href":"https:\/\/dolphinfix.com.tr\/eticaret\/wp-json\/wp\/v2\/comments?post=15948"}],"version-history":[{"count":7,"href":"https:\/\/dolphinfix.com.tr\/eticaret\/wp-json\/wp\/v2\/product\/15948\/revisions"}],"predecessor-version":[{"id":19968,"href":"https:\/\/dolphinfix.com.tr\/eticaret\/wp-json\/wp\/v2\/product\/15948\/revisions\/19968"}],"wp:featuredmedia":[{"embeddable":true,"href":"https:\/\/dolphinfix.com.tr\/eticaret\/wp-json\/wp\/v2\/media\/16278"}],"wp:attachment":[{"href":"https:\/\/dolphinfix.com.tr\/eticaret\/wp-json\/wp\/v2\/media?parent=15948"}],"wp:term":[{"taxonomy":"product_cat","embeddable":true,"href":"https:\/\/dolphinfix.com.tr\/eticaret\/wp-json\/wp\/v2\/product_cat?post=15948"},{"taxonomy":"product_tag","embeddable":true,"href":"https:\/\/dolphinfix.com.tr\/eticaret\/wp-json\/wp\/v2\/product_tag?post=15948"}],"curies":[{"name":"wp","href":"https:\/\/api.w.org\/{rel}","templated":true}]}}