{"id":15952,"date":"2024-10-19T17:28:44","date_gmt":"2024-10-19T14:28:44","guid":{"rendered":"https:\/\/dolphinfix.com.tr\/eticaret?post_type=product&#038;p=15952"},"modified":"2026-03-13T08:33:34","modified_gmt":"2026-03-13T05:33:34","slug":"fgn-1300-derz-dolgu-harci","status":"publish","type":"product","link":"https:\/\/dolphinfix.com.tr\/eticaret\/urun\/fgn-1300-derz-dolgu-harci\/","title":{"rendered":"FUGA N 1300 FGN &#8211; DERZ DOLGU HARCI"},"content":{"rendered":"<p><span style=\"color: #ff0000;\"><strong>** PALET F\u0130YATLARI \u0130\u00c7\u0130N \u0130LET\u0130\u015e\u0130ME GE\u00c7\u0130N\u0130Z.** <\/strong><\/span><\/p>\n<h3><span style=\"color: #c61016;\">\u00dcR\u00dcN B\u0130LG\u0130LER\u0130 ;<\/span><\/h3>\n<p data-pm-slice=\"0 0 []\"><span style=\"color: #000000;\"><strong>TANIMI:<\/strong> FGN 1300, \u00e7imento esasl\u0131, y\u00fcksek performansl\u0131, hidrolik ba\u011flay\u0131c\u0131l\u0131 derz dolgu harc\u0131.<\/span><\/p>\n<p><span style=\"color: #000000;\"><strong>KULLANIM ALANLARI<\/strong><\/span><br \/>\n<span style=\"color: #000000;\">\u2022\u0130\u00e7 ve d\u0131\u015f mek\u00e2nlarda,<\/span><br \/>\n<span style=\"color: #000000;\">\u2022Yatay veya d\u00fc\u015fey uygulanan fayans, seramik vb. d\u00f6\u015femelerin derz aralar\u0131nda da kullan\u0131l\u0131r.<\/span><\/p>\n<p><span style=\"color: #000000;\"><strong>\u00dcR\u00dcN \u00d6ZELL\u0130KLER\u0130 VE AVANTAJLARI<\/strong><\/span><br \/>\n<span style=\"color: #000000;\">\u2022Suya kar\u0131\u015ft\u0131r\u0131ld\u0131\u011f\u0131nda kullan\u0131ma haz\u0131r hale gelir,<\/span><br \/>\n<span style=\"color: #000000;\">\u20220-6 mm aras\u0131 derzler i\u00e7indir,<\/span><br \/>\n<span style=\"color: #000000;\">\u2022\u00c7atlaks\u0131z sertle\u015fme,<\/span><br \/>\n<span style=\"color: #000000;\">\u2022M\u00fckemmel yap\u0131\u015fma,<\/span><br \/>\n<span style=\"color: #000000;\">\u2022Kolay ve kaygan bir kullan\u0131m\u0131 vard\u0131r,<\/span><br \/>\n<span style=\"color: #000000;\">\u2022P\u00fcr\u00fczs\u00fcz bir y\u00fczey sa\u011flar.<\/span><\/p>\n<p><span style=\"color: #000000;\"><strong>TEKN\u0130K \u00d6ZELL\u0130KLER<\/strong><\/span><br \/>\n<span style=\"color: #000000;\">Kar\u015f\u0131lad\u0131\u011f\u0131 Standart: TS EN 13888 \u2013 CG1<\/span><br \/>\n<span style=\"color: #000000;\">Malzemenin Yap\u0131s\u0131: \u00d6zel \u00e7imentolar, polimer ve mineral dolgular i\u00e7erir.<\/span><br \/>\n<span style=\"color: #000000;\">Renk: Beyaz ve Gri<\/span><br \/>\n<span style=\"color: #000000;\">Basma mukavemeti (EN 12808-3): \u226515 N\/mm\u00b2<\/span><br \/>\n<span style=\"color: #000000;\">Donma-\u00e7\u00f6z\u00fclme \u00e7eviriminden sonra Basma mukavemeti (EN 12808-3): \u226515 N\/mm\u00b2<\/span><br \/>\n<span style=\"color: #000000;\">E\u011filme mukavemeti (EN 12808-3): \u22653,5 N\/mm\u00b2<\/span><br \/>\n<span style=\"color: #000000;\">Donma-\u00e7\u00f6z\u00fclme \u00e7eviriminden sonra E\u011filme mukavemeti (EN 12808-3): \u22653,5 N\/mm\u00b2<\/span><br \/>\n<span style=\"color: #000000;\">B\u00fcz\u00fclme (EN 12808-4): \u22642 mm\/m<\/span><br \/>\n<span style=\"color: #000000;\">A\u015f\u0131nma Direnci (EN 12808-2): \u22642000 mm\u00b3<\/span><br \/>\n<span style=\"color: #000000;\">Su Emme 30 dk. \u22645 g<\/span><br \/>\n<span style=\"color: #000000;\">Su Emme 240 dk. \u2264 10 g (EN 12808):<\/span><br \/>\n<span style=\"color: #000000;\">S\u0131cakl\u0131k Dayan\u0131m\u0131: (-20\u00b0C) &#8211; (+70\u00b0C)<\/span><\/p>\n<p><span style=\"color: #000000;\">Tipik de\u011ferler: +23\u00b0C\u2019de %50 ba\u011f\u0131l nem ko\u015fullar\u0131nda 4x4x16 cm har\u00e7 prizmas\u0131nda yap\u0131lan deneyler sonucunda elde edilmi\u015ftir. Y\u00fcksek s\u0131cakl\u0131klar s\u00fcreleri k\u0131salt\u0131r, d\u00fc\u015f\u00fck s\u0131cakl\u0131klar uzat\u0131r.<\/span><\/p>\n<p data-pm-slice=\"0 0 []\"><span style=\"color: #000000;\"><strong>UYGULAMA Y\u00d6NTEM\u0130 <\/strong><\/span><\/p>\n<p data-pm-slice=\"0 0 []\"><span style=\"color: #000000;\"><strong>Y\u00fczey Haz\u0131rl\u0131\u011f\u0131:<\/strong> Uygulama yap\u0131lacak seramiklerin iyice yap\u0131\u015fm\u0131\u015f ve yap\u0131\u015ft\u0131r\u0131c\u0131 harc\u0131nda kurumu\u015f oldu\u011funa dikkat edin. Derz bo\u015fluklar\u0131nda kalan kuru har\u00e7lar\u0131 \u00e7\u0131kart\u0131n. Her t\u00fcrl\u00fc toz, \u00e7imento at\u0131\u011f\u0131, kir, ya\u011f vb. ne varsa g\u00fczelce temizlemeden uygulamaya ba\u015flamay\u0131n. Derz bo\u015fluklar\u0131n\u0131n, seramik kal\u0131nl\u0131\u011f\u0131n\u0131n 2\/3\u2019\u00fc kadar oldu\u011funa emin olun. Temizli\u011fi biten derz bo\u015fluklar\u0131n\u0131 uygulamadan \u00f6nce nemlendirin. Temiz bir kap\u0131n i\u00e7ine belirtilen miktarda suyun bir k\u0131sm\u0131n\u0131 doldurun. FGN 1300\u2019\u00fc yava\u015f ilave edilerek 400-600 devirli bir kar\u0131\u015ft\u0131r\u0131c\u0131 ile homojen ve topaks\u0131z bir kar\u0131\u015f\u0131m elde edilinceye kadar 4 dakika kar\u0131\u015ft\u0131r\u0131l\u0131r. Yakla\u015f\u0131k 4 dakika dinlendirilip tekrar 2 dakika daha kar\u0131\u015ft\u0131rd\u0131ktan sonra malzeme kullan\u0131ma haz\u0131r hale gelir. Kaptaki har\u00e7 ortam s\u0131cakl\u0131\u011f\u0131na ba\u011fl\u0131 olarak yakla\u015f\u0131k 1 saatte t\u00fcketilmelidir.<\/span><\/p>\n<p><span style=\"color: #000000;\"><strong>UYGULAMA: <\/strong>Haz\u0131rlanan har\u00e7 derz bo\u015fluklar\u0131na d\u00f6k\u00fcl\u00fcp \u00e7ekpas veya sert kau\u00e7uk tabanl\u0131 derz yayma malas\u0131 ile derzlere doldurulmal\u0131d\u0131r. Y\u00fczeyde kalan fazla har\u00e7 yumu\u015fak u\u00e7lu spatula ile s\u0131yr\u0131l\u0131p al\u0131nmal\u0131d\u0131r. Ortam s\u0131cakl\u0131\u011f\u0131na g\u00f6re 15-30 dk. sonra nemli bir s\u00fcngerle uygulama y\u00fczeyinde kalan ince derz tabakas\u0131 silinmelidir. Temizleme s\u00fcngeri s\u0131k s\u0131k temizlenmelidir. Silme i\u015flemine zaman\u0131ndan \u00f6nce ba\u015flamay\u0131n!<\/span><\/p>\n<p><span style=\"color: #000000;\"><strong>KARI\u015eTIRMA ORANLARI <\/strong>FGN 1300 1 KG \u0130\u00c7\u0130N 20 KG TORBA \u0130\u00c7\u0130N<\/span><\/p>\n<p><span style=\"color: #000000;\"><strong>KARI\u015eIM SUYU M\u0130KTARI:<\/strong>\u00a0 \u00a0 \u00a0 \u00a0 \u00a0 \u00a0 \u00a0 \u00a0 \u00a0 \u00a0 \u00a0 0,3 lt\u00a0 \u00a0 \u2013\u00a0 0,35 lt 6 lt \u2013 7 lt<\/span><\/p>\n<p><span style=\"color: #000000;\"><strong>KARI\u015eIM YO\u011eUNLU\u011eU:<\/strong>\u00a0 \u00a0 \u00a0 \u00a0 \u00a0 \u00a0 \u00a0 \u00a0 \u00a0 \u00a0 \u00a0 \u00a0 \u00a0 \u00a01,45 kg\/lt<\/span><\/p>\n<p><span style=\"color: #000000;\"><strong>AMBALAJ: <\/strong>20 kg.\u2019l\u0131k kraft torba. 1 kg \u2013 2 kg \u2013 5 kg ambalajlarda<\/span><\/p>\n<p><span style=\"color: #000000;\"><strong>SARF\u0130YAT: <\/strong>Sarfiyat i\u00e7in derz dolgu t\u00fcketim tablosuna bak\u0131n\u0131z.<\/span><\/p>\n<p><span style=\"color: #000000;\"><strong>RAF \u00d6MR\u00dc:<\/strong> Uygun depolama ko\u015fullar\u0131nda \u00fcretim tarihinden itibaren 12 ayd\u0131r. A\u00e7\u0131lm\u0131\u015f ambalajlar uygun depolama ko\u015fullar\u0131nda saklanarak bir hafta i\u00e7inde kullan\u0131lmal\u0131d\u0131r.<\/span><\/p>\n","protected":false},"excerpt":{"rendered":"<p><span style=\"color: #000000;\"><a style=\"color: #000000;\" href=\"https:\/\/dolphinfix.com.tr\/eticaret\/wp-content\/uploads\/2025\/04\/FUGA-N-FGN-1300-TDS.pdf\" target=\"_blank\" rel=\"noopener\">TDS Belgesini \u0130ndirmek \u0130\u00e7in T\u0131klay\u0131n\u0131z<br \/>\n<\/a><\/span><span style=\"color: #000000;\"><a style=\"color: #000000;\" href=\"#\" target=\"_blank\" rel=\"noopener\">CE Belgesini \u0130ndirmek \u0130\u00e7in T\u0131klay\u0131n\u0131z<\/a><\/span><\/p>\n","protected":false},"featured_media":16280,"comment_status":"open","ping_status":"closed","template":"","meta":{"_joinchat":[]},"product_cat":[117,85],"product_tag":[498,492,494,491,500,499,501,505,502,504,496,493,495,503,497],"class_list":{"0":"post-15952","1":"product","2":"type-product","3":"status-publish","4":"has-post-thumbnail","6":"product_cat-derz-dolgu-harci","7":"product_cat-yapi-kimyasallari","8":"product_tag-cimento-esasli-derz-dolgusu","9":"product_tag-derz-dolgu-harci","10":"product_tag-fayans-derz-dolgu","11":"product_tag-fuga-n-1300-fgn","12":"product_tag-genis-derz-dolgusu","13":"product_tag-ic-ve-dis-cephe-derz-dolgusu","14":"product_tag-ince-derz-dolgusu","15":"product_tag-insaat-derz-dolgu-urunleri","16":"product_tag-kuf-ve-mantara-dayanikli-derz","17":"product_tag-profesyonel-derz-malzemesi","18":"product_tag-renkli-derz-dolgusu","19":"product_tag-seramik-derz-dolgusu","20":"product_tag-suya-dayanikli-derz-dolgusu","21":"product_tag-uzun-omurlu-derz-dolgusu","22":"product_tag-yuksek-performansli-derz-dolgusu","24":"first","25":"instock","26":"taxable","27":"shipping-taxable","28":"purchasable","29":"product-type-variable"},"yoast_head":"<!-- This site is optimized with the Yoast SEO Premium plugin v20.2.1 (Yoast SEO v20.2.1) - https:\/\/yoast.com\/wordpress\/plugins\/seo\/ -->\n<title>FGN 1300 \u00c7imento Esasl\u0131 Y\u00fcksek Performansl\u0131 Derz Dolgu Harc\u0131 (CG1)<\/title>\n<meta name=\"description\" content=\"FGN 1300, i\u00e7 ve d\u0131\u015f mekanlarda 0\u20136 mm derz aral\u0131klar\u0131 i\u00e7in geli\u015ftirilmi\u015f, \u00e7atlamayan yap\u0131s\u0131 ve p\u00fcr\u00fczs\u00fcz y\u00fczey sa\u011flayan, y\u00fcksek yap\u0131\u015fma performans\u0131na sahip \u00e7imento esasl\u0131 CG1 s\u0131n\u0131f\u0131 derz dolgu harc\u0131d\u0131r.\" \/>\n<meta name=\"robots\" content=\"index, follow, max-snippet:-1, max-image-preview:large, max-video-preview:-1\" \/>\n<link rel=\"canonical\" href=\"https:\/\/dolphinfix.com.tr\/eticaret\/urun\/fgn-1300-derz-dolgu-harci\/\" \/>\n<meta property=\"og:locale\" content=\"tr_TR\" \/>\n<meta property=\"og:type\" content=\"article\" \/>\n<meta property=\"og:title\" content=\"FUGA N 1300 FGN - DERZ DOLGU HARCI\" \/>\n<meta property=\"og:description\" content=\"FGN 1300, i\u00e7 ve d\u0131\u015f mekanlarda 0\u20136 mm derz aral\u0131klar\u0131 i\u00e7in geli\u015ftirilmi\u015f, \u00e7atlamayan yap\u0131s\u0131 ve p\u00fcr\u00fczs\u00fcz y\u00fczey sa\u011flayan, y\u00fcksek yap\u0131\u015fma performans\u0131na sahip \u00e7imento esasl\u0131 CG1 s\u0131n\u0131f\u0131 derz dolgu harc\u0131d\u0131r.\" \/>\n<meta property=\"og:url\" content=\"https:\/\/dolphinfix.com.tr\/eticaret\/urun\/fgn-1300-derz-dolgu-harci\/\" \/>\n<meta property=\"og:site_name\" content=\"Dolphinfix\" \/>\n<meta property=\"article:modified_time\" content=\"2026-03-13T05:33:34+00:00\" \/>\n<meta property=\"og:image\" content=\"https:\/\/dolphinfix.com.tr\/eticaret\/wp-content\/uploads\/2024\/10\/1300.png\" \/>\n\t<meta property=\"og:image:width\" content=\"1000\" \/>\n\t<meta property=\"og:image:height\" content=\"1000\" \/>\n\t<meta property=\"og:image:type\" content=\"image\/png\" \/>\n<meta name=\"twitter:card\" content=\"summary_large_image\" \/>\n<meta name=\"twitter:label1\" content=\"Tahmini okuma s\u00fcresi\" \/>\n\t<meta name=\"twitter:data1\" content=\"3 dakika\" \/>\n<script type=\"application\/ld+json\" class=\"yoast-schema-graph\">{\"@context\":\"https:\/\/schema.org\",\"@graph\":[{\"@type\":\"WebPage\",\"@id\":\"https:\/\/dolphinfix.com.tr\/eticaret\/urun\/fgn-1300-derz-dolgu-harci\/\",\"url\":\"https:\/\/dolphinfix.com.tr\/eticaret\/urun\/fgn-1300-derz-dolgu-harci\/\",\"name\":\"FGN 1300 \u00c7imento Esasl\u0131 Y\u00fcksek Performansl\u0131 Derz Dolgu Harc\u0131 (CG1)\",\"isPartOf\":{\"@id\":\"https:\/\/dolphinfix.com.tr\/eticaret\/#website\"},\"datePublished\":\"2024-10-19T14:28:44+00:00\",\"dateModified\":\"2026-03-13T05:33:34+00:00\",\"description\":\"FGN 1300, i\u00e7 ve d\u0131\u015f mekanlarda 0\u20136 mm derz aral\u0131klar\u0131 i\u00e7in geli\u015ftirilmi\u015f, \u00e7atlamayan yap\u0131s\u0131 ve p\u00fcr\u00fczs\u00fcz y\u00fczey sa\u011flayan, y\u00fcksek yap\u0131\u015fma performans\u0131na sahip \u00e7imento esasl\u0131 CG1 s\u0131n\u0131f\u0131 derz dolgu harc\u0131d\u0131r.\",\"breadcrumb\":{\"@id\":\"https:\/\/dolphinfix.com.tr\/eticaret\/urun\/fgn-1300-derz-dolgu-harci\/#breadcrumb\"},\"inLanguage\":\"tr\",\"potentialAction\":[{\"@type\":\"ReadAction\",\"target\":[\"https:\/\/dolphinfix.com.tr\/eticaret\/urun\/fgn-1300-derz-dolgu-harci\/\"]}]},{\"@type\":\"BreadcrumbList\",\"@id\":\"https:\/\/dolphinfix.com.tr\/eticaret\/urun\/fgn-1300-derz-dolgu-harci\/#breadcrumb\",\"itemListElement\":[{\"@type\":\"ListItem\",\"position\":1,\"name\":\"Home\",\"item\":\"https:\/\/dolphinfix.com.tr\/eticaret\/\"},{\"@type\":\"ListItem\",\"position\":2,\"name\":\"Market\",\"item\":\"https:\/\/dolphinfix.com.tr\/eticaret\/market\/\"},{\"@type\":\"ListItem\",\"position\":3,\"name\":\"FUGA N 1300 FGN &#8211; DERZ DOLGU HARCI\"}]},{\"@type\":\"WebSite\",\"@id\":\"https:\/\/dolphinfix.com.tr\/eticaret\/#website\",\"url\":\"https:\/\/dolphinfix.com.tr\/eticaret\/\",\"name\":\"Dolphinfix\",\"description\":\"\",\"potentialAction\":[{\"@type\":\"SearchAction\",\"target\":{\"@type\":\"EntryPoint\",\"urlTemplate\":\"https:\/\/dolphinfix.com.tr\/eticaret\/?s={search_term_string}\"},\"query-input\":\"required name=search_term_string\"}],\"inLanguage\":\"tr\"}]}<\/script>\n<!-- \/ Yoast SEO Premium plugin. -->","yoast_head_json":{"title":"FGN 1300 \u00c7imento Esasl\u0131 Y\u00fcksek Performansl\u0131 Derz Dolgu Harc\u0131 (CG1)","description":"FGN 1300, i\u00e7 ve d\u0131\u015f mekanlarda 0\u20136 mm derz aral\u0131klar\u0131 i\u00e7in geli\u015ftirilmi\u015f, \u00e7atlamayan yap\u0131s\u0131 ve p\u00fcr\u00fczs\u00fcz y\u00fczey sa\u011flayan, y\u00fcksek yap\u0131\u015fma performans\u0131na sahip \u00e7imento esasl\u0131 CG1 s\u0131n\u0131f\u0131 derz dolgu harc\u0131d\u0131r.","robots":{"index":"index","follow":"follow","max-snippet":"max-snippet:-1","max-image-preview":"max-image-preview:large","max-video-preview":"max-video-preview:-1"},"canonical":"https:\/\/dolphinfix.com.tr\/eticaret\/urun\/fgn-1300-derz-dolgu-harci\/","og_locale":"tr_TR","og_type":"article","og_title":"FUGA N 1300 FGN - DERZ DOLGU HARCI","og_description":"FGN 1300, i\u00e7 ve d\u0131\u015f mekanlarda 0\u20136 mm derz aral\u0131klar\u0131 i\u00e7in geli\u015ftirilmi\u015f, \u00e7atlamayan yap\u0131s\u0131 ve p\u00fcr\u00fczs\u00fcz y\u00fczey sa\u011flayan, y\u00fcksek yap\u0131\u015fma performans\u0131na sahip \u00e7imento esasl\u0131 CG1 s\u0131n\u0131f\u0131 derz dolgu harc\u0131d\u0131r.","og_url":"https:\/\/dolphinfix.com.tr\/eticaret\/urun\/fgn-1300-derz-dolgu-harci\/","og_site_name":"Dolphinfix","article_modified_time":"2026-03-13T05:33:34+00:00","og_image":[{"width":1000,"height":1000,"url":"https:\/\/dolphinfix.com.tr\/eticaret\/wp-content\/uploads\/2024\/10\/1300.png","type":"image\/png"}],"twitter_card":"summary_large_image","twitter_misc":{"Tahmini okuma s\u00fcresi":"3 dakika"},"schema":{"@context":"https:\/\/schema.org","@graph":[{"@type":"WebPage","@id":"https:\/\/dolphinfix.com.tr\/eticaret\/urun\/fgn-1300-derz-dolgu-harci\/","url":"https:\/\/dolphinfix.com.tr\/eticaret\/urun\/fgn-1300-derz-dolgu-harci\/","name":"FGN 1300 \u00c7imento Esasl\u0131 Y\u00fcksek Performansl\u0131 Derz Dolgu Harc\u0131 (CG1)","isPartOf":{"@id":"https:\/\/dolphinfix.com.tr\/eticaret\/#website"},"datePublished":"2024-10-19T14:28:44+00:00","dateModified":"2026-03-13T05:33:34+00:00","description":"FGN 1300, i\u00e7 ve d\u0131\u015f mekanlarda 0\u20136 mm derz aral\u0131klar\u0131 i\u00e7in geli\u015ftirilmi\u015f, \u00e7atlamayan yap\u0131s\u0131 ve p\u00fcr\u00fczs\u00fcz y\u00fczey sa\u011flayan, y\u00fcksek yap\u0131\u015fma performans\u0131na sahip \u00e7imento esasl\u0131 CG1 s\u0131n\u0131f\u0131 derz dolgu harc\u0131d\u0131r.","breadcrumb":{"@id":"https:\/\/dolphinfix.com.tr\/eticaret\/urun\/fgn-1300-derz-dolgu-harci\/#breadcrumb"},"inLanguage":"tr","potentialAction":[{"@type":"ReadAction","target":["https:\/\/dolphinfix.com.tr\/eticaret\/urun\/fgn-1300-derz-dolgu-harci\/"]}]},{"@type":"BreadcrumbList","@id":"https:\/\/dolphinfix.com.tr\/eticaret\/urun\/fgn-1300-derz-dolgu-harci\/#breadcrumb","itemListElement":[{"@type":"ListItem","position":1,"name":"Home","item":"https:\/\/dolphinfix.com.tr\/eticaret\/"},{"@type":"ListItem","position":2,"name":"Market","item":"https:\/\/dolphinfix.com.tr\/eticaret\/market\/"},{"@type":"ListItem","position":3,"name":"FUGA N 1300 FGN &#8211; DERZ DOLGU HARCI"}]},{"@type":"WebSite","@id":"https:\/\/dolphinfix.com.tr\/eticaret\/#website","url":"https:\/\/dolphinfix.com.tr\/eticaret\/","name":"Dolphinfix","description":"","potentialAction":[{"@type":"SearchAction","target":{"@type":"EntryPoint","urlTemplate":"https:\/\/dolphinfix.com.tr\/eticaret\/?s={search_term_string}"},"query-input":"required name=search_term_string"}],"inLanguage":"tr"}]}},"_links":{"self":[{"href":"https:\/\/dolphinfix.com.tr\/eticaret\/wp-json\/wp\/v2\/product\/15952","targetHints":{"allow":["GET"]}}],"collection":[{"href":"https:\/\/dolphinfix.com.tr\/eticaret\/wp-json\/wp\/v2\/product"}],"about":[{"href":"https:\/\/dolphinfix.com.tr\/eticaret\/wp-json\/wp\/v2\/types\/product"}],"replies":[{"embeddable":true,"href":"https:\/\/dolphinfix.com.tr\/eticaret\/wp-json\/wp\/v2\/comments?post=15952"}],"version-history":[{"count":9,"href":"https:\/\/dolphinfix.com.tr\/eticaret\/wp-json\/wp\/v2\/product\/15952\/revisions"}],"predecessor-version":[{"id":19969,"href":"https:\/\/dolphinfix.com.tr\/eticaret\/wp-json\/wp\/v2\/product\/15952\/revisions\/19969"}],"wp:featuredmedia":[{"embeddable":true,"href":"https:\/\/dolphinfix.com.tr\/eticaret\/wp-json\/wp\/v2\/media\/16280"}],"wp:attachment":[{"href":"https:\/\/dolphinfix.com.tr\/eticaret\/wp-json\/wp\/v2\/media?parent=15952"}],"wp:term":[{"taxonomy":"product_cat","embeddable":true,"href":"https:\/\/dolphinfix.com.tr\/eticaret\/wp-json\/wp\/v2\/product_cat?post=15952"},{"taxonomy":"product_tag","embeddable":true,"href":"https:\/\/dolphinfix.com.tr\/eticaret\/wp-json\/wp\/v2\/product_tag?post=15952"}],"curies":[{"name":"wp","href":"https:\/\/api.w.org\/{rel}","templated":true}]}}