{"id":15992,"date":"2024-10-19T17:59:43","date_gmt":"2024-10-19T14:59:43","guid":{"rendered":"https:\/\/dolphinfix.com.tr\/eticaret?post_type=product&#038;p=15992"},"modified":"2026-03-12T09:47:10","modified_gmt":"2026-03-12T06:47:10","slug":"thm-1105-son-kat-saten-siva-ve-yuzey-duzeltme-macunu","status":"publish","type":"product","link":"https:\/\/dolphinfix.com.tr\/eticaret\/urun\/thm-1105-son-kat-saten-siva-ve-yuzey-duzeltme-macunu\/","title":{"rendered":"D TH 1105 THM &#8211; DOLGU VE D\u00dcZELTME MACUNU"},"content":{"rendered":"<h3><span style=\"color: #c61016;\">\u00dcR\u00dcN B\u0130LG\u0130LER\u0130 ;<\/span><\/h3>\n<p data-pm-slice=\"1 1 []\"><span style=\"color: #000000;\"><strong>TANIMI:<\/strong> THM 1105, \u00c7imento esasl\u0131 \u00f6zel polimer ve mikronize agregalarla desteklenmi\u015f kullan\u0131m\u0131 \u00e7ok kolay son kat saten s\u0131va ve d\u00fczeltme macunudur.<\/span><\/p>\n<p><strong><span style=\"color: #000000;\">\u00a0KULLANIM ALANLARI<\/span><\/strong><br \/>\n<span style=\"color: #000000;\">\u2022Dekoratif s\u0131va \u00f6ncesi p\u00fcr\u00fczs\u00fcz y\u00fczey elde etmek i\u00e7in,<\/span><br \/>\n<span style=\"color: #000000;\">\u2022Kaba s\u0131va uygulamas\u0131ndan sonra son kat saten s\u0131va olarak,<\/span><br \/>\n<span style=\"color: #000000;\">\u2022Prekast ve br\u00fct beton y\u00fczey d\u00fczeltmelerinde,<\/span><br \/>\n<span style=\"color: #000000;\">\u2022Her t\u00fcrl\u00fc end\u00fcstriyel betonarme yap\u0131larda,<\/span><\/p>\n<p><strong><span style=\"color: #000000;\">\u00dcR\u00dcN \u00d6ZELL\u0130KLER\u0130<\/span><\/strong><br \/>\n<span style=\"color: #000000;\">\u2022Y\u00fcksek yap\u0131\u015fma \u00f6zellikli.<\/span><br \/>\n<span style=\"color: #000000;\">\u2022B\u00fcz\u00fc\u015fme yapmaz.<\/span><br \/>\n<span style=\"color: #000000;\">\u2022P\u00fcr\u00fczs\u00fcz, d\u00fczg\u00fcn y\u00fczeyler elde etmekte,<\/span><br \/>\n<span style=\"color: #000000;\">\u2022Suya kar\u015f\u0131 y\u00fcksek diren\u00e7.<\/span><br \/>\n<span style=\"color: #000000;\">\u2022\u0130\u00e7eride ve d\u0131\u015far\u0131da uygulanabilir.<\/span><br \/>\n<span style=\"color: #000000;\">\u2022Hava \u015fartlar\u0131na ve dona dayan\u0131kl\u0131d\u0131r.<\/span><\/p>\n<p><strong><span style=\"color: #000000;\">TEKN\u0130K \u00d6ZELL\u0130KLER<\/span><\/strong><br \/>\n<span style=\"color: #000000;\">Malzemenin Yap\u0131s\u0131: \u00d6zel \u00e7imentolar, sentetik katk\u0131lar ve mineral dolgular i\u00e7erir.<\/span><br \/>\n<span style=\"color: #000000;\">Renk: Beyaz<\/span><br \/>\n<span style=\"color: #000000;\">Bas\u0131n\u00e7 Dayan\u0131m\u0131 (TS EN 12190): \u226510 N\/mm\u00b2 (28 g\u00fcn)<\/span><br \/>\n<span style=\"color: #000000;\">E\u011filme Dayan\u0131m\u0131 (28 g\u00fcn) (TS EN 196): \u22654 N\/mm\u00b2 (28 g\u00fcn)<\/span><br \/>\n<span style=\"color: #000000;\">Yap\u0131\u015fma (\u00c7ekme) Dayan\u0131m\u0131 (TS EN 1542) (Betona 28 g\u00fcn): \u22650,8 N\/mm\u00b2<\/span><br \/>\n<span style=\"color: #000000;\">Kapiler Su Absorbsiyonu (TS EN 13057): \u22640,5 kg.m\u00af\u00b2.h\u00af\u2070\u2219\u2075<\/span><br \/>\n<span style=\"color: #000000;\">Uygulama Kal\u0131nl\u0131\u011f\u0131: Azami 1,5 mm<\/span><br \/>\n<span style=\"color: #000000;\">Uygulanacak Zeminin S\u0131cakl\u0131\u011f\u0131: +5\u00b0C +30\u00b0C<\/span><br \/>\n<span style=\"color: #000000;\">Servis S\u0131cakl\u0131\u011f\u0131: -20\u00b0C +40\u00b0C<\/span><br \/>\n<span style=\"color: #000000;\">Kullanma S\u00fcresi (+20\u00b0C): 30 dak.<\/span><br \/>\n<span style=\"color: #000000;\">\u00dczerinde Y\u00fcr\u00fcnebilme S\u00fcresi (+20\u00b0C): 24 saat<\/span><br \/>\n<span style=\"color: #000000;\">Tam K\u00fcrlenme S\u00fcresi (+20\u00b0C): 28 g\u00fcn<\/span><br \/>\n<span style=\"color: #000000;\">Tipik de\u011ferler: +23\u00b0C\u2019de %50 ba\u011f\u0131l nem ko\u015fullar\u0131nda 4x4x16 cm har\u00e7 prizmas\u0131nda yap\u0131lan deneyler sonucunda elde edilmi\u015ftir. Y\u00fcksek s\u0131cakl\u0131klar s\u00fcreleri<\/span><br \/>\n<span style=\"color: #000000;\">k\u0131salt\u0131r, d\u00fc\u015f\u00fck s\u0131cakl\u0131klar uzat\u0131r.<\/span><\/p>\n<p><strong><span style=\"color: #000000;\">UYGULAMA Y\u00d6NTEM\u0130<\/span><\/strong><br \/>\n<span style=\"color: #000000;\">Y\u00fczey Haz\u0131rl\u0131\u011f\u0131: Yap\u0131lar\u0131n tamir edilecek veya s\u0131va yap\u0131lacak \u00e7imento esasl\u0131 y\u00fczeylerinin sa\u011flam, ta\u015f\u0131y\u0131c\u0131, tozsuz ve temiz olmas\u0131na dikkat edilmelidir. Y\u00fczey, aderans\u0131 zay\u0131flatacak her t\u00fcrl\u00fc ya\u011f,pas, gres ve parafin kal\u0131nt\u0131lar\u0131ndan iyice temizlenmelidir. K\u0131r\u0131larak olu\u015fturulan y\u00fczeyin kenarlar\u0131<\/span><br \/>\n<span style=\"color: #000000;\">m\u00fcmk\u00fcn oldu\u011funca dik kesilmeli, donat\u0131daki pas temizlenmeli, gerekiyorsa yeni donat\u0131 eklenmelidir. Y\u00fczeyde su ak\u0131nt\u0131s\u0131 varsa drene edilmeli veya uygun bir<\/span><br \/>\n<span style=\"color: #000000;\">t\u0131ka\u00e7 ile kapat\u0131lmal\u0131d\u0131r. Uygulama y\u00fczeyi suya doyurulmal\u0131 fakat y\u00fczeyde serbest su kalmamal\u0131d\u0131r. Kar\u0131\u015ft\u0131rma Uygun su miktar\u0131, bir \u00f6l\u00e7ek yard\u0131m\u0131yla temiz kar\u0131\u015ft\u0131rma kovas\u0131na bo\u015falt\u0131l\u0131r. THM 1105, yava\u015f yava\u015f ilave edilerek 400-600 devirli bir kar\u0131\u015ft\u0131r\u0131c\u0131 ile homojen ve topaks\u0131z bir kar\u0131\u015f\u0131m elde edilinceye kadar 4 dakika kar\u0131\u015ft\u0131r\u0131l\u0131r. Yakla\u015f\u0131k 4 dakika dinlendirilip tekrar 30 saniye kar\u0131\u015ft\u0131r\u0131ld\u0131ktan sonra malzeme kullan\u0131ma haz\u0131r hale gelir.<\/span><\/p>\n<p><strong><span style=\"color: #000000;\">KARI\u015eTIRMA ORANLARI<\/span><\/strong><br \/>\n<span style=\"color: #000000;\">THM 1105\u00a0 \u00a0 \u00a0 \u00a0 \u00a0 \u00a0 \u00a0 \u00a0 \u00a0 \u00a0 \u00a0 \u00a0 \u00a0 \u00a0 \u00a0 \u00a0 \u00a0 \u00a0 \u00a0 MACUN KIVAMI \u0130\u00c7\u0130N\u00a0 \u00a0 \u00a0 \u00a0 \u00a0 \u00a0 SIVA \u0130\u00c7\u0130N<\/span><br \/>\n<span style=\"color: #000000;\">KARI\u015eIM SUYU M\u0130KTARI\u00a0 \u00a0 \u00a0 \u00a01 KG \u0130\u00c7\u0130N 0,14 lt \u2013 0,16 lt\u00a0 \u00a0 \u00a0 \u00a00,20 lt \u2013 0,22 lt<\/span><br \/>\n<span style=\"color: #000000;\">KARI\u015eIM YO\u011eUNLU\u011eU\u00a0 \u00a0 \u00a0 \u00a0 \u00a0 \u00a01,50 kg\/lt<\/span><\/p>\n<p><strong><span style=\"color: #000000;\">UYGULAMA<\/span><\/strong><br \/>\n<span style=\"color: #000000;\">Haz\u0131rlanan har\u00e7 y\u00fczeye, kal\u0131nl\u0131\u011f\u0131 azami 1,5 mm olacak \u015fekilde mala ile uygulan\u0131r. Mevcut yap\u0131s\u0131ndan dolay\u0131 yormadan \u00e7al\u0131\u015fma imkan\u0131 sa\u011flar. Atmosfere a\u00e7\u0131k geni\u015f<\/span><br \/>\n<span style=\"color: #000000;\">y\u00fczeyler, \u00f6zellikle s\u0131cak, kuru veya r\u00fczg\u00e2rl\u0131 ortamlar, 24-48 saat s\u00fcreyle \u0131slak \u00e7uval, su ya da \u00f6zel k\u00fcr maddeleri ile h\u0131zl\u0131 buharla\u015fmaya kar\u015f\u0131 korunmal\u0131d\u0131r.<\/span><\/p>\n<p><strong><span style=\"color: #000000;\">AMBALAJ<\/span><\/strong><br \/>\n<span style=\"color: #000000;\">20 kg\u2019l\u0131k polietilen takviyeli kraft torba.<\/span><\/p>\n<p><strong><span style=\"color: #000000;\">SARF\u0130YAT<\/span><\/strong><br \/>\n<span style=\"color: #000000;\">1 mm kal\u0131nl\u0131k i\u00e7in 1,5 kg\/m2 toz \u00fcr\u00fcn<\/span><\/p>\n<p><strong><span style=\"color: #000000;\">RAF \u00d6MR\u00dc<\/span><\/strong><br \/>\n<span style=\"color: #000000;\">Uygun depolama ko\u015fullar\u0131nda \u00fcretim tarihinden itibaren 12 ayd\u0131r. A\u00e7\u0131lm\u0131\u015f ambalajlar uygun depolama ko\u015fullar\u0131nda saklanarak bir hafta i\u00e7inde kullan\u0131lmal\u0131d\u0131r.<\/span><\/p>\n<p>&nbsp;<\/p>\n","protected":false},"excerpt":{"rendered":"<p><span style=\"color: #000000;\"><a style=\"color: #000000;\" href=\"https:\/\/dolphinfix.com.tr\/eticaret\/wp-content\/uploads\/2025\/04\/DOLGU-VE-DUZELTME-MACUNU-D-TH-1105-THM-TDS.pdf\" target=\"_blank\" rel=\"noopener\">TDS Belgesini \u0130ndirmek \u0130\u00e7in T\u0131klay\u0131n\u0131z<br \/>\n<\/a><\/span><span style=\"color: #000000;\"><a style=\"color: #000000;\" href=\"https:\/\/dolphinfix.com.tr\/eticaret\/wp-content\/uploads\/2025\/03\/AKER-KIMYA-1504-3-FUK-UYGUNLUK-BELGESI-REV06-TR.pdf\" target=\"_blank\" rel=\"noopener\">CE Belgesini \u0130ndirmek \u0130\u00e7in T\u0131klay\u0131n\u0131z<\/a><\/span><\/p>\n","protected":false},"featured_media":16303,"comment_status":"open","ping_status":"closed","template":"","meta":{"_joinchat":[]},"product_cat":[119,85],"product_tag":[604,608,607,600,603,601,610,606,605,611,609,612,613,602,614],"class_list":{"0":"post-15992","1":"product","2":"type-product","3":"status-publish","4":"has-post-thumbnail","6":"product_cat-tamir-harci","7":"product_cat-yapi-kimyasallari","8":"product_tag-beton-tamir-macunu","9":"product_tag-catlak-kapatma-macunu","10":"product_tag-dis-cephe-duzeltme-macunu","11":"product_tag-dolgu-macunu","12":"product_tag-duvar-tamir-macunu","13":"product_tag-duzeltme-macunu","14":"product_tag-hizli-kuruyan-macun","15":"product_tag-ic-cephe-duzeltme-macunu","16":"product_tag-ince-dolgu-macunu","17":"product_tag-kaliteli-dolgu-macunu","18":"product_tag-kolay-uygulanabilir-macun","19":"product_tag-profesyonel-tamir-macunu","20":"product_tag-uzun-omurlu-macun","21":"product_tag-yuzey-duzeltme-macunu","22":"product_tag-yuzey-onarim-macunu","24":"first","25":"instock","26":"taxable","27":"shipping-taxable","28":"purchasable","29":"product-type-variable"},"yoast_head":"<!-- This site is optimized with the Yoast SEO Premium plugin v20.2.1 (Yoast SEO v20.2.1) - https:\/\/yoast.com\/wordpress\/plugins\/seo\/ -->\n<title>THM 1105 Son Kat Saten S\u0131va | P\u00fcr\u00fczs\u00fcz Y\u00fczey Macunu<\/title>\n<meta name=\"description\" content=\"THM 1105 \u00e7imento esasl\u0131 son kat saten s\u0131vad\u0131r. Beton ve s\u0131va y\u00fczeylerde p\u00fcr\u00fczs\u00fcz sonu\u00e7, y\u00fcksek yap\u0131\u015fma ve suya dayan\u0131m sa\u011flar. \u0130\u00e7 ve d\u0131\u015f cephe kullan\u0131m\u0131na uygundur.\" \/>\n<meta name=\"robots\" content=\"index, follow, max-snippet:-1, max-image-preview:large, max-video-preview:-1\" \/>\n<link rel=\"canonical\" href=\"https:\/\/dolphinfix.com.tr\/eticaret\/urun\/thm-1105-son-kat-saten-siva-ve-yuzey-duzeltme-macunu\/\" \/>\n<meta property=\"og:locale\" content=\"tr_TR\" \/>\n<meta property=\"og:type\" content=\"article\" \/>\n<meta property=\"og:title\" content=\"D TH 1105 THM - DOLGU VE D\u00dcZELTME MACUNU\" \/>\n<meta property=\"og:description\" content=\"THM 1105 \u00e7imento esasl\u0131 son kat saten s\u0131vad\u0131r. Beton ve s\u0131va y\u00fczeylerde p\u00fcr\u00fczs\u00fcz sonu\u00e7, y\u00fcksek yap\u0131\u015fma ve suya dayan\u0131m sa\u011flar. \u0130\u00e7 ve d\u0131\u015f cephe kullan\u0131m\u0131na uygundur.\" \/>\n<meta property=\"og:url\" content=\"https:\/\/dolphinfix.com.tr\/eticaret\/urun\/thm-1105-son-kat-saten-siva-ve-yuzey-duzeltme-macunu\/\" \/>\n<meta property=\"og:site_name\" content=\"Dolphinfix\" \/>\n<meta property=\"article:modified_time\" content=\"2026-03-12T06:47:10+00:00\" \/>\n<meta property=\"og:image\" content=\"https:\/\/dolphinfix.com.tr\/eticaret\/wp-content\/uploads\/2024\/10\/1105.png\" \/>\n\t<meta property=\"og:image:width\" content=\"1000\" \/>\n\t<meta property=\"og:image:height\" content=\"1000\" \/>\n\t<meta property=\"og:image:type\" content=\"image\/png\" \/>\n<meta name=\"twitter:card\" content=\"summary_large_image\" \/>\n<meta name=\"twitter:label1\" content=\"Tahmini okuma s\u00fcresi\" \/>\n\t<meta name=\"twitter:data1\" content=\"3 dakika\" \/>\n<script type=\"application\/ld+json\" class=\"yoast-schema-graph\">{\"@context\":\"https:\/\/schema.org\",\"@graph\":[{\"@type\":\"WebPage\",\"@id\":\"https:\/\/dolphinfix.com.tr\/eticaret\/urun\/thm-1105-son-kat-saten-siva-ve-yuzey-duzeltme-macunu\/\",\"url\":\"https:\/\/dolphinfix.com.tr\/eticaret\/urun\/thm-1105-son-kat-saten-siva-ve-yuzey-duzeltme-macunu\/\",\"name\":\"THM 1105 Son Kat Saten S\u0131va | P\u00fcr\u00fczs\u00fcz Y\u00fczey Macunu\",\"isPartOf\":{\"@id\":\"https:\/\/dolphinfix.com.tr\/eticaret\/#website\"},\"datePublished\":\"2024-10-19T14:59:43+00:00\",\"dateModified\":\"2026-03-12T06:47:10+00:00\",\"description\":\"THM 1105 \u00e7imento esasl\u0131 son kat saten s\u0131vad\u0131r. Beton ve s\u0131va y\u00fczeylerde p\u00fcr\u00fczs\u00fcz sonu\u00e7, y\u00fcksek yap\u0131\u015fma ve suya dayan\u0131m sa\u011flar. \u0130\u00e7 ve d\u0131\u015f cephe kullan\u0131m\u0131na uygundur.\",\"breadcrumb\":{\"@id\":\"https:\/\/dolphinfix.com.tr\/eticaret\/urun\/thm-1105-son-kat-saten-siva-ve-yuzey-duzeltme-macunu\/#breadcrumb\"},\"inLanguage\":\"tr\",\"potentialAction\":[{\"@type\":\"ReadAction\",\"target\":[\"https:\/\/dolphinfix.com.tr\/eticaret\/urun\/thm-1105-son-kat-saten-siva-ve-yuzey-duzeltme-macunu\/\"]}]},{\"@type\":\"BreadcrumbList\",\"@id\":\"https:\/\/dolphinfix.com.tr\/eticaret\/urun\/thm-1105-son-kat-saten-siva-ve-yuzey-duzeltme-macunu\/#breadcrumb\",\"itemListElement\":[{\"@type\":\"ListItem\",\"position\":1,\"name\":\"Home\",\"item\":\"https:\/\/dolphinfix.com.tr\/eticaret\/\"},{\"@type\":\"ListItem\",\"position\":2,\"name\":\"Market\",\"item\":\"https:\/\/dolphinfix.com.tr\/eticaret\/market\/\"},{\"@type\":\"ListItem\",\"position\":3,\"name\":\"D TH 1105 THM &#8211; DOLGU VE D\u00dcZELTME MACUNU\"}]},{\"@type\":\"WebSite\",\"@id\":\"https:\/\/dolphinfix.com.tr\/eticaret\/#website\",\"url\":\"https:\/\/dolphinfix.com.tr\/eticaret\/\",\"name\":\"Dolphinfix\",\"description\":\"\",\"potentialAction\":[{\"@type\":\"SearchAction\",\"target\":{\"@type\":\"EntryPoint\",\"urlTemplate\":\"https:\/\/dolphinfix.com.tr\/eticaret\/?s={search_term_string}\"},\"query-input\":\"required name=search_term_string\"}],\"inLanguage\":\"tr\"}]}<\/script>\n<!-- \/ Yoast SEO Premium plugin. -->","yoast_head_json":{"title":"THM 1105 Son Kat Saten S\u0131va | P\u00fcr\u00fczs\u00fcz Y\u00fczey Macunu","description":"THM 1105 \u00e7imento esasl\u0131 son kat saten s\u0131vad\u0131r. Beton ve s\u0131va y\u00fczeylerde p\u00fcr\u00fczs\u00fcz sonu\u00e7, y\u00fcksek yap\u0131\u015fma ve suya dayan\u0131m sa\u011flar. \u0130\u00e7 ve d\u0131\u015f cephe kullan\u0131m\u0131na uygundur.","robots":{"index":"index","follow":"follow","max-snippet":"max-snippet:-1","max-image-preview":"max-image-preview:large","max-video-preview":"max-video-preview:-1"},"canonical":"https:\/\/dolphinfix.com.tr\/eticaret\/urun\/thm-1105-son-kat-saten-siva-ve-yuzey-duzeltme-macunu\/","og_locale":"tr_TR","og_type":"article","og_title":"D TH 1105 THM - DOLGU VE D\u00dcZELTME MACUNU","og_description":"THM 1105 \u00e7imento esasl\u0131 son kat saten s\u0131vad\u0131r. Beton ve s\u0131va y\u00fczeylerde p\u00fcr\u00fczs\u00fcz sonu\u00e7, y\u00fcksek yap\u0131\u015fma ve suya dayan\u0131m sa\u011flar. \u0130\u00e7 ve d\u0131\u015f cephe kullan\u0131m\u0131na uygundur.","og_url":"https:\/\/dolphinfix.com.tr\/eticaret\/urun\/thm-1105-son-kat-saten-siva-ve-yuzey-duzeltme-macunu\/","og_site_name":"Dolphinfix","article_modified_time":"2026-03-12T06:47:10+00:00","og_image":[{"width":1000,"height":1000,"url":"https:\/\/dolphinfix.com.tr\/eticaret\/wp-content\/uploads\/2024\/10\/1105.png","type":"image\/png"}],"twitter_card":"summary_large_image","twitter_misc":{"Tahmini okuma s\u00fcresi":"3 dakika"},"schema":{"@context":"https:\/\/schema.org","@graph":[{"@type":"WebPage","@id":"https:\/\/dolphinfix.com.tr\/eticaret\/urun\/thm-1105-son-kat-saten-siva-ve-yuzey-duzeltme-macunu\/","url":"https:\/\/dolphinfix.com.tr\/eticaret\/urun\/thm-1105-son-kat-saten-siva-ve-yuzey-duzeltme-macunu\/","name":"THM 1105 Son Kat Saten S\u0131va | P\u00fcr\u00fczs\u00fcz Y\u00fczey Macunu","isPartOf":{"@id":"https:\/\/dolphinfix.com.tr\/eticaret\/#website"},"datePublished":"2024-10-19T14:59:43+00:00","dateModified":"2026-03-12T06:47:10+00:00","description":"THM 1105 \u00e7imento esasl\u0131 son kat saten s\u0131vad\u0131r. Beton ve s\u0131va y\u00fczeylerde p\u00fcr\u00fczs\u00fcz sonu\u00e7, y\u00fcksek yap\u0131\u015fma ve suya dayan\u0131m sa\u011flar. \u0130\u00e7 ve d\u0131\u015f cephe kullan\u0131m\u0131na uygundur.","breadcrumb":{"@id":"https:\/\/dolphinfix.com.tr\/eticaret\/urun\/thm-1105-son-kat-saten-siva-ve-yuzey-duzeltme-macunu\/#breadcrumb"},"inLanguage":"tr","potentialAction":[{"@type":"ReadAction","target":["https:\/\/dolphinfix.com.tr\/eticaret\/urun\/thm-1105-son-kat-saten-siva-ve-yuzey-duzeltme-macunu\/"]}]},{"@type":"BreadcrumbList","@id":"https:\/\/dolphinfix.com.tr\/eticaret\/urun\/thm-1105-son-kat-saten-siva-ve-yuzey-duzeltme-macunu\/#breadcrumb","itemListElement":[{"@type":"ListItem","position":1,"name":"Home","item":"https:\/\/dolphinfix.com.tr\/eticaret\/"},{"@type":"ListItem","position":2,"name":"Market","item":"https:\/\/dolphinfix.com.tr\/eticaret\/market\/"},{"@type":"ListItem","position":3,"name":"D TH 1105 THM &#8211; DOLGU VE D\u00dcZELTME MACUNU"}]},{"@type":"WebSite","@id":"https:\/\/dolphinfix.com.tr\/eticaret\/#website","url":"https:\/\/dolphinfix.com.tr\/eticaret\/","name":"Dolphinfix","description":"","potentialAction":[{"@type":"SearchAction","target":{"@type":"EntryPoint","urlTemplate":"https:\/\/dolphinfix.com.tr\/eticaret\/?s={search_term_string}"},"query-input":"required name=search_term_string"}],"inLanguage":"tr"}]}},"_links":{"self":[{"href":"https:\/\/dolphinfix.com.tr\/eticaret\/wp-json\/wp\/v2\/product\/15992","targetHints":{"allow":["GET"]}}],"collection":[{"href":"https:\/\/dolphinfix.com.tr\/eticaret\/wp-json\/wp\/v2\/product"}],"about":[{"href":"https:\/\/dolphinfix.com.tr\/eticaret\/wp-json\/wp\/v2\/types\/product"}],"replies":[{"embeddable":true,"href":"https:\/\/dolphinfix.com.tr\/eticaret\/wp-json\/wp\/v2\/comments?post=15992"}],"version-history":[{"count":5,"href":"https:\/\/dolphinfix.com.tr\/eticaret\/wp-json\/wp\/v2\/product\/15992\/revisions"}],"predecessor-version":[{"id":18874,"href":"https:\/\/dolphinfix.com.tr\/eticaret\/wp-json\/wp\/v2\/product\/15992\/revisions\/18874"}],"wp:featuredmedia":[{"embeddable":true,"href":"https:\/\/dolphinfix.com.tr\/eticaret\/wp-json\/wp\/v2\/media\/16303"}],"wp:attachment":[{"href":"https:\/\/dolphinfix.com.tr\/eticaret\/wp-json\/wp\/v2\/media?parent=15992"}],"wp:term":[{"taxonomy":"product_cat","embeddable":true,"href":"https:\/\/dolphinfix.com.tr\/eticaret\/wp-json\/wp\/v2\/product_cat?post=15992"},{"taxonomy":"product_tag","embeddable":true,"href":"https:\/\/dolphinfix.com.tr\/eticaret\/wp-json\/wp\/v2\/product_tag?post=15992"}],"curies":[{"name":"wp","href":"https:\/\/api.w.org\/{rel}","templated":true}]}}