{"id":15996,"date":"2024-10-19T18:01:52","date_gmt":"2024-10-19T15:01:52","guid":{"rendered":"https:\/\/dolphinfix.com.tr\/eticaret?post_type=product&#038;p=15996"},"modified":"2026-03-12T09:47:10","modified_gmt":"2026-03-12T06:47:10","slug":"d-th-g-1106-genlesebilen-dolgu-harci-yuksek-performansli-beton-bosluk-doldurma-harci","status":"publish","type":"product","link":"https:\/\/dolphinfix.com.tr\/eticaret\/urun\/d-th-g-1106-genlesebilen-dolgu-harci-yuksek-performansli-beton-bosluk-doldurma-harci\/","title":{"rendered":"D TH G 1106 &#8211; GENLE\u015eEB\u0130LEN \u00d6ZEL DOLGU HARCI"},"content":{"rendered":"<h3><span style=\"color: #c61016;\">\u00dcR\u00dcN B\u0130LG\u0130LER\u0130 ;<\/span><\/h3>\n<p data-pm-slice=\"0 0 []\"><span style=\"color: #000000;\">TANIMI: D- TH G 1106, \u00e7imento esasl\u0131, y\u00fcksek performansl\u0131, genle\u015febilen \u00f6zel dolgu harc\u0131.<\/span><\/p>\n<p><span style=\"color: #000000;\">\u00a0KULLANIM ALANLARI<\/span><br \/>\n<span style=\"color: #000000;\">\u2022Erken mukavemet ve y\u00fcksek su direnci nedeni ile su yal\u0131t\u0131m\u0131ndan \u00f6nce mevcut y\u00fczeyde ki her t\u00fcrl\u00fc bo\u015fluklar\u0131n doldurulmas\u0131nda,<\/span><br \/>\n<span style=\"color: #000000;\">\u2022Genle\u015fme \u00f6zelli\u011finden dolay\u0131 \u00e7iroz ve kal\u0131p tutturma bo\u015fluklar\u0131n\u0131n doldurulmas\u0131nda,<\/span><br \/>\n<span style=\"color: #000000;\">\u2022Br\u00fct betondan al\u0131nan karot numune bo\u015fluklar\u0131n\u0131n kapat\u0131lmas\u0131nda<\/span><br \/>\n<span style=\"color: #000000;\">\u2022Tierod deliklerinde,<\/span><\/p>\n<p><span style=\"color: #000000;\">\u00a0\u00dcR\u00dcN \u00d6ZELL\u0130KLER\u0130<\/span><br \/>\n<span style=\"color: #000000;\">\u2022Plastik k\u0131vam\u0131 nedeni ile d\u00fc\u015feyde ve yataydaki bo\u015fluk ve deliklerde kolayca kal\u0131r,<\/span><br \/>\n<span style=\"color: #000000;\">\u2022B\u00fcz\u00fc\u015fme ve \u00e7atlama yapmaz,<\/span><br \/>\n<span style=\"color: #000000;\">\u2022Aderans\u0131 y\u00fcksek oldu\u011fu i\u00e7in m\u00fckemmel yap\u0131\u015f\u0131r,<\/span><br \/>\n<span style=\"color: #000000;\">\u2022\u00c7abuk sertle\u015fir,<\/span><br \/>\n<span style=\"color: #000000;\">\u2022Su ge\u00e7irimsizlik sa\u011flar.<\/span><br \/>\n<span style=\"color: #000000;\">\u2022Sertle\u015ftikten sonra her t\u00fcrl\u00fc iklim \u015fartlar\u0131na dayan\u0131kl\u0131d\u0131r.<\/span><\/p>\n<p><span style=\"color: #000000;\">\u00a0TEKN\u0130K \u00d6ZELL\u0130KLER<\/span><br \/>\n<span style=\"color: #000000;\">Malzemenin Yap\u0131s\u0131: \u00d6zel \u00e7imentolar, elyaf, polimer ve mineral dolgular i\u00e7erir.<\/span><br \/>\n<span style=\"color: #000000;\">Renk: Gri<\/span><br \/>\n<span style=\"color: #000000;\">Bas\u0131n\u00e7 Dayan\u0131m\u0131 (TS EN 12190)<\/span><br \/>\n<span style=\"color: #000000;\">1. G\u00fcn 15 N\/mm\u00b2<\/span><br \/>\n<span style=\"color: #000000;\">7. G\u00fcn 40 N\/mm\u00b2<\/span><br \/>\n<span style=\"color: #000000;\">28. G\u00fcn 50 N\/mm\u00b2<\/span><br \/>\n<span style=\"color: #000000;\">Yap\u0131\u015fma (\u00c7ekme) Dayan\u0131m\u0131 (TS EN 1542) (Betona 28 g\u00fcn): \u22652 N\/mm\u00b2<\/span><br \/>\n<span style=\"color: #000000;\">Klor iyon i\u00e7eri: \u2264 % 0,05<\/span><br \/>\n<span style=\"color: #000000;\">Kapiler Su Absorbsiyonu (TS EN 13057): &lt;0,5 kg.m\u00af\u00b2.h\u00af\u2070\u2219\u2075<\/span><br \/>\n<span style=\"color: #000000;\">Uygulama Kal\u0131nl\u0131\u011f\u0131: Max 5 mm<\/span><br \/>\n<span style=\"color: #000000;\">Uygulanacak Zeminin S\u0131cakl\u0131\u011f\u0131: +5\u00b0C +30\u00b0C<\/span><br \/>\n<span style=\"color: #000000;\">Servis S\u0131cakl\u0131\u011f\u0131: -20\u00b0C +40\u00b0C<\/span><br \/>\n<span style=\"color: #000000;\">Kullanma S\u00fcresi (+20\u00b0C): 30 dak.<\/span><br \/>\n<span style=\"color: #000000;\">\u00dczerinde Y\u00fcr\u00fcnebilme S\u00fcresi (+20\u00b0C): 24 saat<\/span><br \/>\n<span style=\"color: #000000;\">Tam K\u00fcrlenme S\u00fcresi (+20\u00b0C): 28 g\u00fcn<\/span><br \/>\n<span style=\"color: #000000;\">Tipik de\u011ferler: +23\u00b0C\u2019de %50 ba\u011f\u0131l nem ko\u015fullar\u0131nda 4x4x16 cm har\u00e7 prizmas\u0131nda yap\u0131lan deneyler sonucunda elde edilmi\u015ftir. Y\u00fcksek s\u0131cakl\u0131klar s\u00fcreleri<\/span><br \/>\n<span style=\"color: #000000;\">k\u0131salt\u0131r, d\u00fc\u015f\u00fck s\u0131cakl\u0131klar uzat\u0131r.<\/span><\/p>\n<p><span style=\"color: #000000;\">UYGULAMA Y\u00d6NTEM\u0130<\/span><br \/>\n<span style=\"color: #000000;\">Y\u00fczey Haz\u0131rl\u0131\u011f\u0131: Yap\u0131lar\u0131n tamir edilecek \u00e7imento esasl\u0131 y\u00fczeylerinin sa\u011flam, ta\u015f\u0131y\u0131c\u0131, tozsuz ve temiz olmas\u0131na dikkat edilmelidir. Y\u00fczey, aderans\u0131 zay\u0131flatacak her t\u00fcrl\u00fc ya\u011f, pas, gres ve parafin kal\u0131nt\u0131lar\u0131ndan iyice temizlenmelidir. K\u0131r\u0131larak olu\u015fturulan y\u00fczeyin kenarlar\u0131 m\u00fcmk\u00fcn oldu\u011funca dik kesilmeli, donat\u0131daki pas temizlenmeli, gerekiyorsa yeni donat\u0131 eklenmelidir. Y\u00fczeyde su ak\u0131nt\u0131s\u0131 varsa drene edilmeli veya uygun bir t\u0131ka\u00e7 ile kapat\u0131lmal\u0131d\u0131r. Uygulama y\u00fczeyi suya doyurulmal\u0131 fakat y\u00fczeyde serbest su kalmamal\u0131d\u0131r. Kar\u0131\u015ft\u0131rma Uygun su miktar\u0131, bir \u00f6l\u00e7ek yard\u0131m\u0131yla temiz kar\u0131\u015ft\u0131rma kovas\u0131na bo\u015falt\u0131l\u0131r. D- TH G 1106, yava\u015f yava\u015f ilave edilerek 400-600 devirli bir kar\u0131\u015ft\u0131r\u0131c\u0131 ile homojen ve topaks\u0131z bir kar\u0131\u015f\u0131m elde edilinceye kadar 4 dakika kar\u0131\u015ft\u0131r\u0131l\u0131r. Yakla\u015f\u0131k 4 dakika dinlendirilip tekrar 30 saniye kar\u0131\u015ft\u0131r\u0131ld\u0131ktan sonra malzeme kullan\u0131ma haz\u0131r hale gelir.<\/span><\/p>\n<p><span style=\"color: #000000;\">KARI\u015eTIRMA ORANLARI<\/span><br \/>\n<span style=\"color: #000000;\">D- TH G 1106 1 KG TOZ \u0130\u00c7\u0130N 25 KG TORBA \u0130\u00c7\u0130N<\/span><br \/>\n<span style=\"color: #000000;\">KARI\u015eIM SUYU M\u0130KTARI 0,13 lt \u2013 0,15 lt 3,25 lt \u2013 3,80 lt<\/span><br \/>\n<span style=\"color: #000000;\">KARI\u015eIM YO\u011eUNLU\u011eU 1,90 kg\/lt<\/span><\/p>\n<p><span style=\"color: #000000;\">UYGULAMA<\/span><br \/>\n<span style=\"color: #000000;\">Haz\u0131rlanan har\u00e7 y\u00fczeye, kal\u0131nl\u0131\u011f\u0131 tek katta 5 mm ile 40 mm aras\u0131nda olacak \u015fekilde mala ile veya p\u00fcsk\u00fcrt\u00fclerek uygulan\u0131r. Daha kal\u0131n uygulamalarda ise ilk kat kuruduktan sonra ikinci kat ayn\u0131 \u015fekilde y\u00fczeye uygulan\u0131r. D\u00fczg\u00fcn y\u00fczey biti\u015finin istendi\u011fi durumlarda, harc\u0131n suyunu \u00e7ekmesi beklenir ve s\u0131vac\u0131 f\u0131r\u00e7as\u0131 ile suyunu \u00e7ekmi\u015f harc\u0131n \u00fczerine su serpilerek, \u00e7elik veya ah\u015fap mala ile y\u00fczey tamamlan\u0131r. Atmosfere a\u00e7\u0131k geni\u015f y\u00fczeyler, \u00f6zellikle s\u0131cak, kuru veya r\u00fczg\u00e2rl\u0131 ortamlar, 24-48 saat s\u00fcreyle \u0131slak \u00e7uval, su ya da \u00f6zel k\u00fcr maddeleri ile h\u0131zl\u0131 buharla\u015fmaya kar\u015f\u0131 korunmal\u0131d\u0131r.<\/span><\/p>\n<p><span style=\"color: #000000;\">AMBALAJ<\/span><br \/>\n<span style=\"color: #000000;\">25 kg.\u2019l\u0131k kraft torba.<\/span><\/p>\n<p><span style=\"color: #000000;\">SARF\u0130YAT<\/span><br \/>\n<span style=\"color: #000000;\">1 mm kal\u0131nl\u0131k i\u00e7in 1,75 kg\/m\u00b2 toz \u00fcr\u00fcn<\/span><\/p>\n","protected":false},"excerpt":{"rendered":"<p><span style=\"color: #000000;\"><a style=\"color: #000000;\" href=\"https:\/\/dolphinfix.com.tr\/eticaret\/wp-content\/uploads\/2025\/04\/GENLESEBILEN-OZEL-DOLGU-HARCI-D-TH-G-1106-TDS.pdf\" target=\"_blank\" rel=\"noopener\">TDS Belgesini \u0130ndirmek \u0130\u00e7in T\u0131klay\u0131n\u0131z<br \/>\n<\/a><\/span><span style=\"color: #000000;\"><a style=\"color: #000000;\" href=\"https:\/\/dolphinfix.com.tr\/eticaret\/wp-content\/uploads\/2025\/03\/AKER-KIMYA-1504-3-FUK-UYGUNLUK-BELGESI-REV06-TR.pdf\" target=\"_blank\" rel=\"noopener\">CE Belgesini \u0130ndirmek \u0130\u00e7in T\u0131klay\u0131n\u0131z<\/a><\/span><\/p>\n","protected":false},"featured_media":16872,"comment_status":"open","ping_status":"closed","template":"","meta":{"_joinchat":[]},"product_cat":[119,85],"product_tag":[617,619,627,622,621,615,623,628,624,616,625,629,626,618,620],"class_list":{"0":"post-15996","1":"product","2":"type-product","3":"status-publish","4":"has-post-thumbnail","6":"product_cat-tamir-harci","7":"product_cat-yapi-kimyasallari","8":"product_tag-beton-dolgu-harci","9":"product_tag-bosluk-doldurma-harci","10":"product_tag-catlak-doldurma-harci","11":"product_tag-dis-cephe-dolgu-harci","12":"product_tag-endustriyel-dolgu-harci","13":"product_tag-genlesebilen-dolgu-harci","14":"product_tag-ic-cephe-dolgu-harci","15":"product_tag-kaliteli-dolgu-harci","16":"product_tag-kolay-uygulanabilir-dolgu-harci","17":"product_tag-ozel-dolgu-harci","18":"product_tag-profesyonel-dolgu-harci","19":"product_tag-tamir-ve-dolgu-harci","20":"product_tag-uzun-omurlu-dolgu-harci","21":"product_tag-yapisal-dolgu-harci","22":"product_tag-yuksek-dayanimli-dolgu-harci","24":"first","25":"instock","26":"taxable","27":"shipping-taxable","28":"purchasable","29":"product-type-variable"},"yoast_head":"<!-- This site is optimized with the Yoast SEO Premium plugin v20.2.1 (Yoast SEO v20.2.1) - https:\/\/yoast.com\/wordpress\/plugins\/seo\/ -->\n<title>D-TH G 1106 Genle\u015febilen Dolgu Harc\u0131 | Beton Tamir<\/title>\n<meta name=\"description\" content=\"D-TH G 1106 genle\u015febilen \u00e7imento esasl\u0131 dolgu harc\u0131d\u0131r. Beton bo\u015fluk, karot ve tierod deliklerinde y\u00fcksek yap\u0131\u015fma, h\u0131zl\u0131 mukavemet ve su ge\u00e7irimsizlik sa\u011flar.\" \/>\n<meta name=\"robots\" content=\"index, follow, max-snippet:-1, max-image-preview:large, max-video-preview:-1\" \/>\n<link rel=\"canonical\" href=\"https:\/\/dolphinfix.com.tr\/eticaret\/urun\/d-th-g-1106-genlesebilen-dolgu-harci-yuksek-performansli-beton-bosluk-doldurma-harci\/\" \/>\n<meta property=\"og:locale\" content=\"tr_TR\" \/>\n<meta property=\"og:type\" content=\"article\" \/>\n<meta property=\"og:title\" content=\"D TH G 1106 - GENLE\u015eEB\u0130LEN \u00d6ZEL DOLGU HARCI\" \/>\n<meta property=\"og:description\" content=\"D-TH G 1106 genle\u015febilen \u00e7imento esasl\u0131 dolgu harc\u0131d\u0131r. Beton bo\u015fluk, karot ve tierod deliklerinde y\u00fcksek yap\u0131\u015fma, h\u0131zl\u0131 mukavemet ve su ge\u00e7irimsizlik sa\u011flar.\" \/>\n<meta property=\"og:url\" content=\"https:\/\/dolphinfix.com.tr\/eticaret\/urun\/d-th-g-1106-genlesebilen-dolgu-harci-yuksek-performansli-beton-bosluk-doldurma-harci\/\" \/>\n<meta property=\"og:site_name\" content=\"Dolphinfix\" \/>\n<meta property=\"article:modified_time\" content=\"2026-03-12T06:47:10+00:00\" \/>\n<meta property=\"og:image\" content=\"https:\/\/dolphinfix.com.tr\/eticaret\/wp-content\/uploads\/2024\/10\/1106-TGH-copy-1.png\" \/>\n\t<meta property=\"og:image:width\" content=\"1000\" \/>\n\t<meta property=\"og:image:height\" content=\"1000\" \/>\n\t<meta property=\"og:image:type\" content=\"image\/png\" \/>\n<meta name=\"twitter:card\" content=\"summary_large_image\" \/>\n<meta name=\"twitter:label1\" content=\"Tahmini okuma s\u00fcresi\" \/>\n\t<meta name=\"twitter:data1\" content=\"3 dakika\" \/>\n<script type=\"application\/ld+json\" class=\"yoast-schema-graph\">{\"@context\":\"https:\/\/schema.org\",\"@graph\":[{\"@type\":\"WebPage\",\"@id\":\"https:\/\/dolphinfix.com.tr\/eticaret\/urun\/d-th-g-1106-genlesebilen-dolgu-harci-yuksek-performansli-beton-bosluk-doldurma-harci\/\",\"url\":\"https:\/\/dolphinfix.com.tr\/eticaret\/urun\/d-th-g-1106-genlesebilen-dolgu-harci-yuksek-performansli-beton-bosluk-doldurma-harci\/\",\"name\":\"D-TH G 1106 Genle\u015febilen Dolgu Harc\u0131 | Beton Tamir\",\"isPartOf\":{\"@id\":\"https:\/\/dolphinfix.com.tr\/eticaret\/#website\"},\"datePublished\":\"2024-10-19T15:01:52+00:00\",\"dateModified\":\"2026-03-12T06:47:10+00:00\",\"description\":\"D-TH G 1106 genle\u015febilen \u00e7imento esasl\u0131 dolgu harc\u0131d\u0131r. Beton bo\u015fluk, karot ve tierod deliklerinde y\u00fcksek yap\u0131\u015fma, h\u0131zl\u0131 mukavemet ve su ge\u00e7irimsizlik sa\u011flar.\",\"breadcrumb\":{\"@id\":\"https:\/\/dolphinfix.com.tr\/eticaret\/urun\/d-th-g-1106-genlesebilen-dolgu-harci-yuksek-performansli-beton-bosluk-doldurma-harci\/#breadcrumb\"},\"inLanguage\":\"tr\",\"potentialAction\":[{\"@type\":\"ReadAction\",\"target\":[\"https:\/\/dolphinfix.com.tr\/eticaret\/urun\/d-th-g-1106-genlesebilen-dolgu-harci-yuksek-performansli-beton-bosluk-doldurma-harci\/\"]}]},{\"@type\":\"BreadcrumbList\",\"@id\":\"https:\/\/dolphinfix.com.tr\/eticaret\/urun\/d-th-g-1106-genlesebilen-dolgu-harci-yuksek-performansli-beton-bosluk-doldurma-harci\/#breadcrumb\",\"itemListElement\":[{\"@type\":\"ListItem\",\"position\":1,\"name\":\"Home\",\"item\":\"https:\/\/dolphinfix.com.tr\/eticaret\/\"},{\"@type\":\"ListItem\",\"position\":2,\"name\":\"Market\",\"item\":\"https:\/\/dolphinfix.com.tr\/eticaret\/market\/\"},{\"@type\":\"ListItem\",\"position\":3,\"name\":\"D TH G 1106 &#8211; GENLE\u015eEB\u0130LEN \u00d6ZEL DOLGU HARCI\"}]},{\"@type\":\"WebSite\",\"@id\":\"https:\/\/dolphinfix.com.tr\/eticaret\/#website\",\"url\":\"https:\/\/dolphinfix.com.tr\/eticaret\/\",\"name\":\"Dolphinfix\",\"description\":\"\",\"potentialAction\":[{\"@type\":\"SearchAction\",\"target\":{\"@type\":\"EntryPoint\",\"urlTemplate\":\"https:\/\/dolphinfix.com.tr\/eticaret\/?s={search_term_string}\"},\"query-input\":\"required name=search_term_string\"}],\"inLanguage\":\"tr\"}]}<\/script>\n<!-- \/ Yoast SEO Premium plugin. -->","yoast_head_json":{"title":"D-TH G 1106 Genle\u015febilen Dolgu Harc\u0131 | Beton Tamir","description":"D-TH G 1106 genle\u015febilen \u00e7imento esasl\u0131 dolgu harc\u0131d\u0131r. Beton bo\u015fluk, karot ve tierod deliklerinde y\u00fcksek yap\u0131\u015fma, h\u0131zl\u0131 mukavemet ve su ge\u00e7irimsizlik sa\u011flar.","robots":{"index":"index","follow":"follow","max-snippet":"max-snippet:-1","max-image-preview":"max-image-preview:large","max-video-preview":"max-video-preview:-1"},"canonical":"https:\/\/dolphinfix.com.tr\/eticaret\/urun\/d-th-g-1106-genlesebilen-dolgu-harci-yuksek-performansli-beton-bosluk-doldurma-harci\/","og_locale":"tr_TR","og_type":"article","og_title":"D TH G 1106 - GENLE\u015eEB\u0130LEN \u00d6ZEL DOLGU HARCI","og_description":"D-TH G 1106 genle\u015febilen \u00e7imento esasl\u0131 dolgu harc\u0131d\u0131r. Beton bo\u015fluk, karot ve tierod deliklerinde y\u00fcksek yap\u0131\u015fma, h\u0131zl\u0131 mukavemet ve su ge\u00e7irimsizlik sa\u011flar.","og_url":"https:\/\/dolphinfix.com.tr\/eticaret\/urun\/d-th-g-1106-genlesebilen-dolgu-harci-yuksek-performansli-beton-bosluk-doldurma-harci\/","og_site_name":"Dolphinfix","article_modified_time":"2026-03-12T06:47:10+00:00","og_image":[{"width":1000,"height":1000,"url":"https:\/\/dolphinfix.com.tr\/eticaret\/wp-content\/uploads\/2024\/10\/1106-TGH-copy-1.png","type":"image\/png"}],"twitter_card":"summary_large_image","twitter_misc":{"Tahmini okuma s\u00fcresi":"3 dakika"},"schema":{"@context":"https:\/\/schema.org","@graph":[{"@type":"WebPage","@id":"https:\/\/dolphinfix.com.tr\/eticaret\/urun\/d-th-g-1106-genlesebilen-dolgu-harci-yuksek-performansli-beton-bosluk-doldurma-harci\/","url":"https:\/\/dolphinfix.com.tr\/eticaret\/urun\/d-th-g-1106-genlesebilen-dolgu-harci-yuksek-performansli-beton-bosluk-doldurma-harci\/","name":"D-TH G 1106 Genle\u015febilen Dolgu Harc\u0131 | Beton Tamir","isPartOf":{"@id":"https:\/\/dolphinfix.com.tr\/eticaret\/#website"},"datePublished":"2024-10-19T15:01:52+00:00","dateModified":"2026-03-12T06:47:10+00:00","description":"D-TH G 1106 genle\u015febilen \u00e7imento esasl\u0131 dolgu harc\u0131d\u0131r. Beton bo\u015fluk, karot ve tierod deliklerinde y\u00fcksek yap\u0131\u015fma, h\u0131zl\u0131 mukavemet ve su ge\u00e7irimsizlik sa\u011flar.","breadcrumb":{"@id":"https:\/\/dolphinfix.com.tr\/eticaret\/urun\/d-th-g-1106-genlesebilen-dolgu-harci-yuksek-performansli-beton-bosluk-doldurma-harci\/#breadcrumb"},"inLanguage":"tr","potentialAction":[{"@type":"ReadAction","target":["https:\/\/dolphinfix.com.tr\/eticaret\/urun\/d-th-g-1106-genlesebilen-dolgu-harci-yuksek-performansli-beton-bosluk-doldurma-harci\/"]}]},{"@type":"BreadcrumbList","@id":"https:\/\/dolphinfix.com.tr\/eticaret\/urun\/d-th-g-1106-genlesebilen-dolgu-harci-yuksek-performansli-beton-bosluk-doldurma-harci\/#breadcrumb","itemListElement":[{"@type":"ListItem","position":1,"name":"Home","item":"https:\/\/dolphinfix.com.tr\/eticaret\/"},{"@type":"ListItem","position":2,"name":"Market","item":"https:\/\/dolphinfix.com.tr\/eticaret\/market\/"},{"@type":"ListItem","position":3,"name":"D TH G 1106 &#8211; GENLE\u015eEB\u0130LEN \u00d6ZEL DOLGU HARCI"}]},{"@type":"WebSite","@id":"https:\/\/dolphinfix.com.tr\/eticaret\/#website","url":"https:\/\/dolphinfix.com.tr\/eticaret\/","name":"Dolphinfix","description":"","potentialAction":[{"@type":"SearchAction","target":{"@type":"EntryPoint","urlTemplate":"https:\/\/dolphinfix.com.tr\/eticaret\/?s={search_term_string}"},"query-input":"required name=search_term_string"}],"inLanguage":"tr"}]}},"_links":{"self":[{"href":"https:\/\/dolphinfix.com.tr\/eticaret\/wp-json\/wp\/v2\/product\/15996","targetHints":{"allow":["GET"]}}],"collection":[{"href":"https:\/\/dolphinfix.com.tr\/eticaret\/wp-json\/wp\/v2\/product"}],"about":[{"href":"https:\/\/dolphinfix.com.tr\/eticaret\/wp-json\/wp\/v2\/types\/product"}],"replies":[{"embeddable":true,"href":"https:\/\/dolphinfix.com.tr\/eticaret\/wp-json\/wp\/v2\/comments?post=15996"}],"version-history":[{"count":6,"href":"https:\/\/dolphinfix.com.tr\/eticaret\/wp-json\/wp\/v2\/product\/15996\/revisions"}],"predecessor-version":[{"id":18878,"href":"https:\/\/dolphinfix.com.tr\/eticaret\/wp-json\/wp\/v2\/product\/15996\/revisions\/18878"}],"wp:featuredmedia":[{"embeddable":true,"href":"https:\/\/dolphinfix.com.tr\/eticaret\/wp-json\/wp\/v2\/media\/16872"}],"wp:attachment":[{"href":"https:\/\/dolphinfix.com.tr\/eticaret\/wp-json\/wp\/v2\/media?parent=15996"}],"wp:term":[{"taxonomy":"product_cat","embeddable":true,"href":"https:\/\/dolphinfix.com.tr\/eticaret\/wp-json\/wp\/v2\/product_cat?post=15996"},{"taxonomy":"product_tag","embeddable":true,"href":"https:\/\/dolphinfix.com.tr\/eticaret\/wp-json\/wp\/v2\/product_tag?post=15996"}],"curies":[{"name":"wp","href":"https:\/\/api.w.org\/{rel}","templated":true}]}}