{"id":16000,"date":"2024-10-19T18:04:09","date_gmt":"2024-10-19T15:04:09","guid":{"rendered":"https:\/\/dolphinfix.com.tr\/eticaret?post_type=product&#038;p=16000"},"modified":"2026-03-25T04:27:13","modified_gmt":"2026-03-25T01:27:13","slug":"th-h-1107-hidrofobik-su-yalitim-ve-yuzey-tamir-harci","status":"publish","type":"product","link":"https:\/\/dolphinfix.com.tr\/eticaret\/urun\/th-h-1107-hidrofobik-su-yalitim-ve-yuzey-tamir-harci\/","title":{"rendered":"D TH HTH 1107 &#8211; H\u0130DROFOB\u0130K TAM\u0130R HARCI"},"content":{"rendered":"<h3><span style=\"color: #c61016;\">\u00dcR\u00dcN B\u0130LG\u0130LER\u0130 ;<\/span><\/h3>\n<p data-pm-slice=\"0 0 []\"><span style=\"color: #000000;\"><strong>TANIMI:<\/strong> HTH 1107, \u00c7imento esasl\u0131 \u00f6zel polimerlerle modifiye edilmi\u015f, suya kar\u015f\u0131 y\u00fcksek diren\u00e7li hidrofobik su yal\u0131t\u0131m harc\u0131d\u0131r.<\/span><\/p>\n<p><span style=\"color: #000000;\">\u00a0<strong>KULLANIM ALANLARI<\/strong><\/span><br \/>\n<span style=\"color: #000000;\">\u2022T\u00fcm yap\u0131lar\u0131n i\u00e7 ve d\u0131\u015f mek\u00e2nlar\u0131nda,<\/span><br \/>\n<span style=\"color: #000000;\">\u2022Br\u00fct beton ve \u00e7imento bazl\u0131 s\u0131valarda,<\/span><br \/>\n<span style=\"color: #000000;\">\u2022Negatif ve pozitif su yal\u0131t\u0131mlar\u0131ndan \u00f6nce y\u00fczey tamirat\u0131 ve d\u00fczg\u00fcn y\u00fczey elde etmek i\u00e7in,<\/span><br \/>\n<span style=\"color: #000000;\">\u2022Kenar ve k\u00f6\u015felerin tamiratlar\u0131nda,<\/span><br \/>\n<span style=\"color: #000000;\">\u2022Pah uygulamalar\u0131nda,<\/span><\/p>\n<p><span style=\"color: #000000;\"><strong>\u00dcR\u00dcN \u00d6ZELL\u0130KLER\u0130 VE AVANTAJLARI<\/strong><\/span><br \/>\n<span style=\"color: #000000;\">\u2022Y\u00fcksek yap\u0131\u015fma \u00f6zellikli.<\/span><br \/>\n<span style=\"color: #000000;\">\u2022B\u00fcz\u00fc\u015fme yapmaz.<\/span><br \/>\n<span style=\"color: #000000;\">\u2022P\u00fcr\u00fczs\u00fcz, d\u00fczg\u00fcn y\u00fczeyler elde etmekte,<\/span><br \/>\n<span style=\"color: #000000;\">\u2022Suya kar\u015f\u0131 y\u00fcksek diren\u00e7.<\/span><br \/>\n<span style=\"color: #000000;\">\u2022\u0130\u00e7eride ve d\u0131\u015far\u0131da uygulanabilir.<\/span><br \/>\n<span style=\"color: #000000;\">\u2022Hava \u015fartlar\u0131na ve dona dayan\u0131kl\u0131d\u0131r.<\/span><br \/>\n<span style=\"color: #000000;\">\u2022Su buhar\u0131 ge\u00e7irgenli\u011fine sahiptir.<\/span><br \/>\n<span style=\"color: #000000;\">\u2022Esnektir.<\/span><\/p>\n<p><span style=\"color: #000000;\"><strong>TEKN\u0130K \u00d6ZELL\u0130KLER<\/strong><\/span><br \/>\n<span style=\"color: #000000;\">Malzemenin Yap\u0131s\u0131: \u00d6zel \u00e7imentolar, sentetik katk\u0131lar ve mineral dolgular i\u00e7erir.<\/span><br \/>\n<span style=\"color: #000000;\">Renk: Beyaz<\/span><br \/>\n<span style=\"color: #000000;\">Bas\u0131n\u00e7 Dayan\u0131m\u0131 (TS EN 12190): \u226525 N\/mm\u00b2 (28 g\u00fcn)<\/span><br \/>\n<span style=\"color: #000000;\">E\u011filme Dayan\u0131m\u0131 (28 g\u00fcn) (TS EN 196): \u22653,5 N\/mm\u00b2 (28 g\u00fcn)<\/span><br \/>\n<span style=\"color: #000000;\">Yap\u0131\u015fma (\u00c7ekme) Dayan\u0131m\u0131 (TS EN 1542) (Betona 28 g\u00fcn): \u22651,5 N\/mm\u00b2<\/span><br \/>\n<span style=\"color: #000000;\">Kapiler SuAbsorbsiyonu (TS EN 13057): \u22640,5 kg.m\u00af\u00b2.h\u00af\u2070\u2219\u2075<\/span><br \/>\n<span style=\"color: #000000;\">Uygulama Kal\u0131nl\u0131\u011f\u0131: Azami 5 mm<\/span><br \/>\n<span style=\"color: #000000;\">Uygulanacak Zeminin S\u0131cakl\u0131\u011f\u0131: +5\u00b0C +30\u00b0C<\/span><br \/>\n<span style=\"color: #000000;\">Servis S\u0131cakl\u0131\u011f\u0131: -20\u00b0C +40\u00b0C<\/span><br \/>\n<span style=\"color: #000000;\">Kullanma S\u00fcresi (+20\u00b0C): 30 dak.<\/span><br \/>\n<span style=\"color: #000000;\">\u00dczerinde Y\u00fcr\u00fcnebilme S\u00fcresi (+20\u00b0C): 24 saat<\/span><br \/>\n<span style=\"color: #000000;\">Tam K\u00fcrlenme S\u00fcresi (+20\u00b0C): 28 g\u00fcn<\/span><br \/>\n<span style=\"color: #000000;\">Tipik de\u011ferler: +23\u00b0C\u2019de %50 ba\u011f\u0131l nem ko\u015fullar\u0131nda 4x4x16 cm har\u00e7 prizmas\u0131nda yap\u0131lan deneyler sonucunda elde edilmi\u015ftir. Y\u00fcksek s\u0131cakl\u0131klar s\u00fcreleri<\/span><br \/>\n<span style=\"color: #000000;\">k\u0131salt\u0131r, d\u00fc\u015f\u00fck s\u0131cakl\u0131klar uzat\u0131r.<\/span><\/p>\n<p><span style=\"color: #000000;\"><strong>UYGULAMA Y\u00d6NTEM\u0130<\/strong><\/span><br \/>\n<span style=\"color: #000000;\"><strong>Y\u00fczey Haz\u0131rl\u0131\u011f\u0131:<\/strong> Yap\u0131lar\u0131n tamir edilecek veya s\u0131va yap\u0131lacak \u00e7imento esasl\u0131 y\u00fczeylerinin sa\u011flam, ta\u015f\u0131y\u0131c\u0131, tozsuz ve temiz olmas\u0131na dikkat edilmelidir.<\/span><br \/>\n<span style=\"color: #000000;\">Y\u00fczey, aderans\u0131 zay\u0131flatacak her t\u00fcrl\u00fc ya\u011f, pas, gres ve parafin kal\u0131nt\u0131lar\u0131ndan iyice temizlenmelidir. K\u0131r\u0131larak olu\u015fturulan y\u00fczeyin kenarlar\u0131 m\u00fcmk\u00fcn oldu\u011funca dik kesilmeli, donat\u0131daki pas temizlenmeli, gerekiyorsa yeni donat\u0131 eklenmelidir. Y\u00fczeyde su ak\u0131nt\u0131s\u0131 varsa drene edilmeli veya uygun bir<\/span><br \/>\n<span style=\"color: #000000;\">t\u0131ka\u00e7 ile kapat\u0131lmal\u0131d\u0131r. Uygulama y\u00fczeyi suya doyurulmal\u0131 fakat y\u00fczeyde serbest su kalmamal\u0131d\u0131r. Kar\u0131\u015ft\u0131rma Uygun su miktar\u0131, bir \u00f6l\u00e7ek yard\u0131m\u0131yla temiz kar\u0131\u015ft\u0131rma kovas\u0131na bo\u015falt\u0131l\u0131r. TH H 1107, yava\u015f yava\u015f ilave edilerek 400-600 devirli bir kar\u0131\u015ft\u0131r\u0131c\u0131 ile homojen ve topaks\u0131z bir kar\u0131\u015f\u0131m elde edilinceye kadar 4 dakika kar\u0131\u015ft\u0131r\u0131l\u0131r. Yakla\u015f\u0131k 4 dakika dinlendirilip tekrar 30 saniye kar\u0131\u015ft\u0131r\u0131ld\u0131ktan sonra malzeme kullan\u0131ma haz\u0131r hale gelir.<\/span><\/p>\n<p><span style=\"color: #000000;\"><strong>KARI\u015eTIRMA ORANLARI<\/strong><\/span><br \/>\n<span style=\"color: #000000;\">HTH\u00a0 1107\u00a0 \u00a0 \u00a0 \u00a0 \u00a0 \u00a0 \u00a0 \u00a0 \u00a0 \u00a0 \u00a0 \u00a0 \u00a0 \u00a0 \u00a0 \u00a0 \u00a0 \u00a0 \u00a0 1 KG \u0130\u00c7\u0130N\u00a0 \u00a0 \u00a0 \u00a0 \u00a0 \u00a0 \u00a0 \u00a0 \u00a0 \u00a0 25 KG TORBA \u0130\u00c7\u0130N<\/span><br \/>\n<span style=\"color: #000000;\">KARI\u015eIM SUYU M\u0130KTARI\u00a0 \u00a0 \u00a0 0,20 lt \u2013 0,24 lt\u00a0 \u00a0 \u00a0 \u00a0 \u00a0 \u00a0 \u00a0 \u00a0 \u00a05,0 lt \u2013 6,00 lt<\/span><br \/>\n<span style=\"color: #000000;\">KARI\u015eIM YO\u011eUNLU\u011eU\u00a0 \u00a01,70 kg\/lt<\/span><\/p>\n<p><span style=\"color: #000000;\"><strong>UYGULAMA<\/strong><\/span><br \/>\n<span style=\"color: #000000;\">Haz\u0131rlanan har\u00e7 y\u00fczeye, kal\u0131nl\u0131\u011f\u0131 tek katta azami 5 mm olacak \u015fekilde mala uygulan\u0131r. Daha kal\u0131n uygulamalarda ise ilk kat kuruduktan sonra ikinci kat ayn\u0131 \u015fekilde y\u00fczeye uygulan\u0131r. D\u00fczg\u00fcn y\u00fczey biti\u015finin istendi\u011fi durumlarda, harc\u0131n suyunu \u00e7ekmesi beklenir ve s\u0131vac\u0131 f\u0131r\u00e7as\u0131 ile suyunu \u00e7ekmi\u015f harc\u0131n \u00fczerine su serpilerek, \u00e7elik veya ah\u015fap mala ile y\u00fczey tamamlan\u0131r. Atmosfere a\u00e7\u0131k geni\u015f y\u00fczeyler, \u00f6zellikle s\u0131cak, kuru veya r\u00fczg\u00e2rl\u0131 ortamlar, 24-48 saat<\/span><br \/>\n<span style=\"color: #000000;\">s\u00fcreyle \u0131slak \u00e7uval, su ya da \u00f6zel k\u00fcr maddeleri ile h\u0131zl\u0131<\/span><br \/>\n<span style=\"color: #000000;\">buharla\u015fmaya kar\u015f\u0131 korunmal\u0131d\u0131r.<\/span><\/p>\n<p><span style=\"color: #000000;\"><strong>AMBALAJ<\/strong><\/span><br \/>\n<span style=\"color: #000000;\">25 kg\u2019l\u0131k kraft torba.<\/span><\/p>\n<p><span style=\"color: #000000;\"><strong>SARF\u0130YAT<\/strong><\/span><br \/>\n<span style=\"color: #000000;\">1 mm kal\u0131nl\u0131k i\u00e7in 1,5 kg\/m2 toz \u00fcr\u00fcn<\/span><\/p>\n<p><span style=\"color: #000000;\"><strong>RAF \u00d6MR\u00dc<\/strong><\/span><br \/>\n<span style=\"color: #000000;\">Uygun depolama ko\u015fullar\u0131nda \u00fcretim tarihinden itibaren<\/span><br \/>\n<span style=\"color: #000000;\">12 ayd\u0131r. A\u00e7\u0131lm\u0131\u015f ambalajlar uygun depolama ko\u015fullar\u0131nda<\/span><br \/>\n<span style=\"color: #000000;\">saklanarak bir hafta i\u00e7inde kullan\u0131lmal\u0131d\u0131r.<\/span><\/p>\n","protected":false},"excerpt":{"rendered":"<p><span style=\"color: #000000;\"><a style=\"color: #000000;\" href=\"https:\/\/dolphinfix.com.tr\/eticaret\/wp-content\/uploads\/2026\/03\/HIDROFOBIK-TAMIR-HARCI-D-TH-HTH-1107-TDS.pdf\" target=\"_blank\" rel=\"noopener\">TDS Belgesini \u0130ndirmek \u0130\u00e7in T\u0131klay\u0131n\u0131z<br \/>\n<\/a><\/span><span style=\"color: #000000;\"><a style=\"color: #000000;\" href=\"https:\/\/dolphinfix.com.tr\/eticaret\/wp-content\/uploads\/2025\/03\/AKER-KIMYA-1504-3-FUK-UYGUNLUK-BELGESI-REV06-TR.pdf\" target=\"_blank\" rel=\"noopener\">CE Belgesini \u0130ndirmek \u0130\u00e7in T\u0131klay\u0131n\u0131z<\/a><\/span><\/p>\n","protected":false},"featured_media":16305,"comment_status":"open","ping_status":"closed","template":"","meta":{"_joinchat":[]},"product_cat":[145,92,119,85,144],"product_tag":[550,569,633,552,630,553,551,560,559,634,631,632,561,578,580],"class_list":{"0":"post-16000","1":"product","2":"type-product","3":"status-publish","4":"has-post-thumbnail","6":"product_cat-peyzaj-su-yalitim","7":"product_cat-peyzaj-yesil-cati","8":"product_cat-tamir-harci","9":"product_cat-yapi-kimyasallari","10":"product_cat-yesil-cati-urunleri","11":"product_tag-beton-tamir-harci","12":"product_tag-catlak-kapatma-harci","13":"product_tag-dayanikli-tamir-harci","14":"product_tag-dis-cephe-tamir-harci","15":"product_tag-hidrofobik-tamir-harci","16":"product_tag-hizli-kuruyan-tamir-harci","17":"product_tag-ic-cephe-tamir-harci","18":"product_tag-kaliteli-tamir-harci","19":"product_tag-profesyonel-tamir-harci","20":"product_tag-su-gecirmez-yuzey-harci","21":"product_tag-su-itici-tamir-harci","22":"product_tag-suya-dayanikli-tamir-harci","23":"product_tag-uzun-omurlu-tamir-harci","24":"product_tag-yuksek-dayanimli-tamir-harci","25":"product_tag-yuzey-onarim-harci","27":"first","28":"instock","29":"taxable","30":"shipping-taxable","31":"purchasable","32":"product-type-variable"},"yoast_head":"<!-- This site is optimized with the Yoast SEO Premium plugin v20.2.1 (Yoast SEO v20.2.1) - https:\/\/yoast.com\/wordpress\/plugins\/seo\/ -->\n<title>TH H 1107 Hidrofobik Su Yal\u0131t\u0131m Harc\u0131 | Y\u00fcksek Diren\u00e7<\/title>\n<meta name=\"description\" content=\"TH H 1107 \u00e7imento esasl\u0131 hidrofobik su yal\u0131t\u0131m harc\u0131d\u0131r. Beton y\u00fczeylerde y\u00fcksek su direnci, esneklik ve g\u00fc\u00e7l\u00fc yap\u0131\u015fma sa\u011flar. \u0130\u00e7 ve d\u0131\u015f cephe kullan\u0131m\u0131na uygundur.\" \/>\n<meta name=\"robots\" content=\"index, follow, max-snippet:-1, max-image-preview:large, max-video-preview:-1\" \/>\n<link rel=\"canonical\" href=\"https:\/\/dolphinfix.com.tr\/eticaret\/urun\/th-h-1107-hidrofobik-su-yalitim-ve-yuzey-tamir-harci\/\" \/>\n<meta property=\"og:locale\" content=\"tr_TR\" \/>\n<meta property=\"og:type\" content=\"article\" \/>\n<meta property=\"og:title\" content=\"D TH HTH 1107 - H\u0130DROFOB\u0130K TAM\u0130R HARCI\" \/>\n<meta property=\"og:description\" content=\"TH H 1107 \u00e7imento esasl\u0131 hidrofobik su yal\u0131t\u0131m harc\u0131d\u0131r. Beton y\u00fczeylerde y\u00fcksek su direnci, esneklik ve g\u00fc\u00e7l\u00fc yap\u0131\u015fma sa\u011flar. \u0130\u00e7 ve d\u0131\u015f cephe kullan\u0131m\u0131na uygundur.\" \/>\n<meta property=\"og:url\" content=\"https:\/\/dolphinfix.com.tr\/eticaret\/urun\/th-h-1107-hidrofobik-su-yalitim-ve-yuzey-tamir-harci\/\" \/>\n<meta property=\"og:site_name\" content=\"Dolphinfix\" \/>\n<meta property=\"article:modified_time\" content=\"2026-03-25T01:27:13+00:00\" \/>\n<meta property=\"og:image\" content=\"https:\/\/dolphinfix.com.tr\/eticaret\/wp-content\/uploads\/2024\/10\/1107.png\" \/>\n\t<meta property=\"og:image:width\" content=\"1000\" \/>\n\t<meta property=\"og:image:height\" content=\"1000\" \/>\n\t<meta property=\"og:image:type\" content=\"image\/png\" \/>\n<meta name=\"twitter:card\" content=\"summary_large_image\" \/>\n<meta name=\"twitter:label1\" content=\"Tahmini okuma s\u00fcresi\" \/>\n\t<meta name=\"twitter:data1\" content=\"3 dakika\" \/>\n<script type=\"application\/ld+json\" class=\"yoast-schema-graph\">{\"@context\":\"https:\/\/schema.org\",\"@graph\":[{\"@type\":\"WebPage\",\"@id\":\"https:\/\/dolphinfix.com.tr\/eticaret\/urun\/th-h-1107-hidrofobik-su-yalitim-ve-yuzey-tamir-harci\/\",\"url\":\"https:\/\/dolphinfix.com.tr\/eticaret\/urun\/th-h-1107-hidrofobik-su-yalitim-ve-yuzey-tamir-harci\/\",\"name\":\"TH H 1107 Hidrofobik Su Yal\u0131t\u0131m Harc\u0131 | Y\u00fcksek Diren\u00e7\",\"isPartOf\":{\"@id\":\"https:\/\/dolphinfix.com.tr\/eticaret\/#website\"},\"datePublished\":\"2024-10-19T15:04:09+00:00\",\"dateModified\":\"2026-03-25T01:27:13+00:00\",\"description\":\"TH H 1107 \u00e7imento esasl\u0131 hidrofobik su yal\u0131t\u0131m harc\u0131d\u0131r. Beton y\u00fczeylerde y\u00fcksek su direnci, esneklik ve g\u00fc\u00e7l\u00fc yap\u0131\u015fma sa\u011flar. \u0130\u00e7 ve d\u0131\u015f cephe kullan\u0131m\u0131na uygundur.\",\"breadcrumb\":{\"@id\":\"https:\/\/dolphinfix.com.tr\/eticaret\/urun\/th-h-1107-hidrofobik-su-yalitim-ve-yuzey-tamir-harci\/#breadcrumb\"},\"inLanguage\":\"tr\",\"potentialAction\":[{\"@type\":\"ReadAction\",\"target\":[\"https:\/\/dolphinfix.com.tr\/eticaret\/urun\/th-h-1107-hidrofobik-su-yalitim-ve-yuzey-tamir-harci\/\"]}]},{\"@type\":\"BreadcrumbList\",\"@id\":\"https:\/\/dolphinfix.com.tr\/eticaret\/urun\/th-h-1107-hidrofobik-su-yalitim-ve-yuzey-tamir-harci\/#breadcrumb\",\"itemListElement\":[{\"@type\":\"ListItem\",\"position\":1,\"name\":\"Home\",\"item\":\"https:\/\/dolphinfix.com.tr\/eticaret\/\"},{\"@type\":\"ListItem\",\"position\":2,\"name\":\"Market\",\"item\":\"https:\/\/dolphinfix.com.tr\/eticaret\/market\/\"},{\"@type\":\"ListItem\",\"position\":3,\"name\":\"D TH HTH 1107 &#8211; H\u0130DROFOB\u0130K TAM\u0130R HARCI\"}]},{\"@type\":\"WebSite\",\"@id\":\"https:\/\/dolphinfix.com.tr\/eticaret\/#website\",\"url\":\"https:\/\/dolphinfix.com.tr\/eticaret\/\",\"name\":\"Dolphinfix\",\"description\":\"\",\"potentialAction\":[{\"@type\":\"SearchAction\",\"target\":{\"@type\":\"EntryPoint\",\"urlTemplate\":\"https:\/\/dolphinfix.com.tr\/eticaret\/?s={search_term_string}\"},\"query-input\":\"required name=search_term_string\"}],\"inLanguage\":\"tr\"}]}<\/script>\n<!-- \/ Yoast SEO Premium plugin. -->","yoast_head_json":{"title":"TH H 1107 Hidrofobik Su Yal\u0131t\u0131m Harc\u0131 | Y\u00fcksek Diren\u00e7","description":"TH H 1107 \u00e7imento esasl\u0131 hidrofobik su yal\u0131t\u0131m harc\u0131d\u0131r. Beton y\u00fczeylerde y\u00fcksek su direnci, esneklik ve g\u00fc\u00e7l\u00fc yap\u0131\u015fma sa\u011flar. \u0130\u00e7 ve d\u0131\u015f cephe kullan\u0131m\u0131na uygundur.","robots":{"index":"index","follow":"follow","max-snippet":"max-snippet:-1","max-image-preview":"max-image-preview:large","max-video-preview":"max-video-preview:-1"},"canonical":"https:\/\/dolphinfix.com.tr\/eticaret\/urun\/th-h-1107-hidrofobik-su-yalitim-ve-yuzey-tamir-harci\/","og_locale":"tr_TR","og_type":"article","og_title":"D TH HTH 1107 - H\u0130DROFOB\u0130K TAM\u0130R HARCI","og_description":"TH H 1107 \u00e7imento esasl\u0131 hidrofobik su yal\u0131t\u0131m harc\u0131d\u0131r. Beton y\u00fczeylerde y\u00fcksek su direnci, esneklik ve g\u00fc\u00e7l\u00fc yap\u0131\u015fma sa\u011flar. \u0130\u00e7 ve d\u0131\u015f cephe kullan\u0131m\u0131na uygundur.","og_url":"https:\/\/dolphinfix.com.tr\/eticaret\/urun\/th-h-1107-hidrofobik-su-yalitim-ve-yuzey-tamir-harci\/","og_site_name":"Dolphinfix","article_modified_time":"2026-03-25T01:27:13+00:00","og_image":[{"width":1000,"height":1000,"url":"https:\/\/dolphinfix.com.tr\/eticaret\/wp-content\/uploads\/2024\/10\/1107.png","type":"image\/png"}],"twitter_card":"summary_large_image","twitter_misc":{"Tahmini okuma s\u00fcresi":"3 dakika"},"schema":{"@context":"https:\/\/schema.org","@graph":[{"@type":"WebPage","@id":"https:\/\/dolphinfix.com.tr\/eticaret\/urun\/th-h-1107-hidrofobik-su-yalitim-ve-yuzey-tamir-harci\/","url":"https:\/\/dolphinfix.com.tr\/eticaret\/urun\/th-h-1107-hidrofobik-su-yalitim-ve-yuzey-tamir-harci\/","name":"TH H 1107 Hidrofobik Su Yal\u0131t\u0131m Harc\u0131 | Y\u00fcksek Diren\u00e7","isPartOf":{"@id":"https:\/\/dolphinfix.com.tr\/eticaret\/#website"},"datePublished":"2024-10-19T15:04:09+00:00","dateModified":"2026-03-25T01:27:13+00:00","description":"TH H 1107 \u00e7imento esasl\u0131 hidrofobik su yal\u0131t\u0131m harc\u0131d\u0131r. Beton y\u00fczeylerde y\u00fcksek su direnci, esneklik ve g\u00fc\u00e7l\u00fc yap\u0131\u015fma sa\u011flar. \u0130\u00e7 ve d\u0131\u015f cephe kullan\u0131m\u0131na uygundur.","breadcrumb":{"@id":"https:\/\/dolphinfix.com.tr\/eticaret\/urun\/th-h-1107-hidrofobik-su-yalitim-ve-yuzey-tamir-harci\/#breadcrumb"},"inLanguage":"tr","potentialAction":[{"@type":"ReadAction","target":["https:\/\/dolphinfix.com.tr\/eticaret\/urun\/th-h-1107-hidrofobik-su-yalitim-ve-yuzey-tamir-harci\/"]}]},{"@type":"BreadcrumbList","@id":"https:\/\/dolphinfix.com.tr\/eticaret\/urun\/th-h-1107-hidrofobik-su-yalitim-ve-yuzey-tamir-harci\/#breadcrumb","itemListElement":[{"@type":"ListItem","position":1,"name":"Home","item":"https:\/\/dolphinfix.com.tr\/eticaret\/"},{"@type":"ListItem","position":2,"name":"Market","item":"https:\/\/dolphinfix.com.tr\/eticaret\/market\/"},{"@type":"ListItem","position":3,"name":"D TH HTH 1107 &#8211; H\u0130DROFOB\u0130K TAM\u0130R HARCI"}]},{"@type":"WebSite","@id":"https:\/\/dolphinfix.com.tr\/eticaret\/#website","url":"https:\/\/dolphinfix.com.tr\/eticaret\/","name":"Dolphinfix","description":"","potentialAction":[{"@type":"SearchAction","target":{"@type":"EntryPoint","urlTemplate":"https:\/\/dolphinfix.com.tr\/eticaret\/?s={search_term_string}"},"query-input":"required name=search_term_string"}],"inLanguage":"tr"}]}},"_links":{"self":[{"href":"https:\/\/dolphinfix.com.tr\/eticaret\/wp-json\/wp\/v2\/product\/16000","targetHints":{"allow":["GET"]}}],"collection":[{"href":"https:\/\/dolphinfix.com.tr\/eticaret\/wp-json\/wp\/v2\/product"}],"about":[{"href":"https:\/\/dolphinfix.com.tr\/eticaret\/wp-json\/wp\/v2\/types\/product"}],"replies":[{"embeddable":true,"href":"https:\/\/dolphinfix.com.tr\/eticaret\/wp-json\/wp\/v2\/comments?post=16000"}],"version-history":[{"count":8,"href":"https:\/\/dolphinfix.com.tr\/eticaret\/wp-json\/wp\/v2\/product\/16000\/revisions"}],"predecessor-version":[{"id":20237,"href":"https:\/\/dolphinfix.com.tr\/eticaret\/wp-json\/wp\/v2\/product\/16000\/revisions\/20237"}],"wp:featuredmedia":[{"embeddable":true,"href":"https:\/\/dolphinfix.com.tr\/eticaret\/wp-json\/wp\/v2\/media\/16305"}],"wp:attachment":[{"href":"https:\/\/dolphinfix.com.tr\/eticaret\/wp-json\/wp\/v2\/media?parent=16000"}],"wp:term":[{"taxonomy":"product_cat","embeddable":true,"href":"https:\/\/dolphinfix.com.tr\/eticaret\/wp-json\/wp\/v2\/product_cat?post=16000"},{"taxonomy":"product_tag","embeddable":true,"href":"https:\/\/dolphinfix.com.tr\/eticaret\/wp-json\/wp\/v2\/product_tag?post=16000"}],"curies":[{"name":"wp","href":"https:\/\/api.w.org\/{rel}","templated":true}]}}