{"id":16004,"date":"2024-10-19T18:06:49","date_gmt":"2024-10-19T15:06:49","guid":{"rendered":"https:\/\/dolphinfix.com.tr\/eticaret?post_type=product&#038;p=16004"},"modified":"2026-03-12T09:47:10","modified_gmt":"2026-03-12T06:47:10","slug":"grt-1108-yuksek-mukavemetli-buzulmeyen-grout-harci","status":"publish","type":"product","link":"https:\/\/dolphinfix.com.tr\/eticaret\/urun\/grt-1108-yuksek-mukavemetli-buzulmeyen-grout-harci\/","title":{"rendered":"D GROUT GRT 1108 &#8211; R\u00d6TRES\u0130Z GROUT HARCI"},"content":{"rendered":"<h3><span style=\"color: #c61016;\">\u00dcR\u00dcN B\u0130LG\u0130LER\u0130 ;<\/span><\/h3>\n<p data-pm-slice=\"0 0 []\"><span style=\"color: #000000;\"><strong>TANIMI:<\/strong> GRT 1108, Y\u00fcksek mukavemetli, ak\u0131c\u0131, b\u00fcz\u00fclmeyen kullan\u0131ma haz\u0131r \u00f6zel grout harc\u0131.<\/span><\/p>\n<p><span style=\"color: #000000;\"><strong>\u00a0KULLANIM ALANLARI<\/strong><\/span><br \/>\n<span style=\"color: #000000;\">\u2022Makinelerin, trenlerin, her t\u00fcrl\u00fc \u00e7elik konstr\u00fcksiyona ait demir aksam, c\u0131vata, ankraj, ray ve benzeri elemanlar\u0131n sabitlenmesi ve doldurulmas\u0131nda,<\/span><br \/>\n<span style=\"color: #000000;\">\u2022Haz\u0131r elemanlar\u0131n, haz\u0131r plakalar\u0131n\u0131n derzlerinin kapat\u0131lmas\u0131nda har\u00e7 olarak kullan\u0131l\u0131r.<\/span><\/p>\n<p><span style=\"color: #000000;\"><strong>\u00dcR\u00dcN \u00d6ZELL\u0130KLER\u0130<\/strong><\/span><br \/>\n<span style=\"color: #000000;\">\u2022\u0130yi ak\u0131\u015fkanl\u0131k. Y\u00fcksek mukavemet,<\/span><br \/>\n<span style=\"color: #000000;\">\u2022H\u0131zl\u0131 mukavemet sa\u011flar<\/span><br \/>\n<span style=\"color: #000000;\">\u2022\u00c7ekme ve b\u00fcz\u00fc\u015fme yapmaz. (R\u00f6tresizdir)<\/span><br \/>\n<span style=\"color: #000000;\">\u2022Erken priz al\u0131r m\u00fckemmel yap\u0131\u015fma sa\u011flar.<\/span><br \/>\n<span style=\"color: #000000;\">\u2022Korozyona kar\u015f\u0131 dayan\u0131kl\u0131d\u0131r.<\/span><br \/>\n<span style=\"color: #000000;\">\u2022\u0130\u00e7eride ve d\u0131\u015far\u0131da uygulanabilir.<\/span><br \/>\n<span style=\"color: #000000;\">\u2022Su ge\u00e7irimsizdir ve dona kar\u015f\u0131 dayan\u0131kl\u0131d\u0131r.<\/span><\/p>\n<p><span style=\"color: #000000;\"><strong>TEKN\u0130K \u00d6ZELL\u0130KLER<\/strong><\/span><br \/>\n<span style=\"color: #000000;\">Malzemenin Yap\u0131s\u0131: Mineral dolgular, sentetik katk\u0131lar ve \u00e7imento i\u00e7erir.<\/span><br \/>\n<span style=\"color: #000000;\">Renk: Gri<\/span><br \/>\n<span style=\"color: #000000;\">Bas\u0131n\u00e7 Dayan\u0131m\u0131 (TS EN 12190):<\/span><br \/>\n<span style=\"color: #000000;\">1.G\u00fcn \u226524 N\/mm\u00b2<\/span><br \/>\n<span style=\"color: #000000;\">7.G\u00fcn \u226545 N\/mm\u00b2<\/span><br \/>\n<span style=\"color: #000000;\">28. G\u00fcn \u226560 N\/mm\u00b2<\/span><br \/>\n<span style=\"color: #000000;\">E\u011filme Dayan\u0131m\u0131 (28 g\u00fcn) (TS EN 196): \u22657 N\/mm\u00b2<\/span><br \/>\n<span style=\"color: #000000;\">Yap\u0131\u015fma (\u00c7ekme) Dayan\u0131m\u0131 (TS EN 1542) (Betona 28 g\u00fcn): \u22652,0 N\/mm\u00b2<\/span><br \/>\n<span style=\"color: #000000;\">*Elastisite Mod\u00fcl\u00fc (28 g\u00fcn): &gt;20.000 N\/mm\u00b2<\/span><br \/>\n<span style=\"color: #000000;\">Kapiler Su Absorbsiyonu (TS EN 13057): &lt;0,5 kg.m\u00af\u00b2.h\u00af\u2070\u2219\u2075<\/span><br \/>\n<span style=\"color: #000000;\">Uygulama Kal\u0131nl\u0131\u011f\u0131: 10 mm ile 70 mm<\/span><br \/>\n<span style=\"color: #000000;\">Uygulanacak Zeminin S\u0131cakl\u0131\u011f\u0131: +5\u00b0C +30\u00b0C<\/span><br \/>\n<span style=\"color: #000000;\">Servis S\u0131cakl\u0131\u011f\u0131: -20\u00b0C +40\u00b0C<\/span><br \/>\n<span style=\"color: #000000;\">Kullanma S\u00fcresi (+20\u00b0C): 30 dak.<\/span><br \/>\n<span style=\"color: #000000;\">\u00dczerinde Y\u00fcr\u00fcnebilme S\u00fcresi (+20\u00b0C): 24 saat<\/span><br \/>\n<span style=\"color: #000000;\">Tam K\u00fcrlenme S\u00fcresi (+20\u00b0C): 28 g\u00fcn<\/span><br \/>\n<span style=\"color: #000000;\">Tipik de\u011ferler: +23\u00b0C\u2019de %50 ba\u011f\u0131l nem ko\u015fullar\u0131nda 4x4x16 cm har\u00e7 prizmas\u0131nda yap\u0131lan deneyler sonucunda elde edilmi\u015ftir. Y\u00fcksek s\u0131cakl\u0131klar s\u00fcreleri<\/span><br \/>\n<span style=\"color: #000000;\">k\u0131salt\u0131r, d\u00fc\u015f\u00fck s\u0131cakl\u0131klar uzat\u0131r.<\/span><\/p>\n<p><span style=\"color: #000000;\">\u00a0<strong>UYGULAMA Y\u00d6NTEM\u0130<\/strong><\/span><br \/>\n<span style=\"color: #000000;\">Y\u00fczey Haz\u0131rl\u0131\u011f\u0131: Uygulama yap\u0131lacak y\u00fczeylerinin sa\u011flam, ta\u015f\u0131y\u0131c\u0131, tozsuz ve temiz olmas\u0131na dikkat edilmelidir. Birikmi\u015f su, pas, kesme tala\u015f\u0131, gres ya\u011f\u0131 ve buz gibi yap\u0131\u015fmay\u0131 zay\u0131flatacak kal\u0131nt\u0131lar\u0131ndan iyice temizlenmelidir. Kal\u0131p uygulamalar\u0131nda b\u00fct\u00fcn kal\u0131plar\u0131n yeterli dayan\u0131ma sahip olmal\u0131, mutlaka kal\u0131p ya\u011f\u0131 uygulanmal\u0131 ve ka\u00e7aklar\u0131 \u00f6nlenmelidir. Uygulama y\u00fczeyi suya doyurulmal\u0131 fakat y\u00fczeyde serbest su kalmamal\u0131d\u0131r.<\/span><\/p>\n<p><span style=\"color: #000000;\"><strong>KARI\u015eTIRMA<\/strong><\/span><br \/>\n<span style=\"color: #000000;\">Uygun su miktar\u0131 bir \u00f6l\u00e7ek yard\u0131m\u0131yla temiz kar\u0131\u015ft\u0131rma kovas\u0131na bo\u015falt\u0131l\u0131r. 25 Kg GRT 1108\u2019in yar\u0131s\u0131 kovadaki suyun \u00fczerine ilave edilerek d\u00fc\u015f\u00fck devirli bir kar\u0131\u015ft\u0131r\u0131c\u0131 ile homojen ve topaks\u0131z bir kar\u0131\u015f\u0131m elde edilinceye kadar 4 dakika kar\u0131\u015ft\u0131r\u0131l\u0131r.<\/span><\/p>\n<p><span style=\"color: #000000;\">\u00a0<strong>KARI\u015eTIRMA ORANLARI<\/strong><\/span><br \/>\n<span style=\"color: #000000;\">GRT 1108 1 KG TOZ \u0130\u00c7\u0130N 25 KG TORBA \u0130\u00c7\u0130N<\/span><br \/>\n<span style=\"color: #000000;\">KARI\u015eIM SUYU M\u0130KTARI 0,12 lt \u2013 0,14 lt 3,0 lt \u2013 3,5 lt<\/span><br \/>\n<span style=\"color: #000000;\">KARI\u015eIM YO\u011eUNLU\u011eU 2,30 kg\/lt<\/span><\/p>\n<p><span style=\"color: #000000;\">\u00a0<strong>UYGULAMA<\/strong><\/span><br \/>\n<span style=\"color: #000000;\">Haz\u0131rlanan harc\u0131 uygulama yerine d\u00f6k\u00fcn. Harc\u0131n i\u00e7indeki hava kabarc\u0131klar\u0131n\u0131n \u00e7\u0131kt\u0131\u011f\u0131ndan emin olunmal\u0131d\u0131r. Erken kurumay\u0131 engellemek i\u00e7in k\u00fcr malzemesi<\/span><br \/>\n<span style=\"color: #000000;\">kullan\u0131labilir veya uygun y\u00f6ntemlerle (\u0131slak tutmak, \u0131slak bezle \u00f6rtmek gibi) engellenmelidir. So\u011fuk havalarda koruyucu \u00f6rt\u00fcler kullan\u0131n\u0131z veya gerekli di\u011fer \u00f6nlemleri al\u0131n\u0131z.<\/span><\/p>\n<p><span style=\"color: #000000;\">\u00a0<strong>AMBALAJ<\/strong><\/span><br \/>\n<span style=\"color: #000000;\">25 kg.\u2019l\u0131k kraft torba.<\/span><br \/>\n<span style=\"color: #000000;\">\u00a0<\/span><\/p>\n<p><span style=\"color: #000000;\"><strong>SARF\u0130YAT<\/strong><\/span><br \/>\n<span style=\"color: #000000;\">1 litre har\u00e7 i\u00e7in 2 kg toz \u00fcr\u00fcn<\/span><\/p>\n<p><span style=\"color: #000000;\">\u00a0<strong>RAF \u00d6MR\u00dc<\/strong><\/span><br \/>\n<span style=\"color: #000000;\">Uygun depolama ko\u015fullar\u0131nda \u00fcretim tarihinden itibaren 12 ayd\u0131r. A\u00e7\u0131lm\u0131\u015f ambalajlar uygun depolama ko\u015fullar\u0131nda saklanarak bir hafta i\u00e7inde kullan\u0131lmal\u0131d\u0131r.<\/span><\/p>\n<p>&nbsp;<\/p>\n<p>&nbsp;<\/p>\n<p>&nbsp;<\/p>\n<p>&nbsp;<\/p>\n<p>&nbsp;<\/p>\n","protected":false},"excerpt":{"rendered":"<p><span style=\"color: #000000;\"><a style=\"color: #000000;\" href=\"https:\/\/dolphinfix.com.tr\/eticaret\/wp-content\/uploads\/2025\/04\/ROTRESIZ-GROUT-HARCI-D-GROUT-GRT-1108-TDS.pdf\" target=\"_blank\" rel=\"noopener\">TDS Belgesini \u0130ndirmek \u0130\u00e7in T\u0131klay\u0131n\u0131z<br \/>\n<\/a><\/span><span style=\"color: #000000;\"><a style=\"color: #000000;\" href=\"https:\/\/dolphinfix.com.tr\/eticaret\/wp-content\/uploads\/2025\/03\/AKER-KIMYA-1504-3-FUK-UYGUNLUK-BELGESI-REV06-TR.pdf\" target=\"_blank\" rel=\"noopener\">CE Belgesini \u0130ndirmek \u0130\u00e7in T\u0131klay\u0131n\u0131z<\/a><\/span><\/p>\n","protected":false},"featured_media":16318,"comment_status":"open","ping_status":"closed","template":"","meta":{"_joinchat":[]},"product_cat":[118,85],"product_tag":[638,617,639,627,640,642,621,636,641,628,644,625,635,643,637],"class_list":{"0":"post-16004","1":"product","2":"type-product","3":"status-publish","4":"has-post-thumbnail","6":"product_cat-grout","7":"product_cat-yapi-kimyasallari","8":"product_tag-agir-hizmet-grout-harci","9":"product_tag-beton-dolgu-harci","10":"product_tag-cabuk-priz-alan-harc","11":"product_tag-catlak-doldurma-harci","12":"product_tag-dayanikli-grout-harci","13":"product_tag-dis-cephe-grout-harci","14":"product_tag-endustriyel-dolgu-harci","15":"product_tag-hizli-sertlesen-grout-harci","16":"product_tag-ic-cephe-grout-harci","17":"product_tag-kaliteli-dolgu-harci","18":"product_tag-pratik-uygulamali-grout","19":"product_tag-profesyonel-dolgu-harci","20":"product_tag-rotresiz-grout-harci","21":"product_tag-uzun-omurlu-grout-harci","22":"product_tag-yuksek-performansli-grout","24":"first","25":"instock","26":"taxable","27":"shipping-taxable","28":"purchasable","29":"product-type-variable"},"yoast_head":"<!-- This site is optimized with the Yoast SEO Premium plugin v20.2.1 (Yoast SEO v20.2.1) - https:\/\/yoast.com\/wordpress\/plugins\/seo\/ -->\n<title>GRT 1108 Y\u00fcksek Mukavemetli Grout Harc\u0131 | B\u00fcz\u00fclmeyen Ankraj ve Sabitleme Harc\u0131<\/title>\n<meta name=\"description\" content=\"GRT 1108 grout harc\u0131; y\u00fcksek mukavemetli, ak\u0131c\u0131 ve b\u00fcz\u00fclmeyen yap\u0131s\u0131yla makine sabitleme, ankraj ve \u00e7elik konstr\u00fcksiyon uygulamalar\u0131nda g\u00fcvenli \u00e7\u00f6z\u00fcm sunar.\" \/>\n<meta name=\"robots\" content=\"index, follow, max-snippet:-1, max-image-preview:large, max-video-preview:-1\" \/>\n<link rel=\"canonical\" href=\"https:\/\/dolphinfix.com.tr\/eticaret\/urun\/grt-1108-yuksek-mukavemetli-buzulmeyen-grout-harci\/\" \/>\n<meta property=\"og:locale\" content=\"tr_TR\" \/>\n<meta property=\"og:type\" content=\"article\" \/>\n<meta property=\"og:title\" content=\"D GROUT GRT 1108 - R\u00d6TRES\u0130Z GROUT HARCI\" \/>\n<meta property=\"og:description\" content=\"GRT 1108 grout harc\u0131; y\u00fcksek mukavemetli, ak\u0131c\u0131 ve b\u00fcz\u00fclmeyen yap\u0131s\u0131yla makine sabitleme, ankraj ve \u00e7elik konstr\u00fcksiyon uygulamalar\u0131nda g\u00fcvenli \u00e7\u00f6z\u00fcm sunar.\" \/>\n<meta property=\"og:url\" content=\"https:\/\/dolphinfix.com.tr\/eticaret\/urun\/grt-1108-yuksek-mukavemetli-buzulmeyen-grout-harci\/\" \/>\n<meta property=\"og:site_name\" content=\"Dolphinfix\" \/>\n<meta property=\"article:modified_time\" content=\"2026-03-12T06:47:10+00:00\" \/>\n<meta property=\"og:image\" content=\"https:\/\/dolphinfix.com.tr\/eticaret\/wp-content\/uploads\/2024\/10\/1108.png\" \/>\n\t<meta property=\"og:image:width\" content=\"1000\" \/>\n\t<meta property=\"og:image:height\" content=\"1000\" \/>\n\t<meta property=\"og:image:type\" content=\"image\/png\" \/>\n<meta name=\"twitter:card\" content=\"summary_large_image\" \/>\n<meta name=\"twitter:label1\" content=\"Tahmini okuma s\u00fcresi\" \/>\n\t<meta name=\"twitter:data1\" content=\"3 dakika\" \/>\n<script type=\"application\/ld+json\" class=\"yoast-schema-graph\">{\"@context\":\"https:\/\/schema.org\",\"@graph\":[{\"@type\":\"WebPage\",\"@id\":\"https:\/\/dolphinfix.com.tr\/eticaret\/urun\/grt-1108-yuksek-mukavemetli-buzulmeyen-grout-harci\/\",\"url\":\"https:\/\/dolphinfix.com.tr\/eticaret\/urun\/grt-1108-yuksek-mukavemetli-buzulmeyen-grout-harci\/\",\"name\":\"GRT 1108 Y\u00fcksek Mukavemetli Grout Harc\u0131 | B\u00fcz\u00fclmeyen Ankraj ve Sabitleme Harc\u0131\",\"isPartOf\":{\"@id\":\"https:\/\/dolphinfix.com.tr\/eticaret\/#website\"},\"datePublished\":\"2024-10-19T15:06:49+00:00\",\"dateModified\":\"2026-03-12T06:47:10+00:00\",\"description\":\"GRT 1108 grout harc\u0131; y\u00fcksek mukavemetli, ak\u0131c\u0131 ve b\u00fcz\u00fclmeyen yap\u0131s\u0131yla makine sabitleme, ankraj ve \u00e7elik konstr\u00fcksiyon uygulamalar\u0131nda g\u00fcvenli \u00e7\u00f6z\u00fcm sunar.\",\"breadcrumb\":{\"@id\":\"https:\/\/dolphinfix.com.tr\/eticaret\/urun\/grt-1108-yuksek-mukavemetli-buzulmeyen-grout-harci\/#breadcrumb\"},\"inLanguage\":\"tr\",\"potentialAction\":[{\"@type\":\"ReadAction\",\"target\":[\"https:\/\/dolphinfix.com.tr\/eticaret\/urun\/grt-1108-yuksek-mukavemetli-buzulmeyen-grout-harci\/\"]}]},{\"@type\":\"BreadcrumbList\",\"@id\":\"https:\/\/dolphinfix.com.tr\/eticaret\/urun\/grt-1108-yuksek-mukavemetli-buzulmeyen-grout-harci\/#breadcrumb\",\"itemListElement\":[{\"@type\":\"ListItem\",\"position\":1,\"name\":\"Home\",\"item\":\"https:\/\/dolphinfix.com.tr\/eticaret\/\"},{\"@type\":\"ListItem\",\"position\":2,\"name\":\"Market\",\"item\":\"https:\/\/dolphinfix.com.tr\/eticaret\/market\/\"},{\"@type\":\"ListItem\",\"position\":3,\"name\":\"D GROUT GRT 1108 &#8211; R\u00d6TRES\u0130Z GROUT HARCI\"}]},{\"@type\":\"WebSite\",\"@id\":\"https:\/\/dolphinfix.com.tr\/eticaret\/#website\",\"url\":\"https:\/\/dolphinfix.com.tr\/eticaret\/\",\"name\":\"Dolphinfix\",\"description\":\"\",\"potentialAction\":[{\"@type\":\"SearchAction\",\"target\":{\"@type\":\"EntryPoint\",\"urlTemplate\":\"https:\/\/dolphinfix.com.tr\/eticaret\/?s={search_term_string}\"},\"query-input\":\"required name=search_term_string\"}],\"inLanguage\":\"tr\"}]}<\/script>\n<!-- \/ Yoast SEO Premium plugin. -->","yoast_head_json":{"title":"GRT 1108 Y\u00fcksek Mukavemetli Grout Harc\u0131 | B\u00fcz\u00fclmeyen Ankraj ve Sabitleme Harc\u0131","description":"GRT 1108 grout harc\u0131; y\u00fcksek mukavemetli, ak\u0131c\u0131 ve b\u00fcz\u00fclmeyen yap\u0131s\u0131yla makine sabitleme, ankraj ve \u00e7elik konstr\u00fcksiyon uygulamalar\u0131nda g\u00fcvenli \u00e7\u00f6z\u00fcm sunar.","robots":{"index":"index","follow":"follow","max-snippet":"max-snippet:-1","max-image-preview":"max-image-preview:large","max-video-preview":"max-video-preview:-1"},"canonical":"https:\/\/dolphinfix.com.tr\/eticaret\/urun\/grt-1108-yuksek-mukavemetli-buzulmeyen-grout-harci\/","og_locale":"tr_TR","og_type":"article","og_title":"D GROUT GRT 1108 - R\u00d6TRES\u0130Z GROUT HARCI","og_description":"GRT 1108 grout harc\u0131; y\u00fcksek mukavemetli, ak\u0131c\u0131 ve b\u00fcz\u00fclmeyen yap\u0131s\u0131yla makine sabitleme, ankraj ve \u00e7elik konstr\u00fcksiyon uygulamalar\u0131nda g\u00fcvenli \u00e7\u00f6z\u00fcm sunar.","og_url":"https:\/\/dolphinfix.com.tr\/eticaret\/urun\/grt-1108-yuksek-mukavemetli-buzulmeyen-grout-harci\/","og_site_name":"Dolphinfix","article_modified_time":"2026-03-12T06:47:10+00:00","og_image":[{"width":1000,"height":1000,"url":"https:\/\/dolphinfix.com.tr\/eticaret\/wp-content\/uploads\/2024\/10\/1108.png","type":"image\/png"}],"twitter_card":"summary_large_image","twitter_misc":{"Tahmini okuma s\u00fcresi":"3 dakika"},"schema":{"@context":"https:\/\/schema.org","@graph":[{"@type":"WebPage","@id":"https:\/\/dolphinfix.com.tr\/eticaret\/urun\/grt-1108-yuksek-mukavemetli-buzulmeyen-grout-harci\/","url":"https:\/\/dolphinfix.com.tr\/eticaret\/urun\/grt-1108-yuksek-mukavemetli-buzulmeyen-grout-harci\/","name":"GRT 1108 Y\u00fcksek Mukavemetli Grout Harc\u0131 | B\u00fcz\u00fclmeyen Ankraj ve Sabitleme Harc\u0131","isPartOf":{"@id":"https:\/\/dolphinfix.com.tr\/eticaret\/#website"},"datePublished":"2024-10-19T15:06:49+00:00","dateModified":"2026-03-12T06:47:10+00:00","description":"GRT 1108 grout harc\u0131; y\u00fcksek mukavemetli, ak\u0131c\u0131 ve b\u00fcz\u00fclmeyen yap\u0131s\u0131yla makine sabitleme, ankraj ve \u00e7elik konstr\u00fcksiyon uygulamalar\u0131nda g\u00fcvenli \u00e7\u00f6z\u00fcm sunar.","breadcrumb":{"@id":"https:\/\/dolphinfix.com.tr\/eticaret\/urun\/grt-1108-yuksek-mukavemetli-buzulmeyen-grout-harci\/#breadcrumb"},"inLanguage":"tr","potentialAction":[{"@type":"ReadAction","target":["https:\/\/dolphinfix.com.tr\/eticaret\/urun\/grt-1108-yuksek-mukavemetli-buzulmeyen-grout-harci\/"]}]},{"@type":"BreadcrumbList","@id":"https:\/\/dolphinfix.com.tr\/eticaret\/urun\/grt-1108-yuksek-mukavemetli-buzulmeyen-grout-harci\/#breadcrumb","itemListElement":[{"@type":"ListItem","position":1,"name":"Home","item":"https:\/\/dolphinfix.com.tr\/eticaret\/"},{"@type":"ListItem","position":2,"name":"Market","item":"https:\/\/dolphinfix.com.tr\/eticaret\/market\/"},{"@type":"ListItem","position":3,"name":"D GROUT GRT 1108 &#8211; R\u00d6TRES\u0130Z GROUT HARCI"}]},{"@type":"WebSite","@id":"https:\/\/dolphinfix.com.tr\/eticaret\/#website","url":"https:\/\/dolphinfix.com.tr\/eticaret\/","name":"Dolphinfix","description":"","potentialAction":[{"@type":"SearchAction","target":{"@type":"EntryPoint","urlTemplate":"https:\/\/dolphinfix.com.tr\/eticaret\/?s={search_term_string}"},"query-input":"required name=search_term_string"}],"inLanguage":"tr"}]}},"_links":{"self":[{"href":"https:\/\/dolphinfix.com.tr\/eticaret\/wp-json\/wp\/v2\/product\/16004","targetHints":{"allow":["GET"]}}],"collection":[{"href":"https:\/\/dolphinfix.com.tr\/eticaret\/wp-json\/wp\/v2\/product"}],"about":[{"href":"https:\/\/dolphinfix.com.tr\/eticaret\/wp-json\/wp\/v2\/types\/product"}],"replies":[{"embeddable":true,"href":"https:\/\/dolphinfix.com.tr\/eticaret\/wp-json\/wp\/v2\/comments?post=16004"}],"version-history":[{"count":5,"href":"https:\/\/dolphinfix.com.tr\/eticaret\/wp-json\/wp\/v2\/product\/16004\/revisions"}],"predecessor-version":[{"id":18895,"href":"https:\/\/dolphinfix.com.tr\/eticaret\/wp-json\/wp\/v2\/product\/16004\/revisions\/18895"}],"wp:featuredmedia":[{"embeddable":true,"href":"https:\/\/dolphinfix.com.tr\/eticaret\/wp-json\/wp\/v2\/media\/16318"}],"wp:attachment":[{"href":"https:\/\/dolphinfix.com.tr\/eticaret\/wp-json\/wp\/v2\/media?parent=16004"}],"wp:term":[{"taxonomy":"product_cat","embeddable":true,"href":"https:\/\/dolphinfix.com.tr\/eticaret\/wp-json\/wp\/v2\/product_cat?post=16004"},{"taxonomy":"product_tag","embeddable":true,"href":"https:\/\/dolphinfix.com.tr\/eticaret\/wp-json\/wp\/v2\/product_tag?post=16004"}],"curies":[{"name":"wp","href":"https:\/\/api.w.org\/{rel}","templated":true}]}}