{"id":16008,"date":"2024-10-19T18:10:02","date_gmt":"2024-10-19T15:10:02","guid":{"rendered":"https:\/\/dolphinfix.com.tr\/eticaret?post_type=product&#038;p=16008"},"modified":"2026-03-12T09:47:09","modified_gmt":"2026-03-12T06:47:09","slug":"gex-1109-yuksek-mukavemetli-buzulmeyen-grout-harci","status":"publish","type":"product","link":"https:\/\/dolphinfix.com.tr\/eticaret\/urun\/gex-1109-yuksek-mukavemetli-buzulmeyen-grout-harci\/","title":{"rendered":"D GROUT EX GEX 1109 &#8211; Y\u00dcKSEK PERFORMANSLI DOLGU VE ANKRAJ HARCI"},"content":{"rendered":"<h3><span style=\"color: #c61016;\">\u00dcR\u00dcN B\u0130LG\u0130LER\u0130 ;<\/span><\/h3>\n<p data-pm-slice=\"0 0 []\"><span style=\"color: #000000;\"><strong>TANIMI:<\/strong> GEX 1109, Y\u00fcksek performansl\u0131 \u00f6zel \u00e7imento ve karbonatlar ile \u00f6zel gradasyonlu agregalar i\u00e7eren mukavemetli, ak\u0131c\u0131, b\u00fcz\u00fclmeyen kullan\u0131ma haz\u0131r \u00f6zel grout harc\u0131.<\/span><\/p>\n<p><span style=\"color: #000000;\"><strong>\u00a0KULLANIM ALANLARI<\/strong><\/span><br \/>\n<span style=\"color: #000000;\">\u2022\u00c7elik konstr\u00fcksiyon, donat\u0131, makine temelleri gibi \u00e7e\u015fitli elemanlar\u0131 betona sabitlemede<\/span><br \/>\n<span style=\"color: #000000;\">\u2022Enerji santrallerinde, tren yollar\u0131nda, k\u00f6pr\u00fc kiri\u015flerinde, yol ve k\u00f6pr\u00fc ba\u011flant\u0131lar\u0131nda<\/span><br \/>\n<span style=\"color: #000000;\">\u2022Sabitleme doldurulmas\u0131nda, beton tamirinde, bo\u015fluk doldurulmas\u0131nda,<\/span><br \/>\n<span style=\"color: #000000;\">\u2022\u0130\u00e7 ve d\u0131\u015f uygulamalarda,<\/span><\/p>\n<p><span style=\"color: #000000;\"><strong>\u00a0\u00dcR\u00dcN \u00d6ZELL\u0130KLER\u0130<\/strong><\/span><br \/>\n<span style=\"color: #000000;\">\u2022\u0130lk ve son bas\u0131n\u00e7 dayan\u0131mlar\u0131 \u00e7ok y\u00fcksektir,<\/span><br \/>\n<span style=\"color: #000000;\">\u2022Y\u00fcksek ak\u0131\u015fkanl\u0131k \u00f6zelli\u011fi ile her kal\u0131ba girebilir<\/span><br \/>\n<span style=\"color: #000000;\">\u2022Tek katta 150 mm\u2019ye kadar uygulanabilir,<\/span><br \/>\n<span style=\"color: #000000;\">\u2022R\u00f6tre yapmaz<\/span><br \/>\n<span style=\"color: #000000;\">\u2022Y\u00fcksek nitelikli kimyasal katk\u0131lar i\u00e7erir,<\/span><br \/>\n<span style=\"color: #000000;\">\u2022\u00c7eli\u011fe \u00e7ok g\u00fc\u00e7l\u00fc yap\u0131\u015f\u0131r, olu\u015fan gerilimleri emer,<\/span><\/p>\n<p><span style=\"color: #000000;\"><strong>\u00a0TEKN\u0130K \u00d6ZELL\u0130KLER<\/strong><\/span><br \/>\n<span style=\"color: #000000;\">Malzemenin Yap\u0131s\u0131: Mineral dolgular, sentetik<\/span><br \/>\n<span style=\"color: #000000;\">katk\u0131lar ve \u00e7imento i\u00e7erir.<\/span><br \/>\n<span style=\"color: #000000;\">Renk: Gri<\/span><br \/>\n<span style=\"color: #000000;\">Bas\u0131n\u00e7 Dayan\u0131m\u0131 (TS EN 12190):<\/span><br \/>\n<span style=\"color: #000000;\">1.G\u00fcn \u226530 N\/mm\u00b2<\/span><br \/>\n<span style=\"color: #000000;\">7.G\u00fcn \u226570 N\/mm\u00b2<\/span><br \/>\n<span style=\"color: #000000;\">28. G\u00fcn \u226585 N\/mm\u00b2<\/span><br \/>\n<span style=\"color: #000000;\">E\u011filme Dayan\u0131m\u0131 (28 g\u00fcn) (TS EN 196): \u22659 N\/mm\u00b2<\/span><br \/>\n<span style=\"color: #000000;\">Yap\u0131\u015fma (\u00c7ekme) Dayan\u0131m\u0131 (TS EN 1542) (Betona 28 g\u00fcn): \u22652,0 N\/mm\u00b2<\/span><br \/>\n<span style=\"color: #000000;\">Elastisite Mod\u00fcl\u00fc (28 g\u00fcn): &gt;20.000 N\/mm\u00b2<\/span><br \/>\n<span style=\"color: #000000;\">Kapiler Su Absorbsiyonu (TS EN 13057): &lt;0,5 kg.m\u00af\u00b2.h\u00af\u2070\u2219\u2075<\/span><br \/>\n<span style=\"color: #000000;\">Uygulama Kal\u0131nl\u0131\u011f\u0131: 10 mm ile 150 mm<\/span><br \/>\n<span style=\"color: #000000;\">Uygulanacak Zeminin S\u0131cakl\u0131\u011f\u0131: +5\u00b0C +30\u00b0C<\/span><br \/>\n<span style=\"color: #000000;\">Servis S\u0131cakl\u0131\u011f\u0131: -20\u00b0C +40\u00b0C<\/span><br \/>\n<span style=\"color: #000000;\">Kullanma S\u00fcresi (+20\u00b0C): 30 dak.<\/span><br \/>\n<span style=\"color: #000000;\">\u00dczerinde Y\u00fcr\u00fcnebilme S\u00fcresi (+20\u00b0C): 24 saat<\/span><br \/>\n<span style=\"color: #000000;\">Tam K\u00fcrlenme S\u00fcresi (+20\u00b0C): 28 g\u00fcn<\/span><br \/>\n<span style=\"color: #000000;\">Tipik de\u011ferler: +23\u00b0C\u2019de %50 ba\u011f\u0131l nem ko\u015fullar\u0131nda 4x4x16 cm har\u00e7 prizmas\u0131nda yap\u0131lan deneyler sonucunda elde edilmi\u015ftir. Y\u00fcksek s\u0131cakl\u0131klar s\u00fcreleri<\/span><br \/>\n<span style=\"color: #000000;\">k\u0131salt\u0131r, d\u00fc\u015f\u00fck s\u0131cakl\u0131klar uzat\u0131r.<\/span><\/p>\n<p><span style=\"color: #000000;\"><strong>UYGULAMA Y\u00d6NTEM\u0130<\/strong><\/span><br \/>\n<span style=\"color: #000000;\">Y\u00fczey Haz\u0131rl\u0131\u011f\u0131: Uygulama yap\u0131lacak y\u00fczeylerinin sa\u011flam, ta\u015f\u0131y\u0131c\u0131, tozsuz ve temiz olmas\u0131na dikkat edilmelidir. Birikmi\u015f su, pas, kesme tala\u015f\u0131, gres ya\u011f\u0131 ve buz gibi yap\u0131\u015fmay\u0131 zay\u0131flatacak kal\u0131nt\u0131lar\u0131ndan iyice temizlenmelidir. Kal\u0131p uygulamalar\u0131nda b\u00fct\u00fcn kal\u0131plar\u0131n yeterli dayan\u0131ma sahip olmal\u0131, mutlaka kal\u0131p ya\u011f\u0131 uygulanmal\u0131 ve ka\u00e7aklar\u0131 \u00f6nlenmelidir. Uygulama y\u00fczeyi suya doyurulmal\u0131 fakat y\u00fczeyde serbest su kalmamal\u0131d\u0131r.<\/span><\/p>\n<p><span style=\"color: #000000;\"><strong>KARI\u015eTIRMA<\/strong><\/span><br \/>\n<span style=\"color: #000000;\">Uygun su miktar\u0131 bir \u00f6l\u00e7ek yard\u0131m\u0131yla temiz kar\u0131\u015ft\u0131rma kovas\u0131na bo\u015falt\u0131l\u0131r. 25 Kg GEX 1109\u2019in yar\u0131s\u0131 kovadaki suyun \u00fczerine ilave edilerek d\u00fc\u015f\u00fck devirli bir kar\u0131\u015ft\u0131r\u0131c\u0131 ile homojen ve topaks\u0131z bir kar\u0131\u015f\u0131m elde edilinceye kadar 4 dakika kar\u0131\u015ft\u0131r\u0131l\u0131r.<\/span><\/p>\n<p><span style=\"color: #000000;\"><strong>KARI\u015eTIRMA ORANLARI<\/strong><\/span><br \/>\n<span style=\"color: #000000;\">GEX 1109\u00a0 \u00a0 \u00a0 \u00a0 \u00a0 \u00a0 \u00a0 \u00a0 \u00a0 \u00a0 \u00a0 \u00a0 \u00a0 \u00a0 \u00a0 \u00a0 \u00a0 \u00a0 \u00a0 \u00a0 \u00a0 \u00a01 KG TOZ \u0130\u00c7\u0130N\u00a0 \u00a0 \u00a0 \u00a0 \u00a0 \u00a0 \u00a0 \u00a025 KG TORBA \u0130\u00c7\u0130N<\/span><br \/>\n<span style=\"color: #000000;\">KARI\u015eIM SUYU M\u0130KTARI\u00a0 \u00a0 \u00a0 \u00a0 \u00a0 \u00a0 0,10 lt \u2013 0,12 lt\u00a0 \u00a0 \u00a0 \u00a0 \u00a0 \u00a0 \u00a0 \u00a02,4 lt \u2013 2,8 lt<\/span><br \/>\n<span style=\"color: #000000;\">KARI\u015eIM YO\u011eUNLU\u011eU\u00a0 \u00a0 \u00a0 \u00a0 \u00a0 \u00a0 \u00a0 \u00a0 2,30 kg\/lt<\/span><\/p>\n<p><span style=\"color: #000000;\"><strong>UYGULAMA<\/strong><\/span><br \/>\n<span style=\"color: #000000;\">Haz\u0131rlanan har\u00e7\u0131 uygulama yerine d\u00f6k\u00fcn. Harc\u0131n i\u00e7indeki hava kabarc\u0131klar\u0131n\u0131n \u00e7\u0131kt\u0131\u011f\u0131ndan emin olunmal\u0131d\u0131r. Erken kurumay\u0131 engellemek i\u00e7in k\u00fcr malzemesi<\/span><br \/>\n<span style=\"color: #000000;\">kullan\u0131labilir veya uygun y\u00f6ntemlerle (\u0131slak tutmak, \u0131slak bezle \u00f6rtmek gibi) engellenmelidir. So\u011fuk havalarda koruyucu \u00f6rt\u00fcler kullan\u0131n\u0131z veya gerekli<\/span><br \/>\n<span style=\"color: #000000;\">di\u011fer \u00f6nlemleri al\u0131n\u0131z.<\/span><\/p>\n<p><span style=\"color: #000000;\"><strong>AMBALAJ<\/strong><\/span><br \/>\n<span style=\"color: #000000;\">25 kg.\u2019l\u0131k kraft torba.<\/span><\/p>\n<p><span style=\"color: #000000;\"><strong>SARF\u0130YAT<\/strong><\/span><br \/>\n<span style=\"color: #000000;\">1 litre har\u00e7 i\u00e7in 2 kg toz \u00fcr\u00fcn<\/span><\/p>\n","protected":false},"excerpt":{"rendered":"<p><span style=\"color: #000000;\"><a style=\"color: #000000;\" href=\"https:\/\/dolphinfix.com.tr\/eticaret\/wp-content\/uploads\/2025\/04\/YUKSEK-PERFORMANSLI-DOLGU-VE-ANKRAJ-HARCI-D-GROUT-GEX-1109-TDS.pdf\" target=\"_blank\" rel=\"noopener\">TDS Belgesini \u0130ndirmek \u0130\u00e7in T\u0131klay\u0131n\u0131z<br \/>\n<\/a><\/span><span style=\"color: #000000;\"><a style=\"color: #000000;\" href=\"https:\/\/dolphinfix.com.tr\/eticaret\/wp-content\/uploads\/2025\/03\/AKER-KIMYA-1504-3-FUK-UYGUNLUK-BELGESI-REV06-TR.pdf\" target=\"_blank\" rel=\"noopener\">CE Belgesini \u0130ndirmek \u0130\u00e7in T\u0131klay\u0131n\u0131z<\/a><\/span><\/p>\n","protected":false},"featured_media":16319,"comment_status":"open","ping_status":"closed","template":"","meta":{"_joinchat":[]},"product_cat":[118,85],"product_tag":[647,646,617,627,650,622,621,649,623,651,625,629,626,648,645],"class_list":{"0":"post-16008","1":"product","2":"type-product","3":"status-publish","4":"has-post-thumbnail","6":"product_cat-grout","7":"product_cat-yapi-kimyasallari","8":"product_tag-agir-hizmet-harci","9":"product_tag-ankraj-harci","10":"product_tag-beton-dolgu-harci","11":"product_tag-catlak-doldurma-harci","12":"product_tag-dayanikli-dolgu-harci","13":"product_tag-dis-cephe-dolgu-harci","14":"product_tag-endustriyel-dolgu-harci","15":"product_tag-hizli-sertlesen-dolgu-harci","16":"product_tag-ic-cephe-dolgu-harci","17":"product_tag-kaliteli-ankraj-harci","18":"product_tag-profesyonel-dolgu-harci","19":"product_tag-tamir-ve-dolgu-harci","20":"product_tag-uzun-omurlu-dolgu-harci","21":"product_tag-yapi-ankraj-harci","22":"product_tag-yuksek-performansli-dolgu-harci","24":"first","25":"instock","26":"taxable","27":"shipping-taxable","28":"purchasable","29":"product-type-variable"},"yoast_head":"<!-- This site is optimized with the Yoast SEO Premium plugin v20.2.1 (Yoast SEO v20.2.1) - https:\/\/yoast.com\/wordpress\/plugins\/seo\/ -->\n<title>GEX 1109 Y\u00fcksek Mukavemetli Grout Harc\u0131 | B\u00fcz\u00fclmeyen Ankraj ve Sabitleme Harc\u0131<\/title>\n<meta name=\"description\" content=\"GEX 1109 grout harc\u0131; y\u00fcksek mukavemetli, ak\u0131c\u0131 ve b\u00fcz\u00fclmeyen yap\u0131s\u0131yla \u00e7elik konstr\u00fcksiyon, makine temeli, ankraj ve beton tamir uygulamalar\u0131nda g\u00fcvenli \u00e7\u00f6z\u00fcm sunar.\" \/>\n<meta name=\"robots\" content=\"index, follow, max-snippet:-1, max-image-preview:large, max-video-preview:-1\" \/>\n<link rel=\"canonical\" href=\"https:\/\/dolphinfix.com.tr\/eticaret\/urun\/gex-1109-yuksek-mukavemetli-buzulmeyen-grout-harci\/\" \/>\n<meta property=\"og:locale\" content=\"tr_TR\" \/>\n<meta property=\"og:type\" content=\"article\" \/>\n<meta property=\"og:title\" content=\"D GROUT EX GEX 1109 - Y\u00dcKSEK PERFORMANSLI DOLGU VE ANKRAJ HARCI\" \/>\n<meta property=\"og:description\" content=\"GEX 1109 grout harc\u0131; y\u00fcksek mukavemetli, ak\u0131c\u0131 ve b\u00fcz\u00fclmeyen yap\u0131s\u0131yla \u00e7elik konstr\u00fcksiyon, makine temeli, ankraj ve beton tamir uygulamalar\u0131nda g\u00fcvenli \u00e7\u00f6z\u00fcm sunar.\" \/>\n<meta property=\"og:url\" content=\"https:\/\/dolphinfix.com.tr\/eticaret\/urun\/gex-1109-yuksek-mukavemetli-buzulmeyen-grout-harci\/\" \/>\n<meta property=\"og:site_name\" content=\"Dolphinfix\" \/>\n<meta property=\"article:modified_time\" content=\"2026-03-12T06:47:09+00:00\" \/>\n<meta property=\"og:image\" content=\"https:\/\/dolphinfix.com.tr\/eticaret\/wp-content\/uploads\/2024\/10\/1109.png\" \/>\n\t<meta property=\"og:image:width\" content=\"1000\" \/>\n\t<meta property=\"og:image:height\" content=\"1000\" \/>\n\t<meta property=\"og:image:type\" content=\"image\/png\" \/>\n<meta name=\"twitter:card\" content=\"summary_large_image\" \/>\n<meta name=\"twitter:label1\" content=\"Tahmini okuma s\u00fcresi\" \/>\n\t<meta name=\"twitter:data1\" content=\"3 dakika\" \/>\n<script type=\"application\/ld+json\" class=\"yoast-schema-graph\">{\"@context\":\"https:\/\/schema.org\",\"@graph\":[{\"@type\":\"WebPage\",\"@id\":\"https:\/\/dolphinfix.com.tr\/eticaret\/urun\/gex-1109-yuksek-mukavemetli-buzulmeyen-grout-harci\/\",\"url\":\"https:\/\/dolphinfix.com.tr\/eticaret\/urun\/gex-1109-yuksek-mukavemetli-buzulmeyen-grout-harci\/\",\"name\":\"GEX 1109 Y\u00fcksek Mukavemetli Grout Harc\u0131 | B\u00fcz\u00fclmeyen Ankraj ve Sabitleme Harc\u0131\",\"isPartOf\":{\"@id\":\"https:\/\/dolphinfix.com.tr\/eticaret\/#website\"},\"datePublished\":\"2024-10-19T15:10:02+00:00\",\"dateModified\":\"2026-03-12T06:47:09+00:00\",\"description\":\"GEX 1109 grout harc\u0131; y\u00fcksek mukavemetli, ak\u0131c\u0131 ve b\u00fcz\u00fclmeyen yap\u0131s\u0131yla \u00e7elik konstr\u00fcksiyon, makine temeli, ankraj ve beton tamir uygulamalar\u0131nda g\u00fcvenli \u00e7\u00f6z\u00fcm sunar.\",\"breadcrumb\":{\"@id\":\"https:\/\/dolphinfix.com.tr\/eticaret\/urun\/gex-1109-yuksek-mukavemetli-buzulmeyen-grout-harci\/#breadcrumb\"},\"inLanguage\":\"tr\",\"potentialAction\":[{\"@type\":\"ReadAction\",\"target\":[\"https:\/\/dolphinfix.com.tr\/eticaret\/urun\/gex-1109-yuksek-mukavemetli-buzulmeyen-grout-harci\/\"]}]},{\"@type\":\"BreadcrumbList\",\"@id\":\"https:\/\/dolphinfix.com.tr\/eticaret\/urun\/gex-1109-yuksek-mukavemetli-buzulmeyen-grout-harci\/#breadcrumb\",\"itemListElement\":[{\"@type\":\"ListItem\",\"position\":1,\"name\":\"Home\",\"item\":\"https:\/\/dolphinfix.com.tr\/eticaret\/\"},{\"@type\":\"ListItem\",\"position\":2,\"name\":\"Market\",\"item\":\"https:\/\/dolphinfix.com.tr\/eticaret\/market\/\"},{\"@type\":\"ListItem\",\"position\":3,\"name\":\"D GROUT EX GEX 1109 &#8211; Y\u00dcKSEK PERFORMANSLI DOLGU VE ANKRAJ HARCI\"}]},{\"@type\":\"WebSite\",\"@id\":\"https:\/\/dolphinfix.com.tr\/eticaret\/#website\",\"url\":\"https:\/\/dolphinfix.com.tr\/eticaret\/\",\"name\":\"Dolphinfix\",\"description\":\"\",\"potentialAction\":[{\"@type\":\"SearchAction\",\"target\":{\"@type\":\"EntryPoint\",\"urlTemplate\":\"https:\/\/dolphinfix.com.tr\/eticaret\/?s={search_term_string}\"},\"query-input\":\"required name=search_term_string\"}],\"inLanguage\":\"tr\"}]}<\/script>\n<!-- \/ Yoast SEO Premium plugin. -->","yoast_head_json":{"title":"GEX 1109 Y\u00fcksek Mukavemetli Grout Harc\u0131 | B\u00fcz\u00fclmeyen Ankraj ve Sabitleme Harc\u0131","description":"GEX 1109 grout harc\u0131; y\u00fcksek mukavemetli, ak\u0131c\u0131 ve b\u00fcz\u00fclmeyen yap\u0131s\u0131yla \u00e7elik konstr\u00fcksiyon, makine temeli, ankraj ve beton tamir uygulamalar\u0131nda g\u00fcvenli \u00e7\u00f6z\u00fcm sunar.","robots":{"index":"index","follow":"follow","max-snippet":"max-snippet:-1","max-image-preview":"max-image-preview:large","max-video-preview":"max-video-preview:-1"},"canonical":"https:\/\/dolphinfix.com.tr\/eticaret\/urun\/gex-1109-yuksek-mukavemetli-buzulmeyen-grout-harci\/","og_locale":"tr_TR","og_type":"article","og_title":"D GROUT EX GEX 1109 - Y\u00dcKSEK PERFORMANSLI DOLGU VE ANKRAJ HARCI","og_description":"GEX 1109 grout harc\u0131; y\u00fcksek mukavemetli, ak\u0131c\u0131 ve b\u00fcz\u00fclmeyen yap\u0131s\u0131yla \u00e7elik konstr\u00fcksiyon, makine temeli, ankraj ve beton tamir uygulamalar\u0131nda g\u00fcvenli \u00e7\u00f6z\u00fcm sunar.","og_url":"https:\/\/dolphinfix.com.tr\/eticaret\/urun\/gex-1109-yuksek-mukavemetli-buzulmeyen-grout-harci\/","og_site_name":"Dolphinfix","article_modified_time":"2026-03-12T06:47:09+00:00","og_image":[{"width":1000,"height":1000,"url":"https:\/\/dolphinfix.com.tr\/eticaret\/wp-content\/uploads\/2024\/10\/1109.png","type":"image\/png"}],"twitter_card":"summary_large_image","twitter_misc":{"Tahmini okuma s\u00fcresi":"3 dakika"},"schema":{"@context":"https:\/\/schema.org","@graph":[{"@type":"WebPage","@id":"https:\/\/dolphinfix.com.tr\/eticaret\/urun\/gex-1109-yuksek-mukavemetli-buzulmeyen-grout-harci\/","url":"https:\/\/dolphinfix.com.tr\/eticaret\/urun\/gex-1109-yuksek-mukavemetli-buzulmeyen-grout-harci\/","name":"GEX 1109 Y\u00fcksek Mukavemetli Grout Harc\u0131 | B\u00fcz\u00fclmeyen Ankraj ve Sabitleme Harc\u0131","isPartOf":{"@id":"https:\/\/dolphinfix.com.tr\/eticaret\/#website"},"datePublished":"2024-10-19T15:10:02+00:00","dateModified":"2026-03-12T06:47:09+00:00","description":"GEX 1109 grout harc\u0131; y\u00fcksek mukavemetli, ak\u0131c\u0131 ve b\u00fcz\u00fclmeyen yap\u0131s\u0131yla \u00e7elik konstr\u00fcksiyon, makine temeli, ankraj ve beton tamir uygulamalar\u0131nda g\u00fcvenli \u00e7\u00f6z\u00fcm sunar.","breadcrumb":{"@id":"https:\/\/dolphinfix.com.tr\/eticaret\/urun\/gex-1109-yuksek-mukavemetli-buzulmeyen-grout-harci\/#breadcrumb"},"inLanguage":"tr","potentialAction":[{"@type":"ReadAction","target":["https:\/\/dolphinfix.com.tr\/eticaret\/urun\/gex-1109-yuksek-mukavemetli-buzulmeyen-grout-harci\/"]}]},{"@type":"BreadcrumbList","@id":"https:\/\/dolphinfix.com.tr\/eticaret\/urun\/gex-1109-yuksek-mukavemetli-buzulmeyen-grout-harci\/#breadcrumb","itemListElement":[{"@type":"ListItem","position":1,"name":"Home","item":"https:\/\/dolphinfix.com.tr\/eticaret\/"},{"@type":"ListItem","position":2,"name":"Market","item":"https:\/\/dolphinfix.com.tr\/eticaret\/market\/"},{"@type":"ListItem","position":3,"name":"D GROUT EX GEX 1109 &#8211; Y\u00dcKSEK PERFORMANSLI DOLGU VE ANKRAJ HARCI"}]},{"@type":"WebSite","@id":"https:\/\/dolphinfix.com.tr\/eticaret\/#website","url":"https:\/\/dolphinfix.com.tr\/eticaret\/","name":"Dolphinfix","description":"","potentialAction":[{"@type":"SearchAction","target":{"@type":"EntryPoint","urlTemplate":"https:\/\/dolphinfix.com.tr\/eticaret\/?s={search_term_string}"},"query-input":"required name=search_term_string"}],"inLanguage":"tr"}]}},"_links":{"self":[{"href":"https:\/\/dolphinfix.com.tr\/eticaret\/wp-json\/wp\/v2\/product\/16008","targetHints":{"allow":["GET"]}}],"collection":[{"href":"https:\/\/dolphinfix.com.tr\/eticaret\/wp-json\/wp\/v2\/product"}],"about":[{"href":"https:\/\/dolphinfix.com.tr\/eticaret\/wp-json\/wp\/v2\/types\/product"}],"replies":[{"embeddable":true,"href":"https:\/\/dolphinfix.com.tr\/eticaret\/wp-json\/wp\/v2\/comments?post=16008"}],"version-history":[{"count":6,"href":"https:\/\/dolphinfix.com.tr\/eticaret\/wp-json\/wp\/v2\/product\/16008\/revisions"}],"predecessor-version":[{"id":18902,"href":"https:\/\/dolphinfix.com.tr\/eticaret\/wp-json\/wp\/v2\/product\/16008\/revisions\/18902"}],"wp:featuredmedia":[{"embeddable":true,"href":"https:\/\/dolphinfix.com.tr\/eticaret\/wp-json\/wp\/v2\/media\/16319"}],"wp:attachment":[{"href":"https:\/\/dolphinfix.com.tr\/eticaret\/wp-json\/wp\/v2\/media?parent=16008"}],"wp:term":[{"taxonomy":"product_cat","embeddable":true,"href":"https:\/\/dolphinfix.com.tr\/eticaret\/wp-json\/wp\/v2\/product_cat?post=16008"},{"taxonomy":"product_tag","embeddable":true,"href":"https:\/\/dolphinfix.com.tr\/eticaret\/wp-json\/wp\/v2\/product_tag?post=16008"}],"curies":[{"name":"wp","href":"https:\/\/api.w.org\/{rel}","templated":true}]}}