{"id":16028,"date":"2024-10-19T18:31:35","date_gmt":"2024-10-19T15:31:35","guid":{"rendered":"https:\/\/dolphinfix.com.tr\/eticaret?post_type=product&#038;p=16028"},"modified":"2026-03-13T08:18:55","modified_gmt":"2026-03-13T05:18:55","slug":"ykk-830-korunt-agregali-yuzey-sertlestirici","status":"publish","type":"product","link":"https:\/\/dolphinfix.com.tr\/eticaret\/urun\/ykk-830-korunt-agregali-yuzey-sertlestirici\/","title":{"rendered":"KUV KOR YKK 830 &#8211; Y\u00dcZEY SERTLE\u015eT\u0130C\u0130 KUVARS VE KORUNT"},"content":{"rendered":"<h3><span style=\"color: #c61016;\">\u00dcR\u00dcN B\u0130LG\u0130LER\u0130 ;<\/span><\/h3>\n<p data-pm-slice=\"1 1 []\"><span style=\"color: #000000;\"><strong>TANIMI:<\/strong> YKK 830, Zeminlerin y\u00fczeylerini sert ve dayan\u0131kl\u0131 hale getirmek i\u00e7in geli\u015ftirilmi\u015f \u00e7imento esasl\u0131 korunt agregal\u0131, \u00f6zel renk pigmentleri ile renklendirilmi\u015f y\u00fczey sertle\u015ftiricidir.<\/span><\/p>\n<p><span style=\"color: #000000;\"><strong>KULLANIM ALANLARI<\/strong><\/span><br \/>\n<span style=\"color: #000000;\">\u2022\u0130\u00e7 ve d\u0131\u015f mek\u00e2nlarda,<\/span><br \/>\n<span style=\"color: #000000;\">\u2022Otopark, garaj, hangar, mekanik at\u00f6lyeler ve rampalarda,<\/span><br \/>\n<span style=\"color: #000000;\">\u2022Yer alt\u0131 ge\u00e7itleri metro\/tramvay istasyonlar\u0131 ve u\u00e7ak hangarlar\u0131nda,<\/span><br \/>\n<span style=\"color: #000000;\">\u2022Hastahane, malzeme depolar\u0131, fabrikalar, fuar lanlar\u0131, al\u0131\u015fveri\u015f merkezleri, s\u00fcper market zeminleri, end\u00fcstriyel yap\u0131lar ve gezi alanlar\u0131nda,<\/span><br \/>\n<span style=\"color: #000000;\">\u2022Benzin istasyonlar\u0131nda, parklarda ve yaya trafi\u011finin yo\u011fun oldu\u011fu alanlarda,<\/span><br \/>\n<span style=\"color: #000000;\">\u2022A\u015f\u0131nma direncine ihtiya\u00e7 duyulan y\u00fczeylerde,<\/span><\/p>\n<p><span style=\"color: #000000;\"><strong>\u00dcR\u00dcN \u00d6ZELL\u0130KLER\u0130<\/strong><\/span><br \/>\n<span style=\"color: #000000;\">\u2022Y\u00fczeyin tozumas\u0131n\u0131 engeller,<\/span><br \/>\n<span style=\"color: #000000;\">\u2022A\u015f\u0131nmaya kar\u015f\u0131 diren\u00e7 sa\u011flar,<\/span><br \/>\n<span style=\"color: #000000;\">\u2022Betonun su ge\u00e7irimsizli\u011fini art\u0131r\u0131r,<\/span><br \/>\n<span style=\"color: #000000;\">\u2022Y\u00fczey, ya\u011flara kar\u015f\u0131 dayan\u0131kl\u0131 hale getirir, Oksitlenme yapmaz,<\/span><br \/>\n<span style=\"color: #000000;\">\u2022Temizlenmesi ve bak\u0131m\u0131 kolayd\u0131r,<\/span><br \/>\n<span style=\"color: #000000;\">\u2022Mek\u00e2na estetik bir g\u00f6r\u00fcn\u00fcm kazand\u0131r\u0131r,<\/span><br \/>\n<span style=\"color: #000000;\">\u2022\u00c7e\u015fitli renk se\u00e7enekleri sunar.<\/span><\/p>\n<p><span style=\"color: #000000;\"><strong>TEKN\u0130K \u00d6ZELL\u0130KLER<\/strong><\/span><br \/>\n<span style=\"color: #000000;\">Malzemenin Yap\u0131s\u0131 :Mineral dolgular, sentetik katk\u0131lar ve \u00e7imento i\u00e7erir.<\/span><br \/>\n<span style=\"color: #000000;\">Renk :Gri, KIRMIZI,YE\u015e\u0130L, SARI, ANTRASIT<\/span><br \/>\n<span style=\"color: #000000;\">Bay\u0131nd\u0131rl\u0131k Poz No :10.300.2100 &#8211; GR\u0130<\/span><br \/>\n<span style=\"color: #000000;\">10.300.2101 &#8211; KIRMIZI<\/span><br \/>\n<span style=\"color: #000000;\">10.300.2102 &#8211; YE\u015e\u0130L<\/span><br \/>\n<span style=\"color: #000000;\">*E\u011filme Dayan\u0131m\u0131 (28 g\u00fcn) (TS EN 196) :\u22659 N\/mm\u00b2<\/span><br \/>\n<span style=\"color: #000000;\">Bas\u0131n\u00e7 Dayan\u0131m\u0131 :\u226565 N\/mm\u00b2<\/span><br \/>\n<span style=\"color: #000000;\">A\u015f\u0131nma Dayan\u0131m\u0131 :\u22643,5 gr (H22, 1000 gr, 1000 devir)<\/span><br \/>\n<span style=\"color: #000000;\">Yang\u0131na Diren\u00e7 A1<\/span><br \/>\n<span style=\"color: #000000;\">Uygulama S\u0131cakl\u0131\u011f\u0131 :(+5 \u00b0C) &#8211; (+30\u00b0C)<\/span><\/p>\n<p><span style=\"color: #000000;\">*Tipik de\u011ferler: +23\u00b0C\u2019de %50 ba\u011f\u0131l nem ko\u015fullar\u0131nda 4x4x16 cm har\u00e7 prizmas\u0131nda yap\u0131lan deneyler sonucunda elde edilmi\u015ftir. Y\u00fcksek s\u0131cakl\u0131klar s\u00fcreleri k\u0131salt\u0131r, d\u00fc\u015f\u00fck s\u0131cakl\u0131klar uzat\u0131r.<\/span><\/p>\n<p><span style=\"color: #000000;\"><strong>SARF\u0130YAT<\/strong><\/span><br \/>\n<span style=\"color: #000000;\">4-6 Kg\/m\u00b2<\/span><\/p>\n<p><span style=\"color: #000000;\"><strong>AMBALAJ<\/strong><\/span><br \/>\n<span style=\"color: #000000;\">25 kg\u2019l\u0131k torba<\/span><\/p>\n<p><span style=\"color: #000000;\"><strong>DEPOLAMA<\/strong><\/span><br \/>\n<span style=\"color: #000000;\">A\u00e7\u0131lmam\u0131\u015f orijinal ambalaj\u0131nda, serin ve kuru ortamda, dondan korunarak depolanmal\u0131d\u0131r. K\u0131sa s\u00fcreli depolamalarda, en fazla 3 palet \u00fcst \u00fcste konulmal\u0131 ve ilk giren ilk \u00e7\u0131kar sistemiyle sevkiyat yap\u0131lmal\u0131d\u0131r. Uzun s\u00fcreli depolamalarda ise, paletler \u00fcst \u00fcste konulmamal\u0131d\u0131r.<\/span><\/p>\n","protected":false},"excerpt":{"rendered":"<p><span style=\"color: #000000;\"><a style=\"color: #000000;\" href=\"https:\/\/dolphinfix.com.tr\/eticaret\/wp-content\/uploads\/2025\/05\/YKK-830-TDS.pdf\" target=\"_blank\" rel=\"noopener\">TDS Belgesini \u0130ndirmek \u0130\u00e7in T\u0131klay\u0131n\u0131z<\/a><\/span><br \/>\n<span style=\"color: #000000;\"><a style=\"color: #000000;\" href=\"https:\/\/dolphinfix.com.tr\/eticaret\/wp-content\/uploads\/2025\/03\/AKER-KIMYA-EN-1504-2-FUK-UYGUNLUK-BELGESI-REV06-TR.pdf\" target=\"_blank\" rel=\"noopener\">CE Belgesini \u0130ndirmek \u0130\u00e7in T\u0131klay\u0131n\u0131z<\/a><\/span><\/p>\n","protected":false},"featured_media":16181,"comment_status":"open","ping_status":"closed","template":"","meta":{"_joinchat":[]},"product_cat":[140,90],"product_tag":[680,672,673,689,677,684,675,681,687,688,679,662,674,669,676],"class_list":{"0":"post-16028","1":"product","2":"type-product","3":"status-publish","4":"has-post-thumbnail","6":"product_cat-yuzey-sertlestirici-beton-ve-sap","7":"product_cat-zemin-cozumleri","8":"product_tag-beton-guclendirici","9":"product_tag-beton-yuzey-sertlestirici","10":"product_tag-dayanikli-yuzey-kaplama","11":"product_tag-dekoratif-kaplama","12":"product_tag-endustriyel-zemin-kaplamasi","13":"product_tag-gri-yuzey-kaplama","14":"product_tag-insaat-malzemesi","15":"product_tag-kolay-uygulanabilir-yuzey-kaplama","16":"product_tag-kuvars-ve-korunt-sertlestirici","17":"product_tag-profesyonel-uygulama-kuvars-ve-korunt","18":"product_tag-uzun-omurlu-yuzey-kaplama","19":"product_tag-yapi-malzemeleri","20":"product_tag-yuksek-performansli-yuzey-kaplama","21":"product_tag-yuzey-sertlestirici","22":"product_tag-zemin-kaplama-malzemesi","24":"first","25":"instock","26":"taxable","27":"shipping-taxable","28":"purchasable","29":"product-type-variable"},"yoast_head":"<!-- This site is optimized with the Yoast SEO Premium plugin v20.2.1 (Yoast SEO v20.2.1) - https:\/\/yoast.com\/wordpress\/plugins\/seo\/ -->\n<title>YKK 830 Korunt Agregal\u0131 Y\u00fczey Sertle\u015ftirici | Beton Zemin<\/title>\n<meta name=\"description\" content=\"YKK 830 korund agregal\u0131 y\u00fczey sertle\u015ftirici, beton zeminlerde y\u00fcksek a\u015f\u0131nma direnci ve dayan\u0131m sa\u011flar. Otopark, fabrika ve yo\u011fun trafikli alanlar i\u00e7in ideal.\" \/>\n<meta name=\"robots\" content=\"index, follow, max-snippet:-1, max-image-preview:large, max-video-preview:-1\" \/>\n<link rel=\"canonical\" href=\"https:\/\/dolphinfix.com.tr\/eticaret\/urun\/ykk-830-korunt-agregali-yuzey-sertlestirici\/\" \/>\n<meta property=\"og:locale\" content=\"tr_TR\" \/>\n<meta property=\"og:type\" content=\"article\" \/>\n<meta property=\"og:title\" content=\"KUV KOR YKK 830 - Y\u00dcZEY SERTLE\u015eT\u0130C\u0130 KUVARS VE KORUNT\" \/>\n<meta property=\"og:description\" content=\"YKK 830 korund agregal\u0131 y\u00fczey sertle\u015ftirici, beton zeminlerde y\u00fcksek a\u015f\u0131nma direnci ve dayan\u0131m sa\u011flar. Otopark, fabrika ve yo\u011fun trafikli alanlar i\u00e7in ideal.\" \/>\n<meta property=\"og:url\" content=\"https:\/\/dolphinfix.com.tr\/eticaret\/urun\/ykk-830-korunt-agregali-yuzey-sertlestirici\/\" \/>\n<meta property=\"og:site_name\" content=\"Dolphinfix\" \/>\n<meta property=\"article:modified_time\" content=\"2026-03-13T05:18:55+00:00\" \/>\n<meta property=\"og:image\" content=\"https:\/\/dolphinfix.com.tr\/eticaret\/wp-content\/uploads\/2024\/10\/830.png\" \/>\n\t<meta property=\"og:image:width\" content=\"1000\" \/>\n\t<meta property=\"og:image:height\" content=\"1000\" \/>\n\t<meta property=\"og:image:type\" content=\"image\/png\" \/>\n<meta name=\"twitter:card\" content=\"summary_large_image\" \/>\n<meta name=\"twitter:label1\" content=\"Tahmini okuma s\u00fcresi\" \/>\n\t<meta name=\"twitter:data1\" content=\"2 dakika\" \/>\n<script type=\"application\/ld+json\" class=\"yoast-schema-graph\">{\"@context\":\"https:\/\/schema.org\",\"@graph\":[{\"@type\":\"WebPage\",\"@id\":\"https:\/\/dolphinfix.com.tr\/eticaret\/urun\/ykk-830-korunt-agregali-yuzey-sertlestirici\/\",\"url\":\"https:\/\/dolphinfix.com.tr\/eticaret\/urun\/ykk-830-korunt-agregali-yuzey-sertlestirici\/\",\"name\":\"YKK 830 Korunt Agregal\u0131 Y\u00fczey Sertle\u015ftirici | Beton Zemin\",\"isPartOf\":{\"@id\":\"https:\/\/dolphinfix.com.tr\/eticaret\/#website\"},\"datePublished\":\"2024-10-19T15:31:35+00:00\",\"dateModified\":\"2026-03-13T05:18:55+00:00\",\"description\":\"YKK 830 korund agregal\u0131 y\u00fczey sertle\u015ftirici, beton zeminlerde y\u00fcksek a\u015f\u0131nma direnci ve dayan\u0131m sa\u011flar. Otopark, fabrika ve yo\u011fun trafikli alanlar i\u00e7in ideal.\",\"breadcrumb\":{\"@id\":\"https:\/\/dolphinfix.com.tr\/eticaret\/urun\/ykk-830-korunt-agregali-yuzey-sertlestirici\/#breadcrumb\"},\"inLanguage\":\"tr\",\"potentialAction\":[{\"@type\":\"ReadAction\",\"target\":[\"https:\/\/dolphinfix.com.tr\/eticaret\/urun\/ykk-830-korunt-agregali-yuzey-sertlestirici\/\"]}]},{\"@type\":\"BreadcrumbList\",\"@id\":\"https:\/\/dolphinfix.com.tr\/eticaret\/urun\/ykk-830-korunt-agregali-yuzey-sertlestirici\/#breadcrumb\",\"itemListElement\":[{\"@type\":\"ListItem\",\"position\":1,\"name\":\"Home\",\"item\":\"https:\/\/dolphinfix.com.tr\/eticaret\/\"},{\"@type\":\"ListItem\",\"position\":2,\"name\":\"Market\",\"item\":\"https:\/\/dolphinfix.com.tr\/eticaret\/market\/\"},{\"@type\":\"ListItem\",\"position\":3,\"name\":\"KUV KOR YKK 830 &#8211; Y\u00dcZEY SERTLE\u015eT\u0130C\u0130 KUVARS VE KORUNT\"}]},{\"@type\":\"WebSite\",\"@id\":\"https:\/\/dolphinfix.com.tr\/eticaret\/#website\",\"url\":\"https:\/\/dolphinfix.com.tr\/eticaret\/\",\"name\":\"Dolphinfix\",\"description\":\"\",\"potentialAction\":[{\"@type\":\"SearchAction\",\"target\":{\"@type\":\"EntryPoint\",\"urlTemplate\":\"https:\/\/dolphinfix.com.tr\/eticaret\/?s={search_term_string}\"},\"query-input\":\"required name=search_term_string\"}],\"inLanguage\":\"tr\"}]}<\/script>\n<!-- \/ Yoast SEO Premium plugin. -->","yoast_head_json":{"title":"YKK 830 Korunt Agregal\u0131 Y\u00fczey Sertle\u015ftirici | Beton Zemin","description":"YKK 830 korund agregal\u0131 y\u00fczey sertle\u015ftirici, beton zeminlerde y\u00fcksek a\u015f\u0131nma direnci ve dayan\u0131m sa\u011flar. Otopark, fabrika ve yo\u011fun trafikli alanlar i\u00e7in ideal.","robots":{"index":"index","follow":"follow","max-snippet":"max-snippet:-1","max-image-preview":"max-image-preview:large","max-video-preview":"max-video-preview:-1"},"canonical":"https:\/\/dolphinfix.com.tr\/eticaret\/urun\/ykk-830-korunt-agregali-yuzey-sertlestirici\/","og_locale":"tr_TR","og_type":"article","og_title":"KUV KOR YKK 830 - Y\u00dcZEY SERTLE\u015eT\u0130C\u0130 KUVARS VE KORUNT","og_description":"YKK 830 korund agregal\u0131 y\u00fczey sertle\u015ftirici, beton zeminlerde y\u00fcksek a\u015f\u0131nma direnci ve dayan\u0131m sa\u011flar. Otopark, fabrika ve yo\u011fun trafikli alanlar i\u00e7in ideal.","og_url":"https:\/\/dolphinfix.com.tr\/eticaret\/urun\/ykk-830-korunt-agregali-yuzey-sertlestirici\/","og_site_name":"Dolphinfix","article_modified_time":"2026-03-13T05:18:55+00:00","og_image":[{"width":1000,"height":1000,"url":"https:\/\/dolphinfix.com.tr\/eticaret\/wp-content\/uploads\/2024\/10\/830.png","type":"image\/png"}],"twitter_card":"summary_large_image","twitter_misc":{"Tahmini okuma s\u00fcresi":"2 dakika"},"schema":{"@context":"https:\/\/schema.org","@graph":[{"@type":"WebPage","@id":"https:\/\/dolphinfix.com.tr\/eticaret\/urun\/ykk-830-korunt-agregali-yuzey-sertlestirici\/","url":"https:\/\/dolphinfix.com.tr\/eticaret\/urun\/ykk-830-korunt-agregali-yuzey-sertlestirici\/","name":"YKK 830 Korunt Agregal\u0131 Y\u00fczey Sertle\u015ftirici | Beton Zemin","isPartOf":{"@id":"https:\/\/dolphinfix.com.tr\/eticaret\/#website"},"datePublished":"2024-10-19T15:31:35+00:00","dateModified":"2026-03-13T05:18:55+00:00","description":"YKK 830 korund agregal\u0131 y\u00fczey sertle\u015ftirici, beton zeminlerde y\u00fcksek a\u015f\u0131nma direnci ve dayan\u0131m sa\u011flar. Otopark, fabrika ve yo\u011fun trafikli alanlar i\u00e7in ideal.","breadcrumb":{"@id":"https:\/\/dolphinfix.com.tr\/eticaret\/urun\/ykk-830-korunt-agregali-yuzey-sertlestirici\/#breadcrumb"},"inLanguage":"tr","potentialAction":[{"@type":"ReadAction","target":["https:\/\/dolphinfix.com.tr\/eticaret\/urun\/ykk-830-korunt-agregali-yuzey-sertlestirici\/"]}]},{"@type":"BreadcrumbList","@id":"https:\/\/dolphinfix.com.tr\/eticaret\/urun\/ykk-830-korunt-agregali-yuzey-sertlestirici\/#breadcrumb","itemListElement":[{"@type":"ListItem","position":1,"name":"Home","item":"https:\/\/dolphinfix.com.tr\/eticaret\/"},{"@type":"ListItem","position":2,"name":"Market","item":"https:\/\/dolphinfix.com.tr\/eticaret\/market\/"},{"@type":"ListItem","position":3,"name":"KUV KOR YKK 830 &#8211; Y\u00dcZEY SERTLE\u015eT\u0130C\u0130 KUVARS VE KORUNT"}]},{"@type":"WebSite","@id":"https:\/\/dolphinfix.com.tr\/eticaret\/#website","url":"https:\/\/dolphinfix.com.tr\/eticaret\/","name":"Dolphinfix","description":"","potentialAction":[{"@type":"SearchAction","target":{"@type":"EntryPoint","urlTemplate":"https:\/\/dolphinfix.com.tr\/eticaret\/?s={search_term_string}"},"query-input":"required name=search_term_string"}],"inLanguage":"tr"}]}},"_links":{"self":[{"href":"https:\/\/dolphinfix.com.tr\/eticaret\/wp-json\/wp\/v2\/product\/16028","targetHints":{"allow":["GET"]}}],"collection":[{"href":"https:\/\/dolphinfix.com.tr\/eticaret\/wp-json\/wp\/v2\/product"}],"about":[{"href":"https:\/\/dolphinfix.com.tr\/eticaret\/wp-json\/wp\/v2\/types\/product"}],"replies":[{"embeddable":true,"href":"https:\/\/dolphinfix.com.tr\/eticaret\/wp-json\/wp\/v2\/comments?post=16028"}],"version-history":[{"count":6,"href":"https:\/\/dolphinfix.com.tr\/eticaret\/wp-json\/wp\/v2\/product\/16028\/revisions"}],"predecessor-version":[{"id":19351,"href":"https:\/\/dolphinfix.com.tr\/eticaret\/wp-json\/wp\/v2\/product\/16028\/revisions\/19351"}],"wp:featuredmedia":[{"embeddable":true,"href":"https:\/\/dolphinfix.com.tr\/eticaret\/wp-json\/wp\/v2\/media\/16181"}],"wp:attachment":[{"href":"https:\/\/dolphinfix.com.tr\/eticaret\/wp-json\/wp\/v2\/media?parent=16028"}],"wp:term":[{"taxonomy":"product_cat","embeddable":true,"href":"https:\/\/dolphinfix.com.tr\/eticaret\/wp-json\/wp\/v2\/product_cat?post=16028"},{"taxonomy":"product_tag","embeddable":true,"href":"https:\/\/dolphinfix.com.tr\/eticaret\/wp-json\/wp\/v2\/product_tag?post=16028"}],"curies":[{"name":"wp","href":"https:\/\/api.w.org\/{rel}","templated":true}]}}