{"id":16042,"date":"2024-10-19T21:49:32","date_gmt":"2024-10-19T18:49:32","guid":{"rendered":"https:\/\/dolphinfix.com.tr\/eticaret?post_type=product&#038;p=16042"},"modified":"2026-03-13T07:39:28","modified_gmt":"2026-03-13T04:39:28","slug":"mfa-1002-kendiliginden-yayilan-zemin-tesviye-sapi","status":"publish","type":"product","link":"https:\/\/dolphinfix.com.tr\/eticaret\/urun\/mfa-1002-kendiliginden-yayilan-zemin-tesviye-sapi\/","title":{"rendered":"MICROFLOOR A 1002 MFA &#8211; \u00d6ZEL TESV\u0130YE \u015eAPI 3-30 MM"},"content":{"rendered":"<h3><span style=\"color: #c61016;\">\u00dcR\u00dcN B\u0130LG\u0130LER\u0130 ;<\/span><\/h3>\n<p data-pm-slice=\"1 1 []\"><span style=\"color: #000000;\"><strong>TANIMI:<\/strong> MFA 1002, \u00f6zel \u00e7imentolardan, dolgu malzemelerinden, ba\u011flay\u0131c\u0131lardan ve kimyasal katk\u0131 malzemelerinden olu\u015fan, elle veya pompa ile uygulanabilen bir zemin tesviye \u015fap\u0131d\u0131r. Tek katta 3-30 mm kal\u0131nl\u0131kta uygulanmak \u00fczere geli\u015ftirilmi\u015ftir. S\u00fcper plastifiyanlar i\u00e7eren yeni nesil \u00e7evre dostu \u00fcr\u00fcnlerdir.<\/span><\/p>\n<p><span style=\"color: #000000;\"><strong>KULLANIM ALANLARI<\/strong><\/span><br \/>\n<span style=\"color: #000000;\">Mevcut binalar\u0131n revonasyonunda ve yeni in\u015faatlarda, beton zeminlerin teraziye getirilmesi ve y\u00fczeylerinin p\u00fcr\u00fczs\u00fczle\u015ftirilmesi ama\u00e7l\u0131 bir zemin tesviye \u015fap\u0131 olarak geli\u015ftirilmi\u015ftir. Bir zemin haz\u0131rl\u0131k malzemesi olarak kullan\u0131lan yap\u0131\u015ft\u0131r\u0131c\u0131lar ve yumu\u015fak zemin kaplama malzemeleriyle oldu\u011fu kadar, ak\u015fap zemin<\/span><br \/>\n<span style=\"color: #000000;\">kaplamalar\u0131ylada uyumludur. G\u00f6r\u00fcn\u00fcm\u00fc normal beton zeminle benzerdir. Uygulama tekni\u011finden kaynaklanan renk ve doku farkl\u0131l\u0131klar\u0131 g\u00f6r\u00fclebilir (\u00f6rne\u011fin mala hareketlerinin olu\u015fturdu\u011fu \u00e7izgiler) Son kat zemin kaplamas\u0131 olarak kullan\u0131lmamal\u0131d\u0131r. B\u00fcnyesinde kazein veya ba\u015fka protein i\u00e7eren kak\u0131 maddeleri<\/span><br \/>\n<span style=\"color: #000000;\">bulunmad\u0131\u011f\u0131ndan, malzeme \u00f6zellikle hastanelerde ve g\u0131da \u00fcretim veya depolama mahallerinde kullan\u0131ma uygundur.<\/span><\/p>\n<p><span style=\"color: #000000;\"><strong>\u00dcR\u00dcN \u00d6ZELL\u0130KLER\u0130<\/strong><\/span><br \/>\n<span style=\"color: #000000;\">Ticari mekanlarda, hastanelerde, okullarda ve konutlarda kullan\u0131ma elveri\u015fli, dayan\u0131kl\u0131, \u00fczerine do\u011frudan yap\u0131\u015ft\u0131rma ile masif veya lamine parke, y\u00fczer sistem parke, pvc, linoleum, hal\u0131 veya seramik d\u00f6\u015fenebilecek p\u00fcr\u00fczs\u00fczl\u00fckte y\u00fczeyler elde edilmesini sa\u011flar. \u00c7ok d\u00fczg\u00fcn y\u00fczeyler olu\u015fturulmas\u0131na olanak verir. Normal ko\u015fullarda, uygulama tamamland\u0131ktan 2-4 saat sonra \u00fczerinde y\u00fcr\u00fcnebilir. H\u0131zl\u0131 sertle\u015fme ve kendili\u011finden yay\u0131lma \u00f6zelliklerini, d\u00fc\u015f\u00fck r\u00f6tre \u00f6zelli\u011fiyle birle\u015ftirir.<\/span><\/p>\n<p><span style=\"color: #000000;\"><strong>TEKN\u0130K \u00d6ZELL\u0130KLER<\/strong><\/span><br \/>\n<span style=\"color: #000000;\">E\u011filme mukavemeti : &gt; 5 N\/mm\u00b2<\/span><br \/>\n<span style=\"color: #000000;\">Bas\u0131n\u00e7 mukavemeti : &gt; 25 N\/mm\u00b2<\/span><br \/>\n<span style=\"color: #000000;\">Betona aderans (SS 92 35 07) : &gt; 1,5 N\/mm\u00b2<\/span><br \/>\n<span style=\"color: #000000;\">Serbest r\u00f6tre : % 0,04 \u2013 0,<\/span><br \/>\n<span style=\"color: #000000;\">%19 oran\u0131nda su ile kar\u0131\u015ft\u0131r\u0131lan, 28 g\u00fcn s\u00fcreyle +23 0C s\u0131cakl\u0131k ve %50 ba\u011f\u0131l nem ortam\u0131nda bekletilen malzemenin sa\u011flad\u0131\u011f\u0131 teknik de\u011ferler a\u015fa\u011f\u0131dad\u0131r.<\/span><\/p>\n<p><span style=\"color: #000000;\"><strong>UYGULAMA \u00d6ZELL\u0130KLER\u0130<\/strong><\/span><br \/>\n<span style=\"color: #000000;\">S\u0131v\u0131 kar\u0131\u015f\u0131m s\u00fcresi : 15 \u2013 20 dak.<\/span><br \/>\n<span style=\"color: #000000;\">pH de\u011feri : Yakla\u015f\u0131k 11<\/span><br \/>\n<span style=\"color: #000000;\">Sertle\u015fme s\u00fcresi (yaya trafi\u011fi) : 1 &#8211; 3 saat<\/span><br \/>\n<span style=\"color: #000000;\">Sertle\u015fme s\u00fcresi (son kaplama) : 1 &#8211; 3 g\u00fcn<\/span><br \/>\n<span style=\"color: #000000;\">Yukar\u0131da verilen sertle\u015fme s\u00fcreleri s\u0131cakl\u0131k, ba\u011f\u0131l nem ve y\u00fczeyin i\u00e7erdi\u011fi nem miktar\u0131na g\u00f6re farkl\u0131l\u0131k g\u00f6sterir.<\/span><\/p>\n<p><span style=\"color: #000000;\"><strong>UYGULAMA Y\u00d6NTEM\u0130<\/strong><\/span><br \/>\n<span style=\"color: #000000;\"><strong>Y\u00fczey Haz\u0131rl\u0131\u011f\u0131: <\/strong>Uygulama yap\u0131lacak y\u00fczeylerinin sa\u011flam, ta\u015f\u0131y\u0131c\u0131, tozsuz ve temiz olmas\u0131na dikkat edilmelidir. Birikmi\u015f su, pas, kesme tala\u015f\u0131, gres ya\u011f\u0131 ve buz gibi yap\u0131\u015fmay\u0131 zay\u0131flatacak kal\u0131nt\u0131lar\u0131ndan iyice temizlenmelidir. Kal\u0131p uygulamalar\u0131nda b\u00fct\u00fcn kal\u0131plar\u0131n yeterli dayan\u0131ma sahip olmal\u0131, mutlaka kal\u0131p ya\u011f\u0131 uygulanmal\u0131 ve ka\u00e7aklar\u0131 \u00f6nlenmelidir. Uygulama y\u00fczeyi suya doyurulmal\u0131 fakat y\u00fczeyde serbest su kalmamal\u0131d\u0131r.<\/span><\/p>\n<p><span style=\"color: #000000;\"><strong>UYGULAMA<\/strong><\/span><br \/>\n<span style=\"color: #000000;\">Haz\u0131rlanan harc\u0131 uygulama yerine d\u00f6k\u00fcn. Harc\u0131n i\u00e7indeki hava kabarc\u0131klar\u0131n\u0131n \u00e7\u0131kt\u0131\u011f\u0131ndan emin olunmal\u0131d\u0131r. Erken kurumay\u0131 engellemek i\u00e7in k\u00fcr malzemesi<\/span><br \/>\n<span style=\"color: #000000;\">kullan\u0131labilir veya uygun y\u00f6ntemlerle (\u0131slak tutmak, \u0131slak bezle \u00f6rtmek gibi) engellenmelidir. So\u011fuk havalarda koruyucu \u00f6rt\u00fcler kullan\u0131n\u0131z veya gerekli di\u011fer \u00f6nlemleri al\u0131n\u0131z.<\/span><\/p>\n<p><span style=\"color: #000000;\"><strong>KARI\u015eTIRMA<\/strong><\/span><br \/>\n<span style=\"color: #000000;\">Uygun su miktar\u0131 bir \u00f6l\u00e7ek yard\u0131m\u0131yla temiz kar\u0131\u015ft\u0131rma kovas\u0131na bo\u015falt\u0131l\u0131r. 25 Kg MRM 1000 kovadaki suyun \u00fczerine ilave edilerek d\u00fc\u015f\u00fck devirli bir kar\u0131\u015ft\u0131r\u0131c\u0131 ile homojen ve topaks\u0131z bir kar\u0131\u015f\u0131m elde edilinceye kadar 4 dakika kar\u0131\u015ft\u0131r\u0131l\u0131r.<\/span><\/p>\n<p><span style=\"color: #000000;\"><strong>KARI\u015eTIRMA ORANLARI<\/strong><\/span><br \/>\n<span style=\"color: #000000;\">MRM 1000\u00a0 \u00a0 \u00a0 \u00a0 \u00a0 \u00a0 \u00a0 \u00a0 \u00a0 \u00a0 \u00a0 \u00a0 \u00a0 \u00a0 \u00a0 \u00a0 \u00a0 \u00a0 1 KG TOZ \u0130\u00c7\u0130N\u00a0 \u00a0 \u00a0 \u00a0 \u00a0 \u00a0 \u00a025 KG TORBA \u0130\u00c7\u0130N<\/span><br \/>\n<span style=\"color: #000000;\">KARI\u015eIM SUYU M\u0130KTARI\u00a0 \u00a0 \u00a0 \u00a00,175 lt\u00a0 \u00a0 \u00a0 \u00a0 \u00a0 \u00a0 \u00a0 \u00a0 \u00a0 \u00a0 \u00a0 \u00a0 \u00a0 \u00a0 4,37 lt<\/span><br \/>\n<span style=\"color: #000000;\">KARI\u015eIM YO\u011eUNLU\u011eU\u00a0 \u00a0 \u00a0 \u00a0 \u00a0 \u00a01,75kg\/lt<\/span><\/p>\n<p><span style=\"color: #000000;\"><strong>SARF\u0130YAT<\/strong><\/span><br \/>\n<span style=\"color: #000000;\">Uygulama yap\u0131lacak y\u00fczeye ba\u011fl\u0131d\u0131r. 1 cm kal\u0131nl\u0131k i\u00e7in m\u00b2 ba\u015f\u0131na 15 kg<\/span><\/p>\n<p><span style=\"color: #000000;\"><strong>AMBALAJ<\/strong><\/span><br \/>\n<span style=\"color: #000000;\">25 kg.\u2019l\u0131k kraft torba.<\/span><\/p>\n<p><span style=\"color: #000000;\"><strong>DEPOLAMA S\u00dcRES\u0130<\/strong><\/span><br \/>\n<span style=\"color: #000000;\">A\u00e7\u0131lmam\u0131\u015f orijinal ambalaj\u0131nda, serin ve kuru ortamda, dondan korunarak depolanmal\u0131d\u0131r. 8 Torbadan fazla \u00fcst \u00fcste istiflenmemelidir.<\/span><\/p>\n<p><span style=\"color: #000000;\"><strong>RAF \u00d6MR\u00dc<\/strong><\/span><br \/>\n<span style=\"color: #000000;\">Uygun depolama ko\u015fullar\u0131nda \u00fcretim tarihinden itibaren 6 ayd\u0131r. A\u00e7\u0131lm\u0131\u015f ambalajlar uygun depolama ko\u015fullar\u0131nda saklanarak bir hafta i\u00e7inde kullan\u0131lmal\u0131d\u0131r.<\/span><\/p>\n","protected":false},"excerpt":{"rendered":"<p><span style=\"color: #000000;\"><a style=\"color: #000000;\" href=\"https:\/\/dolphinfix.com.tr\/eticaret\/wp-content\/uploads\/2025\/05\/MICROFLOOR-A-1002-MFA-3-30-mm-TDS.pdf\" target=\"_blank\" rel=\"noopener\">TDS Belgesini \u0130ndirmek \u0130\u00e7in T\u0131klay\u0131n\u0131z<br \/>\n<\/a><\/span><span style=\"color: #000000;\"><a style=\"color: #000000;\" href=\"#\" target=\"_blank\" rel=\"noopener\">CE Belgesini \u0130ndirmek \u0130\u00e7in T\u0131klay\u0131n\u0131z<\/a><\/span><\/p>\n","protected":false},"featured_media":16153,"comment_status":"open","ping_status":"closed","template":"","meta":{"_joinchat":[]},"product_cat":[142,90],"product_tag":[724,718,720,721,723,719,675,347,717,714,695,338,722,662,716],"class_list":{"0":"post-16042","1":"product","2":"type-product","3":"status-publish","4":"has-post-thumbnail","6":"product_cat-kendinden-yayilan-ozel-tesviye-sapi","7":"product_cat-zemin-cozumleri","8":"product_tag-3-30-mm-sap","9":"product_tag-beton-sap","10":"product_tag-dayanikli-zemin-sapi","11":"product_tag-dekoratif-zemin-sapi","12":"product_tag-endustriyel-zemin-sapi","13":"product_tag-hizli-kuruyan-sap","14":"product_tag-insaat-malzemesi","15":"product_tag-kolay-uygulanabilir-sap","16":"product_tag-mikro-sap","17":"product_tag-ozel-tesviye-sapi","18":"product_tag-profesyonel-zemin-uygulamasi","19":"product_tag-tesviye-sapi","20":"product_tag-uzun-omurlu-sap","21":"product_tag-yapi-malzemeleri","22":"product_tag-zemin-tesviye-harci","24":"first","25":"instock","26":"taxable","27":"shipping-taxable","28":"purchasable","29":"product-type-variable"},"yoast_head":"<!-- This site is optimized with the Yoast SEO Premium plugin v20.2.1 (Yoast SEO v20.2.1) - https:\/\/yoast.com\/wordpress\/plugins\/seo\/ -->\n<title>MFA 1002 Zemin Tesviye \u015eap\u0131 | Kendili\u011finden Yay\u0131lan<\/title>\n<meta name=\"description\" content=\"MFA 1002 zemin tesviye \u015fap\u0131, beton y\u00fczeyleri p\u00fcr\u00fczs\u00fcz hale getirir. Kendili\u011finden yay\u0131lan yap\u0131s\u0131 ve h\u0131zl\u0131 sertle\u015fmesi ile renovasyon ve yeni zeminler i\u00e7in idealdir.\" \/>\n<meta name=\"robots\" content=\"index, follow, max-snippet:-1, max-image-preview:large, max-video-preview:-1\" \/>\n<link rel=\"canonical\" href=\"https:\/\/dolphinfix.com.tr\/eticaret\/urun\/mfa-1002-kendiliginden-yayilan-zemin-tesviye-sapi\/\" \/>\n<meta property=\"og:locale\" content=\"tr_TR\" \/>\n<meta property=\"og:type\" content=\"article\" \/>\n<meta property=\"og:title\" content=\"MICROFLOOR A 1002 MFA - \u00d6ZEL TESV\u0130YE \u015eAPI 3-30 MM\" \/>\n<meta property=\"og:description\" content=\"MFA 1002 zemin tesviye \u015fap\u0131, beton y\u00fczeyleri p\u00fcr\u00fczs\u00fcz hale getirir. Kendili\u011finden yay\u0131lan yap\u0131s\u0131 ve h\u0131zl\u0131 sertle\u015fmesi ile renovasyon ve yeni zeminler i\u00e7in idealdir.\" \/>\n<meta property=\"og:url\" content=\"https:\/\/dolphinfix.com.tr\/eticaret\/urun\/mfa-1002-kendiliginden-yayilan-zemin-tesviye-sapi\/\" \/>\n<meta property=\"og:site_name\" content=\"Dolphinfix\" \/>\n<meta property=\"article:modified_time\" content=\"2026-03-13T04:39:28+00:00\" \/>\n<meta property=\"og:image\" content=\"https:\/\/dolphinfix.com.tr\/eticaret\/wp-content\/uploads\/2024\/10\/1002.png\" \/>\n\t<meta property=\"og:image:width\" content=\"1000\" \/>\n\t<meta property=\"og:image:height\" content=\"1000\" \/>\n\t<meta property=\"og:image:type\" content=\"image\/png\" \/>\n<meta name=\"twitter:card\" content=\"summary_large_image\" \/>\n<meta name=\"twitter:label1\" content=\"Tahmini okuma s\u00fcresi\" \/>\n\t<meta name=\"twitter:data1\" content=\"3 dakika\" \/>\n<script type=\"application\/ld+json\" class=\"yoast-schema-graph\">{\"@context\":\"https:\/\/schema.org\",\"@graph\":[{\"@type\":\"WebPage\",\"@id\":\"https:\/\/dolphinfix.com.tr\/eticaret\/urun\/mfa-1002-kendiliginden-yayilan-zemin-tesviye-sapi\/\",\"url\":\"https:\/\/dolphinfix.com.tr\/eticaret\/urun\/mfa-1002-kendiliginden-yayilan-zemin-tesviye-sapi\/\",\"name\":\"MFA 1002 Zemin Tesviye \u015eap\u0131 | Kendili\u011finden Yay\u0131lan\",\"isPartOf\":{\"@id\":\"https:\/\/dolphinfix.com.tr\/eticaret\/#website\"},\"datePublished\":\"2024-10-19T18:49:32+00:00\",\"dateModified\":\"2026-03-13T04:39:28+00:00\",\"description\":\"MFA 1002 zemin tesviye \u015fap\u0131, beton y\u00fczeyleri p\u00fcr\u00fczs\u00fcz hale getirir. Kendili\u011finden yay\u0131lan yap\u0131s\u0131 ve h\u0131zl\u0131 sertle\u015fmesi ile renovasyon ve yeni zeminler i\u00e7in idealdir.\",\"breadcrumb\":{\"@id\":\"https:\/\/dolphinfix.com.tr\/eticaret\/urun\/mfa-1002-kendiliginden-yayilan-zemin-tesviye-sapi\/#breadcrumb\"},\"inLanguage\":\"tr\",\"potentialAction\":[{\"@type\":\"ReadAction\",\"target\":[\"https:\/\/dolphinfix.com.tr\/eticaret\/urun\/mfa-1002-kendiliginden-yayilan-zemin-tesviye-sapi\/\"]}]},{\"@type\":\"BreadcrumbList\",\"@id\":\"https:\/\/dolphinfix.com.tr\/eticaret\/urun\/mfa-1002-kendiliginden-yayilan-zemin-tesviye-sapi\/#breadcrumb\",\"itemListElement\":[{\"@type\":\"ListItem\",\"position\":1,\"name\":\"Home\",\"item\":\"https:\/\/dolphinfix.com.tr\/eticaret\/\"},{\"@type\":\"ListItem\",\"position\":2,\"name\":\"Market\",\"item\":\"https:\/\/dolphinfix.com.tr\/eticaret\/market\/\"},{\"@type\":\"ListItem\",\"position\":3,\"name\":\"MICROFLOOR A 1002 MFA &#8211; \u00d6ZEL TESV\u0130YE \u015eAPI 3-30 MM\"}]},{\"@type\":\"WebSite\",\"@id\":\"https:\/\/dolphinfix.com.tr\/eticaret\/#website\",\"url\":\"https:\/\/dolphinfix.com.tr\/eticaret\/\",\"name\":\"Dolphinfix\",\"description\":\"\",\"potentialAction\":[{\"@type\":\"SearchAction\",\"target\":{\"@type\":\"EntryPoint\",\"urlTemplate\":\"https:\/\/dolphinfix.com.tr\/eticaret\/?s={search_term_string}\"},\"query-input\":\"required name=search_term_string\"}],\"inLanguage\":\"tr\"}]}<\/script>\n<!-- \/ Yoast SEO Premium plugin. -->","yoast_head_json":{"title":"MFA 1002 Zemin Tesviye \u015eap\u0131 | Kendili\u011finden Yay\u0131lan","description":"MFA 1002 zemin tesviye \u015fap\u0131, beton y\u00fczeyleri p\u00fcr\u00fczs\u00fcz hale getirir. Kendili\u011finden yay\u0131lan yap\u0131s\u0131 ve h\u0131zl\u0131 sertle\u015fmesi ile renovasyon ve yeni zeminler i\u00e7in idealdir.","robots":{"index":"index","follow":"follow","max-snippet":"max-snippet:-1","max-image-preview":"max-image-preview:large","max-video-preview":"max-video-preview:-1"},"canonical":"https:\/\/dolphinfix.com.tr\/eticaret\/urun\/mfa-1002-kendiliginden-yayilan-zemin-tesviye-sapi\/","og_locale":"tr_TR","og_type":"article","og_title":"MICROFLOOR A 1002 MFA - \u00d6ZEL TESV\u0130YE \u015eAPI 3-30 MM","og_description":"MFA 1002 zemin tesviye \u015fap\u0131, beton y\u00fczeyleri p\u00fcr\u00fczs\u00fcz hale getirir. Kendili\u011finden yay\u0131lan yap\u0131s\u0131 ve h\u0131zl\u0131 sertle\u015fmesi ile renovasyon ve yeni zeminler i\u00e7in idealdir.","og_url":"https:\/\/dolphinfix.com.tr\/eticaret\/urun\/mfa-1002-kendiliginden-yayilan-zemin-tesviye-sapi\/","og_site_name":"Dolphinfix","article_modified_time":"2026-03-13T04:39:28+00:00","og_image":[{"width":1000,"height":1000,"url":"https:\/\/dolphinfix.com.tr\/eticaret\/wp-content\/uploads\/2024\/10\/1002.png","type":"image\/png"}],"twitter_card":"summary_large_image","twitter_misc":{"Tahmini okuma s\u00fcresi":"3 dakika"},"schema":{"@context":"https:\/\/schema.org","@graph":[{"@type":"WebPage","@id":"https:\/\/dolphinfix.com.tr\/eticaret\/urun\/mfa-1002-kendiliginden-yayilan-zemin-tesviye-sapi\/","url":"https:\/\/dolphinfix.com.tr\/eticaret\/urun\/mfa-1002-kendiliginden-yayilan-zemin-tesviye-sapi\/","name":"MFA 1002 Zemin Tesviye \u015eap\u0131 | Kendili\u011finden Yay\u0131lan","isPartOf":{"@id":"https:\/\/dolphinfix.com.tr\/eticaret\/#website"},"datePublished":"2024-10-19T18:49:32+00:00","dateModified":"2026-03-13T04:39:28+00:00","description":"MFA 1002 zemin tesviye \u015fap\u0131, beton y\u00fczeyleri p\u00fcr\u00fczs\u00fcz hale getirir. Kendili\u011finden yay\u0131lan yap\u0131s\u0131 ve h\u0131zl\u0131 sertle\u015fmesi ile renovasyon ve yeni zeminler i\u00e7in idealdir.","breadcrumb":{"@id":"https:\/\/dolphinfix.com.tr\/eticaret\/urun\/mfa-1002-kendiliginden-yayilan-zemin-tesviye-sapi\/#breadcrumb"},"inLanguage":"tr","potentialAction":[{"@type":"ReadAction","target":["https:\/\/dolphinfix.com.tr\/eticaret\/urun\/mfa-1002-kendiliginden-yayilan-zemin-tesviye-sapi\/"]}]},{"@type":"BreadcrumbList","@id":"https:\/\/dolphinfix.com.tr\/eticaret\/urun\/mfa-1002-kendiliginden-yayilan-zemin-tesviye-sapi\/#breadcrumb","itemListElement":[{"@type":"ListItem","position":1,"name":"Home","item":"https:\/\/dolphinfix.com.tr\/eticaret\/"},{"@type":"ListItem","position":2,"name":"Market","item":"https:\/\/dolphinfix.com.tr\/eticaret\/market\/"},{"@type":"ListItem","position":3,"name":"MICROFLOOR A 1002 MFA &#8211; \u00d6ZEL TESV\u0130YE \u015eAPI 3-30 MM"}]},{"@type":"WebSite","@id":"https:\/\/dolphinfix.com.tr\/eticaret\/#website","url":"https:\/\/dolphinfix.com.tr\/eticaret\/","name":"Dolphinfix","description":"","potentialAction":[{"@type":"SearchAction","target":{"@type":"EntryPoint","urlTemplate":"https:\/\/dolphinfix.com.tr\/eticaret\/?s={search_term_string}"},"query-input":"required name=search_term_string"}],"inLanguage":"tr"}]}},"_links":{"self":[{"href":"https:\/\/dolphinfix.com.tr\/eticaret\/wp-json\/wp\/v2\/product\/16042","targetHints":{"allow":["GET"]}}],"collection":[{"href":"https:\/\/dolphinfix.com.tr\/eticaret\/wp-json\/wp\/v2\/product"}],"about":[{"href":"https:\/\/dolphinfix.com.tr\/eticaret\/wp-json\/wp\/v2\/types\/product"}],"replies":[{"embeddable":true,"href":"https:\/\/dolphinfix.com.tr\/eticaret\/wp-json\/wp\/v2\/comments?post=16042"}],"version-history":[{"count":11,"href":"https:\/\/dolphinfix.com.tr\/eticaret\/wp-json\/wp\/v2\/product\/16042\/revisions"}],"predecessor-version":[{"id":19465,"href":"https:\/\/dolphinfix.com.tr\/eticaret\/wp-json\/wp\/v2\/product\/16042\/revisions\/19465"}],"wp:featuredmedia":[{"embeddable":true,"href":"https:\/\/dolphinfix.com.tr\/eticaret\/wp-json\/wp\/v2\/media\/16153"}],"wp:attachment":[{"href":"https:\/\/dolphinfix.com.tr\/eticaret\/wp-json\/wp\/v2\/media?parent=16042"}],"wp:term":[{"taxonomy":"product_cat","embeddable":true,"href":"https:\/\/dolphinfix.com.tr\/eticaret\/wp-json\/wp\/v2\/product_cat?post=16042"},{"taxonomy":"product_tag","embeddable":true,"href":"https:\/\/dolphinfix.com.tr\/eticaret\/wp-json\/wp\/v2\/product_tag?post=16042"}],"curies":[{"name":"wp","href":"https:\/\/api.w.org\/{rel}","templated":true}]}}