{"id":16046,"date":"2024-10-19T21:57:18","date_gmt":"2024-10-19T18:57:18","guid":{"rendered":"https:\/\/dolphinfix.com.tr\/eticaret?post_type=product&#038;p=16046"},"modified":"2026-03-13T07:39:28","modified_gmt":"2026-03-13T04:39:28","slug":"microfloor-mb-1003-mfb-mikro-beton-kaplama","status":"publish","type":"product","link":"https:\/\/dolphinfix.com.tr\/eticaret\/urun\/microfloor-mb-1003-mfb-mikro-beton-kaplama\/","title":{"rendered":"MICROFLOOR MB 1003 MFB &#8211; AKICI M\u0130KRO BETON 4-30 MM"},"content":{"rendered":"<h3><span style=\"color: #c61016;\">\u00dcR\u00dcN B\u0130LG\u0130LER\u0130 ;<\/span><\/h3>\n<p data-pm-slice=\"1 1 []\"><span style=\"color: #000000;\"><strong>TANIMI:<\/strong> MicroFloor MB 1003 MFB, \u00f6zel \u00e7imentolar, dolgu malzemeleri, y\u00fcksek performansl\u0131 ba\u011flay\u0131c\u0131lar ve kimyasal katk\u0131 malzemelerinden olu\u015fan, elle veya pompa ile uygulanabilen mikro betondur. Tek katta 4 \u2013 30 mm kal\u0131nl\u0131kta uygulanmak \u00fczere geli\u015ftirilmi\u015ftir. \u00dcst\u00fcn performansl\u0131 plastifiyanlar i\u00e7eren yeni nesil \u00e7evre dostu \u00fcr\u00fcnlerdendir.<\/span><\/p>\n<p><span style=\"color: #000000;\">\u00a0<strong>KULLANIM ALANLARI<\/strong><\/span><br \/>\n<span style=\"color: #000000;\">\u2022MicroFloor MB 1003 MFB, , mevcut binalar\u0131n renovasyonunda ve yeni in\u015faatlarda, beton zeminlerin teraziye getirilmesi ve y\u00fczeylerinin p\u00fcr\u00fczs\u00fczle\u015ftirilmesi ama\u00e7l\u0131 zarif ve sa\u011flam bir kaplama olarak geli\u015ftirilmi\u015ftir.<\/span><br \/>\n<span style=\"color: #000000;\">\u2022Son kat kaplama olarak d\u00fc\u015f\u00fcn\u00fclmemelidir. Muhakkak boya, cila gibi bir kaplama ile \u00fczeri kaplanmal\u0131d\u0131r.<\/span><\/p>\n<p><span style=\"color: #000000;\">\u00a0<strong>\u00dcR\u00dcN \u00d6ZELL\u0130KLER\u0130<\/strong><\/span><br \/>\n<span style=\"color: #000000;\">\u2022MicroFloor MB 1003 MFB, \u00e7ok d\u00fczg\u00fcn y\u00fczeyler olu\u015fturulmas\u0131na olanak verir. Normal ko\u015fullarda, uygulama tamamland\u0131ktan 2 &#8211; 4 saat sonra \u00fczerinde y\u00fcr\u00fcnebilir.<\/span><br \/>\n<span style=\"color: #000000;\">\u2022H\u0131zl\u0131 sertle\u015fir, Mekanik dirence sahiptir,<\/span><br \/>\n<span style=\"color: #000000;\">\u2022 Kendinden yay\u0131lma \u00f6zelli\u011fine sahiptir.<\/span><br \/>\n<span style=\"color: #000000;\">\u2022D\u00fc\u015f\u00fck r\u00f6tre \u00f6zelli\u011fine sahiptir.<\/span><br \/>\n<span style=\"color: #000000;\">\u2022\u0130stenildi\u011fi taktirde renkli \u00fcretim yap\u0131labilir.<\/span><br \/>\n<span style=\"color: #000000;\">\u2022MicroFloor MB 1003 MFB, b\u00fcnyesinde kazein veya ba\u015fka protein i\u00e7eren katk\u0131 maddeleri bulunmad\u0131\u011f\u0131ndan, malzeme \u00f6zellikle hastanelerde ve g\u0131da \u00fcretim veya<\/span><br \/>\n<span style=\"color: #000000;\">depolama mahallerinde kullan\u0131ma uygundur.<\/span><\/p>\n<p><span style=\"color: #000000;\">\u00a0<strong>TEKN\u0130K \u00d6ZELL\u0130KLER<\/strong><\/span><br \/>\n<span style=\"color: #000000;\">E\u011filme mukavemeti :&gt; 7 N\/mm\u00b2<\/span><br \/>\n<span style=\"color: #000000;\">Bas\u0131n\u00e7 mukavemeti :&gt; 30 N\/mm\u00b2<\/span><br \/>\n<span style=\"color: #000000;\">Betona aderans (SS 92 35 07) :&gt; 2 N\/mm\u00b2<\/span><br \/>\n<span style=\"color: #000000;\">Serbest r\u00f6tre :% 0,04 \u2013 0,06<\/span><br \/>\n<span style=\"color: #000000;\">MINTEC Halka Testi (SS 92 35 19) :145 \u2013 155 mm<\/span><br \/>\n<span style=\"color: #000000;\">Haz\u0131r malzeme kullan\u0131m s\u00fcresi :15 \u2013 20 dakika<\/span><br \/>\n<span style=\"color: #000000;\">pH de\u011feri :Yakla\u015f\u0131k 11<\/span><br \/>\n<span style=\"color: #000000;\">Sertle\u015fme s\u00fcresi (yaya trafi\u011fi) :2 \u2013 4 saat<\/span><\/p>\n<p><span style=\"color: #000000;\"><strong>UYGULAMA Y\u00d6NTEM\u0130<\/strong><\/span><br \/>\n<span style=\"color: #000000;\">Y\u00fczey Haz\u0131rl\u0131\u011f\u0131 Uygulama \u00f6ncesinde kaplanacak y\u00fczeyin sert ve sa\u011flam oldu\u011fu tespit edilmeli; y\u00fczey, yabanc\u0131 maddelerden, yumu\u015fak veya zay\u0131f katmanlardan ar\u0131nd\u0131r\u0131lmal\u0131d\u0131r. T\u00fcm toz ve par\u00e7ac\u0131klar, y\u00fczeyden temizlenmelidir. \u00c7imento \u015ferbeti veya eski kaplamalar mekanik olarak s\u00f6k\u00fclmelidir. Ya\u011f veya gres lekeli betonu, p\u00fcrm\u00fczle yakarak ve\/veya \u00f6zel bir gres temizleyicisi uygulayarak temizlemek gerekebilir.<\/span><\/p>\n<p><span style=\"color: #000000;\"><strong>ASTARLAMA<\/strong><\/span><br \/>\n<span style=\"color: #000000;\">E 720 EMC, haz\u0131rlanan y\u00fczey \u00fczerine yumu\u015fak bir f\u0131r\u00e7a veya astar pompas\u0131 ile uygulanmal\u0131, g\u00f6llenmeler engellenmeli ve kurumas\u0131na izin verilmelidir (normal<\/span><br \/>\n<span style=\"color: #000000;\">ko\u015fullarda 2 \u2013 4 saat). Uygulama yap\u0131lacak zeminin emicili\u011fi y\u00fcksek ise, E 720 EMC, birinci kat i\u00e7in 1:5, ikinci kat i\u00e7in ise 1:3 oran\u0131nda temiz su ile inceltilerek uygulanmal\u0131d\u0131r. Sa\u011flam beton y\u00fczeylerde 1:3 oran\u0131nda inceltilmi\u015f tek kat yeterlidir. Farkl\u0131 zeminler \u00fczerine uygulama s\u00f6z konusu ise inceltme oranlar\u0131 ve uygulama teknikleri i\u00e7in l\u00fctfen Dolphinfix\u2019e dan\u0131\u015f\u0131n\u0131z.<\/span><\/p>\n<p><span style=\"color: #000000;\">E 720 EMC, s\u0131cakl\u0131\u011f\u0131 +10 \u00b0C\u2019nin alt\u0131nda olan y\u00fczeylere uygulanmamal\u0131d\u0131r. Y\u00fczey kuru olmal\u0131, ba\u011f\u0131l nem % 70\u2019in alt\u0131nda bulunmal\u0131d\u0131r. Kuruma s\u00fcresinin yeterli olmamas\u0131, d\u00fc\u015f\u00fck s\u0131cakl\u0131k ve\/veya y\u00fcksek nem film olu\u015fumunu etkileyerek, y\u00fczeyi tam olarak kaplamas\u0131n\u0131 \u00f6nleyebilir.<\/span><\/p>\n<p><span style=\"color: #000000;\"><strong>KARI\u015eTIRMA<\/strong><\/span><br \/>\n<span style=\"color: #000000;\">Malzeme %20 oran\u0131nda (25 kg torbaya 5.00 litre) temiz su ile kar\u0131\u015ft\u0131r\u0131lmal\u0131d\u0131r. Kar\u0131\u015ft\u0131rma i\u015fleminde, matkap ucuna tak\u0131lm\u0131\u015f pervane veya Dolphinfix taraf\u0131ndan onaylanacak bir pompa kullan\u0131lmal\u0131d\u0131r. Pervane ile kar\u0131\u015ft\u0131rmada, kar\u0131\u015ft\u0131rma s\u00fcresi 2 dakikadan az olmamal\u0131d\u0131r.<\/span><\/p>\n<p><span style=\"color: #000000;\">Kar\u0131\u015ft\u0131r\u0131lan malzeme 20 dakika i\u00e7inde kullan\u0131lmal\u0131, malzeme s\u0131cakl\u0131\u011f\u0131 +5 \u00b0C ile +20 \u00b0C aras\u0131nda olmal\u0131d\u0131r. Kuru malzemenin kullan\u0131mdan \u00f6nce fazla so\u011fumas\u0131 veya \u0131s\u0131nmas\u0131, kar\u0131\u015f\u0131m\u0131n ak\u0131\u015fkanl\u0131k \u00f6zelliklerini etkileyebilir.\u00a0<\/span><\/p>\n<p><span style=\"color: #000000;\"><strong>K\u0130MYASAL DAYANIM<\/strong><\/span><br \/>\n<span style=\"color: #000000;\">MicroFloor Serisi \u00fcr\u00fcnlerin kimyasallara kar\u015f\u0131 dayan\u0131kl\u0131l\u0131\u011f\u0131, betonunkine benzer niteliktedir. Zeminin s\u00fcrekli kimyasallara maruz kalmas\u0131 olas\u0131l\u0131\u011f\u0131 varsa,<\/span><br \/>\n<span style=\"color: #000000;\">y\u00fczey korunmal\u0131d\u0131r.<\/span><\/p>\n<p><span style=\"color: #000000;\"><strong>SARF\u0130YAT<\/strong><\/span><br \/>\n<span style=\"color: #000000;\">Uygulama yap\u0131lacak y\u00fczeye ba\u011fl\u0131d\u0131r. Kuru malzeme t\u00fcketimi, 1 mm kal\u0131nl\u0131k i\u00e7in 1,7 kg\/m\u00b2\u2019dir.<\/span><\/p>\n<p><span style=\"color: #000000;\"><strong>ALETLER\u0130N TEM\u0130ZLENMES\u0130<\/strong><\/span><br \/>\n<span style=\"color: #000000;\">Uygulamadan sonra kullan\u0131lan alet ve ekipmanlar su ile temizlenmelidir. Sertle\u015ftikten sonra ancak mekanik olarak y\u00fczeyden temizlenebilir.<\/span><\/p>\n<p><span style=\"color: #000000;\"><strong>AMBALAJ<\/strong><\/span><br \/>\n<span style=\"color: #000000;\">25 kg\u2019l\u0131k torba<\/span><\/p>\n<p><span style=\"color: #000000;\"><strong>DEPOLAMA<\/strong><\/span><br \/>\n<span style=\"color: #000000;\">A\u00e7\u0131lmam\u0131\u015f orijinal ambalaj\u0131nda, serin ve kuru ortamda, dondan korunarak depolanmal\u0131d\u0131r. 8 torbadan fazla \u00fcst \u00fcste istiflenmemelidir.<\/span><\/p>\n<p><span style=\"color: #000000;\"><strong>RAF \u00d6MR\u00dc<\/strong><\/span><br \/>\n<span style=\"color: #000000;\">Uygun depolama ko\u015fullar\u0131nda \u00fcretim tarihinden itibaren 6 ayd\u0131r.<\/span><\/p>\n","protected":false},"excerpt":{"rendered":"<p><span style=\"color: #000000;\"><a style=\"color: #000000;\" href=\"https:\/\/dolphinfix.com.tr\/eticaret\/wp-content\/uploads\/2025\/04\/MICROFLOOR-A-1003-MFB-TDS.pdf\" target=\"_blank\" rel=\"noopener\">TDS Belgesini \u0130ndirmek \u0130\u00e7in T\u0131klay\u0131n\u0131z<br \/>\n<\/a><\/span><span style=\"color: #000000;\"><a style=\"color: #000000;\" href=\"#\" target=\"_blank\" rel=\"noopener\">CE Belgesini \u0130ndirmek \u0130\u00e7in T\u0131klay\u0131n\u0131z<\/a><\/span><\/p>\n","protected":false},"featured_media":16168,"comment_status":"open","ping_status":"closed","template":"","meta":{"_joinchat":[]},"product_cat":[139,90],"product_tag":[726,725,550,727,696,700,694,675,699,701,695,698,662,697,692],"class_list":{"0":"post-16046","1":"product","2":"type-product","3":"status-publish","4":"has-post-thumbnail","6":"product_cat-mikrobeton","7":"product_cat-zemin-cozumleri","8":"product_tag-4-30-mm-mikro-beton","9":"product_tag-akici-mikro-beton","10":"product_tag-beton-tamir-harci","11":"product_tag-dayanikli-beton-harci","12":"product_tag-dekoratif-zemin-betonu","13":"product_tag-endustriyel-zemin-betonu","14":"product_tag-hizli-kuruyan-mikro-beton","15":"product_tag-insaat-malzemesi","16":"product_tag-kolay-uygulanabilir-beton","17":"product_tag-mikro-beton-kaplama","18":"product_tag-profesyonel-zemin-uygulamasi","19":"product_tag-uzun-omurlu-zemin-betonu","20":"product_tag-yapi-malzemeleri","21":"product_tag-yuksek-performansli-beton","22":"product_tag-zemin-beton-harci","24":"first","25":"instock","26":"taxable","27":"shipping-taxable","28":"purchasable","29":"product-type-variable"},"yoast_head":"<!-- This site is optimized with the Yoast SEO Premium plugin v20.2.1 (Yoast SEO v20.2.1) - https:\/\/yoast.com\/wordpress\/plugins\/seo\/ -->\n<title>MicroFloor MB 1003 MFB Mikro Beton Zemin Kaplama<\/title>\n<meta name=\"description\" content=\"MicroFloor MB 1003 MFB mikro beton, zeminleri p\u00fcr\u00fczs\u00fcz ve dayan\u0131kl\u0131 hale getirir. Kendili\u011finden yay\u0131lan yap\u0131s\u0131 ve y\u00fcksek mekanik direnci ile renovasyon projeleri i\u00e7in idealdir.\" \/>\n<meta name=\"robots\" content=\"index, follow, max-snippet:-1, max-image-preview:large, max-video-preview:-1\" \/>\n<link rel=\"canonical\" href=\"https:\/\/dolphinfix.com.tr\/eticaret\/urun\/microfloor-mb-1003-mfb-mikro-beton-kaplama\/\" \/>\n<meta property=\"og:locale\" content=\"tr_TR\" \/>\n<meta property=\"og:type\" content=\"article\" \/>\n<meta property=\"og:title\" content=\"MICROFLOOR MB 1003 MFB - AKICI M\u0130KRO BETON 4-30 MM\" \/>\n<meta property=\"og:description\" content=\"MicroFloor MB 1003 MFB mikro beton, zeminleri p\u00fcr\u00fczs\u00fcz ve dayan\u0131kl\u0131 hale getirir. Kendili\u011finden yay\u0131lan yap\u0131s\u0131 ve y\u00fcksek mekanik direnci ile renovasyon projeleri i\u00e7in idealdir.\" \/>\n<meta property=\"og:url\" content=\"https:\/\/dolphinfix.com.tr\/eticaret\/urun\/microfloor-mb-1003-mfb-mikro-beton-kaplama\/\" \/>\n<meta property=\"og:site_name\" content=\"Dolphinfix\" \/>\n<meta property=\"article:modified_time\" content=\"2026-03-13T04:39:28+00:00\" \/>\n<meta property=\"og:image\" content=\"https:\/\/dolphinfix.com.tr\/eticaret\/wp-content\/uploads\/2024\/10\/1003.png\" \/>\n\t<meta property=\"og:image:width\" content=\"1000\" \/>\n\t<meta property=\"og:image:height\" content=\"1000\" \/>\n\t<meta property=\"og:image:type\" content=\"image\/png\" \/>\n<meta name=\"twitter:card\" content=\"summary_large_image\" \/>\n<meta name=\"twitter:label1\" content=\"Tahmini okuma s\u00fcresi\" \/>\n\t<meta name=\"twitter:data1\" content=\"4 dakika\" \/>\n<script type=\"application\/ld+json\" class=\"yoast-schema-graph\">{\"@context\":\"https:\/\/schema.org\",\"@graph\":[{\"@type\":\"WebPage\",\"@id\":\"https:\/\/dolphinfix.com.tr\/eticaret\/urun\/microfloor-mb-1003-mfb-mikro-beton-kaplama\/\",\"url\":\"https:\/\/dolphinfix.com.tr\/eticaret\/urun\/microfloor-mb-1003-mfb-mikro-beton-kaplama\/\",\"name\":\"MicroFloor MB 1003 MFB Mikro Beton Zemin Kaplama\",\"isPartOf\":{\"@id\":\"https:\/\/dolphinfix.com.tr\/eticaret\/#website\"},\"datePublished\":\"2024-10-19T18:57:18+00:00\",\"dateModified\":\"2026-03-13T04:39:28+00:00\",\"description\":\"MicroFloor MB 1003 MFB mikro beton, zeminleri p\u00fcr\u00fczs\u00fcz ve dayan\u0131kl\u0131 hale getirir. Kendili\u011finden yay\u0131lan yap\u0131s\u0131 ve y\u00fcksek mekanik direnci ile renovasyon projeleri i\u00e7in idealdir.\",\"breadcrumb\":{\"@id\":\"https:\/\/dolphinfix.com.tr\/eticaret\/urun\/microfloor-mb-1003-mfb-mikro-beton-kaplama\/#breadcrumb\"},\"inLanguage\":\"tr\",\"potentialAction\":[{\"@type\":\"ReadAction\",\"target\":[\"https:\/\/dolphinfix.com.tr\/eticaret\/urun\/microfloor-mb-1003-mfb-mikro-beton-kaplama\/\"]}]},{\"@type\":\"BreadcrumbList\",\"@id\":\"https:\/\/dolphinfix.com.tr\/eticaret\/urun\/microfloor-mb-1003-mfb-mikro-beton-kaplama\/#breadcrumb\",\"itemListElement\":[{\"@type\":\"ListItem\",\"position\":1,\"name\":\"Home\",\"item\":\"https:\/\/dolphinfix.com.tr\/eticaret\/\"},{\"@type\":\"ListItem\",\"position\":2,\"name\":\"Market\",\"item\":\"https:\/\/dolphinfix.com.tr\/eticaret\/market\/\"},{\"@type\":\"ListItem\",\"position\":3,\"name\":\"MICROFLOOR MB 1003 MFB &#8211; AKICI M\u0130KRO BETON 4-30 MM\"}]},{\"@type\":\"WebSite\",\"@id\":\"https:\/\/dolphinfix.com.tr\/eticaret\/#website\",\"url\":\"https:\/\/dolphinfix.com.tr\/eticaret\/\",\"name\":\"Dolphinfix\",\"description\":\"\",\"potentialAction\":[{\"@type\":\"SearchAction\",\"target\":{\"@type\":\"EntryPoint\",\"urlTemplate\":\"https:\/\/dolphinfix.com.tr\/eticaret\/?s={search_term_string}\"},\"query-input\":\"required name=search_term_string\"}],\"inLanguage\":\"tr\"}]}<\/script>\n<!-- \/ Yoast SEO Premium plugin. -->","yoast_head_json":{"title":"MicroFloor MB 1003 MFB Mikro Beton Zemin Kaplama","description":"MicroFloor MB 1003 MFB mikro beton, zeminleri p\u00fcr\u00fczs\u00fcz ve dayan\u0131kl\u0131 hale getirir. Kendili\u011finden yay\u0131lan yap\u0131s\u0131 ve y\u00fcksek mekanik direnci ile renovasyon projeleri i\u00e7in idealdir.","robots":{"index":"index","follow":"follow","max-snippet":"max-snippet:-1","max-image-preview":"max-image-preview:large","max-video-preview":"max-video-preview:-1"},"canonical":"https:\/\/dolphinfix.com.tr\/eticaret\/urun\/microfloor-mb-1003-mfb-mikro-beton-kaplama\/","og_locale":"tr_TR","og_type":"article","og_title":"MICROFLOOR MB 1003 MFB - AKICI M\u0130KRO BETON 4-30 MM","og_description":"MicroFloor MB 1003 MFB mikro beton, zeminleri p\u00fcr\u00fczs\u00fcz ve dayan\u0131kl\u0131 hale getirir. Kendili\u011finden yay\u0131lan yap\u0131s\u0131 ve y\u00fcksek mekanik direnci ile renovasyon projeleri i\u00e7in idealdir.","og_url":"https:\/\/dolphinfix.com.tr\/eticaret\/urun\/microfloor-mb-1003-mfb-mikro-beton-kaplama\/","og_site_name":"Dolphinfix","article_modified_time":"2026-03-13T04:39:28+00:00","og_image":[{"width":1000,"height":1000,"url":"https:\/\/dolphinfix.com.tr\/eticaret\/wp-content\/uploads\/2024\/10\/1003.png","type":"image\/png"}],"twitter_card":"summary_large_image","twitter_misc":{"Tahmini okuma s\u00fcresi":"4 dakika"},"schema":{"@context":"https:\/\/schema.org","@graph":[{"@type":"WebPage","@id":"https:\/\/dolphinfix.com.tr\/eticaret\/urun\/microfloor-mb-1003-mfb-mikro-beton-kaplama\/","url":"https:\/\/dolphinfix.com.tr\/eticaret\/urun\/microfloor-mb-1003-mfb-mikro-beton-kaplama\/","name":"MicroFloor MB 1003 MFB Mikro Beton Zemin Kaplama","isPartOf":{"@id":"https:\/\/dolphinfix.com.tr\/eticaret\/#website"},"datePublished":"2024-10-19T18:57:18+00:00","dateModified":"2026-03-13T04:39:28+00:00","description":"MicroFloor MB 1003 MFB mikro beton, zeminleri p\u00fcr\u00fczs\u00fcz ve dayan\u0131kl\u0131 hale getirir. Kendili\u011finden yay\u0131lan yap\u0131s\u0131 ve y\u00fcksek mekanik direnci ile renovasyon projeleri i\u00e7in idealdir.","breadcrumb":{"@id":"https:\/\/dolphinfix.com.tr\/eticaret\/urun\/microfloor-mb-1003-mfb-mikro-beton-kaplama\/#breadcrumb"},"inLanguage":"tr","potentialAction":[{"@type":"ReadAction","target":["https:\/\/dolphinfix.com.tr\/eticaret\/urun\/microfloor-mb-1003-mfb-mikro-beton-kaplama\/"]}]},{"@type":"BreadcrumbList","@id":"https:\/\/dolphinfix.com.tr\/eticaret\/urun\/microfloor-mb-1003-mfb-mikro-beton-kaplama\/#breadcrumb","itemListElement":[{"@type":"ListItem","position":1,"name":"Home","item":"https:\/\/dolphinfix.com.tr\/eticaret\/"},{"@type":"ListItem","position":2,"name":"Market","item":"https:\/\/dolphinfix.com.tr\/eticaret\/market\/"},{"@type":"ListItem","position":3,"name":"MICROFLOOR MB 1003 MFB &#8211; AKICI M\u0130KRO BETON 4-30 MM"}]},{"@type":"WebSite","@id":"https:\/\/dolphinfix.com.tr\/eticaret\/#website","url":"https:\/\/dolphinfix.com.tr\/eticaret\/","name":"Dolphinfix","description":"","potentialAction":[{"@type":"SearchAction","target":{"@type":"EntryPoint","urlTemplate":"https:\/\/dolphinfix.com.tr\/eticaret\/?s={search_term_string}"},"query-input":"required name=search_term_string"}],"inLanguage":"tr"}]}},"_links":{"self":[{"href":"https:\/\/dolphinfix.com.tr\/eticaret\/wp-json\/wp\/v2\/product\/16046","targetHints":{"allow":["GET"]}}],"collection":[{"href":"https:\/\/dolphinfix.com.tr\/eticaret\/wp-json\/wp\/v2\/product"}],"about":[{"href":"https:\/\/dolphinfix.com.tr\/eticaret\/wp-json\/wp\/v2\/types\/product"}],"replies":[{"embeddable":true,"href":"https:\/\/dolphinfix.com.tr\/eticaret\/wp-json\/wp\/v2\/comments?post=16046"}],"version-history":[{"count":5,"href":"https:\/\/dolphinfix.com.tr\/eticaret\/wp-json\/wp\/v2\/product\/16046\/revisions"}],"predecessor-version":[{"id":19301,"href":"https:\/\/dolphinfix.com.tr\/eticaret\/wp-json\/wp\/v2\/product\/16046\/revisions\/19301"}],"wp:featuredmedia":[{"embeddable":true,"href":"https:\/\/dolphinfix.com.tr\/eticaret\/wp-json\/wp\/v2\/media\/16168"}],"wp:attachment":[{"href":"https:\/\/dolphinfix.com.tr\/eticaret\/wp-json\/wp\/v2\/media?parent=16046"}],"wp:term":[{"taxonomy":"product_cat","embeddable":true,"href":"https:\/\/dolphinfix.com.tr\/eticaret\/wp-json\/wp\/v2\/product_cat?post=16046"},{"taxonomy":"product_tag","embeddable":true,"href":"https:\/\/dolphinfix.com.tr\/eticaret\/wp-json\/wp\/v2\/product_tag?post=16046"}],"curies":[{"name":"wp","href":"https:\/\/api.w.org\/{rel}","templated":true}]}}