{"id":16050,"date":"2024-10-19T22:05:45","date_gmt":"2024-10-19T19:05:45","guid":{"rendered":"https:\/\/dolphinfix.com.tr\/eticaret?post_type=product&#038;p=16050"},"modified":"2026-03-13T07:39:28","modified_gmt":"2026-03-13T04:39:28","slug":"microfloor-mb-1004-mfb-mikro-beton-zemin-kaplama","status":"publish","type":"product","link":"https:\/\/dolphinfix.com.tr\/eticaret\/urun\/microfloor-mb-1004-mfb-mikro-beton-zemin-kaplama\/","title":{"rendered":"MICROFLOOR MB 1004 MFB &#8211; AKICI M\u0130KRO BETON 4-15 MM"},"content":{"rendered":"<h3><span style=\"color: #c61016;\">\u00dcR\u00dcN B\u0130LG\u0130LER\u0130 ;<\/span><\/h3>\n<p data-pm-slice=\"1 1 []\"><span style=\"color: #000000;\"><strong>TANIMI:<\/strong> MicroFloor MB 1004 MFB, \u00f6zel \u00e7imentolar, dolgu malzemeleri, y\u00fcksek performansl\u0131 ba\u011flay\u0131c\u0131lar ve yeni nesil katk\u0131 malzemelerinden olu\u015fan, elle veya pompa ile uygulanabilen mikro betondur. Tek katta 4 \u2013 15 mm kal\u0131nl\u0131kta uygulanmak \u00fczere geli\u015ftirilmi\u015ftir. \u00dcst\u00fcn performansl\u0131 plastifiyanlar i\u00e7eren yeni nesil \u00e7evre dostu \u00fcr\u00fcnlerdendir.<\/span><\/p>\n<p><span style=\"color: #000000;\"><strong>\u00a0KULLANIM ALANLARI<\/strong><\/span><br \/>\n<span style=\"color: #000000;\">\u2022MicroFloor MB 1004 MFB, sanayi zeminlerini uzun \u00f6m\u00fcrl\u00fc, y\u00fcksek dayan\u0131ml\u0131 ve tozumayan zarif bir g\u00f6r\u00fcn\u00fcme kavu\u015fturur.<\/span><br \/>\n<span style=\"color: #000000;\">\u2022Otoparklar \u00e7ok k\u0131sa s\u00fcrede kaplan\u0131p trafi\u011fe a\u00e7\u0131labilir. B\u00f6ylece i\u015f\u00e7ilikten ve zamandan tasarruf edilir.<\/span><br \/>\n<span style=\"color: #000000;\">\u2022Hastahane, okul gibi yo\u011fun yaya ve hafif ara\u00e7 trafi\u011finin oldu\u011fu yerlerde uygulamaya elveri\u015flidir.<\/span><br \/>\n<span style=\"color: #000000;\">\u2022Son kat kaplama olarak d\u00fc\u015f\u00fcn\u00fclmemelidir. Muhakkak boya, cila gibi bir kaplama ile \u00fczeri kaplanmal\u0131d\u0131r.<\/span><\/p>\n<p><span style=\"color: #000000;\"><strong>\u00dcR\u00dcN \u00d6ZELL\u0130KLER\u0130<\/strong><\/span><br \/>\n<span style=\"color: #000000;\">\u2022MicroFloor MB 1004 MFB, \u00e7ok d\u00fczg\u00fcn y\u00fczeyler olu\u015fturulmas\u0131na olanak verir. Normal ko\u015fullarda, uygulama tamamland\u0131ktan 2 &#8211; 4 saat sonra \u00fczerinde y\u00fcr\u00fcnebilir.<\/span><br \/>\n<span style=\"color: #000000;\">\u2022H\u0131zl\u0131 sertle\u015fir, Mekanik dirence sahiptir,<\/span><br \/>\n<span style=\"color: #000000;\">\u2022 Kendinden yay\u0131lma \u00f6zelli\u011fine sahiptir.<\/span><br \/>\n<span style=\"color: #000000;\">\u2022D\u00fc\u015f\u00fck r\u00f6tre \u00f6zelli\u011fine sahiptir.<\/span><br \/>\n<span style=\"color: #000000;\">\u2022\u0130stenildi\u011fi taktirde renkli \u00fcretim yap\u0131labilir.<\/span><br \/>\n<span style=\"color: #000000;\">\u2022MicroFloor MB 1004 MFB, b\u00fcnyesinde kazein veya ba\u015fka protein i\u00e7eren katk\u0131 maddeleri bulunmad\u0131\u011f\u0131ndan, malzeme \u00f6zellikle hastanelerde ve g\u0131da \u00fcretim veya<\/span><br \/>\n<span style=\"color: #000000;\">depolama mahallerinde kullan\u0131ma uygundur.<\/span><\/p>\n<p><span style=\"color: #000000;\"><strong>TEKN\u0130K \u00d6ZELL\u0130KLER<\/strong><\/span><br \/>\n<span style=\"color: #000000;\">E\u011filme mukavemeti :&gt; 8 N\/mm\u00b2<\/span><br \/>\n<span style=\"color: #000000;\">Bas\u0131n\u00e7 mukavemeti :&gt; 40 N\/mm\u00b2<\/span><br \/>\n<span style=\"color: #000000;\">Betona aderans (SS 92 35 07) :&gt; 3 N\/mm\u00b2<\/span><br \/>\n<span style=\"color: #000000;\">Serbest r\u00f6tre :% 0,04 \u2013 0,06<\/span><br \/>\n<span style=\"color: #000000;\">MINTEC Halka Testi (SS 92 35 19) :145 \u2013 155 mm<\/span><br \/>\n<span style=\"color: #000000;\">Haz\u0131r malzeme kullan\u0131m s\u00fcresi :15 \u2013 20 dakika<\/span><br \/>\n<span style=\"color: #000000;\">pH de\u011feri :Yakla\u015f\u0131k 11<\/span><br \/>\n<span style=\"color: #000000;\">Sertle\u015fme s\u00fcresi (yaya trafi\u011fi) :2 \u2013 4 saat<\/span><br \/>\n<span style=\"color: #000000;\">Sertle\u015fme s\u00fcresi (hafif y\u00fck trafi\u011fi) :24 saat<\/span><br \/>\n<span style=\"color: #000000;\">Sertle\u015fme s\u00fcresi (A\u011f\u0131r y\u00fck trafi\u011fi) :7 g\u00fcn<\/span><\/p>\n<p><span style=\"color: #000000;\"><strong>UYGULAMA Y\u00dcZEY\u0130<\/strong><\/span><br \/>\n<span style=\"color: #000000;\">MicroFloor MB 1004 MFB sert ve sa\u011flam y\u00fczeyler \u00fczerine uygulama ama\u00e7l\u0131 olarak geli\u015ftirilmi\u015ftir.<\/span><\/p>\n<p><span style=\"color: #000000;\"><strong>UYGULAMA KALINLI\u011eI<\/strong><\/span><br \/>\n<span style=\"color: #000000;\">\u2022MicroFloor MB 1004 MFB\u2019n\u0131n uygulama kal\u0131nl\u0131\u011f\u0131 4 \u201340 mm\u2019dir.<\/span><br \/>\n<span style=\"color: #000000;\">\u2022Hafif beton zeminlerde katman kal\u0131nl\u0131\u011f\u0131, 6 \u2013 10 mm ile s\u0131n\u0131rl\u0131d\u0131r.<\/span><br \/>\n<span style=\"color: #000000;\">MicroFloor MB 1004 MFB kullan\u0131m\u0131ndan \u00f6nce, mevcut y\u00fczeye ili\u015fkin bir kot ara\u015ft\u0131rmas\u0131 yap\u0131lmas\u0131 \u00f6nerilir. Malzemenin tolerans s\u0131n\u0131rlar\u0131n\u0131 a\u015fmamak amac\u0131yla,<\/span><br \/>\n<span style=\"color: #000000;\">MicroFloor MB 1004 MFB kullan\u0131m\u0131ndan \u00f6nce, mevcut y\u00fczeydeki a\u015f\u0131r\u0131 kot farkl\u0131l\u0131klar\u0131 MicroFloor RM 1000 MRM ile giderilmelidir.<\/span><\/p>\n<p><span style=\"color: #000000;\"><strong>SU DAYANIMI<\/strong><\/span><br \/>\n<span style=\"color: #000000;\">Sertle\u015ftikten sonra MicroFloor Serisi \u00fcr\u00fcnlerin \u00fczerine su d\u00f6k\u00fclmesi, hasara neden olmaz. Ancak uzun s\u00fcre boyunca su alt\u0131nda bulundurmak, direnci normal<\/span><br \/>\n<span style=\"color: #000000;\">de\u011ferinin alt\u0131na d\u00fc\u015f\u00fcrebilir. Bu durum, 24 saatlik kuruma s\u00fcresinin ard\u0131ndan ortadan kalkar.<\/span><\/p>\n<p><span style=\"color: #000000;\"><strong>K\u0130MYASAL DAYANIM<\/strong><\/span><br \/>\n<span style=\"color: #000000;\">MicroFloor Serisi \u00fcr\u00fcnlerin kimyasallara kar\u015f\u0131 dayan\u0131kl\u0131l\u0131\u011f\u0131, betonunkine benzer niteliktedir. Zeminin s\u00fcrekli kimyasallara maruz kalmas\u0131 olas\u0131l\u0131\u011f\u0131 varsa, y\u00fczey korunmal\u0131d\u0131r.<\/span><\/p>\n<p><span style=\"color: #000000;\"><strong>SARF\u0130YAT<\/strong><\/span><br \/>\n<span style=\"color: #000000;\">Uygulama yap\u0131lacak y\u00fczeye ba\u011fl\u0131d\u0131r. 1 m\u00b2 i\u00e7in 15 kg\/m\u00b2<\/span><\/p>\n<p><span style=\"color: #000000;\"><strong>ALETLER\u0130N TEM\u0130ZLENMES\u0130<\/strong><\/span><br \/>\n<span style=\"color: #000000;\">Uygulamadan sonra kullan\u0131lan alet ve ekipmanlar su ile temizlenmelidir. Sertle\u015ftikten sonra ancak mekanik olarak y\u00fczeyden temizlenebilir.<\/span><\/p>\n<p><span style=\"color: #000000;\"><strong>AMBALAJ<\/strong><\/span><br \/>\n<span style=\"color: #000000;\">25 kg.\u2019l\u0131k kraft torba.<\/span><\/p>\n<p><span style=\"color: #000000;\"><strong>DEPOLAMA S\u00dcRES\u0130<\/strong><\/span><br \/>\n<span style=\"color: #000000;\">A\u00e7\u0131lmam\u0131\u015f orijinal ambalaj\u0131nda, serin ve kuru ortamda, dondan korunarak depolanmal\u0131d\u0131r. 8 torbadan fazla \u00fcst \u00fcste istiflenmemelidir.<\/span><\/p>\n<p><span style=\"color: #000000;\"><strong>RAF \u00d6MR\u00dc<\/strong><\/span><br \/>\n<span style=\"color: #000000;\">Uygun depolama ko\u015fullar\u0131nda \u00fcretim tarihinden itibaren 6 ayd\u0131r.<\/span><\/p>\n","protected":false},"excerpt":{"rendered":"<p><span style=\"color: #000000;\"><a style=\"color: #000000;\" href=\"https:\/\/dolphinfix.com.tr\/eticaret\/wp-content\/uploads\/2025\/04\/MICROFLOOR-MB-1004-MFB-TDS_compressed.pdf\" target=\"_blank\" rel=\"noopener\">TDS Belgesini \u0130ndirmek \u0130\u00e7in T\u0131klay\u0131n\u0131z<br \/>\n<\/a><\/span><span style=\"color: #000000;\"><a style=\"color: #000000;\" href=\"#\" target=\"_blank\" rel=\"noopener\">CE Belgesini \u0130ndirmek \u0130\u00e7in T\u0131klay\u0131n\u0131z<\/a><\/span><\/p>\n","protected":false},"featured_media":16170,"comment_status":"open","ping_status":"closed","template":"","meta":{"_joinchat":[]},"product_cat":[139,90],"product_tag":[728,725,550,727,696,700,694,675,699,701,695,698,662,697,692],"class_list":{"0":"post-16050","1":"product","2":"type-product","3":"status-publish","4":"has-post-thumbnail","6":"product_cat-mikrobeton","7":"product_cat-zemin-cozumleri","8":"product_tag-4-15-mm-mikro-beton","9":"product_tag-akici-mikro-beton","10":"product_tag-beton-tamir-harci","11":"product_tag-dayanikli-beton-harci","12":"product_tag-dekoratif-zemin-betonu","13":"product_tag-endustriyel-zemin-betonu","14":"product_tag-hizli-kuruyan-mikro-beton","15":"product_tag-insaat-malzemesi","16":"product_tag-kolay-uygulanabilir-beton","17":"product_tag-mikro-beton-kaplama","18":"product_tag-profesyonel-zemin-uygulamasi","19":"product_tag-uzun-omurlu-zemin-betonu","20":"product_tag-yapi-malzemeleri","21":"product_tag-yuksek-performansli-beton","22":"product_tag-zemin-beton-harci","24":"first","25":"instock","26":"taxable","27":"shipping-taxable","28":"purchasable","29":"product-type-variable"},"yoast_head":"<!-- This site is optimized with the Yoast SEO Premium plugin v20.2.1 (Yoast SEO v20.2.1) - https:\/\/yoast.com\/wordpress\/plugins\/seo\/ -->\n<title>MicroFloor MB 1004 MFB Mikro Beton Zemin Kaplama<\/title>\n<meta name=\"description\" content=\"MicroFloor MB 1004 MFB mikro beton, sanayi zeminlerinde y\u00fcksek dayan\u0131m, p\u00fcr\u00fczs\u00fcz y\u00fczey ve h\u0131zl\u0131 kuruma sa\u011flar. Otopark ve end\u00fcstriyel alanlar i\u00e7in idealdir.\" \/>\n<meta name=\"robots\" content=\"index, follow, max-snippet:-1, max-image-preview:large, max-video-preview:-1\" \/>\n<link rel=\"canonical\" href=\"https:\/\/dolphinfix.com.tr\/eticaret\/urun\/microfloor-mb-1004-mfb-mikro-beton-zemin-kaplama\/\" \/>\n<meta property=\"og:locale\" content=\"tr_TR\" \/>\n<meta property=\"og:type\" content=\"article\" \/>\n<meta property=\"og:title\" content=\"MICROFLOOR MB 1004 MFB - AKICI M\u0130KRO BETON 4-15 MM\" \/>\n<meta property=\"og:description\" content=\"MicroFloor MB 1004 MFB mikro beton, sanayi zeminlerinde y\u00fcksek dayan\u0131m, p\u00fcr\u00fczs\u00fcz y\u00fczey ve h\u0131zl\u0131 kuruma sa\u011flar. Otopark ve end\u00fcstriyel alanlar i\u00e7in idealdir.\" \/>\n<meta property=\"og:url\" content=\"https:\/\/dolphinfix.com.tr\/eticaret\/urun\/microfloor-mb-1004-mfb-mikro-beton-zemin-kaplama\/\" \/>\n<meta property=\"og:site_name\" content=\"Dolphinfix\" \/>\n<meta property=\"article:modified_time\" content=\"2026-03-13T04:39:28+00:00\" \/>\n<meta property=\"og:image\" content=\"https:\/\/dolphinfix.com.tr\/eticaret\/wp-content\/uploads\/2024\/10\/1004.png\" \/>\n\t<meta property=\"og:image:width\" content=\"1000\" \/>\n\t<meta property=\"og:image:height\" content=\"1000\" \/>\n\t<meta property=\"og:image:type\" content=\"image\/png\" \/>\n<meta name=\"twitter:card\" content=\"summary_large_image\" \/>\n<meta name=\"twitter:label1\" content=\"Tahmini okuma s\u00fcresi\" \/>\n\t<meta name=\"twitter:data1\" content=\"3 dakika\" \/>\n<script type=\"application\/ld+json\" class=\"yoast-schema-graph\">{\"@context\":\"https:\/\/schema.org\",\"@graph\":[{\"@type\":\"WebPage\",\"@id\":\"https:\/\/dolphinfix.com.tr\/eticaret\/urun\/microfloor-mb-1004-mfb-mikro-beton-zemin-kaplama\/\",\"url\":\"https:\/\/dolphinfix.com.tr\/eticaret\/urun\/microfloor-mb-1004-mfb-mikro-beton-zemin-kaplama\/\",\"name\":\"MicroFloor MB 1004 MFB Mikro Beton Zemin Kaplama\",\"isPartOf\":{\"@id\":\"https:\/\/dolphinfix.com.tr\/eticaret\/#website\"},\"datePublished\":\"2024-10-19T19:05:45+00:00\",\"dateModified\":\"2026-03-13T04:39:28+00:00\",\"description\":\"MicroFloor MB 1004 MFB mikro beton, sanayi zeminlerinde y\u00fcksek dayan\u0131m, p\u00fcr\u00fczs\u00fcz y\u00fczey ve h\u0131zl\u0131 kuruma sa\u011flar. Otopark ve end\u00fcstriyel alanlar i\u00e7in idealdir.\",\"breadcrumb\":{\"@id\":\"https:\/\/dolphinfix.com.tr\/eticaret\/urun\/microfloor-mb-1004-mfb-mikro-beton-zemin-kaplama\/#breadcrumb\"},\"inLanguage\":\"tr\",\"potentialAction\":[{\"@type\":\"ReadAction\",\"target\":[\"https:\/\/dolphinfix.com.tr\/eticaret\/urun\/microfloor-mb-1004-mfb-mikro-beton-zemin-kaplama\/\"]}]},{\"@type\":\"BreadcrumbList\",\"@id\":\"https:\/\/dolphinfix.com.tr\/eticaret\/urun\/microfloor-mb-1004-mfb-mikro-beton-zemin-kaplama\/#breadcrumb\",\"itemListElement\":[{\"@type\":\"ListItem\",\"position\":1,\"name\":\"Home\",\"item\":\"https:\/\/dolphinfix.com.tr\/eticaret\/\"},{\"@type\":\"ListItem\",\"position\":2,\"name\":\"Market\",\"item\":\"https:\/\/dolphinfix.com.tr\/eticaret\/market\/\"},{\"@type\":\"ListItem\",\"position\":3,\"name\":\"MICROFLOOR MB 1004 MFB &#8211; AKICI M\u0130KRO BETON 4-15 MM\"}]},{\"@type\":\"WebSite\",\"@id\":\"https:\/\/dolphinfix.com.tr\/eticaret\/#website\",\"url\":\"https:\/\/dolphinfix.com.tr\/eticaret\/\",\"name\":\"Dolphinfix\",\"description\":\"\",\"potentialAction\":[{\"@type\":\"SearchAction\",\"target\":{\"@type\":\"EntryPoint\",\"urlTemplate\":\"https:\/\/dolphinfix.com.tr\/eticaret\/?s={search_term_string}\"},\"query-input\":\"required name=search_term_string\"}],\"inLanguage\":\"tr\"}]}<\/script>\n<!-- \/ Yoast SEO Premium plugin. -->","yoast_head_json":{"title":"MicroFloor MB 1004 MFB Mikro Beton Zemin Kaplama","description":"MicroFloor MB 1004 MFB mikro beton, sanayi zeminlerinde y\u00fcksek dayan\u0131m, p\u00fcr\u00fczs\u00fcz y\u00fczey ve h\u0131zl\u0131 kuruma sa\u011flar. Otopark ve end\u00fcstriyel alanlar i\u00e7in idealdir.","robots":{"index":"index","follow":"follow","max-snippet":"max-snippet:-1","max-image-preview":"max-image-preview:large","max-video-preview":"max-video-preview:-1"},"canonical":"https:\/\/dolphinfix.com.tr\/eticaret\/urun\/microfloor-mb-1004-mfb-mikro-beton-zemin-kaplama\/","og_locale":"tr_TR","og_type":"article","og_title":"MICROFLOOR MB 1004 MFB - AKICI M\u0130KRO BETON 4-15 MM","og_description":"MicroFloor MB 1004 MFB mikro beton, sanayi zeminlerinde y\u00fcksek dayan\u0131m, p\u00fcr\u00fczs\u00fcz y\u00fczey ve h\u0131zl\u0131 kuruma sa\u011flar. Otopark ve end\u00fcstriyel alanlar i\u00e7in idealdir.","og_url":"https:\/\/dolphinfix.com.tr\/eticaret\/urun\/microfloor-mb-1004-mfb-mikro-beton-zemin-kaplama\/","og_site_name":"Dolphinfix","article_modified_time":"2026-03-13T04:39:28+00:00","og_image":[{"width":1000,"height":1000,"url":"https:\/\/dolphinfix.com.tr\/eticaret\/wp-content\/uploads\/2024\/10\/1004.png","type":"image\/png"}],"twitter_card":"summary_large_image","twitter_misc":{"Tahmini okuma s\u00fcresi":"3 dakika"},"schema":{"@context":"https:\/\/schema.org","@graph":[{"@type":"WebPage","@id":"https:\/\/dolphinfix.com.tr\/eticaret\/urun\/microfloor-mb-1004-mfb-mikro-beton-zemin-kaplama\/","url":"https:\/\/dolphinfix.com.tr\/eticaret\/urun\/microfloor-mb-1004-mfb-mikro-beton-zemin-kaplama\/","name":"MicroFloor MB 1004 MFB Mikro Beton Zemin Kaplama","isPartOf":{"@id":"https:\/\/dolphinfix.com.tr\/eticaret\/#website"},"datePublished":"2024-10-19T19:05:45+00:00","dateModified":"2026-03-13T04:39:28+00:00","description":"MicroFloor MB 1004 MFB mikro beton, sanayi zeminlerinde y\u00fcksek dayan\u0131m, p\u00fcr\u00fczs\u00fcz y\u00fczey ve h\u0131zl\u0131 kuruma sa\u011flar. Otopark ve end\u00fcstriyel alanlar i\u00e7in idealdir.","breadcrumb":{"@id":"https:\/\/dolphinfix.com.tr\/eticaret\/urun\/microfloor-mb-1004-mfb-mikro-beton-zemin-kaplama\/#breadcrumb"},"inLanguage":"tr","potentialAction":[{"@type":"ReadAction","target":["https:\/\/dolphinfix.com.tr\/eticaret\/urun\/microfloor-mb-1004-mfb-mikro-beton-zemin-kaplama\/"]}]},{"@type":"BreadcrumbList","@id":"https:\/\/dolphinfix.com.tr\/eticaret\/urun\/microfloor-mb-1004-mfb-mikro-beton-zemin-kaplama\/#breadcrumb","itemListElement":[{"@type":"ListItem","position":1,"name":"Home","item":"https:\/\/dolphinfix.com.tr\/eticaret\/"},{"@type":"ListItem","position":2,"name":"Market","item":"https:\/\/dolphinfix.com.tr\/eticaret\/market\/"},{"@type":"ListItem","position":3,"name":"MICROFLOOR MB 1004 MFB &#8211; AKICI M\u0130KRO BETON 4-15 MM"}]},{"@type":"WebSite","@id":"https:\/\/dolphinfix.com.tr\/eticaret\/#website","url":"https:\/\/dolphinfix.com.tr\/eticaret\/","name":"Dolphinfix","description":"","potentialAction":[{"@type":"SearchAction","target":{"@type":"EntryPoint","urlTemplate":"https:\/\/dolphinfix.com.tr\/eticaret\/?s={search_term_string}"},"query-input":"required name=search_term_string"}],"inLanguage":"tr"}]}},"_links":{"self":[{"href":"https:\/\/dolphinfix.com.tr\/eticaret\/wp-json\/wp\/v2\/product\/16050","targetHints":{"allow":["GET"]}}],"collection":[{"href":"https:\/\/dolphinfix.com.tr\/eticaret\/wp-json\/wp\/v2\/product"}],"about":[{"href":"https:\/\/dolphinfix.com.tr\/eticaret\/wp-json\/wp\/v2\/types\/product"}],"replies":[{"embeddable":true,"href":"https:\/\/dolphinfix.com.tr\/eticaret\/wp-json\/wp\/v2\/comments?post=16050"}],"version-history":[{"count":7,"href":"https:\/\/dolphinfix.com.tr\/eticaret\/wp-json\/wp\/v2\/product\/16050\/revisions"}],"predecessor-version":[{"id":19971,"href":"https:\/\/dolphinfix.com.tr\/eticaret\/wp-json\/wp\/v2\/product\/16050\/revisions\/19971"}],"wp:featuredmedia":[{"embeddable":true,"href":"https:\/\/dolphinfix.com.tr\/eticaret\/wp-json\/wp\/v2\/media\/16170"}],"wp:attachment":[{"href":"https:\/\/dolphinfix.com.tr\/eticaret\/wp-json\/wp\/v2\/media?parent=16050"}],"wp:term":[{"taxonomy":"product_cat","embeddable":true,"href":"https:\/\/dolphinfix.com.tr\/eticaret\/wp-json\/wp\/v2\/product_cat?post=16050"},{"taxonomy":"product_tag","embeddable":true,"href":"https:\/\/dolphinfix.com.tr\/eticaret\/wp-json\/wp\/v2\/product_tag?post=16050"}],"curies":[{"name":"wp","href":"https:\/\/api.w.org\/{rel}","templated":true}]}}