{"id":16059,"date":"2024-10-19T22:19:01","date_gmt":"2024-10-19T19:19:01","guid":{"rendered":"https:\/\/dolphinfix.com.tr\/eticaret?post_type=product&#038;p=16059"},"modified":"2026-03-12T17:03:52","modified_gmt":"2026-03-12T14:03:52","slug":"frz-640-beton-antifrizi-soguk-hava-beton-katkisi","status":"publish","type":"product","link":"https:\/\/dolphinfix.com.tr\/eticaret\/urun\/frz-640-beton-antifrizi-soguk-hava-beton-katkisi\/","title":{"rendered":"FR\u0130Z FRZ 640 &#8211; BETON ANT\u0130FR\u0130Z\u0130"},"content":{"rendered":"<p><span style=\"color: #ff0000;\"><strong>Not:Bu \u00fcr\u00fcnden 200 kg sat\u0131n almak istemeniz halinde whatsapp hatt\u0131ndan k\u0131sa yola t\u0131klayarak ula\u015fabilirsiniz.<\/strong><\/span><\/p>\n<h3><span style=\"color: #c61016;\">\u00dcR\u00dcN B\u0130LG\u0130LER\u0130 ;<\/span><\/h3>\n<p><span style=\"color: #000000;\"><strong>TANIMI: <\/strong>FRZ 640, D\u00fcs\u00fck s\u0131cakl\u0131klarda betonun priz almas\u0131n\u0131 h\u0131zland\u0131ran ve donma riskini azaltan beton katk\u0131s\u0131d\u0131r.<\/span><\/p>\n<p><span style=\"color: #000000;\"><strong>KULLANIM ALANLARI<\/strong><\/span><br \/>\n<span style=\"color: #000000;\">\u2022K\u0131s sartlar\u0131nda (10\u00b0C\u2019ye kadar) beton d\u00f6k\u00fcmlerinde,<\/span><br \/>\n<span style=\"color: #000000;\">\u2022Prefabrik eleman \u00fcretiminde<\/span><br \/>\n<span style=\"color: #000000;\">\u2022Donma riski olan santiyelerde<\/span><br \/>\n<span style=\"color: #000000;\">\u2022\u00c7imento esasl\u0131 har\u00e7 ve s\u0131valarda<\/span><\/p>\n<p><span style=\"color: #000000;\"><strong>\u00dcR\u00dcN AVANTAJLARI<\/strong><\/span><br \/>\n<span style=\"color: #000000;\">\u2022Betonun ilk priz s\u00fcresini h\u0131zland\u0131r\u0131r,<\/span><br \/>\n<span style=\"color: #000000;\">\u2022Erken dayan\u0131m gelisimini art\u0131r\u0131r,<\/span><br \/>\n<span style=\"color: #000000;\">\u2022Donma-\u00e7\u00f6z\u00fclme riskini azalt\u0131r,<\/span><br \/>\n<span style=\"color: #000000;\">\u2022Klor\u00fcr i\u00e7ermez, donat\u0131 korozyonu olusturmaz.<\/span><br \/>\n<span style=\"color: #000000;\">\u2022Kullan\u0131ma haz\u0131r s\u0131v\u0131 formdad\u0131r.<\/span><\/p>\n<p><span style=\"color: #000000;\"><strong>UYGULAMA<\/strong><\/span><br \/>\n<span style=\"color: #000000;\">\u2022Antifiriz katk\u0131s\u0131, dogrudan beton mikserine veya transmikser i\u00e7erisine eklenmelidir.<\/span><br \/>\n<span style=\"color: #000000;\">\u2022Katk\u0131, kar\u0131s\u0131m suyuna kat\u0131larak veya ayr\u0131 bir dozajlama pompas\u0131 ile verilebilir.<\/span><br \/>\n<span style=\"color: #000000;\">\u2022Kar\u0131s\u0131m s\u00fcresi, katk\u0131n\u0131n beton i\u00e7erisinde homojen dag\u0131lmas\u0131 i\u00e7in en az 60-90 saniye olmal\u0131d\u0131r.<\/span><\/p>\n<p><span style=\"color: #000000;\"><strong>SARF\u0130YAT<\/strong>: \u00c7imento ag\u0131rl\u0131g\u0131n\u0131n %1 &#8211; %3\u2019\u00fc aras\u0131nda \u00f6nerilir.<\/span><\/p>\n<p><span style=\"color: #000000;\"><strong>D\u0130KKAT ED\u0130LMES\u0130 GEREKEN HUSUSLAR<\/strong><\/span><br \/>\n<span style=\"color: #000000;\">\u2022Soguk havalarda, katk\u0131 kullan\u0131lsa dahi:<\/span><br \/>\n<span style=\"color: #000000;\">-Agregalar\u0131n donmam\u0131s olmas\u0131<\/span><br \/>\n<span style=\"color: #000000;\">-Kar\u0131s\u0131m suyunun \u0131l\u0131k (10-30\u00b0C) olmas\u0131<\/span><br \/>\n<span style=\"color: #000000;\">-Betonun d\u00f6k\u00fcm sonras\u0131 korunmas\u0131 (\u00f6rt\u00fc, k\u00fcr malzemesi, izolasyon) tavsiye edilir.<\/span><br \/>\n<span style=\"color: #000000;\">\u2022Donmus y\u00fczeylere beton d\u00f6k\u00fclmemelidir<\/span><\/p>\n<p><span style=\"color: #000000;\"><strong>TEKN\u0130K \u00d6ZELL\u0130KLER<\/strong><\/span><br \/>\n<span style=\"color: #000000;\">Renk: Renksiz \u2013 A\u00e7\u0131k Sar\u0131\/ S\u0131v\u0131<\/span><br \/>\n<span style=\"color: #000000;\">Yogunluk: 1,40 &#8211; 1,50 gr\/m\u00b3<\/span><br \/>\n<span style=\"color: #000000;\">pH (20 \u00b0C): 6-8<\/span><br \/>\n<span style=\"color: #000000;\">Klor\u00fcr I\u00e7erigi : &lt;%0,1 (TS EN 934-2\u2019ye uygun<\/span><br \/>\n<span style=\"color: #000000;\">Kat\u0131 Madde Oran\u0131 : %45-50<\/span><br \/>\n<span style=\"color: #000000;\">*Tipik degerler: +20\u00b0C\u2019de %50 bag\u0131l nem kosullar\u0131nda 4x4x16 cm har\u00e7 prizmas\u0131nda yap\u0131lan deneyler sonucunda<\/span><br \/>\n<span style=\"color: #000000;\">elde edilmistir. Y\u00fcksek s\u0131cakl\u0131klar s\u00fcreleri k\u0131salt\u0131r, d\u00fcs\u00fck s\u0131cakl\u0131klar uzat\u0131r.<\/span><\/p>\n<p><span style=\"color: #000000;\"><strong>AMBALAJ<\/strong><\/span><br \/>\n<span style=\"color: #000000;\">30 kg.\u2019l\u0131k plastik bidon.<\/span><br \/>\n<span style=\"color: #000000;\">1000 kg.\u2019l\u0131k IBC<\/span><\/p>\n<p><span style=\"color: #000000;\"><strong>RAF \u00d6MR\u00dc<\/strong><\/span><br \/>\n<span style=\"color: #000000;\">Uygun depolama kosullar\u0131nda a\u00e7\u0131lmam\u0131s ambalajda \u00fcretim tarihinden itibaren 12 ayd\u0131r.<\/span><\/p>\n<p><span style=\"color: #000000;\"><strong>DEPOLAMA \u015eARTLARI<\/strong><\/span><br \/>\n<span style=\"color: #000000;\">A\u00e7\u0131lmam\u0131s orijinal ambalaj\u0131nda, serin ve kuru ortamda, dondan korunarak depolanmal\u0131d\u0131r.<\/span><\/p>\n<p>&nbsp;<\/p>\n","protected":false},"excerpt":{"rendered":"<p><span style=\"color: #000000;\"><a style=\"color: #000000;\" href=\"https:\/\/dolphinfix.com.tr\/eticaret\/wp-content\/uploads\/2025\/11\/FRZ-640-BETON-ANTIFRIZI-1.pdf\" target=\"_blank\" rel=\"noopener\">TDS Belgesini \u0130ndirmek \u0130\u00e7in T\u0131klay\u0131n\u0131z<br \/>\n<\/a><\/span><span style=\"color: #000000;\"><a style=\"color: #000000;\" href=\"#\" target=\"_blank\" rel=\"noopener\">CE Belgesini \u0130ndirmek \u0130\u00e7in T\u0131klay\u0131n\u0131z<\/a><\/span><\/p>\n","protected":false},"featured_media":16123,"comment_status":"open","ping_status":"closed","template":"","meta":{"_joinchat":[]},"product_cat":[138,89],"product_tag":[735,729,663,730,734,659,732,666,733,731,667,668,664,662,658],"class_list":{"0":"post-16059","1":"product","2":"type-product","3":"status-publish","4":"has-post-thumbnail","6":"product_cat-beton-antifirizi","7":"product_cat-beton-katkilari","8":"product_tag-antifriz-beton-harci","9":"product_tag-beton-antifrizi","10":"product_tag-beton-dayaniklilik-artirici","11":"product_tag-beton-donma-onleyici","12":"product_tag-beton-karisim-katkisi","13":"product_tag-dayanikli-beton","14":"product_tag-dusuk-sicaklikta-beton","15":"product_tag-enerji-tasarruflu-beton","16":"product_tag-hizli-sertlesen-beton","17":"product_tag-insaat-katki-maddesi","18":"product_tag-kolay-uygulanabilir-beton-katkisi","19":"product_tag-profesyonel-insaat-malzemesi","20":"product_tag-uzun-omurlu-beton","21":"product_tag-yapi-malzemeleri","22":"product_tag-yuksek-performansli-beton-katkisi","24":"first","25":"instock","26":"taxable","27":"shipping-taxable","28":"purchasable","29":"product-type-variable"},"yoast_head":"<!-- This site is optimized with the Yoast SEO Premium plugin v20.2.1 (Yoast SEO v20.2.1) - https:\/\/yoast.com\/wordpress\/plugins\/seo\/ -->\n<title>FRZ 640 Beton Antifrizi | So\u011fuk Hava Beton Katk\u0131s\u0131<\/title>\n<meta name=\"description\" content=\"FRZ 640 beton antifrizi, d\u00fc\u015f\u00fck s\u0131cakl\u0131klarda priz h\u0131zland\u0131ran, donma riskini azaltan ve erken dayan\u0131m\u0131 art\u0131ran klor\u00fcr i\u00e7ermeyen beton katk\u0131s\u0131d\u0131r.\" \/>\n<meta name=\"robots\" content=\"index, follow, max-snippet:-1, max-image-preview:large, max-video-preview:-1\" \/>\n<link rel=\"canonical\" href=\"https:\/\/dolphinfix.com.tr\/eticaret\/urun\/frz-640-beton-antifrizi-soguk-hava-beton-katkisi\/\" \/>\n<meta property=\"og:locale\" content=\"tr_TR\" \/>\n<meta property=\"og:type\" content=\"article\" \/>\n<meta property=\"og:title\" content=\"FR\u0130Z FRZ 640 - BETON ANT\u0130FR\u0130Z\u0130\" \/>\n<meta property=\"og:description\" content=\"FRZ 640 beton antifrizi, d\u00fc\u015f\u00fck s\u0131cakl\u0131klarda priz h\u0131zland\u0131ran, donma riskini azaltan ve erken dayan\u0131m\u0131 art\u0131ran klor\u00fcr i\u00e7ermeyen beton katk\u0131s\u0131d\u0131r.\" \/>\n<meta property=\"og:url\" content=\"https:\/\/dolphinfix.com.tr\/eticaret\/urun\/frz-640-beton-antifrizi-soguk-hava-beton-katkisi\/\" \/>\n<meta property=\"og:site_name\" content=\"Dolphinfix\" \/>\n<meta property=\"article:modified_time\" content=\"2026-03-12T14:03:52+00:00\" \/>\n<meta property=\"og:image\" content=\"https:\/\/dolphinfix.com.tr\/eticaret\/wp-content\/uploads\/2024\/10\/640.png\" \/>\n\t<meta property=\"og:image:width\" content=\"1000\" \/>\n\t<meta property=\"og:image:height\" content=\"1000\" \/>\n\t<meta property=\"og:image:type\" content=\"image\/png\" \/>\n<meta name=\"twitter:card\" content=\"summary_large_image\" \/>\n<meta name=\"twitter:label1\" content=\"Tahmini okuma s\u00fcresi\" \/>\n\t<meta name=\"twitter:data1\" content=\"2 dakika\" \/>\n<script type=\"application\/ld+json\" class=\"yoast-schema-graph\">{\"@context\":\"https:\/\/schema.org\",\"@graph\":[{\"@type\":\"WebPage\",\"@id\":\"https:\/\/dolphinfix.com.tr\/eticaret\/urun\/frz-640-beton-antifrizi-soguk-hava-beton-katkisi\/\",\"url\":\"https:\/\/dolphinfix.com.tr\/eticaret\/urun\/frz-640-beton-antifrizi-soguk-hava-beton-katkisi\/\",\"name\":\"FRZ 640 Beton Antifrizi | So\u011fuk Hava Beton Katk\u0131s\u0131\",\"isPartOf\":{\"@id\":\"https:\/\/dolphinfix.com.tr\/eticaret\/#website\"},\"datePublished\":\"2024-10-19T19:19:01+00:00\",\"dateModified\":\"2026-03-12T14:03:52+00:00\",\"description\":\"FRZ 640 beton antifrizi, d\u00fc\u015f\u00fck s\u0131cakl\u0131klarda priz h\u0131zland\u0131ran, donma riskini azaltan ve erken dayan\u0131m\u0131 art\u0131ran klor\u00fcr i\u00e7ermeyen beton katk\u0131s\u0131d\u0131r.\",\"breadcrumb\":{\"@id\":\"https:\/\/dolphinfix.com.tr\/eticaret\/urun\/frz-640-beton-antifrizi-soguk-hava-beton-katkisi\/#breadcrumb\"},\"inLanguage\":\"tr\",\"potentialAction\":[{\"@type\":\"ReadAction\",\"target\":[\"https:\/\/dolphinfix.com.tr\/eticaret\/urun\/frz-640-beton-antifrizi-soguk-hava-beton-katkisi\/\"]}]},{\"@type\":\"BreadcrumbList\",\"@id\":\"https:\/\/dolphinfix.com.tr\/eticaret\/urun\/frz-640-beton-antifrizi-soguk-hava-beton-katkisi\/#breadcrumb\",\"itemListElement\":[{\"@type\":\"ListItem\",\"position\":1,\"name\":\"Home\",\"item\":\"https:\/\/dolphinfix.com.tr\/eticaret\/\"},{\"@type\":\"ListItem\",\"position\":2,\"name\":\"Market\",\"item\":\"https:\/\/dolphinfix.com.tr\/eticaret\/market\/\"},{\"@type\":\"ListItem\",\"position\":3,\"name\":\"FR\u0130Z FRZ 640 &#8211; BETON ANT\u0130FR\u0130Z\u0130\"}]},{\"@type\":\"WebSite\",\"@id\":\"https:\/\/dolphinfix.com.tr\/eticaret\/#website\",\"url\":\"https:\/\/dolphinfix.com.tr\/eticaret\/\",\"name\":\"Dolphinfix\",\"description\":\"\",\"potentialAction\":[{\"@type\":\"SearchAction\",\"target\":{\"@type\":\"EntryPoint\",\"urlTemplate\":\"https:\/\/dolphinfix.com.tr\/eticaret\/?s={search_term_string}\"},\"query-input\":\"required name=search_term_string\"}],\"inLanguage\":\"tr\"}]}<\/script>\n<!-- \/ Yoast SEO Premium plugin. -->","yoast_head_json":{"title":"FRZ 640 Beton Antifrizi | So\u011fuk Hava Beton Katk\u0131s\u0131","description":"FRZ 640 beton antifrizi, d\u00fc\u015f\u00fck s\u0131cakl\u0131klarda priz h\u0131zland\u0131ran, donma riskini azaltan ve erken dayan\u0131m\u0131 art\u0131ran klor\u00fcr i\u00e7ermeyen beton katk\u0131s\u0131d\u0131r.","robots":{"index":"index","follow":"follow","max-snippet":"max-snippet:-1","max-image-preview":"max-image-preview:large","max-video-preview":"max-video-preview:-1"},"canonical":"https:\/\/dolphinfix.com.tr\/eticaret\/urun\/frz-640-beton-antifrizi-soguk-hava-beton-katkisi\/","og_locale":"tr_TR","og_type":"article","og_title":"FR\u0130Z FRZ 640 - BETON ANT\u0130FR\u0130Z\u0130","og_description":"FRZ 640 beton antifrizi, d\u00fc\u015f\u00fck s\u0131cakl\u0131klarda priz h\u0131zland\u0131ran, donma riskini azaltan ve erken dayan\u0131m\u0131 art\u0131ran klor\u00fcr i\u00e7ermeyen beton katk\u0131s\u0131d\u0131r.","og_url":"https:\/\/dolphinfix.com.tr\/eticaret\/urun\/frz-640-beton-antifrizi-soguk-hava-beton-katkisi\/","og_site_name":"Dolphinfix","article_modified_time":"2026-03-12T14:03:52+00:00","og_image":[{"width":1000,"height":1000,"url":"https:\/\/dolphinfix.com.tr\/eticaret\/wp-content\/uploads\/2024\/10\/640.png","type":"image\/png"}],"twitter_card":"summary_large_image","twitter_misc":{"Tahmini okuma s\u00fcresi":"2 dakika"},"schema":{"@context":"https:\/\/schema.org","@graph":[{"@type":"WebPage","@id":"https:\/\/dolphinfix.com.tr\/eticaret\/urun\/frz-640-beton-antifrizi-soguk-hava-beton-katkisi\/","url":"https:\/\/dolphinfix.com.tr\/eticaret\/urun\/frz-640-beton-antifrizi-soguk-hava-beton-katkisi\/","name":"FRZ 640 Beton Antifrizi | So\u011fuk Hava Beton Katk\u0131s\u0131","isPartOf":{"@id":"https:\/\/dolphinfix.com.tr\/eticaret\/#website"},"datePublished":"2024-10-19T19:19:01+00:00","dateModified":"2026-03-12T14:03:52+00:00","description":"FRZ 640 beton antifrizi, d\u00fc\u015f\u00fck s\u0131cakl\u0131klarda priz h\u0131zland\u0131ran, donma riskini azaltan ve erken dayan\u0131m\u0131 art\u0131ran klor\u00fcr i\u00e7ermeyen beton katk\u0131s\u0131d\u0131r.","breadcrumb":{"@id":"https:\/\/dolphinfix.com.tr\/eticaret\/urun\/frz-640-beton-antifrizi-soguk-hava-beton-katkisi\/#breadcrumb"},"inLanguage":"tr","potentialAction":[{"@type":"ReadAction","target":["https:\/\/dolphinfix.com.tr\/eticaret\/urun\/frz-640-beton-antifrizi-soguk-hava-beton-katkisi\/"]}]},{"@type":"BreadcrumbList","@id":"https:\/\/dolphinfix.com.tr\/eticaret\/urun\/frz-640-beton-antifrizi-soguk-hava-beton-katkisi\/#breadcrumb","itemListElement":[{"@type":"ListItem","position":1,"name":"Home","item":"https:\/\/dolphinfix.com.tr\/eticaret\/"},{"@type":"ListItem","position":2,"name":"Market","item":"https:\/\/dolphinfix.com.tr\/eticaret\/market\/"},{"@type":"ListItem","position":3,"name":"FR\u0130Z FRZ 640 &#8211; BETON ANT\u0130FR\u0130Z\u0130"}]},{"@type":"WebSite","@id":"https:\/\/dolphinfix.com.tr\/eticaret\/#website","url":"https:\/\/dolphinfix.com.tr\/eticaret\/","name":"Dolphinfix","description":"","potentialAction":[{"@type":"SearchAction","target":{"@type":"EntryPoint","urlTemplate":"https:\/\/dolphinfix.com.tr\/eticaret\/?s={search_term_string}"},"query-input":"required name=search_term_string"}],"inLanguage":"tr"}]}},"_links":{"self":[{"href":"https:\/\/dolphinfix.com.tr\/eticaret\/wp-json\/wp\/v2\/product\/16059","targetHints":{"allow":["GET"]}}],"collection":[{"href":"https:\/\/dolphinfix.com.tr\/eticaret\/wp-json\/wp\/v2\/product"}],"about":[{"href":"https:\/\/dolphinfix.com.tr\/eticaret\/wp-json\/wp\/v2\/types\/product"}],"replies":[{"embeddable":true,"href":"https:\/\/dolphinfix.com.tr\/eticaret\/wp-json\/wp\/v2\/comments?post=16059"}],"version-history":[{"count":11,"href":"https:\/\/dolphinfix.com.tr\/eticaret\/wp-json\/wp\/v2\/product\/16059\/revisions"}],"predecessor-version":[{"id":19540,"href":"https:\/\/dolphinfix.com.tr\/eticaret\/wp-json\/wp\/v2\/product\/16059\/revisions\/19540"}],"wp:featuredmedia":[{"embeddable":true,"href":"https:\/\/dolphinfix.com.tr\/eticaret\/wp-json\/wp\/v2\/media\/16123"}],"wp:attachment":[{"href":"https:\/\/dolphinfix.com.tr\/eticaret\/wp-json\/wp\/v2\/media?parent=16059"}],"wp:term":[{"taxonomy":"product_cat","embeddable":true,"href":"https:\/\/dolphinfix.com.tr\/eticaret\/wp-json\/wp\/v2\/product_cat?post=16059"},{"taxonomy":"product_tag","embeddable":true,"href":"https:\/\/dolphinfix.com.tr\/eticaret\/wp-json\/wp\/v2\/product_tag?post=16059"}],"curies":[{"name":"wp","href":"https:\/\/api.w.org\/{rel}","templated":true}]}}