{"id":16063,"date":"2024-10-19T22:22:43","date_gmt":"2024-10-19T19:22:43","guid":{"rendered":"https:\/\/dolphinfix.com.tr\/eticaret?post_type=product&#038;p=16063"},"modified":"2026-03-12T17:03:52","modified_gmt":"2026-03-12T14:03:52","slug":"plus-psg-630-su-gecirimsizlik-harc-ve-siva-katkisi","status":"publish","type":"product","link":"https:\/\/dolphinfix.com.tr\/eticaret\/urun\/plus-psg-630-su-gecirimsizlik-harc-ve-siva-katkisi\/","title":{"rendered":"PLUS PSG 630 &#8211; SU GE\u00c7\u0130R\u0130MS\u0130ZL\u0130K BETON VE HAR\u00c7 KATKISI"},"content":{"rendered":"<p><span style=\"color: #ff0000;\"><strong>Not:Bu \u00fcr\u00fcnden 200 kg sat\u0131n almak istemeniz halinde whatsapp hatt\u0131ndan k\u0131sa yola t\u0131klayarak ula\u015fabilirsiniz.<\/strong><\/span><\/p>\n<h3><span style=\"color: #c61016;\">\u00dcR\u00dcN B\u0130LG\u0130LER\u0130 ;<\/span><\/h3>\n<p data-pm-slice=\"0 0 []\"><span style=\"color: #000000;\"><strong>TANIMI:<\/strong> PLUS-PSG 630, \u00e7imento ve kum ile reaksiyona girerek harc\u0131n i\u00e7indeki su dolu k\u00fc\u00e7\u00fck bo\u015fluklar\u0131 doldurup su ge\u00e7irimsizlik ve kolay i\u015flenebilme \u00f6zellikleri katan har\u00e7 ve s\u0131va katk\u0131 malzemesidir.<\/span><\/p>\n<p><span style=\"color: #000000;\"><strong>KULLANIM ALANLARI<\/strong><\/span><br \/>\n<span style=\"color: #000000;\">\u2022\u0130\u00e7 ve d\u0131\u015f mekanlarda uygulanan s\u0131valarda,<\/span><br \/>\n<span style=\"color: #000000;\">\u2022Su ge\u00e7irimsizlik istenen her t\u00fcrl\u00fc in\u015faat temellerinde,<\/span><br \/>\n<span style=\"color: #000000;\">\u2022Bodrum ve istinat duvar\u0131 ve t\u00fcm betonlarda,<\/span><br \/>\n<span style=\"color: #000000;\">\u2022Havuzlarda, menfezlerde, sulama kanallar\u0131nda, teras vb. yap\u0131lar\u0131n s\u0131va \u015faplar\u0131nda kullan\u0131l\u0131r.<\/span><\/p>\n<p><span style=\"color: #000000;\"><strong>\u00dcR\u00dcN \u00d6ZELL\u0130KLER\u0130<\/strong><\/span><br \/>\n<span style=\"color: #000000;\">\u2022Su ge\u00e7irimsizli\u011fi art\u0131r\u0131r.<\/span><br \/>\n<span style=\"color: #000000;\">\u2022\u0130\u015flenebilirlik \u00f6zelli\u011fini art\u0131r\u0131r.<\/span><br \/>\n<span style=\"color: #000000;\">\u2022Hacim art\u0131\u015f\u0131 sa\u011flar ve k\u0131lcal \u00e7atlaklar\u0131n \u00f6rt\u00fclmesinde \u00f6nemli rol oynar.<\/span><br \/>\n<span style=\"color: #000000;\">\u2022Solvent i\u00e7ermez.<\/span><br \/>\n<span style=\"color: #000000;\">\u2022Nemli y\u00fczeylere uygulanabilir.<\/span><\/p>\n<p><span style=\"color: #000000;\"><strong>TEKN\u0130K \u00d6ZELL\u0130KLER<\/strong><\/span><br \/>\n<span style=\"color: #000000;\">Kimyasal Bile\u015fim: \u0130norganik bile\u015fenler<\/span><br \/>\n<span style=\"color: #000000;\">Renk: A\u00e7\u0131k Sar\u0131<\/span><br \/>\n<span style=\"color: #000000;\">G\u00f6r\u00fcn\u00fcm: Likit<\/span><br \/>\n<span style=\"color: #000000;\">\u00d6zellik: Su ge\u00e7irimsizlik Katk\u0131s\u0131<\/span><br \/>\n<span style=\"color: #000000;\">Yo\u011funluk: 1,03 Kg\/Lt<\/span><br \/>\n<span style=\"color: #000000;\">PH: 10\u00b11<\/span><br \/>\n<span style=\"color: #000000;\">Teknik Bilgiler: +20\u00b0C (\u00b12\u00baC) hava s\u0131cakl\u0131\u011f\u0131 ve %50 \u00b15 ba\u011f\u0131l nem ko\u015fullar\u0131nda elde edilmi\u015ftir. Y\u00fcksek s\u0131cakl\u0131klar s\u00fcreleri k\u0131salt\u0131r, d\u00fc\u015f\u00fck s\u0131cakl\u0131klar uzat\u0131r. Ger\u00e7ekte elde edilen de\u011ferler, bizim kontrollerimizin d\u0131\u015f\u0131ndaki \u015fartlar sebebiyle de\u011fi\u015fiklik g\u00f6sterebilir<\/span><\/p>\n<p><span style=\"color: #000000;\"><strong>UYGULAMA Y\u00d6NTEM\u0130<\/strong><\/span><br \/>\n<span style=\"color: #000000;\">PLUS-PSG 630, har\u00e7ta kullan\u0131lan suyun 1\/10 \u2018nu kadar kullan\u0131lmal\u0131d\u0131r. Kullan\u0131lan kum \u0131slak ise bu oran \u0131slakl\u0131\u011fa g\u00f6re 1\/6 oran\u0131na kadar y\u00fckseltilebilir. Di\u011fer bir y\u00f6ntem har\u00e7ta kullan\u0131lan ba\u011flay\u0131c\u0131n\u0131n %3-4 \u2018\u00fc kadar minimum kullan\u0131lmal\u0131d\u0131r.<\/span><\/p>\n<p><span style=\"color: #000000;\"><strong>D\u0130KKAT ED\u0130LMES\u0130 GEREKEN HUSUSLAR<\/strong><\/span><br \/>\n<span style=\"color: #000000;\">\u2022Kullanmadan \u00f6nce \u00fcr\u00fcn\u00fc \u00e7alkalay\u0131n\u0131z.<\/span><br \/>\n<span style=\"color: #000000;\">\u2022Homojen bir kar\u0131\u015f\u0131m elde etmek i\u00e7in \u00f6l\u00e7\u00fclen suda seyreltilmelidir.<\/span><br \/>\n<span style=\"color: #000000;\">\u2022Seyreltme, Beton\/Har\u00e7 kar\u0131\u015ft\u0131r\u0131c\u0131ya ilave edilmeden \u00f6nce yava\u015f yava\u015f kar\u0131\u015ft\u0131r\u0131larak yap\u0131lmal\u0131d\u0131r.<\/span><br \/>\n<span style=\"color: #000000;\">\u2022ilave edildi\u011fi har\u00e7ta d\u00fczg\u00fcn bir \u015fekilde ve yeterince kar\u0131\u015ft\u0131r\u0131lmal\u0131d\u0131r.<\/span><br \/>\n<span style=\"color: #000000;\">\u2022\u00dcretim, yerle\u015ftirme ve k\u00fcrleme a\u015famalar\u0131 takip edilmelidir.<\/span><br \/>\n<span style=\"color: #000000;\">\u2022PLUS-PSG 630, DOLPHINF\u0130X \u00fcr\u00fcnleriyle uyumludur. Farkl\u0131 \u00fcr\u00fcnlerle uyumlulu\u011fu ispatlamak i\u00e7in \u00f6n test gerekmektedir.<\/span><br \/>\n<span style=\"color: #000000;\">\u2022Daha fazla bilgi ve yard\u0131m i\u00e7in l\u00fctfen Dolphinfix Teknik Servis ile ileti\u015fime ge\u00e7iniz.<\/span><\/p>\n<p><span style=\"color: #000000;\"><strong>AMBALAJ<\/strong><\/span><br \/>\n<span style=\"color: #000000;\">10 VE 30 BIDON<\/span><\/p>\n<p><span style=\"color: #000000;\"><strong>RAF \u00d6MR\u00dc<\/strong><\/span><br \/>\n<span style=\"color: #000000;\">Orijinal, hasar g\u00f6rmemi\u015f ve a\u00e7\u0131lmam\u0131\u015f ambalaj\u0131nda \u00fcretim tarihi itibariyle 12 ay kullan\u0131labilir.<\/span><\/p>\n<p>&nbsp;<\/p>\n","protected":false},"excerpt":{"rendered":"<p><span style=\"color: #000000;\"><a style=\"color: #000000;\" href=\"https:\/\/dolphinfix.com.tr\/eticaret\/wp-content\/uploads\/2025\/04\/PLUS-PGS-630-SU-GECIRIMSIZ-BETON-VE-HARC-KATKISI-TDS.pdf\" target=\"_blank\" rel=\"noopener\">TDS Belgesini \u0130ndirmek \u0130\u00e7in T\u0131klay\u0131n\u0131z<br \/>\n<\/a><\/span><span style=\"color: #000000;\"><a style=\"color: #000000;\" href=\"#\" target=\"_blank\" rel=\"noopener\">CE Belgesini \u0130ndirmek \u0130\u00e7in T\u0131klay\u0131n\u0131z<\/a><\/span><\/p>\n","protected":false},"featured_media":16867,"comment_status":"open","ping_status":"closed","template":"","meta":{"_joinchat":[]},"product_cat":[89,133],"product_tag":[741,734,737,739,666,738,740,660,667,668,736,742,664,662,658],"class_list":{"0":"post-16063","1":"product","2":"type-product","3":"status-publish","4":"has-post-thumbnail","6":"product_cat-beton-katkilari","7":"product_cat-beton-su-gecirimsizlik-katkilari","8":"product_tag-beton-guclendirici-katki","9":"product_tag-beton-karisim-katkisi","10":"product_tag-beton-su-yalitim-katkisi","11":"product_tag-dayanikli-beton-katkisi","12":"product_tag-enerji-tasarruflu-beton","13":"product_tag-harc-su-gecirmezlik-katkisi","14":"product_tag-hizli-kuruyan-katki","15":"product_tag-insaat-katki-malzemesi","16":"product_tag-kolay-uygulanabilir-beton-katkisi","17":"product_tag-profesyonel-insaat-malzemesi","18":"product_tag-su-gecirmezlik-katkisi","19":"product_tag-su-yalitim-harci","20":"product_tag-uzun-omurlu-beton","21":"product_tag-yapi-malzemeleri","22":"product_tag-yuksek-performansli-beton-katkisi","24":"first","25":"instock","26":"taxable","27":"shipping-taxable","28":"purchasable","29":"product-type-variable"},"yoast_head":"<!-- This site is optimized with the Yoast SEO Premium plugin v20.2.1 (Yoast SEO v20.2.1) - https:\/\/yoast.com\/wordpress\/plugins\/seo\/ -->\n<title>PLUS-PSG 630 Su Ge\u00e7irimsizlik Katk\u0131s\u0131 | Har\u00e7 &amp; S\u0131va<\/title>\n<meta name=\"description\" content=\"PLUS-PSG 630 har\u00e7 ve s\u0131valarda su ge\u00e7irimsizli\u011fi art\u0131ran, i\u015flenebilirli\u011fi y\u00fckselten ve k\u0131lcal \u00e7atlaklar\u0131 azaltan su yal\u0131t\u0131m katk\u0131 malzemesidir.\" \/>\n<meta name=\"robots\" content=\"index, follow, max-snippet:-1, max-image-preview:large, max-video-preview:-1\" \/>\n<link rel=\"canonical\" href=\"https:\/\/dolphinfix.com.tr\/eticaret\/urun\/plus-psg-630-su-gecirimsizlik-harc-ve-siva-katkisi\/\" \/>\n<meta property=\"og:locale\" content=\"tr_TR\" \/>\n<meta property=\"og:type\" content=\"article\" \/>\n<meta property=\"og:title\" content=\"PLUS PSG 630 - SU GE\u00c7\u0130R\u0130MS\u0130ZL\u0130K BETON VE HAR\u00c7 KATKISI\" \/>\n<meta property=\"og:description\" content=\"PLUS-PSG 630 har\u00e7 ve s\u0131valarda su ge\u00e7irimsizli\u011fi art\u0131ran, i\u015flenebilirli\u011fi y\u00fckselten ve k\u0131lcal \u00e7atlaklar\u0131 azaltan su yal\u0131t\u0131m katk\u0131 malzemesidir.\" \/>\n<meta property=\"og:url\" content=\"https:\/\/dolphinfix.com.tr\/eticaret\/urun\/plus-psg-630-su-gecirimsizlik-harc-ve-siva-katkisi\/\" \/>\n<meta property=\"og:site_name\" content=\"Dolphinfix\" \/>\n<meta property=\"article:modified_time\" content=\"2026-03-12T14:03:52+00:00\" \/>\n<meta property=\"og:image\" content=\"https:\/\/dolphinfix.com.tr\/eticaret\/wp-content\/uploads\/2024\/10\/630-PSG-1.png\" \/>\n\t<meta property=\"og:image:width\" content=\"1000\" \/>\n\t<meta property=\"og:image:height\" content=\"1000\" \/>\n\t<meta property=\"og:image:type\" content=\"image\/png\" \/>\n<meta name=\"twitter:card\" content=\"summary_large_image\" \/>\n<meta name=\"twitter:label1\" content=\"Tahmini okuma s\u00fcresi\" \/>\n\t<meta name=\"twitter:data1\" content=\"2 dakika\" \/>\n<script type=\"application\/ld+json\" class=\"yoast-schema-graph\">{\"@context\":\"https:\/\/schema.org\",\"@graph\":[{\"@type\":\"WebPage\",\"@id\":\"https:\/\/dolphinfix.com.tr\/eticaret\/urun\/plus-psg-630-su-gecirimsizlik-harc-ve-siva-katkisi\/\",\"url\":\"https:\/\/dolphinfix.com.tr\/eticaret\/urun\/plus-psg-630-su-gecirimsizlik-harc-ve-siva-katkisi\/\",\"name\":\"PLUS-PSG 630 Su Ge\u00e7irimsizlik Katk\u0131s\u0131 | Har\u00e7 & S\u0131va\",\"isPartOf\":{\"@id\":\"https:\/\/dolphinfix.com.tr\/eticaret\/#website\"},\"datePublished\":\"2024-10-19T19:22:43+00:00\",\"dateModified\":\"2026-03-12T14:03:52+00:00\",\"description\":\"PLUS-PSG 630 har\u00e7 ve s\u0131valarda su ge\u00e7irimsizli\u011fi art\u0131ran, i\u015flenebilirli\u011fi y\u00fckselten ve k\u0131lcal \u00e7atlaklar\u0131 azaltan su yal\u0131t\u0131m katk\u0131 malzemesidir.\",\"breadcrumb\":{\"@id\":\"https:\/\/dolphinfix.com.tr\/eticaret\/urun\/plus-psg-630-su-gecirimsizlik-harc-ve-siva-katkisi\/#breadcrumb\"},\"inLanguage\":\"tr\",\"potentialAction\":[{\"@type\":\"ReadAction\",\"target\":[\"https:\/\/dolphinfix.com.tr\/eticaret\/urun\/plus-psg-630-su-gecirimsizlik-harc-ve-siva-katkisi\/\"]}]},{\"@type\":\"BreadcrumbList\",\"@id\":\"https:\/\/dolphinfix.com.tr\/eticaret\/urun\/plus-psg-630-su-gecirimsizlik-harc-ve-siva-katkisi\/#breadcrumb\",\"itemListElement\":[{\"@type\":\"ListItem\",\"position\":1,\"name\":\"Home\",\"item\":\"https:\/\/dolphinfix.com.tr\/eticaret\/\"},{\"@type\":\"ListItem\",\"position\":2,\"name\":\"Market\",\"item\":\"https:\/\/dolphinfix.com.tr\/eticaret\/market\/\"},{\"@type\":\"ListItem\",\"position\":3,\"name\":\"PLUS PSG 630 &#8211; SU GE\u00c7\u0130R\u0130MS\u0130ZL\u0130K BETON VE HAR\u00c7 KATKISI\"}]},{\"@type\":\"WebSite\",\"@id\":\"https:\/\/dolphinfix.com.tr\/eticaret\/#website\",\"url\":\"https:\/\/dolphinfix.com.tr\/eticaret\/\",\"name\":\"Dolphinfix\",\"description\":\"\",\"potentialAction\":[{\"@type\":\"SearchAction\",\"target\":{\"@type\":\"EntryPoint\",\"urlTemplate\":\"https:\/\/dolphinfix.com.tr\/eticaret\/?s={search_term_string}\"},\"query-input\":\"required name=search_term_string\"}],\"inLanguage\":\"tr\"}]}<\/script>\n<!-- \/ Yoast SEO Premium plugin. -->","yoast_head_json":{"title":"PLUS-PSG 630 Su Ge\u00e7irimsizlik Katk\u0131s\u0131 | Har\u00e7 & S\u0131va","description":"PLUS-PSG 630 har\u00e7 ve s\u0131valarda su ge\u00e7irimsizli\u011fi art\u0131ran, i\u015flenebilirli\u011fi y\u00fckselten ve k\u0131lcal \u00e7atlaklar\u0131 azaltan su yal\u0131t\u0131m katk\u0131 malzemesidir.","robots":{"index":"index","follow":"follow","max-snippet":"max-snippet:-1","max-image-preview":"max-image-preview:large","max-video-preview":"max-video-preview:-1"},"canonical":"https:\/\/dolphinfix.com.tr\/eticaret\/urun\/plus-psg-630-su-gecirimsizlik-harc-ve-siva-katkisi\/","og_locale":"tr_TR","og_type":"article","og_title":"PLUS PSG 630 - SU GE\u00c7\u0130R\u0130MS\u0130ZL\u0130K BETON VE HAR\u00c7 KATKISI","og_description":"PLUS-PSG 630 har\u00e7 ve s\u0131valarda su ge\u00e7irimsizli\u011fi art\u0131ran, i\u015flenebilirli\u011fi y\u00fckselten ve k\u0131lcal \u00e7atlaklar\u0131 azaltan su yal\u0131t\u0131m katk\u0131 malzemesidir.","og_url":"https:\/\/dolphinfix.com.tr\/eticaret\/urun\/plus-psg-630-su-gecirimsizlik-harc-ve-siva-katkisi\/","og_site_name":"Dolphinfix","article_modified_time":"2026-03-12T14:03:52+00:00","og_image":[{"width":1000,"height":1000,"url":"https:\/\/dolphinfix.com.tr\/eticaret\/wp-content\/uploads\/2024\/10\/630-PSG-1.png","type":"image\/png"}],"twitter_card":"summary_large_image","twitter_misc":{"Tahmini okuma s\u00fcresi":"2 dakika"},"schema":{"@context":"https:\/\/schema.org","@graph":[{"@type":"WebPage","@id":"https:\/\/dolphinfix.com.tr\/eticaret\/urun\/plus-psg-630-su-gecirimsizlik-harc-ve-siva-katkisi\/","url":"https:\/\/dolphinfix.com.tr\/eticaret\/urun\/plus-psg-630-su-gecirimsizlik-harc-ve-siva-katkisi\/","name":"PLUS-PSG 630 Su Ge\u00e7irimsizlik Katk\u0131s\u0131 | Har\u00e7 & S\u0131va","isPartOf":{"@id":"https:\/\/dolphinfix.com.tr\/eticaret\/#website"},"datePublished":"2024-10-19T19:22:43+00:00","dateModified":"2026-03-12T14:03:52+00:00","description":"PLUS-PSG 630 har\u00e7 ve s\u0131valarda su ge\u00e7irimsizli\u011fi art\u0131ran, i\u015flenebilirli\u011fi y\u00fckselten ve k\u0131lcal \u00e7atlaklar\u0131 azaltan su yal\u0131t\u0131m katk\u0131 malzemesidir.","breadcrumb":{"@id":"https:\/\/dolphinfix.com.tr\/eticaret\/urun\/plus-psg-630-su-gecirimsizlik-harc-ve-siva-katkisi\/#breadcrumb"},"inLanguage":"tr","potentialAction":[{"@type":"ReadAction","target":["https:\/\/dolphinfix.com.tr\/eticaret\/urun\/plus-psg-630-su-gecirimsizlik-harc-ve-siva-katkisi\/"]}]},{"@type":"BreadcrumbList","@id":"https:\/\/dolphinfix.com.tr\/eticaret\/urun\/plus-psg-630-su-gecirimsizlik-harc-ve-siva-katkisi\/#breadcrumb","itemListElement":[{"@type":"ListItem","position":1,"name":"Home","item":"https:\/\/dolphinfix.com.tr\/eticaret\/"},{"@type":"ListItem","position":2,"name":"Market","item":"https:\/\/dolphinfix.com.tr\/eticaret\/market\/"},{"@type":"ListItem","position":3,"name":"PLUS PSG 630 &#8211; SU GE\u00c7\u0130R\u0130MS\u0130ZL\u0130K BETON VE HAR\u00c7 KATKISI"}]},{"@type":"WebSite","@id":"https:\/\/dolphinfix.com.tr\/eticaret\/#website","url":"https:\/\/dolphinfix.com.tr\/eticaret\/","name":"Dolphinfix","description":"","potentialAction":[{"@type":"SearchAction","target":{"@type":"EntryPoint","urlTemplate":"https:\/\/dolphinfix.com.tr\/eticaret\/?s={search_term_string}"},"query-input":"required name=search_term_string"}],"inLanguage":"tr"}]}},"_links":{"self":[{"href":"https:\/\/dolphinfix.com.tr\/eticaret\/wp-json\/wp\/v2\/product\/16063","targetHints":{"allow":["GET"]}}],"collection":[{"href":"https:\/\/dolphinfix.com.tr\/eticaret\/wp-json\/wp\/v2\/product"}],"about":[{"href":"https:\/\/dolphinfix.com.tr\/eticaret\/wp-json\/wp\/v2\/types\/product"}],"replies":[{"embeddable":true,"href":"https:\/\/dolphinfix.com.tr\/eticaret\/wp-json\/wp\/v2\/comments?post=16063"}],"version-history":[{"count":8,"href":"https:\/\/dolphinfix.com.tr\/eticaret\/wp-json\/wp\/v2\/product\/16063\/revisions"}],"predecessor-version":[{"id":17491,"href":"https:\/\/dolphinfix.com.tr\/eticaret\/wp-json\/wp\/v2\/product\/16063\/revisions\/17491"}],"wp:featuredmedia":[{"embeddable":true,"href":"https:\/\/dolphinfix.com.tr\/eticaret\/wp-json\/wp\/v2\/media\/16867"}],"wp:attachment":[{"href":"https:\/\/dolphinfix.com.tr\/eticaret\/wp-json\/wp\/v2\/media?parent=16063"}],"wp:term":[{"taxonomy":"product_cat","embeddable":true,"href":"https:\/\/dolphinfix.com.tr\/eticaret\/wp-json\/wp\/v2\/product_cat?post=16063"},{"taxonomy":"product_tag","embeddable":true,"href":"https:\/\/dolphinfix.com.tr\/eticaret\/wp-json\/wp\/v2\/product_tag?post=16063"}],"curies":[{"name":"wp","href":"https:\/\/api.w.org\/{rel}","templated":true}]}}