{"id":16067,"date":"2024-10-19T22:27:49","date_gmt":"2024-10-19T19:27:49","guid":{"rendered":"https:\/\/dolphinfix.com.tr\/eticaret?post_type=product&#038;p=16067"},"modified":"2026-03-12T17:03:52","modified_gmt":"2026-03-12T14:03:52","slug":"cry-610-kristalize-beton-su-gecirimsizlik-katkisi","status":"publish","type":"product","link":"https:\/\/dolphinfix.com.tr\/eticaret\/urun\/cry-610-kristalize-beton-su-gecirimsizlik-katkisi\/","title":{"rendered":"LIGUIT CRYSTALIZE CRY 610 &#8211; BETON SU GE\u00c7\u0130R\u0130MS\u0130ZL\u0130K KATKISI"},"content":{"rendered":"<p><span style=\"color: #ff0000;\"><strong>Not:Bu \u00fcr\u00fcnden 200 kg sat\u0131n almak istemeniz halinde whatsapp hatt\u0131ndan k\u0131sa yola t\u0131klayarak ula\u015fabilirsiniz.<\/strong><\/span><\/p>\n<h3><span style=\"color: #c61016;\">\u00dcR\u00dcN B\u0130LG\u0130LER\u0130 ;<\/span><\/h3>\n<p data-pm-slice=\"0 0 []\"><span style=\"color: #000000;\"><strong>TANIMI:<\/strong> CRY 610, Beton imalat\u0131nda kullan\u0131lan likit crystallize su ge\u00e7irimsizlik katk\u0131s\u0131d\u0131r.<\/span><\/p>\n<p><span style=\"color: #000000;\"><strong>KULLANIM ALANLARI<\/strong><\/span><br \/>\n<span style=\"color: #000000;\">\u2022Havuzlarda, menfezlerde, sulama kanallar\u0131nda, teras vb. yap\u0131lar\u0131n beton harc\u0131nda kullan\u0131l\u0131r.<\/span><br \/>\n<span style=\"color: #000000;\">\u2022Su ge\u00e7irimsizlik istenen her t\u00fcrl\u00fc in\u015faat temellerinde,<\/span><br \/>\n<span style=\"color: #000000;\">\u2022Bodrum ve istinat duvar\u0131 ve t\u00fcm betonlarda,<\/span><br \/>\n<span style=\"color: #000000;\">\u2022Beton d\u00f6k\u00fcm imalatlar\u0131nda.<\/span><\/p>\n<p><span style=\"color: #000000;\"><strong>\u00dcR\u00dcN \u00d6ZELL\u0130KLER\u0130<\/strong><\/span><br \/>\n<span style=\"color: #000000;\">\u2022Su ge\u00e7irimsizli\u011fi art\u0131r\u0131r.<\/span><br \/>\n<span style=\"color: #000000;\">\u2022\u0130\u015flenebilirlik \u00f6zelli\u011fini art\u0131r\u0131r.<\/span><br \/>\n<span style=\"color: #000000;\">\u2022Hacim art\u0131\u015f\u0131 sa\u011flar ve k\u0131lcal \u00e7atlaklar\u0131n \u00f6rt\u00fclmesinde \u00f6nemli rol oynar.<\/span><br \/>\n<span style=\"color: #000000;\">\u2022Harca ak\u0131c\u0131l\u0131k vererek kal\u0131plarda bo\u015fluk olu\u015fmas\u0131n\u0131 engeller<\/span><br \/>\n<span style=\"color: #000000;\">\u2022Solvent i\u00e7ermez.<\/span><br \/>\n<span style=\"color: #000000;\">\u2022Nemli y\u00fczeylere uygulanabilir.<\/span><br \/>\n<span style=\"color: #000000;\">\u2022Tu\u011fla ve ta\u015f kaplama har\u00e7lar\u0131nda i\u015flenebilirli\u011fi art\u0131r\u0131r.<\/span><\/p>\n<p><span style=\"color: #000000;\"><strong>TEKN\u0130K \u00d6ZELL\u0130KLER<\/strong><\/span><br \/>\n<span style=\"color: #000000;\">Kimyasal Bile\u015fim: \u0130norganik bile\u015fenler<\/span><br \/>\n<span style=\"color: #000000;\">Renk: Sar\u0131<\/span><br \/>\n<span style=\"color: #000000;\">G\u00f6r\u00fcn\u00fcm: Likit<\/span><br \/>\n<span style=\"color: #000000;\">\u00d6zellik: Su ge\u00e7irimsizlik Katk\u0131s\u0131<\/span><br \/>\n<span style=\"color: #000000;\">Yo\u011funluk: 1,12 Kg\/Lt<\/span><br \/>\n<span style=\"color: #000000;\">PH: 10\u00b11<\/span><br \/>\n<span style=\"color: #000000;\">Donma Noktas\u0131: -10 \u00b0C<\/span><br \/>\n<span style=\"color: #000000;\">Klor\u00fcr \u0130\u00e7eri\u011fi: &lt;0,1<\/span><br \/>\n<span style=\"color: #000000;\">Alkali \u0130\u00e7eri\u011fi: &gt;10<\/span><\/p>\n<p><span style=\"color: #000000;\"><strong>UYGULAMA Y\u00d6NTEM\u0130<\/strong><\/span><br \/>\n<span style=\"color: #000000;\">CRY 610, har\u00e7ta kullan\u0131lan suyun 1\/10 \u2018nu kadar kullan\u0131lmal\u0131d\u0131r. Di\u011fer bir y\u00f6ntem har\u00e7ta kullan\u0131lan ba\u011flay\u0131c\u0131n\u0131n %3 \u2018\u00fc kadar minimum kullan\u0131lmal\u0131d\u0131r.<\/span><\/p>\n<p><span style=\"color: #000000;\"><strong>D\u0130KKAT ED\u0130LMES\u0130 GEREKEN HUSUSLAR<\/strong><\/span><br \/>\n<span style=\"color: #000000;\">\u2022Kullanmadan \u00f6nce \u00fcr\u00fcn\u00fc \u00e7alkalay\u0131n\u0131z.<\/span><br \/>\n<span style=\"color: #000000;\">\u2022Homojen bir kar\u0131\u015f\u0131m elde etmek i\u00e7in \u00f6l\u00e7\u00fclen suda seyreltilmelidir.<\/span><br \/>\n<span style=\"color: #000000;\">\u2022Seyreltme, Beton\/Har\u00e7 kar\u0131\u015ft\u0131r\u0131c\u0131ya ilave edilmeden \u00f6nce yava\u015f yava\u015f kar\u0131\u015ft\u0131r\u0131larak yap\u0131lmal\u0131d\u0131r.<\/span><br \/>\n<span style=\"color: #000000;\">\u2022ilave edildi\u011fi har\u00e7ta d\u00fczg\u00fcn bir \u015fekilde ve yeterince kar\u0131\u015ft\u0131r\u0131lmal\u0131d\u0131r.<\/span><br \/>\n<span style=\"color: #000000;\">\u2022\u00dcretim, yerle\u015ftirme ve k\u00fcrleme a\u015famalar\u0131 takip edilmelidir.<\/span><br \/>\n<span style=\"color: #000000;\">\u2022CRY 610, DOLPHINF\u0130X \u00fcr\u00fcnleriyle uyumludur. Farkl\u0131 \u00fcr\u00fcnlerle uyumlulu\u011fu ispatlamak i\u00e7in \u00f6n test gerekmektedir.<\/span><\/p>\n<p><span style=\"color: #000000;\"><strong>AMBALAJ<\/strong><\/span><br \/>\n<span style=\"color: #000000;\">30 Kg Plastik bidon<\/span><br \/>\n<span style=\"color: #000000;\">200 Kg Varil<\/span><\/p>\n<p><span style=\"color: #000000;\"><strong>RAF \u00d6MR\u00dc<\/strong><\/span><br \/>\n<span style=\"color: #000000;\">Orijinal, hasar g\u00f6rmemi\u015f ve a\u00e7\u0131lmam\u0131\u015f ambalaj\u0131nda \u00fcretim tarihi itibariyle 24 ay kullan\u0131labilir.<\/span><\/p>\n<p><span style=\"color: #000000;\"><strong>\u00d6RNEK BETON KARI\u015eIMI<\/strong><\/span><br \/>\n<span style=\"color: #000000;\">Beton s\u0131n\u0131f\u0131: C25<\/span><br \/>\n<span style=\"color: #000000;\">En b\u00fcy\u00fck nicelik tane \u00e7ap\u0131: 22mm<\/span><br \/>\n<span style=\"color: #000000;\">Su: 181<\/span><br \/>\n<span style=\"color: #000000;\">\u00c7imento(cem\u013142,5R): 370 kg.<\/span><br \/>\n<span style=\"color: #000000;\">Su \u00e7imento oran\u0131: 0,49<\/span><br \/>\n<span style=\"color: #000000;\">K\u0131rma kum(0.5mm): 454 kg.<\/span><br \/>\n<span style=\"color: #000000;\">Ta\u015f tozu : 335 kg.<\/span><br \/>\n<span style=\"color: #000000;\">Agrega (5-12mm): 468 kg.<\/span><br \/>\n<span style=\"color: #000000;\">Agrega(12-22mm): 454 kg.<\/span><br \/>\n<span style=\"color: #000000;\">S\u00fcper ak\u0131\u015fkanla\u015ft\u0131r\u0131c\u0131: 3,7kg.<\/span><br \/>\n<span style=\"color: #000000;\">Hava i\u00e7eri\u011fi: %1,5<\/span><br \/>\n<span style=\"color: #000000;\">\u00c7\u00f6kme(slump): 16cm<\/span><\/p>\n<p>&nbsp;<\/p>\n","protected":false},"excerpt":{"rendered":"<p><span style=\"color: #000000;\"><a style=\"color: #000000;\" href=\"https:\/\/dolphinfix.com.tr\/eticaret\/wp-content\/uploads\/2025\/04\/LIGUIT-CRYSTALLIZE-CRY-610-TDS.pdf\" target=\"_blank\" rel=\"noopener\">TDS Belgesini \u0130ndirmek \u0130\u00e7in T\u0131klay\u0131n\u0131z<br \/>\n<\/a><\/span><span style=\"color: #000000;\"><a style=\"color: #000000;\" href=\"#\" target=\"_blank\" rel=\"noopener\">CE Belgesini \u0130ndirmek \u0130\u00e7in T\u0131klay\u0131n\u0131z<\/a><\/span><\/p>\n","protected":false},"featured_media":16142,"comment_status":"open","ping_status":"closed","template":"","meta":{"_joinchat":[]},"product_cat":[89,133],"product_tag":[663,656,654,661,659,666,660,667,668,657,665,655,664,662,658],"class_list":{"0":"post-16067","1":"product","2":"type-product","3":"status-publish","4":"has-post-thumbnail","6":"product_cat-beton-katkilari","7":"product_cat-beton-su-gecirimsizlik-katkilari","8":"product_tag-beton-dayaniklilik-artirici","9":"product_tag-beton-katki-malzemesi","10":"product_tag-beton-su-gecirmezlik-katkisi","11":"product_tag-cimento-katkisi","12":"product_tag-dayanikli-beton","13":"product_tag-enerji-tasarruflu-beton","14":"product_tag-insaat-katki-malzemesi","15":"product_tag-kolay-uygulanabilir-beton-katkisi","16":"product_tag-profesyonel-insaat-malzemesi","17":"product_tag-su-gecirmez-beton","18":"product_tag-su-yalitim-katki-maddesi","19":"product_tag-su-yalitim-katkisi","20":"product_tag-uzun-omurlu-beton","21":"product_tag-yapi-malzemeleri","22":"product_tag-yuksek-performansli-beton-katkisi","24":"first","25":"instock","26":"taxable","27":"shipping-taxable","28":"purchasable","29":"product-type-variable"},"yoast_head":"<!-- This site is optimized with the Yoast SEO Premium plugin v20.2.1 (Yoast SEO v20.2.1) - https:\/\/yoast.com\/wordpress\/plugins\/seo\/ -->\n<title>CRY 610 Kristalize Beton Su Ge\u00e7irimsizlik Katk\u0131s\u0131<\/title>\n<meta name=\"description\" content=\"CRY 610 kristalize beton katk\u0131s\u0131, beton ve har\u00e7larda su ge\u00e7irimsizli\u011fi art\u0131r\u0131r, k\u0131lcal \u00e7atlaklar\u0131 azalt\u0131r ve temeller ile su yap\u0131lar\u0131nda y\u00fcksek koruma sa\u011flar.\" \/>\n<meta name=\"robots\" content=\"index, follow, max-snippet:-1, max-image-preview:large, max-video-preview:-1\" \/>\n<link rel=\"canonical\" href=\"https:\/\/dolphinfix.com.tr\/eticaret\/urun\/cry-610-kristalize-beton-su-gecirimsizlik-katkisi\/\" \/>\n<meta property=\"og:locale\" content=\"tr_TR\" \/>\n<meta property=\"og:type\" content=\"article\" \/>\n<meta property=\"og:title\" content=\"LIGUIT CRYSTALIZE CRY 610 - BETON SU GE\u00c7\u0130R\u0130MS\u0130ZL\u0130K KATKISI\" \/>\n<meta property=\"og:description\" content=\"CRY 610 kristalize beton katk\u0131s\u0131, beton ve har\u00e7larda su ge\u00e7irimsizli\u011fi art\u0131r\u0131r, k\u0131lcal \u00e7atlaklar\u0131 azalt\u0131r ve temeller ile su yap\u0131lar\u0131nda y\u00fcksek koruma sa\u011flar.\" \/>\n<meta property=\"og:url\" content=\"https:\/\/dolphinfix.com.tr\/eticaret\/urun\/cry-610-kristalize-beton-su-gecirimsizlik-katkisi\/\" \/>\n<meta property=\"og:site_name\" content=\"Dolphinfix\" \/>\n<meta property=\"article:modified_time\" content=\"2026-03-12T14:03:52+00:00\" \/>\n<meta property=\"og:image\" content=\"https:\/\/dolphinfix.com.tr\/eticaret\/wp-content\/uploads\/2024\/10\/610.png\" \/>\n\t<meta property=\"og:image:width\" content=\"1000\" \/>\n\t<meta property=\"og:image:height\" content=\"1000\" \/>\n\t<meta property=\"og:image:type\" content=\"image\/png\" \/>\n<meta name=\"twitter:card\" content=\"summary_large_image\" \/>\n<meta name=\"twitter:label1\" content=\"Tahmini okuma s\u00fcresi\" \/>\n\t<meta name=\"twitter:data1\" content=\"2 dakika\" \/>\n<script type=\"application\/ld+json\" class=\"yoast-schema-graph\">{\"@context\":\"https:\/\/schema.org\",\"@graph\":[{\"@type\":\"WebPage\",\"@id\":\"https:\/\/dolphinfix.com.tr\/eticaret\/urun\/cry-610-kristalize-beton-su-gecirimsizlik-katkisi\/\",\"url\":\"https:\/\/dolphinfix.com.tr\/eticaret\/urun\/cry-610-kristalize-beton-su-gecirimsizlik-katkisi\/\",\"name\":\"CRY 610 Kristalize Beton Su Ge\u00e7irimsizlik Katk\u0131s\u0131\",\"isPartOf\":{\"@id\":\"https:\/\/dolphinfix.com.tr\/eticaret\/#website\"},\"datePublished\":\"2024-10-19T19:27:49+00:00\",\"dateModified\":\"2026-03-12T14:03:52+00:00\",\"description\":\"CRY 610 kristalize beton katk\u0131s\u0131, beton ve har\u00e7larda su ge\u00e7irimsizli\u011fi art\u0131r\u0131r, k\u0131lcal \u00e7atlaklar\u0131 azalt\u0131r ve temeller ile su yap\u0131lar\u0131nda y\u00fcksek koruma sa\u011flar.\",\"breadcrumb\":{\"@id\":\"https:\/\/dolphinfix.com.tr\/eticaret\/urun\/cry-610-kristalize-beton-su-gecirimsizlik-katkisi\/#breadcrumb\"},\"inLanguage\":\"tr\",\"potentialAction\":[{\"@type\":\"ReadAction\",\"target\":[\"https:\/\/dolphinfix.com.tr\/eticaret\/urun\/cry-610-kristalize-beton-su-gecirimsizlik-katkisi\/\"]}]},{\"@type\":\"BreadcrumbList\",\"@id\":\"https:\/\/dolphinfix.com.tr\/eticaret\/urun\/cry-610-kristalize-beton-su-gecirimsizlik-katkisi\/#breadcrumb\",\"itemListElement\":[{\"@type\":\"ListItem\",\"position\":1,\"name\":\"Home\",\"item\":\"https:\/\/dolphinfix.com.tr\/eticaret\/\"},{\"@type\":\"ListItem\",\"position\":2,\"name\":\"Market\",\"item\":\"https:\/\/dolphinfix.com.tr\/eticaret\/market\/\"},{\"@type\":\"ListItem\",\"position\":3,\"name\":\"LIGUIT CRYSTALIZE CRY 610 &#8211; BETON SU GE\u00c7\u0130R\u0130MS\u0130ZL\u0130K KATKISI\"}]},{\"@type\":\"WebSite\",\"@id\":\"https:\/\/dolphinfix.com.tr\/eticaret\/#website\",\"url\":\"https:\/\/dolphinfix.com.tr\/eticaret\/\",\"name\":\"Dolphinfix\",\"description\":\"\",\"potentialAction\":[{\"@type\":\"SearchAction\",\"target\":{\"@type\":\"EntryPoint\",\"urlTemplate\":\"https:\/\/dolphinfix.com.tr\/eticaret\/?s={search_term_string}\"},\"query-input\":\"required name=search_term_string\"}],\"inLanguage\":\"tr\"}]}<\/script>\n<!-- \/ Yoast SEO Premium plugin. -->","yoast_head_json":{"title":"CRY 610 Kristalize Beton Su Ge\u00e7irimsizlik Katk\u0131s\u0131","description":"CRY 610 kristalize beton katk\u0131s\u0131, beton ve har\u00e7larda su ge\u00e7irimsizli\u011fi art\u0131r\u0131r, k\u0131lcal \u00e7atlaklar\u0131 azalt\u0131r ve temeller ile su yap\u0131lar\u0131nda y\u00fcksek koruma sa\u011flar.","robots":{"index":"index","follow":"follow","max-snippet":"max-snippet:-1","max-image-preview":"max-image-preview:large","max-video-preview":"max-video-preview:-1"},"canonical":"https:\/\/dolphinfix.com.tr\/eticaret\/urun\/cry-610-kristalize-beton-su-gecirimsizlik-katkisi\/","og_locale":"tr_TR","og_type":"article","og_title":"LIGUIT CRYSTALIZE CRY 610 - BETON SU GE\u00c7\u0130R\u0130MS\u0130ZL\u0130K KATKISI","og_description":"CRY 610 kristalize beton katk\u0131s\u0131, beton ve har\u00e7larda su ge\u00e7irimsizli\u011fi art\u0131r\u0131r, k\u0131lcal \u00e7atlaklar\u0131 azalt\u0131r ve temeller ile su yap\u0131lar\u0131nda y\u00fcksek koruma sa\u011flar.","og_url":"https:\/\/dolphinfix.com.tr\/eticaret\/urun\/cry-610-kristalize-beton-su-gecirimsizlik-katkisi\/","og_site_name":"Dolphinfix","article_modified_time":"2026-03-12T14:03:52+00:00","og_image":[{"width":1000,"height":1000,"url":"https:\/\/dolphinfix.com.tr\/eticaret\/wp-content\/uploads\/2024\/10\/610.png","type":"image\/png"}],"twitter_card":"summary_large_image","twitter_misc":{"Tahmini okuma s\u00fcresi":"2 dakika"},"schema":{"@context":"https:\/\/schema.org","@graph":[{"@type":"WebPage","@id":"https:\/\/dolphinfix.com.tr\/eticaret\/urun\/cry-610-kristalize-beton-su-gecirimsizlik-katkisi\/","url":"https:\/\/dolphinfix.com.tr\/eticaret\/urun\/cry-610-kristalize-beton-su-gecirimsizlik-katkisi\/","name":"CRY 610 Kristalize Beton Su Ge\u00e7irimsizlik Katk\u0131s\u0131","isPartOf":{"@id":"https:\/\/dolphinfix.com.tr\/eticaret\/#website"},"datePublished":"2024-10-19T19:27:49+00:00","dateModified":"2026-03-12T14:03:52+00:00","description":"CRY 610 kristalize beton katk\u0131s\u0131, beton ve har\u00e7larda su ge\u00e7irimsizli\u011fi art\u0131r\u0131r, k\u0131lcal \u00e7atlaklar\u0131 azalt\u0131r ve temeller ile su yap\u0131lar\u0131nda y\u00fcksek koruma sa\u011flar.","breadcrumb":{"@id":"https:\/\/dolphinfix.com.tr\/eticaret\/urun\/cry-610-kristalize-beton-su-gecirimsizlik-katkisi\/#breadcrumb"},"inLanguage":"tr","potentialAction":[{"@type":"ReadAction","target":["https:\/\/dolphinfix.com.tr\/eticaret\/urun\/cry-610-kristalize-beton-su-gecirimsizlik-katkisi\/"]}]},{"@type":"BreadcrumbList","@id":"https:\/\/dolphinfix.com.tr\/eticaret\/urun\/cry-610-kristalize-beton-su-gecirimsizlik-katkisi\/#breadcrumb","itemListElement":[{"@type":"ListItem","position":1,"name":"Home","item":"https:\/\/dolphinfix.com.tr\/eticaret\/"},{"@type":"ListItem","position":2,"name":"Market","item":"https:\/\/dolphinfix.com.tr\/eticaret\/market\/"},{"@type":"ListItem","position":3,"name":"LIGUIT CRYSTALIZE CRY 610 &#8211; BETON SU GE\u00c7\u0130R\u0130MS\u0130ZL\u0130K KATKISI"}]},{"@type":"WebSite","@id":"https:\/\/dolphinfix.com.tr\/eticaret\/#website","url":"https:\/\/dolphinfix.com.tr\/eticaret\/","name":"Dolphinfix","description":"","potentialAction":[{"@type":"SearchAction","target":{"@type":"EntryPoint","urlTemplate":"https:\/\/dolphinfix.com.tr\/eticaret\/?s={search_term_string}"},"query-input":"required name=search_term_string"}],"inLanguage":"tr"}]}},"_links":{"self":[{"href":"https:\/\/dolphinfix.com.tr\/eticaret\/wp-json\/wp\/v2\/product\/16067","targetHints":{"allow":["GET"]}}],"collection":[{"href":"https:\/\/dolphinfix.com.tr\/eticaret\/wp-json\/wp\/v2\/product"}],"about":[{"href":"https:\/\/dolphinfix.com.tr\/eticaret\/wp-json\/wp\/v2\/types\/product"}],"replies":[{"embeddable":true,"href":"https:\/\/dolphinfix.com.tr\/eticaret\/wp-json\/wp\/v2\/comments?post=16067"}],"version-history":[{"count":9,"href":"https:\/\/dolphinfix.com.tr\/eticaret\/wp-json\/wp\/v2\/product\/16067\/revisions"}],"predecessor-version":[{"id":19308,"href":"https:\/\/dolphinfix.com.tr\/eticaret\/wp-json\/wp\/v2\/product\/16067\/revisions\/19308"}],"wp:featuredmedia":[{"embeddable":true,"href":"https:\/\/dolphinfix.com.tr\/eticaret\/wp-json\/wp\/v2\/media\/16142"}],"wp:attachment":[{"href":"https:\/\/dolphinfix.com.tr\/eticaret\/wp-json\/wp\/v2\/media?parent=16067"}],"wp:term":[{"taxonomy":"product_cat","embeddable":true,"href":"https:\/\/dolphinfix.com.tr\/eticaret\/wp-json\/wp\/v2\/product_cat?post=16067"},{"taxonomy":"product_tag","embeddable":true,"href":"https:\/\/dolphinfix.com.tr\/eticaret\/wp-json\/wp\/v2\/product_tag?post=16067"}],"curies":[{"name":"wp","href":"https:\/\/api.w.org\/{rel}","templated":true}]}}