{"id":16076,"date":"2024-10-19T23:44:27","date_gmt":"2024-10-19T20:44:27","guid":{"rendered":"https:\/\/dolphinfix.com.tr\/eticaret?post_type=product&#038;p=16076"},"modified":"2026-03-12T17:03:52","modified_gmt":"2026-03-12T14:03:52","slug":"681-hp-super-akiskanlastirici-beton-katkisi","status":"publish","type":"product","link":"https:\/\/dolphinfix.com.tr\/eticaret\/urun\/681-hp-super-akiskanlastirici-beton-katkisi\/","title":{"rendered":"HP 681 &#8211; H\u0130PER AKI\u015eKANLA\u015eTIRICI BETON KATKISI"},"content":{"rendered":"<p><span style=\"color: #ff0000;\"><strong>Not: \u00fcr\u00fcn\u00fcn 200 kg &#8211; 1000 kg ve Silo bas fiyat\u0131 i\u00e7in whatsapp hatt\u0131ndan k\u0131sa yola t\u0131klayarak ula\u015fabilirsiniz.<\/strong><\/span><\/p>\n<h3><span style=\"color: #c61016;\">\u00dcR\u00dcN B\u0130LG\u0130LER\u0130 ;<\/span><\/h3>\n<p data-pm-slice=\"0 0 []\"><span style=\"color: #000000;\"><strong>TANIMI:<\/strong> 681 HP, Y\u00fcksek oranda k\u0131vam koruma ve su kesme \u00f6zelli\u011fi olan bir su bazl\u0131 karboksilat kopolimerdir. Y\u00fcksek kaliteli betonlarda m\u00fckemmel bir \u015fekilde betonda su ihtiyac\u0131n\u0131 azalt\u0131r ve k\u0131vam koruma \u00f6zelli\u011fi sa\u011flar.<\/span><\/p>\n<p><span style=\"color: #000000;\"><strong>KULLANIM ALANLARI<\/strong><\/span><br \/>\n<span style=\"color: #000000;\">Kendili\u011finden yerle\u015fen beton \u00fcretmeyi sa\u011flar. D\u00f6\u015feme, temel ve saha betonlar\u0131nda, perde, kiri\u015f ve kolonlar\u0131n, ince ve s\u0131k donat\u0131l\u0131 betonarme elemanlar\u0131n<\/span><br \/>\n<span style=\"color: #000000;\">\u00fcretiminde. metro, otoyol, t\u00fcnel, baraj gibi her t\u00fcrl\u00fc m\u00fchendislik yap\u0131lar\u0131nda kullan\u0131l\u0131r. Prefabrike kolon, kiri\u015f elemanlar\u0131n\u0131n \u00dcretiminde kullan\u0131l\u0131r. Yap\u0131sal g\u00fc\u00e7lendirme i\u015flerinde, betonun erken y\u00fcksek mukavemet almas\u0131 ve kendili\u011finden yerle\u015fmesini sa\u011flar. Al\u00e7\u0131 esasl\u0131 s\u0131va ve \u015fap imalatlar\u0131nda, su oran\u0131n\u0131 y\u00fcksek oranda indirerek, ak\u0131c\u0131, daha y\u00fcksek ge\u00e7irimsizlik ve mukavemet sa\u011flar. Zemin enjeksiyonunda, jett-grout, fore kaz\u0131k gibi imalatlarda kullan\u0131l\u0131r. Kullan\u0131ld\u0131\u011f\u0131 yerdeki hava \u015fartlar\u0131na, betondan istenen priz s\u00fcresine g\u00f6re yazl\u0131k ve k\u0131\u015fl\u0131k t\u00fcrleri bulunmaktad\u0131r. \u00d6nemli hat\u0131rlatma: \u00c7ok ak\u0131c\u0131 bir beton elde edildi\u011fi i\u00e7in<\/span><br \/>\n<span style=\"color: #000000;\">kal\u0131p sisteminin buna uygun olarak se\u00e7ilmesi gereklidir. Beton yerine yerle\u015ftirilirken de beton d\u00f6k\u00fcm h\u0131z\u0131 \u00e7ok iyi ayarlanmal\u0131d\u0131r. Aksi takdirde kal\u0131p patlayabilir.<\/span><\/p>\n<p><span style=\"color: #000000;\">\u00a0<strong>\u00d6ZELL\u0130KLER VE AVANTAJLARI<\/strong><\/span><br \/>\n<span style=\"color: #000000;\">Betonun kar\u0131\u015f\u0131m suyunu olduk\u00e7a y\u00fcksek oranda azaltt\u0131\u011f\u0131 i\u00e7in k\u0131smen ge\u00e7irimsiz bir beton elde edebilir. Y\u00fcksek birim a\u011f\u0131rl\u0131k ve dayan\u0131m olana\u011f\u0131 sa\u011flar.<\/span><br \/>\n<span style=\"color: #000000;\">Betona kendili\u011finden yerle\u015fme \u00f6zelli\u011fi kazand\u0131r\u0131r. Dona kar\u015f\u0131 dayan\u0131kl\u0131l\u0131\u011f\u0131 art\u0131r\u0131r. Klor\u00fcr i\u00e7ermez, betonda donat\u0131ya zarar vermez. Betonda karbonatla\u015fma h\u0131z\u0131n\u0131 d\u00fc\u015f\u00fcr\u00fcr. Betonda b\u00fcz\u00fclmeyi olduk\u00e7a azalt\u0131r.<\/span><\/p>\n<p><span style=\"color: #000000;\"><strong>TEKN\u0130K \u00d6ZELL\u0130KLER<\/strong><\/span><br \/>\n<span style=\"color: #000000;\">Fiziksel G\u00f6r\u00fcn\u00fcm: A\u00e7\u0131k Sar\u0131ms\u0131<\/span><br \/>\n<span style=\"color: #000000;\">Vizkozite: 400 &#8211; 1000 mPa.s &#8211; 25 \u00b0C ASTM D445<\/span><br \/>\n<span style=\"color: #000000;\">Yo\u011funluk: 1,098 \u00b1 0,05 g\/cm3 ASTM D1475<\/span><br \/>\n<span style=\"color: #000000;\">pH: 4,5 \u00b1 0,5 ASTM D4972-19<\/span><br \/>\n<span style=\"color: #000000;\">Kat\u0131 madde: 50 \u00b1 1 % ASTM D6304<\/span><\/p>\n<p><span style=\"color: #000000;\"><strong>RAF \u00d6MR\u00dc<\/strong><\/span><br \/>\n<span style=\"color: #000000;\">Orijinal, hasar g\u00f6rmemi\u015f ve a\u00e7\u0131lmam\u0131\u015f ambalaj\u0131nda \u00fcretim tarihi itibariyle 12 ay kullan\u0131labilir.<\/span><\/p>\n<p><span style=\"color: #000000;\"><strong>DEPOLAMA \u015eARTLARI<\/strong><\/span><br \/>\n<span style=\"color: #000000;\">+5 \u00b0C ve 30\u00b0C aral\u0131\u011f\u0131nda muhafaza edilmelidir. Dondan, nemden ve direkt g\u00fcne\u015f \u0131\u015f\u0131ndan korunmal\u0131d\u0131r. Palet \u00fcst\u00fcnde istif edilmelidir. \u00dcst \u00fcste en fazla 8 tane<\/span><br \/>\n<span style=\"color: #000000;\">konulmal\u0131d\u0131r.<\/span><\/p>\n","protected":false},"excerpt":{"rendered":"<p><span style=\"color: #000000;\"><a style=\"color: #000000;\" href=\"https:\/\/dolphinfix.com.tr\/eticaret\/wp-content\/uploads\/2025\/04\/HIPER-AKISKANLASTIRICI-BETON-KATKISI-681-HP-TDS.pdf\" target=\"_blank\" rel=\"noopener\">TDS Belgesini \u0130ndirmek \u0130\u00e7in T\u0131klay\u0131n\u0131z<br \/>\n<\/a><\/span><span style=\"color: #000000;\"><a style=\"color: #000000;\" href=\"#\" target=\"_blank\" rel=\"noopener\">CE Belgesini \u0130ndirmek \u0130\u00e7in T\u0131klay\u0131n\u0131z<\/a><\/span><\/p>\n","protected":false},"featured_media":16119,"comment_status":"open","ping_status":"closed","template":"","meta":{"_joinchat":[]},"product_cat":[137,89],"product_tag":[747,746,750,656,659,751,666,745,748,660,667,749,664,662,697],"class_list":{"0":"post-16076","1":"product","2":"type-product","3":"status-publish","4":"has-post-thumbnail","6":"product_cat-akiskanlastirici-beton-katkisi","7":"product_cat-beton-katkilari","8":"product_tag-akici-beton-karisimi","9":"product_tag-beton-akiskanlastirici-katki","10":"product_tag-beton-karisim-optimize-edici","11":"product_tag-beton-katki-malzemesi","12":"product_tag-dayanikli-beton","13":"product_tag-endustriyel-beton-katkisi","14":"product_tag-enerji-tasarruflu-beton","15":"product_tag-hiper-akiskanlastirici","16":"product_tag-hizli-akiskan-beton","17":"product_tag-insaat-katki-malzemesi","18":"product_tag-kolay-uygulanabilir-beton-katkisi","19":"product_tag-profesyonel-insaat-uygulamasi","20":"product_tag-uzun-omurlu-beton","21":"product_tag-yapi-malzemeleri","22":"product_tag-yuksek-performansli-beton","24":"first","25":"instock","26":"taxable","27":"shipping-taxable","28":"purchasable","29":"product-type-variable"},"yoast_head":"<!-- This site is optimized with the Yoast SEO Premium plugin v20.2.1 (Yoast SEO v20.2.1) - https:\/\/yoast.com\/wordpress\/plugins\/seo\/ -->\n<title>681 HP S\u00fcper Ak\u0131\u015fkanla\u015ft\u0131r\u0131c\u0131 Beton Katk\u0131s\u0131<\/title>\n<meta name=\"description\" content=\"681 HP karboksilat esasl\u0131 s\u00fcper ak\u0131\u015fkanla\u015ft\u0131r\u0131c\u0131 beton katk\u0131s\u0131, su ihtiyac\u0131n\u0131 azalt\u0131r, k\u0131vam koruma sa\u011flar ve y\u00fcksek dayan\u0131ml\u0131 kendili\u011finden yerle\u015fen beton \u00fcretimine yard\u0131mc\u0131 olur.\" \/>\n<meta name=\"robots\" content=\"index, follow, max-snippet:-1, max-image-preview:large, max-video-preview:-1\" \/>\n<link rel=\"canonical\" href=\"https:\/\/dolphinfix.com.tr\/eticaret\/urun\/681-hp-super-akiskanlastirici-beton-katkisi\/\" \/>\n<meta property=\"og:locale\" content=\"tr_TR\" \/>\n<meta property=\"og:type\" content=\"article\" \/>\n<meta property=\"og:title\" content=\"HP 681 - H\u0130PER AKI\u015eKANLA\u015eTIRICI BETON KATKISI\" \/>\n<meta property=\"og:description\" content=\"681 HP karboksilat esasl\u0131 s\u00fcper ak\u0131\u015fkanla\u015ft\u0131r\u0131c\u0131 beton katk\u0131s\u0131, su ihtiyac\u0131n\u0131 azalt\u0131r, k\u0131vam koruma sa\u011flar ve y\u00fcksek dayan\u0131ml\u0131 kendili\u011finden yerle\u015fen beton \u00fcretimine yard\u0131mc\u0131 olur.\" \/>\n<meta property=\"og:url\" content=\"https:\/\/dolphinfix.com.tr\/eticaret\/urun\/681-hp-super-akiskanlastirici-beton-katkisi\/\" \/>\n<meta property=\"og:site_name\" content=\"Dolphinfix\" \/>\n<meta property=\"article:modified_time\" content=\"2026-03-12T14:03:52+00:00\" \/>\n<meta property=\"og:image\" content=\"https:\/\/dolphinfix.com.tr\/eticaret\/wp-content\/uploads\/2024\/10\/681.png\" \/>\n\t<meta property=\"og:image:width\" content=\"1000\" \/>\n\t<meta property=\"og:image:height\" content=\"1000\" \/>\n\t<meta property=\"og:image:type\" content=\"image\/png\" \/>\n<meta name=\"twitter:card\" content=\"summary_large_image\" \/>\n<meta name=\"twitter:label1\" content=\"Tahmini okuma s\u00fcresi\" \/>\n\t<meta name=\"twitter:data1\" content=\"2 dakika\" \/>\n<script type=\"application\/ld+json\" class=\"yoast-schema-graph\">{\"@context\":\"https:\/\/schema.org\",\"@graph\":[{\"@type\":\"WebPage\",\"@id\":\"https:\/\/dolphinfix.com.tr\/eticaret\/urun\/681-hp-super-akiskanlastirici-beton-katkisi\/\",\"url\":\"https:\/\/dolphinfix.com.tr\/eticaret\/urun\/681-hp-super-akiskanlastirici-beton-katkisi\/\",\"name\":\"681 HP S\u00fcper Ak\u0131\u015fkanla\u015ft\u0131r\u0131c\u0131 Beton Katk\u0131s\u0131\",\"isPartOf\":{\"@id\":\"https:\/\/dolphinfix.com.tr\/eticaret\/#website\"},\"datePublished\":\"2024-10-19T20:44:27+00:00\",\"dateModified\":\"2026-03-12T14:03:52+00:00\",\"description\":\"681 HP karboksilat esasl\u0131 s\u00fcper ak\u0131\u015fkanla\u015ft\u0131r\u0131c\u0131 beton katk\u0131s\u0131, su ihtiyac\u0131n\u0131 azalt\u0131r, k\u0131vam koruma sa\u011flar ve y\u00fcksek dayan\u0131ml\u0131 kendili\u011finden yerle\u015fen beton \u00fcretimine yard\u0131mc\u0131 olur.\",\"breadcrumb\":{\"@id\":\"https:\/\/dolphinfix.com.tr\/eticaret\/urun\/681-hp-super-akiskanlastirici-beton-katkisi\/#breadcrumb\"},\"inLanguage\":\"tr\",\"potentialAction\":[{\"@type\":\"ReadAction\",\"target\":[\"https:\/\/dolphinfix.com.tr\/eticaret\/urun\/681-hp-super-akiskanlastirici-beton-katkisi\/\"]}]},{\"@type\":\"BreadcrumbList\",\"@id\":\"https:\/\/dolphinfix.com.tr\/eticaret\/urun\/681-hp-super-akiskanlastirici-beton-katkisi\/#breadcrumb\",\"itemListElement\":[{\"@type\":\"ListItem\",\"position\":1,\"name\":\"Home\",\"item\":\"https:\/\/dolphinfix.com.tr\/eticaret\/\"},{\"@type\":\"ListItem\",\"position\":2,\"name\":\"Market\",\"item\":\"https:\/\/dolphinfix.com.tr\/eticaret\/market\/\"},{\"@type\":\"ListItem\",\"position\":3,\"name\":\"HP 681 &#8211; H\u0130PER AKI\u015eKANLA\u015eTIRICI BETON KATKISI\"}]},{\"@type\":\"WebSite\",\"@id\":\"https:\/\/dolphinfix.com.tr\/eticaret\/#website\",\"url\":\"https:\/\/dolphinfix.com.tr\/eticaret\/\",\"name\":\"Dolphinfix\",\"description\":\"\",\"potentialAction\":[{\"@type\":\"SearchAction\",\"target\":{\"@type\":\"EntryPoint\",\"urlTemplate\":\"https:\/\/dolphinfix.com.tr\/eticaret\/?s={search_term_string}\"},\"query-input\":\"required name=search_term_string\"}],\"inLanguage\":\"tr\"}]}<\/script>\n<!-- \/ Yoast SEO Premium plugin. -->","yoast_head_json":{"title":"681 HP S\u00fcper Ak\u0131\u015fkanla\u015ft\u0131r\u0131c\u0131 Beton Katk\u0131s\u0131","description":"681 HP karboksilat esasl\u0131 s\u00fcper ak\u0131\u015fkanla\u015ft\u0131r\u0131c\u0131 beton katk\u0131s\u0131, su ihtiyac\u0131n\u0131 azalt\u0131r, k\u0131vam koruma sa\u011flar ve y\u00fcksek dayan\u0131ml\u0131 kendili\u011finden yerle\u015fen beton \u00fcretimine yard\u0131mc\u0131 olur.","robots":{"index":"index","follow":"follow","max-snippet":"max-snippet:-1","max-image-preview":"max-image-preview:large","max-video-preview":"max-video-preview:-1"},"canonical":"https:\/\/dolphinfix.com.tr\/eticaret\/urun\/681-hp-super-akiskanlastirici-beton-katkisi\/","og_locale":"tr_TR","og_type":"article","og_title":"HP 681 - H\u0130PER AKI\u015eKANLA\u015eTIRICI BETON KATKISI","og_description":"681 HP karboksilat esasl\u0131 s\u00fcper ak\u0131\u015fkanla\u015ft\u0131r\u0131c\u0131 beton katk\u0131s\u0131, su ihtiyac\u0131n\u0131 azalt\u0131r, k\u0131vam koruma sa\u011flar ve y\u00fcksek dayan\u0131ml\u0131 kendili\u011finden yerle\u015fen beton \u00fcretimine yard\u0131mc\u0131 olur.","og_url":"https:\/\/dolphinfix.com.tr\/eticaret\/urun\/681-hp-super-akiskanlastirici-beton-katkisi\/","og_site_name":"Dolphinfix","article_modified_time":"2026-03-12T14:03:52+00:00","og_image":[{"width":1000,"height":1000,"url":"https:\/\/dolphinfix.com.tr\/eticaret\/wp-content\/uploads\/2024\/10\/681.png","type":"image\/png"}],"twitter_card":"summary_large_image","twitter_misc":{"Tahmini okuma s\u00fcresi":"2 dakika"},"schema":{"@context":"https:\/\/schema.org","@graph":[{"@type":"WebPage","@id":"https:\/\/dolphinfix.com.tr\/eticaret\/urun\/681-hp-super-akiskanlastirici-beton-katkisi\/","url":"https:\/\/dolphinfix.com.tr\/eticaret\/urun\/681-hp-super-akiskanlastirici-beton-katkisi\/","name":"681 HP S\u00fcper Ak\u0131\u015fkanla\u015ft\u0131r\u0131c\u0131 Beton Katk\u0131s\u0131","isPartOf":{"@id":"https:\/\/dolphinfix.com.tr\/eticaret\/#website"},"datePublished":"2024-10-19T20:44:27+00:00","dateModified":"2026-03-12T14:03:52+00:00","description":"681 HP karboksilat esasl\u0131 s\u00fcper ak\u0131\u015fkanla\u015ft\u0131r\u0131c\u0131 beton katk\u0131s\u0131, su ihtiyac\u0131n\u0131 azalt\u0131r, k\u0131vam koruma sa\u011flar ve y\u00fcksek dayan\u0131ml\u0131 kendili\u011finden yerle\u015fen beton \u00fcretimine yard\u0131mc\u0131 olur.","breadcrumb":{"@id":"https:\/\/dolphinfix.com.tr\/eticaret\/urun\/681-hp-super-akiskanlastirici-beton-katkisi\/#breadcrumb"},"inLanguage":"tr","potentialAction":[{"@type":"ReadAction","target":["https:\/\/dolphinfix.com.tr\/eticaret\/urun\/681-hp-super-akiskanlastirici-beton-katkisi\/"]}]},{"@type":"BreadcrumbList","@id":"https:\/\/dolphinfix.com.tr\/eticaret\/urun\/681-hp-super-akiskanlastirici-beton-katkisi\/#breadcrumb","itemListElement":[{"@type":"ListItem","position":1,"name":"Home","item":"https:\/\/dolphinfix.com.tr\/eticaret\/"},{"@type":"ListItem","position":2,"name":"Market","item":"https:\/\/dolphinfix.com.tr\/eticaret\/market\/"},{"@type":"ListItem","position":3,"name":"HP 681 &#8211; H\u0130PER AKI\u015eKANLA\u015eTIRICI BETON KATKISI"}]},{"@type":"WebSite","@id":"https:\/\/dolphinfix.com.tr\/eticaret\/#website","url":"https:\/\/dolphinfix.com.tr\/eticaret\/","name":"Dolphinfix","description":"","potentialAction":[{"@type":"SearchAction","target":{"@type":"EntryPoint","urlTemplate":"https:\/\/dolphinfix.com.tr\/eticaret\/?s={search_term_string}"},"query-input":"required name=search_term_string"}],"inLanguage":"tr"}]}},"_links":{"self":[{"href":"https:\/\/dolphinfix.com.tr\/eticaret\/wp-json\/wp\/v2\/product\/16076","targetHints":{"allow":["GET"]}}],"collection":[{"href":"https:\/\/dolphinfix.com.tr\/eticaret\/wp-json\/wp\/v2\/product"}],"about":[{"href":"https:\/\/dolphinfix.com.tr\/eticaret\/wp-json\/wp\/v2\/types\/product"}],"replies":[{"embeddable":true,"href":"https:\/\/dolphinfix.com.tr\/eticaret\/wp-json\/wp\/v2\/comments?post=16076"}],"version-history":[{"count":8,"href":"https:\/\/dolphinfix.com.tr\/eticaret\/wp-json\/wp\/v2\/product\/16076\/revisions"}],"predecessor-version":[{"id":19418,"href":"https:\/\/dolphinfix.com.tr\/eticaret\/wp-json\/wp\/v2\/product\/16076\/revisions\/19418"}],"wp:featuredmedia":[{"embeddable":true,"href":"https:\/\/dolphinfix.com.tr\/eticaret\/wp-json\/wp\/v2\/media\/16119"}],"wp:attachment":[{"href":"https:\/\/dolphinfix.com.tr\/eticaret\/wp-json\/wp\/v2\/media?parent=16076"}],"wp:term":[{"taxonomy":"product_cat","embeddable":true,"href":"https:\/\/dolphinfix.com.tr\/eticaret\/wp-json\/wp\/v2\/product_cat?post=16076"},{"taxonomy":"product_tag","embeddable":true,"href":"https:\/\/dolphinfix.com.tr\/eticaret\/wp-json\/wp\/v2\/product_tag?post=16076"}],"curies":[{"name":"wp","href":"https:\/\/api.w.org\/{rel}","templated":true}]}}