{"id":16104,"date":"2024-10-21T15:28:20","date_gmt":"2024-10-21T12:28:20","guid":{"rendered":"https:\/\/dolphinfix.com.tr\/eticaret?post_type=product&#038;p=16104"},"modified":"2026-03-10T21:08:35","modified_gmt":"2026-03-10T18:08:35","slug":"isi-ses-1810-isi-ve-ses-yalitim-sivasi","status":"publish","type":"product","link":"https:\/\/dolphinfix.com.tr\/eticaret\/urun\/isi-ses-1810-isi-ve-ses-yalitim-sivasi\/","title":{"rendered":"BORPER 1810 ISI &#8211; ISI YALITIM SIVASI"},"content":{"rendered":"<h3><span style=\"color: #c61016;\">\u00dcR\u00dcN B\u0130LG\u0130LER\u0130 ;<\/span><\/h3>\n<p data-pm-slice=\"0 0 []\"><span style=\"color: #000000;\"><strong>TANIMI:<\/strong> ISI &#8211; SES 1810, \u00c7imento ve perlit esasl\u0131, polimer ve bor modifiyeli, elyaf takviyeli yeni nesil \u0131s\u0131 ve ses yal\u0131t\u0131m s\u0131vas\u0131d\u0131r.<\/span><\/p>\n<p><span style=\"color: #000000;\"><strong>KULLANIM ALANLARI<\/strong><\/span><br \/>\n<span style=\"color: #000000;\">\u2022Beton, betonarme, tu\u011fla, bims, gazbeton, al\u00e7\u0131pan, betopan, osb ve cami kubbelerinde,<\/span><br \/>\n<span style=\"color: #000000;\">\u2022Yatay, d\u00fc\u015fey ve ba\u015f \u00fcst\u00fc s\u0131va uygulamalar\u0131nda,<\/span><br \/>\n<span style=\"color: #000000;\">\u2022\u0130\u00e7 ve d\u0131\u015f mek\u00e2nlarda \u0131s\u0131 ve ses yal\u0131t\u0131m s\u0131vas\u0131 olarak,<\/span><\/p>\n<p><span style=\"color: #000000;\"><strong>\u00dcR\u00dcN \u00d6ZELL\u0130KLER\u0130<\/strong><\/span><br \/>\n<span style=\"color: #000000;\">\u2022Is\u0131 yal\u0131t\u0131m\u0131 sa\u011flayarak binalardaki y\u00fcksek \u0131s\u0131 kayb\u0131n\u0131 \u00f6nler.<\/span><br \/>\n<span style=\"color: #000000;\">\u2022Enerji tasarrufu sa\u011flar.<\/span><br \/>\n<span style=\"color: #000000;\">\u2022Ses yal\u0131t\u0131m\u0131na destek olur.<\/span><br \/>\n<span style=\"color: #000000;\">\u2022Elastik yap\u0131ya sahiptir.<\/span><br \/>\n<span style=\"color: #000000;\">\u2022Buhar ge\u00e7irgenli\u011fine sahip.<\/span><br \/>\n<span style=\"color: #000000;\">\u2022Do\u011fald\u0131r ve \u00e7evre dostudur.<\/span><br \/>\n<span style=\"color: #000000;\">\u2022Mantolama sistemine g\u00f6re \u00e7ok ekonomiktir. \u0130\u015f\u00e7ilikten ve zamandan b\u00fcy\u00fck kazan\u00e7 sa\u011flar.<\/span><br \/>\n<span style=\"color: #000000;\">\u2022A\u011f\u0131r hava ko\u015fullar\u0131na kar\u015f\u0131 dayan\u0131kl\u0131d\u0131r.<\/span><br \/>\n<span style=\"color: #000000;\">\u2022Ses yal\u0131t\u0131m\u0131 sa\u011flayarak binalardaki y\u00fcksek ses konfor sa\u011flar.<\/span><br \/>\n<span style=\"color: #000000;\">\u2022Nefes alma \u00f6zelli\u011fi ile duvarlarda terlemeyi \u00f6nler \u0131s\u0131 k\u00f6pr\u00fcs\u00fc olu\u015fmaz.<\/span><br \/>\n<span style=\"color: #000000;\">\u2022Do\u011fald\u0131r ve \u00e7evre dostudur.<\/span><br \/>\n<span style=\"color: #000000;\">\u2022Hafiftir ve binada ki \u00f6l\u00fc y\u00fck\u00fc al\u0131r.<\/span><br \/>\n<span style=\"color: #000000;\">\u2022Haz\u0131rlamas\u0131 ve uygulamas\u0131 \u00e7ok kolayd\u0131r.<\/span><\/p>\n<p><span style=\"color: #000000;\"><strong>TEKN\u0130K \u00d6ZELL\u0130KLER<\/strong><\/span><br \/>\n<span style=\"color: #000000;\">TS EN 998 &#8211; 1 : 2017 21<\/span><br \/>\n<span style=\"color: #000000;\">Kuru Yo\u011funluk : 420 \u00b1100 kg\/m3<\/span><br \/>\n<span style=\"color: #000000;\">Renk : Saten Gri<\/span><br \/>\n<span style=\"color: #000000;\">Su kar\u0131\u015f\u0131m oran\u0131 (Torba) : 10,5 -11,5 LT<\/span><br \/>\n<span style=\"color: #000000;\">Kapiler su emme : W1 , \u22640,60 kg\/m2 min0\u20225<\/span><br \/>\n<span style=\"color: #000000;\">Bas\u0131n\u00e7 dayan\u0131m\u0131 (28 G\u00fcnl\u00fck) : CSI, \u22641.50 N\/mm2<\/span><br \/>\n<span style=\"color: #000000;\">Su buhar\u0131 ge\u00e7irgenli\u011fi Katsay\u0131s\u0131\u00b5 : \u226415 \u00b5<\/span><br \/>\n<span style=\"color: #000000;\">Is\u0131 \u0130letim Katsay\u0131s\u0131 : T1 , &lt;0,1 W\/Mk<\/span><br \/>\n<span style=\"color: #000000;\">Yang\u0131na tepki : A1<\/span><br \/>\n<span style=\"color: #000000;\">Kullan\u0131lma s\u00fcresi : 3-4 saat<\/span><br \/>\n<span style=\"color: #000000;\">Uygulama s\u0131cakl\u0131\u011f\u0131 : 5-35\u02daC<\/span><br \/>\n<span style=\"color: #000000;\">Ba\u011f dayan\u0131m\u0131 (28 G\u00fcnl\u00fck) : &gt; 0,23 N\/mm2 (0,35)<\/span><br \/>\n<span style=\"color: #000000;\">S\u0131va kal\u0131nl\u0131\u011f\u0131 : 1-3mm<\/span><br \/>\n<span style=\"color: #000000;\">T\u00fcketim : (1 cm kal\u0131nl\u0131k):4,0-5,0kg\/m2<\/span><br \/>\n<span style=\"color: #000000;\">Raf \u00f6mr\u00fc : 12 Ay (Uygun ortamda)<\/span><br \/>\n<span style=\"color: #000000;\">Uygulama \u015fekli : \u00c7elik Mala ile<\/span><br \/>\n<span style=\"color: #000000;\">+20\u00b0C (\u00b12\u00baC) hava s\u0131cakl\u0131\u011f\u0131 ve %50 \u00b15 ba\u011f\u0131l nem ko\u015fullar\u0131nda elde edilmi\u015ftir. Y\u00fcksek s\u0131cakl\u0131klar s\u00fcreleri k\u0131salt\u0131r, d\u00fc\u015f\u00fck s\u0131cakl\u0131klar uzat\u0131r.<\/span><\/p>\n<p><span style=\"color: #000000;\"><strong>UYGULAMA B\u0130LG\u0130S\u0130<\/strong><\/span><br \/>\n<span style=\"color: #000000;\">Y\u00fczey Haz\u0131rl\u0131\u011f\u0131: Uygulama y\u00fczeyinin sa\u011flam, tutunmay\u0131 \u00f6nleyici, kuru, tozsuz, ve temiz olmal\u0131d\u0131r. Y\u00fczey, aderans\u0131 azaltacak her t\u00fcrl\u00fc ya\u011f, gres, pas, ve parafin kal\u0131nt\u0131lar\u0131ndan iyice temizlenmeli ve y\u00fczeyde gev\u015fek par\u00e7ac\u0131klar olmamal\u0131d\u0131r. Uygulanacak y\u00fczey s\u0131cakl\u0131\u011f\u0131 +35 \u00b0C\u2019nin \u00fczerinde ise y\u00fczey mutlaka nemlendirilmelidir. Y\u00fczeyde ki bozuk yerleri D- TH tamir har\u00e7lar\u0131ndan uygun olan ile tamir edilmelidir.<\/span><\/p>\n<p><span style=\"color: #000000;\"><strong>Kar\u0131\u015ft\u0131rma<\/strong><\/span><br \/>\n<span style=\"color: #000000;\">Har\u00e7 kar\u0131\u015ft\u0131rma ve s\u0131va uygulama i\u00e7in pistonlu s\u0131va pompas\u0131 kullanman\u0131z\u0131 tavsiye ederiz. Klasik usul kar\u0131\u015ft\u0131rmak i\u00e7in temiz bir kovan\u0131n i\u00e7erisine 11 lt.<\/span><br \/>\n<span style=\"color: #000000;\">temiz suyun bir miktar\u0131n\u0131 koyun. \u00dczerine 15 Kg. ISI &#8211; SES 1810\u2019u yava\u015f\u00e7a bo\u015falt\u0131rken kar\u0131\u015ft\u0131r\u0131c\u0131 ile d\u00fc\u015f\u00fck devirde kar\u0131\u015ft\u0131rmaya ba\u015flay\u0131n. Kalan suyu ilave edin har\u00e7 topaks\u0131z ve homojen bir hale gelinceye kadar en az 5 dk. kar\u0131\u015ft\u0131r\u0131n. 3-4 dk. dinlenmeye b\u0131rak\u0131n. Daha sonra en az 3 dk. daha kar\u0131\u015ft\u0131rarak kullan\u0131n.<\/span><\/p>\n<p><span style=\"color: #000000;\"><strong>Uygulama<\/strong><\/span><br \/>\n<span style=\"color: #000000;\">Haz\u0131rlanan harc\u0131 tek katta 3 cm kal\u0131nl\u0131\u011fa kadar uygulayabilirsiniz. \u0130kinci kat uygulama i\u00e7in hava ko\u015fullar\u0131na g\u00f6re en az 48 saat beklenmelidir. Tam kuruma s\u00fcresi hava \u015fartlar\u0131na ba\u011fl\u0131 olarak asgari 7 g\u00fcnd\u00fcr. Tam kuruma sa\u011flanmadan boya a\u015famas\u0131na ge\u00e7ilmemelidir.<\/span><\/p>\n<p><span style=\"color: #000000;\"><strong>UYARILAR<\/strong><\/span><br \/>\n<span style=\"color: #000000;\">(+) 5\u00b0C\u2019nin alt\u0131nda ve (+) 35\u00b0C\u2019nin \u00fcst\u00fcnde ki ortamlarda mutlaka korumaya al\u0131nmal\u0131d\u0131r. Naylon ile etraf\u0131 kapat\u0131lmal\u0131d\u0131r.Dona ve ani su kayb\u0131na kar\u015f\u0131 \u00f6nlem<\/span><br \/>\n<span style=\"color: #000000;\">al\u0131nmal\u0131d\u0131r.<\/span><\/p>\n<p><span style=\"color: #000000;\"><strong>AMBALAJ<\/strong><\/span><br \/>\n<span style=\"color: #000000;\">15 KG KRAFT TORBA<\/span><\/p>\n<p><span style=\"color: #000000;\"><strong>RAF \u00d6MR\u00dc<\/strong><\/span><br \/>\n<span style=\"color: #000000;\">Orijinal, hasar g\u00f6rmemi\u015f ve a\u00e7\u0131lmam\u0131\u015f ambalaj\u0131nda ve depolama \u015farlar\u0131na uyulmas\u0131 durumunda \u00fcretim tarihi itibariyle 12 ayd\u0131r.<\/span><\/p>\n<p><span style=\"color: #000000;\"><strong>SARF\u0130YAT VE SU M\u0130KTARI<\/strong><\/span><br \/>\n<span style=\"color: #000000;\">1 cm kal\u0131nl\u0131k i\u00e7in m\u00b2 Toz Sarfiyat\u00a0 \u00a0 \u00a0 \u00a0 6 kg<\/span><br \/>\n<span style=\"color: #000000;\">KARI\u015eIM SUYU M\u0130KTARI 11 Lt.\/\u00a0 \u00a0 \u00a0 \u00a015 Kg<\/span><\/p>\n<p>&nbsp;<\/p>\n","protected":false},"excerpt":{"rendered":"<p><span style=\"color: #000000;\"><a style=\"color: #000000;\" href=\"https:\/\/dolphinfix.com.tr\/eticaret\/wp-content\/uploads\/2025\/11\/ISI-YALITIM-SIVASI-BORPER-1810-TDS.pdf\" target=\"_blank\" rel=\"noopener\">TDS Belgesini \u0130ndirmek \u0130\u00e7in T\u0131klay\u0131n\u0131z<br \/>\n<\/a><\/span><span style=\"color: #000000;\"><a style=\"color: #000000;\" href=\"#\" target=\"_blank\" rel=\"noopener\">CE Belgesini \u0130ndirmek \u0130\u00e7in T\u0131klay\u0131n\u0131z<br \/>\n<\/a><\/span><\/p>\n","protected":false},"featured_media":16106,"comment_status":"open","ping_status":"closed","template":"","meta":{"_joinchat":[]},"product_cat":[124,87],"product_tag":[760,753,317,757,316,370,754,761,752,759,376,755,388,758,756],"class_list":{"0":"post-16104","1":"product","2":"type-product","3":"status-publish","4":"has-post-thumbnail","6":"product_cat-isi-yalitim-siva-sap-ve-puskurtme","7":"product_cat-isi-yalitimi","8":"product_tag-bina-isi-yalitimi","9":"product_tag-bor-katkili-isi-yalitim","10":"product_tag-cati-isi-yalitimi","11":"product_tag-dayanikli-isi-yalitimi","12":"product_tag-duvar-isi-yalitimi","13":"product_tag-enerji-tasarruflu-siva","14":"product_tag-ic-cephe-isi-yalitimi","15":"product_tag-isi-kaybini-onleyen-siva","16":"product_tag-isi-yalitim-sivasi","17":"product_tag-kolay-uygulanabilir-isi-yalitimi","18":"product_tag-mantolama-sivasi","19":"product_tag-nefes-alan-isi-yalitimi","20":"product_tag-profesyonel-isi-yalitimi","21":"product_tag-uzun-omurlu-isi-izolasyonu","22":"product_tag-yuksek-performansli-siva","24":"first","25":"instock","26":"taxable","27":"shipping-taxable","28":"purchasable","29":"product-type-variable"},"yoast_head":"<!-- This site is optimized with the Yoast SEO Premium plugin v20.2.1 (Yoast SEO v20.2.1) - https:\/\/yoast.com\/wordpress\/plugins\/seo\/ -->\n<title>ISI SES 1810 Is\u0131 ve Ses Yal\u0131t\u0131m S\u0131vas\u0131<\/title>\n<meta name=\"description\" content=\"ISI SES 1810 \u00e7imento ve perlit esasl\u0131 \u0131s\u0131 ve ses yal\u0131t\u0131m s\u0131vas\u0131; enerji tasarrufu sa\u011flar, nefes al\u0131r, duvarlarda terlemeyi \u00f6nler ve i\u00e7-d\u0131\u015f cephelerde y\u00fcksek yal\u0131t\u0131m sunar.\" \/>\n<meta name=\"robots\" content=\"index, follow, max-snippet:-1, max-image-preview:large, max-video-preview:-1\" \/>\n<link rel=\"canonical\" href=\"https:\/\/dolphinfix.com.tr\/eticaret\/urun\/isi-ses-1810-isi-ve-ses-yalitim-sivasi\/\" \/>\n<meta property=\"og:locale\" content=\"tr_TR\" \/>\n<meta property=\"og:type\" content=\"article\" \/>\n<meta property=\"og:title\" content=\"BORPER 1810 ISI - ISI YALITIM SIVASI\" \/>\n<meta property=\"og:description\" content=\"ISI SES 1810 \u00e7imento ve perlit esasl\u0131 \u0131s\u0131 ve ses yal\u0131t\u0131m s\u0131vas\u0131; enerji tasarrufu sa\u011flar, nefes al\u0131r, duvarlarda terlemeyi \u00f6nler ve i\u00e7-d\u0131\u015f cephelerde y\u00fcksek yal\u0131t\u0131m sunar.\" \/>\n<meta property=\"og:url\" content=\"https:\/\/dolphinfix.com.tr\/eticaret\/urun\/isi-ses-1810-isi-ve-ses-yalitim-sivasi\/\" \/>\n<meta property=\"og:site_name\" content=\"Dolphinfix\" \/>\n<meta property=\"article:modified_time\" content=\"2026-03-10T18:08:35+00:00\" \/>\n<meta property=\"og:image\" content=\"https:\/\/dolphinfix.com.tr\/eticaret\/wp-content\/uploads\/2024\/10\/1810.png\" \/>\n\t<meta property=\"og:image:width\" content=\"1000\" \/>\n\t<meta property=\"og:image:height\" content=\"1000\" \/>\n\t<meta property=\"og:image:type\" content=\"image\/png\" \/>\n<meta name=\"twitter:card\" content=\"summary_large_image\" \/>\n<meta name=\"twitter:label1\" content=\"Tahmini okuma s\u00fcresi\" \/>\n\t<meta name=\"twitter:data1\" content=\"3 dakika\" \/>\n<script type=\"application\/ld+json\" class=\"yoast-schema-graph\">{\"@context\":\"https:\/\/schema.org\",\"@graph\":[{\"@type\":\"WebPage\",\"@id\":\"https:\/\/dolphinfix.com.tr\/eticaret\/urun\/isi-ses-1810-isi-ve-ses-yalitim-sivasi\/\",\"url\":\"https:\/\/dolphinfix.com.tr\/eticaret\/urun\/isi-ses-1810-isi-ve-ses-yalitim-sivasi\/\",\"name\":\"ISI SES 1810 Is\u0131 ve Ses Yal\u0131t\u0131m S\u0131vas\u0131\",\"isPartOf\":{\"@id\":\"https:\/\/dolphinfix.com.tr\/eticaret\/#website\"},\"datePublished\":\"2024-10-21T12:28:20+00:00\",\"dateModified\":\"2026-03-10T18:08:35+00:00\",\"description\":\"ISI SES 1810 \u00e7imento ve perlit esasl\u0131 \u0131s\u0131 ve ses yal\u0131t\u0131m s\u0131vas\u0131; enerji tasarrufu sa\u011flar, nefes al\u0131r, duvarlarda terlemeyi \u00f6nler ve i\u00e7-d\u0131\u015f cephelerde y\u00fcksek yal\u0131t\u0131m sunar.\",\"breadcrumb\":{\"@id\":\"https:\/\/dolphinfix.com.tr\/eticaret\/urun\/isi-ses-1810-isi-ve-ses-yalitim-sivasi\/#breadcrumb\"},\"inLanguage\":\"tr\",\"potentialAction\":[{\"@type\":\"ReadAction\",\"target\":[\"https:\/\/dolphinfix.com.tr\/eticaret\/urun\/isi-ses-1810-isi-ve-ses-yalitim-sivasi\/\"]}]},{\"@type\":\"BreadcrumbList\",\"@id\":\"https:\/\/dolphinfix.com.tr\/eticaret\/urun\/isi-ses-1810-isi-ve-ses-yalitim-sivasi\/#breadcrumb\",\"itemListElement\":[{\"@type\":\"ListItem\",\"position\":1,\"name\":\"Home\",\"item\":\"https:\/\/dolphinfix.com.tr\/eticaret\/\"},{\"@type\":\"ListItem\",\"position\":2,\"name\":\"Market\",\"item\":\"https:\/\/dolphinfix.com.tr\/eticaret\/market\/\"},{\"@type\":\"ListItem\",\"position\":3,\"name\":\"BORPER 1810 ISI &#8211; ISI YALITIM SIVASI\"}]},{\"@type\":\"WebSite\",\"@id\":\"https:\/\/dolphinfix.com.tr\/eticaret\/#website\",\"url\":\"https:\/\/dolphinfix.com.tr\/eticaret\/\",\"name\":\"Dolphinfix\",\"description\":\"\",\"potentialAction\":[{\"@type\":\"SearchAction\",\"target\":{\"@type\":\"EntryPoint\",\"urlTemplate\":\"https:\/\/dolphinfix.com.tr\/eticaret\/?s={search_term_string}\"},\"query-input\":\"required name=search_term_string\"}],\"inLanguage\":\"tr\"}]}<\/script>\n<!-- \/ Yoast SEO Premium plugin. -->","yoast_head_json":{"title":"ISI SES 1810 Is\u0131 ve Ses Yal\u0131t\u0131m S\u0131vas\u0131","description":"ISI SES 1810 \u00e7imento ve perlit esasl\u0131 \u0131s\u0131 ve ses yal\u0131t\u0131m s\u0131vas\u0131; enerji tasarrufu sa\u011flar, nefes al\u0131r, duvarlarda terlemeyi \u00f6nler ve i\u00e7-d\u0131\u015f cephelerde y\u00fcksek yal\u0131t\u0131m sunar.","robots":{"index":"index","follow":"follow","max-snippet":"max-snippet:-1","max-image-preview":"max-image-preview:large","max-video-preview":"max-video-preview:-1"},"canonical":"https:\/\/dolphinfix.com.tr\/eticaret\/urun\/isi-ses-1810-isi-ve-ses-yalitim-sivasi\/","og_locale":"tr_TR","og_type":"article","og_title":"BORPER 1810 ISI - ISI YALITIM SIVASI","og_description":"ISI SES 1810 \u00e7imento ve perlit esasl\u0131 \u0131s\u0131 ve ses yal\u0131t\u0131m s\u0131vas\u0131; enerji tasarrufu sa\u011flar, nefes al\u0131r, duvarlarda terlemeyi \u00f6nler ve i\u00e7-d\u0131\u015f cephelerde y\u00fcksek yal\u0131t\u0131m sunar.","og_url":"https:\/\/dolphinfix.com.tr\/eticaret\/urun\/isi-ses-1810-isi-ve-ses-yalitim-sivasi\/","og_site_name":"Dolphinfix","article_modified_time":"2026-03-10T18:08:35+00:00","og_image":[{"width":1000,"height":1000,"url":"https:\/\/dolphinfix.com.tr\/eticaret\/wp-content\/uploads\/2024\/10\/1810.png","type":"image\/png"}],"twitter_card":"summary_large_image","twitter_misc":{"Tahmini okuma s\u00fcresi":"3 dakika"},"schema":{"@context":"https:\/\/schema.org","@graph":[{"@type":"WebPage","@id":"https:\/\/dolphinfix.com.tr\/eticaret\/urun\/isi-ses-1810-isi-ve-ses-yalitim-sivasi\/","url":"https:\/\/dolphinfix.com.tr\/eticaret\/urun\/isi-ses-1810-isi-ve-ses-yalitim-sivasi\/","name":"ISI SES 1810 Is\u0131 ve Ses Yal\u0131t\u0131m S\u0131vas\u0131","isPartOf":{"@id":"https:\/\/dolphinfix.com.tr\/eticaret\/#website"},"datePublished":"2024-10-21T12:28:20+00:00","dateModified":"2026-03-10T18:08:35+00:00","description":"ISI SES 1810 \u00e7imento ve perlit esasl\u0131 \u0131s\u0131 ve ses yal\u0131t\u0131m s\u0131vas\u0131; enerji tasarrufu sa\u011flar, nefes al\u0131r, duvarlarda terlemeyi \u00f6nler ve i\u00e7-d\u0131\u015f cephelerde y\u00fcksek yal\u0131t\u0131m sunar.","breadcrumb":{"@id":"https:\/\/dolphinfix.com.tr\/eticaret\/urun\/isi-ses-1810-isi-ve-ses-yalitim-sivasi\/#breadcrumb"},"inLanguage":"tr","potentialAction":[{"@type":"ReadAction","target":["https:\/\/dolphinfix.com.tr\/eticaret\/urun\/isi-ses-1810-isi-ve-ses-yalitim-sivasi\/"]}]},{"@type":"BreadcrumbList","@id":"https:\/\/dolphinfix.com.tr\/eticaret\/urun\/isi-ses-1810-isi-ve-ses-yalitim-sivasi\/#breadcrumb","itemListElement":[{"@type":"ListItem","position":1,"name":"Home","item":"https:\/\/dolphinfix.com.tr\/eticaret\/"},{"@type":"ListItem","position":2,"name":"Market","item":"https:\/\/dolphinfix.com.tr\/eticaret\/market\/"},{"@type":"ListItem","position":3,"name":"BORPER 1810 ISI &#8211; ISI YALITIM SIVASI"}]},{"@type":"WebSite","@id":"https:\/\/dolphinfix.com.tr\/eticaret\/#website","url":"https:\/\/dolphinfix.com.tr\/eticaret\/","name":"Dolphinfix","description":"","potentialAction":[{"@type":"SearchAction","target":{"@type":"EntryPoint","urlTemplate":"https:\/\/dolphinfix.com.tr\/eticaret\/?s={search_term_string}"},"query-input":"required name=search_term_string"}],"inLanguage":"tr"}]}},"_links":{"self":[{"href":"https:\/\/dolphinfix.com.tr\/eticaret\/wp-json\/wp\/v2\/product\/16104","targetHints":{"allow":["GET"]}}],"collection":[{"href":"https:\/\/dolphinfix.com.tr\/eticaret\/wp-json\/wp\/v2\/product"}],"about":[{"href":"https:\/\/dolphinfix.com.tr\/eticaret\/wp-json\/wp\/v2\/types\/product"}],"replies":[{"embeddable":true,"href":"https:\/\/dolphinfix.com.tr\/eticaret\/wp-json\/wp\/v2\/comments?post=16104"}],"version-history":[{"count":6,"href":"https:\/\/dolphinfix.com.tr\/eticaret\/wp-json\/wp\/v2\/product\/16104\/revisions"}],"predecessor-version":[{"id":17637,"href":"https:\/\/dolphinfix.com.tr\/eticaret\/wp-json\/wp\/v2\/product\/16104\/revisions\/17637"}],"wp:featuredmedia":[{"embeddable":true,"href":"https:\/\/dolphinfix.com.tr\/eticaret\/wp-json\/wp\/v2\/media\/16106"}],"wp:attachment":[{"href":"https:\/\/dolphinfix.com.tr\/eticaret\/wp-json\/wp\/v2\/media?parent=16104"}],"wp:term":[{"taxonomy":"product_cat","embeddable":true,"href":"https:\/\/dolphinfix.com.tr\/eticaret\/wp-json\/wp\/v2\/product_cat?post=16104"},{"taxonomy":"product_tag","embeddable":true,"href":"https:\/\/dolphinfix.com.tr\/eticaret\/wp-json\/wp\/v2\/product_tag?post=16104"}],"curies":[{"name":"wp","href":"https:\/\/api.w.org\/{rel}","templated":true}]}}