{"id":16133,"date":"2024-10-23T14:47:17","date_gmt":"2024-10-23T11:47:17","guid":{"rendered":"https:\/\/dolphinfix.com.tr\/eticaret?post_type=product&#038;p=16133"},"modified":"2026-03-12T17:03:52","modified_gmt":"2026-03-12T14:03:52","slug":"plus-ph-650-priz-hizlandirici-beton-katkisi","status":"publish","type":"product","link":"https:\/\/dolphinfix.com.tr\/eticaret\/urun\/plus-ph-650-priz-hizlandirici-beton-katkisi\/","title":{"rendered":"PLUS PH 650 &#8211; PR\u0130Z HIZLANDIRICI HAR\u00c7 KATKISI"},"content":{"rendered":"<h3><span style=\"color: #c61016;\">\u00dcR\u00dcN B\u0130LG\u0130LER\u0130 ;<\/span><\/h3>\n<p data-pm-slice=\"1 1 []\"><span style=\"color: #000000;\"><strong>TANIMI:<\/strong> PLUS &#8211; PH 650, Su ve \u00e7imento ile reaksiyona girerek harc\u0131n erken priz almas\u0131n\u0131 ve erken dayan\u0131m kazanmas\u0131n\u0131 sa\u011flayan, so\u011fuk havalarda kullan\u0131ma uygun, harca ak\u0131c\u0131l\u0131k veren beton katk\u0131 malzemesidir.<\/span><\/p>\n<p><span style=\"color: #000000;\"><strong>\u00a0KULLANIM ALANLARI<\/strong><\/span><br \/>\n<span style=\"color: #000000;\">\u2022Beton \u00fcretiminde,<\/span><br \/>\n<span style=\"color: #000000;\">\u2022Prefabrik yap\u0131 elemanlar\u0131n\u0131n \u00fcretiminde,<\/span><br \/>\n<span style=\"color: #000000;\">\u2022So\u011fuk havalarda betonun donmas\u0131n\u0131 engelleyerek, erken priz almas\u0131n\u0131 ve erken mukavemet kazanmas\u0131n\u0131 sa\u011flar.<\/span><br \/>\n<span style=\"color: #000000;\">\u2022Erken mukavemet de\u011ferinin y\u00fcksek olmas\u0131n\u0131 sa\u011flar.<\/span><br \/>\n<span style=\"color: #000000;\">\u2022Her t\u00fcrl\u00fc haz\u0131r beton \u00fcretiminde.<\/span><\/p>\n<p><span style=\"color: #000000;\"><strong>\u00a0\u00dcR\u00dcN \u00d6ZELL\u0130KLER\u0130<\/strong><\/span><br \/>\n<span style=\"color: #000000;\">\u2022Ba\u015flang\u0131\u00e7 ve biti\u015f priz s\u00fcresini k\u0131salt\u0131r.<\/span><br \/>\n<span style=\"color: #000000;\">\u2022So\u011fuk havalarda erken mukavemet sa\u011flayarak zaman kazand\u0131r\u0131r.<\/span><br \/>\n<span style=\"color: #000000;\">\u2022Don etkisinden korur. Dona kar\u015f\u0131 dayan\u0131m\u0131 art\u0131r\u0131r. Beton dayan\u0131m\u0131n\u0131 y\u00fckseltir.<\/span><br \/>\n<span style=\"color: #000000;\">\u2022Klor i\u00e7ermez.<\/span><\/p>\n<p><span style=\"color: #000000;\"><strong>TEKN\u0130K \u00d6ZELL\u0130KLER<\/strong><\/span><br \/>\n<span style=\"color: #000000;\">Kimyasal Bile\u015fim: Anorganik Tuz<\/span><br \/>\n<span style=\"color: #000000;\">Renk: \u015eeffaf<\/span><br \/>\n<span style=\"color: #000000;\">G\u00f6r\u00fcn\u00fcm: Likit<\/span><br \/>\n<span style=\"color: #000000;\">\u00d6zellik: Priz H\u0131zland\u0131r\u0131c\u0131<\/span><br \/>\n<span style=\"color: #000000;\">Yo\u011funluk: 1,4 (\u00b10,05) Kg\/Lt<\/span><br \/>\n<span style=\"color: #000000;\">PH: 6-10<\/span><br \/>\n<span style=\"color: #000000;\">Kat\u0131 Madde Oran\u0131 (%): 40 (\u00b12)<\/span><br \/>\n<span style=\"color: #000000;\">Klor\u00fcr \u0130\u00e7eri\u011fi: &lt;0,1<\/span><br \/>\n<span style=\"color: #000000;\">+20\u00b0C (\u00b12\u00baC) hava s\u0131cakl\u0131\u011f\u0131 ve %50 \u00b15 ba\u011f\u0131l nem ko\u015fullar\u0131nda elde edilmi\u015ftir. Y\u00fcksek s\u0131cakl\u0131klar s\u00fcreleri k\u0131salt\u0131r, d\u00fc\u015f\u00fck s\u0131cakl\u0131klar uzat\u0131r. Ger\u00e7ekte elde edilen de\u011ferler, bizim kontrollerimizin d\u0131\u015f\u0131ndaki \u015fartlar sebebiyle de\u011fi\u015fiklik g\u00f6sterebilir.<\/span><\/p>\n<p><span style=\"color: #000000;\"><strong>UYGULAMA Y\u00d6NTEM\u0130<\/strong><\/span><br \/>\n<span style=\"color: #000000;\">PLUS \u2013 PH 650 harc\u0131n i\u00e7inde ki ba\u011flay\u0131c\u0131n\u0131 yani \u00e7imentonun % 1ile 4\u2019\u00fc kadar kullan\u0131m\u0131 tavsiye edilir. \u00c7ok so\u011fuk havalarda kullan\u0131m miktar\u0131n\u0131 max. % 5\u2019<\/span><br \/>\n<span style=\"color: #000000;\">kadar y\u00fckselte bilirsiniz. EN 197 standard\u0131nda ki t\u00fcm \u00e7imentolar ile kullan\u0131labilir. S\u0131va ve \u015fap imalat\u0131nda 50 kg \u00e7imentoya 1 kg PLUS \u2013 PH 650 kullan\u0131lmas\u0131<\/span><br \/>\n<span style=\"color: #000000;\">yeterli olacakt\u0131r.<\/span><\/p>\n<p><span style=\"color: #000000;\"><strong>D\u0130KKAT ED\u0130LMES\u0130 GEREKEN HUSUSLAR<\/strong><\/span><br \/>\n<span style=\"color: #000000;\">Kat\u0131 bile\u015fenler ve suyun %80\u2019ni ilave edildikten sonra PLUS \u2013 PH 650 ilave edilirse en g\u00fczel sonu\u00e7lar elde edilir. Betonun s\u0131cakl\u0131k ve nem kayb\u0131 \u00f6nlenmelidir.<\/span><br \/>\n<span style=\"color: #000000;\">4- 5 N\/mm\u00b2 dayan\u0131ma ula\u015f\u0131ncaya kadar beton korunmal\u0131d\u0131r. Katk\u0131l\u0131 \u00e7imento yerine klinker oran\u0131 y\u00fcksek \u00e7imento tercih ediniz. Kal\u0131plar s\u0131cakl\u0131k kayb\u0131na<\/span><br \/>\n<span style=\"color: #000000;\">kar\u015f\u0131 korunmal\u0131 m\u00fcmk\u00fcnce \u00e7elik kal\u0131p yerine ah\u015fap kal\u0131p kullan\u0131lmal\u0131d\u0131r.<\/span><\/p>\n<p><span style=\"color: #000000;\"><strong>AMBALAJ<\/strong><\/span><br \/>\n<span style=\"color: #000000;\">30 KG BIDON<\/span><br \/>\n<span style=\"color: #000000;\">200 KG VARIL<\/span><\/p>\n<p><span style=\"color: #000000;\"><strong>RAF \u00d6MR\u00dc<\/strong><\/span><br \/>\n<span style=\"color: #000000;\">Orijinal, hasar g\u00f6rmemi\u015f ve a\u00e7\u0131lmam\u0131\u015f ambalaj\u0131nda \u00fcretim tarihi itibariyle 12 ay kullan\u0131labilir.<\/span><\/p>\n<p><span style=\"color: #ff0000;\"><strong>Not: Bu \u00fcr\u00fcnden 200 kg sat\u0131n almak istemeniz halinde whatsapp hatt\u0131ndan k\u0131sa yola t\u0131klayarak ula\u015fabilirsiniz.<\/strong><\/span><\/p>\n","protected":false},"excerpt":{"rendered":"<p><span style=\"color: #000000;\"><a style=\"color: #000000;\" href=\"https:\/\/dolphinfix.com.tr\/eticaret\/wp-content\/uploads\/2025\/04\/PLUS-650-PH-PRIZ-HIZLANDIRICI-HARC-KATKISI-TDS.pdf\" target=\"_blank\" rel=\"noopener\">TDS Belgesini \u0130ndirmek \u0130\u00e7in T\u0131klay\u0131n\u0131z<br \/>\n<\/a><\/span><span style=\"color: #000000;\"><a style=\"color: #000000;\" href=\"#\" target=\"_blank\" rel=\"noopener\">CE Belgesini \u0130ndirmek \u0130\u00e7in T\u0131klay\u0131n\u0131z<\/a><\/span><\/p>\n","protected":false},"featured_media":16866,"comment_status":"open","ping_status":"closed","template":"","meta":{"_joinchat":[]},"product_cat":[89,134],"product_tag":[741,750,656,766,666,764,765,768,660,767,763,749,664,662,658],"class_list":{"0":"post-16133","1":"product","2":"type-product","3":"status-publish","4":"has-post-thumbnail","6":"product_cat-beton-katkilari","7":"product_cat-beton-priz-hizlandirici-beton-ve-harc-katkisi","8":"product_tag-beton-guclendirici-katki","9":"product_tag-beton-karisim-optimize-edici","10":"product_tag-beton-katki-malzemesi","11":"product_tag-dayanikli-harc","12":"product_tag-enerji-tasarruflu-beton","13":"product_tag-harc-priz-hizlandirici","14":"product_tag-hizli-priz-alan-beton","15":"product_tag-hizli-sertlesen-harc","16":"product_tag-insaat-katki-malzemesi","17":"product_tag-kolay-uygulanabilir-harc-katkisi","18":"product_tag-priz-hizlandirici-katki","19":"product_tag-profesyonel-insaat-uygulamasi","20":"product_tag-uzun-omurlu-beton","21":"product_tag-yapi-malzemeleri","22":"product_tag-yuksek-performansli-beton-katkisi","24":"first","25":"instock","26":"taxable","27":"shipping-taxable","28":"purchasable","29":"product-type-variable"},"yoast_head":"<!-- This site is optimized with the Yoast SEO Premium plugin v20.2.1 (Yoast SEO v20.2.1) - https:\/\/yoast.com\/wordpress\/plugins\/seo\/ -->\n<title>PLUS PH 650 Priz H\u0131zland\u0131r\u0131c\u0131 Beton Katk\u0131s\u0131<\/title>\n<meta name=\"description\" content=\"PLUS PH 650 priz h\u0131zland\u0131r\u0131c\u0131 beton katk\u0131s\u0131, betonun erken priz almas\u0131n\u0131 sa\u011flar, so\u011fuk havalarda don riskini azalt\u0131r ve erken dayan\u0131m kazand\u0131r\u0131r.\" \/>\n<meta name=\"robots\" content=\"index, follow, max-snippet:-1, max-image-preview:large, max-video-preview:-1\" \/>\n<link rel=\"canonical\" href=\"https:\/\/dolphinfix.com.tr\/eticaret\/urun\/plus-ph-650-priz-hizlandirici-beton-katkisi\/\" \/>\n<meta property=\"og:locale\" content=\"tr_TR\" \/>\n<meta property=\"og:type\" content=\"article\" \/>\n<meta property=\"og:title\" content=\"PLUS PH 650 - PR\u0130Z HIZLANDIRICI HAR\u00c7 KATKISI\" \/>\n<meta property=\"og:description\" content=\"PLUS PH 650 priz h\u0131zland\u0131r\u0131c\u0131 beton katk\u0131s\u0131, betonun erken priz almas\u0131n\u0131 sa\u011flar, so\u011fuk havalarda don riskini azalt\u0131r ve erken dayan\u0131m kazand\u0131r\u0131r.\" \/>\n<meta property=\"og:url\" content=\"https:\/\/dolphinfix.com.tr\/eticaret\/urun\/plus-ph-650-priz-hizlandirici-beton-katkisi\/\" \/>\n<meta property=\"og:site_name\" content=\"Dolphinfix\" \/>\n<meta property=\"article:modified_time\" content=\"2026-03-12T14:03:52+00:00\" \/>\n<meta property=\"og:image\" content=\"https:\/\/dolphinfix.com.tr\/eticaret\/wp-content\/uploads\/2024\/10\/650-PH.png\" \/>\n\t<meta property=\"og:image:width\" content=\"1000\" \/>\n\t<meta property=\"og:image:height\" content=\"1000\" \/>\n\t<meta property=\"og:image:type\" content=\"image\/png\" \/>\n<meta name=\"twitter:card\" content=\"summary_large_image\" \/>\n<meta name=\"twitter:label1\" content=\"Tahmini okuma s\u00fcresi\" \/>\n\t<meta name=\"twitter:data1\" content=\"2 dakika\" \/>\n<script type=\"application\/ld+json\" class=\"yoast-schema-graph\">{\"@context\":\"https:\/\/schema.org\",\"@graph\":[{\"@type\":\"WebPage\",\"@id\":\"https:\/\/dolphinfix.com.tr\/eticaret\/urun\/plus-ph-650-priz-hizlandirici-beton-katkisi\/\",\"url\":\"https:\/\/dolphinfix.com.tr\/eticaret\/urun\/plus-ph-650-priz-hizlandirici-beton-katkisi\/\",\"name\":\"PLUS PH 650 Priz H\u0131zland\u0131r\u0131c\u0131 Beton Katk\u0131s\u0131\",\"isPartOf\":{\"@id\":\"https:\/\/dolphinfix.com.tr\/eticaret\/#website\"},\"datePublished\":\"2024-10-23T11:47:17+00:00\",\"dateModified\":\"2026-03-12T14:03:52+00:00\",\"description\":\"PLUS PH 650 priz h\u0131zland\u0131r\u0131c\u0131 beton katk\u0131s\u0131, betonun erken priz almas\u0131n\u0131 sa\u011flar, so\u011fuk havalarda don riskini azalt\u0131r ve erken dayan\u0131m kazand\u0131r\u0131r.\",\"breadcrumb\":{\"@id\":\"https:\/\/dolphinfix.com.tr\/eticaret\/urun\/plus-ph-650-priz-hizlandirici-beton-katkisi\/#breadcrumb\"},\"inLanguage\":\"tr\",\"potentialAction\":[{\"@type\":\"ReadAction\",\"target\":[\"https:\/\/dolphinfix.com.tr\/eticaret\/urun\/plus-ph-650-priz-hizlandirici-beton-katkisi\/\"]}]},{\"@type\":\"BreadcrumbList\",\"@id\":\"https:\/\/dolphinfix.com.tr\/eticaret\/urun\/plus-ph-650-priz-hizlandirici-beton-katkisi\/#breadcrumb\",\"itemListElement\":[{\"@type\":\"ListItem\",\"position\":1,\"name\":\"Home\",\"item\":\"https:\/\/dolphinfix.com.tr\/eticaret\/\"},{\"@type\":\"ListItem\",\"position\":2,\"name\":\"Market\",\"item\":\"https:\/\/dolphinfix.com.tr\/eticaret\/market\/\"},{\"@type\":\"ListItem\",\"position\":3,\"name\":\"PLUS PH 650 &#8211; PR\u0130Z HIZLANDIRICI HAR\u00c7 KATKISI\"}]},{\"@type\":\"WebSite\",\"@id\":\"https:\/\/dolphinfix.com.tr\/eticaret\/#website\",\"url\":\"https:\/\/dolphinfix.com.tr\/eticaret\/\",\"name\":\"Dolphinfix\",\"description\":\"\",\"potentialAction\":[{\"@type\":\"SearchAction\",\"target\":{\"@type\":\"EntryPoint\",\"urlTemplate\":\"https:\/\/dolphinfix.com.tr\/eticaret\/?s={search_term_string}\"},\"query-input\":\"required name=search_term_string\"}],\"inLanguage\":\"tr\"}]}<\/script>\n<!-- \/ Yoast SEO Premium plugin. -->","yoast_head_json":{"title":"PLUS PH 650 Priz H\u0131zland\u0131r\u0131c\u0131 Beton Katk\u0131s\u0131","description":"PLUS PH 650 priz h\u0131zland\u0131r\u0131c\u0131 beton katk\u0131s\u0131, betonun erken priz almas\u0131n\u0131 sa\u011flar, so\u011fuk havalarda don riskini azalt\u0131r ve erken dayan\u0131m kazand\u0131r\u0131r.","robots":{"index":"index","follow":"follow","max-snippet":"max-snippet:-1","max-image-preview":"max-image-preview:large","max-video-preview":"max-video-preview:-1"},"canonical":"https:\/\/dolphinfix.com.tr\/eticaret\/urun\/plus-ph-650-priz-hizlandirici-beton-katkisi\/","og_locale":"tr_TR","og_type":"article","og_title":"PLUS PH 650 - PR\u0130Z HIZLANDIRICI HAR\u00c7 KATKISI","og_description":"PLUS PH 650 priz h\u0131zland\u0131r\u0131c\u0131 beton katk\u0131s\u0131, betonun erken priz almas\u0131n\u0131 sa\u011flar, so\u011fuk havalarda don riskini azalt\u0131r ve erken dayan\u0131m kazand\u0131r\u0131r.","og_url":"https:\/\/dolphinfix.com.tr\/eticaret\/urun\/plus-ph-650-priz-hizlandirici-beton-katkisi\/","og_site_name":"Dolphinfix","article_modified_time":"2026-03-12T14:03:52+00:00","og_image":[{"width":1000,"height":1000,"url":"https:\/\/dolphinfix.com.tr\/eticaret\/wp-content\/uploads\/2024\/10\/650-PH.png","type":"image\/png"}],"twitter_card":"summary_large_image","twitter_misc":{"Tahmini okuma s\u00fcresi":"2 dakika"},"schema":{"@context":"https:\/\/schema.org","@graph":[{"@type":"WebPage","@id":"https:\/\/dolphinfix.com.tr\/eticaret\/urun\/plus-ph-650-priz-hizlandirici-beton-katkisi\/","url":"https:\/\/dolphinfix.com.tr\/eticaret\/urun\/plus-ph-650-priz-hizlandirici-beton-katkisi\/","name":"PLUS PH 650 Priz H\u0131zland\u0131r\u0131c\u0131 Beton Katk\u0131s\u0131","isPartOf":{"@id":"https:\/\/dolphinfix.com.tr\/eticaret\/#website"},"datePublished":"2024-10-23T11:47:17+00:00","dateModified":"2026-03-12T14:03:52+00:00","description":"PLUS PH 650 priz h\u0131zland\u0131r\u0131c\u0131 beton katk\u0131s\u0131, betonun erken priz almas\u0131n\u0131 sa\u011flar, so\u011fuk havalarda don riskini azalt\u0131r ve erken dayan\u0131m kazand\u0131r\u0131r.","breadcrumb":{"@id":"https:\/\/dolphinfix.com.tr\/eticaret\/urun\/plus-ph-650-priz-hizlandirici-beton-katkisi\/#breadcrumb"},"inLanguage":"tr","potentialAction":[{"@type":"ReadAction","target":["https:\/\/dolphinfix.com.tr\/eticaret\/urun\/plus-ph-650-priz-hizlandirici-beton-katkisi\/"]}]},{"@type":"BreadcrumbList","@id":"https:\/\/dolphinfix.com.tr\/eticaret\/urun\/plus-ph-650-priz-hizlandirici-beton-katkisi\/#breadcrumb","itemListElement":[{"@type":"ListItem","position":1,"name":"Home","item":"https:\/\/dolphinfix.com.tr\/eticaret\/"},{"@type":"ListItem","position":2,"name":"Market","item":"https:\/\/dolphinfix.com.tr\/eticaret\/market\/"},{"@type":"ListItem","position":3,"name":"PLUS PH 650 &#8211; PR\u0130Z HIZLANDIRICI HAR\u00c7 KATKISI"}]},{"@type":"WebSite","@id":"https:\/\/dolphinfix.com.tr\/eticaret\/#website","url":"https:\/\/dolphinfix.com.tr\/eticaret\/","name":"Dolphinfix","description":"","potentialAction":[{"@type":"SearchAction","target":{"@type":"EntryPoint","urlTemplate":"https:\/\/dolphinfix.com.tr\/eticaret\/?s={search_term_string}"},"query-input":"required name=search_term_string"}],"inLanguage":"tr"}]}},"_links":{"self":[{"href":"https:\/\/dolphinfix.com.tr\/eticaret\/wp-json\/wp\/v2\/product\/16133","targetHints":{"allow":["GET"]}}],"collection":[{"href":"https:\/\/dolphinfix.com.tr\/eticaret\/wp-json\/wp\/v2\/product"}],"about":[{"href":"https:\/\/dolphinfix.com.tr\/eticaret\/wp-json\/wp\/v2\/types\/product"}],"replies":[{"embeddable":true,"href":"https:\/\/dolphinfix.com.tr\/eticaret\/wp-json\/wp\/v2\/comments?post=16133"}],"version-history":[{"count":9,"href":"https:\/\/dolphinfix.com.tr\/eticaret\/wp-json\/wp\/v2\/product\/16133\/revisions"}],"predecessor-version":[{"id":19420,"href":"https:\/\/dolphinfix.com.tr\/eticaret\/wp-json\/wp\/v2\/product\/16133\/revisions\/19420"}],"wp:featuredmedia":[{"embeddable":true,"href":"https:\/\/dolphinfix.com.tr\/eticaret\/wp-json\/wp\/v2\/media\/16866"}],"wp:attachment":[{"href":"https:\/\/dolphinfix.com.tr\/eticaret\/wp-json\/wp\/v2\/media?parent=16133"}],"wp:term":[{"taxonomy":"product_cat","embeddable":true,"href":"https:\/\/dolphinfix.com.tr\/eticaret\/wp-json\/wp\/v2\/product_cat?post=16133"},{"taxonomy":"product_tag","embeddable":true,"href":"https:\/\/dolphinfix.com.tr\/eticaret\/wp-json\/wp\/v2\/product_tag?post=16133"}],"curies":[{"name":"wp","href":"https:\/\/api.w.org\/{rel}","templated":true}]}}