{"id":16155,"date":"2024-10-23T15:23:11","date_gmt":"2024-10-23T12:23:11","guid":{"rendered":"https:\/\/dolphinfix.com.tr\/eticaret?post_type=product&#038;p=16155"},"modified":"2026-03-13T07:57:59","modified_gmt":"2026-03-13T04:57:59","slug":"emc-720-akrilik-yuzey-emicilik-azaltici-astar","status":"publish","type":"product","link":"https:\/\/dolphinfix.com.tr\/eticaret\/urun\/emc-720-akrilik-yuzey-emicilik-azaltici-astar\/","title":{"rendered":"EMC 720 &#8211; EM\u0130C\u0130 Y\u00dcZEYLER \u015eAP ASTAR"},"content":{"rendered":"<h3><span style=\"color: #c61016;\">\u00dcR\u00dcN B\u0130LG\u0130LER\u0130 ;<\/span><\/h3>\n<p data-pm-slice=\"1 1 []\"><span style=\"color: #000000;\"><strong>TANIMI :<\/strong> EMC 720,Tek bilesenli, kopolimer akrilik esasl\u0131 uygulama y\u00fczeylerinin emilimini azaltmak i\u00e7in tasarlanm\u0131s astar ajan\u0131d\u0131r.<\/span><\/p>\n<p><span style=\"color: #000000;\"><strong>KULLANIM ALANLARI<\/strong><\/span><br \/>\n<span style=\"color: #000000;\">\u2022Al\u00e7\u0131, kontrplak, gaz beton, s\u0131va, al\u00e7\u0131 s\u0131va sunta gibi emici y\u00fczeylerde,<\/span><br \/>\n<span style=\"color: #000000;\">\u2022Y\u00fczeylerin nemden korunmas\u0131nda,<\/span><br \/>\n<span style=\"color: #000000;\">\u2022Tesviye sap\u0131 gibi \u00fcr\u00fcnlerin islene bilme s\u00fcresini uzatmak ve h\u0131zl\u0131 su kayb\u0131ndan kaynaklanacak \u00e7atlaklar\u0131 \u00f6nlemede,<\/span><br \/>\n<span style=\"color: #000000;\">\u2022Duvar kag\u0131d\u0131 ve boya \u00f6ncesi astar olarak kullan\u0131l\u0131r<\/span><\/p>\n<p><span style=\"color: #000000;\"><strong>\u00dcR\u00dcN \u00d6ZELL\u0130KLER\u0130<\/strong><\/span><br \/>\n<span style=\"color: #000000;\">\u2022Uygulamas\u0131 kolayd\u0131r ve kullan\u0131ma haz\u0131rd\u0131r,<\/span><br \/>\n<span style=\"color: #000000;\">\u2022Suya, dona ve ag\u0131r hava sartlar\u0131na dayan\u0131kl\u0131d\u0131r,<\/span><br \/>\n<span style=\"color: #000000;\">\u2022Yap\u0131sma performans\u0131 ve mukavemeti y\u00fcksektir,<\/span><br \/>\n<span style=\"color: #000000;\">\u2022Derine n\u00fcfuz eder,<\/span><br \/>\n<span style=\"color: #000000;\">\u2022H\u0131zl\u0131 su kayb\u0131ndan kaynaklanan \u00e7atlaklar\u0131 \u00f6nler,<\/span><br \/>\n<span style=\"color: #000000;\">\u2022Solvent i\u00e7ermez , \u00e7evre dostudur,<\/span><br \/>\n<span style=\"color: #000000;\">\u2022Su buhar\u0131 ge\u00e7irimlidir,<\/span><br \/>\n<span style=\"color: #000000;\">\u2022Nemli b\u00f6lgelere uygulanabilir.<\/span><\/p>\n<p><span style=\"color: #000000;\"><strong>TEKN\u0130K \u00d6ZELL\u0130KLER<\/strong><\/span><br \/>\n<span style=\"color: #000000;\">Malzemenin Yap\u0131s\u0131: Modifiye \u00f6zel kar\u0131s\u0131m<\/span><br \/>\n<span style=\"color: #000000;\">Renk: A\u00e7\u0131k Mavi \/ Likit<\/span><br \/>\n<span style=\"color: #000000;\">Yogunluk : 1,22 Kg\/Lt<\/span><br \/>\n<span style=\"color: #000000;\">Kuruma S\u00fcresi: 1-3 saat<\/span><br \/>\n<span style=\"color: #000000;\">Kat\u0131 Madde oran\u0131: %20<\/span><br \/>\n<span style=\"color: #000000;\">*Tipik degerler: +23\u00b0C\u2019de %50 bag\u0131l nem kosullar\u0131nda 4x4x16 cm har\u00e7 prizmas\u0131nda yap\u0131lan deneyler sonucunda elde edilmistir. Y\u00fcksek s\u0131cakl\u0131klar s\u00fcreleri k\u0131salt\u0131r, d\u00fcs\u00fck s\u0131cakl\u0131klar uzat\u0131r.<\/span><\/p>\n<p><span style=\"color: #000000;\"><strong>SARF\u0130YAT<\/strong><\/span><br \/>\n<span style=\"color: #000000;\">T\u00fcketim, uygulanacak zeminin emiciligine g\u00f6re degiskenlik g\u00f6sterir. Yaklas\u0131k 200-400 gr\/m\u00b2<\/span><\/p>\n<p><span style=\"color: #000000;\"><strong>AMBALAJ<\/strong><\/span><br \/>\n<span style=\"color: #000000;\">10 kg.\u2019l\u0131k plastik bidon.<\/span><br \/>\n<span style=\"color: #000000;\">30 kg.\u2019l\u0131k plastik bidon.<\/span><\/p>\n<p><span style=\"color: #000000;\"><strong>DEPOLAMA\u00a0<\/strong><\/span><br \/>\n<span style=\"color: #000000;\">A\u00e7\u0131lmam\u0131s orijinal ambalaj\u0131nda, serin ve kuru ortamda, dondan korunarak depolanmal\u0131d\u0131r. K\u0131sa s\u00fcreli depolamalarda, en fazla 3 adet \u00fcst \u00fcste konulmal\u0131 ve<\/span><br \/>\n<span style=\"color: #000000;\">ilk giren ilk \u00e7\u0131kar sistemiyle sevkiyat yap\u0131lmal\u0131d\u0131r. Uzun s\u00fcreli depolamalarda ise, 2 adet \u00fcst \u00fcste konulmamal\u0131d\u0131r.<\/span><\/p>\n<p><span style=\"color: #000000;\"><strong>\u00a0RAF \u00d6MR\u00dc<\/strong><\/span><br \/>\n<span style=\"color: #000000;\">Uygun depolama ko\u015fullar\u0131nda \u00fcretim tarihinden itibaren 12 ayd\u0131r. A\u00e7\u0131lm\u0131\u015f ambalajlar uygun depolama ko\u015fullar\u0131nda saklanarak bir hafta i\u00e7inde kullan\u0131lmal\u0131d\u0131r.<\/span><\/p>\n","protected":false},"excerpt":{"rendered":"<p><span style=\"color: #000000;\"><a style=\"color: #000000;\" href=\"https:\/\/dolphinfix.com.tr\/eticaret\/wp-content\/uploads\/2025\/11\/EMICI-YUZEYLER-ICIN-ASTAR-AJANI-EMC-720-TDS.pdf\" target=\"_blank\" rel=\"noopener\">TDS Belgesini \u0130ndirmek \u0130\u00e7in T\u0131klay\u0131n\u0131z<\/a><\/span><br \/>\n<span style=\"color: #000000;\"><a style=\"color: #000000;\" href=\"https:\/\/dolphinfix.com.tr\/eticaret\/wp-content\/uploads\/2025\/03\/AKER-KIMYA-EN-1504-2-FUK-UYGUNLUK-BELGESI-REV06-TR.pdf\" target=\"_blank\" rel=\"noopener\">CE Belgesini \u0130ndirmek \u0130\u00e7in T\u0131klay\u0131n\u0131z<\/a><\/span><\/p>\n","protected":false},"featured_media":16157,"comment_status":"open","ping_status":"closed","template":"","meta":{"_joinchat":[]},"product_cat":[142,90],"product_tag":[772,774,770,776,675,778,775,769,773,781,777,662,780,771,779],"class_list":{"0":"post-16155","1":"product","2":"type-product","3":"status-publish","4":"has-post-thumbnail","6":"product_cat-kendinden-yayilan-ozel-tesviye-sapi","7":"product_cat-zemin-cozumleri","8":"product_tag-beton-astari","9":"product_tag-dayanikli-astar","10":"product_tag-emici-yuzeyler-astari","11":"product_tag-hizli-kuruyan-astar","12":"product_tag-insaat-malzemesi","13":"product_tag-kolay-uygulanabilir-astar","14":"product_tag-profesyonel-uygulama-astari","15":"product_tag-sap-astar","16":"product_tag-sap-hazirlik-astari","17":"product_tag-sap-yuzey-astari","18":"product_tag-uzun-omurlu-astar","19":"product_tag-yapi-malzemeleri","20":"product_tag-yuksek-performansli-astar","21":"product_tag-zemin-astari","22":"product_tag-zemin-hazirlik-malzemesi","24":"first","25":"instock","26":"taxable","27":"shipping-taxable","28":"purchasable","29":"product-type-variable"},"yoast_head":"<!-- This site is optimized with the Yoast SEO Premium plugin v20.2.1 (Yoast SEO v20.2.1) - https:\/\/yoast.com\/wordpress\/plugins\/seo\/ -->\n<title>EMC 720 Akrilik Astar | Emici Y\u00fczeyler \u0130\u00e7in Profesyonel Astar \u00c7\u00f6z\u00fcm\u00fc<\/title>\n<meta name=\"description\" content=\"EMC 720 kopolimer akrilik esasl\u0131 astar; al\u00e7\u0131, gaz beton ve s\u0131va gibi emici y\u00fczeylerde su emilimini azalt\u0131r, \u00e7atlak olu\u015fumunu \u00f6nler ve boya \u00f6ncesi m\u00fckemmel y\u00fczey haz\u0131rl\u0131\u011f\u0131 sa\u011flar.\" \/>\n<meta name=\"robots\" content=\"index, follow, max-snippet:-1, max-image-preview:large, max-video-preview:-1\" \/>\n<link rel=\"canonical\" href=\"https:\/\/dolphinfix.com.tr\/eticaret\/urun\/emc-720-akrilik-yuzey-emicilik-azaltici-astar\/\" \/>\n<meta property=\"og:locale\" content=\"tr_TR\" \/>\n<meta property=\"og:type\" content=\"article\" \/>\n<meta property=\"og:title\" content=\"EMC 720 - EM\u0130C\u0130 Y\u00dcZEYLER \u015eAP ASTAR\" \/>\n<meta property=\"og:description\" content=\"EMC 720 kopolimer akrilik esasl\u0131 astar; al\u00e7\u0131, gaz beton ve s\u0131va gibi emici y\u00fczeylerde su emilimini azalt\u0131r, \u00e7atlak olu\u015fumunu \u00f6nler ve boya \u00f6ncesi m\u00fckemmel y\u00fczey haz\u0131rl\u0131\u011f\u0131 sa\u011flar.\" \/>\n<meta property=\"og:url\" content=\"https:\/\/dolphinfix.com.tr\/eticaret\/urun\/emc-720-akrilik-yuzey-emicilik-azaltici-astar\/\" \/>\n<meta property=\"og:site_name\" content=\"Dolphinfix\" \/>\n<meta property=\"article:modified_time\" content=\"2026-03-13T04:57:59+00:00\" \/>\n<meta property=\"og:image\" content=\"https:\/\/dolphinfix.com.tr\/eticaret\/wp-content\/uploads\/2024\/10\/720.png\" \/>\n\t<meta property=\"og:image:width\" content=\"1000\" \/>\n\t<meta property=\"og:image:height\" content=\"1000\" \/>\n\t<meta property=\"og:image:type\" content=\"image\/png\" \/>\n<meta name=\"twitter:card\" content=\"summary_large_image\" \/>\n<meta name=\"twitter:label1\" content=\"Tahmini okuma s\u00fcresi\" \/>\n\t<meta name=\"twitter:data1\" content=\"2 dakika\" \/>\n<script type=\"application\/ld+json\" class=\"yoast-schema-graph\">{\"@context\":\"https:\/\/schema.org\",\"@graph\":[{\"@type\":\"WebPage\",\"@id\":\"https:\/\/dolphinfix.com.tr\/eticaret\/urun\/emc-720-akrilik-yuzey-emicilik-azaltici-astar\/\",\"url\":\"https:\/\/dolphinfix.com.tr\/eticaret\/urun\/emc-720-akrilik-yuzey-emicilik-azaltici-astar\/\",\"name\":\"EMC 720 Akrilik Astar | Emici Y\u00fczeyler \u0130\u00e7in Profesyonel Astar \u00c7\u00f6z\u00fcm\u00fc\",\"isPartOf\":{\"@id\":\"https:\/\/dolphinfix.com.tr\/eticaret\/#website\"},\"datePublished\":\"2024-10-23T12:23:11+00:00\",\"dateModified\":\"2026-03-13T04:57:59+00:00\",\"description\":\"EMC 720 kopolimer akrilik esasl\u0131 astar; al\u00e7\u0131, gaz beton ve s\u0131va gibi emici y\u00fczeylerde su emilimini azalt\u0131r, \u00e7atlak olu\u015fumunu \u00f6nler ve boya \u00f6ncesi m\u00fckemmel y\u00fczey haz\u0131rl\u0131\u011f\u0131 sa\u011flar.\",\"breadcrumb\":{\"@id\":\"https:\/\/dolphinfix.com.tr\/eticaret\/urun\/emc-720-akrilik-yuzey-emicilik-azaltici-astar\/#breadcrumb\"},\"inLanguage\":\"tr\",\"potentialAction\":[{\"@type\":\"ReadAction\",\"target\":[\"https:\/\/dolphinfix.com.tr\/eticaret\/urun\/emc-720-akrilik-yuzey-emicilik-azaltici-astar\/\"]}]},{\"@type\":\"BreadcrumbList\",\"@id\":\"https:\/\/dolphinfix.com.tr\/eticaret\/urun\/emc-720-akrilik-yuzey-emicilik-azaltici-astar\/#breadcrumb\",\"itemListElement\":[{\"@type\":\"ListItem\",\"position\":1,\"name\":\"Home\",\"item\":\"https:\/\/dolphinfix.com.tr\/eticaret\/\"},{\"@type\":\"ListItem\",\"position\":2,\"name\":\"Market\",\"item\":\"https:\/\/dolphinfix.com.tr\/eticaret\/market\/\"},{\"@type\":\"ListItem\",\"position\":3,\"name\":\"EMC 720 &#8211; EM\u0130C\u0130 Y\u00dcZEYLER \u015eAP ASTAR\"}]},{\"@type\":\"WebSite\",\"@id\":\"https:\/\/dolphinfix.com.tr\/eticaret\/#website\",\"url\":\"https:\/\/dolphinfix.com.tr\/eticaret\/\",\"name\":\"Dolphinfix\",\"description\":\"\",\"potentialAction\":[{\"@type\":\"SearchAction\",\"target\":{\"@type\":\"EntryPoint\",\"urlTemplate\":\"https:\/\/dolphinfix.com.tr\/eticaret\/?s={search_term_string}\"},\"query-input\":\"required name=search_term_string\"}],\"inLanguage\":\"tr\"}]}<\/script>\n<!-- \/ Yoast SEO Premium plugin. -->","yoast_head_json":{"title":"EMC 720 Akrilik Astar | Emici Y\u00fczeyler \u0130\u00e7in Profesyonel Astar \u00c7\u00f6z\u00fcm\u00fc","description":"EMC 720 kopolimer akrilik esasl\u0131 astar; al\u00e7\u0131, gaz beton ve s\u0131va gibi emici y\u00fczeylerde su emilimini azalt\u0131r, \u00e7atlak olu\u015fumunu \u00f6nler ve boya \u00f6ncesi m\u00fckemmel y\u00fczey haz\u0131rl\u0131\u011f\u0131 sa\u011flar.","robots":{"index":"index","follow":"follow","max-snippet":"max-snippet:-1","max-image-preview":"max-image-preview:large","max-video-preview":"max-video-preview:-1"},"canonical":"https:\/\/dolphinfix.com.tr\/eticaret\/urun\/emc-720-akrilik-yuzey-emicilik-azaltici-astar\/","og_locale":"tr_TR","og_type":"article","og_title":"EMC 720 - EM\u0130C\u0130 Y\u00dcZEYLER \u015eAP ASTAR","og_description":"EMC 720 kopolimer akrilik esasl\u0131 astar; al\u00e7\u0131, gaz beton ve s\u0131va gibi emici y\u00fczeylerde su emilimini azalt\u0131r, \u00e7atlak olu\u015fumunu \u00f6nler ve boya \u00f6ncesi m\u00fckemmel y\u00fczey haz\u0131rl\u0131\u011f\u0131 sa\u011flar.","og_url":"https:\/\/dolphinfix.com.tr\/eticaret\/urun\/emc-720-akrilik-yuzey-emicilik-azaltici-astar\/","og_site_name":"Dolphinfix","article_modified_time":"2026-03-13T04:57:59+00:00","og_image":[{"width":1000,"height":1000,"url":"https:\/\/dolphinfix.com.tr\/eticaret\/wp-content\/uploads\/2024\/10\/720.png","type":"image\/png"}],"twitter_card":"summary_large_image","twitter_misc":{"Tahmini okuma s\u00fcresi":"2 dakika"},"schema":{"@context":"https:\/\/schema.org","@graph":[{"@type":"WebPage","@id":"https:\/\/dolphinfix.com.tr\/eticaret\/urun\/emc-720-akrilik-yuzey-emicilik-azaltici-astar\/","url":"https:\/\/dolphinfix.com.tr\/eticaret\/urun\/emc-720-akrilik-yuzey-emicilik-azaltici-astar\/","name":"EMC 720 Akrilik Astar | Emici Y\u00fczeyler \u0130\u00e7in Profesyonel Astar \u00c7\u00f6z\u00fcm\u00fc","isPartOf":{"@id":"https:\/\/dolphinfix.com.tr\/eticaret\/#website"},"datePublished":"2024-10-23T12:23:11+00:00","dateModified":"2026-03-13T04:57:59+00:00","description":"EMC 720 kopolimer akrilik esasl\u0131 astar; al\u00e7\u0131, gaz beton ve s\u0131va gibi emici y\u00fczeylerde su emilimini azalt\u0131r, \u00e7atlak olu\u015fumunu \u00f6nler ve boya \u00f6ncesi m\u00fckemmel y\u00fczey haz\u0131rl\u0131\u011f\u0131 sa\u011flar.","breadcrumb":{"@id":"https:\/\/dolphinfix.com.tr\/eticaret\/urun\/emc-720-akrilik-yuzey-emicilik-azaltici-astar\/#breadcrumb"},"inLanguage":"tr","potentialAction":[{"@type":"ReadAction","target":["https:\/\/dolphinfix.com.tr\/eticaret\/urun\/emc-720-akrilik-yuzey-emicilik-azaltici-astar\/"]}]},{"@type":"BreadcrumbList","@id":"https:\/\/dolphinfix.com.tr\/eticaret\/urun\/emc-720-akrilik-yuzey-emicilik-azaltici-astar\/#breadcrumb","itemListElement":[{"@type":"ListItem","position":1,"name":"Home","item":"https:\/\/dolphinfix.com.tr\/eticaret\/"},{"@type":"ListItem","position":2,"name":"Market","item":"https:\/\/dolphinfix.com.tr\/eticaret\/market\/"},{"@type":"ListItem","position":3,"name":"EMC 720 &#8211; EM\u0130C\u0130 Y\u00dcZEYLER \u015eAP ASTAR"}]},{"@type":"WebSite","@id":"https:\/\/dolphinfix.com.tr\/eticaret\/#website","url":"https:\/\/dolphinfix.com.tr\/eticaret\/","name":"Dolphinfix","description":"","potentialAction":[{"@type":"SearchAction","target":{"@type":"EntryPoint","urlTemplate":"https:\/\/dolphinfix.com.tr\/eticaret\/?s={search_term_string}"},"query-input":"required name=search_term_string"}],"inLanguage":"tr"}]}},"_links":{"self":[{"href":"https:\/\/dolphinfix.com.tr\/eticaret\/wp-json\/wp\/v2\/product\/16155","targetHints":{"allow":["GET"]}}],"collection":[{"href":"https:\/\/dolphinfix.com.tr\/eticaret\/wp-json\/wp\/v2\/product"}],"about":[{"href":"https:\/\/dolphinfix.com.tr\/eticaret\/wp-json\/wp\/v2\/types\/product"}],"replies":[{"embeddable":true,"href":"https:\/\/dolphinfix.com.tr\/eticaret\/wp-json\/wp\/v2\/comments?post=16155"}],"version-history":[{"count":6,"href":"https:\/\/dolphinfix.com.tr\/eticaret\/wp-json\/wp\/v2\/product\/16155\/revisions"}],"predecessor-version":[{"id":19535,"href":"https:\/\/dolphinfix.com.tr\/eticaret\/wp-json\/wp\/v2\/product\/16155\/revisions\/19535"}],"wp:featuredmedia":[{"embeddable":true,"href":"https:\/\/dolphinfix.com.tr\/eticaret\/wp-json\/wp\/v2\/media\/16157"}],"wp:attachment":[{"href":"https:\/\/dolphinfix.com.tr\/eticaret\/wp-json\/wp\/v2\/media?parent=16155"}],"wp:term":[{"taxonomy":"product_cat","embeddable":true,"href":"https:\/\/dolphinfix.com.tr\/eticaret\/wp-json\/wp\/v2\/product_cat?post=16155"},{"taxonomy":"product_tag","embeddable":true,"href":"https:\/\/dolphinfix.com.tr\/eticaret\/wp-json\/wp\/v2\/product_tag?post=16155"}],"curies":[{"name":"wp","href":"https:\/\/api.w.org\/{rel}","templated":true}]}}