{"id":16160,"date":"2024-10-23T15:29:16","date_gmt":"2024-10-23T12:29:16","guid":{"rendered":"https:\/\/dolphinfix.com.tr\/eticaret?post_type=product&#038;p=16160"},"modified":"2026-03-13T07:59:11","modified_gmt":"2026-03-13T04:59:11","slug":"par-721-parlak-yuzeyler-icin-akrilik-aderans-astari","status":"publish","type":"product","link":"https:\/\/dolphinfix.com.tr\/eticaret\/urun\/par-721-parlak-yuzeyler-icin-akrilik-aderans-astari\/","title":{"rendered":"PAR 721 &#8211; PARLAK Y\u00dcZEYLER \u015eAP ASTAR"},"content":{"rendered":"<h3><span style=\"color: #c61016;\">\u00dcR\u00dcN B\u0130LG\u0130LER\u0130 ;<\/span><\/h3>\n<p data-pm-slice=\"1 1 []\"><span style=\"color: #000000;\"><strong>TANIMI :<\/strong> PAR 721, Tek bile\u015fenli akrilik esasl\u0131, su bazl\u0131 kullan\u0131ma haz\u0131r kullan\u0131ld\u0131\u011f\u0131 y\u00fczeyde y\u00fczeyin parlakl\u0131\u011f\u0131n\u0131 alan ve aderans\u0131n\u0131 artt\u0131ran \u00fczerine uygulanacak malzemenin i\u015flenebilirli\u011fini art\u0131ran parlak y\u00fczeyleri i\u00e7in geli\u015ftirilmi\u015f astar malzemesidir.<\/span><\/p>\n<p><span style=\"color: #000000;\"><strong>KULLANIM ALANLARI<\/strong><\/span><br \/>\n<span style=\"color: #000000;\">\u2022Fayans, \u00e7ini, mermer, br\u00fct beton gibi y\u00fczeylerde,<\/span><br \/>\n<span style=\"color: #000000;\">\u2022G\u00f6zenekli beton, lifli plakalarda,<\/span><br \/>\n<span style=\"color: #000000;\">\u2022Uygulama alanlar\u0131nda olu\u015facak kusmalar\u0131 \u00f6nlemede,<\/span><br \/>\n<span style=\"color: #000000;\">\u2022Tamir, onar\u0131m yap\u0131lacak y\u00fczeylerde aderans\u0131 art\u0131rmak i\u00e7in,<\/span><\/p>\n<p><span style=\"color: #000000;\"><strong>\u00dcR\u00dcN \u00d6ZELL\u0130KLER\u0130<\/strong><\/span><br \/>\n<span style=\"color: #000000;\">\u2022Uygulamas\u0131 kolayd\u0131r ve kullan\u0131ma haz\u0131rd\u0131r,<\/span><br \/>\n<span style=\"color: #000000;\">\u2022Suya, dona ve a\u011f\u0131r hava \u015fartlar\u0131na dayan\u0131kl\u0131d\u0131r,<\/span><br \/>\n<span style=\"color: #000000;\">\u2022Yap\u0131\u015fma performans\u0131 ve mukavemeti \u00e7ok y\u00fcksektir,<\/span><br \/>\n<span style=\"color: #000000;\">\u2022Nemli y\u00fczeylere uygulanabilir,<\/span><br \/>\n<span style=\"color: #000000;\">\u2022Solvent i\u00e7ermez, \u00e7evre dostudur,<\/span><br \/>\n<span style=\"color: #000000;\">\u2022Su buhar\u0131 ge\u00e7irimlidir,<\/span><br \/>\n<span style=\"color: #000000;\">\u2022 Nemli b\u00f6lgelere uygulanabilir.<\/span><\/p>\n<p><span style=\"color: #000000;\"><strong>TEKN\u0130K \u00d6ZELL\u0130KLER<\/strong><\/span><br \/>\n<span style=\"color: #000000;\">Renk : Ye\u015fil<\/span><br \/>\n<span style=\"color: #000000;\">Yo\u011funluk : 1,22 Kg\/Lt<\/span><br \/>\n<span style=\"color: #000000;\">Kuruma S\u00fcresi : 40-60 Dk.<\/span><br \/>\n<span style=\"color: #000000;\">Tam Kuruma S\u00fcresi : 24 saat<\/span><\/p>\n<p><span style=\"color: #000000;\">*Tipik de\u011ferler: +23\u00b0C\u2019de %50 ba\u011f\u0131l nem ko\u015fullar\u0131nda 4x4x16 cm har\u00e7 prizmas\u0131nda yap\u0131lan deneyler sonucunda elde edilmi\u015ftir. Y\u00fcksek s\u0131cakl\u0131klar s\u00fcreleri k\u0131salt\u0131r, d\u00fc\u015f\u00fck s\u0131cakl\u0131klar uzat\u0131r.<\/span><\/p>\n<p><span style=\"color: #000000;\"><strong>SARF\u0130YAT<\/strong><\/span><br \/>\n<span style=\"color: #000000;\">T\u00fcketim, uygulanacak zeminin emicili\u011fine g\u00f6re de\u011fi\u015fkenlik g\u00f6sterir. Yakla\u015f\u0131k 150-250 gr\/m\u00b2<\/span><\/p>\n<p><span style=\"color: #000000;\"><strong>AMBALAJ<\/strong><\/span><br \/>\n<span style=\"color: #000000;\">10 Kg<\/span><\/p>\n<p><span style=\"color: #000000;\"><strong>DEPOLAMA<\/strong><\/span><br \/>\n<span style=\"color: #000000;\">A\u00e7\u0131lmam\u0131\u015f orijinal ambalaj\u0131nda, serin ve kuru ortamda, dondan korunarak depolanmal\u0131d\u0131r.<\/span><\/p>\n<p><span style=\"color: #000000;\"><strong>\u00a0RAF \u00d6MR\u00dc<\/strong><\/span><br \/>\n<span style=\"color: #000000;\">Uygun depolama ko\u015fullar\u0131nda \u00fcretim tarihinden itibaren 12 ayd\u0131r. A\u00e7\u0131lm\u0131\u015f ambalajlar uygun depolama ko\u015fullar\u0131nda saklanarak bir hafta i\u00e7inde kullan\u0131lmal\u0131d\u0131r.<\/span><\/p>\n","protected":false},"excerpt":{"rendered":"<p><span style=\"color: #000000;\"><a style=\"color: #000000;\" href=\"https:\/\/dolphinfix.com.tr\/eticaret\/wp-content\/uploads\/2025\/05\/PAR-721-TDS.pdf\" target=\"_blank\" rel=\"noopener\">TDS Belgesini \u0130ndirmek \u0130\u00e7in T\u0131klay\u0131n\u0131z<\/a><\/span><br \/>\n<span style=\"color: #000000;\"><a style=\"color: #000000;\" href=\"https:\/\/dolphinfix.com.tr\/eticaret\/wp-content\/uploads\/2025\/03\/AKER-KIMYA-EN-1504-2-FUK-UYGUNLUK-BELGESI-REV06-TR.pdf\" target=\"_blank\" rel=\"noopener\">CE Belgesini \u0130ndirmek \u0130\u00e7in T\u0131klay\u0131n\u0131z<\/a><\/span><\/p>\n","protected":false},"featured_media":16163,"comment_status":"open","ping_status":"closed","template":"","meta":{"_joinchat":[]},"product_cat":[142,90],"product_tag":[772,774,776,675,778,782,775,769,773,781,777,662,780,771,779],"class_list":{"0":"post-16160","1":"product","2":"type-product","3":"status-publish","4":"has-post-thumbnail","6":"product_cat-kendinden-yayilan-ozel-tesviye-sapi","7":"product_cat-zemin-cozumleri","8":"product_tag-beton-astari","9":"product_tag-dayanikli-astar","10":"product_tag-hizli-kuruyan-astar","11":"product_tag-insaat-malzemesi","12":"product_tag-kolay-uygulanabilir-astar","13":"product_tag-parlak-yuzeyler-astari","14":"product_tag-profesyonel-uygulama-astari","15":"product_tag-sap-astar","16":"product_tag-sap-hazirlik-astari","17":"product_tag-sap-yuzey-astari","18":"product_tag-uzun-omurlu-astar","19":"product_tag-yapi-malzemeleri","20":"product_tag-yuksek-performansli-astar","21":"product_tag-zemin-astari","22":"product_tag-zemin-hazirlik-malzemesi","24":"first","25":"instock","26":"taxable","27":"shipping-taxable","28":"purchasable","29":"product-type-variable"},"yoast_head":"<!-- This site is optimized with the Yoast SEO Premium plugin v20.2.1 (Yoast SEO v20.2.1) - https:\/\/yoast.com\/wordpress\/plugins\/seo\/ -->\n<title>PAR 721 Parlak Y\u00fczey Astar\u0131 | Fayans, Seramik ve Mermer \u0130\u00e7in Aderans Art\u0131r\u0131c\u0131<\/title>\n<meta name=\"description\" content=\"PAR 721 su bazl\u0131 akrilik aderans astar\u0131; fayans, seramik, mermer ve br\u00fct beton gibi parlak y\u00fczeylerde yap\u0131\u015fmay\u0131 art\u0131r\u0131r, y\u00fczey parlakl\u0131\u011f\u0131n\u0131 azalt\u0131r ve uygulama performans\u0131n\u0131 y\u00fckseltir.\" \/>\n<meta name=\"robots\" content=\"index, follow, max-snippet:-1, max-image-preview:large, max-video-preview:-1\" \/>\n<link rel=\"canonical\" href=\"https:\/\/dolphinfix.com.tr\/eticaret\/urun\/par-721-parlak-yuzeyler-icin-akrilik-aderans-astari\/\" \/>\n<meta property=\"og:locale\" content=\"tr_TR\" \/>\n<meta property=\"og:type\" content=\"article\" \/>\n<meta property=\"og:title\" content=\"PAR 721 - PARLAK Y\u00dcZEYLER \u015eAP ASTAR\" \/>\n<meta property=\"og:description\" content=\"PAR 721 su bazl\u0131 akrilik aderans astar\u0131; fayans, seramik, mermer ve br\u00fct beton gibi parlak y\u00fczeylerde yap\u0131\u015fmay\u0131 art\u0131r\u0131r, y\u00fczey parlakl\u0131\u011f\u0131n\u0131 azalt\u0131r ve uygulama performans\u0131n\u0131 y\u00fckseltir.\" \/>\n<meta property=\"og:url\" content=\"https:\/\/dolphinfix.com.tr\/eticaret\/urun\/par-721-parlak-yuzeyler-icin-akrilik-aderans-astari\/\" \/>\n<meta property=\"og:site_name\" content=\"Dolphinfix\" \/>\n<meta property=\"article:modified_time\" content=\"2026-03-13T04:59:11+00:00\" \/>\n<meta property=\"og:image\" content=\"https:\/\/dolphinfix.com.tr\/eticaret\/wp-content\/uploads\/2024\/10\/721.png\" \/>\n\t<meta property=\"og:image:width\" content=\"1000\" \/>\n\t<meta property=\"og:image:height\" content=\"1000\" \/>\n\t<meta property=\"og:image:type\" content=\"image\/png\" \/>\n<meta name=\"twitter:card\" content=\"summary_large_image\" \/>\n<meta name=\"twitter:label1\" content=\"Tahmini okuma s\u00fcresi\" \/>\n\t<meta name=\"twitter:data1\" content=\"2 dakika\" \/>\n<script type=\"application\/ld+json\" class=\"yoast-schema-graph\">{\"@context\":\"https:\/\/schema.org\",\"@graph\":[{\"@type\":\"WebPage\",\"@id\":\"https:\/\/dolphinfix.com.tr\/eticaret\/urun\/par-721-parlak-yuzeyler-icin-akrilik-aderans-astari\/\",\"url\":\"https:\/\/dolphinfix.com.tr\/eticaret\/urun\/par-721-parlak-yuzeyler-icin-akrilik-aderans-astari\/\",\"name\":\"PAR 721 Parlak Y\u00fczey Astar\u0131 | Fayans, Seramik ve Mermer \u0130\u00e7in Aderans Art\u0131r\u0131c\u0131\",\"isPartOf\":{\"@id\":\"https:\/\/dolphinfix.com.tr\/eticaret\/#website\"},\"datePublished\":\"2024-10-23T12:29:16+00:00\",\"dateModified\":\"2026-03-13T04:59:11+00:00\",\"description\":\"PAR 721 su bazl\u0131 akrilik aderans astar\u0131; fayans, seramik, mermer ve br\u00fct beton gibi parlak y\u00fczeylerde yap\u0131\u015fmay\u0131 art\u0131r\u0131r, y\u00fczey parlakl\u0131\u011f\u0131n\u0131 azalt\u0131r ve uygulama performans\u0131n\u0131 y\u00fckseltir.\",\"breadcrumb\":{\"@id\":\"https:\/\/dolphinfix.com.tr\/eticaret\/urun\/par-721-parlak-yuzeyler-icin-akrilik-aderans-astari\/#breadcrumb\"},\"inLanguage\":\"tr\",\"potentialAction\":[{\"@type\":\"ReadAction\",\"target\":[\"https:\/\/dolphinfix.com.tr\/eticaret\/urun\/par-721-parlak-yuzeyler-icin-akrilik-aderans-astari\/\"]}]},{\"@type\":\"BreadcrumbList\",\"@id\":\"https:\/\/dolphinfix.com.tr\/eticaret\/urun\/par-721-parlak-yuzeyler-icin-akrilik-aderans-astari\/#breadcrumb\",\"itemListElement\":[{\"@type\":\"ListItem\",\"position\":1,\"name\":\"Home\",\"item\":\"https:\/\/dolphinfix.com.tr\/eticaret\/\"},{\"@type\":\"ListItem\",\"position\":2,\"name\":\"Market\",\"item\":\"https:\/\/dolphinfix.com.tr\/eticaret\/market\/\"},{\"@type\":\"ListItem\",\"position\":3,\"name\":\"PAR 721 &#8211; PARLAK Y\u00dcZEYLER \u015eAP ASTAR\"}]},{\"@type\":\"WebSite\",\"@id\":\"https:\/\/dolphinfix.com.tr\/eticaret\/#website\",\"url\":\"https:\/\/dolphinfix.com.tr\/eticaret\/\",\"name\":\"Dolphinfix\",\"description\":\"\",\"potentialAction\":[{\"@type\":\"SearchAction\",\"target\":{\"@type\":\"EntryPoint\",\"urlTemplate\":\"https:\/\/dolphinfix.com.tr\/eticaret\/?s={search_term_string}\"},\"query-input\":\"required name=search_term_string\"}],\"inLanguage\":\"tr\"}]}<\/script>\n<!-- \/ Yoast SEO Premium plugin. -->","yoast_head_json":{"title":"PAR 721 Parlak Y\u00fczey Astar\u0131 | Fayans, Seramik ve Mermer \u0130\u00e7in Aderans Art\u0131r\u0131c\u0131","description":"PAR 721 su bazl\u0131 akrilik aderans astar\u0131; fayans, seramik, mermer ve br\u00fct beton gibi parlak y\u00fczeylerde yap\u0131\u015fmay\u0131 art\u0131r\u0131r, y\u00fczey parlakl\u0131\u011f\u0131n\u0131 azalt\u0131r ve uygulama performans\u0131n\u0131 y\u00fckseltir.","robots":{"index":"index","follow":"follow","max-snippet":"max-snippet:-1","max-image-preview":"max-image-preview:large","max-video-preview":"max-video-preview:-1"},"canonical":"https:\/\/dolphinfix.com.tr\/eticaret\/urun\/par-721-parlak-yuzeyler-icin-akrilik-aderans-astari\/","og_locale":"tr_TR","og_type":"article","og_title":"PAR 721 - PARLAK Y\u00dcZEYLER \u015eAP ASTAR","og_description":"PAR 721 su bazl\u0131 akrilik aderans astar\u0131; fayans, seramik, mermer ve br\u00fct beton gibi parlak y\u00fczeylerde yap\u0131\u015fmay\u0131 art\u0131r\u0131r, y\u00fczey parlakl\u0131\u011f\u0131n\u0131 azalt\u0131r ve uygulama performans\u0131n\u0131 y\u00fckseltir.","og_url":"https:\/\/dolphinfix.com.tr\/eticaret\/urun\/par-721-parlak-yuzeyler-icin-akrilik-aderans-astari\/","og_site_name":"Dolphinfix","article_modified_time":"2026-03-13T04:59:11+00:00","og_image":[{"width":1000,"height":1000,"url":"https:\/\/dolphinfix.com.tr\/eticaret\/wp-content\/uploads\/2024\/10\/721.png","type":"image\/png"}],"twitter_card":"summary_large_image","twitter_misc":{"Tahmini okuma s\u00fcresi":"2 dakika"},"schema":{"@context":"https:\/\/schema.org","@graph":[{"@type":"WebPage","@id":"https:\/\/dolphinfix.com.tr\/eticaret\/urun\/par-721-parlak-yuzeyler-icin-akrilik-aderans-astari\/","url":"https:\/\/dolphinfix.com.tr\/eticaret\/urun\/par-721-parlak-yuzeyler-icin-akrilik-aderans-astari\/","name":"PAR 721 Parlak Y\u00fczey Astar\u0131 | Fayans, Seramik ve Mermer \u0130\u00e7in Aderans Art\u0131r\u0131c\u0131","isPartOf":{"@id":"https:\/\/dolphinfix.com.tr\/eticaret\/#website"},"datePublished":"2024-10-23T12:29:16+00:00","dateModified":"2026-03-13T04:59:11+00:00","description":"PAR 721 su bazl\u0131 akrilik aderans astar\u0131; fayans, seramik, mermer ve br\u00fct beton gibi parlak y\u00fczeylerde yap\u0131\u015fmay\u0131 art\u0131r\u0131r, y\u00fczey parlakl\u0131\u011f\u0131n\u0131 azalt\u0131r ve uygulama performans\u0131n\u0131 y\u00fckseltir.","breadcrumb":{"@id":"https:\/\/dolphinfix.com.tr\/eticaret\/urun\/par-721-parlak-yuzeyler-icin-akrilik-aderans-astari\/#breadcrumb"},"inLanguage":"tr","potentialAction":[{"@type":"ReadAction","target":["https:\/\/dolphinfix.com.tr\/eticaret\/urun\/par-721-parlak-yuzeyler-icin-akrilik-aderans-astari\/"]}]},{"@type":"BreadcrumbList","@id":"https:\/\/dolphinfix.com.tr\/eticaret\/urun\/par-721-parlak-yuzeyler-icin-akrilik-aderans-astari\/#breadcrumb","itemListElement":[{"@type":"ListItem","position":1,"name":"Home","item":"https:\/\/dolphinfix.com.tr\/eticaret\/"},{"@type":"ListItem","position":2,"name":"Market","item":"https:\/\/dolphinfix.com.tr\/eticaret\/market\/"},{"@type":"ListItem","position":3,"name":"PAR 721 &#8211; PARLAK Y\u00dcZEYLER \u015eAP ASTAR"}]},{"@type":"WebSite","@id":"https:\/\/dolphinfix.com.tr\/eticaret\/#website","url":"https:\/\/dolphinfix.com.tr\/eticaret\/","name":"Dolphinfix","description":"","potentialAction":[{"@type":"SearchAction","target":{"@type":"EntryPoint","urlTemplate":"https:\/\/dolphinfix.com.tr\/eticaret\/?s={search_term_string}"},"query-input":"required name=search_term_string"}],"inLanguage":"tr"}]}},"_links":{"self":[{"href":"https:\/\/dolphinfix.com.tr\/eticaret\/wp-json\/wp\/v2\/product\/16160","targetHints":{"allow":["GET"]}}],"collection":[{"href":"https:\/\/dolphinfix.com.tr\/eticaret\/wp-json\/wp\/v2\/product"}],"about":[{"href":"https:\/\/dolphinfix.com.tr\/eticaret\/wp-json\/wp\/v2\/types\/product"}],"replies":[{"embeddable":true,"href":"https:\/\/dolphinfix.com.tr\/eticaret\/wp-json\/wp\/v2\/comments?post=16160"}],"version-history":[{"count":6,"href":"https:\/\/dolphinfix.com.tr\/eticaret\/wp-json\/wp\/v2\/product\/16160\/revisions"}],"predecessor-version":[{"id":19359,"href":"https:\/\/dolphinfix.com.tr\/eticaret\/wp-json\/wp\/v2\/product\/16160\/revisions\/19359"}],"wp:featuredmedia":[{"embeddable":true,"href":"https:\/\/dolphinfix.com.tr\/eticaret\/wp-json\/wp\/v2\/media\/16163"}],"wp:attachment":[{"href":"https:\/\/dolphinfix.com.tr\/eticaret\/wp-json\/wp\/v2\/media?parent=16160"}],"wp:term":[{"taxonomy":"product_cat","embeddable":true,"href":"https:\/\/dolphinfix.com.tr\/eticaret\/wp-json\/wp\/v2\/product_cat?post=16160"},{"taxonomy":"product_tag","embeddable":true,"href":"https:\/\/dolphinfix.com.tr\/eticaret\/wp-json\/wp\/v2\/product_tag?post=16160"}],"curies":[{"name":"wp","href":"https:\/\/api.w.org\/{rel}","templated":true}]}}