{"id":16188,"date":"2024-10-23T16:11:34","date_gmt":"2024-10-23T13:11:34","guid":{"rendered":"https:\/\/dolphinfix.com.tr\/eticaret?post_type=product&#038;p=16188"},"modified":"2026-03-13T07:46:29","modified_gmt":"2026-03-13T04:46:29","slug":"zs-905-beton-yuzey-sertlestirici-ve-tozuma-onleyici-koruyucu","status":"publish","type":"product","link":"https:\/\/dolphinfix.com.tr\/eticaret\/urun\/zs-905-beton-yuzey-sertlestirici-ve-tozuma-onleyici-koruyucu\/","title":{"rendered":"905 ZS &#8211; ZEM\u0130N SERTLE\u015eT\u0130R\u0130C\u0130"},"content":{"rendered":"<h3><span style=\"color: #c61016;\">\u00dcR\u00dcN B\u0130LG\u0130LER\u0130 ;<\/span><\/h3>\n<p><span style=\"color: #000000;\"><strong>TANIMI:<\/strong> ZS 905, beton ve sap y\u00fczeyleri koruma ve tozumas\u0131n\u0131 \u00f6nlemek i\u00e7in gelistirilen re\u00e7ine esasl\u0131 Solvent i\u00e7ermeyen su bazl\u0131 koruyucu, y\u00fczey sertlestirici ve tozuma \u00f6nleyici kaplama malzemesi.<\/span><\/p>\n<p><span style=\"color: #000000;\"><strong>KULLANIM ALANLARI<\/strong><\/span><br \/>\n<span style=\"color: #000000;\">\u0130\u00e7 ve d\u0131\u015f mekanlarda \u00e7imento esasl\u0131, t\u00fcm yatay ve dikey mekanik as\u0131nmalara maruz kalabilecek beton y\u00fczeylerde. End\u00fcstriyel y\u00fckleme ve bosaltma zeminleri, u\u00e7ak hangarlar\u0131, helikopter pistleri ve otopark zeminlerinde. Betonarme d\u00f6semelerde her t\u00fcrl\u00fc saha betonunda ve br\u00fct beton sap y\u00fczeylerde. Dogal tas, mermer, pres tugla, traverten gibi y\u00fczeyler \u00fczerinde. \u00c7imento esasl\u0131 precast cephe kaplamalar\u0131nda. Y\u00fczey sertlestirici, tozumay\u0131 \u00f6nlemek ve parlatmak i\u00e7in kullan\u0131lmaktad\u0131r.<\/span><\/p>\n<p><span style=\"color: #000000;\"><strong>\u00dcR\u00dcN \u00d6ZELL\u0130KLER\u0130\u00a0<\/strong><\/span><br \/>\n<span style=\"color: #000000;\">\u2022Betonun g\u00f6zeneklerine ve agrega yap\u0131s\u0131n\u0131n i\u00e7erisine bir miktar n\u00fcfuz ederek koruma saglar.<\/span><br \/>\n<span style=\"color: #000000;\">\u2022Betonda ve sapta dag\u0131lmay\u0131 \u00f6nler.<\/span><br \/>\n<span style=\"color: #000000;\">\u2022Betonun as\u0131nma dayan\u0131m\u0131n\u0131 art\u0131r\u0131r.<\/span><br \/>\n<span style=\"color: #000000;\">\u2022Uyguland\u0131g\u0131 y\u00fczeye sertlik kazand\u0131r\u0131r.<\/span><br \/>\n<span style=\"color: #000000;\">\u2022Kimyasal dayan\u0131m\u0131n\u0131 art\u0131r\u0131r, i\u00e7 ve d\u0131s mek\u00e2nlarda kullan\u0131l\u0131r.<\/span><br \/>\n<span style=\"color: #000000;\">\u2022Beton i\u00e7inde elde edilen film tabakas\u0131 ile k\u00fcrleme ve yal\u0131t\u0131m yap\u0131larak beton y\u00fczeydeki tozunmay\u0131 \u00f6nler.<\/span><br \/>\n<span style=\"color: #000000;\">\u2022Uyguland\u0131g\u0131 yap\u0131n\u0131n su ge\u00e7irimsizligini art\u0131r\u0131r.<\/span><br \/>\n<span style=\"color: #000000;\">\u2022Uygulama esnas\u0131nda rahats\u0131z edici kokusu yoktur.<\/span><br \/>\n<span style=\"color: #000000;\">\u2022Saydam rengi ile uyguland\u0131g\u0131 alanlarda parlak ve canl\u0131 g\u00f6r\u00fcnt\u00fc elde edilir.<\/span><br \/>\n<span style=\"color: #000000;\">\u2022Tas tugla beton y\u00fczeylerde, y\u00fczeyin dogall\u0131g\u0131n\u0131 korur.<\/span><\/p>\n<p><span style=\"color: #000000;\"><strong>TEKN\u0130K \u00d6ZELL\u0130KLER<\/strong><\/span><br \/>\n<span style=\"color: #000000;\">Kimyasal Bile\u015fim: Do\u011fal re\u00e7ine modifiyeli sodyum silikat<\/span><br \/>\n<span style=\"color: #000000;\">Renk: Sar\u0131mt\u0131rak \u015eeffaf S\u0131v\u0131<\/span><br \/>\n<span style=\"color: #000000;\">Yo\u011funluk: 1,25 \u00b1 0,02 (g\/cm\u00b3 )<\/span><br \/>\n<span style=\"color: #000000;\">\u00d6zellik: Tozuma \u00f6nleyici zemin sertle\u015ftirici<\/span><br \/>\n<span style=\"color: #000000;\">Sarfiyat : 1 litre ile emicili\u011fe ba\u011fl\u0131 olarak 5-20 m2 aras\u0131<\/span><br \/>\n<span style=\"color: #000000;\">Tam K\u00fcrlenme: 4-6 saat<\/span><br \/>\n<span style=\"color: #000000;\">Sertle\u015fme S\u00fcresi: 7 G\u00fcn<\/span><br \/>\n<span style=\"color: #000000;\">Standart ve S\u0131n\u0131f\u0131: TS EN 1504-2 5.1 Kaplama uygulamas\u0131 (C)<\/span><br \/>\n<span style=\"color: #000000;\">Teknik Bilgiler: +20\u00b0C (\u00b12\u00baC) hava s\u0131cakl\u0131\u011f\u0131 ve %50 \u00b15 ba\u011f\u0131l nem ko\u015fullar\u0131nda elde edilmi\u015ftir. Y\u00fcksek s\u0131cakl\u0131klar s\u00fcreleri k\u0131salt\u0131r, d\u00fc\u015f\u00fck s\u0131cakl\u0131klar uzat\u0131r. Ger\u00e7ekte elde edilen de\u011ferler, bizim kontrollerimizin d\u0131\u015f\u0131ndaki \u015fartlar sebebiyle de\u011fi\u015fiklik g\u00f6sterebilir<\/span><\/p>\n<p><span style=\"color: #000000;\"><strong>UYGULAMA Y\u00d6NTEM\u0130<\/strong><\/span><br \/>\n<span style=\"color: #000000;\">ZS 905, Perdahl\u0131 beton y\u00fczeyler i\u00e7in m\u00b2 ye yaklas\u0131k 0,05-0,10 lt\/m\u00b2 \u2018dir. Uygulama esnas\u0131nda d\u0131s ortam<\/span><br \/>\n<span style=\"color: #000000;\">s\u0131cakl\u0131g\u0131 2 \u00b0C den b\u00fcy\u00fck olmal\u0131d\u0131r. Uygulama yap\u0131lan y\u00fczeyin s\u0131cakl\u0131g\u0131 5 \u00b0C den b\u00fcy\u00fck olmal\u0131d\u0131r. Emici y\u00fczeylerde istenilen yogunlasma tek katta genellikle saglanamaz bu durumda 2. Kat uygulama gerekir. B\u00f6yle durumlarda katlar aras\u0131nda mutlaka kuruman\u0131n beklenmesi gerekir;<\/span><br \/>\n<span style=\"color: #000000;\">+ 5 \u00b0C de minimum 3,5-4 saat<\/span><br \/>\n<span style=\"color: #000000;\">+ 25 \u00b0C de minimum 1,5-2 saat<\/span><\/p>\n<p><span style=\"color: #000000;\"><strong>D\u0130KKAT EDILMESI GEREKEN HUSUSLAR<\/strong><\/span><br \/>\n<span style=\"color: #000000;\">\u2022ZS 905 uygulamas\u0131 nemli zemin \u00fczerine yap\u0131lmal\u0131d\u0131r.<\/span><br \/>\n<span style=\"color: #000000;\">\u2022S\u0131cakl\u0131g\u0131n y\u00fcksek oldugu zamanlarda uygulama yap\u0131lmadan \u00f6nce zemin tamamen suya doyurulmal\u0131d\u0131r.<\/span><br \/>\n<span style=\"color: #000000;\">\u2022Zeminde su birikintisi olmamal\u0131d\u0131r.<\/span><br \/>\n<span style=\"color: #000000;\">\u2022Zeminin tamamen temizlendiginden emin olun. Donmusve kirli y\u00fczeylere uygulama yapmay\u0131n.<\/span><br \/>\n<span style=\"color: #000000;\">\u2022Zeminde farkl\u0131 emicilik olmas\u0131 durumunda \u00e7ok hafif renk fark\u0131 olabilir.<\/span><br \/>\n<span style=\"color: #000000;\">\u2022Uygulama yap\u0131lacak zeminde ileri derecede as\u0131nma varsa ve agregalar\u0131n a\u00e7\u0131ga \u00e7\u0131km\u0131s oldugu zeminlere uygun degildir.<\/span><br \/>\n<span style=\"color: #000000;\">\u2022Daha fazla bilgi ve yard\u0131m i\u00e7in l\u00fctfen Dolphinfix Teknik Servis ile iletisime ge\u00e7iniz.<\/span><\/p>\n<p><span style=\"color: #000000;\"><strong>AMBALAJ:<\/strong> 30 Kg Plastik Bidon<\/span><\/p>\n<p><span style=\"color: #000000;\"><strong>RAF \u00d6MR\u00dc:<\/strong> Orijinal, hasar g\u00f6rmemi\u015f ve a\u00e7\u0131lmam\u0131\u015f ambalaj\u0131nda \u00fcretim tarihi itibariyle 12 ay kullan\u0131labilir.<\/span><\/p>\n<p><span style=\"color: #000000;\"><strong>SARFIYAT: <\/strong>1 litre ile emicili\u011fe ba\u011fl\u0131 olarak 5-20 m\u00b2 aras\u0131<\/span><\/p>\n<p><span style=\"color: #000000;\"><strong>DEPOLAMA SARTLARI:<\/strong> +5 \u00b0C ve 30\u00b0C aral\u0131g\u0131nda muhafaza edilmelidir. Dondan ve direkt g\u00fcnes \u0131s\u0131ndan korunmal\u0131d\u0131r.<\/span><\/p>\n<p><span style=\"color: #000000;\"><em>\u00dcr\u00fcn Teknik \u00f6zellikleri ve di\u011fer bilgiler i\u00e7in tds belgesini indirmenizi rica ederiz.<\/em><\/span><\/p>\n","protected":false},"excerpt":{"rendered":"<p><span style=\"color: #000000;\"><a style=\"color: #000000;\" href=\"https:\/\/dolphinfix.com.tr\/eticaret\/wp-content\/uploads\/2025\/04\/ZEMIN-SERTLESTIRICI-ZS-905-TDS.pdf\" target=\"_blank\" rel=\"noopener\">TDS Belgesini \u0130ndirmek \u0130\u00e7in T\u0131klay\u0131n\u0131z<br \/>\n<\/a><\/span><span style=\"color: #000000;\"><a style=\"color: #000000;\" href=\"#\" target=\"_blank\" rel=\"noopener\">CE Belgesini \u0130ndirmek \u0130\u00e7in T\u0131klay\u0131n\u0131z<br \/>\n<\/a><\/span><\/p>\n","protected":false},"featured_media":16190,"comment_status":"open","ping_status":"closed","template":"","meta":{"_joinchat":[]},"product_cat":[143,90],"product_tag":[680,796,800,798,803,794,675,802,788,801,662,799,804,797,795],"class_list":{"0":"post-16188","1":"product","2":"type-product","3":"status-publish","4":"has-post-thumbnail","6":"product_cat-yuzey-koruyucu-ve-parlatici","7":"product_cat-zemin-cozumleri","8":"product_tag-beton-guclendirici","9":"product_tag-beton-sertlestirici","10":"product_tag-beton-yuzey-guclendirici","11":"product_tag-dayanikli-zemin-kaplama","12":"product_tag-dekoratif-zemin-kaplama","13":"product_tag-endustriyel-zemin-kaplama","14":"product_tag-insaat-malzemesi","15":"product_tag-kolay-uygulanabilir-zemin-sertlestirici","16":"product_tag-profesyonel-uygulama","17":"product_tag-uzun-omurlu-zemin-kaplama","18":"product_tag-yapi-malzemeleri","19":"product_tag-yuksek-performansli-zemin-sertlestirici","20":"product_tag-zemin-dayaniklilik-artirici","21":"product_tag-zemin-guclendirici","22":"product_tag-zemin-sertlestirici","24":"first","25":"instock","26":"taxable","27":"shipping-taxable","28":"purchasable","29":"product-type-variable"},"yoast_head":"<!-- This site is optimized with the Yoast SEO Premium plugin v20.2.1 (Yoast SEO v20.2.1) - https:\/\/yoast.com\/wordpress\/plugins\/seo\/ -->\n<title>ZS 905 Beton Y\u00fczey Sertle\u015ftirici | Su Bazl\u0131 Tozuma \u00d6nleyici Koruyucu<\/title>\n<meta name=\"description\" content=\"ZS 905 su bazl\u0131 beton y\u00fczey sertle\u015ftirici; beton ve \u015fap y\u00fczeylerde tozumay\u0131 \u00f6nler, a\u015f\u0131nma dayan\u0131m\u0131n\u0131 art\u0131r\u0131r, su ge\u00e7irimsizli\u011fi sa\u011flar ve uzun \u00f6m\u00fcrl\u00fc koruma sunar. \u0130\u00e7 ve d\u0131\u015f mekan end\u00fcstriyel zeminler i\u00e7in idealdir.\" \/>\n<meta name=\"robots\" content=\"index, follow, max-snippet:-1, max-image-preview:large, max-video-preview:-1\" \/>\n<link rel=\"canonical\" href=\"https:\/\/dolphinfix.com.tr\/eticaret\/urun\/zs-905-beton-yuzey-sertlestirici-ve-tozuma-onleyici-koruyucu\/\" \/>\n<meta property=\"og:locale\" content=\"tr_TR\" \/>\n<meta property=\"og:type\" content=\"article\" \/>\n<meta property=\"og:title\" content=\"905 ZS - ZEM\u0130N SERTLE\u015eT\u0130R\u0130C\u0130\" \/>\n<meta property=\"og:description\" content=\"ZS 905 su bazl\u0131 beton y\u00fczey sertle\u015ftirici; beton ve \u015fap y\u00fczeylerde tozumay\u0131 \u00f6nler, a\u015f\u0131nma dayan\u0131m\u0131n\u0131 art\u0131r\u0131r, su ge\u00e7irimsizli\u011fi sa\u011flar ve uzun \u00f6m\u00fcrl\u00fc koruma sunar. \u0130\u00e7 ve d\u0131\u015f mekan end\u00fcstriyel zeminler i\u00e7in idealdir.\" \/>\n<meta property=\"og:url\" content=\"https:\/\/dolphinfix.com.tr\/eticaret\/urun\/zs-905-beton-yuzey-sertlestirici-ve-tozuma-onleyici-koruyucu\/\" \/>\n<meta property=\"og:site_name\" content=\"Dolphinfix\" \/>\n<meta property=\"article:modified_time\" content=\"2026-03-13T04:46:29+00:00\" \/>\n<meta property=\"og:image\" content=\"https:\/\/dolphinfix.com.tr\/eticaret\/wp-content\/uploads\/2024\/10\/905.png\" \/>\n\t<meta property=\"og:image:width\" content=\"1000\" \/>\n\t<meta property=\"og:image:height\" content=\"1000\" \/>\n\t<meta property=\"og:image:type\" content=\"image\/png\" \/>\n<meta name=\"twitter:card\" content=\"summary_large_image\" \/>\n<meta name=\"twitter:label1\" content=\"Tahmini okuma s\u00fcresi\" \/>\n\t<meta name=\"twitter:data1\" content=\"3 dakika\" \/>\n<script type=\"application\/ld+json\" class=\"yoast-schema-graph\">{\"@context\":\"https:\/\/schema.org\",\"@graph\":[{\"@type\":\"WebPage\",\"@id\":\"https:\/\/dolphinfix.com.tr\/eticaret\/urun\/zs-905-beton-yuzey-sertlestirici-ve-tozuma-onleyici-koruyucu\/\",\"url\":\"https:\/\/dolphinfix.com.tr\/eticaret\/urun\/zs-905-beton-yuzey-sertlestirici-ve-tozuma-onleyici-koruyucu\/\",\"name\":\"ZS 905 Beton Y\u00fczey Sertle\u015ftirici | Su Bazl\u0131 Tozuma \u00d6nleyici Koruyucu\",\"isPartOf\":{\"@id\":\"https:\/\/dolphinfix.com.tr\/eticaret\/#website\"},\"datePublished\":\"2024-10-23T13:11:34+00:00\",\"dateModified\":\"2026-03-13T04:46:29+00:00\",\"description\":\"ZS 905 su bazl\u0131 beton y\u00fczey sertle\u015ftirici; beton ve \u015fap y\u00fczeylerde tozumay\u0131 \u00f6nler, a\u015f\u0131nma dayan\u0131m\u0131n\u0131 art\u0131r\u0131r, su ge\u00e7irimsizli\u011fi sa\u011flar ve uzun \u00f6m\u00fcrl\u00fc koruma sunar. \u0130\u00e7 ve d\u0131\u015f mekan end\u00fcstriyel zeminler i\u00e7in idealdir.\",\"breadcrumb\":{\"@id\":\"https:\/\/dolphinfix.com.tr\/eticaret\/urun\/zs-905-beton-yuzey-sertlestirici-ve-tozuma-onleyici-koruyucu\/#breadcrumb\"},\"inLanguage\":\"tr\",\"potentialAction\":[{\"@type\":\"ReadAction\",\"target\":[\"https:\/\/dolphinfix.com.tr\/eticaret\/urun\/zs-905-beton-yuzey-sertlestirici-ve-tozuma-onleyici-koruyucu\/\"]}]},{\"@type\":\"BreadcrumbList\",\"@id\":\"https:\/\/dolphinfix.com.tr\/eticaret\/urun\/zs-905-beton-yuzey-sertlestirici-ve-tozuma-onleyici-koruyucu\/#breadcrumb\",\"itemListElement\":[{\"@type\":\"ListItem\",\"position\":1,\"name\":\"Home\",\"item\":\"https:\/\/dolphinfix.com.tr\/eticaret\/\"},{\"@type\":\"ListItem\",\"position\":2,\"name\":\"Market\",\"item\":\"https:\/\/dolphinfix.com.tr\/eticaret\/market\/\"},{\"@type\":\"ListItem\",\"position\":3,\"name\":\"905 ZS &#8211; ZEM\u0130N SERTLE\u015eT\u0130R\u0130C\u0130\"}]},{\"@type\":\"WebSite\",\"@id\":\"https:\/\/dolphinfix.com.tr\/eticaret\/#website\",\"url\":\"https:\/\/dolphinfix.com.tr\/eticaret\/\",\"name\":\"Dolphinfix\",\"description\":\"\",\"potentialAction\":[{\"@type\":\"SearchAction\",\"target\":{\"@type\":\"EntryPoint\",\"urlTemplate\":\"https:\/\/dolphinfix.com.tr\/eticaret\/?s={search_term_string}\"},\"query-input\":\"required name=search_term_string\"}],\"inLanguage\":\"tr\"}]}<\/script>\n<!-- \/ Yoast SEO Premium plugin. -->","yoast_head_json":{"title":"ZS 905 Beton Y\u00fczey Sertle\u015ftirici | Su Bazl\u0131 Tozuma \u00d6nleyici Koruyucu","description":"ZS 905 su bazl\u0131 beton y\u00fczey sertle\u015ftirici; beton ve \u015fap y\u00fczeylerde tozumay\u0131 \u00f6nler, a\u015f\u0131nma dayan\u0131m\u0131n\u0131 art\u0131r\u0131r, su ge\u00e7irimsizli\u011fi sa\u011flar ve uzun \u00f6m\u00fcrl\u00fc koruma sunar. \u0130\u00e7 ve d\u0131\u015f mekan end\u00fcstriyel zeminler i\u00e7in idealdir.","robots":{"index":"index","follow":"follow","max-snippet":"max-snippet:-1","max-image-preview":"max-image-preview:large","max-video-preview":"max-video-preview:-1"},"canonical":"https:\/\/dolphinfix.com.tr\/eticaret\/urun\/zs-905-beton-yuzey-sertlestirici-ve-tozuma-onleyici-koruyucu\/","og_locale":"tr_TR","og_type":"article","og_title":"905 ZS - ZEM\u0130N SERTLE\u015eT\u0130R\u0130C\u0130","og_description":"ZS 905 su bazl\u0131 beton y\u00fczey sertle\u015ftirici; beton ve \u015fap y\u00fczeylerde tozumay\u0131 \u00f6nler, a\u015f\u0131nma dayan\u0131m\u0131n\u0131 art\u0131r\u0131r, su ge\u00e7irimsizli\u011fi sa\u011flar ve uzun \u00f6m\u00fcrl\u00fc koruma sunar. \u0130\u00e7 ve d\u0131\u015f mekan end\u00fcstriyel zeminler i\u00e7in idealdir.","og_url":"https:\/\/dolphinfix.com.tr\/eticaret\/urun\/zs-905-beton-yuzey-sertlestirici-ve-tozuma-onleyici-koruyucu\/","og_site_name":"Dolphinfix","article_modified_time":"2026-03-13T04:46:29+00:00","og_image":[{"width":1000,"height":1000,"url":"https:\/\/dolphinfix.com.tr\/eticaret\/wp-content\/uploads\/2024\/10\/905.png","type":"image\/png"}],"twitter_card":"summary_large_image","twitter_misc":{"Tahmini okuma s\u00fcresi":"3 dakika"},"schema":{"@context":"https:\/\/schema.org","@graph":[{"@type":"WebPage","@id":"https:\/\/dolphinfix.com.tr\/eticaret\/urun\/zs-905-beton-yuzey-sertlestirici-ve-tozuma-onleyici-koruyucu\/","url":"https:\/\/dolphinfix.com.tr\/eticaret\/urun\/zs-905-beton-yuzey-sertlestirici-ve-tozuma-onleyici-koruyucu\/","name":"ZS 905 Beton Y\u00fczey Sertle\u015ftirici | Su Bazl\u0131 Tozuma \u00d6nleyici Koruyucu","isPartOf":{"@id":"https:\/\/dolphinfix.com.tr\/eticaret\/#website"},"datePublished":"2024-10-23T13:11:34+00:00","dateModified":"2026-03-13T04:46:29+00:00","description":"ZS 905 su bazl\u0131 beton y\u00fczey sertle\u015ftirici; beton ve \u015fap y\u00fczeylerde tozumay\u0131 \u00f6nler, a\u015f\u0131nma dayan\u0131m\u0131n\u0131 art\u0131r\u0131r, su ge\u00e7irimsizli\u011fi sa\u011flar ve uzun \u00f6m\u00fcrl\u00fc koruma sunar. \u0130\u00e7 ve d\u0131\u015f mekan end\u00fcstriyel zeminler i\u00e7in idealdir.","breadcrumb":{"@id":"https:\/\/dolphinfix.com.tr\/eticaret\/urun\/zs-905-beton-yuzey-sertlestirici-ve-tozuma-onleyici-koruyucu\/#breadcrumb"},"inLanguage":"tr","potentialAction":[{"@type":"ReadAction","target":["https:\/\/dolphinfix.com.tr\/eticaret\/urun\/zs-905-beton-yuzey-sertlestirici-ve-tozuma-onleyici-koruyucu\/"]}]},{"@type":"BreadcrumbList","@id":"https:\/\/dolphinfix.com.tr\/eticaret\/urun\/zs-905-beton-yuzey-sertlestirici-ve-tozuma-onleyici-koruyucu\/#breadcrumb","itemListElement":[{"@type":"ListItem","position":1,"name":"Home","item":"https:\/\/dolphinfix.com.tr\/eticaret\/"},{"@type":"ListItem","position":2,"name":"Market","item":"https:\/\/dolphinfix.com.tr\/eticaret\/market\/"},{"@type":"ListItem","position":3,"name":"905 ZS &#8211; ZEM\u0130N SERTLE\u015eT\u0130R\u0130C\u0130"}]},{"@type":"WebSite","@id":"https:\/\/dolphinfix.com.tr\/eticaret\/#website","url":"https:\/\/dolphinfix.com.tr\/eticaret\/","name":"Dolphinfix","description":"","potentialAction":[{"@type":"SearchAction","target":{"@type":"EntryPoint","urlTemplate":"https:\/\/dolphinfix.com.tr\/eticaret\/?s={search_term_string}"},"query-input":"required name=search_term_string"}],"inLanguage":"tr"}]}},"_links":{"self":[{"href":"https:\/\/dolphinfix.com.tr\/eticaret\/wp-json\/wp\/v2\/product\/16188","targetHints":{"allow":["GET"]}}],"collection":[{"href":"https:\/\/dolphinfix.com.tr\/eticaret\/wp-json\/wp\/v2\/product"}],"about":[{"href":"https:\/\/dolphinfix.com.tr\/eticaret\/wp-json\/wp\/v2\/types\/product"}],"replies":[{"embeddable":true,"href":"https:\/\/dolphinfix.com.tr\/eticaret\/wp-json\/wp\/v2\/comments?post=16188"}],"version-history":[{"count":6,"href":"https:\/\/dolphinfix.com.tr\/eticaret\/wp-json\/wp\/v2\/product\/16188\/revisions"}],"predecessor-version":[{"id":19522,"href":"https:\/\/dolphinfix.com.tr\/eticaret\/wp-json\/wp\/v2\/product\/16188\/revisions\/19522"}],"wp:featuredmedia":[{"embeddable":true,"href":"https:\/\/dolphinfix.com.tr\/eticaret\/wp-json\/wp\/v2\/media\/16190"}],"wp:attachment":[{"href":"https:\/\/dolphinfix.com.tr\/eticaret\/wp-json\/wp\/v2\/media?parent=16188"}],"wp:term":[{"taxonomy":"product_cat","embeddable":true,"href":"https:\/\/dolphinfix.com.tr\/eticaret\/wp-json\/wp\/v2\/product_cat?post=16188"},{"taxonomy":"product_tag","embeddable":true,"href":"https:\/\/dolphinfix.com.tr\/eticaret\/wp-json\/wp\/v2\/product_tag?post=16188"}],"curies":[{"name":"wp","href":"https:\/\/api.w.org\/{rel}","templated":true}]}}