{"id":16226,"date":"2024-10-25T15:34:39","date_gmt":"2024-10-25T12:34:39","guid":{"rendered":"https:\/\/dolphinfix.com.tr\/eticaret?post_type=product&#038;p=16226"},"modified":"2026-03-12T23:34:51","modified_gmt":"2026-03-12T20:34:51","slug":"therm-001-seffaf-parlak-dis-cephe-koruyucu-cila","status":"publish","type":"product","link":"https:\/\/dolphinfix.com.tr\/eticaret\/urun\/therm-001-seffaf-parlak-dis-cephe-koruyucu-cila\/","title":{"rendered":"THERM 001 C\u0130LA &#8211; THERM YALITIM C\u0130LASI"},"content":{"rendered":"<h3><span style=\"color: #c61016;\">\u00dcR\u00dcN B\u0130LG\u0130LER\u0130 ;<\/span><\/h3>\n<p data-pm-slice=\"0 0 []\"><span style=\"color: #000000;\"><strong>TANIMI:<\/strong> Therm 001 cila, Modifiye silikon em\u00fclsiyon re\u00e7ine esasl\u0131, \u015feffaf ve parlak bir son kat cilad\u0131r.<\/span><\/p>\n<p><span style=\"color: #000000;\"><strong>KULLANIM ALANLARI<\/strong><\/span><br \/>\n<span style=\"color: #000000;\">D\u0131\u015f cephelerde y\u00fczeye suya dayan\u0131m art\u0131rmak i\u00e7in kullan\u0131l\u0131r. \u0130\u00e7 ve d\u0131\u015f mek\u00e2nlarda kullan\u0131lan y\u00fczeyin korunmas\u0131, Y\u00fczeylerin suya dayan\u0131m\u0131n\u0131 art\u0131rmak ve uzun s\u00fcreli koruma sa\u011flamak i\u00e7in kullan\u0131l\u0131r.<\/span><\/p>\n<p><span style=\"color: #000000;\"><strong>\u00dcR\u00dcN \u00d6ZELL\u0130KLER\u0130<\/strong><\/span><br \/>\n<span style=\"color: #000000;\">\u00c7e\u015fitli y\u00fczeylerin parlak ve temiz bir g\u00f6r\u00fcn\u00fcm kazanmas\u0131,<\/span><br \/>\n<span style=\"color: #000000;\">Darbelere\u00a0kar\u015f\u0131 dayan\u0131m sa\u011flar.<\/span><br \/>\n<span style=\"color: #000000;\">Zor kirlenir, kolay temizlenir.<\/span><br \/>\n<span style=\"color: #000000;\">UV \u0131\u015f\u0131nlar\u0131na kar\u015f\u0131 dayan\u0131kl\u0131d\u0131r, solmaz.<\/span><br \/>\n<span style=\"color: #000000;\">Mekanlar\u0131n y\u00fczelerine estetik bir g\u00f6r\u00fcn\u00fcm kazand\u0131r\u0131r.<\/span><br \/>\n<span style=\"color: #000000;\">D\u0131\u015f etkenlere ve hava ko\u015fullar\u0131na dayan\u0131kl\u0131d\u0131r.<\/span><br \/>\n<span style=\"color: #000000;\">Uyguland\u0131\u011f\u0131 y\u00fczeyin uzun \u00f6m\u00fcrl\u00fc olmas\u0131n\u0131 sa\u011flar.<\/span><\/p>\n<p><span style=\"color: #000000;\"><strong>TEKN\u0130K \u00d6ZELL\u0130KLER<\/strong><\/span><br \/>\n<span style=\"color: #000000;\">Parlakl\u0131k :Parlak<\/span><br \/>\n<span style=\"color: #000000;\">Renk :\u015eeffaf<\/span><br \/>\n<span style=\"color: #000000;\">Kat\u0131 Madde :% 30\u00b12 (A\u011f\u0131rl\u0131k\u00e7a)<\/span><br \/>\n<span style=\"color: #000000;\">Yo\u011funluk :1,02 gr\/cm\u00b3<\/span><br \/>\n<span style=\"color: #000000;\">Uygulama :Rulo ya da f\u0131r\u00e7a<\/span><br \/>\n<span style=\"color: #000000;\">Alevlenme Noktas\u0131 :150 \u00b0C- 200 \u00b0C<\/span><\/p>\n<p><span style=\"color: #000000;\"><strong>UYGULAMA B\u0130LG\u0130S\u0130<\/strong><\/span><br \/>\n<span style=\"color: #000000;\">Y\u00fczey Haz\u0131rl\u0131\u011f\u0131: Therm 001 cila, Uygulama y\u00fczeyi, Therm 001 Cila&#8217;n\u0131n etkili bir \u015fekilde uygulanabilmesi i\u00e7in Therm 003 cephe kaplama Is\u0131 Yal\u0131t\u0131m \u00dcr\u00fcn\u00fc \u00f6nceden y\u00fczeye uygulanm\u0131\u015f olmal\u0131d\u0131r. Y\u00fczeyin kuru, sa\u011flam ve gev\u015fek par\u00e7ac\u0131klardan ar\u0131nm\u0131\u015f olmas\u0131 gerekmektedir.<\/span><\/p>\n<p><span style=\"color: #000000;\"><strong>UYGULAMA<\/strong><\/span><br \/>\n<span style=\"color: #000000;\">Therm 003 cephe kaplama uygulamas\u0131ndan en az 6 saat sonra F\u0131r\u00e7a veya k\u0131sa t\u00fcyl\u00fc, kuzu t\u00fcy\u00fc rulo ile uygulan\u0131r.<\/span><\/p>\n<p><span style=\"color: #000000;\"><strong>SARF\u0130YAT<\/strong><\/span><br \/>\n<span style=\"color: #000000;\">Uygulama yap\u0131lacak y\u00fczeyin cinsine, emicili\u011fine ve yap\u0131s\u0131na g\u00f6re tek katta 1 litre ile 5-7 m2 alan boyanabilir.<\/span><\/p>\n<p><span style=\"color: #000000;\"><strong>KURUMA S\u00dcRES\u0130 (20\u00b0C, %65 HR\u2019de)<\/strong><\/span><br \/>\n<span style=\"color: #000000;\">Dokunma kurumas\u0131: 60 dakika,<\/span><br \/>\n<span style=\"color: #000000;\">Boya uygulamas\u0131: 6 saat,<\/span><br \/>\n<span style=\"color: #000000;\">Son kuruma: 24 saat (daha y\u00fcksek ba\u011f\u0131l<\/span><br \/>\n<span style=\"color: #000000;\">nem ve d\u00fc\u015f\u00fck s\u0131cakl\u0131kta<\/span><br \/>\n<span style=\"color: #000000;\">kuruma s\u00fcresi uzayabilir).<\/span><\/p>\n<p><span style=\"color: #000000;\"><strong>UYARILAR<\/strong><\/span><br \/>\n<span style=\"color: #000000;\">Uygulamadan sonra en az 48 saat zeminde y\u00fcr\u00fcme yap\u0131lmamal\u0131d\u0131r. (+) 5\u00b0C\u2019nin alt\u0131nda ve (+) 35\u00b0C\u2019nin \u00fcst\u00fcnde ki ortamlarda mutlaka korumaya al\u0131nmal\u0131d\u0131r. Naylon ile etraf\u0131 kapat\u0131lmal\u0131d\u0131r. Dona ve ani su kayb\u0131na kar\u015f\u0131 \u00f6nlem al\u0131nmal\u0131d\u0131r.<\/span><\/p>\n<p><span style=\"color: #000000;\"><strong>AMBALAJ<\/strong><\/span><br \/>\n<span style=\"color: #000000;\">18 LT PLAST\u0130K KOVA<\/span><\/p>\n<p><span style=\"color: #000000;\"><strong>DEPOLAMA \u015eARTLARI<\/strong><\/span><br \/>\n<span style=\"color: #000000;\">A\u00e7\u0131lmam\u0131\u015f ambalaj\u0131nda, serin(+5\u00b0C ile +30\u00b0C ) ve kuru yerde dondan, direkt g\u00fcne\u015f \u0131\u015f\u0131\u011f\u0131ndan korunarak 3 y\u0131l saklanabilir. Ambalaj\u0131n kapa\u011f\u0131n\u0131 kullan\u0131mdan hemen sonra hava almayacak \u015fekilde kapat\u0131n\u0131z.<\/span><\/p>\n","protected":false},"excerpt":{"rendered":"<p><span style=\"color: #000000;\"><a style=\"color: #000000;\" href=\"https:\/\/dolphinfix.com.tr\/eticaret\/wp-content\/uploads\/2025\/04\/THERM-001-CILA-YALITIM-CILASI-TDS_compressed.pdf\" target=\"_blank\" rel=\"noopener\">TDS Belgesini \u0130ndirmek \u0130\u00e7in T\u0131klay\u0131n\u0131z<\/a><\/span><br \/>\n<span style=\"color: #000000;\"><a style=\"color: #000000;\" href=\"#\" target=\"_blank\" rel=\"noopener\">CE Belgesini \u0130ndirmek \u0130\u00e7in T\u0131klay\u0131n\u0131z<\/a><\/span><\/p>\n","protected":false},"featured_media":16228,"comment_status":"open","ping_status":"closed","template":"","meta":{"_joinchat":[]},"product_cat":[87,125],"product_tag":[817,820,816,818,813,825,819,823,822,815,814,826,821,812,824],"class_list":{"0":"post-16226","1":"product","2":"type-product","3":"status-publish","4":"has-post-thumbnail","6":"product_cat-isi-yalitimi","7":"product_cat-mantolama","8":"product_tag-cati-ve-teras-cilasi","9":"product_tag-dayanikli-yalitim-cilasi","10":"product_tag-dis-cephe-yalitim-cilasi","11":"product_tag-enerji-tasarruflu-yalitim-cilasi","12":"product_tag-isi-yalitim-cilasi","13":"product_tag-kolay-uygulanabilir-yalitim-cilasi","14":"product_tag-koruyucu-yalitim-cilasi","15":"product_tag-nefes-alan-yalitim-cilasi","16":"product_tag-profesyonel-yalitim-uygulamasi","17":"product_tag-ses-yalitim-cilasi","18":"product_tag-su-yalitim-cilasi","19":"product_tag-therm-yalitim-urunu","20":"product_tag-uzun-omurlu-yalitim-cilasi","21":"product_tag-yalitim-cilasi","22":"product_tag-yuksek-performansli-yalitim-cilasi","24":"first","25":"instock","26":"taxable","27":"shipping-taxable","28":"purchasable","29":"product-type-variable"},"yoast_head":"<!-- This site is optimized with the Yoast SEO Premium plugin v20.2.1 (Yoast SEO v20.2.1) - https:\/\/yoast.com\/wordpress\/plugins\/seo\/ -->\n<title>Therm 001 \u015eeffaf Parlak Cila | Silikon Esasl\u0131 D\u0131\u015f Cephe Koruyucu<\/title>\n<meta name=\"description\" content=\"Therm 001 \u015feffaf d\u0131\u015f cephe cilas\u0131; y\u00fczeylerde su dayan\u0131m\u0131n\u0131 art\u0131ran, UV \u0131\u015f\u0131nlar\u0131na dayan\u0131kl\u0131, silikon esasl\u0131 koruyucu son kat kaplamad\u0131r. Parlak ve uzun \u00f6m\u00fcrl\u00fc koruma sa\u011flar.\" \/>\n<meta name=\"robots\" content=\"index, follow, max-snippet:-1, max-image-preview:large, max-video-preview:-1\" \/>\n<link rel=\"canonical\" href=\"https:\/\/dolphinfix.com.tr\/eticaret\/urun\/therm-001-seffaf-parlak-dis-cephe-koruyucu-cila\/\" \/>\n<meta property=\"og:locale\" content=\"tr_TR\" \/>\n<meta property=\"og:type\" content=\"article\" \/>\n<meta property=\"og:title\" content=\"THERM 001 C\u0130LA - THERM YALITIM C\u0130LASI\" \/>\n<meta property=\"og:description\" content=\"Therm 001 \u015feffaf d\u0131\u015f cephe cilas\u0131; y\u00fczeylerde su dayan\u0131m\u0131n\u0131 art\u0131ran, UV \u0131\u015f\u0131nlar\u0131na dayan\u0131kl\u0131, silikon esasl\u0131 koruyucu son kat kaplamad\u0131r. Parlak ve uzun \u00f6m\u00fcrl\u00fc koruma sa\u011flar.\" \/>\n<meta property=\"og:url\" content=\"https:\/\/dolphinfix.com.tr\/eticaret\/urun\/therm-001-seffaf-parlak-dis-cephe-koruyucu-cila\/\" \/>\n<meta property=\"og:site_name\" content=\"Dolphinfix\" \/>\n<meta property=\"article:modified_time\" content=\"2026-03-12T20:34:51+00:00\" \/>\n<meta property=\"og:image\" content=\"https:\/\/dolphinfix.com.tr\/eticaret\/wp-content\/uploads\/2024\/10\/001.png\" \/>\n\t<meta property=\"og:image:width\" content=\"1000\" \/>\n\t<meta property=\"og:image:height\" content=\"1000\" \/>\n\t<meta property=\"og:image:type\" content=\"image\/png\" \/>\n<meta name=\"twitter:card\" content=\"summary_large_image\" \/>\n<meta name=\"twitter:label1\" content=\"Tahmini okuma s\u00fcresi\" \/>\n\t<meta name=\"twitter:data1\" content=\"2 dakika\" \/>\n<script type=\"application\/ld+json\" class=\"yoast-schema-graph\">{\"@context\":\"https:\/\/schema.org\",\"@graph\":[{\"@type\":\"WebPage\",\"@id\":\"https:\/\/dolphinfix.com.tr\/eticaret\/urun\/therm-001-seffaf-parlak-dis-cephe-koruyucu-cila\/\",\"url\":\"https:\/\/dolphinfix.com.tr\/eticaret\/urun\/therm-001-seffaf-parlak-dis-cephe-koruyucu-cila\/\",\"name\":\"Therm 001 \u015eeffaf Parlak Cila | Silikon Esasl\u0131 D\u0131\u015f Cephe Koruyucu\",\"isPartOf\":{\"@id\":\"https:\/\/dolphinfix.com.tr\/eticaret\/#website\"},\"datePublished\":\"2024-10-25T12:34:39+00:00\",\"dateModified\":\"2026-03-12T20:34:51+00:00\",\"description\":\"Therm 001 \u015feffaf d\u0131\u015f cephe cilas\u0131; y\u00fczeylerde su dayan\u0131m\u0131n\u0131 art\u0131ran, UV \u0131\u015f\u0131nlar\u0131na dayan\u0131kl\u0131, silikon esasl\u0131 koruyucu son kat kaplamad\u0131r. Parlak ve uzun \u00f6m\u00fcrl\u00fc koruma sa\u011flar.\",\"breadcrumb\":{\"@id\":\"https:\/\/dolphinfix.com.tr\/eticaret\/urun\/therm-001-seffaf-parlak-dis-cephe-koruyucu-cila\/#breadcrumb\"},\"inLanguage\":\"tr\",\"potentialAction\":[{\"@type\":\"ReadAction\",\"target\":[\"https:\/\/dolphinfix.com.tr\/eticaret\/urun\/therm-001-seffaf-parlak-dis-cephe-koruyucu-cila\/\"]}]},{\"@type\":\"BreadcrumbList\",\"@id\":\"https:\/\/dolphinfix.com.tr\/eticaret\/urun\/therm-001-seffaf-parlak-dis-cephe-koruyucu-cila\/#breadcrumb\",\"itemListElement\":[{\"@type\":\"ListItem\",\"position\":1,\"name\":\"Home\",\"item\":\"https:\/\/dolphinfix.com.tr\/eticaret\/\"},{\"@type\":\"ListItem\",\"position\":2,\"name\":\"Market\",\"item\":\"https:\/\/dolphinfix.com.tr\/eticaret\/market\/\"},{\"@type\":\"ListItem\",\"position\":3,\"name\":\"THERM 001 C\u0130LA &#8211; THERM YALITIM C\u0130LASI\"}]},{\"@type\":\"WebSite\",\"@id\":\"https:\/\/dolphinfix.com.tr\/eticaret\/#website\",\"url\":\"https:\/\/dolphinfix.com.tr\/eticaret\/\",\"name\":\"Dolphinfix\",\"description\":\"\",\"potentialAction\":[{\"@type\":\"SearchAction\",\"target\":{\"@type\":\"EntryPoint\",\"urlTemplate\":\"https:\/\/dolphinfix.com.tr\/eticaret\/?s={search_term_string}\"},\"query-input\":\"required name=search_term_string\"}],\"inLanguage\":\"tr\"}]}<\/script>\n<!-- \/ Yoast SEO Premium plugin. -->","yoast_head_json":{"title":"Therm 001 \u015eeffaf Parlak Cila | Silikon Esasl\u0131 D\u0131\u015f Cephe Koruyucu","description":"Therm 001 \u015feffaf d\u0131\u015f cephe cilas\u0131; y\u00fczeylerde su dayan\u0131m\u0131n\u0131 art\u0131ran, UV \u0131\u015f\u0131nlar\u0131na dayan\u0131kl\u0131, silikon esasl\u0131 koruyucu son kat kaplamad\u0131r. Parlak ve uzun \u00f6m\u00fcrl\u00fc koruma sa\u011flar.","robots":{"index":"index","follow":"follow","max-snippet":"max-snippet:-1","max-image-preview":"max-image-preview:large","max-video-preview":"max-video-preview:-1"},"canonical":"https:\/\/dolphinfix.com.tr\/eticaret\/urun\/therm-001-seffaf-parlak-dis-cephe-koruyucu-cila\/","og_locale":"tr_TR","og_type":"article","og_title":"THERM 001 C\u0130LA - THERM YALITIM C\u0130LASI","og_description":"Therm 001 \u015feffaf d\u0131\u015f cephe cilas\u0131; y\u00fczeylerde su dayan\u0131m\u0131n\u0131 art\u0131ran, UV \u0131\u015f\u0131nlar\u0131na dayan\u0131kl\u0131, silikon esasl\u0131 koruyucu son kat kaplamad\u0131r. Parlak ve uzun \u00f6m\u00fcrl\u00fc koruma sa\u011flar.","og_url":"https:\/\/dolphinfix.com.tr\/eticaret\/urun\/therm-001-seffaf-parlak-dis-cephe-koruyucu-cila\/","og_site_name":"Dolphinfix","article_modified_time":"2026-03-12T20:34:51+00:00","og_image":[{"width":1000,"height":1000,"url":"https:\/\/dolphinfix.com.tr\/eticaret\/wp-content\/uploads\/2024\/10\/001.png","type":"image\/png"}],"twitter_card":"summary_large_image","twitter_misc":{"Tahmini okuma s\u00fcresi":"2 dakika"},"schema":{"@context":"https:\/\/schema.org","@graph":[{"@type":"WebPage","@id":"https:\/\/dolphinfix.com.tr\/eticaret\/urun\/therm-001-seffaf-parlak-dis-cephe-koruyucu-cila\/","url":"https:\/\/dolphinfix.com.tr\/eticaret\/urun\/therm-001-seffaf-parlak-dis-cephe-koruyucu-cila\/","name":"Therm 001 \u015eeffaf Parlak Cila | Silikon Esasl\u0131 D\u0131\u015f Cephe Koruyucu","isPartOf":{"@id":"https:\/\/dolphinfix.com.tr\/eticaret\/#website"},"datePublished":"2024-10-25T12:34:39+00:00","dateModified":"2026-03-12T20:34:51+00:00","description":"Therm 001 \u015feffaf d\u0131\u015f cephe cilas\u0131; y\u00fczeylerde su dayan\u0131m\u0131n\u0131 art\u0131ran, UV \u0131\u015f\u0131nlar\u0131na dayan\u0131kl\u0131, silikon esasl\u0131 koruyucu son kat kaplamad\u0131r. Parlak ve uzun \u00f6m\u00fcrl\u00fc koruma sa\u011flar.","breadcrumb":{"@id":"https:\/\/dolphinfix.com.tr\/eticaret\/urun\/therm-001-seffaf-parlak-dis-cephe-koruyucu-cila\/#breadcrumb"},"inLanguage":"tr","potentialAction":[{"@type":"ReadAction","target":["https:\/\/dolphinfix.com.tr\/eticaret\/urun\/therm-001-seffaf-parlak-dis-cephe-koruyucu-cila\/"]}]},{"@type":"BreadcrumbList","@id":"https:\/\/dolphinfix.com.tr\/eticaret\/urun\/therm-001-seffaf-parlak-dis-cephe-koruyucu-cila\/#breadcrumb","itemListElement":[{"@type":"ListItem","position":1,"name":"Home","item":"https:\/\/dolphinfix.com.tr\/eticaret\/"},{"@type":"ListItem","position":2,"name":"Market","item":"https:\/\/dolphinfix.com.tr\/eticaret\/market\/"},{"@type":"ListItem","position":3,"name":"THERM 001 C\u0130LA &#8211; THERM YALITIM C\u0130LASI"}]},{"@type":"WebSite","@id":"https:\/\/dolphinfix.com.tr\/eticaret\/#website","url":"https:\/\/dolphinfix.com.tr\/eticaret\/","name":"Dolphinfix","description":"","potentialAction":[{"@type":"SearchAction","target":{"@type":"EntryPoint","urlTemplate":"https:\/\/dolphinfix.com.tr\/eticaret\/?s={search_term_string}"},"query-input":"required name=search_term_string"}],"inLanguage":"tr"}]}},"_links":{"self":[{"href":"https:\/\/dolphinfix.com.tr\/eticaret\/wp-json\/wp\/v2\/product\/16226","targetHints":{"allow":["GET"]}}],"collection":[{"href":"https:\/\/dolphinfix.com.tr\/eticaret\/wp-json\/wp\/v2\/product"}],"about":[{"href":"https:\/\/dolphinfix.com.tr\/eticaret\/wp-json\/wp\/v2\/types\/product"}],"replies":[{"embeddable":true,"href":"https:\/\/dolphinfix.com.tr\/eticaret\/wp-json\/wp\/v2\/comments?post=16226"}],"version-history":[{"count":7,"href":"https:\/\/dolphinfix.com.tr\/eticaret\/wp-json\/wp\/v2\/product\/16226\/revisions"}],"predecessor-version":[{"id":19221,"href":"https:\/\/dolphinfix.com.tr\/eticaret\/wp-json\/wp\/v2\/product\/16226\/revisions\/19221"}],"wp:featuredmedia":[{"embeddable":true,"href":"https:\/\/dolphinfix.com.tr\/eticaret\/wp-json\/wp\/v2\/media\/16228"}],"wp:attachment":[{"href":"https:\/\/dolphinfix.com.tr\/eticaret\/wp-json\/wp\/v2\/media?parent=16226"}],"wp:term":[{"taxonomy":"product_cat","embeddable":true,"href":"https:\/\/dolphinfix.com.tr\/eticaret\/wp-json\/wp\/v2\/product_cat?post=16226"},{"taxonomy":"product_tag","embeddable":true,"href":"https:\/\/dolphinfix.com.tr\/eticaret\/wp-json\/wp\/v2\/product_tag?post=16226"}],"curies":[{"name":"wp","href":"https:\/\/api.w.org\/{rel}","templated":true}]}}