{"id":16242,"date":"2024-10-25T16:06:06","date_gmt":"2024-10-25T13:06:06","guid":{"rendered":"https:\/\/dolphinfix.com.tr\/eticaret?post_type=product&#038;p=16242"},"modified":"2026-03-13T07:34:14","modified_gmt":"2026-03-13T04:34:14","slug":"dolphinfix-bronz-isi-ve-ses-yalitim-siltesi","status":"publish","type":"product","link":"https:\/\/dolphinfix.com.tr\/eticaret\/urun\/dolphinfix-bronz-isi-ve-ses-yalitim-siltesi\/","title":{"rendered":"1970 &#8211; BRONZ ISI VE SES YALITIM BAR\u0130YER\u0130"},"content":{"rendered":"<h3><span style=\"color: #c61016;\">\u00dcR\u00dcN B\u0130LG\u0130LER\u0130 ;<\/span><\/h3>\n<p data-pm-slice=\"1 1 []\"><span style=\"color: #000000;\"><strong>TANIM:<\/strong> Dolphinfix BRONZ YALITIM \u015e\u0130LTES\u0130 \u015fap alt\u0131, parke alt\u0131, ortak duvar vb gibi yerlerde kullan\u0131lan \u0131s\u0131 ve ses yal\u0131t\u0131m\u0131 sa\u011flayan izolasyon alan\u0131nda kullan\u0131lan bir malzemedir.<\/span><\/p>\n<p><span style=\"color: #000000;\">\u00a0<\/span><strong><span style=\"color: #000000;\">\u00dcR\u00dcN \u00d6ZELL\u0130KLER\u0130<\/span><\/strong><br \/>\n<span style=\"color: #000000;\">\u202214mm &#8211; 16mm kal\u0131nl\u0131\u011f\u0131nda olup serbest serilerek uygulan\u0131r.<\/span><br \/>\n<span style=\"color: #000000;\">\u2022Projede de\u011fi\u015fiklik gerektirmez.<\/span><br \/>\n<span style=\"color: #000000;\">\u2022Daire i\u00e7i \u0131s\u0131s\u0131n\u0131 muhafaza edip ayn\u0131 kalmas\u0131n\u0131 sa\u011flar.<\/span><br \/>\n<span style=\"color: #000000;\">\u2022Alt kattan yukar\u0131 so\u011fuk ge\u00e7mesini \u00f6nler.<\/span><br \/>\n<span style=\"color: #000000;\">\u2022K\u00fcf, nem, koku yapmaz.<\/span><br \/>\n<span style=\"color: #000000;\">\u2022Topuk sesi ve insan sesini y\u00fcksek oranda absorbe eder.<\/span><\/p>\n<p><span style=\"color: #000000;\">\u00a0<\/span><strong><span style=\"color: #000000;\">TEKN\u0130K \u00d6ZELL\u0130KLER<\/span><\/strong><br \/>\n<span style=\"color: #000000;\">Ebat: EN 1 mt<\/span><br \/>\n<span style=\"color: #000000;\">Boy: 15 mt = (15 m\u00b2)<\/span><br \/>\n<span style=\"color: #000000;\">Kal\u0131nl\u0131k: 14 mm &#8211; 16 mm +-<\/span><br \/>\n<span style=\"color: #000000;\">Is\u0131 iletkenlik: 0,039 (W\/MK\u2019)<\/span><br \/>\n<span style=\"color: #000000;\">Ses yutum: Wa 0,035 (H)<\/span><br \/>\n<span style=\"color: #000000;\">Yang\u0131n s\u0131n\u0131f\u0131: B s1 dO<\/span><\/p>\n<p><span style=\"color: #000000;\">\u00a0<\/span><strong><span style=\"color: #000000;\">UYARILAR<\/span><\/strong><br \/>\n<span style=\"color: #000000;\">Uygulamadan sonra en az 48 saat zeminde y\u00fcr\u00fcme yap\u0131lmamal\u0131d\u0131r. (+) 5\u00b0C\u2019nin alt\u0131nda ve (+) 35\u00b0C\u2019nin \u00fcst\u00fcnde ki ortamlarda mutlaka korumaya al\u0131nmal\u0131d\u0131r.<\/span><br \/>\n<span style=\"color: #000000;\">Naylon ile etraf\u0131 kapat\u0131lmal\u0131d\u0131r. Dona ve ani su kayb\u0131na kar\u015f\u0131 \u00f6nlem al\u0131nmal\u0131d\u0131r.<\/span><\/p>\n<p><strong><span style=\"color: #000000;\">AMBALAJ<\/span><\/strong><br \/>\n<span style=\"color: #000000;\">1&#215;15 (m\u00b2 a\u011f\u0131rl\u0131k 1.460 grm\/m\u00b2)<\/span><\/p>\n<p><span style=\"color: #000000;\">\u00a0<\/span><strong><span style=\"color: #000000;\">RAF \u00d6MR\u00dc<\/span><\/strong><br \/>\n<span style=\"color: #000000;\">Orijinal, hasar g\u00f6rmemi\u015f ve a\u00e7\u0131lmam\u0131\u015f ambalaj\u0131nda ve depolama \u015farlar\u0131na uyulmas\u0131 durumunda \u00fcretim tarihi itibariyle 12 ayd\u0131r.<\/span><\/p>\n<p><span style=\"color: #000000;\">\u00a0<\/span><strong><span style=\"color: #000000;\">DEPOLAMA \u015eARTLARI<\/span><\/strong><br \/>\n<span style=\"color: #000000;\">+5 \u00b0C ve 30\u00b0C aral\u0131\u011f\u0131nda muhafaza edilmelidir. Dondan, nemden ve direkt g\u00fcne\u015f \u0131\u015f\u0131ndan korunmal\u0131d\u0131r.<\/span><\/p>\n","protected":false},"excerpt":{"rendered":"<p><span style=\"color: #000000;\"><a style=\"color: #000000;\" href=\"https:\/\/dolphinfix.com.tr\/eticaret\/wp-content\/uploads\/2025\/04\/Bronz-Yalitim-Siltesi_compressed-1.pdf\" target=\"_blank\" rel=\"noopener\">TDS Belgesini \u0130ndirmek \u0130\u00e7in T\u0131klay\u0131n\u0131z<br \/>\n<\/a><\/span><span style=\"color: #000000;\"><a style=\"color: #000000;\" href=\"#\" target=\"_blank\" rel=\"noopener\">CE Belgesini \u0130ndirmek \u0130\u00e7in T\u0131klay\u0131n\u0131z<\/a><\/span><\/p>\n","protected":false},"featured_media":16869,"comment_status":"open","ping_status":"closed","template":"","meta":{"_joinchat":[]},"product_cat":[87,125],"product_tag":[858,850,853,857,852,318,859,849,310,322,856,325,855,851,854],"class_list":{"0":"post-16242","1":"product","2":"type-product","3":"status-publish","4":"has-post-thumbnail","6":"product_cat-isi-yalitimi","7":"product_cat-mantolama","8":"product_tag-binalarda-yalitim-cozumleri","9":"product_tag-bronz-yalitim-bariyeri","10":"product_tag-cati-yalitimi","11":"product_tag-dayanikli-yalitim-bariyeri","12":"product_tag-duvar-yalitimi","13":"product_tag-enerji-tasarruflu-yalitim","14":"product_tag-isi-ve-ses-izolasyonu","15":"product_tag-isi-ve-ses-yalitim-bariyeri","16":"product_tag-isi-yalitim-malzemesi","17":"product_tag-kolay-uygulanabilir-yalitim","18":"product_tag-profesyonel-yalitim-malzemesi","19":"product_tag-ses-yalitim-malzemesi","20":"product_tag-uzun-omurlu-yalitim","21":"product_tag-yuksek-performansli-yalitim","22":"product_tag-zemin-yalitimi","24":"first","25":"instock","26":"taxable","27":"shipping-taxable","28":"purchasable","29":"product-type-variable"},"yoast_head":"<!-- This site is optimized with the Yoast SEO Premium plugin v20.2.1 (Yoast SEO v20.2.1) - https:\/\/yoast.com\/wordpress\/plugins\/seo\/ -->\n<title>Dolphinfix BRONZ Yal\u0131t\u0131m \u015eiltesi | \u015eap Alt\u0131 Is\u0131 ve Ses Yal\u0131t\u0131m\u0131<\/title>\n<meta name=\"description\" content=\"Dolphinfix BRONZ yal\u0131t\u0131m \u015filtesi; \u015fap alt\u0131, parke alt\u0131 ve ortak duvar uygulamalar\u0131nda \u0131s\u0131 ve ses yal\u0131t\u0131m\u0131 sa\u011flayan, darbe sesini azaltan, nem ve k\u00fcf olu\u015fturmayan zemin izolasyon malzemesidir.\" \/>\n<meta name=\"robots\" content=\"index, follow, max-snippet:-1, max-image-preview:large, max-video-preview:-1\" \/>\n<link rel=\"canonical\" href=\"https:\/\/dolphinfix.com.tr\/eticaret\/urun\/dolphinfix-bronz-isi-ve-ses-yalitim-siltesi\/\" \/>\n<meta property=\"og:locale\" content=\"tr_TR\" \/>\n<meta property=\"og:type\" content=\"article\" \/>\n<meta property=\"og:title\" content=\"1970 - BRONZ ISI VE SES YALITIM BAR\u0130YER\u0130\" \/>\n<meta property=\"og:description\" content=\"Dolphinfix BRONZ yal\u0131t\u0131m \u015filtesi; \u015fap alt\u0131, parke alt\u0131 ve ortak duvar uygulamalar\u0131nda \u0131s\u0131 ve ses yal\u0131t\u0131m\u0131 sa\u011flayan, darbe sesini azaltan, nem ve k\u00fcf olu\u015fturmayan zemin izolasyon malzemesidir.\" \/>\n<meta property=\"og:url\" content=\"https:\/\/dolphinfix.com.tr\/eticaret\/urun\/dolphinfix-bronz-isi-ve-ses-yalitim-siltesi\/\" \/>\n<meta property=\"og:site_name\" content=\"Dolphinfix\" \/>\n<meta property=\"article:modified_time\" content=\"2026-03-13T04:34:14+00:00\" \/>\n<meta property=\"og:image\" content=\"https:\/\/dolphinfix.com.tr\/eticaret\/wp-content\/uploads\/2024\/10\/bronz-ve-silver.png\" \/>\n\t<meta property=\"og:image:width\" content=\"1000\" \/>\n\t<meta property=\"og:image:height\" content=\"1000\" \/>\n\t<meta property=\"og:image:type\" content=\"image\/png\" \/>\n<meta name=\"twitter:card\" content=\"summary_large_image\" \/>\n<meta name=\"twitter:label1\" content=\"Tahmini okuma s\u00fcresi\" \/>\n\t<meta name=\"twitter:data1\" content=\"2 dakika\" \/>\n<script type=\"application\/ld+json\" class=\"yoast-schema-graph\">{\"@context\":\"https:\/\/schema.org\",\"@graph\":[{\"@type\":\"WebPage\",\"@id\":\"https:\/\/dolphinfix.com.tr\/eticaret\/urun\/dolphinfix-bronz-isi-ve-ses-yalitim-siltesi\/\",\"url\":\"https:\/\/dolphinfix.com.tr\/eticaret\/urun\/dolphinfix-bronz-isi-ve-ses-yalitim-siltesi\/\",\"name\":\"Dolphinfix BRONZ Yal\u0131t\u0131m \u015eiltesi | \u015eap Alt\u0131 Is\u0131 ve Ses Yal\u0131t\u0131m\u0131\",\"isPartOf\":{\"@id\":\"https:\/\/dolphinfix.com.tr\/eticaret\/#website\"},\"datePublished\":\"2024-10-25T13:06:06+00:00\",\"dateModified\":\"2026-03-13T04:34:14+00:00\",\"description\":\"Dolphinfix BRONZ yal\u0131t\u0131m \u015filtesi; \u015fap alt\u0131, parke alt\u0131 ve ortak duvar uygulamalar\u0131nda \u0131s\u0131 ve ses yal\u0131t\u0131m\u0131 sa\u011flayan, darbe sesini azaltan, nem ve k\u00fcf olu\u015fturmayan zemin izolasyon malzemesidir.\",\"breadcrumb\":{\"@id\":\"https:\/\/dolphinfix.com.tr\/eticaret\/urun\/dolphinfix-bronz-isi-ve-ses-yalitim-siltesi\/#breadcrumb\"},\"inLanguage\":\"tr\",\"potentialAction\":[{\"@type\":\"ReadAction\",\"target\":[\"https:\/\/dolphinfix.com.tr\/eticaret\/urun\/dolphinfix-bronz-isi-ve-ses-yalitim-siltesi\/\"]}]},{\"@type\":\"BreadcrumbList\",\"@id\":\"https:\/\/dolphinfix.com.tr\/eticaret\/urun\/dolphinfix-bronz-isi-ve-ses-yalitim-siltesi\/#breadcrumb\",\"itemListElement\":[{\"@type\":\"ListItem\",\"position\":1,\"name\":\"Home\",\"item\":\"https:\/\/dolphinfix.com.tr\/eticaret\/\"},{\"@type\":\"ListItem\",\"position\":2,\"name\":\"Market\",\"item\":\"https:\/\/dolphinfix.com.tr\/eticaret\/market\/\"},{\"@type\":\"ListItem\",\"position\":3,\"name\":\"1970 &#8211; BRONZ ISI VE SES YALITIM BAR\u0130YER\u0130\"}]},{\"@type\":\"WebSite\",\"@id\":\"https:\/\/dolphinfix.com.tr\/eticaret\/#website\",\"url\":\"https:\/\/dolphinfix.com.tr\/eticaret\/\",\"name\":\"Dolphinfix\",\"description\":\"\",\"potentialAction\":[{\"@type\":\"SearchAction\",\"target\":{\"@type\":\"EntryPoint\",\"urlTemplate\":\"https:\/\/dolphinfix.com.tr\/eticaret\/?s={search_term_string}\"},\"query-input\":\"required name=search_term_string\"}],\"inLanguage\":\"tr\"}]}<\/script>\n<!-- \/ Yoast SEO Premium plugin. -->","yoast_head_json":{"title":"Dolphinfix BRONZ Yal\u0131t\u0131m \u015eiltesi | \u015eap Alt\u0131 Is\u0131 ve Ses Yal\u0131t\u0131m\u0131","description":"Dolphinfix BRONZ yal\u0131t\u0131m \u015filtesi; \u015fap alt\u0131, parke alt\u0131 ve ortak duvar uygulamalar\u0131nda \u0131s\u0131 ve ses yal\u0131t\u0131m\u0131 sa\u011flayan, darbe sesini azaltan, nem ve k\u00fcf olu\u015fturmayan zemin izolasyon malzemesidir.","robots":{"index":"index","follow":"follow","max-snippet":"max-snippet:-1","max-image-preview":"max-image-preview:large","max-video-preview":"max-video-preview:-1"},"canonical":"https:\/\/dolphinfix.com.tr\/eticaret\/urun\/dolphinfix-bronz-isi-ve-ses-yalitim-siltesi\/","og_locale":"tr_TR","og_type":"article","og_title":"1970 - BRONZ ISI VE SES YALITIM BAR\u0130YER\u0130","og_description":"Dolphinfix BRONZ yal\u0131t\u0131m \u015filtesi; \u015fap alt\u0131, parke alt\u0131 ve ortak duvar uygulamalar\u0131nda \u0131s\u0131 ve ses yal\u0131t\u0131m\u0131 sa\u011flayan, darbe sesini azaltan, nem ve k\u00fcf olu\u015fturmayan zemin izolasyon malzemesidir.","og_url":"https:\/\/dolphinfix.com.tr\/eticaret\/urun\/dolphinfix-bronz-isi-ve-ses-yalitim-siltesi\/","og_site_name":"Dolphinfix","article_modified_time":"2026-03-13T04:34:14+00:00","og_image":[{"width":1000,"height":1000,"url":"https:\/\/dolphinfix.com.tr\/eticaret\/wp-content\/uploads\/2024\/10\/bronz-ve-silver.png","type":"image\/png"}],"twitter_card":"summary_large_image","twitter_misc":{"Tahmini okuma s\u00fcresi":"2 dakika"},"schema":{"@context":"https:\/\/schema.org","@graph":[{"@type":"WebPage","@id":"https:\/\/dolphinfix.com.tr\/eticaret\/urun\/dolphinfix-bronz-isi-ve-ses-yalitim-siltesi\/","url":"https:\/\/dolphinfix.com.tr\/eticaret\/urun\/dolphinfix-bronz-isi-ve-ses-yalitim-siltesi\/","name":"Dolphinfix BRONZ Yal\u0131t\u0131m \u015eiltesi | \u015eap Alt\u0131 Is\u0131 ve Ses Yal\u0131t\u0131m\u0131","isPartOf":{"@id":"https:\/\/dolphinfix.com.tr\/eticaret\/#website"},"datePublished":"2024-10-25T13:06:06+00:00","dateModified":"2026-03-13T04:34:14+00:00","description":"Dolphinfix BRONZ yal\u0131t\u0131m \u015filtesi; \u015fap alt\u0131, parke alt\u0131 ve ortak duvar uygulamalar\u0131nda \u0131s\u0131 ve ses yal\u0131t\u0131m\u0131 sa\u011flayan, darbe sesini azaltan, nem ve k\u00fcf olu\u015fturmayan zemin izolasyon malzemesidir.","breadcrumb":{"@id":"https:\/\/dolphinfix.com.tr\/eticaret\/urun\/dolphinfix-bronz-isi-ve-ses-yalitim-siltesi\/#breadcrumb"},"inLanguage":"tr","potentialAction":[{"@type":"ReadAction","target":["https:\/\/dolphinfix.com.tr\/eticaret\/urun\/dolphinfix-bronz-isi-ve-ses-yalitim-siltesi\/"]}]},{"@type":"BreadcrumbList","@id":"https:\/\/dolphinfix.com.tr\/eticaret\/urun\/dolphinfix-bronz-isi-ve-ses-yalitim-siltesi\/#breadcrumb","itemListElement":[{"@type":"ListItem","position":1,"name":"Home","item":"https:\/\/dolphinfix.com.tr\/eticaret\/"},{"@type":"ListItem","position":2,"name":"Market","item":"https:\/\/dolphinfix.com.tr\/eticaret\/market\/"},{"@type":"ListItem","position":3,"name":"1970 &#8211; BRONZ ISI VE SES YALITIM BAR\u0130YER\u0130"}]},{"@type":"WebSite","@id":"https:\/\/dolphinfix.com.tr\/eticaret\/#website","url":"https:\/\/dolphinfix.com.tr\/eticaret\/","name":"Dolphinfix","description":"","potentialAction":[{"@type":"SearchAction","target":{"@type":"EntryPoint","urlTemplate":"https:\/\/dolphinfix.com.tr\/eticaret\/?s={search_term_string}"},"query-input":"required name=search_term_string"}],"inLanguage":"tr"}]}},"_links":{"self":[{"href":"https:\/\/dolphinfix.com.tr\/eticaret\/wp-json\/wp\/v2\/product\/16242","targetHints":{"allow":["GET"]}}],"collection":[{"href":"https:\/\/dolphinfix.com.tr\/eticaret\/wp-json\/wp\/v2\/product"}],"about":[{"href":"https:\/\/dolphinfix.com.tr\/eticaret\/wp-json\/wp\/v2\/types\/product"}],"replies":[{"embeddable":true,"href":"https:\/\/dolphinfix.com.tr\/eticaret\/wp-json\/wp\/v2\/comments?post=16242"}],"version-history":[{"count":7,"href":"https:\/\/dolphinfix.com.tr\/eticaret\/wp-json\/wp\/v2\/product\/16242\/revisions"}],"predecessor-version":[{"id":19022,"href":"https:\/\/dolphinfix.com.tr\/eticaret\/wp-json\/wp\/v2\/product\/16242\/revisions\/19022"}],"wp:featuredmedia":[{"embeddable":true,"href":"https:\/\/dolphinfix.com.tr\/eticaret\/wp-json\/wp\/v2\/media\/16869"}],"wp:attachment":[{"href":"https:\/\/dolphinfix.com.tr\/eticaret\/wp-json\/wp\/v2\/media?parent=16242"}],"wp:term":[{"taxonomy":"product_cat","embeddable":true,"href":"https:\/\/dolphinfix.com.tr\/eticaret\/wp-json\/wp\/v2\/product_cat?post=16242"},{"taxonomy":"product_tag","embeddable":true,"href":"https:\/\/dolphinfix.com.tr\/eticaret\/wp-json\/wp\/v2\/product_tag?post=16242"}],"curies":[{"name":"wp","href":"https:\/\/api.w.org\/{rel}","templated":true}]}}