{"id":16248,"date":"2024-10-25T16:22:01","date_gmt":"2024-10-25T13:22:01","guid":{"rendered":"https:\/\/dolphinfix.com.tr\/eticaret?post_type=product&#038;p=16248"},"modified":"2026-03-13T07:34:14","modified_gmt":"2026-03-13T04:34:14","slug":"dolphinfix-silver-ses-ve-isi-yalitim-siltesi","status":"publish","type":"product","link":"https:\/\/dolphinfix.com.tr\/eticaret\/urun\/dolphinfix-silver-ses-ve-isi-yalitim-siltesi\/","title":{"rendered":"1960 &#8211; SILVER ISI VE SES YALITIM BAR\u0130YER\u0130"},"content":{"rendered":"<h3><span style=\"color: #c61016;\">\u00dcR\u00dcN B\u0130LG\u0130LER\u0130 ;<\/span><\/h3>\n<p data-pm-slice=\"0 0 []\"><span style=\"color: #000000;\"><strong>TANIM:<\/strong> Dolphinfix SILVER YALITIM \u015e\u0130LTES\u0130 alt kata giden titre\u015fimli sesleri ve g\u00fcr\u00fclt\u00fcy\u00fc engellemek i\u00e7in yap\u0131lmaktad\u0131r.<\/span><\/p>\n<p><span style=\"color: #000000;\"><strong>\u00dcR\u00dcN \u00d6ZELL\u0130KLER\u0130<\/strong><\/span><br \/>\n<span style=\"color: #000000;\">\u20229 mm &#8211; 10 mm kal\u0131nl\u0131\u011f\u0131nda olup serbest serilerek kullan\u0131l\u0131r.<\/span><br \/>\n<span style=\"color: #000000;\">\u2022D\u00f6\u015feme ve parke \u00fczerinde topuk sesinin alt kata ge\u00e7mesini engeller.<\/span><br \/>\n<span style=\"color: #000000;\">\u2022Oda \u0131s\u0131s\u0131n\u0131 muhafaza edip y\u00fcksek oranda tasarruf sa\u011flar.<\/span><br \/>\n<span style=\"color: #000000;\">\u2022Cami hal\u0131 alt\u0131 karbon \u0131s\u0131 sistemleri d\u00f6\u015fenmeden serilir.<\/span><br \/>\n<span style=\"color: #000000;\">\u2022Karbon \u0131s\u0131 sisteminin betona ge\u00e7mesini engelleyerek kullan\u0131m alan\u0131na daha \u00e7ok \u0131s\u0131 vermesini sa\u011flar.<\/span><br \/>\n<span style=\"color: #000000;\">\u2022Y\u00fcksek oranda enerji verimlili\u011fi ve tasarruf sa\u011flar.<\/span><br \/>\n<span style=\"color: #000000;\">\u2022Is\u0131 ge\u00e7i\u015flerinde nemlenme, k\u00fcflenme, koku yapmaz.<\/span><\/p>\n<p><span style=\"color: #000000;\"><strong>TEKN\u0130K \u00d6ZELL\u0130KLER<\/strong><\/span><br \/>\n<span style=\"color: #000000;\">Ebat: EN 1 mt<\/span><br \/>\n<span style=\"color: #000000;\">Boy: 25 mt = (25 m\u00b2)<\/span><br \/>\n<span style=\"color: #000000;\">Kal\u0131nl\u0131k: 9 mm- 10 mm +-<\/span><br \/>\n<span style=\"color: #000000;\">Is\u0131 iletkenlik: 0,040 (W\/MK\u2019)<\/span><br \/>\n<span style=\"color: #000000;\">Ses yutum: Wa 0,050 (H)<\/span><br \/>\n<span style=\"color: #000000;\">Yang\u0131n s\u0131n\u0131f\u0131: B s1 d0<\/span><\/p>\n<p><span style=\"color: #000000;\"><strong>UYARILAR<\/strong><\/span><br \/>\n<span style=\"color: #000000;\">Uygulamadan sonra en az 48 saat zeminde y\u00fcr\u00fcme yap\u0131lmamal\u0131d\u0131r. (+) 5\u00b0C\u2019nin alt\u0131nda ve (+) 35\u00b0C\u2019nin \u00fcst\u00fcnde ki ortamlarda mutlaka korumaya al\u0131nmal\u0131d\u0131r.<\/span><br \/>\n<span style=\"color: #000000;\">Naylon ile etraf\u0131 kapat\u0131lmal\u0131d\u0131r.Dona ve ani su kayb\u0131na kar\u015f\u0131 \u00f6nlem al\u0131nmal\u0131d\u0131r.<\/span><\/p>\n<p><span style=\"color: #000000;\"><strong>AMBALAJ<\/strong><\/span><br \/>\n<span style=\"color: #000000;\">1&#215;25 (m\u00b2 a\u011f\u0131rl\u0131k 640 grm\/m\u00b2)<\/span><\/p>\n<p><span style=\"color: #000000;\"><strong>DEPOLAMA \u015eARTLARI<\/strong><\/span><br \/>\n<span style=\"color: #000000;\">+5 \u00b0C ve 30\u00b0C aral\u0131\u011f\u0131nda muhafaza edilmelidir. Dondan, nemden ve direkt g\u00fcne\u015f \u0131\u015f\u0131ndan korunmal\u0131d\u0131r.<\/span><\/p>\n","protected":false},"excerpt":{"rendered":"<p><span style=\"color: #000000;\"><a style=\"color: #000000;\" href=\"https:\/\/dolphinfix.com.tr\/eticaret\/wp-content\/uploads\/2025\/04\/Silver-Yalitim-Bariyeri_compressed.pdf\" target=\"_blank\" rel=\"noopener\">TDS Belgesini \u0130ndirmek \u0130\u00e7in T\u0131klay\u0131n\u0131z<br \/>\n<\/a><\/span><span style=\"color: #000000;\"><a style=\"color: #000000;\" href=\"#\" target=\"_blank\" rel=\"noopener\">CE Belgesini \u0130ndirmek \u0130\u00e7in T\u0131klay\u0131n\u0131z<\/a><\/span><\/p>\n","protected":false},"featured_media":16870,"comment_status":"open","ping_status":"closed","template":"","meta":{"_joinchat":[]},"product_cat":[87,125],"product_tag":[858,853,857,852,318,859,849,310,322,856,325,860,855,851,854],"class_list":{"0":"post-16248","1":"product","2":"type-product","3":"status-publish","4":"has-post-thumbnail","6":"product_cat-isi-yalitimi","7":"product_cat-mantolama","8":"product_tag-binalarda-yalitim-cozumleri","9":"product_tag-cati-yalitimi","10":"product_tag-dayanikli-yalitim-bariyeri","11":"product_tag-duvar-yalitimi","12":"product_tag-enerji-tasarruflu-yalitim","13":"product_tag-isi-ve-ses-izolasyonu","14":"product_tag-isi-ve-ses-yalitim-bariyeri","15":"product_tag-isi-yalitim-malzemesi","16":"product_tag-kolay-uygulanabilir-yalitim","17":"product_tag-profesyonel-yalitim-malzemesi","18":"product_tag-ses-yalitim-malzemesi","19":"product_tag-silver-yalitim-bariyeri","20":"product_tag-uzun-omurlu-yalitim","21":"product_tag-yuksek-performansli-yalitim","22":"product_tag-zemin-yalitimi","24":"first","25":"instock","26":"taxable","27":"shipping-taxable","28":"purchasable","29":"product-type-variable"},"yoast_head":"<!-- This site is optimized with the Yoast SEO Premium plugin v20.2.1 (Yoast SEO v20.2.1) - https:\/\/yoast.com\/wordpress\/plugins\/seo\/ -->\n<title>Dolphinfix SILVER Yal\u0131t\u0131m \u015eiltesi | Zemin Ses ve Is\u0131 Yal\u0131t\u0131m\u0131<\/title>\n<meta name=\"description\" content=\"Dolphinfix SILVER yal\u0131t\u0131m \u015filtesi, parke ve d\u00f6\u015feme alt\u0131nda titre\u015fim ve darbe sesini azaltan, karbon \u0131s\u0131 sistemlerinde verim sa\u011flayan, enerji tasarrufu sunan \u0131s\u0131 ve ses yal\u0131t\u0131m malzemesidir.\" \/>\n<meta name=\"robots\" content=\"index, follow, max-snippet:-1, max-image-preview:large, max-video-preview:-1\" \/>\n<link rel=\"canonical\" href=\"https:\/\/dolphinfix.com.tr\/eticaret\/urun\/dolphinfix-silver-ses-ve-isi-yalitim-siltesi\/\" \/>\n<meta property=\"og:locale\" content=\"tr_TR\" \/>\n<meta property=\"og:type\" content=\"article\" \/>\n<meta property=\"og:title\" content=\"1960 - SILVER ISI VE SES YALITIM BAR\u0130YER\u0130\" \/>\n<meta property=\"og:description\" content=\"Dolphinfix SILVER yal\u0131t\u0131m \u015filtesi, parke ve d\u00f6\u015feme alt\u0131nda titre\u015fim ve darbe sesini azaltan, karbon \u0131s\u0131 sistemlerinde verim sa\u011flayan, enerji tasarrufu sunan \u0131s\u0131 ve ses yal\u0131t\u0131m malzemesidir.\" \/>\n<meta property=\"og:url\" content=\"https:\/\/dolphinfix.com.tr\/eticaret\/urun\/dolphinfix-silver-ses-ve-isi-yalitim-siltesi\/\" \/>\n<meta property=\"og:site_name\" content=\"Dolphinfix\" \/>\n<meta property=\"article:modified_time\" content=\"2026-03-13T04:34:14+00:00\" \/>\n<meta property=\"og:image\" content=\"https:\/\/dolphinfix.com.tr\/eticaret\/wp-content\/uploads\/2024\/10\/bronz-ve-silver-1.png\" \/>\n\t<meta property=\"og:image:width\" content=\"1000\" \/>\n\t<meta property=\"og:image:height\" content=\"1000\" \/>\n\t<meta property=\"og:image:type\" content=\"image\/png\" \/>\n<meta name=\"twitter:card\" content=\"summary_large_image\" \/>\n<meta name=\"twitter:label1\" content=\"Tahmini okuma s\u00fcresi\" \/>\n\t<meta name=\"twitter:data1\" content=\"1 dakika\" \/>\n<script type=\"application\/ld+json\" class=\"yoast-schema-graph\">{\"@context\":\"https:\/\/schema.org\",\"@graph\":[{\"@type\":\"WebPage\",\"@id\":\"https:\/\/dolphinfix.com.tr\/eticaret\/urun\/dolphinfix-silver-ses-ve-isi-yalitim-siltesi\/\",\"url\":\"https:\/\/dolphinfix.com.tr\/eticaret\/urun\/dolphinfix-silver-ses-ve-isi-yalitim-siltesi\/\",\"name\":\"Dolphinfix SILVER Yal\u0131t\u0131m \u015eiltesi | Zemin Ses ve Is\u0131 Yal\u0131t\u0131m\u0131\",\"isPartOf\":{\"@id\":\"https:\/\/dolphinfix.com.tr\/eticaret\/#website\"},\"datePublished\":\"2024-10-25T13:22:01+00:00\",\"dateModified\":\"2026-03-13T04:34:14+00:00\",\"description\":\"Dolphinfix SILVER yal\u0131t\u0131m \u015filtesi, parke ve d\u00f6\u015feme alt\u0131nda titre\u015fim ve darbe sesini azaltan, karbon \u0131s\u0131 sistemlerinde verim sa\u011flayan, enerji tasarrufu sunan \u0131s\u0131 ve ses yal\u0131t\u0131m malzemesidir.\",\"breadcrumb\":{\"@id\":\"https:\/\/dolphinfix.com.tr\/eticaret\/urun\/dolphinfix-silver-ses-ve-isi-yalitim-siltesi\/#breadcrumb\"},\"inLanguage\":\"tr\",\"potentialAction\":[{\"@type\":\"ReadAction\",\"target\":[\"https:\/\/dolphinfix.com.tr\/eticaret\/urun\/dolphinfix-silver-ses-ve-isi-yalitim-siltesi\/\"]}]},{\"@type\":\"BreadcrumbList\",\"@id\":\"https:\/\/dolphinfix.com.tr\/eticaret\/urun\/dolphinfix-silver-ses-ve-isi-yalitim-siltesi\/#breadcrumb\",\"itemListElement\":[{\"@type\":\"ListItem\",\"position\":1,\"name\":\"Home\",\"item\":\"https:\/\/dolphinfix.com.tr\/eticaret\/\"},{\"@type\":\"ListItem\",\"position\":2,\"name\":\"Market\",\"item\":\"https:\/\/dolphinfix.com.tr\/eticaret\/market\/\"},{\"@type\":\"ListItem\",\"position\":3,\"name\":\"1960 &#8211; SILVER ISI VE SES YALITIM BAR\u0130YER\u0130\"}]},{\"@type\":\"WebSite\",\"@id\":\"https:\/\/dolphinfix.com.tr\/eticaret\/#website\",\"url\":\"https:\/\/dolphinfix.com.tr\/eticaret\/\",\"name\":\"Dolphinfix\",\"description\":\"\",\"potentialAction\":[{\"@type\":\"SearchAction\",\"target\":{\"@type\":\"EntryPoint\",\"urlTemplate\":\"https:\/\/dolphinfix.com.tr\/eticaret\/?s={search_term_string}\"},\"query-input\":\"required name=search_term_string\"}],\"inLanguage\":\"tr\"}]}<\/script>\n<!-- \/ Yoast SEO Premium plugin. -->","yoast_head_json":{"title":"Dolphinfix SILVER Yal\u0131t\u0131m \u015eiltesi | Zemin Ses ve Is\u0131 Yal\u0131t\u0131m\u0131","description":"Dolphinfix SILVER yal\u0131t\u0131m \u015filtesi, parke ve d\u00f6\u015feme alt\u0131nda titre\u015fim ve darbe sesini azaltan, karbon \u0131s\u0131 sistemlerinde verim sa\u011flayan, enerji tasarrufu sunan \u0131s\u0131 ve ses yal\u0131t\u0131m malzemesidir.","robots":{"index":"index","follow":"follow","max-snippet":"max-snippet:-1","max-image-preview":"max-image-preview:large","max-video-preview":"max-video-preview:-1"},"canonical":"https:\/\/dolphinfix.com.tr\/eticaret\/urun\/dolphinfix-silver-ses-ve-isi-yalitim-siltesi\/","og_locale":"tr_TR","og_type":"article","og_title":"1960 - SILVER ISI VE SES YALITIM BAR\u0130YER\u0130","og_description":"Dolphinfix SILVER yal\u0131t\u0131m \u015filtesi, parke ve d\u00f6\u015feme alt\u0131nda titre\u015fim ve darbe sesini azaltan, karbon \u0131s\u0131 sistemlerinde verim sa\u011flayan, enerji tasarrufu sunan \u0131s\u0131 ve ses yal\u0131t\u0131m malzemesidir.","og_url":"https:\/\/dolphinfix.com.tr\/eticaret\/urun\/dolphinfix-silver-ses-ve-isi-yalitim-siltesi\/","og_site_name":"Dolphinfix","article_modified_time":"2026-03-13T04:34:14+00:00","og_image":[{"width":1000,"height":1000,"url":"https:\/\/dolphinfix.com.tr\/eticaret\/wp-content\/uploads\/2024\/10\/bronz-ve-silver-1.png","type":"image\/png"}],"twitter_card":"summary_large_image","twitter_misc":{"Tahmini okuma s\u00fcresi":"1 dakika"},"schema":{"@context":"https:\/\/schema.org","@graph":[{"@type":"WebPage","@id":"https:\/\/dolphinfix.com.tr\/eticaret\/urun\/dolphinfix-silver-ses-ve-isi-yalitim-siltesi\/","url":"https:\/\/dolphinfix.com.tr\/eticaret\/urun\/dolphinfix-silver-ses-ve-isi-yalitim-siltesi\/","name":"Dolphinfix SILVER Yal\u0131t\u0131m \u015eiltesi | Zemin Ses ve Is\u0131 Yal\u0131t\u0131m\u0131","isPartOf":{"@id":"https:\/\/dolphinfix.com.tr\/eticaret\/#website"},"datePublished":"2024-10-25T13:22:01+00:00","dateModified":"2026-03-13T04:34:14+00:00","description":"Dolphinfix SILVER yal\u0131t\u0131m \u015filtesi, parke ve d\u00f6\u015feme alt\u0131nda titre\u015fim ve darbe sesini azaltan, karbon \u0131s\u0131 sistemlerinde verim sa\u011flayan, enerji tasarrufu sunan \u0131s\u0131 ve ses yal\u0131t\u0131m malzemesidir.","breadcrumb":{"@id":"https:\/\/dolphinfix.com.tr\/eticaret\/urun\/dolphinfix-silver-ses-ve-isi-yalitim-siltesi\/#breadcrumb"},"inLanguage":"tr","potentialAction":[{"@type":"ReadAction","target":["https:\/\/dolphinfix.com.tr\/eticaret\/urun\/dolphinfix-silver-ses-ve-isi-yalitim-siltesi\/"]}]},{"@type":"BreadcrumbList","@id":"https:\/\/dolphinfix.com.tr\/eticaret\/urun\/dolphinfix-silver-ses-ve-isi-yalitim-siltesi\/#breadcrumb","itemListElement":[{"@type":"ListItem","position":1,"name":"Home","item":"https:\/\/dolphinfix.com.tr\/eticaret\/"},{"@type":"ListItem","position":2,"name":"Market","item":"https:\/\/dolphinfix.com.tr\/eticaret\/market\/"},{"@type":"ListItem","position":3,"name":"1960 &#8211; SILVER ISI VE SES YALITIM BAR\u0130YER\u0130"}]},{"@type":"WebSite","@id":"https:\/\/dolphinfix.com.tr\/eticaret\/#website","url":"https:\/\/dolphinfix.com.tr\/eticaret\/","name":"Dolphinfix","description":"","potentialAction":[{"@type":"SearchAction","target":{"@type":"EntryPoint","urlTemplate":"https:\/\/dolphinfix.com.tr\/eticaret\/?s={search_term_string}"},"query-input":"required name=search_term_string"}],"inLanguage":"tr"}]}},"_links":{"self":[{"href":"https:\/\/dolphinfix.com.tr\/eticaret\/wp-json\/wp\/v2\/product\/16248","targetHints":{"allow":["GET"]}}],"collection":[{"href":"https:\/\/dolphinfix.com.tr\/eticaret\/wp-json\/wp\/v2\/product"}],"about":[{"href":"https:\/\/dolphinfix.com.tr\/eticaret\/wp-json\/wp\/v2\/types\/product"}],"replies":[{"embeddable":true,"href":"https:\/\/dolphinfix.com.tr\/eticaret\/wp-json\/wp\/v2\/comments?post=16248"}],"version-history":[{"count":9,"href":"https:\/\/dolphinfix.com.tr\/eticaret\/wp-json\/wp\/v2\/product\/16248\/revisions"}],"predecessor-version":[{"id":19017,"href":"https:\/\/dolphinfix.com.tr\/eticaret\/wp-json\/wp\/v2\/product\/16248\/revisions\/19017"}],"wp:featuredmedia":[{"embeddable":true,"href":"https:\/\/dolphinfix.com.tr\/eticaret\/wp-json\/wp\/v2\/media\/16870"}],"wp:attachment":[{"href":"https:\/\/dolphinfix.com.tr\/eticaret\/wp-json\/wp\/v2\/media?parent=16248"}],"wp:term":[{"taxonomy":"product_cat","embeddable":true,"href":"https:\/\/dolphinfix.com.tr\/eticaret\/wp-json\/wp\/v2\/product_cat?post=16248"},{"taxonomy":"product_tag","embeddable":true,"href":"https:\/\/dolphinfix.com.tr\/eticaret\/wp-json\/wp\/v2\/product_tag?post=16248"}],"curies":[{"name":"wp","href":"https:\/\/api.w.org\/{rel}","templated":true}]}}