{"id":16324,"date":"2024-10-26T09:01:05","date_gmt":"2024-10-26T06:01:05","guid":{"rendered":"https:\/\/dolphinfix.com.tr\/eticaret?post_type=product&#038;p=16324"},"modified":"2026-03-13T07:49:56","modified_gmt":"2026-03-13T04:49:56","slug":"astar-bba-700-brut-beton-astari","status":"publish","type":"product","link":"https:\/\/dolphinfix.com.tr\/eticaret\/urun\/astar-bba-700-brut-beton-astari\/","title":{"rendered":"BBA 700 &#8211; BR\u00dcT BETON ASTARI"},"content":{"rendered":"<h3><span style=\"color: #c61016;\">\u00dcR\u00dcN B\u0130LG\u0130LER\u0130 ;<\/span><\/h3>\n<p><span style=\"color: #000000;\"><strong>TANIMI :<\/strong> ASTAR &#8211; BBA 700, Akrilik esasl\u0131 br\u00fct beton, al\u00e7\u0131 ve s\u0131va yap\u0131lacak y\u00fczeylere uygulanarak malzemenin alt tabakaya islenebilirligini art\u0131ran astar malzemesidir.<\/span><\/p>\n<p><strong><span style=\"color: #000000;\">KULLANIM ALANLARI;<\/span><\/strong><br \/>\n<span style=\"color: #000000;\">\u2022I\u00e7 ve d\u0131s mekanlarda,<\/span><br \/>\n<span style=\"color: #000000;\">\u2022D\u00fcsey ve tavanlarda,<\/span><br \/>\n<span style=\"color: #000000;\">\u2022Br\u00fct betonlarda y\u00fczey aderans\u0131n\u0131 art\u0131rmak i\u00e7in her t\u00fcrl\u00fc uygulamas\u0131ndan \u00f6nce,<\/span><br \/>\n<span style=\"color: #000000;\">\u2022Tavanlara s\u0131va uygulamas\u0131ndan \u00f6nce astar olarak kullan\u0131l\u0131r.<\/span><\/p>\n<p><strong><span style=\"color: #000000;\">\u00dcR\u00dcN \u00d6ZELL\u0130KLER\u0130;<\/span><\/strong><br \/>\n<span style=\"color: #000000;\">\u2022Beton ile s\u0131va aras\u0131nda g\u00fc\u00e7l\u00fc ve kal\u0131v\u0131 bir bag olusturur,<\/span><br \/>\n<span style=\"color: #000000;\">\u2022H\u0131zl\u0131 su kayb\u0131n\u0131 \u00f6nleyerek bu nedenle olusacak \u00e7atlaklar\u0131 \u00f6nler.<\/span><br \/>\n<span style=\"color: #000000;\">\u2022Uyguland\u0131g\u0131 alanda su ge\u00e7irimsiz bir tabaka olusturur.<\/span><\/p>\n<p><span style=\"color: #000000;\"><strong>UYGULAMA Y\u00d6NTEM\u0130 :<\/strong> Uygulama yap\u0131lacak y\u00fczede oynak ve zay\u0131f par\u00e7alar olmamas\u0131na y\u00fczeyin saglam ve temiz, her t\u00fcrl\u00fc yag,<\/span><br \/>\n<span style=\"color: #000000;\">pas, silikon, parafin, \u00e7imento serbeti vb. kirlerden ar\u0131nm\u0131s olmas\u0131na dikkat edilmelidir. Yap\u0131smay\u0131 engelleyecek her t\u00fcrl\u00fc maddeden ar\u0131nd\u0131r\u0131ld\u0131ktan sonra uygulamaya ge\u00e7ilmelidir.<\/span><\/p>\n<p><span style=\"color: #000000;\"><strong>DIKKAT EDILMESI GEREKEN HUSUSLAR :<\/strong> \u00c7ilt temas\u0131 durumunda tahris edebilir. Is elbisesi, eldiven ve maske kullan\u0131n. G\u00f6z temas\u0131 halinde \u0131l\u0131k su ile y\u0131kay\u0131n ve doktorunuza basvurun. Farkl\u0131 bir uygulama i\u00e7in deneme uygulamas\u0131 yaman\u0131z\u0131 tavsiye ederiz. Yabanc\u0131 madde ilave etmeyin. (+35\u00b0C) \u00fczerindeki hava s\u0131cakl\u0131klar\u0131nda uygulama yapmay\u0131n. Uygulamadan sonra direkt g\u00fcnes \u0131s\u0131g\u0131n, siddetli<\/span><br \/>\n<span style=\"color: #000000;\">r\u00fczg\u00e2rdan ve y\u00fcksek s\u0131cakl\u0131klardan koruyun. Ekipmanlar\u0131n\u0131z\u0131 uygulamadan hemen sonra temizleyin.<\/span><\/p>\n<p><span style=\"color: #000000;\"><strong>AMBALAJ :<\/strong> 12 Kg Plastik Kova<\/span><\/p>\n<p><span style=\"color: #000000;\"><strong>SARF\u0130YAT :<\/strong> 150-250 gr\/m\u00b2<\/span><\/p>\n<p><span style=\"color: #000000;\"><strong>RAF \u00d6MR\u00dc :<\/strong> Orijinal, hasar g\u00f6rmemis ve a\u00e7\u0131lmam\u0131s ambalaj\u0131nda \u00fcretim tarihi itibariyle 12 ay kullan\u0131labilir.<\/span><\/p>\n<p><span style=\"color: #000000;\"><strong>DEPOLAMA \u015eARTLARI :<\/strong> Direkt g\u00fcne\u015f \u0131\u015f\u0131\u011f\u0131ndan korunmal\u0131d\u0131r.<\/span><\/p>\n<p><span style=\"color: #000000;\"><em>\u00dcr\u00fcn Teknik \u00f6zellikleri ve di\u011fer bilgiler i\u00e7in tds belgesini indirmenizi rica ederiz.<\/em><\/span><\/p>\n","protected":false},"excerpt":{"rendered":"<p><span style=\"color: #000000;\"><a style=\"color: #000000;\" href=\"https:\/\/dolphinfix.com.tr\/eticaret\/wp-content\/uploads\/2025\/04\/BRUT-BETON-ASTARI-BBA-700-TDS.pdf\" target=\"_blank\" rel=\"noopener\">TDS Belgesini \u0130ndirmek \u0130\u00e7in T\u0131klay\u0131n\u0131z<\/a><\/span><br \/>\n<span style=\"color: #000000;\"><a style=\"color: #000000;\" href=\"https:\/\/dolphinfix.com.tr\/eticaret\/wp-content\/uploads\/2025\/03\/AKER-KIMYA-EN-1504-2-FUK-UYGUNLUK-BELGESI-REV06-TR.pdf\" target=\"_blank\" rel=\"noopener\">CE Belgesini \u0130ndirmek \u0130\u00e7in T\u0131klay\u0131n\u0131z<\/a><\/span><\/p>\n","protected":false},"featured_media":16876,"comment_status":"open","ping_status":"closed","template":"","meta":{"_joinchat":[]},"product_cat":[143,90],"product_tag":[772,864,862,774,865,776,675,778,775,777,662,780,863,771,779],"class_list":{"0":"post-16324","1":"product","2":"type-product","3":"status-publish","4":"has-post-thumbnail","6":"product_cat-yuzey-koruyucu-ve-parlatici","7":"product_cat-zemin-cozumleri","8":"product_tag-beton-astari","9":"product_tag-beton-yuzey-astari","10":"product_tag-brut-beton-astari","11":"product_tag-dayanikli-astar","12":"product_tag-dekoratif-astar","13":"product_tag-hizli-kuruyan-astar","14":"product_tag-insaat-malzemesi","15":"product_tag-kolay-uygulanabilir-astar","16":"product_tag-profesyonel-uygulama-astari","17":"product_tag-uzun-omurlu-astar","18":"product_tag-yapi-malzemeleri","19":"product_tag-yuksek-performansli-astar","20":"product_tag-yuzey-hazirlik-astari","21":"product_tag-zemin-astari","22":"product_tag-zemin-hazirlik-malzemesi","24":"first","25":"instock","26":"taxable","27":"shipping-taxable","28":"purchasable","29":"product-type-variable"},"yoast_head":"<!-- This site is optimized with the Yoast SEO Premium plugin v20.2.1 (Yoast SEO v20.2.1) - https:\/\/yoast.com\/wordpress\/plugins\/seo\/ -->\n<title>ASTAR BBA 700 Br\u00fct Beton Astar\u0131 | Akrilik Aderans Art\u0131r\u0131c\u0131 Y\u00fczey Astar\u0131<\/title>\n<meta name=\"description\" content=\"ASTAR BBA 700 akrilik esasl\u0131 br\u00fct beton astar\u0131, s\u0131va ve al\u00e7\u0131 uygulamalar\u0131 \u00f6ncesi y\u00fczey aderans\u0131n\u0131 art\u0131r\u0131r, \u00e7atlak olu\u015fumunu \u00f6nler ve su ge\u00e7irimsiz tabaka olu\u015fturur. \u0130\u00e7 ve d\u0131\u015f mek\u00e2n kullan\u0131m\u0131na uygundur.\" \/>\n<meta name=\"robots\" content=\"index, follow, max-snippet:-1, max-image-preview:large, max-video-preview:-1\" \/>\n<link rel=\"canonical\" href=\"https:\/\/dolphinfix.com.tr\/eticaret\/urun\/astar-bba-700-brut-beton-astari\/\" \/>\n<meta property=\"og:locale\" content=\"tr_TR\" \/>\n<meta property=\"og:type\" content=\"article\" \/>\n<meta property=\"og:title\" content=\"BBA 700 - BR\u00dcT BETON ASTARI\" \/>\n<meta property=\"og:description\" content=\"ASTAR BBA 700 akrilik esasl\u0131 br\u00fct beton astar\u0131, s\u0131va ve al\u00e7\u0131 uygulamalar\u0131 \u00f6ncesi y\u00fczey aderans\u0131n\u0131 art\u0131r\u0131r, \u00e7atlak olu\u015fumunu \u00f6nler ve su ge\u00e7irimsiz tabaka olu\u015fturur. \u0130\u00e7 ve d\u0131\u015f mek\u00e2n kullan\u0131m\u0131na uygundur.\" \/>\n<meta property=\"og:url\" content=\"https:\/\/dolphinfix.com.tr\/eticaret\/urun\/astar-bba-700-brut-beton-astari\/\" \/>\n<meta property=\"og:site_name\" content=\"Dolphinfix\" \/>\n<meta property=\"article:modified_time\" content=\"2026-03-13T04:49:56+00:00\" \/>\n<meta property=\"og:image\" content=\"https:\/\/dolphinfix.com.tr\/eticaret\/wp-content\/uploads\/2024\/10\/700-BBA-1-kopyasi.png\" \/>\n\t<meta property=\"og:image:width\" content=\"1000\" \/>\n\t<meta property=\"og:image:height\" content=\"1000\" \/>\n\t<meta property=\"og:image:type\" content=\"image\/png\" \/>\n<meta name=\"twitter:card\" content=\"summary_large_image\" \/>\n<meta name=\"twitter:label1\" content=\"Tahmini okuma s\u00fcresi\" \/>\n\t<meta name=\"twitter:data1\" content=\"2 dakika\" \/>\n<script type=\"application\/ld+json\" class=\"yoast-schema-graph\">{\"@context\":\"https:\/\/schema.org\",\"@graph\":[{\"@type\":\"WebPage\",\"@id\":\"https:\/\/dolphinfix.com.tr\/eticaret\/urun\/astar-bba-700-brut-beton-astari\/\",\"url\":\"https:\/\/dolphinfix.com.tr\/eticaret\/urun\/astar-bba-700-brut-beton-astari\/\",\"name\":\"ASTAR BBA 700 Br\u00fct Beton Astar\u0131 | Akrilik Aderans Art\u0131r\u0131c\u0131 Y\u00fczey Astar\u0131\",\"isPartOf\":{\"@id\":\"https:\/\/dolphinfix.com.tr\/eticaret\/#website\"},\"datePublished\":\"2024-10-26T06:01:05+00:00\",\"dateModified\":\"2026-03-13T04:49:56+00:00\",\"description\":\"ASTAR BBA 700 akrilik esasl\u0131 br\u00fct beton astar\u0131, s\u0131va ve al\u00e7\u0131 uygulamalar\u0131 \u00f6ncesi y\u00fczey aderans\u0131n\u0131 art\u0131r\u0131r, \u00e7atlak olu\u015fumunu \u00f6nler ve su ge\u00e7irimsiz tabaka olu\u015fturur. \u0130\u00e7 ve d\u0131\u015f mek\u00e2n kullan\u0131m\u0131na uygundur.\",\"breadcrumb\":{\"@id\":\"https:\/\/dolphinfix.com.tr\/eticaret\/urun\/astar-bba-700-brut-beton-astari\/#breadcrumb\"},\"inLanguage\":\"tr\",\"potentialAction\":[{\"@type\":\"ReadAction\",\"target\":[\"https:\/\/dolphinfix.com.tr\/eticaret\/urun\/astar-bba-700-brut-beton-astari\/\"]}]},{\"@type\":\"BreadcrumbList\",\"@id\":\"https:\/\/dolphinfix.com.tr\/eticaret\/urun\/astar-bba-700-brut-beton-astari\/#breadcrumb\",\"itemListElement\":[{\"@type\":\"ListItem\",\"position\":1,\"name\":\"Home\",\"item\":\"https:\/\/dolphinfix.com.tr\/eticaret\/\"},{\"@type\":\"ListItem\",\"position\":2,\"name\":\"Market\",\"item\":\"https:\/\/dolphinfix.com.tr\/eticaret\/market\/\"},{\"@type\":\"ListItem\",\"position\":3,\"name\":\"BBA 700 &#8211; BR\u00dcT BETON ASTARI\"}]},{\"@type\":\"WebSite\",\"@id\":\"https:\/\/dolphinfix.com.tr\/eticaret\/#website\",\"url\":\"https:\/\/dolphinfix.com.tr\/eticaret\/\",\"name\":\"Dolphinfix\",\"description\":\"\",\"potentialAction\":[{\"@type\":\"SearchAction\",\"target\":{\"@type\":\"EntryPoint\",\"urlTemplate\":\"https:\/\/dolphinfix.com.tr\/eticaret\/?s={search_term_string}\"},\"query-input\":\"required name=search_term_string\"}],\"inLanguage\":\"tr\"}]}<\/script>\n<!-- \/ Yoast SEO Premium plugin. -->","yoast_head_json":{"title":"ASTAR BBA 700 Br\u00fct Beton Astar\u0131 | Akrilik Aderans Art\u0131r\u0131c\u0131 Y\u00fczey Astar\u0131","description":"ASTAR BBA 700 akrilik esasl\u0131 br\u00fct beton astar\u0131, s\u0131va ve al\u00e7\u0131 uygulamalar\u0131 \u00f6ncesi y\u00fczey aderans\u0131n\u0131 art\u0131r\u0131r, \u00e7atlak olu\u015fumunu \u00f6nler ve su ge\u00e7irimsiz tabaka olu\u015fturur. \u0130\u00e7 ve d\u0131\u015f mek\u00e2n kullan\u0131m\u0131na uygundur.","robots":{"index":"index","follow":"follow","max-snippet":"max-snippet:-1","max-image-preview":"max-image-preview:large","max-video-preview":"max-video-preview:-1"},"canonical":"https:\/\/dolphinfix.com.tr\/eticaret\/urun\/astar-bba-700-brut-beton-astari\/","og_locale":"tr_TR","og_type":"article","og_title":"BBA 700 - BR\u00dcT BETON ASTARI","og_description":"ASTAR BBA 700 akrilik esasl\u0131 br\u00fct beton astar\u0131, s\u0131va ve al\u00e7\u0131 uygulamalar\u0131 \u00f6ncesi y\u00fczey aderans\u0131n\u0131 art\u0131r\u0131r, \u00e7atlak olu\u015fumunu \u00f6nler ve su ge\u00e7irimsiz tabaka olu\u015fturur. \u0130\u00e7 ve d\u0131\u015f mek\u00e2n kullan\u0131m\u0131na uygundur.","og_url":"https:\/\/dolphinfix.com.tr\/eticaret\/urun\/astar-bba-700-brut-beton-astari\/","og_site_name":"Dolphinfix","article_modified_time":"2026-03-13T04:49:56+00:00","og_image":[{"width":1000,"height":1000,"url":"https:\/\/dolphinfix.com.tr\/eticaret\/wp-content\/uploads\/2024\/10\/700-BBA-1-kopyasi.png","type":"image\/png"}],"twitter_card":"summary_large_image","twitter_misc":{"Tahmini okuma s\u00fcresi":"2 dakika"},"schema":{"@context":"https:\/\/schema.org","@graph":[{"@type":"WebPage","@id":"https:\/\/dolphinfix.com.tr\/eticaret\/urun\/astar-bba-700-brut-beton-astari\/","url":"https:\/\/dolphinfix.com.tr\/eticaret\/urun\/astar-bba-700-brut-beton-astari\/","name":"ASTAR BBA 700 Br\u00fct Beton Astar\u0131 | Akrilik Aderans Art\u0131r\u0131c\u0131 Y\u00fczey Astar\u0131","isPartOf":{"@id":"https:\/\/dolphinfix.com.tr\/eticaret\/#website"},"datePublished":"2024-10-26T06:01:05+00:00","dateModified":"2026-03-13T04:49:56+00:00","description":"ASTAR BBA 700 akrilik esasl\u0131 br\u00fct beton astar\u0131, s\u0131va ve al\u00e7\u0131 uygulamalar\u0131 \u00f6ncesi y\u00fczey aderans\u0131n\u0131 art\u0131r\u0131r, \u00e7atlak olu\u015fumunu \u00f6nler ve su ge\u00e7irimsiz tabaka olu\u015fturur. \u0130\u00e7 ve d\u0131\u015f mek\u00e2n kullan\u0131m\u0131na uygundur.","breadcrumb":{"@id":"https:\/\/dolphinfix.com.tr\/eticaret\/urun\/astar-bba-700-brut-beton-astari\/#breadcrumb"},"inLanguage":"tr","potentialAction":[{"@type":"ReadAction","target":["https:\/\/dolphinfix.com.tr\/eticaret\/urun\/astar-bba-700-brut-beton-astari\/"]}]},{"@type":"BreadcrumbList","@id":"https:\/\/dolphinfix.com.tr\/eticaret\/urun\/astar-bba-700-brut-beton-astari\/#breadcrumb","itemListElement":[{"@type":"ListItem","position":1,"name":"Home","item":"https:\/\/dolphinfix.com.tr\/eticaret\/"},{"@type":"ListItem","position":2,"name":"Market","item":"https:\/\/dolphinfix.com.tr\/eticaret\/market\/"},{"@type":"ListItem","position":3,"name":"BBA 700 &#8211; BR\u00dcT BETON ASTARI"}]},{"@type":"WebSite","@id":"https:\/\/dolphinfix.com.tr\/eticaret\/#website","url":"https:\/\/dolphinfix.com.tr\/eticaret\/","name":"Dolphinfix","description":"","potentialAction":[{"@type":"SearchAction","target":{"@type":"EntryPoint","urlTemplate":"https:\/\/dolphinfix.com.tr\/eticaret\/?s={search_term_string}"},"query-input":"required name=search_term_string"}],"inLanguage":"tr"}]}},"_links":{"self":[{"href":"https:\/\/dolphinfix.com.tr\/eticaret\/wp-json\/wp\/v2\/product\/16324","targetHints":{"allow":["GET"]}}],"collection":[{"href":"https:\/\/dolphinfix.com.tr\/eticaret\/wp-json\/wp\/v2\/product"}],"about":[{"href":"https:\/\/dolphinfix.com.tr\/eticaret\/wp-json\/wp\/v2\/types\/product"}],"replies":[{"embeddable":true,"href":"https:\/\/dolphinfix.com.tr\/eticaret\/wp-json\/wp\/v2\/comments?post=16324"}],"version-history":[{"count":6,"href":"https:\/\/dolphinfix.com.tr\/eticaret\/wp-json\/wp\/v2\/product\/16324\/revisions"}],"predecessor-version":[{"id":18240,"href":"https:\/\/dolphinfix.com.tr\/eticaret\/wp-json\/wp\/v2\/product\/16324\/revisions\/18240"}],"wp:featuredmedia":[{"embeddable":true,"href":"https:\/\/dolphinfix.com.tr\/eticaret\/wp-json\/wp\/v2\/media\/16876"}],"wp:attachment":[{"href":"https:\/\/dolphinfix.com.tr\/eticaret\/wp-json\/wp\/v2\/media?parent=16324"}],"wp:term":[{"taxonomy":"product_cat","embeddable":true,"href":"https:\/\/dolphinfix.com.tr\/eticaret\/wp-json\/wp\/v2\/product_cat?post=16324"},{"taxonomy":"product_tag","embeddable":true,"href":"https:\/\/dolphinfix.com.tr\/eticaret\/wp-json\/wp\/v2\/product_tag?post=16324"}],"curies":[{"name":"wp","href":"https:\/\/api.w.org\/{rel}","templated":true}]}}