{"id":16330,"date":"2024-10-26T09:19:19","date_gmt":"2024-10-26T06:19:19","guid":{"rendered":"https:\/\/dolphinfix.com.tr\/eticaret?post_type=product&#038;p=16330"},"modified":"2026-03-13T08:00:51","modified_gmt":"2026-03-13T05:00:51","slug":"ser-730-seramik-ustu-seramik-gecis-astari","status":"publish","type":"product","link":"https:\/\/dolphinfix.com.tr\/eticaret\/urun\/ser-730-seramik-ustu-seramik-gecis-astari\/","title":{"rendered":"SER 730 &#8211; SERAM\u0130K \u00dcST\u00dc , SERAM\u0130K YAPI\u015eTIRMA \u00d6NCES\u0130 ASTAR"},"content":{"rendered":"<h3><span style=\"color: #c61016;\">\u00dcR\u00dcN B\u0130LG\u0130LER\u0130 ;<\/span><\/h3>\n<p><span style=\"color: #000000;\"><strong>TANIMI :<\/strong> SER 730, Tek bilesenli, akrilik esasl\u0131, su bazl\u0131,seramik \u00fcst\u00fc seramik uygulamalar\u0131ndan \u00f6nce y\u00fczeyin aderans\u0131n\u0131 art\u0131rmak ve kayganl\u0131g\u0131n\u0131 azaltmak i\u00e7in tasarlanm\u0131s astar ajan\u0131d\u0131r.<\/span><\/p>\n<p><span style=\"color: #000000;\"><strong>KULLANIM ALANLARI;<\/strong><\/span><br \/>\n<span style=\"color: #000000;\">\u2022Seramik \u00fcst\u00fc seramik uygulamalar\u0131nda ge\u00e7i\u015f astar\u0131 olarak,<\/span><br \/>\n<span style=\"color: #000000;\">\u2022Br\u00fct beton, kum tas\u0131, mermer, klinker, plywood gibi d\u00fcz ve parlak y\u00fczeylerde<\/span><\/p>\n<p><span style=\"color: #000000;\"><strong>\u00dcR\u00dcN \u00d6ZELL\u0130KLER\u0130 ;<\/strong><\/span><br \/>\n<span style=\"color: #000000;\">\u2022Uygulamas\u0131 kolayd\u0131r ve kullan\u0131ma haz\u0131rd\u0131r,<\/span><br \/>\n<span style=\"color: #000000;\">\u2022Suya, dona ve ag\u0131r hava sartlar\u0131na dayan\u0131kl\u0131d\u0131r,<\/span><br \/>\n<span style=\"color: #000000;\">\u2022Yap\u0131sma performans\u0131 ve mukavemeti \u00e7ok y\u00fcksektir,<\/span><br \/>\n<span style=\"color: #000000;\">\u2022Solvent i\u00e7ermez , \u00e7evre dostudur,<\/span><br \/>\n<span style=\"color: #000000;\">\u2022 Nemli b\u00f6lgelere uygulanabilir.<\/span><\/p>\n<p><span style=\"color: #000000;\"><strong>UYGULAMA Y\u00d6NTEM\u0130;<\/strong><\/span><br \/>\n<span style=\"color: #000000;\">Y\u00fczey Haz\u0131rl\u0131\u011f\u0131 : Y\u00fczeyin saglam olmas\u0131na, oynak ve zay\u0131f par\u00e7alar\u0131n bulunmamas\u0131na dikkat edilmelidir. Gerekli \u00f6nlemler al\u0131nmal\u0131d\u0131r. Uygulanacak y\u00fczeyde su birikintisi, yag,parafin, gres yag\u0131 \u00e7imento serbeti gibi yap\u0131smay\u0131 engelleyecek maddeler bulunmamal\u0131d\u0131r. Varsa<\/span><br \/>\n<span style=\"color: #000000;\">temizlenmelidir. Tozlu ortamlarda uygulamadan \u00f6nce y\u00fczey bas\u0131n\u00e7l\u0131 su ile y\u0131kanmal\u0131, yabanc\u0131 maddeler y\u00fczeyden uzaklast\u0131r\u0131lmal\u0131d\u0131r. Y\u00fczeyin kuru olmas\u0131na dikkat edilmelidir. Uygun bir aparat ile (rulo,f\u0131rca vs.) uygulama yap\u0131lmal\u0131d\u0131r.<\/span><\/p>\n<p><span style=\"color: #000000;\"><strong>DIKKAT EDILMESI GEREKEN HUSUSLAR;<\/strong><\/span><br \/>\n<span style=\"color: #000000;\">\u2022Kullanmaya baslamadan \u00f6nce \u00e7alkalay\u0131n\u0131z.<\/span><br \/>\n<span style=\"color: #000000;\">\u2022Uygulamadan sonra direkt g\u00fcnes \u0131s\u0131g\u0131, siddetli r\u00fczg\u00e2r, y\u00fcksek hava s\u0131cakl\u0131g\u0131 (+35 \u00b0C \u00fcst\u00fc) yagmur ve don gibi olumsuz hava kosullar\u0131na kars\u0131 koruyunuz.<\/span><br \/>\n<span style=\"color: #000000;\">\u2022Yabanc\u0131 madde ilave etmeyiniz.<\/span><br \/>\n<span style=\"color: #000000;\">\u2022Farkl\u0131 uygulamalar i\u00e7in \u00f6n deneme yap\u0131n.<\/span><\/p>\n<p><span style=\"color: #000000;\"><strong>ALETLERIN TEM\u0130ZL\u0130\u011e\u0130 :<\/strong> Uygulamadan sonra kullan\u0131lan alet ve ekipmanlar su ile temizlenmelidir. Sertlestikten sonra ancak mekanik<\/span><br \/>\n<span style=\"color: #000000;\">olarak y\u00fczeyden temizlenebilir.<\/span><\/p>\n<p><span style=\"color: #000000;\"><strong>AMBALAJ :<\/strong> 5 KG KOVA &#8211; 10 KG KOVA<\/span><\/p>\n<p><span style=\"color: #000000;\"><strong>SARFIYAT :<\/strong> T\u00fcketim, uygulanacak zeminin emiciligine g\u00f6re degiskenlik g\u00f6sterir. Yaklas\u0131k 200-300 gr\/m\u00b2<\/span><\/p>\n<p><span style=\"color: #000000;\"><strong>RAF \u00d6MR\u00dc :<\/strong> Uygun depolama kosullar\u0131nda \u00fcretim tarihinden itibaren 12 ayd\u0131r. A\u00e7\u0131lm\u0131s ambalajlar uygun depolama kosullar\u0131nda<\/span><br \/>\n<span style=\"color: #000000;\">saklanarak bir hafta i\u00e7inde kullan\u0131lmal\u0131d\u0131r.<\/span><\/p>\n<p><span style=\"color: #000000;\"><strong>DEPOLAMA SARTLARI :<\/strong> A\u00e7\u0131lmam\u0131s orijinal ambalaj\u0131nda, serin ve kuru ortamda, dondan korunarak depolanmal\u0131d\u0131r.K\u0131sa s\u00fcreli depolamalarda, en fazla 3 adet \u00fcst \u00fcste konulmal\u0131 ve ilk giren ilk \u00e7\u0131kar sistemiyle sevkiyat yap\u0131lmal\u0131d\u0131r. Uzun s\u00fcreli depolamalarda<\/span><br \/>\n<span style=\"color: #000000;\">ise, 2 adet \u00fcst \u00fcste konulmamal\u0131d\u0131r.<\/span><\/p>\n<p><span style=\"color: #000000;\"><em>\u00dcr\u00fcn Teknik \u00f6zellikleri ve di\u011fer bilgiler i\u00e7in tds belgesini indirmenizi rica ederiz.<\/em><\/span><\/p>\n","protected":false},"excerpt":{"rendered":"<p><span style=\"color: #000000;\"><a style=\"color: #000000;\" href=\"https:\/\/dolphinfix.com.tr\/eticaret\/wp-content\/uploads\/2025\/04\/SERAMIK-USTU-SERAMIK-YAPISTIRMA-ONCESI-ASTAR-SER-730-TDS.pdf\" target=\"_blank\" rel=\"noopener\">TDS Belgesini \u0130ndirmek \u0130\u00e7in T\u0131klay\u0131n\u0131z<\/a><\/span><br \/>\n<span style=\"color: #000000;\"><a style=\"color: #000000;\" href=\"https:\/\/dolphinfix.com.tr\/eticaret\/wp-content\/uploads\/2025\/03\/AKER-KIMYA-EN-1504-2-FUK-UYGUNLUK-BELGESI-REV06-TR.pdf\" target=\"_blank\" rel=\"noopener\">CE Belgesini \u0130ndirmek \u0130\u00e7in T\u0131klay\u0131n\u0131z<\/a><\/span><\/p>\n","protected":false},"featured_media":17478,"comment_status":"open","ping_status":"closed","template":"","meta":{"_joinchat":[]},"product_cat":[143,90],"product_tag":[774,865,776,675,778,775,866,868,867,869,777,662,780,771,779],"class_list":{"0":"post-16330","1":"product","2":"type-product","3":"status-publish","4":"has-post-thumbnail","6":"product_cat-yuzey-koruyucu-ve-parlatici","7":"product_cat-zemin-cozumleri","8":"product_tag-dayanikli-astar","9":"product_tag-dekoratif-astar","10":"product_tag-hizli-kuruyan-astar","11":"product_tag-insaat-malzemesi","12":"product_tag-kolay-uygulanabilir-astar","13":"product_tag-profesyonel-uygulama-astari","14":"product_tag-seramik-astari","15":"product_tag-seramik-on-astar","16":"product_tag-seramik-yapistirma-astari","17":"product_tag-seramik-yuzey-hazirlik","18":"product_tag-uzun-omurlu-astar","19":"product_tag-yapi-malzemeleri","20":"product_tag-yuksek-performansli-astar","21":"product_tag-zemin-astari","22":"product_tag-zemin-hazirlik-malzemesi","24":"first","25":"instock","26":"taxable","27":"shipping-taxable","28":"purchasable","29":"product-type-variable"},"yoast_head":"<!-- This site is optimized with the Yoast SEO Premium plugin v20.2.1 (Yoast SEO v20.2.1) - https:\/\/yoast.com\/wordpress\/plugins\/seo\/ -->\n<title>SER 730 Seramik \u00dcst\u00fc Seramik Astar\u0131 | Akrilik Ge\u00e7i\u015f ve Aderans Art\u0131r\u0131c\u0131<\/title>\n<meta name=\"description\" content=\"SER 730 akrilik esasl\u0131 seramik \u00fcst\u00fc seramik astar\u0131, kaygan y\u00fczeylerde aderans\u0131 art\u0131r\u0131r, g\u00fc\u00e7l\u00fc yap\u0131\u015fma sa\u011flar ve i\u00e7-d\u0131\u015f mek\u00e2nlarda g\u00fcvenle uygulan\u0131r. Su bazl\u0131 ve \u00e7evre dostudur.\" \/>\n<meta name=\"robots\" content=\"index, follow, max-snippet:-1, max-image-preview:large, max-video-preview:-1\" \/>\n<link rel=\"canonical\" href=\"https:\/\/dolphinfix.com.tr\/eticaret\/urun\/ser-730-seramik-ustu-seramik-gecis-astari\/\" \/>\n<meta property=\"og:locale\" content=\"tr_TR\" \/>\n<meta property=\"og:type\" content=\"article\" \/>\n<meta property=\"og:title\" content=\"SER 730 - SERAM\u0130K \u00dcST\u00dc , SERAM\u0130K YAPI\u015eTIRMA \u00d6NCES\u0130 ASTAR\" \/>\n<meta property=\"og:description\" content=\"SER 730 akrilik esasl\u0131 seramik \u00fcst\u00fc seramik astar\u0131, kaygan y\u00fczeylerde aderans\u0131 art\u0131r\u0131r, g\u00fc\u00e7l\u00fc yap\u0131\u015fma sa\u011flar ve i\u00e7-d\u0131\u015f mek\u00e2nlarda g\u00fcvenle uygulan\u0131r. Su bazl\u0131 ve \u00e7evre dostudur.\" \/>\n<meta property=\"og:url\" content=\"https:\/\/dolphinfix.com.tr\/eticaret\/urun\/ser-730-seramik-ustu-seramik-gecis-astari\/\" \/>\n<meta property=\"og:site_name\" content=\"Dolphinfix\" \/>\n<meta property=\"article:modified_time\" content=\"2026-03-13T05:00:51+00:00\" \/>\n<meta property=\"og:image\" content=\"https:\/\/dolphinfix.com.tr\/eticaret\/wp-content\/uploads\/2024\/10\/730.png\" \/>\n\t<meta property=\"og:image:width\" content=\"1000\" \/>\n\t<meta property=\"og:image:height\" content=\"1000\" \/>\n\t<meta property=\"og:image:type\" content=\"image\/png\" \/>\n<meta name=\"twitter:card\" content=\"summary_large_image\" \/>\n<meta name=\"twitter:label1\" content=\"Tahmini okuma s\u00fcresi\" \/>\n\t<meta name=\"twitter:data1\" content=\"2 dakika\" \/>\n<script type=\"application\/ld+json\" class=\"yoast-schema-graph\">{\"@context\":\"https:\/\/schema.org\",\"@graph\":[{\"@type\":\"WebPage\",\"@id\":\"https:\/\/dolphinfix.com.tr\/eticaret\/urun\/ser-730-seramik-ustu-seramik-gecis-astari\/\",\"url\":\"https:\/\/dolphinfix.com.tr\/eticaret\/urun\/ser-730-seramik-ustu-seramik-gecis-astari\/\",\"name\":\"SER 730 Seramik \u00dcst\u00fc Seramik Astar\u0131 | Akrilik Ge\u00e7i\u015f ve Aderans Art\u0131r\u0131c\u0131\",\"isPartOf\":{\"@id\":\"https:\/\/dolphinfix.com.tr\/eticaret\/#website\"},\"datePublished\":\"2024-10-26T06:19:19+00:00\",\"dateModified\":\"2026-03-13T05:00:51+00:00\",\"description\":\"SER 730 akrilik esasl\u0131 seramik \u00fcst\u00fc seramik astar\u0131, kaygan y\u00fczeylerde aderans\u0131 art\u0131r\u0131r, g\u00fc\u00e7l\u00fc yap\u0131\u015fma sa\u011flar ve i\u00e7-d\u0131\u015f mek\u00e2nlarda g\u00fcvenle uygulan\u0131r. Su bazl\u0131 ve \u00e7evre dostudur.\",\"breadcrumb\":{\"@id\":\"https:\/\/dolphinfix.com.tr\/eticaret\/urun\/ser-730-seramik-ustu-seramik-gecis-astari\/#breadcrumb\"},\"inLanguage\":\"tr\",\"potentialAction\":[{\"@type\":\"ReadAction\",\"target\":[\"https:\/\/dolphinfix.com.tr\/eticaret\/urun\/ser-730-seramik-ustu-seramik-gecis-astari\/\"]}]},{\"@type\":\"BreadcrumbList\",\"@id\":\"https:\/\/dolphinfix.com.tr\/eticaret\/urun\/ser-730-seramik-ustu-seramik-gecis-astari\/#breadcrumb\",\"itemListElement\":[{\"@type\":\"ListItem\",\"position\":1,\"name\":\"Home\",\"item\":\"https:\/\/dolphinfix.com.tr\/eticaret\/\"},{\"@type\":\"ListItem\",\"position\":2,\"name\":\"Market\",\"item\":\"https:\/\/dolphinfix.com.tr\/eticaret\/market\/\"},{\"@type\":\"ListItem\",\"position\":3,\"name\":\"SER 730 &#8211; SERAM\u0130K \u00dcST\u00dc , SERAM\u0130K YAPI\u015eTIRMA \u00d6NCES\u0130 ASTAR\"}]},{\"@type\":\"WebSite\",\"@id\":\"https:\/\/dolphinfix.com.tr\/eticaret\/#website\",\"url\":\"https:\/\/dolphinfix.com.tr\/eticaret\/\",\"name\":\"Dolphinfix\",\"description\":\"\",\"potentialAction\":[{\"@type\":\"SearchAction\",\"target\":{\"@type\":\"EntryPoint\",\"urlTemplate\":\"https:\/\/dolphinfix.com.tr\/eticaret\/?s={search_term_string}\"},\"query-input\":\"required name=search_term_string\"}],\"inLanguage\":\"tr\"}]}<\/script>\n<!-- \/ Yoast SEO Premium plugin. -->","yoast_head_json":{"title":"SER 730 Seramik \u00dcst\u00fc Seramik Astar\u0131 | Akrilik Ge\u00e7i\u015f ve Aderans Art\u0131r\u0131c\u0131","description":"SER 730 akrilik esasl\u0131 seramik \u00fcst\u00fc seramik astar\u0131, kaygan y\u00fczeylerde aderans\u0131 art\u0131r\u0131r, g\u00fc\u00e7l\u00fc yap\u0131\u015fma sa\u011flar ve i\u00e7-d\u0131\u015f mek\u00e2nlarda g\u00fcvenle uygulan\u0131r. Su bazl\u0131 ve \u00e7evre dostudur.","robots":{"index":"index","follow":"follow","max-snippet":"max-snippet:-1","max-image-preview":"max-image-preview:large","max-video-preview":"max-video-preview:-1"},"canonical":"https:\/\/dolphinfix.com.tr\/eticaret\/urun\/ser-730-seramik-ustu-seramik-gecis-astari\/","og_locale":"tr_TR","og_type":"article","og_title":"SER 730 - SERAM\u0130K \u00dcST\u00dc , SERAM\u0130K YAPI\u015eTIRMA \u00d6NCES\u0130 ASTAR","og_description":"SER 730 akrilik esasl\u0131 seramik \u00fcst\u00fc seramik astar\u0131, kaygan y\u00fczeylerde aderans\u0131 art\u0131r\u0131r, g\u00fc\u00e7l\u00fc yap\u0131\u015fma sa\u011flar ve i\u00e7-d\u0131\u015f mek\u00e2nlarda g\u00fcvenle uygulan\u0131r. Su bazl\u0131 ve \u00e7evre dostudur.","og_url":"https:\/\/dolphinfix.com.tr\/eticaret\/urun\/ser-730-seramik-ustu-seramik-gecis-astari\/","og_site_name":"Dolphinfix","article_modified_time":"2026-03-13T05:00:51+00:00","og_image":[{"width":1000,"height":1000,"url":"https:\/\/dolphinfix.com.tr\/eticaret\/wp-content\/uploads\/2024\/10\/730.png","type":"image\/png"}],"twitter_card":"summary_large_image","twitter_misc":{"Tahmini okuma s\u00fcresi":"2 dakika"},"schema":{"@context":"https:\/\/schema.org","@graph":[{"@type":"WebPage","@id":"https:\/\/dolphinfix.com.tr\/eticaret\/urun\/ser-730-seramik-ustu-seramik-gecis-astari\/","url":"https:\/\/dolphinfix.com.tr\/eticaret\/urun\/ser-730-seramik-ustu-seramik-gecis-astari\/","name":"SER 730 Seramik \u00dcst\u00fc Seramik Astar\u0131 | Akrilik Ge\u00e7i\u015f ve Aderans Art\u0131r\u0131c\u0131","isPartOf":{"@id":"https:\/\/dolphinfix.com.tr\/eticaret\/#website"},"datePublished":"2024-10-26T06:19:19+00:00","dateModified":"2026-03-13T05:00:51+00:00","description":"SER 730 akrilik esasl\u0131 seramik \u00fcst\u00fc seramik astar\u0131, kaygan y\u00fczeylerde aderans\u0131 art\u0131r\u0131r, g\u00fc\u00e7l\u00fc yap\u0131\u015fma sa\u011flar ve i\u00e7-d\u0131\u015f mek\u00e2nlarda g\u00fcvenle uygulan\u0131r. Su bazl\u0131 ve \u00e7evre dostudur.","breadcrumb":{"@id":"https:\/\/dolphinfix.com.tr\/eticaret\/urun\/ser-730-seramik-ustu-seramik-gecis-astari\/#breadcrumb"},"inLanguage":"tr","potentialAction":[{"@type":"ReadAction","target":["https:\/\/dolphinfix.com.tr\/eticaret\/urun\/ser-730-seramik-ustu-seramik-gecis-astari\/"]}]},{"@type":"BreadcrumbList","@id":"https:\/\/dolphinfix.com.tr\/eticaret\/urun\/ser-730-seramik-ustu-seramik-gecis-astari\/#breadcrumb","itemListElement":[{"@type":"ListItem","position":1,"name":"Home","item":"https:\/\/dolphinfix.com.tr\/eticaret\/"},{"@type":"ListItem","position":2,"name":"Market","item":"https:\/\/dolphinfix.com.tr\/eticaret\/market\/"},{"@type":"ListItem","position":3,"name":"SER 730 &#8211; SERAM\u0130K \u00dcST\u00dc , SERAM\u0130K YAPI\u015eTIRMA \u00d6NCES\u0130 ASTAR"}]},{"@type":"WebSite","@id":"https:\/\/dolphinfix.com.tr\/eticaret\/#website","url":"https:\/\/dolphinfix.com.tr\/eticaret\/","name":"Dolphinfix","description":"","potentialAction":[{"@type":"SearchAction","target":{"@type":"EntryPoint","urlTemplate":"https:\/\/dolphinfix.com.tr\/eticaret\/?s={search_term_string}"},"query-input":"required name=search_term_string"}],"inLanguage":"tr"}]}},"_links":{"self":[{"href":"https:\/\/dolphinfix.com.tr\/eticaret\/wp-json\/wp\/v2\/product\/16330","targetHints":{"allow":["GET"]}}],"collection":[{"href":"https:\/\/dolphinfix.com.tr\/eticaret\/wp-json\/wp\/v2\/product"}],"about":[{"href":"https:\/\/dolphinfix.com.tr\/eticaret\/wp-json\/wp\/v2\/types\/product"}],"replies":[{"embeddable":true,"href":"https:\/\/dolphinfix.com.tr\/eticaret\/wp-json\/wp\/v2\/comments?post=16330"}],"version-history":[{"count":7,"href":"https:\/\/dolphinfix.com.tr\/eticaret\/wp-json\/wp\/v2\/product\/16330\/revisions"}],"predecessor-version":[{"id":19543,"href":"https:\/\/dolphinfix.com.tr\/eticaret\/wp-json\/wp\/v2\/product\/16330\/revisions\/19543"}],"wp:featuredmedia":[{"embeddable":true,"href":"https:\/\/dolphinfix.com.tr\/eticaret\/wp-json\/wp\/v2\/media\/17478"}],"wp:attachment":[{"href":"https:\/\/dolphinfix.com.tr\/eticaret\/wp-json\/wp\/v2\/media?parent=16330"}],"wp:term":[{"taxonomy":"product_cat","embeddable":true,"href":"https:\/\/dolphinfix.com.tr\/eticaret\/wp-json\/wp\/v2\/product_cat?post=16330"},{"taxonomy":"product_tag","embeddable":true,"href":"https:\/\/dolphinfix.com.tr\/eticaret\/wp-json\/wp\/v2\/product_tag?post=16330"}],"curies":[{"name":"wp","href":"https:\/\/api.w.org\/{rel}","templated":true}]}}