{"id":16337,"date":"2024-10-26T09:42:29","date_gmt":"2024-10-26T06:42:29","guid":{"rendered":"https:\/\/dolphinfix.com.tr\/eticaret?post_type=product&#038;p=16337"},"modified":"2026-03-12T23:12:01","modified_gmt":"2026-03-12T20:12:01","slug":"horasan-nhl-1100-dogal-hidrolik-kirec","status":"publish","type":"product","link":"https:\/\/dolphinfix.com.tr\/eticaret\/urun\/horasan-nhl-1100-dogal-hidrolik-kirec\/","title":{"rendered":"HORASAN 1100 NHL &#8211; DO\u011eAL H\u0130DROL\u0130K K\u0130RE\u00c7 3,5"},"content":{"rendered":"<h3><span style=\"color: #c61016;\">\u00dcR\u00dcN B\u0130LG\u0130LER\u0130 ;<\/span><\/h3>\n<p data-pm-slice=\"0 0 []\"><span style=\"color: #000000;\"><strong>TANIMI:<\/strong> HORASAN NHL 1100 Horasan harc\u0131 imalat\u0131nda kullan\u0131lmak i\u00e7in eski usullerle y\u00fcksek s\u0131cakl\u0131klarda (900-1000\u00b0) pi\u015firilmi\u015f, do\u011fal hidrolik kire\u00e7<\/span><\/p>\n<p><span style=\"color: #000000;\"><strong>\u00a0KULLANIM ALANLARI<\/strong><\/span><br \/>\n<span style=\"color: #000000;\">\u2022Horasan s\u0131va yap\u0131m\u0131nda,<\/span><br \/>\n<span style=\"color: #000000;\">\u2022Derz bo\u015fluklar\u0131 i\u00e7in haz\u0131rlanacak har\u00e7larda ba\u011flay\u0131c\u0131 olarak,<\/span><br \/>\n<span style=\"color: #000000;\">\u2022Tu\u011fla ve ta\u015f duvar \u00f6rme i\u015flerinde,<\/span><\/p>\n<p><span style=\"color: #000000;\"><strong>\u00a0\u00dcR\u00dcN \u00d6ZELL\u0130KLER\u0130 VE AVANTAJLARI<\/strong><\/span><br \/>\n<span style=\"color: #000000;\">\u2022\u00c7imento i\u00e7ermez,<\/span><br \/>\n<span style=\"color: #000000;\">\u2022\u00c7evre dostudur,<\/span><br \/>\n<span style=\"color: #000000;\">\u2022Yap\u0131\u015fma dayan\u0131m\u0131 y\u00fcksektir,<\/span><br \/>\n<span style=\"color: #000000;\">\u2022Su buhar\u0131 ge\u00e7irimlili\u011fi y\u00fcksektir,<\/span><br \/>\n<span style=\"color: #000000;\">\u2022Nefes alabilir,<\/span><br \/>\n<span style=\"color: #000000;\">\u2022Tarihi dokuya uyumlu farkl\u0131 \u00f6zelliklerde har\u00e7 yap\u0131m\u0131na uygundur,<\/span><br \/>\n<span style=\"color: #000000;\">\u2022Geleneksel y\u00f6ntemlerle pi\u015firilmi\u015ftir.<\/span><\/p>\n<p><span style=\"color: #000000;\"><strong>UYGULAMA Y\u00d6NTEM\u0130<\/strong><\/span><br \/>\n<span style=\"color: #000000;\">Y\u00fczey Haz\u0131rl\u0131\u011f\u0131 Uygulama yap\u0131lacak y\u00fczeylerinin sa\u011flam, tozsuz ve temiz olmas\u0131na dikkat edilmelidir. Y\u00fczey, aderans\u0131 zay\u0131flatacak her t\u00fcrl\u00fc ya\u011f, pas, gres ve parafin kal\u0131nt\u0131lar\u0131ndan iyice temizlenmelidir. Uygulama yap\u0131lacak alanda su ak\u0131nt\u0131s\u0131 varsa drene edilmeli veya uygun bir t\u0131ka\u00e7 ile kapat\u0131lmal\u0131d\u0131r.<\/span><\/p>\n<p><span style=\"color: #000000;\"><strong>KARI\u015eTIRMA<\/strong><\/span><br \/>\n<span style=\"color: #000000;\">Har\u00e7 analizi neticesinde belirtilen malzemeler belirtilen \u00f6l\u00e7\u00fclerde harca ilave edilir. Yine belirtilen \u00f6l\u00e7\u00fcde HORASAN NHL 1100 ilave edilerek homojen bir kar\u0131\u015f\u0131m elde edene kadar kar\u0131\u015ft\u0131r\u0131l\u0131r.<\/span><\/p>\n<p><span style=\"color: #000000;\"><strong>KARI\u015eTIRMA ORANLARI<\/strong><\/span><br \/>\n<span style=\"color: #000000;\">HORASANb NHL 1100\u00a0 \u00a0 \u00a0 \u00a0 \u00a0 \u00a01 KG TOZ \u0130\u00c7\u0130N\u00a0 \u00a0 \u00a0 \u00a0 \u00a0 20 KG TORBA \u0130\u00c7\u0130N<\/span><br \/>\n<span style=\"color: #000000;\">KARI\u015eIM SUYU M\u0130KTARI\u00a0 \u00a0 0,30 lt \u2013 0,38 lt\u00a0 \u00a0 \u00a0 \u00a0 \u00a07,5 lt \u2013 9,5 lt<\/span><br \/>\n<span style=\"color: #000000;\">KARI\u015eIM YO\u011eUNLU\u011eU\u00a0 \u00a0 \u00a0 \u00a0 1500 \u00b1150 kg\/m3<\/span><\/p>\n<p><span style=\"color: #000000;\"><strong>UYGULAMA<\/strong><\/span><br \/>\n<span style=\"color: #000000;\">Haz\u0131rlanan har\u00e7 uygun mala yard\u0131m\u0131 ile belirtilen kal\u0131nl\u0131kta uygulan\u0131r. Harc\u0131n suyunu \u00e7ekmesi beklenir ve \u00e7elik veya ah\u015fap mala ile y\u00fczey istenilen \u015fekilde bitirilir.<\/span><\/p>\n<p><span style=\"color: #000000;\"><strong>AMBALAJ<\/strong><\/span><br \/>\n<span style=\"color: #000000;\">20 kg\u2019l\u0131k polietilen takviyeli kraft torba.<\/span><\/p>\n<p><span style=\"color: #000000;\"><strong>SARF\u0130YAT<\/strong><\/span><br \/>\n<span style=\"color: #000000;\">Yap\u0131lacak harc\u0131n form\u00fclasyonuna g\u00f6re de\u011fi\u015fkenlik g\u00f6sterir.<\/span><\/p>\n<p><span style=\"color: #000000;\"><strong>ALETLER\u0130N TEM\u0130ZLENMES\u0130<\/strong><\/span><br \/>\n<span style=\"color: #000000;\">Uygulamadan sonra kullan\u0131lan alet ve ekipmanlar su ile temizlenmelidir. HORASAN NHL 1100, sertle\u015ftikten sonra ancak mekanik olarak y\u00fczeyden temizlenebilir.<\/span><\/p>\n<p><span style=\"color: #000000;\"><strong>RAF \u00d6MR\u00dc<\/strong><\/span><br \/>\n<span style=\"color: #000000;\">Uygun depolama ko\u015fullar\u0131nda \u00fcretim tarihinden itibaren 12 ayd\u0131r. A\u00e7\u0131lm\u0131\u015f ambalajlar uygun depolama ko\u015fullar\u0131nda saklanarak bir hafta i\u00e7inde kullan\u0131lmal\u0131d\u0131r.<\/span><\/p>\n","protected":false},"excerpt":{"rendered":"<p><span style=\"color: #000000;\"><a style=\"color: #000000;\" href=\"https:\/\/dolphinfix.com.tr\/eticaret\/wp-content\/uploads\/2025\/04\/HORASAN-DOGAL-HIDROLIK-KIREC-NHL-35-1100-TDS_compressed.pdf\" target=\"_blank\" rel=\"noopener\">TDS Belgesini \u0130ndirmek \u0130\u00e7in T\u0131klay\u0131n\u0131z<br \/>\n<\/a><\/span><span style=\"color: #000000;\"><a style=\"color: #000000;\" href=\"#\" target=\"_blank\" rel=\"noopener\">CE Belgesini \u0130ndirmek \u0130\u00e7in T\u0131klay\u0131n\u0131z<\/a><\/span><\/p>\n","protected":false},"featured_media":16342,"comment_status":"open","ping_status":"closed","template":"","meta":{"_joinchat":[]},"product_cat":[84,108],"product_tag":[878,870,887,880,875,877,882,888,874,871,881,884,889,891,879,886,873,890,876,883,872,885],"class_list":{"0":"post-16337","1":"product","2":"type-product","3":"status-publish","4":"has-post-thumbnail","6":"product_cat-restorasyon-cozumleri","7":"product_cat-tarihi-yapi-harc-baglayicilari","8":"product_tag-dis-cephe-kirec-harci","9":"product_tag-dogal-hidrolik-kirec","10":"product_tag-dogal-tas-ve-kiremitleri-baglamak-icin","11":"product_tag-dogal-yapi-malzemesi","12":"product_tag-duvar-kirec-harci","13":"product_tag-ic-cephe-kirec-harci","14":"product_tag-kaliteli-kirec-harci","15":"product_tag-kubbe-ve-tonazlarda","16":"product_tag-nefes-alan-kirec-harci","17":"product_tag-nhl-kirec","18":"product_tag-restorasyon-duzeltme-kireci","19":"product_tag-restorasyon-kireci","20":"product_tag-siva-yapiminda","21":"product_tag-sivanmasinda","22":"product_tag-surdurulebilir-kirec-harci","23":"product_tag-tarihi-eser-restorasyonu","24":"product_tag-tarihi-yapi-onarim-kireci","25":"product_tag-tas-bina-yapiminda","26":"product_tag-tas-ve-tugla-harci","27":"product_tag-uzun-omurlu-kirec-harci","28":"product_tag-yapi-kireci","29":"product_tag-yapi-restorasyonu","31":"first","32":"instock","33":"taxable","34":"shipping-taxable","35":"purchasable","36":"product-type-variable"},"yoast_head":"<!-- This site is optimized with the Yoast SEO Premium plugin v20.2.1 (Yoast SEO v20.2.1) - https:\/\/yoast.com\/wordpress\/plugins\/seo\/ -->\n<title>HORASAN NHL 1100 Do\u011fal Hidrolik Kire\u00e7 | Horasan Harc\u0131 ve Restorasyon Ba\u011flay\u0131c\u0131s\u0131<\/title>\n<meta name=\"description\" content=\"HORASAN NHL 1100 do\u011fal hidrolik kire\u00e7, horasan s\u0131va ve restorasyon har\u00e7lar\u0131nda kullan\u0131lan \u00e7imentosuz, nefes alabilen ve y\u00fcksek yap\u0131\u015fma dayan\u0131m\u0131na sahip \u00e7evre dostu ba\u011flay\u0131c\u0131d\u0131r.\" \/>\n<meta name=\"robots\" content=\"index, follow, max-snippet:-1, max-image-preview:large, max-video-preview:-1\" \/>\n<link rel=\"canonical\" href=\"https:\/\/dolphinfix.com.tr\/eticaret\/urun\/horasan-nhl-1100-dogal-hidrolik-kirec\/\" \/>\n<meta property=\"og:locale\" content=\"tr_TR\" \/>\n<meta property=\"og:type\" content=\"article\" \/>\n<meta property=\"og:title\" content=\"HORASAN 1100 NHL - DO\u011eAL H\u0130DROL\u0130K K\u0130RE\u00c7 3,5\" \/>\n<meta property=\"og:description\" content=\"HORASAN NHL 1100 do\u011fal hidrolik kire\u00e7, horasan s\u0131va ve restorasyon har\u00e7lar\u0131nda kullan\u0131lan \u00e7imentosuz, nefes alabilen ve y\u00fcksek yap\u0131\u015fma dayan\u0131m\u0131na sahip \u00e7evre dostu ba\u011flay\u0131c\u0131d\u0131r.\" \/>\n<meta property=\"og:url\" content=\"https:\/\/dolphinfix.com.tr\/eticaret\/urun\/horasan-nhl-1100-dogal-hidrolik-kirec\/\" \/>\n<meta property=\"og:site_name\" content=\"Dolphinfix\" \/>\n<meta property=\"article:modified_time\" content=\"2026-03-12T20:12:01+00:00\" \/>\n<meta property=\"og:image\" content=\"https:\/\/dolphinfix.com.tr\/eticaret\/wp-content\/uploads\/2024\/10\/1100-1.png\" \/>\n\t<meta property=\"og:image:width\" content=\"1000\" \/>\n\t<meta property=\"og:image:height\" content=\"1000\" \/>\n\t<meta property=\"og:image:type\" content=\"image\/png\" \/>\n<meta name=\"twitter:card\" content=\"summary_large_image\" \/>\n<meta name=\"twitter:label1\" content=\"Tahmini okuma s\u00fcresi\" \/>\n\t<meta name=\"twitter:data1\" content=\"2 dakika\" \/>\n<script type=\"application\/ld+json\" class=\"yoast-schema-graph\">{\"@context\":\"https:\/\/schema.org\",\"@graph\":[{\"@type\":\"WebPage\",\"@id\":\"https:\/\/dolphinfix.com.tr\/eticaret\/urun\/horasan-nhl-1100-dogal-hidrolik-kirec\/\",\"url\":\"https:\/\/dolphinfix.com.tr\/eticaret\/urun\/horasan-nhl-1100-dogal-hidrolik-kirec\/\",\"name\":\"HORASAN NHL 1100 Do\u011fal Hidrolik Kire\u00e7 | Horasan Harc\u0131 ve Restorasyon Ba\u011flay\u0131c\u0131s\u0131\",\"isPartOf\":{\"@id\":\"https:\/\/dolphinfix.com.tr\/eticaret\/#website\"},\"datePublished\":\"2024-10-26T06:42:29+00:00\",\"dateModified\":\"2026-03-12T20:12:01+00:00\",\"description\":\"HORASAN NHL 1100 do\u011fal hidrolik kire\u00e7, horasan s\u0131va ve restorasyon har\u00e7lar\u0131nda kullan\u0131lan \u00e7imentosuz, nefes alabilen ve y\u00fcksek yap\u0131\u015fma dayan\u0131m\u0131na sahip \u00e7evre dostu ba\u011flay\u0131c\u0131d\u0131r.\",\"breadcrumb\":{\"@id\":\"https:\/\/dolphinfix.com.tr\/eticaret\/urun\/horasan-nhl-1100-dogal-hidrolik-kirec\/#breadcrumb\"},\"inLanguage\":\"tr\",\"potentialAction\":[{\"@type\":\"ReadAction\",\"target\":[\"https:\/\/dolphinfix.com.tr\/eticaret\/urun\/horasan-nhl-1100-dogal-hidrolik-kirec\/\"]}]},{\"@type\":\"BreadcrumbList\",\"@id\":\"https:\/\/dolphinfix.com.tr\/eticaret\/urun\/horasan-nhl-1100-dogal-hidrolik-kirec\/#breadcrumb\",\"itemListElement\":[{\"@type\":\"ListItem\",\"position\":1,\"name\":\"Home\",\"item\":\"https:\/\/dolphinfix.com.tr\/eticaret\/\"},{\"@type\":\"ListItem\",\"position\":2,\"name\":\"Market\",\"item\":\"https:\/\/dolphinfix.com.tr\/eticaret\/market\/\"},{\"@type\":\"ListItem\",\"position\":3,\"name\":\"HORASAN 1100 NHL &#8211; DO\u011eAL H\u0130DROL\u0130K K\u0130RE\u00c7 3,5\"}]},{\"@type\":\"WebSite\",\"@id\":\"https:\/\/dolphinfix.com.tr\/eticaret\/#website\",\"url\":\"https:\/\/dolphinfix.com.tr\/eticaret\/\",\"name\":\"Dolphinfix\",\"description\":\"\",\"potentialAction\":[{\"@type\":\"SearchAction\",\"target\":{\"@type\":\"EntryPoint\",\"urlTemplate\":\"https:\/\/dolphinfix.com.tr\/eticaret\/?s={search_term_string}\"},\"query-input\":\"required name=search_term_string\"}],\"inLanguage\":\"tr\"}]}<\/script>\n<!-- \/ Yoast SEO Premium plugin. -->","yoast_head_json":{"title":"HORASAN NHL 1100 Do\u011fal Hidrolik Kire\u00e7 | Horasan Harc\u0131 ve Restorasyon Ba\u011flay\u0131c\u0131s\u0131","description":"HORASAN NHL 1100 do\u011fal hidrolik kire\u00e7, horasan s\u0131va ve restorasyon har\u00e7lar\u0131nda kullan\u0131lan \u00e7imentosuz, nefes alabilen ve y\u00fcksek yap\u0131\u015fma dayan\u0131m\u0131na sahip \u00e7evre dostu ba\u011flay\u0131c\u0131d\u0131r.","robots":{"index":"index","follow":"follow","max-snippet":"max-snippet:-1","max-image-preview":"max-image-preview:large","max-video-preview":"max-video-preview:-1"},"canonical":"https:\/\/dolphinfix.com.tr\/eticaret\/urun\/horasan-nhl-1100-dogal-hidrolik-kirec\/","og_locale":"tr_TR","og_type":"article","og_title":"HORASAN 1100 NHL - DO\u011eAL H\u0130DROL\u0130K K\u0130RE\u00c7 3,5","og_description":"HORASAN NHL 1100 do\u011fal hidrolik kire\u00e7, horasan s\u0131va ve restorasyon har\u00e7lar\u0131nda kullan\u0131lan \u00e7imentosuz, nefes alabilen ve y\u00fcksek yap\u0131\u015fma dayan\u0131m\u0131na sahip \u00e7evre dostu ba\u011flay\u0131c\u0131d\u0131r.","og_url":"https:\/\/dolphinfix.com.tr\/eticaret\/urun\/horasan-nhl-1100-dogal-hidrolik-kirec\/","og_site_name":"Dolphinfix","article_modified_time":"2026-03-12T20:12:01+00:00","og_image":[{"width":1000,"height":1000,"url":"https:\/\/dolphinfix.com.tr\/eticaret\/wp-content\/uploads\/2024\/10\/1100-1.png","type":"image\/png"}],"twitter_card":"summary_large_image","twitter_misc":{"Tahmini okuma s\u00fcresi":"2 dakika"},"schema":{"@context":"https:\/\/schema.org","@graph":[{"@type":"WebPage","@id":"https:\/\/dolphinfix.com.tr\/eticaret\/urun\/horasan-nhl-1100-dogal-hidrolik-kirec\/","url":"https:\/\/dolphinfix.com.tr\/eticaret\/urun\/horasan-nhl-1100-dogal-hidrolik-kirec\/","name":"HORASAN NHL 1100 Do\u011fal Hidrolik Kire\u00e7 | Horasan Harc\u0131 ve Restorasyon Ba\u011flay\u0131c\u0131s\u0131","isPartOf":{"@id":"https:\/\/dolphinfix.com.tr\/eticaret\/#website"},"datePublished":"2024-10-26T06:42:29+00:00","dateModified":"2026-03-12T20:12:01+00:00","description":"HORASAN NHL 1100 do\u011fal hidrolik kire\u00e7, horasan s\u0131va ve restorasyon har\u00e7lar\u0131nda kullan\u0131lan \u00e7imentosuz, nefes alabilen ve y\u00fcksek yap\u0131\u015fma dayan\u0131m\u0131na sahip \u00e7evre dostu ba\u011flay\u0131c\u0131d\u0131r.","breadcrumb":{"@id":"https:\/\/dolphinfix.com.tr\/eticaret\/urun\/horasan-nhl-1100-dogal-hidrolik-kirec\/#breadcrumb"},"inLanguage":"tr","potentialAction":[{"@type":"ReadAction","target":["https:\/\/dolphinfix.com.tr\/eticaret\/urun\/horasan-nhl-1100-dogal-hidrolik-kirec\/"]}]},{"@type":"BreadcrumbList","@id":"https:\/\/dolphinfix.com.tr\/eticaret\/urun\/horasan-nhl-1100-dogal-hidrolik-kirec\/#breadcrumb","itemListElement":[{"@type":"ListItem","position":1,"name":"Home","item":"https:\/\/dolphinfix.com.tr\/eticaret\/"},{"@type":"ListItem","position":2,"name":"Market","item":"https:\/\/dolphinfix.com.tr\/eticaret\/market\/"},{"@type":"ListItem","position":3,"name":"HORASAN 1100 NHL &#8211; DO\u011eAL H\u0130DROL\u0130K K\u0130RE\u00c7 3,5"}]},{"@type":"WebSite","@id":"https:\/\/dolphinfix.com.tr\/eticaret\/#website","url":"https:\/\/dolphinfix.com.tr\/eticaret\/","name":"Dolphinfix","description":"","potentialAction":[{"@type":"SearchAction","target":{"@type":"EntryPoint","urlTemplate":"https:\/\/dolphinfix.com.tr\/eticaret\/?s={search_term_string}"},"query-input":"required name=search_term_string"}],"inLanguage":"tr"}]}},"_links":{"self":[{"href":"https:\/\/dolphinfix.com.tr\/eticaret\/wp-json\/wp\/v2\/product\/16337","targetHints":{"allow":["GET"]}}],"collection":[{"href":"https:\/\/dolphinfix.com.tr\/eticaret\/wp-json\/wp\/v2\/product"}],"about":[{"href":"https:\/\/dolphinfix.com.tr\/eticaret\/wp-json\/wp\/v2\/types\/product"}],"replies":[{"embeddable":true,"href":"https:\/\/dolphinfix.com.tr\/eticaret\/wp-json\/wp\/v2\/comments?post=16337"}],"version-history":[{"count":7,"href":"https:\/\/dolphinfix.com.tr\/eticaret\/wp-json\/wp\/v2\/product\/16337\/revisions"}],"predecessor-version":[{"id":17575,"href":"https:\/\/dolphinfix.com.tr\/eticaret\/wp-json\/wp\/v2\/product\/16337\/revisions\/17575"}],"wp:featuredmedia":[{"embeddable":true,"href":"https:\/\/dolphinfix.com.tr\/eticaret\/wp-json\/wp\/v2\/media\/16342"}],"wp:attachment":[{"href":"https:\/\/dolphinfix.com.tr\/eticaret\/wp-json\/wp\/v2\/media?parent=16337"}],"wp:term":[{"taxonomy":"product_cat","embeddable":true,"href":"https:\/\/dolphinfix.com.tr\/eticaret\/wp-json\/wp\/v2\/product_cat?post=16337"},{"taxonomy":"product_tag","embeddable":true,"href":"https:\/\/dolphinfix.com.tr\/eticaret\/wp-json\/wp\/v2\/product_tag?post=16337"}],"curies":[{"name":"wp","href":"https:\/\/api.w.org\/{rel}","templated":true}]}}