{"id":16345,"date":"2024-10-26T09:44:29","date_gmt":"2024-10-26T06:44:29","guid":{"rendered":"https:\/\/dolphinfix.com.tr\/eticaret?post_type=product&#038;p=16345"},"modified":"2026-03-12T23:12:02","modified_gmt":"2026-03-12T20:12:02","slug":"horasan-inj-1101-enjeksiyon-harci","status":"publish","type":"product","link":"https:\/\/dolphinfix.com.tr\/eticaret\/urun\/horasan-inj-1101-enjeksiyon-harci\/","title":{"rendered":"HORASAN 1101 INJ &#8211; DO\u011eAL H\u0130DROL\u0130K K\u0130RE\u00c7 ESASLI ENJEKS\u0130YON HARCI"},"content":{"rendered":"<h3><span style=\"color: #c61016;\">\u00dcR\u00dcN B\u0130LG\u0130LER\u0130 ;<\/span><\/h3>\n<p data-pm-slice=\"0 0 []\"><span style=\"color: #000000;\"><strong>TANIMI:<\/strong> HORASAN INJ 1101 Do\u011fal hidrolik kire\u00e7, puzolanik kire\u00e7, mikronize karbonatlar ve \u00e7e\u015fitli mikronize agregalar i\u00e7eren tarihi kargir yap\u0131lar i\u00e7in geli\u015ftirilmi\u015f enjeksiyon harc\u0131d\u0131r.<\/span><\/p>\n<p><span style=\"color: #000000;\"><strong>KULLANIM ALANLARI<\/strong><\/span><br \/>\n<span style=\"color: #000000;\">\u2022Tarihi eser onar\u0131mlar\u0131nda,<\/span><br \/>\n<span style=\"color: #000000;\">\u2022S\u00fclfatl\u0131 ortamlarda,<\/span><br \/>\n<span style=\"color: #000000;\">\u2022Tu\u011fla ve do\u011fal ta\u015f duvarlarda,<\/span><br \/>\n<span style=\"color: #000000;\">\u2022Kubbelerde, tonozlarda ve temellerde olu\u015fan \u00e7atlaklar\u0131n enjeksiyon y\u00f6ntemi ile doldurulmas\u0131nda kullan\u0131l\u0131r.<\/span><\/p>\n<p><span style=\"color: #000000;\"><strong>\u00dcR\u00dcN \u00d6ZELL\u0130KLER\u0130 VE AVANTAJLARI<\/strong><\/span><br \/>\n<span style=\"color: #000000;\">\u2022\u00c7evre dostudur,<\/span><br \/>\n<span style=\"color: #000000;\">\u2022\u00c7imento i\u00e7ermez,<\/span><br \/>\n<span style=\"color: #000000;\">\u2022Yap\u0131\u015fma dayan\u0131m\u0131 y\u00fcksektir,<\/span><br \/>\n<span style=\"color: #000000;\">\u2022Su buhar\u0131 ge\u00e7irimlili\u011fi y\u00fcksektir,<\/span><br \/>\n<span style=\"color: #000000;\">\u2022Klor, s\u00fclfat ve ya\u011flara kar\u015f\u0131 dayan\u0131kl\u0131.<\/span><br \/>\n<span style=\"color: #000000;\">\u2022Haz\u0131rlanmas\u0131 ve uygulamas\u0131 \u00e7ok kolayd\u0131r,<\/span><br \/>\n<span style=\"color: #000000;\">\u2022\u0130lave bir \u00fcr\u00fcne ihtiya\u00e7 duymaz,<\/span><br \/>\n<span style=\"color: #000000;\">\u2022Tarihi dokuya uyumludur,<\/span><br \/>\n<span style=\"color: #000000;\">\u2022Nemi dengeler k\u00fcflenme yapmaz.<\/span><\/p>\n<p><span style=\"color: #000000;\"><strong>\u00a0TEKN\u0130K \u00d6ZELL\u0130KLER<\/strong><\/span><br \/>\n<span style=\"color: #000000;\">Malzemenin Yap\u0131s\u0131: Do\u011fal hidrolik kire\u00e7, Mikronize karbonat ve agregalar.<\/span><br \/>\n<span style=\"color: #000000;\">Renk: Kirli Beyaz, Bej<\/span><br \/>\n<span style=\"color: #000000;\">Bas\u0131n\u00e7 Dayan\u0131m\u0131: M5 (28 g\u00fcn)<\/span><br \/>\n<span style=\"color: #000000;\">Ak\u0131\u015fkanl\u0131k (6 No\u2019lu DIN CUP)<\/span><br \/>\n<span style=\"color: #000000;\">Ba\u015flang\u0131\u00e7ta &lt;35 sn<\/span><br \/>\n<span style=\"color: #000000;\">20 dk sonra &lt;45 sn<\/span><br \/>\n<span style=\"color: #000000;\">Uygulanacak Zeminin S\u0131cakl\u0131\u011f\u0131: +5\u00b0C +35\u00b0C<\/span><br \/>\n<span style=\"color: #000000;\">Servis S\u0131cakl\u0131\u011f\u0131: -20\u00b0C +40\u00b0C<\/span><br \/>\n<span style=\"color: #000000;\">Kullanma S\u00fcresi (+20\u00b0C): 60 dak.<\/span><br \/>\n<span style=\"color: #000000;\">Tipik de\u011ferler: +23\u00b0C\u2019de %50 ba\u011f\u0131l nem ko\u015fullar\u0131nda 4x4x16 cm har\u00e7 prizmas\u0131nda yap\u0131lan deneyler sonucunda elde edilmi\u015ftir. Y\u00fcksek s\u0131cakl\u0131klar s\u00fcreleri<\/span><br \/>\n<span style=\"color: #000000;\">k\u0131salt\u0131r, d\u00fc\u015f\u00fck s\u0131cakl\u0131klar uzat\u0131r.<\/span><\/p>\n<p><span style=\"color: #000000;\"><strong>UYGULAMA Y\u00d6NTEM\u0130<\/strong><\/span><br \/>\n<span style=\"color: #000000;\">Y\u00fczey Haz\u0131rl\u0131\u011f\u0131 \u00c7atlaklar\u0131n t\u00fcm ebatlar\u0131 ile g\u00f6rebilmek i\u00e7in y\u00fczeydeki s\u0131va tamamen al\u0131nmal\u0131d\u0131r. Uygulama yap\u0131lacak y\u00fczeylerinin sa\u011flam, tozsuz ve temiz olmas\u0131na dikkat edilmelidir. Y\u00fczey, aderans\u0131 zay\u0131flatacak her t\u00fcrl\u00fc ya\u011f, pas, gres ve parafin kal\u0131nt\u0131lar\u0131ndan iyice temizlenmelidir. Uygulama yap\u0131lacak alanda su ak\u0131nt\u0131s\u0131 varsa drene edilmeli veya uygun bir t\u0131ka\u00e7 ile kapat\u0131lmal\u0131d\u0131r.<\/span><\/p>\n<p><span style=\"color: #000000;\"><strong>\u00c7ATLAK UYGULAMALARI<\/strong><\/span><br \/>\n<span style=\"color: #000000;\">\u00d6ncelikle \u00e7atlaklar\u0131n geni\u015fli\u011fi, derinli\u011fi ve ortam ko\u015fullar\u0131 tespit edilmelidir. \u00c7atlak geni\u015fli\u011fi 5 mm den az ise \u00e7atlak boyutunun her iki taraf\u0131ndan \u015fa\u015f\u0131rtmal\u0131 ve uygun aral\u0131klarla (30- 50 cm) delikler a\u00e7\u0131lmal\u0131 ve bu delikler \u00e7atla\u011f\u0131n bulundu\u011fu zemini delip kar\u015f\u0131 tarafa ge\u00e7melidir. A\u00e7\u0131lan deliklerin birbirine 45\u00b0C a\u00e7\u0131 ile a\u00e7\u0131lmas\u0131na dikkat edilmelidir. A\u00e7\u0131lan deliklere hava tutularak toz ve kopmu\u015f par\u00e7ac\u0131klar\u0131 uzakla\u015ft\u0131r\u0131n. Deliklerin i\u00e7erisine plastik Pakerleri \u00e7ak\u0131p iyice s\u0131karak sabitleyin. Paker \u00e7evreleri ve \u00e7atlak \u00fczeri HORASAN \u0130NCE 1120 ile s\u0131vanmal\u0131 ve s\u0131zd\u0131rmazl\u0131k sa\u011flanmal\u0131d\u0131r. Hava ko\u015fullar\u0131na ba\u011fl\u0131 olarak en erken 24 saat sonra enjeksiyon i\u015flemine ba\u015flanmal\u0131d\u0131r. \u00c7atlaklar 5 mm den daha geni\u015f ise \u00e7atla\u011f\u0131n derinli\u011fi ve geni\u015fli\u011fi ortam ko\u015fullar\u0131 ile g\u00f6z \u00f6n\u00fcne al\u0131narak uygun aral\u0131klar ( 75 \u2013 100 ) tespit edilir. Bas\u0131n\u00e7l\u0131 hava ile delikler toz ve serbest par\u00e7ac\u0131klardan temizlendikten sonra Pn\u00f6matik hortumlar yerle\u015ftirilir. Hortum \u00e7evreleri ve \u00e7atlak \u00fczerleri HORASAN \u0130NCE 1120 ile s\u0131vanmal\u0131 ve s\u0131zd\u0131rmazl\u0131k sa\u011flanmal\u0131d\u0131r. Hava ko\u015fullar\u0131na g\u00f6re en erken 24 saat sonra enjeksiyon uygulamas\u0131na ba\u015flanmal\u0131d\u0131r.<\/span><\/p>\n<p><span style=\"color: #000000;\"><strong>KARI\u015eTIRMA<\/strong><\/span><br \/>\n<span style=\"color: #000000;\">Uygun su miktar\u0131, bir \u00f6l\u00e7ek yard\u0131m\u0131yla temiz kar\u0131\u015ft\u0131rma kovas\u0131na bo\u015falt\u0131l\u0131r. HORASAN INJ 1101, yava\u015f yava\u015f ilave edilerek 400-600 devirli bir kar\u0131\u015ft\u0131r\u0131c\u0131 ile homojen ve topaks\u0131z bir kar\u0131\u015f\u0131m elde edilinceye kadar 4 dakika kar\u0131\u015ft\u0131r\u0131l\u0131r. Yakla\u015f\u0131k 5 dakika dinlendirilip tekrar 1 dakika kar\u0131\u015ft\u0131r\u0131ld\u0131ktan sonra malzeme kullan\u0131ma haz\u0131r hale gelir.<\/span><\/p>\n<p><span style=\"color: #000000;\"><strong>KARI\u015eTIRMA ORANLARI<\/strong><\/span><br \/>\n<span style=\"color: #000000;\">HORASAN INJ 1101\u00a0 \u00a0 \u00a0 \u00a0 \u00a0 \u00a0 \u00a0 \u00a0 \u00a0 \u00a0 \u00a0 \u00a0 1 KG TOZ \u0130\u00c7\u0130N\u00a0 \u00a0 \u00a0 \u00a0 \u00a0 \u00a025 KG TORBA \u0130\u00c7\u0130N<\/span><br \/>\n<span style=\"color: #000000;\">KARI\u015eIM SUYU M\u0130KTARI\u00a0 \u00a0 \u00a0 \u00a0 \u00a0 \u00a0 0,30 lt \u2013 0,38 lt\u00a0 \u00a0 \u00a0 \u00a0 \u00a0 7,5 lt \u2013 9,5 lt<\/span><br \/>\n<span style=\"color: #000000;\">KARI\u015eIM YO\u011eUNLU\u011eU\u00a0 \u00a0 \u00a0 \u00a0 \u00a0 \u00a0 \u00a0 \u00a0 1500 \u00b1150 kg\/m3<\/span><\/p>\n","protected":false},"excerpt":{"rendered":"<p><span style=\"color: #000000;\"><a style=\"color: #000000;\" href=\"https:\/\/dolphinfix.com.tr\/eticaret\/wp-content\/uploads\/2025\/04\/HORASAN-INJ-1101-TDS.pdf\" target=\"_blank\" rel=\"noopener\">TDS Belgesini \u0130ndirmek \u0130\u00e7in T\u0131klay\u0131n\u0131z<br \/>\n<\/a><\/span><span style=\"color: #000000;\"><a style=\"color: #000000;\" href=\"#\" target=\"_blank\" rel=\"noopener\">CE Belgesini \u0130ndirmek \u0130\u00e7in T\u0131klay\u0131n\u0131z<\/a><\/span><\/p>\n","protected":false},"featured_media":16347,"comment_status":"open","ping_status":"closed","template":"","meta":{"_joinchat":[]},"product_cat":[84,110],"product_tag":[627,899,896,870,893,892,906,905,895,900,904,874,871,897,903,742,901,894,902,898],"class_list":{"0":"post-16345","1":"product","2":"type-product","3":"status-publish","4":"has-post-thumbnail","6":"product_cat-restorasyon-cozumleri","7":"product_cat-tarihi-yapi-enjeksiyon-harci","8":"product_tag-catlak-doldurma-harci","9":"product_tag-cevre-dostu-kirec","10":"product_tag-dis-cephe-enjeksiyon-harci","11":"product_tag-dogal-hidrolik-kirec","12":"product_tag-duvar-enjeksiyon-harci","13":"product_tag-enjeksiyon-harci","14":"product_tag-hamam-dis-ve-ic-cepe-duvar-ve-temel-enjeksiyon-harci","15":"product_tag-han","16":"product_tag-ic-cephe-enjeksiyon-harci","17":"product_tag-kaliteli-enjeksiyon-harci","18":"product_tag-kervansaray","19":"product_tag-nefes-alan-kirec-harci","20":"product_tag-nhl-kirec","21":"product_tag-restorasyon-harci","22":"product_tag-su-kemeri","23":"product_tag-su-yalitim-harci","24":"product_tag-tarihi-yapi-onarim-harci","25":"product_tag-tas-ve-tugla-dolgu-harci","26":"product_tag-temel-taslari-baglayici-enjeksiyon-harci","27":"product_tag-uzun-omurlu-harc","29":"first","30":"instock","31":"taxable","32":"shipping-taxable","33":"purchasable","34":"product-type-variable"},"yoast_head":"<!-- This site is optimized with the Yoast SEO Premium plugin v20.2.1 (Yoast SEO v20.2.1) - https:\/\/yoast.com\/wordpress\/plugins\/seo\/ -->\n<title>HORASAN INJ 1101 Enjeksiyon Harc\u0131 | Tarihi Yap\u0131lar \u0130\u00e7in Restorasyon \u00c7\u00f6z\u00fcm\u00fc<\/title>\n<meta name=\"description\" content=\"HORASAN INJ 1101 enjeksiyon harc\u0131, tarihi kargir yap\u0131larda \u00e7atlak onar\u0131m\u0131 i\u00e7in geli\u015ftirilen \u00e7imentosuz, nefes alabilen ve y\u00fcksek dayan\u0131ml\u0131 restorasyon \u00e7\u00f6z\u00fcm\u00fcd\u00fcr.\" \/>\n<meta name=\"robots\" content=\"index, follow, max-snippet:-1, max-image-preview:large, max-video-preview:-1\" \/>\n<link rel=\"canonical\" href=\"https:\/\/dolphinfix.com.tr\/eticaret\/urun\/horasan-inj-1101-enjeksiyon-harci\/\" \/>\n<meta property=\"og:locale\" content=\"tr_TR\" \/>\n<meta property=\"og:type\" content=\"article\" \/>\n<meta property=\"og:title\" content=\"HORASAN 1101 INJ - DO\u011eAL H\u0130DROL\u0130K K\u0130RE\u00c7 ESASLI ENJEKS\u0130YON HARCI\" \/>\n<meta property=\"og:description\" content=\"HORASAN INJ 1101 enjeksiyon harc\u0131, tarihi kargir yap\u0131larda \u00e7atlak onar\u0131m\u0131 i\u00e7in geli\u015ftirilen \u00e7imentosuz, nefes alabilen ve y\u00fcksek dayan\u0131ml\u0131 restorasyon \u00e7\u00f6z\u00fcm\u00fcd\u00fcr.\" \/>\n<meta property=\"og:url\" content=\"https:\/\/dolphinfix.com.tr\/eticaret\/urun\/horasan-inj-1101-enjeksiyon-harci\/\" \/>\n<meta property=\"og:site_name\" content=\"Dolphinfix\" \/>\n<meta property=\"article:modified_time\" content=\"2026-03-12T20:12:02+00:00\" \/>\n<meta property=\"og:image\" content=\"https:\/\/dolphinfix.com.tr\/eticaret\/wp-content\/uploads\/2024\/10\/1101-1.png\" \/>\n\t<meta property=\"og:image:width\" content=\"1000\" \/>\n\t<meta property=\"og:image:height\" content=\"1000\" \/>\n\t<meta property=\"og:image:type\" content=\"image\/png\" \/>\n<meta name=\"twitter:card\" content=\"summary_large_image\" \/>\n<meta name=\"twitter:label1\" content=\"Tahmini okuma s\u00fcresi\" \/>\n\t<meta name=\"twitter:data1\" content=\"3 dakika\" \/>\n<script type=\"application\/ld+json\" class=\"yoast-schema-graph\">{\"@context\":\"https:\/\/schema.org\",\"@graph\":[{\"@type\":\"WebPage\",\"@id\":\"https:\/\/dolphinfix.com.tr\/eticaret\/urun\/horasan-inj-1101-enjeksiyon-harci\/\",\"url\":\"https:\/\/dolphinfix.com.tr\/eticaret\/urun\/horasan-inj-1101-enjeksiyon-harci\/\",\"name\":\"HORASAN INJ 1101 Enjeksiyon Harc\u0131 | Tarihi Yap\u0131lar \u0130\u00e7in Restorasyon \u00c7\u00f6z\u00fcm\u00fc\",\"isPartOf\":{\"@id\":\"https:\/\/dolphinfix.com.tr\/eticaret\/#website\"},\"datePublished\":\"2024-10-26T06:44:29+00:00\",\"dateModified\":\"2026-03-12T20:12:02+00:00\",\"description\":\"HORASAN INJ 1101 enjeksiyon harc\u0131, tarihi kargir yap\u0131larda \u00e7atlak onar\u0131m\u0131 i\u00e7in geli\u015ftirilen \u00e7imentosuz, nefes alabilen ve y\u00fcksek dayan\u0131ml\u0131 restorasyon \u00e7\u00f6z\u00fcm\u00fcd\u00fcr.\",\"breadcrumb\":{\"@id\":\"https:\/\/dolphinfix.com.tr\/eticaret\/urun\/horasan-inj-1101-enjeksiyon-harci\/#breadcrumb\"},\"inLanguage\":\"tr\",\"potentialAction\":[{\"@type\":\"ReadAction\",\"target\":[\"https:\/\/dolphinfix.com.tr\/eticaret\/urun\/horasan-inj-1101-enjeksiyon-harci\/\"]}]},{\"@type\":\"BreadcrumbList\",\"@id\":\"https:\/\/dolphinfix.com.tr\/eticaret\/urun\/horasan-inj-1101-enjeksiyon-harci\/#breadcrumb\",\"itemListElement\":[{\"@type\":\"ListItem\",\"position\":1,\"name\":\"Home\",\"item\":\"https:\/\/dolphinfix.com.tr\/eticaret\/\"},{\"@type\":\"ListItem\",\"position\":2,\"name\":\"Market\",\"item\":\"https:\/\/dolphinfix.com.tr\/eticaret\/market\/\"},{\"@type\":\"ListItem\",\"position\":3,\"name\":\"HORASAN 1101 INJ &#8211; DO\u011eAL H\u0130DROL\u0130K K\u0130RE\u00c7 ESASLI ENJEKS\u0130YON HARCI\"}]},{\"@type\":\"WebSite\",\"@id\":\"https:\/\/dolphinfix.com.tr\/eticaret\/#website\",\"url\":\"https:\/\/dolphinfix.com.tr\/eticaret\/\",\"name\":\"Dolphinfix\",\"description\":\"\",\"potentialAction\":[{\"@type\":\"SearchAction\",\"target\":{\"@type\":\"EntryPoint\",\"urlTemplate\":\"https:\/\/dolphinfix.com.tr\/eticaret\/?s={search_term_string}\"},\"query-input\":\"required name=search_term_string\"}],\"inLanguage\":\"tr\"}]}<\/script>\n<!-- \/ Yoast SEO Premium plugin. -->","yoast_head_json":{"title":"HORASAN INJ 1101 Enjeksiyon Harc\u0131 | Tarihi Yap\u0131lar \u0130\u00e7in Restorasyon \u00c7\u00f6z\u00fcm\u00fc","description":"HORASAN INJ 1101 enjeksiyon harc\u0131, tarihi kargir yap\u0131larda \u00e7atlak onar\u0131m\u0131 i\u00e7in geli\u015ftirilen \u00e7imentosuz, nefes alabilen ve y\u00fcksek dayan\u0131ml\u0131 restorasyon \u00e7\u00f6z\u00fcm\u00fcd\u00fcr.","robots":{"index":"index","follow":"follow","max-snippet":"max-snippet:-1","max-image-preview":"max-image-preview:large","max-video-preview":"max-video-preview:-1"},"canonical":"https:\/\/dolphinfix.com.tr\/eticaret\/urun\/horasan-inj-1101-enjeksiyon-harci\/","og_locale":"tr_TR","og_type":"article","og_title":"HORASAN 1101 INJ - DO\u011eAL H\u0130DROL\u0130K K\u0130RE\u00c7 ESASLI ENJEKS\u0130YON HARCI","og_description":"HORASAN INJ 1101 enjeksiyon harc\u0131, tarihi kargir yap\u0131larda \u00e7atlak onar\u0131m\u0131 i\u00e7in geli\u015ftirilen \u00e7imentosuz, nefes alabilen ve y\u00fcksek dayan\u0131ml\u0131 restorasyon \u00e7\u00f6z\u00fcm\u00fcd\u00fcr.","og_url":"https:\/\/dolphinfix.com.tr\/eticaret\/urun\/horasan-inj-1101-enjeksiyon-harci\/","og_site_name":"Dolphinfix","article_modified_time":"2026-03-12T20:12:02+00:00","og_image":[{"width":1000,"height":1000,"url":"https:\/\/dolphinfix.com.tr\/eticaret\/wp-content\/uploads\/2024\/10\/1101-1.png","type":"image\/png"}],"twitter_card":"summary_large_image","twitter_misc":{"Tahmini okuma s\u00fcresi":"3 dakika"},"schema":{"@context":"https:\/\/schema.org","@graph":[{"@type":"WebPage","@id":"https:\/\/dolphinfix.com.tr\/eticaret\/urun\/horasan-inj-1101-enjeksiyon-harci\/","url":"https:\/\/dolphinfix.com.tr\/eticaret\/urun\/horasan-inj-1101-enjeksiyon-harci\/","name":"HORASAN INJ 1101 Enjeksiyon Harc\u0131 | Tarihi Yap\u0131lar \u0130\u00e7in Restorasyon \u00c7\u00f6z\u00fcm\u00fc","isPartOf":{"@id":"https:\/\/dolphinfix.com.tr\/eticaret\/#website"},"datePublished":"2024-10-26T06:44:29+00:00","dateModified":"2026-03-12T20:12:02+00:00","description":"HORASAN INJ 1101 enjeksiyon harc\u0131, tarihi kargir yap\u0131larda \u00e7atlak onar\u0131m\u0131 i\u00e7in geli\u015ftirilen \u00e7imentosuz, nefes alabilen ve y\u00fcksek dayan\u0131ml\u0131 restorasyon \u00e7\u00f6z\u00fcm\u00fcd\u00fcr.","breadcrumb":{"@id":"https:\/\/dolphinfix.com.tr\/eticaret\/urun\/horasan-inj-1101-enjeksiyon-harci\/#breadcrumb"},"inLanguage":"tr","potentialAction":[{"@type":"ReadAction","target":["https:\/\/dolphinfix.com.tr\/eticaret\/urun\/horasan-inj-1101-enjeksiyon-harci\/"]}]},{"@type":"BreadcrumbList","@id":"https:\/\/dolphinfix.com.tr\/eticaret\/urun\/horasan-inj-1101-enjeksiyon-harci\/#breadcrumb","itemListElement":[{"@type":"ListItem","position":1,"name":"Home","item":"https:\/\/dolphinfix.com.tr\/eticaret\/"},{"@type":"ListItem","position":2,"name":"Market","item":"https:\/\/dolphinfix.com.tr\/eticaret\/market\/"},{"@type":"ListItem","position":3,"name":"HORASAN 1101 INJ &#8211; DO\u011eAL H\u0130DROL\u0130K K\u0130RE\u00c7 ESASLI ENJEKS\u0130YON HARCI"}]},{"@type":"WebSite","@id":"https:\/\/dolphinfix.com.tr\/eticaret\/#website","url":"https:\/\/dolphinfix.com.tr\/eticaret\/","name":"Dolphinfix","description":"","potentialAction":[{"@type":"SearchAction","target":{"@type":"EntryPoint","urlTemplate":"https:\/\/dolphinfix.com.tr\/eticaret\/?s={search_term_string}"},"query-input":"required name=search_term_string"}],"inLanguage":"tr"}]}},"_links":{"self":[{"href":"https:\/\/dolphinfix.com.tr\/eticaret\/wp-json\/wp\/v2\/product\/16345","targetHints":{"allow":["GET"]}}],"collection":[{"href":"https:\/\/dolphinfix.com.tr\/eticaret\/wp-json\/wp\/v2\/product"}],"about":[{"href":"https:\/\/dolphinfix.com.tr\/eticaret\/wp-json\/wp\/v2\/types\/product"}],"replies":[{"embeddable":true,"href":"https:\/\/dolphinfix.com.tr\/eticaret\/wp-json\/wp\/v2\/comments?post=16345"}],"version-history":[{"count":6,"href":"https:\/\/dolphinfix.com.tr\/eticaret\/wp-json\/wp\/v2\/product\/16345\/revisions"}],"predecessor-version":[{"id":19039,"href":"https:\/\/dolphinfix.com.tr\/eticaret\/wp-json\/wp\/v2\/product\/16345\/revisions\/19039"}],"wp:featuredmedia":[{"embeddable":true,"href":"https:\/\/dolphinfix.com.tr\/eticaret\/wp-json\/wp\/v2\/media\/16347"}],"wp:attachment":[{"href":"https:\/\/dolphinfix.com.tr\/eticaret\/wp-json\/wp\/v2\/media?parent=16345"}],"wp:term":[{"taxonomy":"product_cat","embeddable":true,"href":"https:\/\/dolphinfix.com.tr\/eticaret\/wp-json\/wp\/v2\/product_cat?post=16345"},{"taxonomy":"product_tag","embeddable":true,"href":"https:\/\/dolphinfix.com.tr\/eticaret\/wp-json\/wp\/v2\/product_tag?post=16345"}],"curies":[{"name":"wp","href":"https:\/\/api.w.org\/{rel}","templated":true}]}}