{"id":16356,"date":"2024-10-26T09:50:30","date_gmt":"2024-10-26T06:50:30","guid":{"rendered":"https:\/\/dolphinfix.com.tr\/eticaret?post_type=product&#038;p=16356"},"modified":"2026-03-12T23:12:02","modified_gmt":"2026-03-12T20:12:02","slug":"horasan-ince-1120-ince-horasan-sivasi","status":"publish","type":"product","link":"https:\/\/dolphinfix.com.tr\/eticaret\/urun\/horasan-ince-1120-ince-horasan-sivasi\/","title":{"rendered":"HORASAN 1120 \u0130NCE &#8211; \u0130NCE DO\u011eAL H\u0130DROL\u0130K K\u0130RE\u00c7 ESASLI \u0130NCE SIVA"},"content":{"rendered":"<h3><span style=\"color: #c61016;\">\u00dcR\u00dcN B\u0130LG\u0130LER\u0130 ;<\/span><\/h3>\n<p data-pm-slice=\"0 0 []\"><span style=\"color: #000000;\"><strong>TANIMI:<\/strong> HORASAN \u0130NCE 1120, Do\u011fal hidrolik kire\u00e7 esasl\u0131, boya \u00f6ncesi p\u00fcr\u00fczs\u00fcz y\u00fczey elde etmek i\u00e7in geli\u015ftirilmi\u015f ince horasan s\u0131vas\u0131d\u0131r.<\/span><\/p>\n<p><span style=\"color: #000000;\">\u00a0<strong>KULLANIM ALANLARI<\/strong><\/span><br \/>\n<span style=\"color: #000000;\">\u2022Tarihi kargir yap\u0131lar i\u00e7in geli\u015ftirilmi\u015f kaba horasan s\u0131vas\u0131n\u0131n (KALIN 1121) y\u00fczeyini d\u00fczeltmek,<\/span><br \/>\n<span style=\"color: #000000;\">\u2022Boya \u00f6ncesi p\u00fcr\u00fczs\u00fcz y\u00fczey elde etmek i\u00e7in,<\/span><br \/>\n<span style=\"color: #000000;\">\u2022\u0130nce y\u00fczey tamiratlar\u0131nda,<\/span><\/p>\n<p><span style=\"color: #000000;\"><strong>\u00dcR\u00dcN \u00d6ZELL\u0130KLER\u0130 VE AVANTAJLARI<\/strong><\/span><br \/>\n<span style=\"color: #000000;\">\u2022\u00c7imento i\u00e7ermez,<\/span><br \/>\n<span style=\"color: #000000;\">\u2022Yap\u0131\u015fma dayan\u0131m\u0131 y\u00fcksektir,<\/span><br \/>\n<span style=\"color: #000000;\">\u2022Kapiler su emme oran\u0131 d\u00fc\u015f\u00fckt\u00fcr,<\/span><br \/>\n<span style=\"color: #000000;\">\u2022Klor, s\u00fclfat ve ya\u011flara kar\u015f\u0131 dayan\u0131kl\u0131.<\/span><br \/>\n<span style=\"color: #000000;\">\u2022Haz\u0131rlanmas\u0131 ve uygulamas\u0131 \u00e7ok kolayd\u0131r,<\/span><br \/>\n<span style=\"color: #000000;\">\u2022\u0130lave bir \u00fcr\u00fcne ihtiya\u00e7 duymaz,<\/span><br \/>\n<span style=\"color: #000000;\">\u2022Asbest i\u00e7ermez, \u00e7evre dostudur,<\/span><\/p>\n<p><span style=\"color: #000000;\"><strong>UYGULAMA Y\u00d6NTEM\u0130<\/strong><\/span><br \/>\n<span style=\"color: #000000;\">Y\u00fczey Haz\u0131rl\u0131\u011f\u0131: Yap\u0131lar\u0131n s\u0131va yap\u0131lacak y\u00fczeylerinin sa\u011flam, tozsuz ve temiz olmas\u0131na dikkat edilmelidir. Y\u00fczey, aderans\u0131 zay\u0131flatacak her t\u00fcrl\u00fc ya\u011f,pas, gres ve parafin kal\u0131nt\u0131lar\u0131ndan iyice temizlenmelidir. Uygulama yap\u0131lacak alan\u0131n aderans\u0131n\u0131 art\u0131rmak ve y\u00fczeye harc\u0131n yap\u0131\u015fma ve mukavemetini iyile\u015ftirmek<\/span><br \/>\n<span style=\"color: #000000;\">i\u00e7in y\u00fczey \u00f6nceden nemlendirilmelidir.<\/span><\/p>\n<p><span style=\"color: #000000;\"><strong>KARI\u015eTIRMA<\/strong><\/span><br \/>\n<span style=\"color: #000000;\">Uygun su miktar\u0131, bir \u00f6l\u00e7ek yard\u0131m\u0131yla temiz kar\u0131\u015ft\u0131rma kovas\u0131na bo\u015falt\u0131l\u0131r. HORASAN \u0130NCE 1120, yava\u015f yava\u015f ilave edilerek 400-600 devirli bir kar\u0131\u015ft\u0131r\u0131c\u0131 ile homojen ve topaks\u0131z bir kar\u0131\u015f\u0131m elde edilinceye kadar 10 dakika kar\u0131\u015ft\u0131r\u0131l\u0131r. Yakla\u015f\u0131k 5 dakika dinlendirilip tekrar 5 dakika kar\u0131\u015ft\u0131r\u0131ld\u0131ktan sonra malzeme kullan\u0131ma haz\u0131r hale gelir.<\/span><\/p>\n<p><span style=\"color: #000000;\"><strong>KARI\u015eTIRMA ORANLARI<\/strong><\/span><br \/>\n<span style=\"color: #000000;\">HORASAN \u0130NCE 1120\u00a0 \u00a0 \u00a0 \u00a0 \u00a0 \u00a0 \u00a0 \u00a0 \u00a0 1 KG TOZ \u0130\u00c7\u0130N\u00a0 \u00a0 \u00a0 \u00a0 \u00a0 \u00a0 \u00a020 KG TORBA \u0130\u00c7\u0130N<\/span><br \/>\n<span style=\"color: #000000;\">KARI\u015eIM SUYU M\u0130KTARI\u00a0 \u00a0 \u00a0 \u00a0 \u00a00,25 lt \u2013 0,30 lt\u00a0 \u00a0 \u00a0 \u00a0 \u00a0 \u00a0 \u00a05,0 lt \u2013 6,0 lt<\/span><br \/>\n<span style=\"color: #000000;\">KARI\u015eIM YO\u011eUNLU\u011eU\u00a0 \u00a0 \u00a0 \u00a0 \u00a0 \u00a0 \u00a01,20 kg\/lt<\/span><\/p>\n<p><span style=\"color: #000000;\"><strong>UYGULAMA<\/strong><\/span><br \/>\n<span style=\"color: #000000;\">Haz\u0131rlanan har\u00e7 y\u00fczeye 2n fazla 2-3 mm kal\u0131nl\u0131kta mala ile uygulan\u0131r. D\u00fczg\u00fcn y\u00fczey biti\u015finin istendi\u011fi durumlarda, harc\u0131n suyunu \u00e7ekmesi beklenir ve s\u0131vac\u0131 f\u0131r\u00e7as\u0131 ile suyunu \u00e7ekmi\u015f harc\u0131n \u00fczerine su serpilerek, \u00e7elik veya ah\u015fap mala ile y\u00fczey tamamlan\u0131r. Atmosfere a\u00e7\u0131k geni\u015f y\u00fczeyler, \u00f6zellikle s\u0131cak, kuru veya r\u00fczg\u00e2rl\u0131 ortamlar, 24-48 saat s\u00fcreyle \u0131slak \u00e7uval, su ya da \u00f6zel k\u00fcr maddeleri ile h\u0131zl\u0131 buharla\u015fmaya kar\u015f\u0131 korunmal\u0131d\u0131r.<\/span><\/p>\n<p><span style=\"color: #000000;\"><strong>AMBALAJ<\/strong><\/span><br \/>\n<span style=\"color: #000000;\">25 KG KRAFT TORBA.<\/span><\/p>\n<p><span style=\"color: #000000;\"><strong>SARF\u0130YAT<\/strong><\/span><br \/>\n<span style=\"color: #000000;\">1 mm kal\u0131nl\u0131k i\u00e7in 1,8 kg\/m2 toz \u00fcr\u00fcn<\/span><\/p>\n","protected":false},"excerpt":{"rendered":"<p><span style=\"color: #000000;\"><a style=\"color: #000000;\" href=\"https:\/\/dolphinfix.com.tr\/eticaret\/wp-content\/uploads\/2025\/04\/HORASAN-INCE-DOGAL-HIDROLIK-KIREC-ESASLI-INCE-SIVA-1120-TDS.pdf\" target=\"_blank\" rel=\"noopener\">TDS Belgesini \u0130ndirmek \u0130\u00e7in T\u0131klay\u0131n\u0131z<br \/>\n<\/a><\/span><span style=\"color: #000000;\"><a style=\"color: #000000;\" href=\"#\" target=\"_blank\" rel=\"noopener\">CE Belgesini \u0130ndirmek \u0130\u00e7in T\u0131klay\u0131n\u0131z<\/a><\/span><\/p>\n","protected":false},"featured_media":16358,"comment_status":"open","ping_status":"closed","template":"","meta":{"_joinchat":[]},"product_cat":[84,111],"product_tag":[922,917,911,880,909,923,905,919,910,907,908,916,904,920,404,871,914,903,915,918,924,921,912,913,405],"class_list":{"0":"post-16356","1":"product","2":"type-product","3":"status-publish","4":"has-post-thumbnail","6":"product_cat-restorasyon-cozumleri","7":"product_cat-tarihi-yapi-siva-harci","8":"product_tag-cami","9":"product_tag-cevre-dostu-siva","10":"product_tag-dis-cephe-sivasi","11":"product_tag-dogal-yapi-malzemesi","12":"product_tag-duvar-sivasi","13":"product_tag-hamam","14":"product_tag-han","15":"product_tag-horasan-siva","16":"product_tag-ic-cephe-sivasi","17":"product_tag-ince-dogal-hidrolik-kirec","18":"product_tag-ince-siva-harci","19":"product_tag-kaliteli-siva-harci","20":"product_tag-kervansaray","21":"product_tag-nefes-alan-horasan-siva","22":"product_tag-nefes-alan-siva","23":"product_tag-nhl-kirec","24":"product_tag-restorasyon-sivasi","25":"product_tag-su-kemeri","26":"product_tag-surdurulebilir-siva","27":"product_tag-tarihi-eser-ince-ve-kalin-siva","28":"product_tag-tarihi-yapi-horasan-sivasi","29":"product_tag-tarihi-yapi-ince-ve-kalin-siva-horasan-sivasi","30":"product_tag-tarihi-yapi-sivasi","31":"product_tag-tas-ve-tugla-sivasi","32":"product_tag-uzun-omurlu-siva","34":"first","35":"instock","36":"taxable","37":"shipping-taxable","38":"purchasable","39":"product-type-variable"},"yoast_head":"<!-- This site is optimized with the Yoast SEO Premium plugin v20.2.1 (Yoast SEO v20.2.1) - https:\/\/yoast.com\/wordpress\/plugins\/seo\/ -->\n<title>HORASAN \u0130NCE 1120 \u0130nce Horasan S\u0131vas\u0131 | Tarihi Yap\u0131lar \u0130\u00e7in Restorasyon S\u0131vas\u0131<\/title>\n<meta name=\"description\" content=\"HORASAN \u0130NCE 1120 ince horasan s\u0131vas\u0131, tarihi kargir yap\u0131larda boya \u00f6ncesi p\u00fcr\u00fczs\u00fcz y\u00fczey sa\u011flayan, \u00e7imentosuz ve nefes alabilen restorasyon s\u0131vas\u0131d\u0131r.\" \/>\n<meta name=\"robots\" content=\"index, follow, max-snippet:-1, max-image-preview:large, max-video-preview:-1\" \/>\n<link rel=\"canonical\" href=\"https:\/\/dolphinfix.com.tr\/eticaret\/urun\/horasan-ince-1120-ince-horasan-sivasi\/\" \/>\n<meta property=\"og:locale\" content=\"tr_TR\" \/>\n<meta property=\"og:type\" content=\"article\" \/>\n<meta property=\"og:title\" content=\"HORASAN 1120 \u0130NCE - \u0130NCE DO\u011eAL H\u0130DROL\u0130K K\u0130RE\u00c7 ESASLI \u0130NCE SIVA\" \/>\n<meta property=\"og:description\" content=\"HORASAN \u0130NCE 1120 ince horasan s\u0131vas\u0131, tarihi kargir yap\u0131larda boya \u00f6ncesi p\u00fcr\u00fczs\u00fcz y\u00fczey sa\u011flayan, \u00e7imentosuz ve nefes alabilen restorasyon s\u0131vas\u0131d\u0131r.\" \/>\n<meta property=\"og:url\" content=\"https:\/\/dolphinfix.com.tr\/eticaret\/urun\/horasan-ince-1120-ince-horasan-sivasi\/\" \/>\n<meta property=\"og:site_name\" content=\"Dolphinfix\" \/>\n<meta property=\"article:modified_time\" content=\"2026-03-12T20:12:02+00:00\" \/>\n<meta property=\"og:image\" content=\"https:\/\/dolphinfix.com.tr\/eticaret\/wp-content\/uploads\/2024\/10\/1120.png\" \/>\n\t<meta property=\"og:image:width\" content=\"1000\" \/>\n\t<meta property=\"og:image:height\" content=\"1000\" \/>\n\t<meta property=\"og:image:type\" content=\"image\/png\" \/>\n<meta name=\"twitter:card\" content=\"summary_large_image\" \/>\n<meta name=\"twitter:label1\" content=\"Tahmini okuma s\u00fcresi\" \/>\n\t<meta name=\"twitter:data1\" content=\"2 dakika\" \/>\n<script type=\"application\/ld+json\" class=\"yoast-schema-graph\">{\"@context\":\"https:\/\/schema.org\",\"@graph\":[{\"@type\":\"WebPage\",\"@id\":\"https:\/\/dolphinfix.com.tr\/eticaret\/urun\/horasan-ince-1120-ince-horasan-sivasi\/\",\"url\":\"https:\/\/dolphinfix.com.tr\/eticaret\/urun\/horasan-ince-1120-ince-horasan-sivasi\/\",\"name\":\"HORASAN \u0130NCE 1120 \u0130nce Horasan S\u0131vas\u0131 | Tarihi Yap\u0131lar \u0130\u00e7in Restorasyon S\u0131vas\u0131\",\"isPartOf\":{\"@id\":\"https:\/\/dolphinfix.com.tr\/eticaret\/#website\"},\"datePublished\":\"2024-10-26T06:50:30+00:00\",\"dateModified\":\"2026-03-12T20:12:02+00:00\",\"description\":\"HORASAN \u0130NCE 1120 ince horasan s\u0131vas\u0131, tarihi kargir yap\u0131larda boya \u00f6ncesi p\u00fcr\u00fczs\u00fcz y\u00fczey sa\u011flayan, \u00e7imentosuz ve nefes alabilen restorasyon s\u0131vas\u0131d\u0131r.\",\"breadcrumb\":{\"@id\":\"https:\/\/dolphinfix.com.tr\/eticaret\/urun\/horasan-ince-1120-ince-horasan-sivasi\/#breadcrumb\"},\"inLanguage\":\"tr\",\"potentialAction\":[{\"@type\":\"ReadAction\",\"target\":[\"https:\/\/dolphinfix.com.tr\/eticaret\/urun\/horasan-ince-1120-ince-horasan-sivasi\/\"]}]},{\"@type\":\"BreadcrumbList\",\"@id\":\"https:\/\/dolphinfix.com.tr\/eticaret\/urun\/horasan-ince-1120-ince-horasan-sivasi\/#breadcrumb\",\"itemListElement\":[{\"@type\":\"ListItem\",\"position\":1,\"name\":\"Home\",\"item\":\"https:\/\/dolphinfix.com.tr\/eticaret\/\"},{\"@type\":\"ListItem\",\"position\":2,\"name\":\"Market\",\"item\":\"https:\/\/dolphinfix.com.tr\/eticaret\/market\/\"},{\"@type\":\"ListItem\",\"position\":3,\"name\":\"HORASAN 1120 \u0130NCE &#8211; \u0130NCE DO\u011eAL H\u0130DROL\u0130K K\u0130RE\u00c7 ESASLI \u0130NCE SIVA\"}]},{\"@type\":\"WebSite\",\"@id\":\"https:\/\/dolphinfix.com.tr\/eticaret\/#website\",\"url\":\"https:\/\/dolphinfix.com.tr\/eticaret\/\",\"name\":\"Dolphinfix\",\"description\":\"\",\"potentialAction\":[{\"@type\":\"SearchAction\",\"target\":{\"@type\":\"EntryPoint\",\"urlTemplate\":\"https:\/\/dolphinfix.com.tr\/eticaret\/?s={search_term_string}\"},\"query-input\":\"required name=search_term_string\"}],\"inLanguage\":\"tr\"}]}<\/script>\n<!-- \/ Yoast SEO Premium plugin. -->","yoast_head_json":{"title":"HORASAN \u0130NCE 1120 \u0130nce Horasan S\u0131vas\u0131 | Tarihi Yap\u0131lar \u0130\u00e7in Restorasyon S\u0131vas\u0131","description":"HORASAN \u0130NCE 1120 ince horasan s\u0131vas\u0131, tarihi kargir yap\u0131larda boya \u00f6ncesi p\u00fcr\u00fczs\u00fcz y\u00fczey sa\u011flayan, \u00e7imentosuz ve nefes alabilen restorasyon s\u0131vas\u0131d\u0131r.","robots":{"index":"index","follow":"follow","max-snippet":"max-snippet:-1","max-image-preview":"max-image-preview:large","max-video-preview":"max-video-preview:-1"},"canonical":"https:\/\/dolphinfix.com.tr\/eticaret\/urun\/horasan-ince-1120-ince-horasan-sivasi\/","og_locale":"tr_TR","og_type":"article","og_title":"HORASAN 1120 \u0130NCE - \u0130NCE DO\u011eAL H\u0130DROL\u0130K K\u0130RE\u00c7 ESASLI \u0130NCE SIVA","og_description":"HORASAN \u0130NCE 1120 ince horasan s\u0131vas\u0131, tarihi kargir yap\u0131larda boya \u00f6ncesi p\u00fcr\u00fczs\u00fcz y\u00fczey sa\u011flayan, \u00e7imentosuz ve nefes alabilen restorasyon s\u0131vas\u0131d\u0131r.","og_url":"https:\/\/dolphinfix.com.tr\/eticaret\/urun\/horasan-ince-1120-ince-horasan-sivasi\/","og_site_name":"Dolphinfix","article_modified_time":"2026-03-12T20:12:02+00:00","og_image":[{"width":1000,"height":1000,"url":"https:\/\/dolphinfix.com.tr\/eticaret\/wp-content\/uploads\/2024\/10\/1120.png","type":"image\/png"}],"twitter_card":"summary_large_image","twitter_misc":{"Tahmini okuma s\u00fcresi":"2 dakika"},"schema":{"@context":"https:\/\/schema.org","@graph":[{"@type":"WebPage","@id":"https:\/\/dolphinfix.com.tr\/eticaret\/urun\/horasan-ince-1120-ince-horasan-sivasi\/","url":"https:\/\/dolphinfix.com.tr\/eticaret\/urun\/horasan-ince-1120-ince-horasan-sivasi\/","name":"HORASAN \u0130NCE 1120 \u0130nce Horasan S\u0131vas\u0131 | Tarihi Yap\u0131lar \u0130\u00e7in Restorasyon S\u0131vas\u0131","isPartOf":{"@id":"https:\/\/dolphinfix.com.tr\/eticaret\/#website"},"datePublished":"2024-10-26T06:50:30+00:00","dateModified":"2026-03-12T20:12:02+00:00","description":"HORASAN \u0130NCE 1120 ince horasan s\u0131vas\u0131, tarihi kargir yap\u0131larda boya \u00f6ncesi p\u00fcr\u00fczs\u00fcz y\u00fczey sa\u011flayan, \u00e7imentosuz ve nefes alabilen restorasyon s\u0131vas\u0131d\u0131r.","breadcrumb":{"@id":"https:\/\/dolphinfix.com.tr\/eticaret\/urun\/horasan-ince-1120-ince-horasan-sivasi\/#breadcrumb"},"inLanguage":"tr","potentialAction":[{"@type":"ReadAction","target":["https:\/\/dolphinfix.com.tr\/eticaret\/urun\/horasan-ince-1120-ince-horasan-sivasi\/"]}]},{"@type":"BreadcrumbList","@id":"https:\/\/dolphinfix.com.tr\/eticaret\/urun\/horasan-ince-1120-ince-horasan-sivasi\/#breadcrumb","itemListElement":[{"@type":"ListItem","position":1,"name":"Home","item":"https:\/\/dolphinfix.com.tr\/eticaret\/"},{"@type":"ListItem","position":2,"name":"Market","item":"https:\/\/dolphinfix.com.tr\/eticaret\/market\/"},{"@type":"ListItem","position":3,"name":"HORASAN 1120 \u0130NCE &#8211; \u0130NCE DO\u011eAL H\u0130DROL\u0130K K\u0130RE\u00c7 ESASLI \u0130NCE SIVA"}]},{"@type":"WebSite","@id":"https:\/\/dolphinfix.com.tr\/eticaret\/#website","url":"https:\/\/dolphinfix.com.tr\/eticaret\/","name":"Dolphinfix","description":"","potentialAction":[{"@type":"SearchAction","target":{"@type":"EntryPoint","urlTemplate":"https:\/\/dolphinfix.com.tr\/eticaret\/?s={search_term_string}"},"query-input":"required name=search_term_string"}],"inLanguage":"tr"}]}},"_links":{"self":[{"href":"https:\/\/dolphinfix.com.tr\/eticaret\/wp-json\/wp\/v2\/product\/16356","targetHints":{"allow":["GET"]}}],"collection":[{"href":"https:\/\/dolphinfix.com.tr\/eticaret\/wp-json\/wp\/v2\/product"}],"about":[{"href":"https:\/\/dolphinfix.com.tr\/eticaret\/wp-json\/wp\/v2\/types\/product"}],"replies":[{"embeddable":true,"href":"https:\/\/dolphinfix.com.tr\/eticaret\/wp-json\/wp\/v2\/comments?post=16356"}],"version-history":[{"count":5,"href":"https:\/\/dolphinfix.com.tr\/eticaret\/wp-json\/wp\/v2\/product\/16356\/revisions"}],"predecessor-version":[{"id":19049,"href":"https:\/\/dolphinfix.com.tr\/eticaret\/wp-json\/wp\/v2\/product\/16356\/revisions\/19049"}],"wp:featuredmedia":[{"embeddable":true,"href":"https:\/\/dolphinfix.com.tr\/eticaret\/wp-json\/wp\/v2\/media\/16358"}],"wp:attachment":[{"href":"https:\/\/dolphinfix.com.tr\/eticaret\/wp-json\/wp\/v2\/media?parent=16356"}],"wp:term":[{"taxonomy":"product_cat","embeddable":true,"href":"https:\/\/dolphinfix.com.tr\/eticaret\/wp-json\/wp\/v2\/product_cat?post=16356"},{"taxonomy":"product_tag","embeddable":true,"href":"https:\/\/dolphinfix.com.tr\/eticaret\/wp-json\/wp\/v2\/product_tag?post=16356"}],"curies":[{"name":"wp","href":"https:\/\/api.w.org\/{rel}","templated":true}]}}