{"id":16362,"date":"2024-10-26T09:52:30","date_gmt":"2024-10-26T06:52:30","guid":{"rendered":"https:\/\/dolphinfix.com.tr\/eticaret?post_type=product&#038;p=16362"},"modified":"2026-03-12T23:12:02","modified_gmt":"2026-03-12T20:12:02","slug":"horasan-kalin-1121-kalin-horasan-siva-harci","status":"publish","type":"product","link":"https:\/\/dolphinfix.com.tr\/eticaret\/urun\/horasan-kalin-1121-kalin-horasan-siva-harci\/","title":{"rendered":"HORASAN 1121 KALIN &#8211; KALIN DO\u011eAL H\u0130DROL\u0130K K\u0130RE\u00c7 ESASLI KALIN SIVA"},"content":{"rendered":"<h3><span style=\"color: #c61016;\">\u00dcR\u00dcN B\u0130LG\u0130LER\u0130 ;<\/span><\/h3>\n<p data-pm-slice=\"0 0 []\"><span style=\"color: #000000;\"><strong>TANIMI:<\/strong> HORASAN KALIN 1121 Do\u011fal hidrolik kire\u00e7 esasl\u0131, tarihi kargir yap\u0131lar i\u00e7in geli\u015ftirilmi\u015f kal\u0131n s\u0131va harc\u0131.<\/span><\/p>\n<p><span style=\"color: #000000;\"><strong>KULLANIM ALANLARI<\/strong><\/span><br \/>\n<span style=\"color: #000000;\">\u2022Tarihi kargir yap\u0131lar\u0131 s\u0131vanmas\u0131nda,<\/span><br \/>\n<span style=\"color: #000000;\">\u2022Ta\u015f ve temel duvar s\u0131vanmas\u0131nda,<\/span><br \/>\n<span style=\"color: #000000;\">\u2022\u0130\u00e7 ve d\u0131\u015f s\u0131va tamiratlar\u0131nda,<\/span><\/p>\n<p><span style=\"color: #000000;\"><strong>\u00dcR\u00dcN \u00d6ZELL\u0130KLER\u0130 VE AVANTAJLARI<\/strong><\/span><br \/>\n<span style=\"color: #000000;\">\u2022Asbest i\u00e7ermez.\u00c7evre dostudur,<\/span><br \/>\n<span style=\"color: #000000;\">\u2022\u00c7imento i\u00e7ermez,<\/span><br \/>\n<span style=\"color: #000000;\">\u2022Yap\u0131\u015fma dayan\u0131m\u0131 y\u00fcksektir,<\/span><br \/>\n<span style=\"color: #000000;\">\u2022Su buhar\u0131 ge\u00e7irimlili\u011fi y\u00fcksektir, binalar\u0131n nefes almas\u0131n\u0131 sa\u011flar,<\/span><br \/>\n<span style=\"color: #000000;\">\u2022Klor, s\u00fclfat ve ya\u011flara kar\u015f\u0131 dayan\u0131kl\u0131.<\/span><br \/>\n<span style=\"color: #000000;\">\u2022Kapiler su emme \u00f6zelli\u011fi d\u00fc\u015f\u00fckt\u00fcr ,<\/span><br \/>\n<span style=\"color: #000000;\">\u2022\u0130lave bir \u00fcr\u00fcne ihtiya\u00e7 duymaz,<\/span><br \/>\n<span style=\"color: #000000;\">\u2022Tarihi dokuya uyumludur,<\/span><br \/>\n<span style=\"color: #000000;\">\u2022Nemi dengeler k\u00fcflenme yapmaz.<\/span><\/p>\n<p><span style=\"color: #000000;\"><strong>UYGULAMA Y\u00d6NTEM\u0130<\/strong><\/span><br \/>\n<span style=\"color: #000000;\">Y\u00fczey Haz\u0131rl\u0131\u011f\u0131: Uygulama yap\u0131lacak y\u00fczeylerinin sa\u011flam, tozsuz ve temiz olmas\u0131na dikkat edilmelidir. Y\u00fczey, aderans\u0131 zay\u0131flatacak her t\u00fcrl\u00fc ya\u011f,pas, gres ve parafin kal\u0131nt\u0131lar\u0131ndan iyice temizlenmelidir. Uygulama yap\u0131lacak alanda su ak\u0131nt\u0131s\u0131 varsa drene edilmeli veya uygun bir t\u0131ka\u00e7 ile kapat\u0131lmal\u0131d\u0131r. Uygulama yap\u0131lacak y\u00fczeyin \u00f6nceden nemlendirilmesi priz ve \u00e7al\u0131\u015fma s\u00fcresinin uzamas\u0131na yard\u0131mc\u0131 etken olur.<\/span><\/p>\n<p><span style=\"color: #000000;\"><strong>KARI\u015eTIRMA<\/strong><\/span><br \/>\n<span style=\"color: #000000;\">Uygun su miktar\u0131, bir \u00f6l\u00e7ek yard\u0131m\u0131yla temiz kar\u0131\u015ft\u0131rma kovas\u0131na bo\u015falt\u0131l\u0131r. HORASAN KALIN 1121, yava\u015f yava\u015f ilave edilerek 400-600 devirli bir kar\u0131\u015ft\u0131r\u0131c\u0131 ile homojen ve topaks\u0131z bir kar\u0131\u015f\u0131m elde edilinceye kadar 4 dakika kar\u0131\u015ft\u0131r\u0131l\u0131r. Yakla\u015f\u0131k 5 dakika dinlendirilip tekrar 1 dakika kar\u0131\u015ft\u0131r\u0131ld\u0131ktan sonra malzeme kullan\u0131ma haz\u0131r hale gelir.<\/span><\/p>\n<p><span style=\"color: #000000;\"><strong>KARI\u015eTIRMA ORANLARI<\/strong><\/span><br \/>\n<span style=\"color: #000000;\">HORASAN KALIN 1121\u00a0 \u00a0 \u00a0 \u00a0 \u00a0 \u00a0 \u00a0 \u00a0 \u00a0 \u00a0 \u00a0 \u00a01 KG TOZ \u0130\u00c7\u0130N\u00a0 \u00a0 \u00a0 \u00a0 \u00a020 KG TORBA \u0130\u00c7\u0130N<\/span><br \/>\n<span style=\"color: #000000;\">KARI\u015eIM SUYU M\u0130KTARI\u00a0 \u00a0 \u00a0 \u00a0 \u00a0 \u00a0 \u00a0 \u00a0 0,30 lt \u2013 0,35 lt\u00a0 \u00a0 \u00a0 \u00a0 \u00a06,0 lt \u2013 7,0 lt<\/span><br \/>\n<span style=\"color: #000000;\">KARI\u015eIM YO\u011eUNLU\u011eU\u00a0 \u00a0 \u00a0 \u00a0 \u00a0 \u00a0 \u00a0 \u00a0 \u00a0 \u00a0 1,70 kg\/m3<\/span><\/p>\n<p><span style=\"color: #000000;\"><strong>UYGULAMA<\/strong><\/span><br \/>\n<span style=\"color: #000000;\">Haz\u0131rlanan har\u00e7 uygun aletle y\u00fczeye uygulan\u0131r. Uygulama kal\u0131nl\u0131\u011f\u0131 1-2 cm aras\u0131nda olmal\u0131d\u0131r. Harc\u0131n suyunu \u00e7ekmesinden sonra \u00e7elik veya ah\u015fap mala<\/span><br \/>\n<span style=\"color: #000000;\">ile y\u00fczeyi istenilen \u015fekilde bitirin. Daha fazla kat uygulamas\u0131 yapmak i\u00e7in alt katman\u0131n iyice kurudu\u011fundan emin olun ve y\u00fczeyi nemlendirerek<\/span><br \/>\n<span style=\"color: #000000;\">yine 1-2 cm kal\u0131nl\u0131\u011f\u0131nda uygulama yap\u0131labilir.<\/span><\/p>\n<p><span style=\"color: #000000;\"><strong>AMBALAJ<\/strong><\/span><br \/>\n<span style=\"color: #000000;\">20 KG KRAFT TORBA<\/span><\/p>\n<p><span style=\"color: #000000;\"><strong>SARF\u0130YAT<\/strong><\/span><br \/>\n<span style=\"color: #000000;\">1 cm kal\u0131nl\u0131k i\u00e7in 16 kg\/m\u00b2<br \/>\n<\/span><\/p>\n<p><span style=\"color: #000000;\"><strong>RAF \u00d6MR\u00dc<\/strong><br \/>\nUygun depolama ko\u015fullar\u0131nda \u00fcretim tarihinden itibaren 12 ayd\u0131r. A\u00e7\u0131lm\u0131\u015f ambalajlar uygun depolama ko\u015fullar\u0131nda saklanarak bir hafta i\u00e7inde kullan\u0131lmal\u0131d\u0131r.<\/span><\/p>\n","protected":false},"excerpt":{"rendered":"<p><span style=\"color: #000000;\"><a style=\"color: #000000;\" href=\"https:\/\/dolphinfix.com.tr\/eticaret\/wp-content\/uploads\/2025\/04\/HORASAN-KALIN-DOGAL-HIDROLIK-KIREC-ESASLI-KALIN-SIVA-1121-TDS.pdf\" target=\"_blank\" rel=\"noopener\">TDS Belgesini \u0130ndirmek \u0130\u00e7in T\u0131klay\u0131n\u0131z<br \/>\n<\/a><\/span><span style=\"color: #000000;\"><a style=\"color: #000000;\" href=\"#\" target=\"_blank\" rel=\"noopener\">CE Belgesini \u0130ndirmek \u0130\u00e7in T\u0131klay\u0131n\u0131z<\/a><\/span><\/p>\n","protected":false},"featured_media":16359,"comment_status":"open","ping_status":"closed","template":"","meta":{"_joinchat":[]},"product_cat":[84,111],"product_tag":[922,917,927,880,909,923,905,919,928,916,925,926,904,920,404,871,914,903,915,918,924,921,912,913,405],"class_list":{"0":"post-16362","1":"product","2":"type-product","3":"status-publish","4":"has-post-thumbnail","6":"product_cat-restorasyon-cozumleri","7":"product_cat-tarihi-yapi-siva-harci","8":"product_tag-cami","9":"product_tag-cevre-dostu-siva","10":"product_tag-dis-cephe-kalin-sivasi","11":"product_tag-dogal-yapi-malzemesi","12":"product_tag-duvar-sivasi","13":"product_tag-hamam","14":"product_tag-han","15":"product_tag-horasan-siva","16":"product_tag-ic-cephe-kalin-sivasi","17":"product_tag-kaliteli-siva-harci","18":"product_tag-kalin-dogal-hidrolik-kirec","19":"product_tag-kalin-siva-harci","20":"product_tag-kervansaray","21":"product_tag-nefes-alan-horasan-siva","22":"product_tag-nefes-alan-siva","23":"product_tag-nhl-kirec","24":"product_tag-restorasyon-sivasi","25":"product_tag-su-kemeri","26":"product_tag-surdurulebilir-siva","27":"product_tag-tarihi-eser-ince-ve-kalin-siva","28":"product_tag-tarihi-yapi-horasan-sivasi","29":"product_tag-tarihi-yapi-ince-ve-kalin-siva-horasan-sivasi","30":"product_tag-tarihi-yapi-sivasi","31":"product_tag-tas-ve-tugla-sivasi","32":"product_tag-uzun-omurlu-siva","34":"first","35":"instock","36":"taxable","37":"shipping-taxable","38":"purchasable","39":"product-type-variable"},"yoast_head":"<!-- This site is optimized with the Yoast SEO Premium plugin v20.2.1 (Yoast SEO v20.2.1) - https:\/\/yoast.com\/wordpress\/plugins\/seo\/ -->\n<title>HORASAN KALIN 1121 Kal\u0131n Horasan S\u0131va | Tarihi Yap\u0131lar \u0130\u00e7in Restorasyon S\u0131vas\u0131<\/title>\n<meta name=\"description\" content=\"HORASAN KALIN 1121 do\u011fal hidrolik kire\u00e7 esasl\u0131 kal\u0131n s\u0131va harc\u0131, tarihi kargir yap\u0131larda y\u00fcksek aderans sa\u011flayan, nefes alabilen ve \u00e7imentosuz restorasyon s\u0131vas\u0131d\u0131r.\" \/>\n<meta name=\"robots\" content=\"index, follow, max-snippet:-1, max-image-preview:large, max-video-preview:-1\" \/>\n<link rel=\"canonical\" href=\"https:\/\/dolphinfix.com.tr\/eticaret\/urun\/horasan-kalin-1121-kalin-horasan-siva-harci\/\" \/>\n<meta property=\"og:locale\" content=\"tr_TR\" \/>\n<meta property=\"og:type\" content=\"article\" \/>\n<meta property=\"og:title\" content=\"HORASAN 1121 KALIN - KALIN DO\u011eAL H\u0130DROL\u0130K K\u0130RE\u00c7 ESASLI KALIN SIVA\" \/>\n<meta property=\"og:description\" content=\"HORASAN KALIN 1121 do\u011fal hidrolik kire\u00e7 esasl\u0131 kal\u0131n s\u0131va harc\u0131, tarihi kargir yap\u0131larda y\u00fcksek aderans sa\u011flayan, nefes alabilen ve \u00e7imentosuz restorasyon s\u0131vas\u0131d\u0131r.\" \/>\n<meta property=\"og:url\" content=\"https:\/\/dolphinfix.com.tr\/eticaret\/urun\/horasan-kalin-1121-kalin-horasan-siva-harci\/\" \/>\n<meta property=\"og:site_name\" content=\"Dolphinfix\" \/>\n<meta property=\"article:modified_time\" content=\"2026-03-12T20:12:02+00:00\" \/>\n<meta property=\"og:image\" content=\"https:\/\/dolphinfix.com.tr\/eticaret\/wp-content\/uploads\/2024\/10\/1121.png\" \/>\n\t<meta property=\"og:image:width\" content=\"1000\" \/>\n\t<meta property=\"og:image:height\" content=\"1000\" \/>\n\t<meta property=\"og:image:type\" content=\"image\/png\" \/>\n<meta name=\"twitter:card\" content=\"summary_large_image\" \/>\n<meta name=\"twitter:label1\" content=\"Tahmini okuma s\u00fcresi\" \/>\n\t<meta name=\"twitter:data1\" content=\"2 dakika\" \/>\n<script type=\"application\/ld+json\" class=\"yoast-schema-graph\">{\"@context\":\"https:\/\/schema.org\",\"@graph\":[{\"@type\":\"WebPage\",\"@id\":\"https:\/\/dolphinfix.com.tr\/eticaret\/urun\/horasan-kalin-1121-kalin-horasan-siva-harci\/\",\"url\":\"https:\/\/dolphinfix.com.tr\/eticaret\/urun\/horasan-kalin-1121-kalin-horasan-siva-harci\/\",\"name\":\"HORASAN KALIN 1121 Kal\u0131n Horasan S\u0131va | Tarihi Yap\u0131lar \u0130\u00e7in Restorasyon S\u0131vas\u0131\",\"isPartOf\":{\"@id\":\"https:\/\/dolphinfix.com.tr\/eticaret\/#website\"},\"datePublished\":\"2024-10-26T06:52:30+00:00\",\"dateModified\":\"2026-03-12T20:12:02+00:00\",\"description\":\"HORASAN KALIN 1121 do\u011fal hidrolik kire\u00e7 esasl\u0131 kal\u0131n s\u0131va harc\u0131, tarihi kargir yap\u0131larda y\u00fcksek aderans sa\u011flayan, nefes alabilen ve \u00e7imentosuz restorasyon s\u0131vas\u0131d\u0131r.\",\"breadcrumb\":{\"@id\":\"https:\/\/dolphinfix.com.tr\/eticaret\/urun\/horasan-kalin-1121-kalin-horasan-siva-harci\/#breadcrumb\"},\"inLanguage\":\"tr\",\"potentialAction\":[{\"@type\":\"ReadAction\",\"target\":[\"https:\/\/dolphinfix.com.tr\/eticaret\/urun\/horasan-kalin-1121-kalin-horasan-siva-harci\/\"]}]},{\"@type\":\"BreadcrumbList\",\"@id\":\"https:\/\/dolphinfix.com.tr\/eticaret\/urun\/horasan-kalin-1121-kalin-horasan-siva-harci\/#breadcrumb\",\"itemListElement\":[{\"@type\":\"ListItem\",\"position\":1,\"name\":\"Home\",\"item\":\"https:\/\/dolphinfix.com.tr\/eticaret\/\"},{\"@type\":\"ListItem\",\"position\":2,\"name\":\"Market\",\"item\":\"https:\/\/dolphinfix.com.tr\/eticaret\/market\/\"},{\"@type\":\"ListItem\",\"position\":3,\"name\":\"HORASAN 1121 KALIN &#8211; KALIN DO\u011eAL H\u0130DROL\u0130K K\u0130RE\u00c7 ESASLI KALIN SIVA\"}]},{\"@type\":\"WebSite\",\"@id\":\"https:\/\/dolphinfix.com.tr\/eticaret\/#website\",\"url\":\"https:\/\/dolphinfix.com.tr\/eticaret\/\",\"name\":\"Dolphinfix\",\"description\":\"\",\"potentialAction\":[{\"@type\":\"SearchAction\",\"target\":{\"@type\":\"EntryPoint\",\"urlTemplate\":\"https:\/\/dolphinfix.com.tr\/eticaret\/?s={search_term_string}\"},\"query-input\":\"required name=search_term_string\"}],\"inLanguage\":\"tr\"}]}<\/script>\n<!-- \/ Yoast SEO Premium plugin. -->","yoast_head_json":{"title":"HORASAN KALIN 1121 Kal\u0131n Horasan S\u0131va | Tarihi Yap\u0131lar \u0130\u00e7in Restorasyon S\u0131vas\u0131","description":"HORASAN KALIN 1121 do\u011fal hidrolik kire\u00e7 esasl\u0131 kal\u0131n s\u0131va harc\u0131, tarihi kargir yap\u0131larda y\u00fcksek aderans sa\u011flayan, nefes alabilen ve \u00e7imentosuz restorasyon s\u0131vas\u0131d\u0131r.","robots":{"index":"index","follow":"follow","max-snippet":"max-snippet:-1","max-image-preview":"max-image-preview:large","max-video-preview":"max-video-preview:-1"},"canonical":"https:\/\/dolphinfix.com.tr\/eticaret\/urun\/horasan-kalin-1121-kalin-horasan-siva-harci\/","og_locale":"tr_TR","og_type":"article","og_title":"HORASAN 1121 KALIN - KALIN DO\u011eAL H\u0130DROL\u0130K K\u0130RE\u00c7 ESASLI KALIN SIVA","og_description":"HORASAN KALIN 1121 do\u011fal hidrolik kire\u00e7 esasl\u0131 kal\u0131n s\u0131va harc\u0131, tarihi kargir yap\u0131larda y\u00fcksek aderans sa\u011flayan, nefes alabilen ve \u00e7imentosuz restorasyon s\u0131vas\u0131d\u0131r.","og_url":"https:\/\/dolphinfix.com.tr\/eticaret\/urun\/horasan-kalin-1121-kalin-horasan-siva-harci\/","og_site_name":"Dolphinfix","article_modified_time":"2026-03-12T20:12:02+00:00","og_image":[{"width":1000,"height":1000,"url":"https:\/\/dolphinfix.com.tr\/eticaret\/wp-content\/uploads\/2024\/10\/1121.png","type":"image\/png"}],"twitter_card":"summary_large_image","twitter_misc":{"Tahmini okuma s\u00fcresi":"2 dakika"},"schema":{"@context":"https:\/\/schema.org","@graph":[{"@type":"WebPage","@id":"https:\/\/dolphinfix.com.tr\/eticaret\/urun\/horasan-kalin-1121-kalin-horasan-siva-harci\/","url":"https:\/\/dolphinfix.com.tr\/eticaret\/urun\/horasan-kalin-1121-kalin-horasan-siva-harci\/","name":"HORASAN KALIN 1121 Kal\u0131n Horasan S\u0131va | Tarihi Yap\u0131lar \u0130\u00e7in Restorasyon S\u0131vas\u0131","isPartOf":{"@id":"https:\/\/dolphinfix.com.tr\/eticaret\/#website"},"datePublished":"2024-10-26T06:52:30+00:00","dateModified":"2026-03-12T20:12:02+00:00","description":"HORASAN KALIN 1121 do\u011fal hidrolik kire\u00e7 esasl\u0131 kal\u0131n s\u0131va harc\u0131, tarihi kargir yap\u0131larda y\u00fcksek aderans sa\u011flayan, nefes alabilen ve \u00e7imentosuz restorasyon s\u0131vas\u0131d\u0131r.","breadcrumb":{"@id":"https:\/\/dolphinfix.com.tr\/eticaret\/urun\/horasan-kalin-1121-kalin-horasan-siva-harci\/#breadcrumb"},"inLanguage":"tr","potentialAction":[{"@type":"ReadAction","target":["https:\/\/dolphinfix.com.tr\/eticaret\/urun\/horasan-kalin-1121-kalin-horasan-siva-harci\/"]}]},{"@type":"BreadcrumbList","@id":"https:\/\/dolphinfix.com.tr\/eticaret\/urun\/horasan-kalin-1121-kalin-horasan-siva-harci\/#breadcrumb","itemListElement":[{"@type":"ListItem","position":1,"name":"Home","item":"https:\/\/dolphinfix.com.tr\/eticaret\/"},{"@type":"ListItem","position":2,"name":"Market","item":"https:\/\/dolphinfix.com.tr\/eticaret\/market\/"},{"@type":"ListItem","position":3,"name":"HORASAN 1121 KALIN &#8211; KALIN DO\u011eAL H\u0130DROL\u0130K K\u0130RE\u00c7 ESASLI KALIN SIVA"}]},{"@type":"WebSite","@id":"https:\/\/dolphinfix.com.tr\/eticaret\/#website","url":"https:\/\/dolphinfix.com.tr\/eticaret\/","name":"Dolphinfix","description":"","potentialAction":[{"@type":"SearchAction","target":{"@type":"EntryPoint","urlTemplate":"https:\/\/dolphinfix.com.tr\/eticaret\/?s={search_term_string}"},"query-input":"required name=search_term_string"}],"inLanguage":"tr"}]}},"_links":{"self":[{"href":"https:\/\/dolphinfix.com.tr\/eticaret\/wp-json\/wp\/v2\/product\/16362","targetHints":{"allow":["GET"]}}],"collection":[{"href":"https:\/\/dolphinfix.com.tr\/eticaret\/wp-json\/wp\/v2\/product"}],"about":[{"href":"https:\/\/dolphinfix.com.tr\/eticaret\/wp-json\/wp\/v2\/types\/product"}],"replies":[{"embeddable":true,"href":"https:\/\/dolphinfix.com.tr\/eticaret\/wp-json\/wp\/v2\/comments?post=16362"}],"version-history":[{"count":7,"href":"https:\/\/dolphinfix.com.tr\/eticaret\/wp-json\/wp\/v2\/product\/16362\/revisions"}],"predecessor-version":[{"id":19055,"href":"https:\/\/dolphinfix.com.tr\/eticaret\/wp-json\/wp\/v2\/product\/16362\/revisions\/19055"}],"wp:featuredmedia":[{"embeddable":true,"href":"https:\/\/dolphinfix.com.tr\/eticaret\/wp-json\/wp\/v2\/media\/16359"}],"wp:attachment":[{"href":"https:\/\/dolphinfix.com.tr\/eticaret\/wp-json\/wp\/v2\/media?parent=16362"}],"wp:term":[{"taxonomy":"product_cat","embeddable":true,"href":"https:\/\/dolphinfix.com.tr\/eticaret\/wp-json\/wp\/v2\/product_cat?post=16362"},{"taxonomy":"product_tag","embeddable":true,"href":"https:\/\/dolphinfix.com.tr\/eticaret\/wp-json\/wp\/v2\/product_tag?post=16362"}],"curies":[{"name":"wp","href":"https:\/\/api.w.org\/{rel}","templated":true}]}}