{"id":16372,"date":"2024-10-26T09:57:50","date_gmt":"2024-10-26T06:57:50","guid":{"rendered":"https:\/\/dolphinfix.com.tr\/eticaret?post_type=product&#038;p=16372"},"modified":"2026-03-12T23:12:02","modified_gmt":"2026-03-12T20:12:02","slug":"fix-1123-kirecli-cini-yapistirici","status":"publish","type":"product","link":"https:\/\/dolphinfix.com.tr\/eticaret\/urun\/fix-1123-kirecli-cini-yapistirici\/","title":{"rendered":"HORASAN FIX 1123 &#8211; DO\u011eAL H\u0130DROL\u0130K K\u0130RE\u00c7 ESASLI YAPI\u015eTIRMA HARCI"},"content":{"rendered":"<h3><span style=\"color: #c61016;\">\u00dcR\u00dcN B\u0130LG\u0130LER\u0130 ;<\/span><\/h3>\n<p data-pm-slice=\"1 1 []\"><span style=\"color: #000000;\"><strong>TANIMI:<\/strong> FIX 1123, Do\u011fal hidrolik kire\u00e7 esasl\u0131, \u00e7imento i\u00e7ermeyen, \u00e7ini ve pi\u015fmi\u015f toprak kaplamalar\u0131 (kotto) yap\u0131\u015ft\u0131rmak i\u00e7in geli\u015ftirilmi\u015f yap\u0131\u015ft\u0131r\u0131c\u0131d\u0131r.<\/span><\/p>\n<p><span style=\"color: #000000;\"><strong>\u00a0KULLANIM ALANLARI<\/strong><\/span><br \/>\n<span style=\"color: #000000;\">\u2022\u00c7ini ve mozaiklerin yap\u0131\u015ft\u0131r\u0131lmas\u0131nda,<\/span><br \/>\n<span style=\"color: #000000;\">\u2022Pi\u015fmi\u015f toprak (kotto) kaplamalar\u0131n ve fayanslar\u0131n yap\u0131\u015ft\u0131r\u0131lmas\u0131nda,<\/span><br \/>\n<span style=\"color: #000000;\">\u2022\u0130nce y\u00fczey tamiratlar\u0131nda,<\/span><\/p>\n<p><span style=\"color: #000000;\"><strong>\u00dcR\u00dcN \u00d6ZELL\u0130KLER\u0130 VE AVANTAJLARI<\/strong><\/span><br \/>\n<span style=\"color: #000000;\">\u2022Do\u011fal Hidrolik Kire\u00e7 esasl\u0131<\/span><br \/>\n<span style=\"color: #000000;\">\u2022Tarihi dokuya uyumlu<\/span><br \/>\n<span style=\"color: #000000;\">\u2022\u00c7imento i\u00e7ermez,<\/span><br \/>\n<span style=\"color: #000000;\">\u2022Yap\u0131\u015fma dayan\u0131m\u0131 y\u00fcksektir,<\/span><br \/>\n<span style=\"color: #000000;\">\u2022Kapiler su emme oran\u0131 d\u00fc\u015f\u00fckt\u00fcr,<\/span><br \/>\n<span style=\"color: #000000;\">\u2022\u00d6zel mineral esasl\u0131 dolgulu i\u00e7erir .<\/span><br \/>\n<span style=\"color: #000000;\">\u2022Haz\u0131rlanmas\u0131 ve uygulamas\u0131 \u00e7ok kolayd\u0131r,<\/span><br \/>\n<span style=\"color: #000000;\">\u2022\u0130lave bir \u00fcr\u00fcne ihtiya\u00e7 duymaz,<\/span><br \/>\n<span style=\"color: #000000;\">\u2022Asbest i\u00e7ermez, \u00e7evre dostudur,<\/span><\/p>\n<p><span style=\"color: #000000;\"><strong>TEKN\u0130K \u00d6ZELL\u0130KLER<\/strong><\/span><br \/>\n<span style=\"color: #000000;\">Malzemenin Yap\u0131s\u0131: Do\u011fal hidrolik kire\u00e7,\u00f6zel<\/span><br \/>\n<span style=\"color: #000000;\">ince silis agregalar,<\/span><br \/>\n<span style=\"color: #000000;\">Mineral dolgular.<\/span><br \/>\n<span style=\"color: #000000;\">Renk: Kirli Beyaz, Bej<\/span><br \/>\n<span style=\"color: #000000;\">Bas\u0131n\u00e7 Dayan\u0131m\u0131: \u226510 N\/mm\u00b2 (28 g\u00fcn)<\/span><br \/>\n<span style=\"color: #000000;\">E\u011filme Dayan\u0131m\u0131: \u2265 2,0 N\/mm\u00b2<\/span><br \/>\n<span style=\"color: #000000;\">Kapiler Su Absorbsiyonu: \u22640,5 kg.m\u00af\u00b2.h\u00af\u2070\u2219\u2075<\/span><br \/>\n<span style=\"color: #000000;\">Su Buhar\u0131 Ge\u00e7irgenli\u011fi: \u00b5&lt;15<\/span><br \/>\n<span style=\"color: #000000;\">Uygulanacak Zeminin<\/span><br \/>\n<span style=\"color: #000000;\">S\u0131cakl\u0131\u011f\u0131: +5\u00b0C +30\u00b0C<\/span><br \/>\n<span style=\"color: #000000;\">Servis S\u0131cakl\u0131\u011f\u0131: -20\u00b0C +40\u00b0C<\/span><br \/>\n<span style=\"color: #000000;\">Kullanma S\u00fcresi (+20\u00b0C): 60 dak.<\/span><br \/>\n<span style=\"color: #000000;\">Tipik de\u011ferler: +23\u00b0C\u2019de %50 ba\u011f\u0131l nem ko\u015fullar\u0131nda 4x4x16 cm har\u00e7 prizmas\u0131nda yap\u0131lan deneyler sonucunda elde edilmi\u015ftir. Y\u00fcksek s\u0131cakl\u0131klar s\u00fcreleri<\/span><br \/>\n<span style=\"color: #000000;\">k\u0131salt\u0131r, d\u00fc\u015f\u00fck s\u0131cakl\u0131klar uzat\u0131r.<\/span><\/p>\n<p><span style=\"color: #000000;\"><strong>UYGULAMA Y\u00d6NTEM\u0130<\/strong><\/span><br \/>\n<span style=\"color: #000000;\">Y\u00fczey Haz\u0131rl\u0131\u011f\u0131: Yap\u0131lar\u0131n s\u0131va yap\u0131lacak y\u00fczeylerinin sa\u011flam, tozsuz ve temiz olmas\u0131na dikkat edilmelidir. Y\u00fczey, aderans\u0131 zay\u0131flatacak her t\u00fcrl\u00fc ya\u011f, pas, gres ve parafin kal\u0131nt\u0131lar\u0131ndan iyice temizlenmelidir. Uygulama yap\u0131lacak alan\u0131n aderans\u0131n\u0131 art\u0131rmak ve y\u00fczeye harc\u0131n yap\u0131\u015fma ve <\/span><span style=\"color: #000000;\">mukavemetini iyile\u015ftirmek i\u00e7in y\u00fczey \u00f6nceden nemlendirilmelidir.<\/span><\/p>\n<p><span style=\"color: #000000;\"><strong>KARI\u015eTIRMA<\/strong><\/span><br \/>\n<span style=\"color: #000000;\">Uygun su miktar\u0131, bir \u00f6l\u00e7ek yard\u0131m\u0131yla temiz kar\u0131\u015ft\u0131rma kovas\u0131na bo\u015falt\u0131l\u0131r. FIX 1123, yava\u015f yava\u015f ilave edilerek 400-600 devirli bir kar\u0131\u015ft\u0131r\u0131c\u0131 ile homojen ve topaks\u0131z bir kar\u0131\u015f\u0131m elde edilinceye kadar 10 dakika kar\u0131\u015ft\u0131r\u0131l\u0131r. Yakla\u015f\u0131k 5 dakika dinlendirilip tekrar 2 dakika kar\u0131\u015ft\u0131r\u0131ld\u0131ktan sonra malzeme kullan\u0131ma haz\u0131r hale gelir.<\/span><\/p>\n<p><span style=\"color: #000000;\"><strong>UYGULAMA<\/strong><\/span><br \/>\n<span style=\"color: #000000;\">Y\u00fczeyde olabilecek oyuk, \u00e7ukur gibi yerler OGH 1122 veya KAV\u0130 1124 ile d\u00fczeltilmelidir. Haz\u0131rlanan har\u00e7 y\u00fczeye uygun \u00f6l\u00e7\u00fcdeki tarakl\u0131 mala ile uygulan\u0131r.<\/span><br \/>\n<span style=\"color: #000000;\">\u00dczerine yap\u0131lacak kaplama yap\u0131l\u0131r. Atmosfere a\u00e7\u0131k geni\u015f y\u00fczeyler, \u00f6zellikle s\u0131cak, kuru veya r\u00fczg\u00e2rl\u0131 ortamlar, 24-48 saat s\u00fcreyle \u0131slak \u00e7uval, su ya da \u00f6zel k\u00fcr maddeleri ile h\u0131zl\u0131 buharla\u015fmaya kar\u015f\u0131 korunmal\u0131d\u0131r.<\/span><\/p>\n<p><span style=\"color: #000000;\"><strong>AMBALAJ<\/strong><\/span><br \/>\n<span style=\"color: #000000;\">20 kg\u2019l\u0131k polietilen takviyeli kraft torba.<\/span><\/p>\n<p><span style=\"color: #000000;\"><strong>SARF\u0130YAT<\/strong><\/span><br \/>\n<span style=\"color: #000000;\">Seramik tara\u011f\u0131 di\u015f boyutlar\u0131 ve t\u00fcketim<\/span><br \/>\n<span style=\"color: #000000;\">6 mm: 4,0 \u2013 6,0 kg\/m\u00b2<\/span><br \/>\n<span style=\"color: #000000;\">8 mm: 6,5 \u2013 7,5 kg\/m\u00b2<\/span><br \/>\n<span style=\"color: #000000;\">10 mm: 7,5 \u2013 8,5 kg\/m\u00b2<\/span><\/p>\n<p><span style=\"color: #000000;\"><strong>ALETLER\u0130N TEM\u0130ZLENMES\u0130<\/strong><\/span><br \/>\n<span style=\"color: #000000;\">Uygulamadan sonra kullan\u0131lan alet ve ekipmanlar su ile temizlenmelidir. \u0130NCE 1120, sertle\u015ftikten sonra ancak mekanik olarak y\u00fczeyden temizlenebilir.<\/span><\/p>\n<p><span style=\"color: #000000;\"><strong>DEPOLAMA<\/strong><\/span><br \/>\n<span style=\"color: #000000;\">A\u00e7\u0131lmam\u0131\u015f orijinal ambalaj\u0131nda, serin ve kuru ortamda, dondan korunarak depolanmal\u0131d\u0131r. K\u0131sa s\u00fcreli depolamalarda, en fazla 2 palet \u00fcst \u00fcste konulmal\u0131 ve ilk giren ilk \u00e7\u0131kar sistemiyle sevkiyat yap\u0131lmal\u0131d\u0131r. Uzun s\u00fcreli depolamalarda ise, paletler \u00fcst \u00fcste konulmamal\u0131d\u0131r.<\/span><\/p>\n<p><span style=\"color: #000000;\"><strong>RAF \u00d6MR\u00dc<\/strong><\/span><br \/>\n<span style=\"color: #000000;\">Uygun depolama ko\u015fullar\u0131nda \u00fcretim tarihinden itibaren 12 ayd\u0131r. A\u00e7\u0131lm\u0131\u015f ambalajlar uygun depolama ko\u015fullar\u0131nda saklanarak bir hafta i\u00e7inde kullan\u0131lmal\u0131d\u0131r.<\/span><\/p>\n","protected":false},"excerpt":{"rendered":"<p><span style=\"color: #000000;\"><a style=\"color: #000000;\" href=\"https:\/\/dolphinfix.com.tr\/eticaret\/wp-content\/uploads\/2025\/04\/HORASAN-DOGAL-HIDROLIK-KIREC-ESASLI-YAPISTIRMA-ILACI-FIX-1123-TDS.pdf\" target=\"_blank\" rel=\"noopener\">TDS Belgesini \u0130ndirmek \u0130\u00e7in T\u0131klay\u0131n\u0131z<br \/>\n<\/a><\/span><span style=\"color: #000000;\"><a style=\"color: #000000;\" href=\"#\" target=\"_blank\" rel=\"noopener\">CE Belgesini \u0130ndirmek \u0130\u00e7in T\u0131klay\u0131n\u0131z<\/a><\/span><\/p>\n","protected":false},"featured_media":16374,"comment_status":"open","ping_status":"closed","template":"","meta":{"_joinchat":[]},"product_cat":[84,112],"product_tag":[955,941,954,952,949,870,948,951,950,945,710,897,933,953,946,947,898,944],"class_list":{"0":"post-16372","1":"product","2":"type-product","3":"status-publish","4":"has-post-thumbnail","6":"product_cat-restorasyon-cozumleri","7":"product_cat-tarihi-yapi-cini-yapistirma-harci","8":"product_tag-cami-ve-saraylarda-seramik","9":"product_tag-cevre-dostu-harc","10":"product_tag-cini-yapistirma-harci","11":"product_tag-dayanikli-yapi-harci","12":"product_tag-dis-cephe-yapistirma-harci","13":"product_tag-dogal-hidrolik-kirec","14":"product_tag-ic-cephe-yapistirma-harci","15":"product_tag-kaliteli-yapistirma-harci","16":"product_tag-nefes-alan-yapistirma-harci","17":"product_tag-nhl-kirec-harci","18":"product_tag-profesyonel-uygulama-harci","19":"product_tag-restorasyon-harci","20":"product_tag-tarihi-yapi-harci","21":"product_tag-tarihi-yapilarda-seramik","22":"product_tag-tas-yapistirma-harci","23":"product_tag-tugla-yapistirma-harci","24":"product_tag-uzun-omurlu-harc","25":"product_tag-yapistirma-harci","27":"first","28":"instock","29":"taxable","30":"shipping-taxable","31":"purchasable","32":"product-type-variable"},"yoast_head":"<!-- This site is optimized with the Yoast SEO Premium plugin v20.2.1 (Yoast SEO v20.2.1) - https:\/\/yoast.com\/wordpress\/plugins\/seo\/ -->\n<title>FIX 1123 Do\u011fal Hidrolik Kire\u00e7li \u00c7ini ve Kotto Yap\u0131\u015ft\u0131r\u0131c\u0131 | \u00c7imentosuz Tarihi Doku Uyumlu<\/title>\n<meta name=\"description\" content=\"FIX 1123, do\u011fal hidrolik kire\u00e7 esasl\u0131, \u00e7imento i\u00e7ermeyen \u00e7ini ve kotto yap\u0131\u015ft\u0131r\u0131c\u0131d\u0131r. Tarihi yap\u0131lara uyumlu, y\u00fcksek yap\u0131\u015fma dayan\u0131ml\u0131 ve su buhar\u0131 ge\u00e7irgen yap\u0131s\u0131yla g\u00fcvenli ve \u00e7evre dostu \u00e7\u00f6z\u00fcmler sunar.\" \/>\n<meta name=\"robots\" content=\"index, follow, max-snippet:-1, max-image-preview:large, max-video-preview:-1\" \/>\n<link rel=\"canonical\" href=\"https:\/\/dolphinfix.com.tr\/eticaret\/urun\/fix-1123-kirecli-cini-yapistirici\/\" \/>\n<meta property=\"og:locale\" content=\"tr_TR\" \/>\n<meta property=\"og:type\" content=\"article\" \/>\n<meta property=\"og:title\" content=\"HORASAN FIX 1123 - DO\u011eAL H\u0130DROL\u0130K K\u0130RE\u00c7 ESASLI YAPI\u015eTIRMA HARCI\" \/>\n<meta property=\"og:description\" content=\"FIX 1123, do\u011fal hidrolik kire\u00e7 esasl\u0131, \u00e7imento i\u00e7ermeyen \u00e7ini ve kotto yap\u0131\u015ft\u0131r\u0131c\u0131d\u0131r. Tarihi yap\u0131lara uyumlu, y\u00fcksek yap\u0131\u015fma dayan\u0131ml\u0131 ve su buhar\u0131 ge\u00e7irgen yap\u0131s\u0131yla g\u00fcvenli ve \u00e7evre dostu \u00e7\u00f6z\u00fcmler sunar.\" \/>\n<meta property=\"og:url\" content=\"https:\/\/dolphinfix.com.tr\/eticaret\/urun\/fix-1123-kirecli-cini-yapistirici\/\" \/>\n<meta property=\"og:site_name\" content=\"Dolphinfix\" \/>\n<meta property=\"article:modified_time\" content=\"2026-03-12T20:12:02+00:00\" \/>\n<meta property=\"og:image\" content=\"https:\/\/dolphinfix.com.tr\/eticaret\/wp-content\/uploads\/2024\/10\/1123.png\" \/>\n\t<meta property=\"og:image:width\" content=\"1000\" \/>\n\t<meta property=\"og:image:height\" content=\"1000\" \/>\n\t<meta property=\"og:image:type\" content=\"image\/png\" \/>\n<meta name=\"twitter:card\" content=\"summary_large_image\" \/>\n<meta name=\"twitter:label1\" content=\"Tahmini okuma s\u00fcresi\" \/>\n\t<meta name=\"twitter:data1\" content=\"3 dakika\" \/>\n<script type=\"application\/ld+json\" class=\"yoast-schema-graph\">{\"@context\":\"https:\/\/schema.org\",\"@graph\":[{\"@type\":\"WebPage\",\"@id\":\"https:\/\/dolphinfix.com.tr\/eticaret\/urun\/fix-1123-kirecli-cini-yapistirici\/\",\"url\":\"https:\/\/dolphinfix.com.tr\/eticaret\/urun\/fix-1123-kirecli-cini-yapistirici\/\",\"name\":\"FIX 1123 Do\u011fal Hidrolik Kire\u00e7li \u00c7ini ve Kotto Yap\u0131\u015ft\u0131r\u0131c\u0131 | \u00c7imentosuz Tarihi Doku Uyumlu\",\"isPartOf\":{\"@id\":\"https:\/\/dolphinfix.com.tr\/eticaret\/#website\"},\"datePublished\":\"2024-10-26T06:57:50+00:00\",\"dateModified\":\"2026-03-12T20:12:02+00:00\",\"description\":\"FIX 1123, do\u011fal hidrolik kire\u00e7 esasl\u0131, \u00e7imento i\u00e7ermeyen \u00e7ini ve kotto yap\u0131\u015ft\u0131r\u0131c\u0131d\u0131r. Tarihi yap\u0131lara uyumlu, y\u00fcksek yap\u0131\u015fma dayan\u0131ml\u0131 ve su buhar\u0131 ge\u00e7irgen yap\u0131s\u0131yla g\u00fcvenli ve \u00e7evre dostu \u00e7\u00f6z\u00fcmler sunar.\",\"breadcrumb\":{\"@id\":\"https:\/\/dolphinfix.com.tr\/eticaret\/urun\/fix-1123-kirecli-cini-yapistirici\/#breadcrumb\"},\"inLanguage\":\"tr\",\"potentialAction\":[{\"@type\":\"ReadAction\",\"target\":[\"https:\/\/dolphinfix.com.tr\/eticaret\/urun\/fix-1123-kirecli-cini-yapistirici\/\"]}]},{\"@type\":\"BreadcrumbList\",\"@id\":\"https:\/\/dolphinfix.com.tr\/eticaret\/urun\/fix-1123-kirecli-cini-yapistirici\/#breadcrumb\",\"itemListElement\":[{\"@type\":\"ListItem\",\"position\":1,\"name\":\"Home\",\"item\":\"https:\/\/dolphinfix.com.tr\/eticaret\/\"},{\"@type\":\"ListItem\",\"position\":2,\"name\":\"Market\",\"item\":\"https:\/\/dolphinfix.com.tr\/eticaret\/market\/\"},{\"@type\":\"ListItem\",\"position\":3,\"name\":\"HORASAN FIX 1123 &#8211; DO\u011eAL H\u0130DROL\u0130K K\u0130RE\u00c7 ESASLI YAPI\u015eTIRMA HARCI\"}]},{\"@type\":\"WebSite\",\"@id\":\"https:\/\/dolphinfix.com.tr\/eticaret\/#website\",\"url\":\"https:\/\/dolphinfix.com.tr\/eticaret\/\",\"name\":\"Dolphinfix\",\"description\":\"\",\"potentialAction\":[{\"@type\":\"SearchAction\",\"target\":{\"@type\":\"EntryPoint\",\"urlTemplate\":\"https:\/\/dolphinfix.com.tr\/eticaret\/?s={search_term_string}\"},\"query-input\":\"required name=search_term_string\"}],\"inLanguage\":\"tr\"}]}<\/script>\n<!-- \/ Yoast SEO Premium plugin. -->","yoast_head_json":{"title":"FIX 1123 Do\u011fal Hidrolik Kire\u00e7li \u00c7ini ve Kotto Yap\u0131\u015ft\u0131r\u0131c\u0131 | \u00c7imentosuz Tarihi Doku Uyumlu","description":"FIX 1123, do\u011fal hidrolik kire\u00e7 esasl\u0131, \u00e7imento i\u00e7ermeyen \u00e7ini ve kotto yap\u0131\u015ft\u0131r\u0131c\u0131d\u0131r. Tarihi yap\u0131lara uyumlu, y\u00fcksek yap\u0131\u015fma dayan\u0131ml\u0131 ve su buhar\u0131 ge\u00e7irgen yap\u0131s\u0131yla g\u00fcvenli ve \u00e7evre dostu \u00e7\u00f6z\u00fcmler sunar.","robots":{"index":"index","follow":"follow","max-snippet":"max-snippet:-1","max-image-preview":"max-image-preview:large","max-video-preview":"max-video-preview:-1"},"canonical":"https:\/\/dolphinfix.com.tr\/eticaret\/urun\/fix-1123-kirecli-cini-yapistirici\/","og_locale":"tr_TR","og_type":"article","og_title":"HORASAN FIX 1123 - DO\u011eAL H\u0130DROL\u0130K K\u0130RE\u00c7 ESASLI YAPI\u015eTIRMA HARCI","og_description":"FIX 1123, do\u011fal hidrolik kire\u00e7 esasl\u0131, \u00e7imento i\u00e7ermeyen \u00e7ini ve kotto yap\u0131\u015ft\u0131r\u0131c\u0131d\u0131r. Tarihi yap\u0131lara uyumlu, y\u00fcksek yap\u0131\u015fma dayan\u0131ml\u0131 ve su buhar\u0131 ge\u00e7irgen yap\u0131s\u0131yla g\u00fcvenli ve \u00e7evre dostu \u00e7\u00f6z\u00fcmler sunar.","og_url":"https:\/\/dolphinfix.com.tr\/eticaret\/urun\/fix-1123-kirecli-cini-yapistirici\/","og_site_name":"Dolphinfix","article_modified_time":"2026-03-12T20:12:02+00:00","og_image":[{"width":1000,"height":1000,"url":"https:\/\/dolphinfix.com.tr\/eticaret\/wp-content\/uploads\/2024\/10\/1123.png","type":"image\/png"}],"twitter_card":"summary_large_image","twitter_misc":{"Tahmini okuma s\u00fcresi":"3 dakika"},"schema":{"@context":"https:\/\/schema.org","@graph":[{"@type":"WebPage","@id":"https:\/\/dolphinfix.com.tr\/eticaret\/urun\/fix-1123-kirecli-cini-yapistirici\/","url":"https:\/\/dolphinfix.com.tr\/eticaret\/urun\/fix-1123-kirecli-cini-yapistirici\/","name":"FIX 1123 Do\u011fal Hidrolik Kire\u00e7li \u00c7ini ve Kotto Yap\u0131\u015ft\u0131r\u0131c\u0131 | \u00c7imentosuz Tarihi Doku Uyumlu","isPartOf":{"@id":"https:\/\/dolphinfix.com.tr\/eticaret\/#website"},"datePublished":"2024-10-26T06:57:50+00:00","dateModified":"2026-03-12T20:12:02+00:00","description":"FIX 1123, do\u011fal hidrolik kire\u00e7 esasl\u0131, \u00e7imento i\u00e7ermeyen \u00e7ini ve kotto yap\u0131\u015ft\u0131r\u0131c\u0131d\u0131r. Tarihi yap\u0131lara uyumlu, y\u00fcksek yap\u0131\u015fma dayan\u0131ml\u0131 ve su buhar\u0131 ge\u00e7irgen yap\u0131s\u0131yla g\u00fcvenli ve \u00e7evre dostu \u00e7\u00f6z\u00fcmler sunar.","breadcrumb":{"@id":"https:\/\/dolphinfix.com.tr\/eticaret\/urun\/fix-1123-kirecli-cini-yapistirici\/#breadcrumb"},"inLanguage":"tr","potentialAction":[{"@type":"ReadAction","target":["https:\/\/dolphinfix.com.tr\/eticaret\/urun\/fix-1123-kirecli-cini-yapistirici\/"]}]},{"@type":"BreadcrumbList","@id":"https:\/\/dolphinfix.com.tr\/eticaret\/urun\/fix-1123-kirecli-cini-yapistirici\/#breadcrumb","itemListElement":[{"@type":"ListItem","position":1,"name":"Home","item":"https:\/\/dolphinfix.com.tr\/eticaret\/"},{"@type":"ListItem","position":2,"name":"Market","item":"https:\/\/dolphinfix.com.tr\/eticaret\/market\/"},{"@type":"ListItem","position":3,"name":"HORASAN FIX 1123 &#8211; DO\u011eAL H\u0130DROL\u0130K K\u0130RE\u00c7 ESASLI YAPI\u015eTIRMA HARCI"}]},{"@type":"WebSite","@id":"https:\/\/dolphinfix.com.tr\/eticaret\/#website","url":"https:\/\/dolphinfix.com.tr\/eticaret\/","name":"Dolphinfix","description":"","potentialAction":[{"@type":"SearchAction","target":{"@type":"EntryPoint","urlTemplate":"https:\/\/dolphinfix.com.tr\/eticaret\/?s={search_term_string}"},"query-input":"required name=search_term_string"}],"inLanguage":"tr"}]}},"_links":{"self":[{"href":"https:\/\/dolphinfix.com.tr\/eticaret\/wp-json\/wp\/v2\/product\/16372","targetHints":{"allow":["GET"]}}],"collection":[{"href":"https:\/\/dolphinfix.com.tr\/eticaret\/wp-json\/wp\/v2\/product"}],"about":[{"href":"https:\/\/dolphinfix.com.tr\/eticaret\/wp-json\/wp\/v2\/types\/product"}],"replies":[{"embeddable":true,"href":"https:\/\/dolphinfix.com.tr\/eticaret\/wp-json\/wp\/v2\/comments?post=16372"}],"version-history":[{"count":5,"href":"https:\/\/dolphinfix.com.tr\/eticaret\/wp-json\/wp\/v2\/product\/16372\/revisions"}],"predecessor-version":[{"id":19094,"href":"https:\/\/dolphinfix.com.tr\/eticaret\/wp-json\/wp\/v2\/product\/16372\/revisions\/19094"}],"wp:featuredmedia":[{"embeddable":true,"href":"https:\/\/dolphinfix.com.tr\/eticaret\/wp-json\/wp\/v2\/media\/16374"}],"wp:attachment":[{"href":"https:\/\/dolphinfix.com.tr\/eticaret\/wp-json\/wp\/v2\/media?parent=16372"}],"wp:term":[{"taxonomy":"product_cat","embeddable":true,"href":"https:\/\/dolphinfix.com.tr\/eticaret\/wp-json\/wp\/v2\/product_cat?post=16372"},{"taxonomy":"product_tag","embeddable":true,"href":"https:\/\/dolphinfix.com.tr\/eticaret\/wp-json\/wp\/v2\/product_tag?post=16372"}],"curies":[{"name":"wp","href":"https:\/\/api.w.org\/{rel}","templated":true}]}}