{"id":16381,"date":"2024-10-26T10:02:34","date_gmt":"2024-10-26T07:02:34","guid":{"rendered":"https:\/\/dolphinfix.com.tr\/eticaret?post_type=product&#038;p=16381"},"modified":"2026-03-12T23:24:45","modified_gmt":"2026-03-12T20:24:45","slug":"fuga-1130-horasan-derz-harci","status":"publish","type":"product","link":"https:\/\/dolphinfix.com.tr\/eticaret\/urun\/fuga-1130-horasan-derz-harci\/","title":{"rendered":"HORASAN 1130 FUGA &#8211; DO\u011eAL H\u0130DROL\u0130K K\u0130RE\u00c7 ESASLI DERZ DOLGU HARCI"},"content":{"rendered":"<h3><span style=\"color: #c61016;\">\u00dcR\u00dcN B\u0130LG\u0130LER\u0130 ;<\/span><\/h3>\n<p data-pm-slice=\"0 0 []\"><span style=\"color: #000000;\"><strong>TANIMI:<\/strong> FUGA 1130, Puzolanik kire\u00e7 esasl\u0131, \u00e7imento i\u00e7ermeyen, \u00f6zel gradasyonlu, y\u00fcksek mukavemetli, tarihi ta\u015f duvar derzleri i\u00e7in \u00f6zel olarak geli\u015ftirilmi\u015f horasan harc\u0131d\u0131r.<\/span><\/p>\n<p><span style=\"color: #000000;\"><strong>KULLANIM ALANLARI<\/strong><\/span><br \/>\n<span style=\"color: #000000;\">\u2022Ta\u015f ve tu\u011fla duvar derzlerinde,<\/span><br \/>\n<span style=\"color: #000000;\">\u2022Geni\u015f ve derin derz bo\u015fluklar\u0131nda,<\/span><br \/>\n<span style=\"color: #000000;\">\u2022Kald\u0131r\u0131m derzlerinde,<\/span><br \/>\n<span style=\"color: #000000;\">\u2022Tamirat i\u015flerinde,<\/span><\/p>\n<p><span style=\"color: #000000;\"><strong>\u00dcR\u00dcN \u00d6ZELL\u0130KLER\u0130 VE AVANTAJLARI<\/strong><\/span><br \/>\n<span style=\"color: #000000;\">\u2022Suya ve dona kar\u015f\u0131 diren\u00e7lidir.<\/span><br \/>\n<span style=\"color: #000000;\">\u2022Farkl\u0131 y\u00fczeylere kolay uyum sa\u011flar.<\/span><br \/>\n<span style=\"color: #000000;\">\u2022\u00c7imento i\u00e7ermez.<\/span><br \/>\n<span style=\"color: #000000;\">\u2022\u00d6zel gradasyonlu mineral esasl\u0131 dolgular i\u00e7erir.<\/span><br \/>\n<span style=\"color: #000000;\">\u2022Kuvvetli ba\u011flay\u0131c\u0131l\u0131k \u00f6zellikli<\/span><br \/>\n<span style=\"color: #000000;\">\u2022Tozuma ve \u00e7atlama yapmaz.<\/span><br \/>\n<span style=\"color: #000000;\">\u2022Mekanik dayan\u0131mlar\u0131 y\u00fcksektir.<\/span><br \/>\n<span style=\"color: #000000;\">\u2022Tarihi dokuya uyumlu.<\/span><\/p>\n<p><span style=\"color: #000000;\"><strong>TEKN\u0130K \u00d6ZELL\u0130KLER<\/strong><\/span><br \/>\n<span style=\"color: #000000;\">Malzemenin Yap\u0131s\u0131: Puzolanik kire\u00e7,\u00f6zel silis agregalar, Mineral dolgular.<\/span><br \/>\n<span style=\"color: #000000;\">Renk: Beyaz, Nil Beji, K\u0131z\u0131l vb. renklerde<\/span><br \/>\n<span style=\"color: #000000;\">Bas\u0131n\u00e7 Dayan\u0131m\u0131: M5 (28 g\u00fcn)<\/span><br \/>\n<span style=\"color: #000000;\">Ba\u011f Dayan\u0131m\u0131: \u2265 0,15 N\/mm\u00b2<\/span><br \/>\n<span style=\"color: #000000;\">Kapiler Su Absorbsiyonu: \u22640,2 kg.m\u00af\u00b2.h\u00af\u2070\u2219\u2075<\/span><br \/>\n<span style=\"color: #000000;\">Su Buhar\u0131 Ge\u00e7irkenli\u011fi: \u00b5 5&lt;20<\/span><br \/>\n<span style=\"color: #000000;\">Uygulama Kal\u0131nl\u0131\u011f\u0131: 0,5-30 mm<\/span><br \/>\n<span style=\"color: #000000;\">Uygulanacak Zeminin S\u0131cakl\u0131\u011f\u0131: +5\u00b0C +30\u00b0C<\/span><br \/>\n<span style=\"color: #000000;\">Servis S\u0131cakl\u0131\u011f\u0131: +5\u00b0C +40\u00b0C<\/span><br \/>\n<span style=\"color: #000000;\">Kullanma S\u00fcresi (+20\u00b0C): 60 dak.<\/span><br \/>\n<span style=\"color: #000000;\">Tipik de\u011ferler: +23\u00b0C\u2019de %50 ba\u011f\u0131l nem ko\u015fullar\u0131nda 4x4x16 cm har\u00e7 prizmas\u0131nda yap\u0131lan deneyler sonucunda elde edilmi\u015ftir. Y\u00fcksek s\u0131cakl\u0131klar s\u00fcreleri<\/span><br \/>\n<span style=\"color: #000000;\">k\u0131salt\u0131r, d\u00fc\u015f\u00fck s\u0131cakl\u0131klar uzat\u0131r.<\/span><\/p>\n<p><span style=\"color: #000000;\"><strong>UYGULAMA Y\u00d6NTEM\u0130<\/strong><\/span><br \/>\n<span style=\"color: #000000;\">Y\u00fczey Haz\u0131rl\u0131\u011f\u0131: Tarihi kargir yap\u0131lar\u0131n onar\u0131m ve s\u0131va yap\u0131lacak y\u00fczeylerinin sa\u011flam olmas\u0131na dikkat edilmeli. Y\u00fczey tozsuz ve temiz olmal\u0131. Uygulama y\u00fczeyinin \u00fczerinde aderans\u0131 zay\u0131flatacak her t\u00fcrl\u00fc ya\u011f, gres, pas vb. maddelerden iyice temizlenmeli. Uygulama yap\u0131lacak alan\u0131n aderanss\u0131n\u0131 art\u0131rmak ve y\u00fczeye harc\u0131n yap\u0131\u015fma ve mukavemetini iyile\u015ftirmek i\u00e7in y\u00fczey \u00f6nceden nemlendirilmesi gerekmektedir. Y\u00fczey hortum ile \u0131slat\u0131ld\u0131 ise fazla sular\u0131n giderilmeli y\u00fczey sadece nemli olmal\u0131, d\u0131\u015far\u0131dan gelen aktif bir su var ise, su drene edilerek, uygulama yap\u0131lmal\u0131, enjeksiyon malzemeleri su yal\u0131t\u0131lmal\u0131. Uygulama y\u00fczeyinde<\/span><br \/>\n<span style=\"color: #000000;\">yap\u0131\u015fmay\u0131 engelleyecek aktif su bulunmamal\u0131d\u0131r.<\/span><\/p>\n<p><span style=\"color: #000000;\"><strong>HAZIRLAMA TAL\u0130MATI VE KARI\u015eTIRMA<\/strong><\/span><br \/>\n<span style=\"color: #000000;\">Uygun su miktar\u0131, \u00f6l\u00e7ek yard\u0131m\u0131yla temiz bir kovaya bo\u015falt\u0131l\u0131r. FUGA 1130 OLYMPOS, yava\u015f yava\u015f ilave edilerek 400-600 devirli bir kar\u0131\u015ft\u0131r\u0131c\u0131 ile 3-4 dakika,<\/span><br \/>\n<span style=\"color: #000000;\">homojen ve topaks\u0131z bir kar\u0131\u015f\u0131m elde edilinceye kadar kar\u0131\u015ft\u0131r\u0131l\u0131r. Yakla\u015f\u0131k 4-5 dakika dinlendirilip tekrar 30 saniye kar\u0131\u015ft\u0131r\u0131ld\u0131ktan sonra malzeme kullan\u0131ma haz\u0131r hale gelir.<\/span><\/p>\n<p><span style=\"color: #000000;\"><strong>KARI\u015eTIRMA ORANLARI<\/strong><\/span><br \/>\n<span style=\"color: #000000;\">FUGA 1130\u00a0 \u00a0 \u00a0 \u00a0 \u00a0 \u00a0 \u00a0 \u00a0 \u00a0 \u00a0 \u00a0 \u00a0 \u00a0 \u00a0 \u00a0 1 KG TOZ \u0130\u00c7\u0130N\u00a0 \u00a0 \u00a0 \u00a0 \u00a0 \u00a020 KG TORBA \u0130\u00c7\u0130N KARI\u015eIM<\/span><br \/>\n<span style=\"color: #000000;\">SUYU M\u0130KTARI\u00a0 \u00a0 \u00a0 \u00a0 \u00a0 \u00a0 \u00a0 \u00a0 \u00a0 \u00a0 0,14 lt \u2013 0,0,16 lt\u00a0 \u00a0 \u00a0 \u00a0 \u00a02,80 lt \u2013 3,20 lt<\/span><br \/>\n<span style=\"color: #000000;\">KARI\u015eIM YO\u011eUNLU\u011eU\u00a0 \u00a0 \u00a01,70 kg\/lt<\/span><\/p>\n<p><span style=\"color: #000000;\"><strong>UYGULAMA<\/strong><\/span><br \/>\n<span style=\"color: #000000;\">20 kg FUGA 1130 i\u00e7in belirtilen su miktar\u0131 haz\u0131rlanan har\u00e7 mala ile uygulan\u0131r. Harc\u0131n kurumas\u0131 beklenir ve sert s\u00fcnger vb. bir malzeme ile hafif \u0131slat\u0131larak silinir ve y\u0131kan\u0131r. B\u00f6ylece harc\u0131n i\u00e7inde ki desen ortaya \u00e7\u0131kar\u0131l\u0131r.<\/span><\/p>\n<p><span style=\"color: #000000;\"><strong>AMBALAJ<\/strong><\/span><br \/>\n<span style=\"color: #000000;\">20 KG KRAFT TORBA<\/span><\/p>\n<p><span style=\"color: #000000;\"><strong>SARF\u0130YAT<\/strong><\/span><br \/>\n<span style=\"color: #000000;\">1 m2 geni\u015fli\u011finde ve 10 mm kal\u0131nl\u0131\u011f\u0131nda derz yapmak i\u00e7in 17 kg toz \u00fcr\u00fcn gereklidir<\/span><\/p>\n<p><span style=\"color: #000000;\"><strong>ALETLER\u0130N TEM\u0130ZLENMES\u0130<\/strong><\/span><br \/>\n<span style=\"color: #000000;\">Uygulamadan sonra kullan\u0131lan alet ve ekipmanlar su ile temizlenmelidir. FUGA 1130, sertle\u015ftikten sonra ancak mekanik olarak y\u00fczeyden temizlenebilir.<\/span><\/p>\n<p><span style=\"color: #000000;\"><strong>RAF \u00d6MR\u00dc<\/strong><\/span><br \/>\n<span style=\"color: #000000;\">Uygun depolama ko\u015fullar\u0131nda \u00fcretim tarihinden itibaren 12 ayd\u0131r. A\u00e7\u0131lm\u0131\u015f ambalajlar uygun depolama ko\u015fullar\u0131nda saklanarak bir hafta i\u00e7inde kullan\u0131lmal\u0131d\u0131r.<\/span><\/p>\n","protected":false},"excerpt":{"rendered":"<p><span style=\"color: #000000;\"><a style=\"color: #000000;\" href=\"https:\/\/dolphinfix.com.tr\/eticaret\/wp-content\/uploads\/2025\/04\/HORASAN-DOGAL-HIDROLIK-KIREC-ESASLI-DERZ-DOLGU-HARCI-FUGA-1130-TDS.pdf\" target=\"_blank\" rel=\"noopener\">TDS Belgesini \u0130ndirmek \u0130\u00e7in T\u0131klay\u0131n\u0131z<br \/>\n<\/a><\/span><span style=\"color: #000000;\"><a style=\"color: #000000;\" href=\"#\" target=\"_blank\" rel=\"noopener\">CE Belgesini \u0130ndirmek \u0130\u00e7in T\u0131klay\u0131n\u0131z<\/a><\/span><\/p>\n","protected":false},"featured_media":16383,"comment_status":"open","ping_status":"closed","template":"","meta":{"_joinchat":[]},"product_cat":[84,113],"product_tag":[979,922,974,973,492,539,870,923,905,967,977,972,904,970,871,975,968,903,976,969,978,965,966,971],"class_list":{"0":"post-16381","1":"product","2":"type-product","3":"status-publish","4":"has-post-thumbnail","6":"product_cat-restorasyon-cozumleri","7":"product_cat-tarihi-yapi-derz-dolgu-harci","8":"product_tag-birinci-kalite-horasan-derz-harci","9":"product_tag-cami","10":"product_tag-cevre-dostu-derz-harci","11":"product_tag-dayanikli-derz-harci","12":"product_tag-derz-dolgu-harci","13":"product_tag-dis-cephe-derz-harci","14":"product_tag-dogal-hidrolik-kirec","15":"product_tag-hamam","16":"product_tag-han","17":"product_tag-ic-cephe-derz-harci","18":"product_tag-ic-ve-dis-cephe-horasan-derz-harci","19":"product_tag-kaliteli-derz-harci","20":"product_tag-kervansaray","21":"product_tag-nefes-alan-derz-harci","22":"product_tag-nhl-kirec","23":"product_tag-profesyonel-derz-uygulamasi","24":"product_tag-restorasyon-derz-harci","25":"product_tag-su-kemeri","26":"product_tag-tarihi-eser-yapilarinda-kullanilar-derz-harci-tas-binalarda-kullanilan-derz-harci","27":"product_tag-tarihi-yapi-derz-harci","28":"product_tag-tarihi-yapi-horasan-derz-harci","29":"product_tag-tas-derz-dolgusu","30":"product_tag-tugla-derz-harci","31":"product_tag-uzun-omurlu-derz-harci","33":"first","34":"instock","35":"taxable","36":"shipping-taxable","37":"purchasable","38":"product-type-variable"},"yoast_head":"<!-- This site is optimized with the Yoast SEO Premium plugin v20.2.1 (Yoast SEO v20.2.1) - https:\/\/yoast.com\/wordpress\/plugins\/seo\/ -->\n<title>FUGA 1130 Horasan Derz Harc\u0131 | Tarihi Ta\u015f ve Tu\u011fla Duvarlar \u0130\u00e7in Kire\u00e7 Esasl\u0131<\/title>\n<meta name=\"description\" content=\"FUGA 1130, puzolanik kire\u00e7 esasl\u0131, \u00e7imento i\u00e7ermeyen horasan derz harc\u0131d\u0131r. Tarihi ta\u015f ve tu\u011fla duvar derzlerinde y\u00fcksek dayan\u0131m, su ve dona kar\u015f\u0131 diren\u00e7 sa\u011flar.\" \/>\n<meta name=\"robots\" content=\"index, follow, max-snippet:-1, max-image-preview:large, max-video-preview:-1\" \/>\n<link rel=\"canonical\" href=\"https:\/\/dolphinfix.com.tr\/eticaret\/urun\/fuga-1130-horasan-derz-harci\/\" \/>\n<meta property=\"og:locale\" content=\"tr_TR\" \/>\n<meta property=\"og:type\" content=\"article\" \/>\n<meta property=\"og:title\" content=\"HORASAN 1130 FUGA - DO\u011eAL H\u0130DROL\u0130K K\u0130RE\u00c7 ESASLI DERZ DOLGU HARCI\" \/>\n<meta property=\"og:description\" content=\"FUGA 1130, puzolanik kire\u00e7 esasl\u0131, \u00e7imento i\u00e7ermeyen horasan derz harc\u0131d\u0131r. Tarihi ta\u015f ve tu\u011fla duvar derzlerinde y\u00fcksek dayan\u0131m, su ve dona kar\u015f\u0131 diren\u00e7 sa\u011flar.\" \/>\n<meta property=\"og:url\" content=\"https:\/\/dolphinfix.com.tr\/eticaret\/urun\/fuga-1130-horasan-derz-harci\/\" \/>\n<meta property=\"og:site_name\" content=\"Dolphinfix\" \/>\n<meta property=\"article:modified_time\" content=\"2026-03-12T20:24:45+00:00\" \/>\n<meta property=\"og:image\" content=\"https:\/\/dolphinfix.com.tr\/eticaret\/wp-content\/uploads\/2024\/10\/1130.png\" \/>\n\t<meta property=\"og:image:width\" content=\"1000\" \/>\n\t<meta property=\"og:image:height\" content=\"1000\" \/>\n\t<meta property=\"og:image:type\" content=\"image\/png\" \/>\n<meta name=\"twitter:card\" content=\"summary_large_image\" \/>\n<meta name=\"twitter:label1\" content=\"Tahmini okuma s\u00fcresi\" \/>\n\t<meta name=\"twitter:data1\" content=\"3 dakika\" \/>\n<script type=\"application\/ld+json\" class=\"yoast-schema-graph\">{\"@context\":\"https:\/\/schema.org\",\"@graph\":[{\"@type\":\"WebPage\",\"@id\":\"https:\/\/dolphinfix.com.tr\/eticaret\/urun\/fuga-1130-horasan-derz-harci\/\",\"url\":\"https:\/\/dolphinfix.com.tr\/eticaret\/urun\/fuga-1130-horasan-derz-harci\/\",\"name\":\"FUGA 1130 Horasan Derz Harc\u0131 | Tarihi Ta\u015f ve Tu\u011fla Duvarlar \u0130\u00e7in Kire\u00e7 Esasl\u0131\",\"isPartOf\":{\"@id\":\"https:\/\/dolphinfix.com.tr\/eticaret\/#website\"},\"datePublished\":\"2024-10-26T07:02:34+00:00\",\"dateModified\":\"2026-03-12T20:24:45+00:00\",\"description\":\"FUGA 1130, puzolanik kire\u00e7 esasl\u0131, \u00e7imento i\u00e7ermeyen horasan derz harc\u0131d\u0131r. Tarihi ta\u015f ve tu\u011fla duvar derzlerinde y\u00fcksek dayan\u0131m, su ve dona kar\u015f\u0131 diren\u00e7 sa\u011flar.\",\"breadcrumb\":{\"@id\":\"https:\/\/dolphinfix.com.tr\/eticaret\/urun\/fuga-1130-horasan-derz-harci\/#breadcrumb\"},\"inLanguage\":\"tr\",\"potentialAction\":[{\"@type\":\"ReadAction\",\"target\":[\"https:\/\/dolphinfix.com.tr\/eticaret\/urun\/fuga-1130-horasan-derz-harci\/\"]}]},{\"@type\":\"BreadcrumbList\",\"@id\":\"https:\/\/dolphinfix.com.tr\/eticaret\/urun\/fuga-1130-horasan-derz-harci\/#breadcrumb\",\"itemListElement\":[{\"@type\":\"ListItem\",\"position\":1,\"name\":\"Home\",\"item\":\"https:\/\/dolphinfix.com.tr\/eticaret\/\"},{\"@type\":\"ListItem\",\"position\":2,\"name\":\"Market\",\"item\":\"https:\/\/dolphinfix.com.tr\/eticaret\/market\/\"},{\"@type\":\"ListItem\",\"position\":3,\"name\":\"HORASAN 1130 FUGA &#8211; DO\u011eAL H\u0130DROL\u0130K K\u0130RE\u00c7 ESASLI DERZ DOLGU HARCI\"}]},{\"@type\":\"WebSite\",\"@id\":\"https:\/\/dolphinfix.com.tr\/eticaret\/#website\",\"url\":\"https:\/\/dolphinfix.com.tr\/eticaret\/\",\"name\":\"Dolphinfix\",\"description\":\"\",\"potentialAction\":[{\"@type\":\"SearchAction\",\"target\":{\"@type\":\"EntryPoint\",\"urlTemplate\":\"https:\/\/dolphinfix.com.tr\/eticaret\/?s={search_term_string}\"},\"query-input\":\"required name=search_term_string\"}],\"inLanguage\":\"tr\"}]}<\/script>\n<!-- \/ Yoast SEO Premium plugin. -->","yoast_head_json":{"title":"FUGA 1130 Horasan Derz Harc\u0131 | Tarihi Ta\u015f ve Tu\u011fla Duvarlar \u0130\u00e7in Kire\u00e7 Esasl\u0131","description":"FUGA 1130, puzolanik kire\u00e7 esasl\u0131, \u00e7imento i\u00e7ermeyen horasan derz harc\u0131d\u0131r. Tarihi ta\u015f ve tu\u011fla duvar derzlerinde y\u00fcksek dayan\u0131m, su ve dona kar\u015f\u0131 diren\u00e7 sa\u011flar.","robots":{"index":"index","follow":"follow","max-snippet":"max-snippet:-1","max-image-preview":"max-image-preview:large","max-video-preview":"max-video-preview:-1"},"canonical":"https:\/\/dolphinfix.com.tr\/eticaret\/urun\/fuga-1130-horasan-derz-harci\/","og_locale":"tr_TR","og_type":"article","og_title":"HORASAN 1130 FUGA - DO\u011eAL H\u0130DROL\u0130K K\u0130RE\u00c7 ESASLI DERZ DOLGU HARCI","og_description":"FUGA 1130, puzolanik kire\u00e7 esasl\u0131, \u00e7imento i\u00e7ermeyen horasan derz harc\u0131d\u0131r. Tarihi ta\u015f ve tu\u011fla duvar derzlerinde y\u00fcksek dayan\u0131m, su ve dona kar\u015f\u0131 diren\u00e7 sa\u011flar.","og_url":"https:\/\/dolphinfix.com.tr\/eticaret\/urun\/fuga-1130-horasan-derz-harci\/","og_site_name":"Dolphinfix","article_modified_time":"2026-03-12T20:24:45+00:00","og_image":[{"width":1000,"height":1000,"url":"https:\/\/dolphinfix.com.tr\/eticaret\/wp-content\/uploads\/2024\/10\/1130.png","type":"image\/png"}],"twitter_card":"summary_large_image","twitter_misc":{"Tahmini okuma s\u00fcresi":"3 dakika"},"schema":{"@context":"https:\/\/schema.org","@graph":[{"@type":"WebPage","@id":"https:\/\/dolphinfix.com.tr\/eticaret\/urun\/fuga-1130-horasan-derz-harci\/","url":"https:\/\/dolphinfix.com.tr\/eticaret\/urun\/fuga-1130-horasan-derz-harci\/","name":"FUGA 1130 Horasan Derz Harc\u0131 | Tarihi Ta\u015f ve Tu\u011fla Duvarlar \u0130\u00e7in Kire\u00e7 Esasl\u0131","isPartOf":{"@id":"https:\/\/dolphinfix.com.tr\/eticaret\/#website"},"datePublished":"2024-10-26T07:02:34+00:00","dateModified":"2026-03-12T20:24:45+00:00","description":"FUGA 1130, puzolanik kire\u00e7 esasl\u0131, \u00e7imento i\u00e7ermeyen horasan derz harc\u0131d\u0131r. Tarihi ta\u015f ve tu\u011fla duvar derzlerinde y\u00fcksek dayan\u0131m, su ve dona kar\u015f\u0131 diren\u00e7 sa\u011flar.","breadcrumb":{"@id":"https:\/\/dolphinfix.com.tr\/eticaret\/urun\/fuga-1130-horasan-derz-harci\/#breadcrumb"},"inLanguage":"tr","potentialAction":[{"@type":"ReadAction","target":["https:\/\/dolphinfix.com.tr\/eticaret\/urun\/fuga-1130-horasan-derz-harci\/"]}]},{"@type":"BreadcrumbList","@id":"https:\/\/dolphinfix.com.tr\/eticaret\/urun\/fuga-1130-horasan-derz-harci\/#breadcrumb","itemListElement":[{"@type":"ListItem","position":1,"name":"Home","item":"https:\/\/dolphinfix.com.tr\/eticaret\/"},{"@type":"ListItem","position":2,"name":"Market","item":"https:\/\/dolphinfix.com.tr\/eticaret\/market\/"},{"@type":"ListItem","position":3,"name":"HORASAN 1130 FUGA &#8211; DO\u011eAL H\u0130DROL\u0130K K\u0130RE\u00c7 ESASLI DERZ DOLGU HARCI"}]},{"@type":"WebSite","@id":"https:\/\/dolphinfix.com.tr\/eticaret\/#website","url":"https:\/\/dolphinfix.com.tr\/eticaret\/","name":"Dolphinfix","description":"","potentialAction":[{"@type":"SearchAction","target":{"@type":"EntryPoint","urlTemplate":"https:\/\/dolphinfix.com.tr\/eticaret\/?s={search_term_string}"},"query-input":"required name=search_term_string"}],"inLanguage":"tr"}]}},"_links":{"self":[{"href":"https:\/\/dolphinfix.com.tr\/eticaret\/wp-json\/wp\/v2\/product\/16381","targetHints":{"allow":["GET"]}}],"collection":[{"href":"https:\/\/dolphinfix.com.tr\/eticaret\/wp-json\/wp\/v2\/product"}],"about":[{"href":"https:\/\/dolphinfix.com.tr\/eticaret\/wp-json\/wp\/v2\/types\/product"}],"replies":[{"embeddable":true,"href":"https:\/\/dolphinfix.com.tr\/eticaret\/wp-json\/wp\/v2\/comments?post=16381"}],"version-history":[{"count":5,"href":"https:\/\/dolphinfix.com.tr\/eticaret\/wp-json\/wp\/v2\/product\/16381\/revisions"}],"predecessor-version":[{"id":19104,"href":"https:\/\/dolphinfix.com.tr\/eticaret\/wp-json\/wp\/v2\/product\/16381\/revisions\/19104"}],"wp:featuredmedia":[{"embeddable":true,"href":"https:\/\/dolphinfix.com.tr\/eticaret\/wp-json\/wp\/v2\/media\/16383"}],"wp:attachment":[{"href":"https:\/\/dolphinfix.com.tr\/eticaret\/wp-json\/wp\/v2\/media?parent=16381"}],"wp:term":[{"taxonomy":"product_cat","embeddable":true,"href":"https:\/\/dolphinfix.com.tr\/eticaret\/wp-json\/wp\/v2\/product_cat?post=16381"},{"taxonomy":"product_tag","embeddable":true,"href":"https:\/\/dolphinfix.com.tr\/eticaret\/wp-json\/wp\/v2\/product_tag?post=16381"}],"curies":[{"name":"wp","href":"https:\/\/api.w.org\/{rel}","templated":true}]}}