{"id":16435,"date":"2024-10-28T17:11:50","date_gmt":"2024-10-28T14:11:50","guid":{"rendered":"https:\/\/dolphinfix.com.tr\/eticaret?post_type=product&#038;p=16435"},"modified":"2026-03-12T08:38:35","modified_gmt":"2026-03-12T05:38:35","slug":"kristeks-101-2ks-uv","status":"publish","type":"product","link":"https:\/\/dolphinfix.com.tr\/eticaret\/urun\/kristeks-101-2ks-uv\/","title":{"rendered":"KR\u0130STEKS 2KS 101 &#8211; \u00c7\u0130FT KOMPONENTL\u0130 S\u00dcPER ESNEK SU YALITIM MALZEMES\u0130"},"content":{"rendered":"<h5><span style=\"color: #c61016;\"><span style=\"color: #ff0000;\"><strong>** PALET F\u0130YATLARI \u0130\u00c7\u0130N \u0130LET\u0130\u015e\u0130ME GE\u00c7\u0130N\u0130Z.**<\/strong><\/span><\/span><\/h5>\n<h3><span style=\"color: #c61016;\">\u00dcR\u00dcN B\u0130LG\u0130LER\u0130 ;<\/span><\/h3>\n<p><span style=\"color: #000000;\"><strong>TANIMI :<\/strong> KRISTEKS 101 2KS UV, akrilik ve \u00e7imento esasl\u0131, \u00f6zel katk\u0131lar ile desteklenmis iki bilesenli s\u00fcper esnek su yal\u0131t\u0131m harc\u0131d\u0131r.<\/span><\/p>\n<p><span style=\"color: #000000;\"><strong>KULLANIM ALANLARI ;<\/strong><\/span><br \/>\n<span style=\"color: #000000;\">\u2022Havuzlar, temel perde duvar, i\u00e7me suyu ve su depolar\u0131nda,<\/span><br \/>\n<span style=\"color: #000000;\">\u2022At\u0131k su ar\u0131tma tesislerinde,<\/span><br \/>\n<span style=\"color: #000000;\">\u2022Bina cephesi beton y\u00fczey kaplamalar\u0131nda su ile temas eden y\u00fczeylerde,<\/span><br \/>\n<span style=\"color: #000000;\">\u2022Bodrum, tugla duvar islerinde y\u00fckselen neme kars\u0131,<\/span><br \/>\n<span style=\"color: #000000;\">\u2022Y\u00fczme havuzu, \u0131slak hacimlerde, laboratuvarlar ve rezervuarlarda,<\/span><\/p>\n<p><span style=\"color: #000000;\"><strong>\u00dcR\u00dcN \u00d6ZELL\u0130KLER\u0130;<\/strong><\/span><br \/>\n<span style=\"color: #000000;\">\u2022\u00c7abuk ve kolay kurur,<\/span><br \/>\n<span style=\"color: #000000;\">\u2022UV dayan\u0131ml\u0131d\u0131r,<\/span><br \/>\n<span style=\"color: #000000;\">\u2022Bas\u0131n\u00e7l\u0131 sulara kars\u0131 y\u00fcksek dayan\u0131m,<\/span><br \/>\n<span style=\"color: #000000;\">\u2022Tabaka elde etme ve k\u00fc\u00e7\u00fck dolgularda kullan\u0131l\u0131r,<\/span><br \/>\n<span style=\"color: #000000;\">\u2022Ge\u00e7irimsiz tabaka olu\u015fumunda \u00e7atlama yapmaz,<\/span><br \/>\n<span style=\"color: #000000;\">\u2022Aderans\u0131 y\u00fcksek olup, alt tabakaya iyi yap\u0131\u015f\u0131r,<\/span><br \/>\n<span style=\"color: #000000;\">\u2022\u00c7atlaklar\u0131 \u00e7ok iyi \u00f6rter, Don ve yaslanmaya kars\u0131 dayan\u0131kl\u0131d\u0131r,<\/span><br \/>\n<span style=\"color: #000000;\">\u2022\u0130\u00e7erdigi minerallerden dolay\u0131 \u00e7evre dostudur,<\/span><br \/>\n<span style=\"color: #000000;\">\u2022\u00dczerine direk olarak seramik ve fayans kaplanabilir.<\/span><\/p>\n<p><span style=\"color: #000000;\"><strong>UYGULAMA Y\u00d6NTEM\u0130 :<\/strong> KRISTEKS 101 2KS UV, \u0130ki bile\u015fenlidir. A bile\u015feni temiz bir kapa bo\u015falt\u0131n. B bile\u015feni(toz) s\u0131v\u0131 bile\u015fenin \u00fczerine<\/span><br \/>\n<span style=\"color: #000000;\">yava\u015f yava\u015f d\u00f6kerken d\u00fc\u015f\u00fck devirde kar\u0131\u015ft\u0131r\u0131c\u0131 ile kar\u0131\u015ft\u0131r\u0131n. \u0130yice homojen olana kadar kar\u0131\u015ft\u0131r\u0131n. Topaklanma olmamas\u0131na dikkat edin. Uygulama yap\u0131lacak zemini suya doygun hale getirin. Metrekareye toplamda 3 kg \u00fcr\u00fcn kullan\u0131lmal\u0131d\u0131r. 1. Kat uygulama iyice kurumadan 2. Kata ge\u00e7ilmemelidir. Kuruma s\u00fcresi mevsimsel \u015fartlara g\u00f6re 3 ile 12 saat aras\u0131nda de\u011fi\u015fim g\u00f6stermektedir. Katlar aras\u0131 uygulamalar ters y\u00f6nde yap\u0131lmal\u0131d\u0131r. Uygulamada iyi sonu\u00e7 almak i\u00e7in uzun k\u0131ll\u0131 Izmir f\u0131r\u00e7a kullan\u0131n. <\/span><\/p>\n<p><span style=\"color: #000000;\"><strong>DIKKAT ED\u0130LMES\u0130 GEREKEN HUSUSLAR ;<\/strong><\/span><br \/>\n<span style=\"color: #000000;\">\u2022Y\u00fczey her t\u00fcrl\u00fc kir, ya\u011f ve gresten, zay\u0131f ve oynak par\u00e7ac\u0131klardan, \u00e7imento \u015ferbeti kal\u0131nt\u0131lar\u0131ndan ar\u0131nd\u0131r\u0131lmal\u0131d\u0131r.<\/span><br \/>\n<span style=\"color: #000000;\">\u2022Betonun \u00e7ekme dayan\u0131m\u0131 1.0 N\/mm\u00b2 den b\u00fcy\u00fck olmal\u0131d\u0131r.<\/span><br \/>\n<span style=\"color: #000000;\">\u2022Tek seferde kal\u0131n uygulama yapmaktan ka\u00e7\u0131n\u0131n.<\/span><br \/>\n<span style=\"color: #000000;\">\u2022Kar\u0131\u015f\u0131ma kesinlikle su ilavesi yap\u0131lmamal\u0131d\u0131r.<\/span><br \/>\n<span style=\"color: #000000;\">\u2022Uygulamadan itibaren 3 g\u00fcn boyunca y\u00fczey darbelere, delinmeye, \u00e7izilmeye kar\u015f\u0131 korunmal\u0131 ve daha sonra \u00fczeri kaplanmal\u0131d\u0131r.<\/span><\/p>\n<p><span style=\"color: #000000;\"><strong>AMBALAJ :<\/strong> 20 + 10 Kg\u00a0<\/span><\/p>\n<p><span style=\"color: #000000;\"><strong>SARF\u0130YAT :<\/strong> Metrekareye toplamda 3 kg \u00fcr\u00fcn kullan\u0131lmal\u0131d\u0131r.<\/span><\/p>\n<p><span style=\"color: #000000;\"><strong>RAF \u00d6MR\u00dc :<\/strong> Orijinal, hasar g\u00f6rmemi\u015f ve a\u00e7\u0131lmam\u0131\u015f ambalaj\u0131nda \u00fcretim tarihi itibariyle 12 ay kullan\u0131labilir. <\/span><\/p>\n<p><span style=\"color: #000000;\"><strong>DEPOLAMA SARTLARI :<\/strong> +5 \u00b0C ve 30\u00b0C aral\u0131\u011f\u0131nda muhafaza edilmelidir. Dondan, nemden ve direkt g\u00fcne\u015f \u0131s\u0131ndan korunmal\u0131d\u0131r. Palet<\/span><br \/>\n<span style=\"color: #000000;\">\u00fcst\u00fcnde istif edilmelidir. \u00dcst \u00fcste en fazla 8 torba konulmal\u0131d\u0131r.<\/span><\/p>\n<p><span style=\"color: #000000;\"><em>\u00dcr\u00fcn Teknik \u00f6zellikleri ve di\u011fer bilgiler i\u00e7in tds belgesini indirmenizi rica ederiz.<\/em><\/span><\/p>\n<p><span style=\"color: #800080;\"><strong>Not:Set \u00dcr\u00fcnlerinden setin herhangi bir par\u00e7a \u00fcr\u00fcn sat\u0131n almak istemeniz halinde whatsapp hatt\u0131ndan k\u0131sa yola t\u0131klayarak ula\u015fabilirsiniz.<\/strong><\/span><\/p>\n","protected":false},"excerpt":{"rendered":"<p><span style=\"color: #000000;\"><a style=\"color: #000000;\" href=\"https:\/\/dolphinfix.com.tr\/eticaret\/wp-content\/uploads\/2025\/04\/KRISTEKS-101-2KS-UV-TDS.pdf\" target=\"_blank\" rel=\"noopener\">TDS Belgesini \u0130ndirmek \u0130\u00e7in T\u0131klay\u0131n\u0131z<\/a><\/span><br \/>\n<span style=\"color: #000000;\"><a style=\"color: #000000;\" href=\"https:\/\/dolphinfix.com.tr\/eticaret\/wp-content\/uploads\/2025\/03\/AKER-KIMYA-EN-14891-FUK-MUAYENE-BELGESI-FORMU-REV04-TR.pdf\" target=\"_blank\" rel=\"noopener\">CE Belgesini \u0130ndirmek \u0130\u00e7in T\u0131klay\u0131n\u0131z<\/a><\/span><\/p>\n","protected":false},"featured_media":16890,"comment_status":"open","ping_status":"closed","template":"","meta":{"_joinchat":[]},"product_cat":[98,145,92,83,144],"product_tag":[1003,1000,993,998,1005,995,1004,788,997,996,994,1001,1002,662,999],"class_list":{"0":"post-16435","1":"product","2":"type-product","3":"status-publish","4":"has-post-thumbnail","6":"product_cat-cimento-esasli-pozitif","7":"product_cat-peyzaj-su-yalitim","8":"product_cat-peyzaj-yesil-cati","9":"product_cat-su-yalitim-cozumleri","10":"product_cat-yesil-cati-urunleri","11":"product_tag-beton-su-yalitimi","12":"product_tag-catida-su-yalitim","13":"product_tag-cift-komponentli-su-yalitim","14":"product_tag-dayanikli-su-yalitim","15":"product_tag-endustriyel-su-yalitim","16":"product_tag-gri-su-yalitim-malzemesi","17":"product_tag-kolay-uygulanabilir-su-yalitim","18":"product_tag-profesyonel-uygulama","19":"product_tag-su-yalitim-kaplama","20":"product_tag-su-yalitim-membrani","21":"product_tag-super-esnek-su-yalitim","22":"product_tag-teras-su-yalitim","23":"product_tag-uzun-omurlu-su-yalitim","24":"product_tag-yapi-malzemeleri","25":"product_tag-yuksek-performansli-su-yalitim","27":"first","28":"instock","29":"taxable","30":"shipping-taxable","31":"purchasable","32":"product-type-variable"},"yoast_head":"<!-- This site is optimized with the Yoast SEO Premium plugin v20.2.1 (Yoast SEO v20.2.1) - https:\/\/yoast.com\/wordpress\/plugins\/seo\/ -->\n<title>KRISTEKS 101 2KS UV S\u00fcper Esnek Su Yal\u0131t\u0131m Harc\u0131 | UV Dayan\u0131ml\u0131 2 Bile\u015fenli<\/title>\n<meta name=\"description\" content=\"KRISTEKS 101 2KS UV, akrilik ve \u00e7imento esasl\u0131 iki bile\u015fenli s\u00fcper esnek su yal\u0131t\u0131m harc\u0131d\u0131r. Havuz, temel, su deposu ve \u0131slak hacimlerde UV ve bas\u0131n\u00e7l\u0131 suya kar\u015f\u0131 y\u00fcksek dayan\u0131m sa\u011flar.\" \/>\n<meta name=\"robots\" content=\"index, follow, max-snippet:-1, max-image-preview:large, max-video-preview:-1\" \/>\n<link rel=\"canonical\" href=\"https:\/\/dolphinfix.com.tr\/eticaret\/urun\/kristeks-101-2ks-uv\/\" \/>\n<meta property=\"og:locale\" content=\"tr_TR\" \/>\n<meta property=\"og:type\" content=\"article\" \/>\n<meta property=\"og:title\" content=\"KR\u0130STEKS 2KS 101 - \u00c7\u0130FT KOMPONENTL\u0130 S\u00dcPER ESNEK SU YALITIM MALZEMES\u0130\" \/>\n<meta property=\"og:description\" content=\"KRISTEKS 101 2KS UV, akrilik ve \u00e7imento esasl\u0131 iki bile\u015fenli s\u00fcper esnek su yal\u0131t\u0131m harc\u0131d\u0131r. Havuz, temel, su deposu ve \u0131slak hacimlerde UV ve bas\u0131n\u00e7l\u0131 suya kar\u015f\u0131 y\u00fcksek dayan\u0131m sa\u011flar.\" \/>\n<meta property=\"og:url\" content=\"https:\/\/dolphinfix.com.tr\/eticaret\/urun\/kristeks-101-2ks-uv\/\" \/>\n<meta property=\"og:site_name\" content=\"Dolphinfix\" \/>\n<meta property=\"article:modified_time\" content=\"2026-03-12T05:38:35+00:00\" \/>\n<meta property=\"og:image\" content=\"https:\/\/dolphinfix.com.tr\/eticaret\/wp-content\/uploads\/2024\/10\/101-SET-RESIM.png\" \/>\n\t<meta property=\"og:image:width\" content=\"970\" \/>\n\t<meta property=\"og:image:height\" content=\"1000\" \/>\n\t<meta property=\"og:image:type\" content=\"image\/png\" \/>\n<meta name=\"twitter:card\" content=\"summary_large_image\" \/>\n<meta name=\"twitter:label1\" content=\"Tahmini okuma s\u00fcresi\" \/>\n\t<meta name=\"twitter:data1\" content=\"3 dakika\" \/>\n<script type=\"application\/ld+json\" class=\"yoast-schema-graph\">{\"@context\":\"https:\/\/schema.org\",\"@graph\":[{\"@type\":\"WebPage\",\"@id\":\"https:\/\/dolphinfix.com.tr\/eticaret\/urun\/kristeks-101-2ks-uv\/\",\"url\":\"https:\/\/dolphinfix.com.tr\/eticaret\/urun\/kristeks-101-2ks-uv\/\",\"name\":\"KRISTEKS 101 2KS UV S\u00fcper Esnek Su Yal\u0131t\u0131m Harc\u0131 | UV Dayan\u0131ml\u0131 2 Bile\u015fenli\",\"isPartOf\":{\"@id\":\"https:\/\/dolphinfix.com.tr\/eticaret\/#website\"},\"datePublished\":\"2024-10-28T14:11:50+00:00\",\"dateModified\":\"2026-03-12T05:38:35+00:00\",\"description\":\"KRISTEKS 101 2KS UV, akrilik ve \u00e7imento esasl\u0131 iki bile\u015fenli s\u00fcper esnek su yal\u0131t\u0131m harc\u0131d\u0131r. Havuz, temel, su deposu ve \u0131slak hacimlerde UV ve bas\u0131n\u00e7l\u0131 suya kar\u015f\u0131 y\u00fcksek dayan\u0131m sa\u011flar.\",\"breadcrumb\":{\"@id\":\"https:\/\/dolphinfix.com.tr\/eticaret\/urun\/kristeks-101-2ks-uv\/#breadcrumb\"},\"inLanguage\":\"tr\",\"potentialAction\":[{\"@type\":\"ReadAction\",\"target\":[\"https:\/\/dolphinfix.com.tr\/eticaret\/urun\/kristeks-101-2ks-uv\/\"]}]},{\"@type\":\"BreadcrumbList\",\"@id\":\"https:\/\/dolphinfix.com.tr\/eticaret\/urun\/kristeks-101-2ks-uv\/#breadcrumb\",\"itemListElement\":[{\"@type\":\"ListItem\",\"position\":1,\"name\":\"Home\",\"item\":\"https:\/\/dolphinfix.com.tr\/eticaret\/\"},{\"@type\":\"ListItem\",\"position\":2,\"name\":\"Market\",\"item\":\"https:\/\/dolphinfix.com.tr\/eticaret\/market\/\"},{\"@type\":\"ListItem\",\"position\":3,\"name\":\"KR\u0130STEKS 2KS 101 &#8211; \u00c7\u0130FT KOMPONENTL\u0130 S\u00dcPER ESNEK SU YALITIM MALZEMES\u0130\"}]},{\"@type\":\"WebSite\",\"@id\":\"https:\/\/dolphinfix.com.tr\/eticaret\/#website\",\"url\":\"https:\/\/dolphinfix.com.tr\/eticaret\/\",\"name\":\"Dolphinfix\",\"description\":\"\",\"potentialAction\":[{\"@type\":\"SearchAction\",\"target\":{\"@type\":\"EntryPoint\",\"urlTemplate\":\"https:\/\/dolphinfix.com.tr\/eticaret\/?s={search_term_string}\"},\"query-input\":\"required name=search_term_string\"}],\"inLanguage\":\"tr\"}]}<\/script>\n<!-- \/ Yoast SEO Premium plugin. -->","yoast_head_json":{"title":"KRISTEKS 101 2KS UV S\u00fcper Esnek Su Yal\u0131t\u0131m Harc\u0131 | UV Dayan\u0131ml\u0131 2 Bile\u015fenli","description":"KRISTEKS 101 2KS UV, akrilik ve \u00e7imento esasl\u0131 iki bile\u015fenli s\u00fcper esnek su yal\u0131t\u0131m harc\u0131d\u0131r. Havuz, temel, su deposu ve \u0131slak hacimlerde UV ve bas\u0131n\u00e7l\u0131 suya kar\u015f\u0131 y\u00fcksek dayan\u0131m sa\u011flar.","robots":{"index":"index","follow":"follow","max-snippet":"max-snippet:-1","max-image-preview":"max-image-preview:large","max-video-preview":"max-video-preview:-1"},"canonical":"https:\/\/dolphinfix.com.tr\/eticaret\/urun\/kristeks-101-2ks-uv\/","og_locale":"tr_TR","og_type":"article","og_title":"KR\u0130STEKS 2KS 101 - \u00c7\u0130FT KOMPONENTL\u0130 S\u00dcPER ESNEK SU YALITIM MALZEMES\u0130","og_description":"KRISTEKS 101 2KS UV, akrilik ve \u00e7imento esasl\u0131 iki bile\u015fenli s\u00fcper esnek su yal\u0131t\u0131m harc\u0131d\u0131r. Havuz, temel, su deposu ve \u0131slak hacimlerde UV ve bas\u0131n\u00e7l\u0131 suya kar\u015f\u0131 y\u00fcksek dayan\u0131m sa\u011flar.","og_url":"https:\/\/dolphinfix.com.tr\/eticaret\/urun\/kristeks-101-2ks-uv\/","og_site_name":"Dolphinfix","article_modified_time":"2026-03-12T05:38:35+00:00","og_image":[{"width":970,"height":1000,"url":"https:\/\/dolphinfix.com.tr\/eticaret\/wp-content\/uploads\/2024\/10\/101-SET-RESIM.png","type":"image\/png"}],"twitter_card":"summary_large_image","twitter_misc":{"Tahmini okuma s\u00fcresi":"3 dakika"},"schema":{"@context":"https:\/\/schema.org","@graph":[{"@type":"WebPage","@id":"https:\/\/dolphinfix.com.tr\/eticaret\/urun\/kristeks-101-2ks-uv\/","url":"https:\/\/dolphinfix.com.tr\/eticaret\/urun\/kristeks-101-2ks-uv\/","name":"KRISTEKS 101 2KS UV S\u00fcper Esnek Su Yal\u0131t\u0131m Harc\u0131 | UV Dayan\u0131ml\u0131 2 Bile\u015fenli","isPartOf":{"@id":"https:\/\/dolphinfix.com.tr\/eticaret\/#website"},"datePublished":"2024-10-28T14:11:50+00:00","dateModified":"2026-03-12T05:38:35+00:00","description":"KRISTEKS 101 2KS UV, akrilik ve \u00e7imento esasl\u0131 iki bile\u015fenli s\u00fcper esnek su yal\u0131t\u0131m harc\u0131d\u0131r. Havuz, temel, su deposu ve \u0131slak hacimlerde UV ve bas\u0131n\u00e7l\u0131 suya kar\u015f\u0131 y\u00fcksek dayan\u0131m sa\u011flar.","breadcrumb":{"@id":"https:\/\/dolphinfix.com.tr\/eticaret\/urun\/kristeks-101-2ks-uv\/#breadcrumb"},"inLanguage":"tr","potentialAction":[{"@type":"ReadAction","target":["https:\/\/dolphinfix.com.tr\/eticaret\/urun\/kristeks-101-2ks-uv\/"]}]},{"@type":"BreadcrumbList","@id":"https:\/\/dolphinfix.com.tr\/eticaret\/urun\/kristeks-101-2ks-uv\/#breadcrumb","itemListElement":[{"@type":"ListItem","position":1,"name":"Home","item":"https:\/\/dolphinfix.com.tr\/eticaret\/"},{"@type":"ListItem","position":2,"name":"Market","item":"https:\/\/dolphinfix.com.tr\/eticaret\/market\/"},{"@type":"ListItem","position":3,"name":"KR\u0130STEKS 2KS 101 &#8211; \u00c7\u0130FT KOMPONENTL\u0130 S\u00dcPER ESNEK SU YALITIM MALZEMES\u0130"}]},{"@type":"WebSite","@id":"https:\/\/dolphinfix.com.tr\/eticaret\/#website","url":"https:\/\/dolphinfix.com.tr\/eticaret\/","name":"Dolphinfix","description":"","potentialAction":[{"@type":"SearchAction","target":{"@type":"EntryPoint","urlTemplate":"https:\/\/dolphinfix.com.tr\/eticaret\/?s={search_term_string}"},"query-input":"required name=search_term_string"}],"inLanguage":"tr"}]}},"_links":{"self":[{"href":"https:\/\/dolphinfix.com.tr\/eticaret\/wp-json\/wp\/v2\/product\/16435","targetHints":{"allow":["GET"]}}],"collection":[{"href":"https:\/\/dolphinfix.com.tr\/eticaret\/wp-json\/wp\/v2\/product"}],"about":[{"href":"https:\/\/dolphinfix.com.tr\/eticaret\/wp-json\/wp\/v2\/types\/product"}],"replies":[{"embeddable":true,"href":"https:\/\/dolphinfix.com.tr\/eticaret\/wp-json\/wp\/v2\/comments?post=16435"}],"version-history":[{"count":18,"href":"https:\/\/dolphinfix.com.tr\/eticaret\/wp-json\/wp\/v2\/product\/16435\/revisions"}],"predecessor-version":[{"id":19408,"href":"https:\/\/dolphinfix.com.tr\/eticaret\/wp-json\/wp\/v2\/product\/16435\/revisions\/19408"}],"wp:featuredmedia":[{"embeddable":true,"href":"https:\/\/dolphinfix.com.tr\/eticaret\/wp-json\/wp\/v2\/media\/16890"}],"wp:attachment":[{"href":"https:\/\/dolphinfix.com.tr\/eticaret\/wp-json\/wp\/v2\/media?parent=16435"}],"wp:term":[{"taxonomy":"product_cat","embeddable":true,"href":"https:\/\/dolphinfix.com.tr\/eticaret\/wp-json\/wp\/v2\/product_cat?post=16435"},{"taxonomy":"product_tag","embeddable":true,"href":"https:\/\/dolphinfix.com.tr\/eticaret\/wp-json\/wp\/v2\/product_tag?post=16435"}],"curies":[{"name":"wp","href":"https:\/\/api.w.org\/{rel}","templated":true}]}}