{"id":16508,"date":"2024-10-29T17:39:16","date_gmt":"2024-10-29T14:39:16","guid":{"rendered":"https:\/\/dolphinfix.com.tr\/eticaret?post_type=product&#038;p=16508"},"modified":"2026-03-12T08:38:35","modified_gmt":"2026-03-12T05:38:35","slug":"kristeks-k1k-140","status":"publish","type":"product","link":"https:\/\/dolphinfix.com.tr\/eticaret\/urun\/kristeks-k1k-140\/","title":{"rendered":"KR\u0130STEKS K1K 140 &#8211; S\u00dcLFATA DAYANIKLI TEK B\u0130LE\u015eENL\u0130 SU YALITIMI MALZEMES\u0130"},"content":{"rendered":"<h3><span style=\"color: #c61016;\">\u00dcR\u00dcN B\u0130LG\u0130LER\u0130 ;<\/span><\/h3>\n<p><strong><span style=\"color: #000000;\">TANIMI : <\/span><\/strong><span style=\"color: #000000;\">KRISTEKS K1K 140, Tek bilesenli, \u00e7imento esasl\u0131, <\/span><span style=\"color: #000000;\">y\u00fcksek performansl\u0131, aktif hidrofobik su yal\u0131t\u0131m <\/span><span style=\"color: #000000;\">malzemesi.<\/span><\/p>\n<p><strong><span style=\"color: #000000;\">KULLANIM ALANLARI ;<\/span><\/strong><br \/>\n<span style=\"color: #000000;\">\u2022Eski ve yeni bina yal\u0131t\u0131mlar\u0131nda, bodrumlar\u0131n, zeminden <\/span><span style=\"color: #000000;\">gelen neme kars\u0131 i\u00e7eriden ve d\u0131sar\u0131dan yal\u0131t\u0131lmas\u0131nda<\/span><br \/>\n<span style=\"color: #000000;\">\u2022Su deposu ve rezervuarlar\u0131n i\u00e7ten yal\u0131t\u0131lmas\u0131nda,<\/span><br \/>\n<span style=\"color: #000000;\">\u2022Bit\u00fcml\u00fc malzemelerin alt\u0131na nemlenme korumas\u0131 olarak,<\/span><br \/>\n<span style=\"color: #000000;\">\u2022Aktif su ka\u00e7ag\u0131n\u0131n olmad\u0131g\u0131 asans\u00f6r \u00e7ukurlar\u0131nda,<\/span><br \/>\n<span style=\"color: #000000;\">\u2022Banyo, dus, teras gibi alanlar\u0131n seramik kaplamas\u0131ndan <\/span><span style=\"color: #000000;\">\u00f6nce kullan\u0131l\u0131r,<\/span><\/p>\n<p><strong><span style=\"color: #000000;\">\u00dcR\u00dcN \u00d6ZELL\u0130KLER\u0130;<\/span><\/strong><br \/>\n<span style=\"color: #000000;\">\u2022Bas\u0131n\u00e7l\u0131 sulara kars\u0131 y\u00fcksek performans,<\/span><br \/>\n<span style=\"color: #000000;\">\u2022Tek bilesenli ve sadece su eklenmesi yeterli,<\/span><br \/>\n<span style=\"color: #000000;\">\u2022Beton y\u00fczeylerde hidrofobik kapiler etki,<\/span><br \/>\n<span style=\"color: #000000;\">\u2022Tabaka elde etme ve k\u00fc\u00e7\u00fck dolgularda kullan\u0131l\u0131r,<\/span><br \/>\n<span style=\"color: #000000;\">\u2022Buhar ge\u00e7isine izin verir,<\/span><br \/>\n<span style=\"color: #000000;\">\u2022Iyi \u00e7atlak k\u00f6pr\u00fcleme kapasitesine sahip,<\/span><br \/>\n<span style=\"color: #000000;\">\u2022Toksit madde i\u00e7ermez, hijyeniktir, suyun tad\u0131na etki etmez,<\/span><br \/>\n<span style=\"color: #000000;\">\u2022Nemli y\u00fczeylere uygulanabilir,<\/span><br \/>\n<span style=\"color: #000000;\">\u2022K\u0131vam\u0131 ayarlanabilir, f\u0131r\u00e7a ve mala ile kolay uygulama.<\/span><\/p>\n<p><span style=\"color: #000000;\"><strong>UYGULAMA Y\u00d6NTEM\u0130 :<\/strong> <\/span><span style=\"color: #000000;\">KRISTEKS K1K 140, tek bilesenlidir. \u00dcr\u00fcn\u00fc uygulama <\/span><span style=\"color: #000000;\">y\u00f6ntemine g\u00f6re belirtilen miktarda suyu temiz bir kapa <\/span><span style=\"color: #000000;\">bosalt\u0131n. \u00dcr\u00fcn\u00fc suyun \u00fczerine yavas yavas d\u00f6kerken <\/span><span style=\"color: #000000;\">d\u00fcs\u00fck devirde kar\u0131st\u0131r\u0131c\u0131 ile kar\u0131st\u0131r\u0131n. Iyice homojen <\/span><span style=\"color: #000000;\">olana kadar kar\u0131st\u0131r\u0131n. Topaklama olmamas\u0131na dikkat <\/span><span style=\"color: #000000;\">edin. Uygulama yap\u0131lacak zemini suya doygun hale <\/span><span style=\"color: #000000;\">getirin. Katman kal\u0131nl\u0131g\u0131 mala ile yap\u0131lan uygulamada<\/span><br \/>\n<span style=\"color: #000000;\">tek katta 2mm\u2019yi ge\u00e7memelidir. F\u0131r\u00e7a ile yap\u0131lan <\/span><span style=\"color: #000000;\">uygulamada tek katta 1 mm ge\u00e7memelidir. Uygulama <\/span><span style=\"color: #000000;\">2 kat olarak yap\u0131lmal\u0131d\u0131r. Kuruma s\u00fcresi mevsimsel <\/span><span style=\"color: #000000;\">sartlara ve uyguland\u0131g\u0131 alana g\u00f6re 3 ile 12 saat aras\u0131nda <\/span><span style=\"color: #000000;\">degisim g\u00f6stermektedir. Katlar aras\u0131 uygulamalar ters <\/span><span style=\"color: #000000;\">y\u00f6nde yap\u0131lmal\u0131d\u0131r.<\/span><\/p>\n<p><span style=\"color: #000000;\"><strong>SU ILE TEMAS :<\/strong> <\/span><span style=\"color: #000000;\">KRISTEKS K1K 140 uygulamas\u0131ndan sonra \u00fczerine <\/span><span style=\"color: #000000;\">kaplama yap\u0131lmadan veya su ile temas etmeden \u00f6nce <\/span><span style=\"color: #000000;\">tamamen sertlesmelidir. <\/span><span style=\"color: #000000;\">+20 \u00b0C de yap\u0131lan bir uygulaman\u0131n seramik kaplama <\/span><span style=\"color: #000000;\">yap\u0131labilmesi i\u00e7in kuruma s\u00fcresi yaklas\u0131k 4 g\u00fcnd\u00fcr. <\/span><span style=\"color: #000000;\">+10 \u00b0C de yap\u0131lan bir uygulamada ise kuruma s\u00fcresi <\/span><span style=\"color: #000000;\">yaklas\u0131k 7 g\u00fcnd\u00fcr. Su ile direkt temas i\u00e7in 15 g\u00fcn <\/span><span style=\"color: #000000;\">beklenmelidir.<\/span><\/p>\n<p><strong><span style=\"color: #000000;\">DIKKAT EDILMESI GEREKEN HUSUSLAR ;\u00a0<\/span><\/strong><br \/>\n<span style=\"color: #000000;\">\u2022Y\u00fczey her t\u00fcrl\u00fc kir, yag ve gresten, zay\u0131f <\/span><span style=\"color: #000000;\">ve oynak par\u00e7ac\u0131klardan, \u00e7imento serbeti <\/span><span style=\"color: #000000;\">kal\u0131nt\u0131lar\u0131ndan ar\u0131nd\u0131r\u0131lmal\u0131d\u0131r.<\/span><br \/>\n<span style=\"color: #000000;\">\u2022Betonun \u00e7ekme dayan\u0131m\u0131 1.0 N\/mm\u00b2 den b\u00fcy\u00fck olmal\u0131d\u0131r.<\/span><br \/>\n<span style=\"color: #000000;\">\u2022Tek seferde kal\u0131n uygulama yapmaktan ka\u00e7\u0131n\u0131n.<\/span><br \/>\n<span style=\"color: #000000;\">\u2022Kar\u0131s\u0131ma kesinlikle su ilavesi yap\u0131lmamal\u0131d\u0131r.<\/span><br \/>\n<span style=\"color: #000000;\">\u2022Uygulamadan itibaren 3 g\u00fcn boyunca y\u00fczey darbelere, <\/span><span style=\"color: #000000;\">delinmeye, \u00e7izilmeye kars\u0131 korunmal\u0131 ve daha sonra \u00fczeri <\/span><span style=\"color: #000000;\">kaplanmal\u0131d\u0131r. <\/span><\/p>\n<p><span style=\"color: #000000;\"><strong>AMBALAJ :<\/strong> <\/span><span style=\"color: #000000;\">25 Kg Kraft Torba<\/span><\/p>\n<p><span style=\"color: #000000;\"><strong>SARF\u0130YAT :<\/strong>\u00a01,6 kg\/m\u00b2\/mm<\/span><\/p>\n<p><strong><span style=\"color: #000000;\">RAF \u00d6MR\u00dc : <\/span><\/strong><span style=\"color: #000000;\">Orijinal, hasar g\u00f6rmemis ve a\u00e7\u0131lmam\u0131s ambalaj\u0131nda <\/span><span style=\"color: #000000;\">\u00fcretim tarihi itibariyle 12 ay kullan\u0131labilir.<\/span><\/p>\n<p><span style=\"color: #000000;\"><strong>DEPOLAMA SARTLARI :<\/strong> <\/span><span style=\"color: #000000;\">+5 \u00b0C ve 30\u00b0C aral\u0131g\u0131nda muhafaza edilmelidir. Dondan, <\/span><span style=\"color: #000000;\">nemden ve direkt g\u00fcnes \u0131s\u0131ndan korunmal\u0131d\u0131r. Palet<\/span><br \/>\n<span style=\"color: #000000;\">\u00fcst\u00fcnde istif edilmelidir. \u00dcst \u00fcste en fazla 8 torba <\/span><span style=\"color: #000000;\">konulmal\u0131d\u0131r.<\/span><\/p>\n<p><em><span style=\"color: #000000;\">\u00dcr\u00fcn Teknik \u00f6zellikleri ve di\u011fer bilgiler i\u00e7in tds belgesini indirmenizi rica ederiz.<\/span><\/em><\/p>\n","protected":false},"excerpt":{"rendered":"<p><span style=\"color: #000000;\"><a style=\"color: #000000;\" href=\"https:\/\/dolphinfix.com.tr\/eticaret\/wp-content\/uploads\/2025\/04\/KRISTEKS-140-K1K-TDS.pdf\" target=\"_blank\" rel=\"noopener\">TDS Belgesini \u0130ndirmek \u0130\u00e7in T\u0131klay\u0131n\u0131z<\/a><\/span><br \/>\n<span style=\"color: #000000;\"><a style=\"color: #000000;\" href=\"https:\/\/dolphinfix.com.tr\/eticaret\/wp-content\/uploads\/2025\/03\/AKER-KIMYA-EN-1504-2-FUK-UYGUNLUK-BELGESI-REV06-TR.pdf\" target=\"_blank\" rel=\"noopener\">CE Belgesini \u0130ndirmek \u0130\u00e7in T\u0131klay\u0131n\u0131z<\/a><\/span><\/p>\n","protected":false},"featured_media":16510,"comment_status":"open","ping_status":"closed","template":"","meta":{"_joinchat":[]},"product_cat":[98,83],"product_tag":[1003,1000,998,1005,995,1004,788,997,996,1017,1016,1001,1002,662,999],"class_list":{"0":"post-16508","1":"product","2":"type-product","3":"status-publish","4":"has-post-thumbnail","6":"product_cat-cimento-esasli-pozitif","7":"product_cat-su-yalitim-cozumleri","8":"product_tag-beton-su-yalitimi","9":"product_tag-catida-su-yalitim","10":"product_tag-dayanikli-su-yalitim","11":"product_tag-endustriyel-su-yalitim","12":"product_tag-gri-su-yalitim-malzemesi","13":"product_tag-kolay-uygulanabilir-su-yalitim","14":"product_tag-profesyonel-uygulama","15":"product_tag-su-yalitim-kaplama","16":"product_tag-su-yalitim-membrani","17":"product_tag-sulfata-dayanikli-su-yalitim","18":"product_tag-tek-bilesenli-su-yalitim","19":"product_tag-teras-su-yalitim","20":"product_tag-uzun-omurlu-su-yalitim","21":"product_tag-yapi-malzemeleri","22":"product_tag-yuksek-performansli-su-yalitim","24":"first","25":"instock","26":"taxable","27":"shipping-taxable","28":"purchasable","29":"product-type-variable"},"yoast_head":"<!-- This site is optimized with the Yoast SEO Premium plugin v20.2.1 (Yoast SEO v20.2.1) - https:\/\/yoast.com\/wordpress\/plugins\/seo\/ -->\n<title>KRISTEKS K1K 140 Tek Bile\u015fenli Su Yal\u0131t\u0131m | \u00c7imento Esasl\u0131 Hidrofobik Har\u00e7<\/title>\n<meta name=\"description\" content=\"KRISTEKS K1K 140, tek bile\u015fenli \u00e7imento esasl\u0131 aktif hidrofobik su yal\u0131t\u0131m malzemesidir. Bodrum, su deposu ve seramik alt\u0131 uygulamalarda bas\u0131n\u00e7l\u0131 suya kar\u015f\u0131 y\u00fcksek performans sa\u011flar.\" \/>\n<meta name=\"robots\" content=\"index, follow, max-snippet:-1, max-image-preview:large, max-video-preview:-1\" \/>\n<link rel=\"canonical\" href=\"https:\/\/dolphinfix.com.tr\/eticaret\/urun\/kristeks-k1k-140\/\" \/>\n<meta property=\"og:locale\" content=\"tr_TR\" \/>\n<meta property=\"og:type\" content=\"article\" \/>\n<meta property=\"og:title\" content=\"KR\u0130STEKS K1K 140 - S\u00dcLFATA DAYANIKLI TEK B\u0130LE\u015eENL\u0130 SU YALITIMI MALZEMES\u0130\" \/>\n<meta property=\"og:description\" content=\"KRISTEKS K1K 140, tek bile\u015fenli \u00e7imento esasl\u0131 aktif hidrofobik su yal\u0131t\u0131m malzemesidir. Bodrum, su deposu ve seramik alt\u0131 uygulamalarda bas\u0131n\u00e7l\u0131 suya kar\u015f\u0131 y\u00fcksek performans sa\u011flar.\" \/>\n<meta property=\"og:url\" content=\"https:\/\/dolphinfix.com.tr\/eticaret\/urun\/kristeks-k1k-140\/\" \/>\n<meta property=\"og:site_name\" content=\"Dolphinfix\" \/>\n<meta property=\"article:modified_time\" content=\"2026-03-12T05:38:35+00:00\" \/>\n<meta property=\"og:image\" content=\"https:\/\/dolphinfix.com.tr\/eticaret\/wp-content\/uploads\/2024\/10\/140.png\" \/>\n\t<meta property=\"og:image:width\" content=\"1000\" \/>\n\t<meta property=\"og:image:height\" content=\"1000\" \/>\n\t<meta property=\"og:image:type\" content=\"image\/png\" \/>\n<meta name=\"twitter:card\" content=\"summary_large_image\" \/>\n<meta name=\"twitter:label1\" content=\"Tahmini okuma s\u00fcresi\" \/>\n\t<meta name=\"twitter:data1\" content=\"3 dakika\" \/>\n<script type=\"application\/ld+json\" class=\"yoast-schema-graph\">{\"@context\":\"https:\/\/schema.org\",\"@graph\":[{\"@type\":\"WebPage\",\"@id\":\"https:\/\/dolphinfix.com.tr\/eticaret\/urun\/kristeks-k1k-140\/\",\"url\":\"https:\/\/dolphinfix.com.tr\/eticaret\/urun\/kristeks-k1k-140\/\",\"name\":\"KRISTEKS K1K 140 Tek Bile\u015fenli Su Yal\u0131t\u0131m | \u00c7imento Esasl\u0131 Hidrofobik Har\u00e7\",\"isPartOf\":{\"@id\":\"https:\/\/dolphinfix.com.tr\/eticaret\/#website\"},\"datePublished\":\"2024-10-29T14:39:16+00:00\",\"dateModified\":\"2026-03-12T05:38:35+00:00\",\"description\":\"KRISTEKS K1K 140, tek bile\u015fenli \u00e7imento esasl\u0131 aktif hidrofobik su yal\u0131t\u0131m malzemesidir. Bodrum, su deposu ve seramik alt\u0131 uygulamalarda bas\u0131n\u00e7l\u0131 suya kar\u015f\u0131 y\u00fcksek performans sa\u011flar.\",\"breadcrumb\":{\"@id\":\"https:\/\/dolphinfix.com.tr\/eticaret\/urun\/kristeks-k1k-140\/#breadcrumb\"},\"inLanguage\":\"tr\",\"potentialAction\":[{\"@type\":\"ReadAction\",\"target\":[\"https:\/\/dolphinfix.com.tr\/eticaret\/urun\/kristeks-k1k-140\/\"]}]},{\"@type\":\"BreadcrumbList\",\"@id\":\"https:\/\/dolphinfix.com.tr\/eticaret\/urun\/kristeks-k1k-140\/#breadcrumb\",\"itemListElement\":[{\"@type\":\"ListItem\",\"position\":1,\"name\":\"Home\",\"item\":\"https:\/\/dolphinfix.com.tr\/eticaret\/\"},{\"@type\":\"ListItem\",\"position\":2,\"name\":\"Market\",\"item\":\"https:\/\/dolphinfix.com.tr\/eticaret\/market\/\"},{\"@type\":\"ListItem\",\"position\":3,\"name\":\"KR\u0130STEKS K1K 140 &#8211; S\u00dcLFATA DAYANIKLI TEK B\u0130LE\u015eENL\u0130 SU YALITIMI MALZEMES\u0130\"}]},{\"@type\":\"WebSite\",\"@id\":\"https:\/\/dolphinfix.com.tr\/eticaret\/#website\",\"url\":\"https:\/\/dolphinfix.com.tr\/eticaret\/\",\"name\":\"Dolphinfix\",\"description\":\"\",\"potentialAction\":[{\"@type\":\"SearchAction\",\"target\":{\"@type\":\"EntryPoint\",\"urlTemplate\":\"https:\/\/dolphinfix.com.tr\/eticaret\/?s={search_term_string}\"},\"query-input\":\"required name=search_term_string\"}],\"inLanguage\":\"tr\"}]}<\/script>\n<!-- \/ Yoast SEO Premium plugin. -->","yoast_head_json":{"title":"KRISTEKS K1K 140 Tek Bile\u015fenli Su Yal\u0131t\u0131m | \u00c7imento Esasl\u0131 Hidrofobik Har\u00e7","description":"KRISTEKS K1K 140, tek bile\u015fenli \u00e7imento esasl\u0131 aktif hidrofobik su yal\u0131t\u0131m malzemesidir. Bodrum, su deposu ve seramik alt\u0131 uygulamalarda bas\u0131n\u00e7l\u0131 suya kar\u015f\u0131 y\u00fcksek performans sa\u011flar.","robots":{"index":"index","follow":"follow","max-snippet":"max-snippet:-1","max-image-preview":"max-image-preview:large","max-video-preview":"max-video-preview:-1"},"canonical":"https:\/\/dolphinfix.com.tr\/eticaret\/urun\/kristeks-k1k-140\/","og_locale":"tr_TR","og_type":"article","og_title":"KR\u0130STEKS K1K 140 - S\u00dcLFATA DAYANIKLI TEK B\u0130LE\u015eENL\u0130 SU YALITIMI MALZEMES\u0130","og_description":"KRISTEKS K1K 140, tek bile\u015fenli \u00e7imento esasl\u0131 aktif hidrofobik su yal\u0131t\u0131m malzemesidir. Bodrum, su deposu ve seramik alt\u0131 uygulamalarda bas\u0131n\u00e7l\u0131 suya kar\u015f\u0131 y\u00fcksek performans sa\u011flar.","og_url":"https:\/\/dolphinfix.com.tr\/eticaret\/urun\/kristeks-k1k-140\/","og_site_name":"Dolphinfix","article_modified_time":"2026-03-12T05:38:35+00:00","og_image":[{"width":1000,"height":1000,"url":"https:\/\/dolphinfix.com.tr\/eticaret\/wp-content\/uploads\/2024\/10\/140.png","type":"image\/png"}],"twitter_card":"summary_large_image","twitter_misc":{"Tahmini okuma s\u00fcresi":"3 dakika"},"schema":{"@context":"https:\/\/schema.org","@graph":[{"@type":"WebPage","@id":"https:\/\/dolphinfix.com.tr\/eticaret\/urun\/kristeks-k1k-140\/","url":"https:\/\/dolphinfix.com.tr\/eticaret\/urun\/kristeks-k1k-140\/","name":"KRISTEKS K1K 140 Tek Bile\u015fenli Su Yal\u0131t\u0131m | \u00c7imento Esasl\u0131 Hidrofobik Har\u00e7","isPartOf":{"@id":"https:\/\/dolphinfix.com.tr\/eticaret\/#website"},"datePublished":"2024-10-29T14:39:16+00:00","dateModified":"2026-03-12T05:38:35+00:00","description":"KRISTEKS K1K 140, tek bile\u015fenli \u00e7imento esasl\u0131 aktif hidrofobik su yal\u0131t\u0131m malzemesidir. Bodrum, su deposu ve seramik alt\u0131 uygulamalarda bas\u0131n\u00e7l\u0131 suya kar\u015f\u0131 y\u00fcksek performans sa\u011flar.","breadcrumb":{"@id":"https:\/\/dolphinfix.com.tr\/eticaret\/urun\/kristeks-k1k-140\/#breadcrumb"},"inLanguage":"tr","potentialAction":[{"@type":"ReadAction","target":["https:\/\/dolphinfix.com.tr\/eticaret\/urun\/kristeks-k1k-140\/"]}]},{"@type":"BreadcrumbList","@id":"https:\/\/dolphinfix.com.tr\/eticaret\/urun\/kristeks-k1k-140\/#breadcrumb","itemListElement":[{"@type":"ListItem","position":1,"name":"Home","item":"https:\/\/dolphinfix.com.tr\/eticaret\/"},{"@type":"ListItem","position":2,"name":"Market","item":"https:\/\/dolphinfix.com.tr\/eticaret\/market\/"},{"@type":"ListItem","position":3,"name":"KR\u0130STEKS K1K 140 &#8211; S\u00dcLFATA DAYANIKLI TEK B\u0130LE\u015eENL\u0130 SU YALITIMI MALZEMES\u0130"}]},{"@type":"WebSite","@id":"https:\/\/dolphinfix.com.tr\/eticaret\/#website","url":"https:\/\/dolphinfix.com.tr\/eticaret\/","name":"Dolphinfix","description":"","potentialAction":[{"@type":"SearchAction","target":{"@type":"EntryPoint","urlTemplate":"https:\/\/dolphinfix.com.tr\/eticaret\/?s={search_term_string}"},"query-input":"required name=search_term_string"}],"inLanguage":"tr"}]}},"_links":{"self":[{"href":"https:\/\/dolphinfix.com.tr\/eticaret\/wp-json\/wp\/v2\/product\/16508","targetHints":{"allow":["GET"]}}],"collection":[{"href":"https:\/\/dolphinfix.com.tr\/eticaret\/wp-json\/wp\/v2\/product"}],"about":[{"href":"https:\/\/dolphinfix.com.tr\/eticaret\/wp-json\/wp\/v2\/types\/product"}],"replies":[{"embeddable":true,"href":"https:\/\/dolphinfix.com.tr\/eticaret\/wp-json\/wp\/v2\/comments?post=16508"}],"version-history":[{"count":6,"href":"https:\/\/dolphinfix.com.tr\/eticaret\/wp-json\/wp\/v2\/product\/16508\/revisions"}],"predecessor-version":[{"id":18338,"href":"https:\/\/dolphinfix.com.tr\/eticaret\/wp-json\/wp\/v2\/product\/16508\/revisions\/18338"}],"wp:featuredmedia":[{"embeddable":true,"href":"https:\/\/dolphinfix.com.tr\/eticaret\/wp-json\/wp\/v2\/media\/16510"}],"wp:attachment":[{"href":"https:\/\/dolphinfix.com.tr\/eticaret\/wp-json\/wp\/v2\/media?parent=16508"}],"wp:term":[{"taxonomy":"product_cat","embeddable":true,"href":"https:\/\/dolphinfix.com.tr\/eticaret\/wp-json\/wp\/v2\/product_cat?post=16508"},{"taxonomy":"product_tag","embeddable":true,"href":"https:\/\/dolphinfix.com.tr\/eticaret\/wp-json\/wp\/v2\/product_tag?post=16508"}],"curies":[{"name":"wp","href":"https:\/\/api.w.org\/{rel}","templated":true}]}}