{"id":16513,"date":"2024-10-29T17:47:12","date_gmt":"2024-10-29T14:47:12","guid":{"rendered":"https:\/\/dolphinfix.com.tr\/eticaret?post_type=product&#038;p=16513"},"modified":"2026-03-12T12:48:09","modified_gmt":"2026-03-12T09:48:09","slug":"cry-151-kristalize-yalitim","status":"publish","type":"product","link":"https:\/\/dolphinfix.com.tr\/eticaret\/urun\/cry-151-kristalize-yalitim\/","title":{"rendered":"CRYSTALLIZE CRY 151 &#8211; NEGAT\u0130F SU \u0130ZOLASYON MALZEMES\u0130"},"content":{"rendered":"<h3><span style=\"color: #c61016;\">\u00dcR\u00dcN B\u0130LG\u0130LER\u0130 ;<\/span><\/h3>\n<p data-pm-slice=\"1 1 []\"><span style=\"color: #000000;\"><strong>TANIMI:<\/strong> CRYSTALLIZE \u2013 CRY 151, \u0130\u00e7erisindeki aktif kristaller sayesinde beton i\u00e7erisinde ki k\u0131lcal \u00e7atlaklara derinlemesine n\u00fcfuz ederek bu \u00e7atlaklar\u0131 t\u0131kayan<\/span><br \/>\n<span style=\"color: #000000;\">\u00e7imento esasl\u0131 negatif y\u00f6nde bas\u0131nca dayan\u0131ml\u0131 su yal\u0131t\u0131m malzemesidir.<\/span><\/p>\n<p><span style=\"color: #000000;\"><strong>\u00a0KULLANIM ALANLARI<\/strong><\/span><br \/>\n<span style=\"color: #000000;\">\u2022Negatif taraftan su yal\u0131t\u0131m\u0131nda<\/span><br \/>\n<span style=\"color: #000000;\">\u2022Toprak alt\u0131nda kalan yap\u0131lar\u0131n su yal\u0131t\u0131m\u0131nda,<\/span><br \/>\n<span style=\"color: #000000;\">\u2022At\u0131k su ar\u0131tma tesislerinde,<\/span><br \/>\n<span style=\"color: #000000;\">\u2022Bodrumlar, t\u00fcneller ve asans\u00f6r \u00e7ukurlar\u0131 gibi negatif y\u00f6nden su yal\u0131t\u0131m\u0131 yapmakta,<\/span><br \/>\n<span style=\"color: #000000;\">\u2022Deniz su seviyesinin alt\u0131nda kalan ya da etkilenmelere maruz kalan betonarme yap\u0131larda,<\/span><br \/>\n<span style=\"color: #000000;\">\u2022Temel, perde, su kanallar\u0131n\u0131n su yal\u0131t\u0131m\u0131nda,<\/span><br \/>\n<span style=\"color: #000000;\">\u2022Su depolar\u0131, y\u00fczme havuzu, termal havuz ve s\u0131cak su depolar\u0131nda,<\/span><\/p>\n<p><span style=\"color: #000000;\"><strong>\u00a0\u00dcR\u00dcN \u00d6ZELL\u0130KLER\u0130<\/strong><\/span><br \/>\n<span style=\"color: #000000;\">\u2022Haz\u0131rlamas\u0131 kolayd\u0131r ve f\u0131r\u00e7a ile uygulanabilir,<\/span><br \/>\n<span style=\"color: #000000;\">\u2022Su buhar\u0131 ge\u00e7irimlidir, sa\u011fl\u0131kl\u0131d\u0131r.<\/span><br \/>\n<span style=\"color: #000000;\">\u2022Betondaki k\u0131lcal \u00e7atlaklar\u0131 t\u0131kayarak betondaki donat\u0131lar\u0131 korozyona kar\u015f\u0131 korur,<\/span><br \/>\n<span style=\"color: #000000;\">\u2022A\u011f\u0131r hava ko\u015fullar\u0131na kar\u015f\u0131 y\u00fcksek dayan\u0131ml\u0131d\u0131r,<\/span><br \/>\n<span style=\"color: #000000;\">\u2022Olu\u015fan kristaller suda \u00e7\u00f6z\u00fclmez, y\u00fczeyden ayr\u0131lmaz ve eskimez.<\/span><br \/>\n<span style=\"color: #000000;\">\u2022Negatif su bas\u0131nc\u0131na kar\u015f\u0131 y\u00fcksek dayan\u0131ml\u0131,<\/span><\/p>\n<p><span style=\"color: #000000;\"><strong>\u00a0TEKN\u0130K \u00d6ZELL\u0130KLER<\/strong><\/span><br \/>\n<span style=\"color: #000000;\">G\u00f6r\u00fcn\u00fcm\/Renk :Gri toz<\/span><br \/>\n<span style=\"color: #000000;\">E\u011filme Dayan\u0131m\u0131 :\u22658 N\/mm\u00b2 (28 g\u00fcn) (TS EN 1504-2)<\/span><br \/>\n<span style=\"color: #000000;\">Bas\u0131n\u00e7 Dayan\u0131m\u0131 :\u226525 N\/mm\u00b2 (28 g\u00fcn)<\/span><br \/>\n<span style=\"color: #000000;\">\u00c7ekme Mukavemeti :\u22652 N\/mm\u00b2 (28 g\u00fcn)<\/span><br \/>\n<span style=\"color: #000000;\">Su Bas\u0131n\u00e7 Dayan\u0131m\u0131 :\u226512 bar Negatif ve Pozitif<\/span><br \/>\n<span style=\"color: #000000;\">Donma Ba\u015flang\u0131\u00e7 s\u00fcresi :6 saat<\/span><br \/>\n<span style=\"color: #000000;\">Sonlanma s\u00fcresi :8 saat<\/span><br \/>\n<span style=\"color: #000000;\">Klorid ve S\u00fclfat Dayan\u0131m\u0131 :Dayan\u0131ml\u0131<\/span><br \/>\n<span style=\"color: #000000;\">Kalite standard\u0131 TS EN 1504-2 , EN 14891\u00a0<\/span><br \/>\n<span style=\"color: #000000;\">*Teknik Bilgiler: +20\u00b0C (\u00b12\u00baC) hava s\u0131cakl\u0131\u011f\u0131 ve %50 \u00b15 ba\u011f\u0131l nem ko\u015fullar\u0131nda elde edilmi\u015ftir. Y\u00fcksek s\u0131cakl\u0131klar s\u00fcreleri k\u0131salt\u0131r, d\u00fc\u015f\u00fck s\u0131cakl\u0131klar uzat\u0131r. Ger\u00e7ekte elde edilen de\u011ferler, bizim kontrollerimizin d\u0131\u015f\u0131ndaki \u015fartlar sebebiyle de\u011fi\u015fiklik g\u00f6sterebilir.<\/span><\/p>\n<p><span style=\"color: #000000;\"><strong>AMBALAJ<\/strong><\/span><br \/>\n<span style=\"color: #000000;\">25 Kg Kraft Torba<\/span><\/p>\n<p><span style=\"color: #000000;\"><strong>RAF \u00d6MR\u00dc<\/strong><\/span><br \/>\n<span style=\"color: #000000;\">Orijinal, hasar g\u00f6rmemi\u015f ve a\u00e7\u0131lmam\u0131\u015f ambalaj\u0131nda \u00fcretim tarihi itibariyle 12 ay kullan\u0131labilir.<\/span><\/p>\n<p><span style=\"color: #000000;\"><strong>DEPOLAMA \u015eARTLARI<\/strong><\/span><br \/>\n<span style=\"color: #000000;\">+5 \u00b0C ve 30\u00b0C aral\u0131\u011f\u0131nda muhafaza edilmelidir. Dondan, nemden ve direkt g\u00fcne\u015f \u0131\u015f\u0131ndan korunmal\u0131d\u0131r. Palet \u00fcst\u00fcnde istif edilmelidir. \u00dcst \u00fcste en fazla 8 torba<\/span><br \/>\n<span style=\"color: #000000;\">konulmal\u0131d\u0131r.<\/span><\/p>\n","protected":false},"excerpt":{"rendered":"<p><span style=\"color: #000000;\"><a style=\"color: #000000;\" href=\"https:\/\/dolphinfix.com.tr\/eticaret\/wp-content\/uploads\/2025\/05\/CRYSTALLIZE-\u2013-CRY-151-TDS.pdf\" target=\"_blank\" rel=\"noopener\">TDS Belgesini \u0130ndirmek \u0130\u00e7in T\u0131klay\u0131n\u0131z<\/a><\/span><br \/>\n<span style=\"color: #000000;\"><a style=\"color: #000000;\" href=\"https:\/\/dolphinfix.com.tr\/eticaret\/wp-content\/uploads\/2025\/03\/AKER-KIMYA-EN-1504-2-FUK-UYGUNLUK-BELGESI-REV06-TR.pdf\" target=\"_blank\" rel=\"noopener\">CE Belgesini \u0130ndirmek \u0130\u00e7in T\u0131klay\u0131n\u0131z<\/a><\/span><\/p>\n","protected":false},"featured_media":16515,"comment_status":"open","ping_status":"closed","template":"","meta":{"_joinchat":[]},"product_cat":[99,83],"product_tag":[992,1019,1000,1021,1005,995,1004,1018,788,1020,996,1001,1002,662,999],"class_list":{"0":"post-16513","1":"product","2":"type-product","3":"status-publish","4":"has-post-thumbnail","6":"product_cat-cimento-esasli-negatif","7":"product_cat-su-yalitim-cozumleri","8":"product_tag-beton-su-izolasyonu","9":"product_tag-beton-su-yalitim-malzemesi","10":"product_tag-catida-su-yalitim","11":"product_tag-dayanikli-su-izolasyonu","12":"product_tag-endustriyel-su-yalitim","13":"product_tag-gri-su-yalitim-malzemesi","14":"product_tag-kolay-uygulanabilir-su-yalitim","15":"product_tag-negatif-su-izolasyonu","16":"product_tag-profesyonel-uygulama","17":"product_tag-su-gecirmez-beton-katkisi","18":"product_tag-su-yalitim-membrani","19":"product_tag-teras-su-yalitim","20":"product_tag-uzun-omurlu-su-yalitim","21":"product_tag-yapi-malzemeleri","22":"product_tag-yuksek-performansli-su-yalitim","24":"first","25":"instock","26":"taxable","27":"shipping-taxable","28":"purchasable","29":"product-type-variable"},"yoast_head":"<!-- This site is optimized with the Yoast SEO Premium plugin v20.2.1 (Yoast SEO v20.2.1) - https:\/\/yoast.com\/wordpress\/plugins\/seo\/ -->\n<title>CRYSTALLIZE CRY 151 Kristalize Su Yal\u0131t\u0131m\u0131 | Negatif Bas\u0131nca Dayan\u0131kl\u0131<\/title>\n<meta name=\"description\" content=\"CRYSTALLIZE CRY 151, beton i\u00e7erisindeki k\u0131lcal \u00e7atlaklara n\u00fcfuz ederek kristalize yap\u0131 olu\u015fturan, negatif ve pozitif su bas\u0131nc\u0131na (\u226512 bar) dayan\u0131kl\u0131 \u00e7imento esasl\u0131 su yal\u0131t\u0131m malzemesidir.\" \/>\n<meta name=\"robots\" content=\"index, follow, max-snippet:-1, max-image-preview:large, max-video-preview:-1\" \/>\n<link rel=\"canonical\" href=\"https:\/\/dolphinfix.com.tr\/eticaret\/urun\/cry-151-kristalize-yalitim\/\" \/>\n<meta property=\"og:locale\" content=\"tr_TR\" \/>\n<meta property=\"og:type\" content=\"article\" \/>\n<meta property=\"og:title\" content=\"CRYSTALLIZE CRY 151 - NEGAT\u0130F SU \u0130ZOLASYON MALZEMES\u0130\" \/>\n<meta property=\"og:description\" content=\"CRYSTALLIZE CRY 151, beton i\u00e7erisindeki k\u0131lcal \u00e7atlaklara n\u00fcfuz ederek kristalize yap\u0131 olu\u015fturan, negatif ve pozitif su bas\u0131nc\u0131na (\u226512 bar) dayan\u0131kl\u0131 \u00e7imento esasl\u0131 su yal\u0131t\u0131m malzemesidir.\" \/>\n<meta property=\"og:url\" content=\"https:\/\/dolphinfix.com.tr\/eticaret\/urun\/cry-151-kristalize-yalitim\/\" \/>\n<meta property=\"og:site_name\" content=\"Dolphinfix\" \/>\n<meta property=\"article:modified_time\" content=\"2026-03-12T09:48:09+00:00\" \/>\n<meta property=\"og:image\" content=\"https:\/\/dolphinfix.com.tr\/eticaret\/wp-content\/uploads\/2024\/10\/151.png\" \/>\n\t<meta property=\"og:image:width\" content=\"1000\" \/>\n\t<meta property=\"og:image:height\" content=\"1000\" \/>\n\t<meta property=\"og:image:type\" content=\"image\/png\" \/>\n<meta name=\"twitter:card\" content=\"summary_large_image\" \/>\n<meta name=\"twitter:label1\" content=\"Tahmini okuma s\u00fcresi\" \/>\n\t<meta name=\"twitter:data1\" content=\"2 dakika\" \/>\n<script type=\"application\/ld+json\" class=\"yoast-schema-graph\">{\"@context\":\"https:\/\/schema.org\",\"@graph\":[{\"@type\":\"WebPage\",\"@id\":\"https:\/\/dolphinfix.com.tr\/eticaret\/urun\/cry-151-kristalize-yalitim\/\",\"url\":\"https:\/\/dolphinfix.com.tr\/eticaret\/urun\/cry-151-kristalize-yalitim\/\",\"name\":\"CRYSTALLIZE CRY 151 Kristalize Su Yal\u0131t\u0131m\u0131 | Negatif Bas\u0131nca Dayan\u0131kl\u0131\",\"isPartOf\":{\"@id\":\"https:\/\/dolphinfix.com.tr\/eticaret\/#website\"},\"datePublished\":\"2024-10-29T14:47:12+00:00\",\"dateModified\":\"2026-03-12T09:48:09+00:00\",\"description\":\"CRYSTALLIZE CRY 151, beton i\u00e7erisindeki k\u0131lcal \u00e7atlaklara n\u00fcfuz ederek kristalize yap\u0131 olu\u015fturan, negatif ve pozitif su bas\u0131nc\u0131na (\u226512 bar) dayan\u0131kl\u0131 \u00e7imento esasl\u0131 su yal\u0131t\u0131m malzemesidir.\",\"breadcrumb\":{\"@id\":\"https:\/\/dolphinfix.com.tr\/eticaret\/urun\/cry-151-kristalize-yalitim\/#breadcrumb\"},\"inLanguage\":\"tr\",\"potentialAction\":[{\"@type\":\"ReadAction\",\"target\":[\"https:\/\/dolphinfix.com.tr\/eticaret\/urun\/cry-151-kristalize-yalitim\/\"]}]},{\"@type\":\"BreadcrumbList\",\"@id\":\"https:\/\/dolphinfix.com.tr\/eticaret\/urun\/cry-151-kristalize-yalitim\/#breadcrumb\",\"itemListElement\":[{\"@type\":\"ListItem\",\"position\":1,\"name\":\"Home\",\"item\":\"https:\/\/dolphinfix.com.tr\/eticaret\/\"},{\"@type\":\"ListItem\",\"position\":2,\"name\":\"Market\",\"item\":\"https:\/\/dolphinfix.com.tr\/eticaret\/market\/\"},{\"@type\":\"ListItem\",\"position\":3,\"name\":\"CRYSTALLIZE CRY 151 &#8211; NEGAT\u0130F SU \u0130ZOLASYON MALZEMES\u0130\"}]},{\"@type\":\"WebSite\",\"@id\":\"https:\/\/dolphinfix.com.tr\/eticaret\/#website\",\"url\":\"https:\/\/dolphinfix.com.tr\/eticaret\/\",\"name\":\"Dolphinfix\",\"description\":\"\",\"potentialAction\":[{\"@type\":\"SearchAction\",\"target\":{\"@type\":\"EntryPoint\",\"urlTemplate\":\"https:\/\/dolphinfix.com.tr\/eticaret\/?s={search_term_string}\"},\"query-input\":\"required name=search_term_string\"}],\"inLanguage\":\"tr\"}]}<\/script>\n<!-- \/ Yoast SEO Premium plugin. -->","yoast_head_json":{"title":"CRYSTALLIZE CRY 151 Kristalize Su Yal\u0131t\u0131m\u0131 | Negatif Bas\u0131nca Dayan\u0131kl\u0131","description":"CRYSTALLIZE CRY 151, beton i\u00e7erisindeki k\u0131lcal \u00e7atlaklara n\u00fcfuz ederek kristalize yap\u0131 olu\u015fturan, negatif ve pozitif su bas\u0131nc\u0131na (\u226512 bar) dayan\u0131kl\u0131 \u00e7imento esasl\u0131 su yal\u0131t\u0131m malzemesidir.","robots":{"index":"index","follow":"follow","max-snippet":"max-snippet:-1","max-image-preview":"max-image-preview:large","max-video-preview":"max-video-preview:-1"},"canonical":"https:\/\/dolphinfix.com.tr\/eticaret\/urun\/cry-151-kristalize-yalitim\/","og_locale":"tr_TR","og_type":"article","og_title":"CRYSTALLIZE CRY 151 - NEGAT\u0130F SU \u0130ZOLASYON MALZEMES\u0130","og_description":"CRYSTALLIZE CRY 151, beton i\u00e7erisindeki k\u0131lcal \u00e7atlaklara n\u00fcfuz ederek kristalize yap\u0131 olu\u015fturan, negatif ve pozitif su bas\u0131nc\u0131na (\u226512 bar) dayan\u0131kl\u0131 \u00e7imento esasl\u0131 su yal\u0131t\u0131m malzemesidir.","og_url":"https:\/\/dolphinfix.com.tr\/eticaret\/urun\/cry-151-kristalize-yalitim\/","og_site_name":"Dolphinfix","article_modified_time":"2026-03-12T09:48:09+00:00","og_image":[{"width":1000,"height":1000,"url":"https:\/\/dolphinfix.com.tr\/eticaret\/wp-content\/uploads\/2024\/10\/151.png","type":"image\/png"}],"twitter_card":"summary_large_image","twitter_misc":{"Tahmini okuma s\u00fcresi":"2 dakika"},"schema":{"@context":"https:\/\/schema.org","@graph":[{"@type":"WebPage","@id":"https:\/\/dolphinfix.com.tr\/eticaret\/urun\/cry-151-kristalize-yalitim\/","url":"https:\/\/dolphinfix.com.tr\/eticaret\/urun\/cry-151-kristalize-yalitim\/","name":"CRYSTALLIZE CRY 151 Kristalize Su Yal\u0131t\u0131m\u0131 | Negatif Bas\u0131nca Dayan\u0131kl\u0131","isPartOf":{"@id":"https:\/\/dolphinfix.com.tr\/eticaret\/#website"},"datePublished":"2024-10-29T14:47:12+00:00","dateModified":"2026-03-12T09:48:09+00:00","description":"CRYSTALLIZE CRY 151, beton i\u00e7erisindeki k\u0131lcal \u00e7atlaklara n\u00fcfuz ederek kristalize yap\u0131 olu\u015fturan, negatif ve pozitif su bas\u0131nc\u0131na (\u226512 bar) dayan\u0131kl\u0131 \u00e7imento esasl\u0131 su yal\u0131t\u0131m malzemesidir.","breadcrumb":{"@id":"https:\/\/dolphinfix.com.tr\/eticaret\/urun\/cry-151-kristalize-yalitim\/#breadcrumb"},"inLanguage":"tr","potentialAction":[{"@type":"ReadAction","target":["https:\/\/dolphinfix.com.tr\/eticaret\/urun\/cry-151-kristalize-yalitim\/"]}]},{"@type":"BreadcrumbList","@id":"https:\/\/dolphinfix.com.tr\/eticaret\/urun\/cry-151-kristalize-yalitim\/#breadcrumb","itemListElement":[{"@type":"ListItem","position":1,"name":"Home","item":"https:\/\/dolphinfix.com.tr\/eticaret\/"},{"@type":"ListItem","position":2,"name":"Market","item":"https:\/\/dolphinfix.com.tr\/eticaret\/market\/"},{"@type":"ListItem","position":3,"name":"CRYSTALLIZE CRY 151 &#8211; NEGAT\u0130F SU \u0130ZOLASYON MALZEMES\u0130"}]},{"@type":"WebSite","@id":"https:\/\/dolphinfix.com.tr\/eticaret\/#website","url":"https:\/\/dolphinfix.com.tr\/eticaret\/","name":"Dolphinfix","description":"","potentialAction":[{"@type":"SearchAction","target":{"@type":"EntryPoint","urlTemplate":"https:\/\/dolphinfix.com.tr\/eticaret\/?s={search_term_string}"},"query-input":"required name=search_term_string"}],"inLanguage":"tr"}]}},"_links":{"self":[{"href":"https:\/\/dolphinfix.com.tr\/eticaret\/wp-json\/wp\/v2\/product\/16513","targetHints":{"allow":["GET"]}}],"collection":[{"href":"https:\/\/dolphinfix.com.tr\/eticaret\/wp-json\/wp\/v2\/product"}],"about":[{"href":"https:\/\/dolphinfix.com.tr\/eticaret\/wp-json\/wp\/v2\/types\/product"}],"replies":[{"embeddable":true,"href":"https:\/\/dolphinfix.com.tr\/eticaret\/wp-json\/wp\/v2\/comments?post=16513"}],"version-history":[{"count":7,"href":"https:\/\/dolphinfix.com.tr\/eticaret\/wp-json\/wp\/v2\/product\/16513\/revisions"}],"predecessor-version":[{"id":19379,"href":"https:\/\/dolphinfix.com.tr\/eticaret\/wp-json\/wp\/v2\/product\/16513\/revisions\/19379"}],"wp:featuredmedia":[{"embeddable":true,"href":"https:\/\/dolphinfix.com.tr\/eticaret\/wp-json\/wp\/v2\/media\/16515"}],"wp:attachment":[{"href":"https:\/\/dolphinfix.com.tr\/eticaret\/wp-json\/wp\/v2\/media?parent=16513"}],"wp:term":[{"taxonomy":"product_cat","embeddable":true,"href":"https:\/\/dolphinfix.com.tr\/eticaret\/wp-json\/wp\/v2\/product_cat?post=16513"},{"taxonomy":"product_tag","embeddable":true,"href":"https:\/\/dolphinfix.com.tr\/eticaret\/wp-json\/wp\/v2\/product_tag?post=16513"}],"curies":[{"name":"wp","href":"https:\/\/api.w.org\/{rel}","templated":true}]}}