{"id":16538,"date":"2024-10-30T02:09:30","date_gmt":"2024-10-29T23:09:30","guid":{"rendered":"https:\/\/dolphinfix.com.tr\/eticaret?post_type=product&#038;p=16538"},"modified":"2026-03-12T12:48:09","modified_gmt":"2026-03-12T09:48:09","slug":"asn-153-asansor-yalitim","status":"publish","type":"product","link":"https:\/\/dolphinfix.com.tr\/eticaret\/urun\/asn-153-asansor-yalitim\/","title":{"rendered":"ASANS\u00d6R\u0130ZO ASN 153 &#8211; ASANS\u00d6R \u00c7UKURU NEGAT\u0130F SU YALITIMI"},"content":{"rendered":"<h3><span style=\"color: #c61016;\">\u00dcR\u00dcN B\u0130LG\u0130LER\u0130 ;<\/span><\/h3>\n<p><span style=\"color: #000000;\"><strong>TANIMI :<\/strong> ASANS\u00d6RIZO \u2013 ASN 153, \u00e7imento ve dogal katk\u0131lar kullan\u0131larak asans\u00f6r \u00e7ukuru vb. hassas negatif su yal\u0131t\u0131m isleri i\u00e7in gelistirilmis y\u00fcksek performansl\u0131 kristalize su yal\u0131t\u0131m harc\u0131d\u0131r.<\/span><\/p>\n<p><strong><span style=\"color: #000000;\">KULLANIM ALANLARI;<\/span><\/strong><br \/>\n<span style=\"color: #000000;\">\u2022Asans\u00f6r \u00e7ukurlar\u0131,<\/span><br \/>\n<span style=\"color: #000000;\">\u2022Kuyu temel perdeler,<\/span><br \/>\n<span style=\"color: #000000;\">\u2022Deniz su seviyesinin alt\u0131nda kalan ya da etkilenmelere maruz kalan betonarme yap\u0131larda,<\/span><br \/>\n<span style=\"color: #000000;\">\u2022Temel ve perde su yal\u0131t\u0131m\u0131nda negatif y\u00f6nden gelen her t\u00fcrl\u00fc su ka\u00e7aklar\u0131n\u0131n \u00f6nlemekte<\/span><br \/>\n<span style=\"color: #000000;\">\u2022Toprak \u00fcst\u00fcnde ve toprak alt\u0131nda kalan yap\u0131lar\u0131n su yal\u0131t\u0131m\u0131nda,<\/span><br \/>\n<span style=\"color: #000000;\">\u2022At\u0131k su ar\u0131tma tesislerinde,<\/span><br \/>\n<span style=\"color: #000000;\">\u2022Bodrumlar, t\u00fcneller gibi negatif y\u00f6nden su yal\u0131t\u0131m\u0131 yapmakta,<\/span><\/p>\n<p><strong><span style=\"color: #000000;\">\u00dcR\u00dcN \u00d6ZELLIKLER\u0130<\/span><\/strong><br \/>\n<span style=\"color: #000000;\">ASANS\u00d6RIZO \u2013 ASN 153, uyguland\u0131g\u0131 betonda ki kimyasallar ile tepkimeye girerek kristaller olusturur ve betonun i\u00e7indeki s\u0131z\u0131nt\u0131y\u0131 takip ederek kapiler bosluklar\u0131 t\u0131kar. Diger taraftan y\u00fczeyde esnek ve dayan\u0131ml\u0131 bir katman olusturur, b\u00f6ylece iki asamal\u0131 koruma saglar. Bu \u00fcst\u00fcn \u00f6zelligi sayesinde negatif y\u00f6nde m\u00fckemmel su yal\u0131t\u0131m\u0131 saglar. Asans\u00f6r \u00c7ukuru ve t\u00fcm negatif uygulamalarda m\u00fckemmel sonu\u00e7 verir.\u00a0<\/span><\/p>\n<p><strong><span style=\"color: #000000;\">UYGULAMA Y\u00d6NTEM\u0130<\/span><\/strong><br \/>\n<span style=\"color: #000000;\">Y\u00fczey her t\u00fcrl\u00fc kir, yag ve gresten, zay\u0131f ve oynak par\u00e7ac\u0131klardan, \u00e7imento serbeti kal\u0131nt\u0131lar\u0131ndan ar\u0131nd\u0131r\u0131lmal\u0131d\u0131r. Uygulama yapmadan 24 saat \u00f6nce uygulama yap\u0131lacak zemini suya doygun hale getirerek nemlendirme islemini mutlaka yap\u0131n. Uygulama nem sorunu i\u00e7in 2 kat, su s\u0131z\u0131nt\u0131s\u0131 i\u00e7in s\u0131z\u0131nt\u0131n\u0131n bas\u0131nc\u0131na g\u00f6re 2 veya 3 kat halinde uygulan\u0131r. Ilk kat kurumadan 2. Kat uygulamaya ge\u00e7ilmemelidir. (Kuruma s\u00fcre asgari 3 saat azami 24 saattir.)<\/span><\/p>\n<p><strong><span style=\"color: #000000;\">DIKKAT EDILMESI GEREKEN HUSUSLAR ;<\/span><\/strong><br \/>\n<span style=\"color: #000000;\">\u2022Hava kosullar\u0131na dikkat edilmeli y\u00fcksek s\u0131cakl\u0131k, r\u00fczg\u00e2r ve don olaylar\u0131na kars\u0131 gereken \u00f6nlemler al\u0131nmal\u0131 ve taze uygulamalar en az 24 saat s\u00fcresince su ve yagmurdan korunmal\u0131d\u0131r.<\/span><br \/>\n<span style=\"color: #000000;\">\u2022S\u0131cak y\u00fczeylere uygulama yap\u0131lmas\u0131 gereken durumlarda, uygulamaya baslamadan su ile sogutma yap\u0131lmal\u0131d\u0131r.<\/span><br \/>\n<span style=\"color: #000000;\">\u2022Yaz\u0131n s\u0131cak g\u00fcnlerinde uygulama sabah serinliginde yap\u0131lmal\u0131d\u0131r.<\/span><br \/>\n<span style=\"color: #000000;\">\u2022Islak veya donmus y\u00fczeylere uygulama yapmay\u0131n.<\/span><br \/>\n<span style=\"color: #000000;\">\u2022Negatif uygulamalar\u0131 sadece beton y\u00fczeylere yap\u0131n\u0131z.<\/span><br \/>\n<span style=\"color: #000000;\">\u2022Uygulama s\u0131cakl\u0131g\u0131 +5 C ve +30 C aras\u0131ndad\u0131r. S\u0131cakl\u0131g\u0131n 24 saat i\u00e7inde +5 C alt\u0131na d\u00fcsme ihtimali varsa uygulama yapmay\u0131n.<\/span><\/p>\n<p><span style=\"color: #000000;\"><strong>AMBALAJ :<\/strong> 25 Kg Kraft Torba<\/span><\/p>\n<p><span style=\"color: #000000;\"><strong>RAF \u00d6MR\u00dc :<\/strong> Orijinal, hasar g\u00f6rmemis ve a\u00e7\u0131lmam\u0131s ambalaj\u0131nda \u00fcretim tarihi itibariyle 12 ay kullan\u0131labilir. <\/span><\/p>\n<p><span style=\"color: #000000;\"><strong>DEPOLAMA SARTLARI :<\/strong> +5 \u00b0C ve 30\u00b0C aral\u0131g\u0131nda muhafaza edilmelidir. Dondan, nemden ve direkt g\u00fcnes \u0131s\u0131ndan korunmal\u0131d\u0131r. Palet<\/span><br \/>\n<span style=\"color: #000000;\">\u00fcst\u00fcnde istif edilmelidir. \u00dcst \u00fcste en fazla 8 torba konulmal\u0131d\u0131r.<\/span><\/p>\n<p><span style=\"color: #000000;\"><em>\u00dcr\u00fcn Teknik \u00f6zellikleri ve di\u011fer bilgiler i\u00e7in tds belgesini indirmenizi rica ederiz.<\/em><\/span><\/p>\n","protected":false},"excerpt":{"rendered":"<p><span style=\"color: #000000;\"><a style=\"color: #000000;\" href=\"https:\/\/dolphinfix.com.tr\/eticaret\/wp-content\/uploads\/2025\/04\/ASANSORIZO-153-ASN-TDS.pdf\" target=\"_blank\" rel=\"noopener\">TDS Belgesini \u0130ndirmek \u0130\u00e7in T\u0131klay\u0131n\u0131z<\/a><\/span><br \/>\n<span style=\"color: #000000;\"><a style=\"color: #000000;\" href=\"https:\/\/dolphinfix.com.tr\/eticaret\/wp-content\/uploads\/2025\/03\/AKER-KIMYA-EN-1504-2-FUK-UYGUNLUK-BELGESI-REV06-TR.pdf\" target=\"_blank\" rel=\"noopener\">CE Belgesini \u0130ndirmek \u0130\u00e7in T\u0131klay\u0131n\u0131z<\/a><\/span><\/p>\n","protected":false},"featured_media":16540,"comment_status":"open","ping_status":"closed","template":"","meta":{"_joinchat":[]},"product_cat":[99,83],"product_tag":[1023,992,1019,1000,998,1005,995,1004,1024,788,996,1001,1002,662,999],"class_list":{"0":"post-16538","1":"product","2":"type-product","3":"status-publish","4":"has-post-thumbnail","6":"product_cat-cimento-esasli-negatif","7":"product_cat-su-yalitim-cozumleri","8":"product_tag-asansor-cukuru-su-yalitimi","9":"product_tag-beton-su-izolasyonu","10":"product_tag-beton-su-yalitim-malzemesi","11":"product_tag-catida-su-yalitim","12":"product_tag-dayanikli-su-yalitim","13":"product_tag-endustriyel-su-yalitim","14":"product_tag-gri-su-yalitim-malzemesi","15":"product_tag-kolay-uygulanabilir-su-yalitim","16":"product_tag-negatif-su-yalitim","17":"product_tag-profesyonel-uygulama","18":"product_tag-su-yalitim-membrani","19":"product_tag-teras-su-yalitim","20":"product_tag-uzun-omurlu-su-yalitim","21":"product_tag-yapi-malzemeleri","22":"product_tag-yuksek-performansli-su-yalitim","24":"first","25":"instock","26":"taxable","27":"shipping-taxable","28":"purchasable","29":"product-type-variable"},"yoast_head":"<!-- This site is optimized with the Yoast SEO Premium plugin v20.2.1 (Yoast SEO v20.2.1) - https:\/\/yoast.com\/wordpress\/plugins\/seo\/ -->\n<title>ASANS\u00d6RIZO ASN 153 | Asans\u00f6r \u00c7ukuru \u0130\u00e7in Negatif Su Yal\u0131t\u0131m\u0131<\/title>\n<meta name=\"description\" content=\"ASANS\u00d6RIZO ASN 153, asans\u00f6r \u00e7ukuru ve negatif y\u00f6nden su gelen beton y\u00fczeyler i\u00e7in geli\u015ftirilmi\u015f kristalize su yal\u0131t\u0131m harc\u0131d\u0131r. Kapiler bo\u015fluklar\u0131 t\u0131kar, kal\u0131c\u0131 ve y\u00fcksek performansl\u0131 koruma sa\u011flar.\" \/>\n<meta name=\"robots\" content=\"index, follow, max-snippet:-1, max-image-preview:large, max-video-preview:-1\" \/>\n<link rel=\"canonical\" href=\"https:\/\/dolphinfix.com.tr\/eticaret\/urun\/asn-153-asansor-yalitim\/\" \/>\n<meta property=\"og:locale\" content=\"tr_TR\" \/>\n<meta property=\"og:type\" content=\"article\" \/>\n<meta property=\"og:title\" content=\"ASANS\u00d6R\u0130ZO ASN 153 - ASANS\u00d6R \u00c7UKURU NEGAT\u0130F SU YALITIMI\" \/>\n<meta property=\"og:description\" content=\"ASANS\u00d6RIZO ASN 153, asans\u00f6r \u00e7ukuru ve negatif y\u00f6nden su gelen beton y\u00fczeyler i\u00e7in geli\u015ftirilmi\u015f kristalize su yal\u0131t\u0131m harc\u0131d\u0131r. Kapiler bo\u015fluklar\u0131 t\u0131kar, kal\u0131c\u0131 ve y\u00fcksek performansl\u0131 koruma sa\u011flar.\" \/>\n<meta property=\"og:url\" content=\"https:\/\/dolphinfix.com.tr\/eticaret\/urun\/asn-153-asansor-yalitim\/\" \/>\n<meta property=\"og:site_name\" content=\"Dolphinfix\" \/>\n<meta property=\"article:modified_time\" content=\"2026-03-12T09:48:09+00:00\" \/>\n<meta property=\"og:image\" content=\"https:\/\/dolphinfix.com.tr\/eticaret\/wp-content\/uploads\/2024\/10\/153.png\" \/>\n\t<meta property=\"og:image:width\" content=\"1000\" \/>\n\t<meta property=\"og:image:height\" content=\"1000\" \/>\n\t<meta property=\"og:image:type\" content=\"image\/png\" \/>\n<meta name=\"twitter:card\" content=\"summary_large_image\" \/>\n<meta name=\"twitter:label1\" content=\"Tahmini okuma s\u00fcresi\" \/>\n\t<meta name=\"twitter:data1\" content=\"3 dakika\" \/>\n<script type=\"application\/ld+json\" class=\"yoast-schema-graph\">{\"@context\":\"https:\/\/schema.org\",\"@graph\":[{\"@type\":\"WebPage\",\"@id\":\"https:\/\/dolphinfix.com.tr\/eticaret\/urun\/asn-153-asansor-yalitim\/\",\"url\":\"https:\/\/dolphinfix.com.tr\/eticaret\/urun\/asn-153-asansor-yalitim\/\",\"name\":\"ASANS\u00d6RIZO ASN 153 | Asans\u00f6r \u00c7ukuru \u0130\u00e7in Negatif Su Yal\u0131t\u0131m\u0131\",\"isPartOf\":{\"@id\":\"https:\/\/dolphinfix.com.tr\/eticaret\/#website\"},\"datePublished\":\"2024-10-29T23:09:30+00:00\",\"dateModified\":\"2026-03-12T09:48:09+00:00\",\"description\":\"ASANS\u00d6RIZO ASN 153, asans\u00f6r \u00e7ukuru ve negatif y\u00f6nden su gelen beton y\u00fczeyler i\u00e7in geli\u015ftirilmi\u015f kristalize su yal\u0131t\u0131m harc\u0131d\u0131r. Kapiler bo\u015fluklar\u0131 t\u0131kar, kal\u0131c\u0131 ve y\u00fcksek performansl\u0131 koruma sa\u011flar.\",\"breadcrumb\":{\"@id\":\"https:\/\/dolphinfix.com.tr\/eticaret\/urun\/asn-153-asansor-yalitim\/#breadcrumb\"},\"inLanguage\":\"tr\",\"potentialAction\":[{\"@type\":\"ReadAction\",\"target\":[\"https:\/\/dolphinfix.com.tr\/eticaret\/urun\/asn-153-asansor-yalitim\/\"]}]},{\"@type\":\"BreadcrumbList\",\"@id\":\"https:\/\/dolphinfix.com.tr\/eticaret\/urun\/asn-153-asansor-yalitim\/#breadcrumb\",\"itemListElement\":[{\"@type\":\"ListItem\",\"position\":1,\"name\":\"Home\",\"item\":\"https:\/\/dolphinfix.com.tr\/eticaret\/\"},{\"@type\":\"ListItem\",\"position\":2,\"name\":\"Market\",\"item\":\"https:\/\/dolphinfix.com.tr\/eticaret\/market\/\"},{\"@type\":\"ListItem\",\"position\":3,\"name\":\"ASANS\u00d6R\u0130ZO ASN 153 &#8211; ASANS\u00d6R \u00c7UKURU NEGAT\u0130F SU YALITIMI\"}]},{\"@type\":\"WebSite\",\"@id\":\"https:\/\/dolphinfix.com.tr\/eticaret\/#website\",\"url\":\"https:\/\/dolphinfix.com.tr\/eticaret\/\",\"name\":\"Dolphinfix\",\"description\":\"\",\"potentialAction\":[{\"@type\":\"SearchAction\",\"target\":{\"@type\":\"EntryPoint\",\"urlTemplate\":\"https:\/\/dolphinfix.com.tr\/eticaret\/?s={search_term_string}\"},\"query-input\":\"required name=search_term_string\"}],\"inLanguage\":\"tr\"}]}<\/script>\n<!-- \/ Yoast SEO Premium plugin. -->","yoast_head_json":{"title":"ASANS\u00d6RIZO ASN 153 | Asans\u00f6r \u00c7ukuru \u0130\u00e7in Negatif Su Yal\u0131t\u0131m\u0131","description":"ASANS\u00d6RIZO ASN 153, asans\u00f6r \u00e7ukuru ve negatif y\u00f6nden su gelen beton y\u00fczeyler i\u00e7in geli\u015ftirilmi\u015f kristalize su yal\u0131t\u0131m harc\u0131d\u0131r. Kapiler bo\u015fluklar\u0131 t\u0131kar, kal\u0131c\u0131 ve y\u00fcksek performansl\u0131 koruma sa\u011flar.","robots":{"index":"index","follow":"follow","max-snippet":"max-snippet:-1","max-image-preview":"max-image-preview:large","max-video-preview":"max-video-preview:-1"},"canonical":"https:\/\/dolphinfix.com.tr\/eticaret\/urun\/asn-153-asansor-yalitim\/","og_locale":"tr_TR","og_type":"article","og_title":"ASANS\u00d6R\u0130ZO ASN 153 - ASANS\u00d6R \u00c7UKURU NEGAT\u0130F SU YALITIMI","og_description":"ASANS\u00d6RIZO ASN 153, asans\u00f6r \u00e7ukuru ve negatif y\u00f6nden su gelen beton y\u00fczeyler i\u00e7in geli\u015ftirilmi\u015f kristalize su yal\u0131t\u0131m harc\u0131d\u0131r. Kapiler bo\u015fluklar\u0131 t\u0131kar, kal\u0131c\u0131 ve y\u00fcksek performansl\u0131 koruma sa\u011flar.","og_url":"https:\/\/dolphinfix.com.tr\/eticaret\/urun\/asn-153-asansor-yalitim\/","og_site_name":"Dolphinfix","article_modified_time":"2026-03-12T09:48:09+00:00","og_image":[{"width":1000,"height":1000,"url":"https:\/\/dolphinfix.com.tr\/eticaret\/wp-content\/uploads\/2024\/10\/153.png","type":"image\/png"}],"twitter_card":"summary_large_image","twitter_misc":{"Tahmini okuma s\u00fcresi":"3 dakika"},"schema":{"@context":"https:\/\/schema.org","@graph":[{"@type":"WebPage","@id":"https:\/\/dolphinfix.com.tr\/eticaret\/urun\/asn-153-asansor-yalitim\/","url":"https:\/\/dolphinfix.com.tr\/eticaret\/urun\/asn-153-asansor-yalitim\/","name":"ASANS\u00d6RIZO ASN 153 | Asans\u00f6r \u00c7ukuru \u0130\u00e7in Negatif Su Yal\u0131t\u0131m\u0131","isPartOf":{"@id":"https:\/\/dolphinfix.com.tr\/eticaret\/#website"},"datePublished":"2024-10-29T23:09:30+00:00","dateModified":"2026-03-12T09:48:09+00:00","description":"ASANS\u00d6RIZO ASN 153, asans\u00f6r \u00e7ukuru ve negatif y\u00f6nden su gelen beton y\u00fczeyler i\u00e7in geli\u015ftirilmi\u015f kristalize su yal\u0131t\u0131m harc\u0131d\u0131r. Kapiler bo\u015fluklar\u0131 t\u0131kar, kal\u0131c\u0131 ve y\u00fcksek performansl\u0131 koruma sa\u011flar.","breadcrumb":{"@id":"https:\/\/dolphinfix.com.tr\/eticaret\/urun\/asn-153-asansor-yalitim\/#breadcrumb"},"inLanguage":"tr","potentialAction":[{"@type":"ReadAction","target":["https:\/\/dolphinfix.com.tr\/eticaret\/urun\/asn-153-asansor-yalitim\/"]}]},{"@type":"BreadcrumbList","@id":"https:\/\/dolphinfix.com.tr\/eticaret\/urun\/asn-153-asansor-yalitim\/#breadcrumb","itemListElement":[{"@type":"ListItem","position":1,"name":"Home","item":"https:\/\/dolphinfix.com.tr\/eticaret\/"},{"@type":"ListItem","position":2,"name":"Market","item":"https:\/\/dolphinfix.com.tr\/eticaret\/market\/"},{"@type":"ListItem","position":3,"name":"ASANS\u00d6R\u0130ZO ASN 153 &#8211; ASANS\u00d6R \u00c7UKURU NEGAT\u0130F SU YALITIMI"}]},{"@type":"WebSite","@id":"https:\/\/dolphinfix.com.tr\/eticaret\/#website","url":"https:\/\/dolphinfix.com.tr\/eticaret\/","name":"Dolphinfix","description":"","potentialAction":[{"@type":"SearchAction","target":{"@type":"EntryPoint","urlTemplate":"https:\/\/dolphinfix.com.tr\/eticaret\/?s={search_term_string}"},"query-input":"required name=search_term_string"}],"inLanguage":"tr"}]}},"_links":{"self":[{"href":"https:\/\/dolphinfix.com.tr\/eticaret\/wp-json\/wp\/v2\/product\/16538","targetHints":{"allow":["GET"]}}],"collection":[{"href":"https:\/\/dolphinfix.com.tr\/eticaret\/wp-json\/wp\/v2\/product"}],"about":[{"href":"https:\/\/dolphinfix.com.tr\/eticaret\/wp-json\/wp\/v2\/types\/product"}],"replies":[{"embeddable":true,"href":"https:\/\/dolphinfix.com.tr\/eticaret\/wp-json\/wp\/v2\/comments?post=16538"}],"version-history":[{"count":7,"href":"https:\/\/dolphinfix.com.tr\/eticaret\/wp-json\/wp\/v2\/product\/16538\/revisions"}],"predecessor-version":[{"id":19152,"href":"https:\/\/dolphinfix.com.tr\/eticaret\/wp-json\/wp\/v2\/product\/16538\/revisions\/19152"}],"wp:featuredmedia":[{"embeddable":true,"href":"https:\/\/dolphinfix.com.tr\/eticaret\/wp-json\/wp\/v2\/media\/16540"}],"wp:attachment":[{"href":"https:\/\/dolphinfix.com.tr\/eticaret\/wp-json\/wp\/v2\/media?parent=16538"}],"wp:term":[{"taxonomy":"product_cat","embeddable":true,"href":"https:\/\/dolphinfix.com.tr\/eticaret\/wp-json\/wp\/v2\/product_cat?post=16538"},{"taxonomy":"product_tag","embeddable":true,"href":"https:\/\/dolphinfix.com.tr\/eticaret\/wp-json\/wp\/v2\/product_tag?post=16538"}],"curies":[{"name":"wp","href":"https:\/\/api.w.org\/{rel}","templated":true}]}}