{"id":16547,"date":"2024-10-30T02:31:36","date_gmt":"2024-10-29T23:31:36","guid":{"rendered":"https:\/\/dolphinfix.com.tr\/eticaret?post_type=product&#038;p=16547"},"modified":"2026-03-12T12:43:22","modified_gmt":"2026-03-12T09:43:22","slug":"s2k-160-yalitim","status":"publish","type":"product","link":"https:\/\/dolphinfix.com.tr\/eticaret\/urun\/s2k-160-yalitim\/","title":{"rendered":"S\u00dcPER PLUS S2K 160 &#8211; B\u0130T\u00dcM AKR\u0130L\u0130K \u00c7\u0130MENTO ESASLI SU YALITIMI"},"content":{"rendered":"<h3><span style=\"color: #c61016;\">\u00dcR\u00dcN B\u0130LG\u0130LER\u0130 ;<\/span><\/h3>\n<p><span style=\"color: #000000;\"><strong>TANIMI :<\/strong> SUPER PLUS \u2013 S2K 160, Bit\u00fcm- Kau\u00e7uk esasl\u0131, \u00e7ift bilesenli, antiroot \u00f6zelligi olan esnek su yal\u0131t\u0131m harc\u0131.<\/span><\/p>\n<p><span style=\"color: #000000;\"><strong>KULLANIM ALANLARI;<\/strong><\/span><br \/>\n<span style=\"color: #000000;\">\u2022I\u00e7 ve d\u0131s alanlarda s\u0131val\u0131 tugla ve duvarlarda,<\/span><br \/>\n<span style=\"color: #000000;\">\u2022Bitki k\u00f6klerine maruz kalan y\u00fczeylerde,<\/span><br \/>\n<span style=\"color: #000000;\">\u2022Yesil teras uygulamalar\u0131nda,<\/span><br \/>\n<span style=\"color: #000000;\">\u2022Teraslarda, bodrum ve perde duvarlar\u0131nda,<\/span><br \/>\n<span style=\"color: #000000;\">\u2022Toprak \u00fcst\u00fcnde ve toprak alt\u0131nda kalan y\u00fczeylerde,<\/span><br \/>\n<span style=\"color: #000000;\">\u2022T\u00fcm \u0131slak mekanlar\u0131n yal\u0131t\u0131m\u0131nda,<\/span><br \/>\n<span style=\"color: #000000;\">\u2022Metal, tahta, osblerde<\/span><br \/>\n<span style=\"color: #000000;\">\u2022Zemin alt\u0131 ve zemin \u00fcst\u00fc yal\u0131t\u0131mlarda<\/span><\/p>\n<p><span style=\"color: #000000;\"><strong>\u00dcR\u00dcN \u00d6ZELL\u0130KLER\u0130;<\/strong><\/span><br \/>\n<span style=\"color: #000000;\">\u2022SUPER PLUS \u2013 S2K 160, Bitki k\u00f6klerine kars\u0131 dayan\u0131ml\u0131d\u0131r.<\/span><br \/>\n<span style=\"color: #000000;\">\u2022Bu \u00f6zelligi ile Toprak alt\u0131nda g\u00fcvenlekullan\u0131labilir, teraslarda yesil alanlar olusturulabilir.<\/span><br \/>\n<span style=\"color: #000000;\">\u2022K\u0131sa s\u00fcrede yagmur suyuna dayan\u0131kl\u0131 hale gelir.<\/span><br \/>\n<span style=\"color: #000000;\">\u2022G\u00fc\u00e7l\u00fc bir \u00e7atlak esneklige sahiptir.<\/span><br \/>\n<span style=\"color: #000000;\">\u2022Her t\u00fcrl\u00fc su ve nem etkisine kars\u0131 su yal\u0131t\u0131m\u0131 saglar,<\/span><br \/>\n<span style=\"color: #000000;\">\u2022D\u00fcs\u00fck s\u0131cakl\u0131klarda bile esnekligini korur,<\/span><br \/>\n<span style=\"color: #000000;\">\u2022Solvent i\u00e7ermez, \u00e7evre dostudur.<\/span><br \/>\n<span style=\"color: #000000;\">\u2022F\u0131r\u00e7a, mala ve havas\u0131z sprey tabancas\u0131 kullanmaya uygundur.<\/span><\/p>\n<p><span style=\"color: #000000;\"><strong>UYGULAMA Y\u00d6NTEM\u0130<\/strong><\/span><br \/>\n<span style=\"color: #000000;\">Y\u00fczey her t\u00fcrl\u00fc kir, yag ve gresten, zay\u0131f ve oynak par\u00e7ac\u0131klardan, \u00e7imento serbeti kal\u0131nt\u0131lar\u0131ndan ar\u0131nd\u0131r\u0131lmal\u0131d\u0131r. Uygulama yap\u0131lacak y\u00fczeyde \u00e7atlak ve oyuk varsa DOLPHIN TH tamir har\u00e7lar\u0131ndan uygun olan\u0131 ile tamir yap\u0131larak 3 g\u00fcn sonra SUPER PLUS \u2013 S2K 160 uygulamas\u0131na ge\u00e7ilmelidir. Yal\u0131t\u0131m yap\u0131lacak y\u00fczey kuru olmal\u0131d\u0131r. Yaz\u0131n hafif\u00e7e nemlendirilebilir. Su birikintisi, g\u00f6llenme var ise giderilmelidir. Uygulama \u00f6ncesi dilatasyon varsa pah bantlar\u0131n\u0131 dilatasyon yap\u0131st\u0131r\u0131c\u0131s\u0131 kullanarak yap\u0131st\u0131r\u0131n. Mala, F\u0131r\u00e7a veya uygun bir p\u00fcsk\u00fcrtme ekipman\u0131 ile uygulamay\u0131 yapabilirsiniz.<\/span><\/p>\n<p><span style=\"color: #000000;\"><strong>SARF\u0130YAT<\/strong><\/span><br \/>\n<span style=\"color: #000000;\">Tek kat m\u00b2\/ 1 kg &#8211; File donat\u0131l\u0131 yap\u0131l\u0131rsa toplamda 3 kat olaca\u011f\u0131 i\u00e7in 3 kg<\/span><\/p>\n<p><span style=\"color: #000000;\"><strong>DIKKAT EDILMESI GEREKEN HUSUSLAR;<\/strong><\/span><br \/>\n<span style=\"color: #000000;\">\u2022Yagmur yagarken uygulama yapmay\u0131n.<\/span><br \/>\n<span style=\"color: #000000;\">\u2022Direkt g\u00fcnes \u0131s\u0131g\u0131 alt\u0131nda uygulamay\u0131n.<\/span><br \/>\n<span style=\"color: #000000;\">\u2022Uygulamay\u0131 en az 2 kat halinde yap\u0131n\u0131z.<\/span><br \/>\n<span style=\"color: #000000;\">\u2022Yap\u0131sma problemi olabilecek bozuk y\u00fczeylerdemutlaka astar uygulamas\u0131 yap\u0131n\u0131z.<\/span><br \/>\n<span style=\"color: #000000;\">\u2022\u00dcr\u00fcn uygulamaya haz\u0131r \u00fcr\u00fcnd\u00fcr kesinlikle su ileseyreltmeyin.<\/span><br \/>\n<span style=\"color: #000000;\">\u2022Hen\u00fcz sertlesmemis yeni uygulamalar\u0131 yagmur,don vb. hava kosullar\u0131ndan koruyun.<\/span><\/p>\n<p><span style=\"color: #000000;\"><strong>AMBALAJ :<\/strong> 30 KG SET A-Komponent 22 kg bit\u00fcm \/ B-Komponent 8 kg toz<\/span><\/p>\n<p><span style=\"color: #000000;\"><strong>RAF \u00d6MR\u00dc :<\/strong> Orijinal, hasar g\u00f6rmemis ve a\u00e7\u0131lmam\u0131s ambalaj\u0131nda \u00fcretim tarihi itibariyle 12 ay kullan\u0131labilir.<\/span><\/p>\n<p><span style=\"color: #000000;\"><strong>DEPOLAMA SARTLARI :<\/strong> +5 \u00b0C ve 30\u00b0C aral\u0131g\u0131nda muhafaza edilmelidir. Dondan, nemden ve direkt g\u00fcnes \u0131s\u0131ndan korunmal\u0131d\u0131r. Palet<\/span><br \/>\n<span style=\"color: #000000;\">\u00fcst\u00fcnde istif edilmelidir. \u00dcst \u00fcste en fazla 8 torba konulmal\u0131d\u0131r.<\/span><\/p>\n<p><span style=\"color: #000000;\"><em>\u00dcr\u00fcn Teknik \u00f6zellikleri ve di\u011fer bilgiler i\u00e7in tds belgesini indirmenizi rica ederiz.<\/em><\/span><\/p>\n","protected":false},"excerpt":{"rendered":"<p><span style=\"color: #000000;\"><a style=\"color: #000000;\" href=\"https:\/\/dolphinfix.com.tr\/eticaret\/wp-content\/uploads\/2025\/05\/SUPER-PLUS-S2K-160-TDS.pdf\" target=\"_blank\" rel=\"noopener\">TDS Belgesini \u0130ndirmek \u0130\u00e7in T\u0131klay\u0131n\u0131z<br \/>\n<\/a><\/span><span style=\"color: #000000;\"><a style=\"color: #000000;\" href=\"#\" target=\"_blank\" rel=\"noopener\">CE Belgesini \u0130ndirmek \u0130\u00e7in T\u0131klay\u0131n\u0131z<\/a><\/span><\/p>\n","protected":false},"featured_media":16549,"comment_status":"open","ping_status":"closed","template":"","meta":{"_joinchat":[]},"product_cat":[100,145,92,83,144],"product_tag":[992,1026,1000,1027,998,1005,995,1004,788,997,996,1001,1002,662,999],"class_list":{"0":"post-16547","1":"product","2":"type-product","3":"status-publish","4":"has-post-thumbnail","6":"product_cat-bitum-ve-kaucuk-esasli-pozitif","7":"product_cat-peyzaj-su-yalitim","8":"product_cat-peyzaj-yesil-cati","9":"product_cat-su-yalitim-cozumleri","10":"product_cat-yesil-cati-urunleri","11":"product_tag-beton-su-izolasyonu","12":"product_tag-bitum-akrilik-su-yalitimi","13":"product_tag-catida-su-yalitim","14":"product_tag-cimento-esasli-su-yalitim","15":"product_tag-dayanikli-su-yalitim","16":"product_tag-endustriyel-su-yalitim","17":"product_tag-gri-su-yalitim-malzemesi","18":"product_tag-kolay-uygulanabilir-su-yalitim","19":"product_tag-profesyonel-uygulama","20":"product_tag-su-yalitim-kaplama","21":"product_tag-su-yalitim-membrani","22":"product_tag-teras-su-yalitim","23":"product_tag-uzun-omurlu-su-yalitim","24":"product_tag-yapi-malzemeleri","25":"product_tag-yuksek-performansli-su-yalitim","27":"first","28":"instock","29":"taxable","30":"shipping-taxable","31":"purchasable","32":"product-type-variable"},"yoast_head":"<!-- This site is optimized with the Yoast SEO Premium plugin v20.2.1 (Yoast SEO v20.2.1) - https:\/\/yoast.com\/wordpress\/plugins\/seo\/ -->\n<title>SUPER PLUS S2K 160 | Bit\u00fcm Kau\u00e7uk ve \u00c7imento Esasl\u0131 Su Yal\u0131t\u0131m\u0131<\/title>\n<meta name=\"description\" content=\"SUPER PLUS S2K 160, bit\u00fcm-kau\u00e7uk esasl\u0131, \u00e7ift bile\u015fenli ve antiroot \u00f6zellikli esnek su yal\u0131t\u0131m harc\u0131d\u0131r. Ye\u015fil teras, bodrum, perde duvar ve \u0131slak hacimlerde \u00fcst\u00fcn performans sa\u011flar.\" \/>\n<meta name=\"robots\" content=\"index, follow, max-snippet:-1, max-image-preview:large, max-video-preview:-1\" \/>\n<link rel=\"canonical\" href=\"https:\/\/dolphinfix.com.tr\/eticaret\/urun\/s2k-160-yalitim\/\" \/>\n<meta property=\"og:locale\" content=\"tr_TR\" \/>\n<meta property=\"og:type\" content=\"article\" \/>\n<meta property=\"og:title\" content=\"S\u00dcPER PLUS S2K 160 - B\u0130T\u00dcM AKR\u0130L\u0130K \u00c7\u0130MENTO ESASLI SU YALITIMI\" \/>\n<meta property=\"og:description\" content=\"SUPER PLUS S2K 160, bit\u00fcm-kau\u00e7uk esasl\u0131, \u00e7ift bile\u015fenli ve antiroot \u00f6zellikli esnek su yal\u0131t\u0131m harc\u0131d\u0131r. Ye\u015fil teras, bodrum, perde duvar ve \u0131slak hacimlerde \u00fcst\u00fcn performans sa\u011flar.\" \/>\n<meta property=\"og:url\" content=\"https:\/\/dolphinfix.com.tr\/eticaret\/urun\/s2k-160-yalitim\/\" \/>\n<meta property=\"og:site_name\" content=\"Dolphinfix\" \/>\n<meta property=\"article:modified_time\" content=\"2026-03-12T09:43:22+00:00\" \/>\n<meta property=\"og:image\" content=\"https:\/\/dolphinfix.com.tr\/eticaret\/wp-content\/uploads\/2024\/10\/160.png\" \/>\n\t<meta property=\"og:image:width\" content=\"1000\" \/>\n\t<meta property=\"og:image:height\" content=\"1000\" \/>\n\t<meta property=\"og:image:type\" content=\"image\/png\" \/>\n<meta name=\"twitter:card\" content=\"summary_large_image\" \/>\n<meta name=\"twitter:label1\" content=\"Tahmini okuma s\u00fcresi\" \/>\n\t<meta name=\"twitter:data1\" content=\"2 dakika\" \/>\n<script type=\"application\/ld+json\" class=\"yoast-schema-graph\">{\"@context\":\"https:\/\/schema.org\",\"@graph\":[{\"@type\":\"WebPage\",\"@id\":\"https:\/\/dolphinfix.com.tr\/eticaret\/urun\/s2k-160-yalitim\/\",\"url\":\"https:\/\/dolphinfix.com.tr\/eticaret\/urun\/s2k-160-yalitim\/\",\"name\":\"SUPER PLUS S2K 160 | Bit\u00fcm Kau\u00e7uk ve \u00c7imento Esasl\u0131 Su Yal\u0131t\u0131m\u0131\",\"isPartOf\":{\"@id\":\"https:\/\/dolphinfix.com.tr\/eticaret\/#website\"},\"datePublished\":\"2024-10-29T23:31:36+00:00\",\"dateModified\":\"2026-03-12T09:43:22+00:00\",\"description\":\"SUPER PLUS S2K 160, bit\u00fcm-kau\u00e7uk esasl\u0131, \u00e7ift bile\u015fenli ve antiroot \u00f6zellikli esnek su yal\u0131t\u0131m harc\u0131d\u0131r. Ye\u015fil teras, bodrum, perde duvar ve \u0131slak hacimlerde \u00fcst\u00fcn performans sa\u011flar.\",\"breadcrumb\":{\"@id\":\"https:\/\/dolphinfix.com.tr\/eticaret\/urun\/s2k-160-yalitim\/#breadcrumb\"},\"inLanguage\":\"tr\",\"potentialAction\":[{\"@type\":\"ReadAction\",\"target\":[\"https:\/\/dolphinfix.com.tr\/eticaret\/urun\/s2k-160-yalitim\/\"]}]},{\"@type\":\"BreadcrumbList\",\"@id\":\"https:\/\/dolphinfix.com.tr\/eticaret\/urun\/s2k-160-yalitim\/#breadcrumb\",\"itemListElement\":[{\"@type\":\"ListItem\",\"position\":1,\"name\":\"Home\",\"item\":\"https:\/\/dolphinfix.com.tr\/eticaret\/\"},{\"@type\":\"ListItem\",\"position\":2,\"name\":\"Market\",\"item\":\"https:\/\/dolphinfix.com.tr\/eticaret\/market\/\"},{\"@type\":\"ListItem\",\"position\":3,\"name\":\"S\u00dcPER PLUS S2K 160 &#8211; B\u0130T\u00dcM AKR\u0130L\u0130K \u00c7\u0130MENTO ESASLI SU YALITIMI\"}]},{\"@type\":\"WebSite\",\"@id\":\"https:\/\/dolphinfix.com.tr\/eticaret\/#website\",\"url\":\"https:\/\/dolphinfix.com.tr\/eticaret\/\",\"name\":\"Dolphinfix\",\"description\":\"\",\"potentialAction\":[{\"@type\":\"SearchAction\",\"target\":{\"@type\":\"EntryPoint\",\"urlTemplate\":\"https:\/\/dolphinfix.com.tr\/eticaret\/?s={search_term_string}\"},\"query-input\":\"required name=search_term_string\"}],\"inLanguage\":\"tr\"}]}<\/script>\n<!-- \/ Yoast SEO Premium plugin. -->","yoast_head_json":{"title":"SUPER PLUS S2K 160 | Bit\u00fcm Kau\u00e7uk ve \u00c7imento Esasl\u0131 Su Yal\u0131t\u0131m\u0131","description":"SUPER PLUS S2K 160, bit\u00fcm-kau\u00e7uk esasl\u0131, \u00e7ift bile\u015fenli ve antiroot \u00f6zellikli esnek su yal\u0131t\u0131m harc\u0131d\u0131r. Ye\u015fil teras, bodrum, perde duvar ve \u0131slak hacimlerde \u00fcst\u00fcn performans sa\u011flar.","robots":{"index":"index","follow":"follow","max-snippet":"max-snippet:-1","max-image-preview":"max-image-preview:large","max-video-preview":"max-video-preview:-1"},"canonical":"https:\/\/dolphinfix.com.tr\/eticaret\/urun\/s2k-160-yalitim\/","og_locale":"tr_TR","og_type":"article","og_title":"S\u00dcPER PLUS S2K 160 - B\u0130T\u00dcM AKR\u0130L\u0130K \u00c7\u0130MENTO ESASLI SU YALITIMI","og_description":"SUPER PLUS S2K 160, bit\u00fcm-kau\u00e7uk esasl\u0131, \u00e7ift bile\u015fenli ve antiroot \u00f6zellikli esnek su yal\u0131t\u0131m harc\u0131d\u0131r. Ye\u015fil teras, bodrum, perde duvar ve \u0131slak hacimlerde \u00fcst\u00fcn performans sa\u011flar.","og_url":"https:\/\/dolphinfix.com.tr\/eticaret\/urun\/s2k-160-yalitim\/","og_site_name":"Dolphinfix","article_modified_time":"2026-03-12T09:43:22+00:00","og_image":[{"width":1000,"height":1000,"url":"https:\/\/dolphinfix.com.tr\/eticaret\/wp-content\/uploads\/2024\/10\/160.png","type":"image\/png"}],"twitter_card":"summary_large_image","twitter_misc":{"Tahmini okuma s\u00fcresi":"2 dakika"},"schema":{"@context":"https:\/\/schema.org","@graph":[{"@type":"WebPage","@id":"https:\/\/dolphinfix.com.tr\/eticaret\/urun\/s2k-160-yalitim\/","url":"https:\/\/dolphinfix.com.tr\/eticaret\/urun\/s2k-160-yalitim\/","name":"SUPER PLUS S2K 160 | Bit\u00fcm Kau\u00e7uk ve \u00c7imento Esasl\u0131 Su Yal\u0131t\u0131m\u0131","isPartOf":{"@id":"https:\/\/dolphinfix.com.tr\/eticaret\/#website"},"datePublished":"2024-10-29T23:31:36+00:00","dateModified":"2026-03-12T09:43:22+00:00","description":"SUPER PLUS S2K 160, bit\u00fcm-kau\u00e7uk esasl\u0131, \u00e7ift bile\u015fenli ve antiroot \u00f6zellikli esnek su yal\u0131t\u0131m harc\u0131d\u0131r. Ye\u015fil teras, bodrum, perde duvar ve \u0131slak hacimlerde \u00fcst\u00fcn performans sa\u011flar.","breadcrumb":{"@id":"https:\/\/dolphinfix.com.tr\/eticaret\/urun\/s2k-160-yalitim\/#breadcrumb"},"inLanguage":"tr","potentialAction":[{"@type":"ReadAction","target":["https:\/\/dolphinfix.com.tr\/eticaret\/urun\/s2k-160-yalitim\/"]}]},{"@type":"BreadcrumbList","@id":"https:\/\/dolphinfix.com.tr\/eticaret\/urun\/s2k-160-yalitim\/#breadcrumb","itemListElement":[{"@type":"ListItem","position":1,"name":"Home","item":"https:\/\/dolphinfix.com.tr\/eticaret\/"},{"@type":"ListItem","position":2,"name":"Market","item":"https:\/\/dolphinfix.com.tr\/eticaret\/market\/"},{"@type":"ListItem","position":3,"name":"S\u00dcPER PLUS S2K 160 &#8211; B\u0130T\u00dcM AKR\u0130L\u0130K \u00c7\u0130MENTO ESASLI SU YALITIMI"}]},{"@type":"WebSite","@id":"https:\/\/dolphinfix.com.tr\/eticaret\/#website","url":"https:\/\/dolphinfix.com.tr\/eticaret\/","name":"Dolphinfix","description":"","potentialAction":[{"@type":"SearchAction","target":{"@type":"EntryPoint","urlTemplate":"https:\/\/dolphinfix.com.tr\/eticaret\/?s={search_term_string}"},"query-input":"required name=search_term_string"}],"inLanguage":"tr"}]}},"_links":{"self":[{"href":"https:\/\/dolphinfix.com.tr\/eticaret\/wp-json\/wp\/v2\/product\/16547","targetHints":{"allow":["GET"]}}],"collection":[{"href":"https:\/\/dolphinfix.com.tr\/eticaret\/wp-json\/wp\/v2\/product"}],"about":[{"href":"https:\/\/dolphinfix.com.tr\/eticaret\/wp-json\/wp\/v2\/types\/product"}],"replies":[{"embeddable":true,"href":"https:\/\/dolphinfix.com.tr\/eticaret\/wp-json\/wp\/v2\/comments?post=16547"}],"version-history":[{"count":12,"href":"https:\/\/dolphinfix.com.tr\/eticaret\/wp-json\/wp\/v2\/product\/16547\/revisions"}],"predecessor-version":[{"id":19440,"href":"https:\/\/dolphinfix.com.tr\/eticaret\/wp-json\/wp\/v2\/product\/16547\/revisions\/19440"}],"wp:featuredmedia":[{"embeddable":true,"href":"https:\/\/dolphinfix.com.tr\/eticaret\/wp-json\/wp\/v2\/media\/16549"}],"wp:attachment":[{"href":"https:\/\/dolphinfix.com.tr\/eticaret\/wp-json\/wp\/v2\/media?parent=16547"}],"wp:term":[{"taxonomy":"product_cat","embeddable":true,"href":"https:\/\/dolphinfix.com.tr\/eticaret\/wp-json\/wp\/v2\/product_cat?post=16547"},{"taxonomy":"product_tag","embeddable":true,"href":"https:\/\/dolphinfix.com.tr\/eticaret\/wp-json\/wp\/v2\/product_tag?post=16547"}],"curies":[{"name":"wp","href":"https:\/\/api.w.org\/{rel}","templated":true}]}}