{"id":16559,"date":"2024-10-30T02:59:59","date_gmt":"2024-10-29T23:59:59","guid":{"rendered":"https:\/\/dolphinfix.com.tr\/eticaret?post_type=product&#038;p=16559"},"modified":"2026-03-12T12:43:22","modified_gmt":"2026-03-12T09:43:22","slug":"btk-162-bitum-emulsiyon","status":"publish","type":"product","link":"https:\/\/dolphinfix.com.tr\/eticaret\/urun\/btk-162-bitum-emulsiyon\/","title":{"rendered":"B\u0130T\u00dcMKAT BKT 162 \u2013 B\u0130T\u00dcM AKR\u0130L\u0130K ESASLI ESNEK SU YALITIM MALZEMES\u0130"},"content":{"rendered":"<h3><span style=\"color: #c61016;\">\u00dcR\u00dcN B\u0130LG\u0130LER\u0130 ;<\/span><\/h3>\n<p><span style=\"color: #000000;\"><strong>TANIMI :<\/strong> BIT\u00dcMKAT \u2013 BTK 162, Tek bile\u015fenli, \u00f6zel polimerlerle modifiye edilerek m\u00fckemmel yap\u0131sma dayan\u0131m\u0131 kazand\u0131r\u0131lan, beton yap\u0131larda esnek bir kaplama olusturan kau\u00e7uk-bit\u00fcm emils\u00fcyondur.<\/span><\/p>\n<p><span style=\"color: #000000;\"><strong>KULLANIM ALANLARI;<\/strong><\/span><br \/>\n<span style=\"color: #000000;\">\u2022Y\u00fczey yenileme s\u0131ras\u0131nda ara kat su izolasyonu olarak,<\/span><br \/>\n<span style=\"color: #000000;\">\u2022Toprak alt\u0131nda kalacak y\u00fczeylerin nem ve rutubet engelleyen kaplama olarak,<\/span><br \/>\n<span style=\"color: #000000;\">\u2022Rutubet ve nemli y\u00fczeylerde,<\/span><br \/>\n<span style=\"color: #000000;\">\u2022Istinat duvarlar\u0131nda,<\/span><br \/>\n<span style=\"color: #000000;\">\u2022Temellerde ve tabliyelerde<\/span><\/p>\n<p><span style=\"color: #000000;\"><strong>\u00dcR\u00dcN \u00d6ZELL\u0130KLER\u0130 ;\u00a0<\/strong><\/span><br \/>\n<span style=\"color: #000000;\">\u2022BIT\u00dcMKAT \u2013 BTK 162 tek bilesenli ve su bazl\u0131d\u0131r,<\/span><br \/>\n<span style=\"color: #000000;\">\u2022D\u00fcseylerde sarkma yapmaz,<\/span><br \/>\n<span style=\"color: #000000;\">\u2022G\u00fc\u00e7l\u00fc yap\u0131\u015fma ve y\u00fcksek esnekli\u011fe sahiptir.<\/span><br \/>\n<span style=\"color: #000000;\">\u2022Rutubetli y\u00fczeylere m\u00fckemmel yap\u0131\u015fma saglar,<\/span><br \/>\n<span style=\"color: #000000;\">\u2022Y\u00fcksek ortam s\u0131cakl\u0131klar\u0131ndan etkilenmez,<\/span><br \/>\n<span style=\"color: #000000;\">\u2022Solvent i\u00e7ermez, \u00e7evre dostudur.<\/span><br \/>\n<span style=\"color: #000000;\">\u2022F\u0131r\u00e7a, mala ve havas\u0131z sprey tabancas\u0131 kullanmaya uygundur.<\/span><\/p>\n<p><span style=\"color: #000000;\"><strong>UYGULAMA Y\u00d6NTEM\u0130 :<\/strong> Y\u00fczey her t\u00fcrl\u00fc kir, ya\u011f ve gresten, zay\u0131f ve oynak par\u00e7ac\u0131klardan, \u00e7imento serbeti kal\u0131nt\u0131lar\u0131ndan ar\u0131nd\u0131r\u0131lmal\u0131d\u0131r. Uygulama yap\u0131lacak y\u00fczeyde \u00e7atlak ve oyuk varsa DOLPHIN TH tamir har\u00e7lar\u0131ndan uyun uygun olan\u0131 ile tamir yap\u0131larak 3 g\u00fcn sonra BIT\u00dcMKAT \u2013 BTK 162 uygulamas\u0131na ge\u00e7ilmelidir. Yal\u0131t\u0131m yap\u0131lacak y\u00fczey kuru olmal\u0131d\u0131r. Yaz\u0131n hafif\u00e7e nemlendirilebilir. Su birikintisi, g\u00f6llenme var ise giderilmelidir. Uygulama \u00f6ncesi dilitasyon varsa pah bantlar\u0131n\u0131 dilitasyon yap\u0131st\u0131r\u0131c\u0131s\u0131 kullanarak yap\u0131st\u0131r\u0131n. Mala, F\u0131r\u00e7a veya uygun bir p\u00fcsk\u00fcrtme ekipman\u0131 ile uygulamay\u0131 yapabilirsiniz.<\/span><\/p>\n<p><span style=\"color: #000000;\"><strong>D\u0130KKAT EDILMESI GEREKEN HUSUSLAR ;<\/strong><\/span><br \/>\n<span style=\"color: #000000;\">\u2022Yagmur yagarken uygulama yapmay\u0131n.<\/span><br \/>\n<span style=\"color: #000000;\">\u2022Direkt g\u00fcnes \u0131s\u0131g\u0131 alt\u0131nda uygulamay\u0131n.<\/span><br \/>\n<span style=\"color: #000000;\">\u2022Uygulamay\u0131 en az 2 kat halinde yap\u0131n\u0131z.<\/span><br \/>\n<span style=\"color: #000000;\">\u2022Yap\u0131sma problemi olabilecek bozuk y\u00fczeylerde mutlaka astar uygulamas\u0131 yap\u0131n\u0131z.<\/span><br \/>\n<span style=\"color: #000000;\">\u2022Emici ve yap\u0131sma problemi olabilecek bozuk y\u00fczeylerde ve s\u0131cak havalarda BIT\u00dcM ASTAR DBA 163 ile veya BIT\u00dcMKAT \u2013 BTK 162 1\/1 oran\u0131nda su ile incelterek astarlama yap\u0131lmal\u0131d\u0131r. Hen\u00fcz sertlesmemis yeni uygulamalar\u0131 yagmur, don vb. hava kosullar\u0131ndan koruyun. <\/span><\/p>\n<p><span style=\"color: #000000;\"><strong>AMBALAJ :<\/strong> 16 Kg Kova<\/span><\/p>\n<p><span style=\"color: #000000;\"><strong>RAF \u00d6MR\u00dc :<\/strong> Orijinal, hasar g\u00f6rmemis ve a\u00e7\u0131lmam\u0131s ambalaj\u0131nda \u00fcretim tarihi itibariyle 12 ay kullan\u0131labilir.<\/span><\/p>\n<p><span style=\"color: #000000;\"><strong>DEPOLAMA SARTLARI :<\/strong> +5 \u00b0C ve 35\u00b0C aral\u0131g\u0131nda muhafaza edilmelidir. Dondan, nemden ve direkt g\u00fcnes \u0131s\u0131ndan korunmal\u0131d\u0131r.<\/span><\/p>\n<p><span style=\"color: #000000;\"><em>\u00dcr\u00fcn Teknik \u00f6zellikleri ve di\u011fer bilgiler i\u00e7in tds belgesini indirmenizi rica ederiz.<\/em><\/span><\/p>\n","protected":false},"excerpt":{"rendered":"<p><span style=\"color: #000000;\"><a style=\"color: #000000;\" href=\"https:\/\/dolphinfix.com.tr\/eticaret\/wp-content\/uploads\/2025\/04\/BITUMKAT-162-BTK-TDS-2.pdf\" target=\"_blank\" rel=\"noopener\">TDS Belgesini \u0130ndirmek \u0130\u00e7in T\u0131klay\u0131n\u0131z<br \/>\n<\/a><\/span><span style=\"color: #000000;\"><a style=\"color: #000000;\" href=\"#\" target=\"_blank\" rel=\"noopener\">CE Belgesini \u0130ndirmek \u0130\u00e7in T\u0131klay\u0131n\u0131z<br \/>\n<\/a><\/span><\/p>\n","protected":false},"featured_media":17513,"comment_status":"open","ping_status":"closed","template":"","meta":{"_joinchat":[]},"product_cat":[100,83],"product_tag":[992,1030,1000,998,1005,1031,995,1004,788,997,996,1001,1002,662,999],"class_list":{"0":"post-16559","1":"product","2":"type-product","3":"status-publish","4":"has-post-thumbnail","6":"product_cat-bitum-ve-kaucuk-esasli-pozitif","7":"product_cat-su-yalitim-cozumleri","8":"product_tag-beton-su-izolasyonu","9":"product_tag-bitum-akrilik-esnek-su-yalitimi","10":"product_tag-catida-su-yalitim","11":"product_tag-dayanikli-su-yalitim","12":"product_tag-endustriyel-su-yalitim","13":"product_tag-esnek-su-yalitim-malzemesi","14":"product_tag-gri-su-yalitim-malzemesi","15":"product_tag-kolay-uygulanabilir-su-yalitim","16":"product_tag-profesyonel-uygulama","17":"product_tag-su-yalitim-kaplama","18":"product_tag-su-yalitim-membrani","19":"product_tag-teras-su-yalitim","20":"product_tag-uzun-omurlu-su-yalitim","21":"product_tag-yapi-malzemeleri","22":"product_tag-yuksek-performansli-su-yalitim","24":"first","25":"instock","26":"taxable","27":"shipping-taxable","28":"purchasable","29":"product-type-variable"},"yoast_head":"<!-- This site is optimized with the Yoast SEO Premium plugin v20.2.1 (Yoast SEO v20.2.1) - https:\/\/yoast.com\/wordpress\/plugins\/seo\/ -->\n<title>BIT\u00dcMKAT BTK 162 | Tek Bile\u015fenli Kau\u00e7uk Bit\u00fcm Em\u00fclsiyon Yal\u0131t\u0131m<\/title>\n<meta name=\"description\" content=\"BIT\u00dcMKAT BTK 162, su bazl\u0131, tek bile\u015fenli kau\u00e7uk-bit\u00fcm em\u00fclsiyon su yal\u0131t\u0131m\u0131d\u0131r. Temel, istinat duvar\u0131 ve toprak alt\u0131 y\u00fczeylerde rutubet ve neme kar\u015f\u0131 esnek koruma sa\u011flar.\" \/>\n<meta name=\"robots\" content=\"index, follow, max-snippet:-1, max-image-preview:large, max-video-preview:-1\" \/>\n<link rel=\"canonical\" href=\"https:\/\/dolphinfix.com.tr\/eticaret\/urun\/btk-162-bitum-emulsiyon\/\" \/>\n<meta property=\"og:locale\" content=\"tr_TR\" \/>\n<meta property=\"og:type\" content=\"article\" \/>\n<meta property=\"og:title\" content=\"B\u0130T\u00dcMKAT BKT 162 \u2013 B\u0130T\u00dcM AKR\u0130L\u0130K ESASLI ESNEK SU YALITIM MALZEMES\u0130\" \/>\n<meta property=\"og:description\" content=\"BIT\u00dcMKAT BTK 162, su bazl\u0131, tek bile\u015fenli kau\u00e7uk-bit\u00fcm em\u00fclsiyon su yal\u0131t\u0131m\u0131d\u0131r. Temel, istinat duvar\u0131 ve toprak alt\u0131 y\u00fczeylerde rutubet ve neme kar\u015f\u0131 esnek koruma sa\u011flar.\" \/>\n<meta property=\"og:url\" content=\"https:\/\/dolphinfix.com.tr\/eticaret\/urun\/btk-162-bitum-emulsiyon\/\" \/>\n<meta property=\"og:site_name\" content=\"Dolphinfix\" \/>\n<meta property=\"article:modified_time\" content=\"2026-03-12T09:43:22+00:00\" \/>\n<meta property=\"og:image\" content=\"https:\/\/dolphinfix.com.tr\/eticaret\/wp-content\/uploads\/2024\/10\/160-1000x1000-1.png\" \/>\n\t<meta property=\"og:image:width\" content=\"1000\" \/>\n\t<meta property=\"og:image:height\" content=\"1000\" \/>\n\t<meta property=\"og:image:type\" content=\"image\/png\" \/>\n<meta name=\"twitter:card\" content=\"summary_large_image\" \/>\n<meta name=\"twitter:label1\" content=\"Tahmini okuma s\u00fcresi\" \/>\n\t<meta name=\"twitter:data1\" content=\"2 dakika\" \/>\n<script type=\"application\/ld+json\" class=\"yoast-schema-graph\">{\"@context\":\"https:\/\/schema.org\",\"@graph\":[{\"@type\":\"WebPage\",\"@id\":\"https:\/\/dolphinfix.com.tr\/eticaret\/urun\/btk-162-bitum-emulsiyon\/\",\"url\":\"https:\/\/dolphinfix.com.tr\/eticaret\/urun\/btk-162-bitum-emulsiyon\/\",\"name\":\"BIT\u00dcMKAT BTK 162 | Tek Bile\u015fenli Kau\u00e7uk Bit\u00fcm Em\u00fclsiyon Yal\u0131t\u0131m\",\"isPartOf\":{\"@id\":\"https:\/\/dolphinfix.com.tr\/eticaret\/#website\"},\"datePublished\":\"2024-10-29T23:59:59+00:00\",\"dateModified\":\"2026-03-12T09:43:22+00:00\",\"description\":\"BIT\u00dcMKAT BTK 162, su bazl\u0131, tek bile\u015fenli kau\u00e7uk-bit\u00fcm em\u00fclsiyon su yal\u0131t\u0131m\u0131d\u0131r. Temel, istinat duvar\u0131 ve toprak alt\u0131 y\u00fczeylerde rutubet ve neme kar\u015f\u0131 esnek koruma sa\u011flar.\",\"breadcrumb\":{\"@id\":\"https:\/\/dolphinfix.com.tr\/eticaret\/urun\/btk-162-bitum-emulsiyon\/#breadcrumb\"},\"inLanguage\":\"tr\",\"potentialAction\":[{\"@type\":\"ReadAction\",\"target\":[\"https:\/\/dolphinfix.com.tr\/eticaret\/urun\/btk-162-bitum-emulsiyon\/\"]}]},{\"@type\":\"BreadcrumbList\",\"@id\":\"https:\/\/dolphinfix.com.tr\/eticaret\/urun\/btk-162-bitum-emulsiyon\/#breadcrumb\",\"itemListElement\":[{\"@type\":\"ListItem\",\"position\":1,\"name\":\"Home\",\"item\":\"https:\/\/dolphinfix.com.tr\/eticaret\/\"},{\"@type\":\"ListItem\",\"position\":2,\"name\":\"Market\",\"item\":\"https:\/\/dolphinfix.com.tr\/eticaret\/market\/\"},{\"@type\":\"ListItem\",\"position\":3,\"name\":\"B\u0130T\u00dcMKAT BKT 162 \u2013 B\u0130T\u00dcM AKR\u0130L\u0130K ESASLI ESNEK SU YALITIM MALZEMES\u0130\"}]},{\"@type\":\"WebSite\",\"@id\":\"https:\/\/dolphinfix.com.tr\/eticaret\/#website\",\"url\":\"https:\/\/dolphinfix.com.tr\/eticaret\/\",\"name\":\"Dolphinfix\",\"description\":\"\",\"potentialAction\":[{\"@type\":\"SearchAction\",\"target\":{\"@type\":\"EntryPoint\",\"urlTemplate\":\"https:\/\/dolphinfix.com.tr\/eticaret\/?s={search_term_string}\"},\"query-input\":\"required name=search_term_string\"}],\"inLanguage\":\"tr\"}]}<\/script>\n<!-- \/ Yoast SEO Premium plugin. -->","yoast_head_json":{"title":"BIT\u00dcMKAT BTK 162 | Tek Bile\u015fenli Kau\u00e7uk Bit\u00fcm Em\u00fclsiyon Yal\u0131t\u0131m","description":"BIT\u00dcMKAT BTK 162, su bazl\u0131, tek bile\u015fenli kau\u00e7uk-bit\u00fcm em\u00fclsiyon su yal\u0131t\u0131m\u0131d\u0131r. Temel, istinat duvar\u0131 ve toprak alt\u0131 y\u00fczeylerde rutubet ve neme kar\u015f\u0131 esnek koruma sa\u011flar.","robots":{"index":"index","follow":"follow","max-snippet":"max-snippet:-1","max-image-preview":"max-image-preview:large","max-video-preview":"max-video-preview:-1"},"canonical":"https:\/\/dolphinfix.com.tr\/eticaret\/urun\/btk-162-bitum-emulsiyon\/","og_locale":"tr_TR","og_type":"article","og_title":"B\u0130T\u00dcMKAT BKT 162 \u2013 B\u0130T\u00dcM AKR\u0130L\u0130K ESASLI ESNEK SU YALITIM MALZEMES\u0130","og_description":"BIT\u00dcMKAT BTK 162, su bazl\u0131, tek bile\u015fenli kau\u00e7uk-bit\u00fcm em\u00fclsiyon su yal\u0131t\u0131m\u0131d\u0131r. Temel, istinat duvar\u0131 ve toprak alt\u0131 y\u00fczeylerde rutubet ve neme kar\u015f\u0131 esnek koruma sa\u011flar.","og_url":"https:\/\/dolphinfix.com.tr\/eticaret\/urun\/btk-162-bitum-emulsiyon\/","og_site_name":"Dolphinfix","article_modified_time":"2026-03-12T09:43:22+00:00","og_image":[{"width":1000,"height":1000,"url":"https:\/\/dolphinfix.com.tr\/eticaret\/wp-content\/uploads\/2024\/10\/160-1000x1000-1.png","type":"image\/png"}],"twitter_card":"summary_large_image","twitter_misc":{"Tahmini okuma s\u00fcresi":"2 dakika"},"schema":{"@context":"https:\/\/schema.org","@graph":[{"@type":"WebPage","@id":"https:\/\/dolphinfix.com.tr\/eticaret\/urun\/btk-162-bitum-emulsiyon\/","url":"https:\/\/dolphinfix.com.tr\/eticaret\/urun\/btk-162-bitum-emulsiyon\/","name":"BIT\u00dcMKAT BTK 162 | Tek Bile\u015fenli Kau\u00e7uk Bit\u00fcm Em\u00fclsiyon Yal\u0131t\u0131m","isPartOf":{"@id":"https:\/\/dolphinfix.com.tr\/eticaret\/#website"},"datePublished":"2024-10-29T23:59:59+00:00","dateModified":"2026-03-12T09:43:22+00:00","description":"BIT\u00dcMKAT BTK 162, su bazl\u0131, tek bile\u015fenli kau\u00e7uk-bit\u00fcm em\u00fclsiyon su yal\u0131t\u0131m\u0131d\u0131r. Temel, istinat duvar\u0131 ve toprak alt\u0131 y\u00fczeylerde rutubet ve neme kar\u015f\u0131 esnek koruma sa\u011flar.","breadcrumb":{"@id":"https:\/\/dolphinfix.com.tr\/eticaret\/urun\/btk-162-bitum-emulsiyon\/#breadcrumb"},"inLanguage":"tr","potentialAction":[{"@type":"ReadAction","target":["https:\/\/dolphinfix.com.tr\/eticaret\/urun\/btk-162-bitum-emulsiyon\/"]}]},{"@type":"BreadcrumbList","@id":"https:\/\/dolphinfix.com.tr\/eticaret\/urun\/btk-162-bitum-emulsiyon\/#breadcrumb","itemListElement":[{"@type":"ListItem","position":1,"name":"Home","item":"https:\/\/dolphinfix.com.tr\/eticaret\/"},{"@type":"ListItem","position":2,"name":"Market","item":"https:\/\/dolphinfix.com.tr\/eticaret\/market\/"},{"@type":"ListItem","position":3,"name":"B\u0130T\u00dcMKAT BKT 162 \u2013 B\u0130T\u00dcM AKR\u0130L\u0130K ESASLI ESNEK SU YALITIM MALZEMES\u0130"}]},{"@type":"WebSite","@id":"https:\/\/dolphinfix.com.tr\/eticaret\/#website","url":"https:\/\/dolphinfix.com.tr\/eticaret\/","name":"Dolphinfix","description":"","potentialAction":[{"@type":"SearchAction","target":{"@type":"EntryPoint","urlTemplate":"https:\/\/dolphinfix.com.tr\/eticaret\/?s={search_term_string}"},"query-input":"required name=search_term_string"}],"inLanguage":"tr"}]}},"_links":{"self":[{"href":"https:\/\/dolphinfix.com.tr\/eticaret\/wp-json\/wp\/v2\/product\/16559","targetHints":{"allow":["GET"]}}],"collection":[{"href":"https:\/\/dolphinfix.com.tr\/eticaret\/wp-json\/wp\/v2\/product"}],"about":[{"href":"https:\/\/dolphinfix.com.tr\/eticaret\/wp-json\/wp\/v2\/types\/product"}],"replies":[{"embeddable":true,"href":"https:\/\/dolphinfix.com.tr\/eticaret\/wp-json\/wp\/v2\/comments?post=16559"}],"version-history":[{"count":11,"href":"https:\/\/dolphinfix.com.tr\/eticaret\/wp-json\/wp\/v2\/product\/16559\/revisions"}],"predecessor-version":[{"id":19262,"href":"https:\/\/dolphinfix.com.tr\/eticaret\/wp-json\/wp\/v2\/product\/16559\/revisions\/19262"}],"wp:featuredmedia":[{"embeddable":true,"href":"https:\/\/dolphinfix.com.tr\/eticaret\/wp-json\/wp\/v2\/media\/17513"}],"wp:attachment":[{"href":"https:\/\/dolphinfix.com.tr\/eticaret\/wp-json\/wp\/v2\/media?parent=16559"}],"wp:term":[{"taxonomy":"product_cat","embeddable":true,"href":"https:\/\/dolphinfix.com.tr\/eticaret\/wp-json\/wp\/v2\/product_cat?post=16559"},{"taxonomy":"product_tag","embeddable":true,"href":"https:\/\/dolphinfix.com.tr\/eticaret\/wp-json\/wp\/v2\/product_tag?post=16559"}],"curies":[{"name":"wp","href":"https:\/\/api.w.org\/{rel}","templated":true}]}}