{"id":16565,"date":"2024-10-30T14:30:13","date_gmt":"2024-10-30T11:30:13","guid":{"rendered":"https:\/\/dolphinfix.com.tr\/eticaret?post_type=product&#038;p=16565"},"modified":"2026-03-12T12:43:22","modified_gmt":"2026-03-12T09:43:22","slug":"dba-163-bitum-astar","status":"publish","type":"product","link":"https:\/\/dolphinfix.com.tr\/eticaret\/urun\/dba-163-bitum-astar\/","title":{"rendered":"B\u0130T\u00dcM ASTAR DBA 163 \u2013 POL\u0130MER MOD\u0130F\u0130YE B\u0130T\u00dcM ASTAR"},"content":{"rendered":"<h3><span style=\"color: #c61016;\">\u00dcR\u00dcN B\u0130LG\u0130LER\u0130 ;<\/span><\/h3>\n<p><span style=\"color: #000000;\"><strong>TANIMI :<\/strong> BIT\u00dcM ASTAR \u2013 DBA 163, Tek bilesenli, su yal\u0131t\u0131m islerinde astar olarak kullan\u0131lan kau\u00e7uk-bit\u00fcm em\u00fcls\u00fcyondur.<\/span><\/p>\n<p><strong><span style=\"color: #000000;\">KULLANIM ALANLARI;<\/span><\/strong><br \/>\n<span style=\"color: #000000;\">\u2022Her marka ve her t\u00fcrl\u00fc bit\u00fcml\u00fc su yal\u0131t\u0131m uygulamalar\u0131nda astar olarak kullan\u0131l\u0131r,<\/span><br \/>\n<span style=\"color: #000000;\">\u2022S\u0131cak bit\u00fcmle parke yap\u0131st\u0131rmalar\u0131nda astar olarak kullan\u0131l\u0131r.<\/span><br \/>\n<span style=\"color: #000000;\">\u2022Toprak saks\u0131larda su yal\u0131t\u0131m\u0131 i\u00e7in kullan\u0131labilir,<\/span><br \/>\n<span style=\"color: #000000;\">\u2022Kuru ve g\u00f6zenekli su emiciligi y\u00fcksek y\u00fczeylerin astarlanmas\u0131 i\u00e7in idealdir. <\/span><\/p>\n<p><strong><span style=\"color: #000000;\">\u00dcR\u00dcN \u00d6ZELL\u0130KLER\u0130;<\/span><\/strong><br \/>\n<span style=\"color: #000000;\">\u2022Tek bilesenli ve su bazl\u0131d\u0131r.<\/span><br \/>\n<span style=\"color: #000000;\">\u2022Solvent i\u00e7ermez, \u00e7evre dostudur.<\/span><br \/>\n<span style=\"color: #000000;\">\u2022F\u0131r\u00e7a, mala ve havas\u0131z sprey tabancas\u0131 kullanmaya uygundur.<\/span><\/p>\n<p><span style=\"color: #000000;\"><strong>UYGULAMA Y\u00d6NTEM\u0130 :<\/strong> Y\u00fczey her t\u00fcrl\u00fc kir, yag ve gresten, zay\u0131f ve oynak par\u00e7ac\u0131klardan, \u00e7imento serbeti kal\u0131nt\u0131lar\u0131ndan ar\u0131nd\u0131r\u0131lmal\u0131d\u0131r. Uygulama yap\u0131lacak y\u00fczeyde \u00e7atlak ve oyuk varsa DOLPHIN TH tamir har\u00e7lar\u0131ndan uyun uygun olan\u0131 ile tamir yap\u0131larak 3 g\u00fcn sonra BIT\u00dcM ASTAR \u2013 DBA 163 uygulamas\u0131na ge\u00e7ilmelidir. Mala, F\u0131r\u00e7a veya uygun bir p\u00fcsk\u00fcrtme ekipman\u0131 ile uygulamay\u0131 yapabilirsiniz.<\/span><\/p>\n<p><strong><span style=\"color: #000000;\">DIKKAT EDILMESI GEREKEN HUSUSLAR;<\/span><\/strong><br \/>\n<span style=\"color: #000000;\">\u2022Yagmur yagarken uygulama yapmay\u0131n.<\/span><br \/>\n<span style=\"color: #000000;\">\u2022Direkt g\u00fcnes \u0131s\u0131g\u0131 alt\u0131nda uygulamay\u0131n.<\/span><br \/>\n<span style=\"color: #000000;\">\u2022Uygulamay\u0131 en az 2 kat halinde yap\u0131n\u0131z.<\/span><br \/>\n<span style=\"color: #000000;\">\u2022Yap\u0131sma problemi olabilecek bozuk y\u00fczeylerde mutlaka astar uygulamas\u0131 yap\u0131n\u0131z.<\/span><br \/>\n<span style=\"color: #000000;\">\u2022Hen\u00fcz sertlesmemis yeni uygulamalar\u0131 yagmur, don vb. hava kosullar\u0131ndan koruyun.<\/span><\/p>\n<p><span style=\"color: #000000;\"><strong>AMBALAJ :<\/strong> 16 Kg Kova<\/span><\/p>\n<p><span style=\"color: #000000;\"><strong>SARF\u0130YAT :<\/strong> 100-150 gr\/m\u00b2<\/span><\/p>\n<p><span style=\"color: #000000;\"><strong>RAF \u00d6MR\u00dc :<\/strong> Orijinal, hasar g\u00f6rmemis ve a\u00e7\u0131lmam\u0131s ambalaj\u0131nda\u00a0 \u00fcretim tarihi itibariyle 12 ay kullan\u0131labilir.<\/span><\/p>\n<p><span style=\"color: #000000;\"><strong>DEPOLAMA SARTLARI :<\/strong> +5 \u00b0C ve 35\u00b0C aral\u0131g\u0131nda muhafaza edilmelidir. Dondan, nemden ve direkt g\u00fcnes \u0131s\u0131ndan korunmal\u0131d\u0131r.<\/span><\/p>\n<p><span style=\"color: #000000;\"><em>\u00dcr\u00fcn Teknik \u00f6zellikleri ve di\u011fer bilgiler i\u00e7in tds belgesini indirmenizi rica ederiz.<\/em><\/span><\/p>\n","protected":false},"excerpt":{"rendered":"<p><span style=\"color: #000000;\"><a style=\"color: #000000;\" href=\"https:\/\/dolphinfix.com.tr\/eticaret\/wp-content\/uploads\/2025\/04\/BITUM-ASTAR-163-DBA-TDS-1.pdf\" target=\"_blank\" rel=\"noopener\">TDS Belgesini \u0130ndirmek \u0130\u00e7in T\u0131klay\u0131n\u0131z<br \/>\n<\/a><\/span><span style=\"color: #000000;\"><a style=\"color: #000000;\" href=\"#\" target=\"_blank\" rel=\"noopener\">CE Belgesini \u0130ndirmek \u0130\u00e7in T\u0131klay\u0131n\u0131z<\/a><\/span><\/p>\n","protected":false},"featured_media":17470,"comment_status":"open","ping_status":"closed","template":"","meta":{"_joinchat":[]},"product_cat":[100,83],"product_tag":[772,1032,1034,774,675,778,1033,788,840,1035,777,662,780,863,771],"class_list":{"0":"post-16565","1":"product","2":"type-product","3":"status-publish","4":"has-post-thumbnail","6":"product_cat-bitum-ve-kaucuk-esasli-pozitif","7":"product_cat-su-yalitim-cozumleri","8":"product_tag-beton-astari","9":"product_tag-bitum-astar","10":"product_tag-catida-astar","11":"product_tag-dayanikli-astar","12":"product_tag-insaat-malzemesi","13":"product_tag-kolay-uygulanabilir-astar","14":"product_tag-polimer-modifiye-bitum-astar","15":"product_tag-profesyonel-uygulama","16":"product_tag-su-yalitim-astari","17":"product_tag-teras-astari","18":"product_tag-uzun-omurlu-astar","19":"product_tag-yapi-malzemeleri","20":"product_tag-yuksek-performansli-astar","21":"product_tag-yuzey-hazirlik-astari","22":"product_tag-zemin-astari","24":"first","25":"instock","26":"taxable","27":"shipping-taxable","28":"purchasable","29":"product-type-variable"},"yoast_head":"<!-- This site is optimized with the Yoast SEO Premium plugin v20.2.1 (Yoast SEO v20.2.1) - https:\/\/yoast.com\/wordpress\/plugins\/seo\/ -->\n<title>BIT\u00dcM ASTAR DBA 163 | Su Bazl\u0131 Kau\u00e7uk Bit\u00fcm Astar<\/title>\n<meta name=\"description\" content=\"BIT\u00dcM ASTAR DBA 163, su bazl\u0131 ve tek bile\u015fenli kau\u00e7uk-bit\u00fcm em\u00fclsiyon astard\u0131r. Bit\u00fcml\u00fc su yal\u0131t\u0131m uygulamalar\u0131 \u00f6ncesi y\u00fczey aderans\u0131n\u0131 art\u0131r\u0131r ve emici y\u00fczeyleri haz\u0131rlar.\" \/>\n<meta name=\"robots\" content=\"index, follow, max-snippet:-1, max-image-preview:large, max-video-preview:-1\" \/>\n<link rel=\"canonical\" href=\"https:\/\/dolphinfix.com.tr\/eticaret\/urun\/dba-163-bitum-astar\/\" \/>\n<meta property=\"og:locale\" content=\"tr_TR\" \/>\n<meta property=\"og:type\" content=\"article\" \/>\n<meta property=\"og:title\" content=\"B\u0130T\u00dcM ASTAR DBA 163 \u2013 POL\u0130MER MOD\u0130F\u0130YE B\u0130T\u00dcM ASTAR\" \/>\n<meta property=\"og:description\" content=\"BIT\u00dcM ASTAR DBA 163, su bazl\u0131 ve tek bile\u015fenli kau\u00e7uk-bit\u00fcm em\u00fclsiyon astard\u0131r. Bit\u00fcml\u00fc su yal\u0131t\u0131m uygulamalar\u0131 \u00f6ncesi y\u00fczey aderans\u0131n\u0131 art\u0131r\u0131r ve emici y\u00fczeyleri haz\u0131rlar.\" \/>\n<meta property=\"og:url\" content=\"https:\/\/dolphinfix.com.tr\/eticaret\/urun\/dba-163-bitum-astar\/\" \/>\n<meta property=\"og:site_name\" content=\"Dolphinfix\" \/>\n<meta property=\"article:modified_time\" content=\"2026-03-12T09:43:22+00:00\" \/>\n<meta property=\"og:image\" content=\"https:\/\/dolphinfix.com.tr\/eticaret\/wp-content\/uploads\/2024\/10\/163.png\" \/>\n\t<meta property=\"og:image:width\" content=\"1000\" \/>\n\t<meta property=\"og:image:height\" content=\"1000\" \/>\n\t<meta property=\"og:image:type\" content=\"image\/png\" \/>\n<meta name=\"twitter:card\" content=\"summary_large_image\" \/>\n<meta name=\"twitter:label1\" content=\"Tahmini okuma s\u00fcresi\" \/>\n\t<meta name=\"twitter:data1\" content=\"2 dakika\" \/>\n<script type=\"application\/ld+json\" class=\"yoast-schema-graph\">{\"@context\":\"https:\/\/schema.org\",\"@graph\":[{\"@type\":\"WebPage\",\"@id\":\"https:\/\/dolphinfix.com.tr\/eticaret\/urun\/dba-163-bitum-astar\/\",\"url\":\"https:\/\/dolphinfix.com.tr\/eticaret\/urun\/dba-163-bitum-astar\/\",\"name\":\"BIT\u00dcM ASTAR DBA 163 | Su Bazl\u0131 Kau\u00e7uk Bit\u00fcm Astar\",\"isPartOf\":{\"@id\":\"https:\/\/dolphinfix.com.tr\/eticaret\/#website\"},\"datePublished\":\"2024-10-30T11:30:13+00:00\",\"dateModified\":\"2026-03-12T09:43:22+00:00\",\"description\":\"BIT\u00dcM ASTAR DBA 163, su bazl\u0131 ve tek bile\u015fenli kau\u00e7uk-bit\u00fcm em\u00fclsiyon astard\u0131r. Bit\u00fcml\u00fc su yal\u0131t\u0131m uygulamalar\u0131 \u00f6ncesi y\u00fczey aderans\u0131n\u0131 art\u0131r\u0131r ve emici y\u00fczeyleri haz\u0131rlar.\",\"breadcrumb\":{\"@id\":\"https:\/\/dolphinfix.com.tr\/eticaret\/urun\/dba-163-bitum-astar\/#breadcrumb\"},\"inLanguage\":\"tr\",\"potentialAction\":[{\"@type\":\"ReadAction\",\"target\":[\"https:\/\/dolphinfix.com.tr\/eticaret\/urun\/dba-163-bitum-astar\/\"]}]},{\"@type\":\"BreadcrumbList\",\"@id\":\"https:\/\/dolphinfix.com.tr\/eticaret\/urun\/dba-163-bitum-astar\/#breadcrumb\",\"itemListElement\":[{\"@type\":\"ListItem\",\"position\":1,\"name\":\"Home\",\"item\":\"https:\/\/dolphinfix.com.tr\/eticaret\/\"},{\"@type\":\"ListItem\",\"position\":2,\"name\":\"Market\",\"item\":\"https:\/\/dolphinfix.com.tr\/eticaret\/market\/\"},{\"@type\":\"ListItem\",\"position\":3,\"name\":\"B\u0130T\u00dcM ASTAR DBA 163 \u2013 POL\u0130MER MOD\u0130F\u0130YE B\u0130T\u00dcM ASTAR\"}]},{\"@type\":\"WebSite\",\"@id\":\"https:\/\/dolphinfix.com.tr\/eticaret\/#website\",\"url\":\"https:\/\/dolphinfix.com.tr\/eticaret\/\",\"name\":\"Dolphinfix\",\"description\":\"\",\"potentialAction\":[{\"@type\":\"SearchAction\",\"target\":{\"@type\":\"EntryPoint\",\"urlTemplate\":\"https:\/\/dolphinfix.com.tr\/eticaret\/?s={search_term_string}\"},\"query-input\":\"required name=search_term_string\"}],\"inLanguage\":\"tr\"}]}<\/script>\n<!-- \/ Yoast SEO Premium plugin. -->","yoast_head_json":{"title":"BIT\u00dcM ASTAR DBA 163 | Su Bazl\u0131 Kau\u00e7uk Bit\u00fcm Astar","description":"BIT\u00dcM ASTAR DBA 163, su bazl\u0131 ve tek bile\u015fenli kau\u00e7uk-bit\u00fcm em\u00fclsiyon astard\u0131r. Bit\u00fcml\u00fc su yal\u0131t\u0131m uygulamalar\u0131 \u00f6ncesi y\u00fczey aderans\u0131n\u0131 art\u0131r\u0131r ve emici y\u00fczeyleri haz\u0131rlar.","robots":{"index":"index","follow":"follow","max-snippet":"max-snippet:-1","max-image-preview":"max-image-preview:large","max-video-preview":"max-video-preview:-1"},"canonical":"https:\/\/dolphinfix.com.tr\/eticaret\/urun\/dba-163-bitum-astar\/","og_locale":"tr_TR","og_type":"article","og_title":"B\u0130T\u00dcM ASTAR DBA 163 \u2013 POL\u0130MER MOD\u0130F\u0130YE B\u0130T\u00dcM ASTAR","og_description":"BIT\u00dcM ASTAR DBA 163, su bazl\u0131 ve tek bile\u015fenli kau\u00e7uk-bit\u00fcm em\u00fclsiyon astard\u0131r. Bit\u00fcml\u00fc su yal\u0131t\u0131m uygulamalar\u0131 \u00f6ncesi y\u00fczey aderans\u0131n\u0131 art\u0131r\u0131r ve emici y\u00fczeyleri haz\u0131rlar.","og_url":"https:\/\/dolphinfix.com.tr\/eticaret\/urun\/dba-163-bitum-astar\/","og_site_name":"Dolphinfix","article_modified_time":"2026-03-12T09:43:22+00:00","og_image":[{"width":1000,"height":1000,"url":"https:\/\/dolphinfix.com.tr\/eticaret\/wp-content\/uploads\/2024\/10\/163.png","type":"image\/png"}],"twitter_card":"summary_large_image","twitter_misc":{"Tahmini okuma s\u00fcresi":"2 dakika"},"schema":{"@context":"https:\/\/schema.org","@graph":[{"@type":"WebPage","@id":"https:\/\/dolphinfix.com.tr\/eticaret\/urun\/dba-163-bitum-astar\/","url":"https:\/\/dolphinfix.com.tr\/eticaret\/urun\/dba-163-bitum-astar\/","name":"BIT\u00dcM ASTAR DBA 163 | Su Bazl\u0131 Kau\u00e7uk Bit\u00fcm Astar","isPartOf":{"@id":"https:\/\/dolphinfix.com.tr\/eticaret\/#website"},"datePublished":"2024-10-30T11:30:13+00:00","dateModified":"2026-03-12T09:43:22+00:00","description":"BIT\u00dcM ASTAR DBA 163, su bazl\u0131 ve tek bile\u015fenli kau\u00e7uk-bit\u00fcm em\u00fclsiyon astard\u0131r. Bit\u00fcml\u00fc su yal\u0131t\u0131m uygulamalar\u0131 \u00f6ncesi y\u00fczey aderans\u0131n\u0131 art\u0131r\u0131r ve emici y\u00fczeyleri haz\u0131rlar.","breadcrumb":{"@id":"https:\/\/dolphinfix.com.tr\/eticaret\/urun\/dba-163-bitum-astar\/#breadcrumb"},"inLanguage":"tr","potentialAction":[{"@type":"ReadAction","target":["https:\/\/dolphinfix.com.tr\/eticaret\/urun\/dba-163-bitum-astar\/"]}]},{"@type":"BreadcrumbList","@id":"https:\/\/dolphinfix.com.tr\/eticaret\/urun\/dba-163-bitum-astar\/#breadcrumb","itemListElement":[{"@type":"ListItem","position":1,"name":"Home","item":"https:\/\/dolphinfix.com.tr\/eticaret\/"},{"@type":"ListItem","position":2,"name":"Market","item":"https:\/\/dolphinfix.com.tr\/eticaret\/market\/"},{"@type":"ListItem","position":3,"name":"B\u0130T\u00dcM ASTAR DBA 163 \u2013 POL\u0130MER MOD\u0130F\u0130YE B\u0130T\u00dcM ASTAR"}]},{"@type":"WebSite","@id":"https:\/\/dolphinfix.com.tr\/eticaret\/#website","url":"https:\/\/dolphinfix.com.tr\/eticaret\/","name":"Dolphinfix","description":"","potentialAction":[{"@type":"SearchAction","target":{"@type":"EntryPoint","urlTemplate":"https:\/\/dolphinfix.com.tr\/eticaret\/?s={search_term_string}"},"query-input":"required name=search_term_string"}],"inLanguage":"tr"}]}},"_links":{"self":[{"href":"https:\/\/dolphinfix.com.tr\/eticaret\/wp-json\/wp\/v2\/product\/16565","targetHints":{"allow":["GET"]}}],"collection":[{"href":"https:\/\/dolphinfix.com.tr\/eticaret\/wp-json\/wp\/v2\/product"}],"about":[{"href":"https:\/\/dolphinfix.com.tr\/eticaret\/wp-json\/wp\/v2\/types\/product"}],"replies":[{"embeddable":true,"href":"https:\/\/dolphinfix.com.tr\/eticaret\/wp-json\/wp\/v2\/comments?post=16565"}],"version-history":[{"count":14,"href":"https:\/\/dolphinfix.com.tr\/eticaret\/wp-json\/wp\/v2\/product\/16565\/revisions"}],"predecessor-version":[{"id":19258,"href":"https:\/\/dolphinfix.com.tr\/eticaret\/wp-json\/wp\/v2\/product\/16565\/revisions\/19258"}],"wp:featuredmedia":[{"embeddable":true,"href":"https:\/\/dolphinfix.com.tr\/eticaret\/wp-json\/wp\/v2\/media\/17470"}],"wp:attachment":[{"href":"https:\/\/dolphinfix.com.tr\/eticaret\/wp-json\/wp\/v2\/media?parent=16565"}],"wp:term":[{"taxonomy":"product_cat","embeddable":true,"href":"https:\/\/dolphinfix.com.tr\/eticaret\/wp-json\/wp\/v2\/product_cat?post=16565"},{"taxonomy":"product_tag","embeddable":true,"href":"https:\/\/dolphinfix.com.tr\/eticaret\/wp-json\/wp\/v2\/product_tag?post=16565"}],"curies":[{"name":"wp","href":"https:\/\/api.w.org\/{rel}","templated":true}]}}